{"id":8181,"date":"2019-03-01T12:01:40","date_gmt":"2019-03-01T12:01:40","guid":{"rendered":"https:\/\/dohiku.eu\/shop\/nezaraden\u00e9\/hdn-302-16-spr\/"},"modified":"2025-10-28T08:52:18","modified_gmt":"2025-10-28T08:52:18","slug":"hdn-302-16-spr","status":"publish","type":"product","link":"https:\/\/dohiku.eu\/sk\/shop\/haciky\/muskarske-haciky-dohiku-bez-protihrotu\/dohiku-hdj-flies-jig-sk\/dohiku-hdn-302-spr-wet-flies-sk\/hdn-302-16-spr\/","title":{"rendered":"HDN 302\/16 SPR Racing"},"content":{"rendered":"<p>&#8222;Jigov\u00fd a mokr\u00fd h\u00e1\u010dik, HDN 302\/ ve\u013ekos\u0165 \u010d.16 SPR,\u00a0s\u00fa vyroben\u00e9 z \u00a0jemnej\u0161ieho, ten\u0161ieho dr\u00f4tu.\u00a0S\u00fa vhodn\u00e9 pre men\u0161ie ryby:\u00a0Samozrejme, mus\u00edte pou\u017ei\u0165 jemnej\u0161\u00ed pr\u00fat, fluorocarbon alebo nylon, at\u010f. Odpor\u00fa\u010dame ich nie len pre pretek\u00e1rov. Odpor\u00fa\u010dame nielen pre Jigi, ale aj pre such\u00e9 mu\u0161ky, &#8222;&#8220;para\u0161utky&#8220;&#8220; a Klinkhammer mu\u0161ky.\u00a0<\/p>\n<p>Povrchov\u00e1 \u00faprava: Black Nickel. 1 bal. &#8211; 25 ks.<br \/>\nRu\u010dne trieden\u00e9.&#8220;<\/p>\n","protected":false},"excerpt":{"rendered":"<p>&#8222;Jigov\u00fd a mokr\u00fd h\u00e1\u010dik, HDN 302\/ ve\u013ekos\u0165 \u010d.16 SPR,\u00a0s\u00fa vyroben\u00e9 z \u00a0jemnej\u0161ieho, ten\u0161ieho dr\u00f4tu.\u00a0S\u00fa vhodn\u00e9 pre men\u0161ie ryby:\u00a0Samozrejme, mus\u00edte pou\u017ei\u0165 jemnej\u0161\u00ed pr\u00fat, fluorocarbon alebo nylon, at\u010f. Odpor\u00fa\u010dame ich nie len pre pretek\u00e1rov. Odpor\u00fa\u010dame nielen pre Jigi, ale aj pre such\u00e9 mu\u0161ky, &#8222;&#8220;para\u0161utky&#8220;&#8220; a Klinkhammer mu\u0161ky.\u00a0<\/p>\n<p>Povrchov\u00e1 \u00faprava: Black Nickel. 1 bal. &#8211; 25 ks.<br \/>\nRu\u010dne trieden\u00e9.&#8220;<\/p>\n","protected":false},"featured_media":4732,"comment_status":"closed","ping_status":"closed","template":"","meta":[],"product_brand":[],"product_cat":[511,509,594,886],"product_tag":[883,669,670,671,672,674,884,676,853,677,885],"class_list":{"0":"post-8181","1":"product","2":"type-product","3":"status-publish","4":"has-post-thumbnail","6":"product_cat-haciky","7":"product_cat-muskarske-haciky-dohiku-bez-protihrotu","8":"product_cat-dohiku-hdj-flies-jig-sk","9":"product_cat-dohiku-hdn-302-spr-wet-flies-sk","10":"product_tag-302-sk","11":"product_tag-and-sk","12":"product_tag-barbless-sk","13":"product_tag-barbless-dohiku-sk","14":"product_tag-dohiku-sk","15":"product_tag-flies-sk","16":"product_tag-hdn-sk","17":"product_tag-hooks-dohiku-sk","18":"product_tag-nymph-sk","19":"product_tag-other-sk","20":"product_tag-wet-sk","22":"first","23":"instock","24":"taxable","25":"shipping-taxable","26":"purchasable","27":"product-type-simple"},"yoast_head":"<!-- This site is optimized with the Yoast SEO plugin v27.4 - https:\/\/yoast.com\/product\/yoast-seo-wordpress\/ -->\n<title>HDN 302\/16 SPR Racing - DOHIKU<\/title>\n<meta name=\"robots\" content=\"index, follow, max-snippet:-1, max-image-preview:large, max-video-preview:-1\" \/>\n<link rel=\"canonical\" href=\"https:\/\/dohiku.eu\/sk\/shop\/haciky\/muskarske-haciky-dohiku-bez-protihrotu\/dohiku-hdj-flies-jig-sk\/dohiku-hdn-302-spr-wet-flies-sk\/hdn-302-16-spr\/\" \/>\n<meta property=\"og:locale\" content=\"sk_SK\" \/>\n<meta property=\"og:type\" content=\"article\" \/>\n<meta property=\"og:title\" content=\"HDN 302\/16 SPR Racing - DOHIKU\" \/>\n<meta property=\"og:description\" content=\"&quot;Jigov\u00fd a mokr\u00fd h\u00e1\u010dik, HDN 302\/ ve\u013ekos\u0165 \u010d.16 SPR,\u00a0s\u00fa vyroben\u00e9 z \u00a0jemnej\u0161ieho, ten\u0161ieho dr\u00f4tu.\u00a0S\u00fa vhodn\u00e9 pre men\u0161ie ryby:\u00a0Samozrejme, mus\u00edte pou\u017ei\u0165 jemnej\u0161\u00ed pr\u00fat, fluorocarbon alebo nylon, at\u010f. Odpor\u00fa\u010dame ich nie len pre pretek\u00e1rov. Odpor\u00fa\u010dame nielen pre Jigi, ale aj pre such\u00e9 mu\u0161ky, &quot;&quot;para\u0161utky&quot;&quot; a Klinkhammer mu\u0161ky.\u00a0  Povrchov\u00e1 \u00faprava: Black Nickel. 1 bal. - 25 ks. Ru\u010dne trieden\u00e9.&quot;\" \/>\n<meta property=\"og:url\" content=\"https:\/\/dohiku.eu\/sk\/shop\/haciky\/muskarske-haciky-dohiku-bez-protihrotu\/dohiku-hdj-flies-jig-sk\/dohiku-hdn-302-spr-wet-flies-sk\/hdn-302-16-spr\/\" \/>\n<meta property=\"og:site_name\" content=\"DOHIKU\" \/>\n<meta property=\"article:modified_time\" content=\"2025-10-28T08:52:18+00:00\" \/>\n<meta property=\"og:image\" content=\"https:\/\/dohiku.eu\/wp-content\/uploads\/2019\/03\/54-HDN-30216-SPR-Racing.jpg\" \/>\n\t<meta property=\"og:image:width\" content=\"852\" \/>\n\t<meta property=\"og:image:height\" content=\"606\" \/>\n\t<meta property=\"og:image:type\" content=\"image\/jpeg\" \/>\n<meta name=\"twitter:card\" content=\"summary_large_image\" \/>\n<meta name=\"twitter:label1\" content=\"Predpokladan\u00fd \u010das \u010d\u00edtania\" \/>\n\t<meta name=\"twitter:data1\" content=\"1 min\u00fata\" \/>\n<script type=\"application\/ld+json\" class=\"yoast-schema-graph\">{\"@context\":\"https:\\\/\\\/schema.org\",\"@graph\":[{\"@type\":\"WebPage\",\"@id\":\"https:\\\/\\\/dohiku.eu\\\/sk\\\/shop\\\/haciky\\\/muskarske-haciky-dohiku-bez-protihrotu\\\/dohiku-hdj-flies-jig-sk\\\/dohiku-hdn-302-spr-wet-flies-sk\\\/hdn-302-16-spr\\\/\",\"url\":\"https:\\\/\\\/dohiku.eu\\\/sk\\\/shop\\\/haciky\\\/muskarske-haciky-dohiku-bez-protihrotu\\\/dohiku-hdj-flies-jig-sk\\\/dohiku-hdn-302-spr-wet-flies-sk\\\/hdn-302-16-spr\\\/\",\"name\":\"HDN 302\\\/16 SPR Racing - DOHIKU\",\"isPartOf\":{\"@id\":\"https:\\\/\\\/dohiku.eu\\\/sk\\\/#website\"},\"primaryImageOfPage\":{\"@id\":\"https:\\\/\\\/dohiku.eu\\\/sk\\\/shop\\\/haciky\\\/muskarske-haciky-dohiku-bez-protihrotu\\\/dohiku-hdj-flies-jig-sk\\\/dohiku-hdn-302-spr-wet-flies-sk\\\/hdn-302-16-spr\\\/#primaryimage\"},\"image\":{\"@id\":\"https:\\\/\\\/dohiku.eu\\\/sk\\\/shop\\\/haciky\\\/muskarske-haciky-dohiku-bez-protihrotu\\\/dohiku-hdj-flies-jig-sk\\\/dohiku-hdn-302-spr-wet-flies-sk\\\/hdn-302-16-spr\\\/#primaryimage\"},\"thumbnailUrl\":\"https:\\\/\\\/dohiku.eu\\\/wp-content\\\/uploads\\\/2019\\\/03\\\/54-HDN-30216-SPR-Racing.jpg\",\"datePublished\":\"2019-03-01T12:01:40+00:00\",\"dateModified\":\"2025-10-28T08:52:18+00:00\",\"breadcrumb\":{\"@id\":\"https:\\\/\\\/dohiku.eu\\\/sk\\\/shop\\\/haciky\\\/muskarske-haciky-dohiku-bez-protihrotu\\\/dohiku-hdj-flies-jig-sk\\\/dohiku-hdn-302-spr-wet-flies-sk\\\/hdn-302-16-spr\\\/#breadcrumb\"},\"inLanguage\":\"sk-SK\",\"potentialAction\":[{\"@type\":\"ReadAction\",\"target\":[\"https:\\\/\\\/dohiku.eu\\\/sk\\\/shop\\\/haciky\\\/muskarske-haciky-dohiku-bez-protihrotu\\\/dohiku-hdj-flies-jig-sk\\\/dohiku-hdn-302-spr-wet-flies-sk\\\/hdn-302-16-spr\\\/\"]}]},{\"@type\":\"ImageObject\",\"inLanguage\":\"sk-SK\",\"@id\":\"https:\\\/\\\/dohiku.eu\\\/sk\\\/shop\\\/haciky\\\/muskarske-haciky-dohiku-bez-protihrotu\\\/dohiku-hdj-flies-jig-sk\\\/dohiku-hdn-302-spr-wet-flies-sk\\\/hdn-302-16-spr\\\/#primaryimage\",\"url\":\"https:\\\/\\\/dohiku.eu\\\/wp-content\\\/uploads\\\/2019\\\/03\\\/54-HDN-30216-SPR-Racing.jpg\",\"contentUrl\":\"https:\\\/\\\/dohiku.eu\\\/wp-content\\\/uploads\\\/2019\\\/03\\\/54-HDN-30216-SPR-Racing.jpg\",\"width\":852,\"height\":606},{\"@type\":\"BreadcrumbList\",\"@id\":\"https:\\\/\\\/dohiku.eu\\\/sk\\\/shop\\\/haciky\\\/muskarske-haciky-dohiku-bez-protihrotu\\\/dohiku-hdj-flies-jig-sk\\\/dohiku-hdn-302-spr-wet-flies-sk\\\/hdn-302-16-spr\\\/#breadcrumb\",\"itemListElement\":[{\"@type\":\"ListItem\",\"position\":1,\"name\":\"Home\",\"item\":\"https:\\\/\\\/dohiku.eu\\\/sk\\\/\"},{\"@type\":\"ListItem\",\"position\":2,\"name\":\"PRODUCTS\",\"item\":\"https:\\\/\\\/dohiku.eu\\\/sk\\\/products\\\/\"},{\"@type\":\"ListItem\",\"position\":3,\"name\":\"HDN 302\\\/16 SPR Racing\"}]},{\"@type\":\"WebSite\",\"@id\":\"https:\\\/\\\/dohiku.eu\\\/sk\\\/#website\",\"url\":\"https:\\\/\\\/dohiku.eu\\\/sk\\\/\",\"name\":\"DOHIKU\",\"description\":\"H\u00e1\u010diky DOHIKU s\u00fa vyroben\u00e9 z vysoko uhl\u00edkovej ocele, ktor\u00e1 je kalen\u00e1 a pop\u00fa\u0161\u0165an\u00e1 pod\u013ea presn\u00e9ho receptu.\",\"publisher\":{\"@id\":\"https:\\\/\\\/dohiku.eu\\\/sk\\\/#organization\"},\"potentialAction\":[{\"@type\":\"SearchAction\",\"target\":{\"@type\":\"EntryPoint\",\"urlTemplate\":\"https:\\\/\\\/dohiku.eu\\\/sk\\\/?s={search_term_string}\"},\"query-input\":{\"@type\":\"PropertyValueSpecification\",\"valueRequired\":true,\"valueName\":\"search_term_string\"}}],\"inLanguage\":\"sk-SK\"},{\"@type\":\"Organization\",\"@id\":\"https:\\\/\\\/dohiku.eu\\\/sk\\\/#organization\",\"name\":\"DOHIKU s.r.o.\",\"url\":\"https:\\\/\\\/dohiku.eu\\\/sk\\\/\",\"logo\":{\"@type\":\"ImageObject\",\"inLanguage\":\"sk-SK\",\"@id\":\"https:\\\/\\\/dohiku.eu\\\/sk\\\/#\\\/schema\\\/logo\\\/image\\\/\",\"url\":\"https:\\\/\\\/dohiku.eu\\\/wp-content\\\/uploads\\\/2024\\\/01\\\/cropped-dohiku.png\",\"contentUrl\":\"https:\\\/\\\/dohiku.eu\\\/wp-content\\\/uploads\\\/2024\\\/01\\\/cropped-dohiku.png\",\"width\":137,\"height\":87,\"caption\":\"DOHIKU s.r.o.\"},\"image\":{\"@id\":\"https:\\\/\\\/dohiku.eu\\\/sk\\\/#\\\/schema\\\/logo\\\/image\\\/\"}}]}<\/script>\n<!-- \/ Yoast SEO plugin. -->","yoast_head_json":{"title":"HDN 302\/16 SPR Racing - DOHIKU","robots":{"index":"index","follow":"follow","max-snippet":"max-snippet:-1","max-image-preview":"max-image-preview:large","max-video-preview":"max-video-preview:-1"},"canonical":"https:\/\/dohiku.eu\/sk\/shop\/haciky\/muskarske-haciky-dohiku-bez-protihrotu\/dohiku-hdj-flies-jig-sk\/dohiku-hdn-302-spr-wet-flies-sk\/hdn-302-16-spr\/","og_locale":"sk_SK","og_type":"article","og_title":"HDN 302\/16 SPR Racing - DOHIKU","og_description":"\"Jigov\u00fd a mokr\u00fd h\u00e1\u010dik, HDN 302\/ ve\u013ekos\u0165 \u010d.16 SPR,\u00a0s\u00fa vyroben\u00e9 z \u00a0jemnej\u0161ieho, ten\u0161ieho dr\u00f4tu.\u00a0S\u00fa vhodn\u00e9 pre men\u0161ie ryby:\u00a0Samozrejme, mus\u00edte pou\u017ei\u0165 jemnej\u0161\u00ed pr\u00fat, fluorocarbon alebo nylon, at\u010f. Odpor\u00fa\u010dame ich nie len pre pretek\u00e1rov. Odpor\u00fa\u010dame nielen pre Jigi, ale aj pre such\u00e9 mu\u0161ky, \"\"para\u0161utky\"\" a Klinkhammer mu\u0161ky.\u00a0  Povrchov\u00e1 \u00faprava: Black Nickel. 1 bal. - 25 ks. Ru\u010dne trieden\u00e9.\"","og_url":"https:\/\/dohiku.eu\/sk\/shop\/haciky\/muskarske-haciky-dohiku-bez-protihrotu\/dohiku-hdj-flies-jig-sk\/dohiku-hdn-302-spr-wet-flies-sk\/hdn-302-16-spr\/","og_site_name":"DOHIKU","article_modified_time":"2025-10-28T08:52:18+00:00","og_image":[{"width":852,"height":606,"url":"https:\/\/dohiku.eu\/wp-content\/uploads\/2019\/03\/54-HDN-30216-SPR-Racing.jpg","type":"image\/jpeg"}],"twitter_card":"summary_large_image","twitter_misc":{"Predpokladan\u00fd \u010das \u010d\u00edtania":"1 min\u00fata"},"schema":{"@context":"https:\/\/schema.org","@graph":[{"@type":"WebPage","@id":"https:\/\/dohiku.eu\/sk\/shop\/haciky\/muskarske-haciky-dohiku-bez-protihrotu\/dohiku-hdj-flies-jig-sk\/dohiku-hdn-302-spr-wet-flies-sk\/hdn-302-16-spr\/","url":"https:\/\/dohiku.eu\/sk\/shop\/haciky\/muskarske-haciky-dohiku-bez-protihrotu\/dohiku-hdj-flies-jig-sk\/dohiku-hdn-302-spr-wet-flies-sk\/hdn-302-16-spr\/","name":"HDN 302\/16 SPR Racing - DOHIKU","isPartOf":{"@id":"https:\/\/dohiku.eu\/sk\/#website"},"primaryImageOfPage":{"@id":"https:\/\/dohiku.eu\/sk\/shop\/haciky\/muskarske-haciky-dohiku-bez-protihrotu\/dohiku-hdj-flies-jig-sk\/dohiku-hdn-302-spr-wet-flies-sk\/hdn-302-16-spr\/#primaryimage"},"image":{"@id":"https:\/\/dohiku.eu\/sk\/shop\/haciky\/muskarske-haciky-dohiku-bez-protihrotu\/dohiku-hdj-flies-jig-sk\/dohiku-hdn-302-spr-wet-flies-sk\/hdn-302-16-spr\/#primaryimage"},"thumbnailUrl":"https:\/\/dohiku.eu\/wp-content\/uploads\/2019\/03\/54-HDN-30216-SPR-Racing.jpg","datePublished":"2019-03-01T12:01:40+00:00","dateModified":"2025-10-28T08:52:18+00:00","breadcrumb":{"@id":"https:\/\/dohiku.eu\/sk\/shop\/haciky\/muskarske-haciky-dohiku-bez-protihrotu\/dohiku-hdj-flies-jig-sk\/dohiku-hdn-302-spr-wet-flies-sk\/hdn-302-16-spr\/#breadcrumb"},"inLanguage":"sk-SK","potentialAction":[{"@type":"ReadAction","target":["https:\/\/dohiku.eu\/sk\/shop\/haciky\/muskarske-haciky-dohiku-bez-protihrotu\/dohiku-hdj-flies-jig-sk\/dohiku-hdn-302-spr-wet-flies-sk\/hdn-302-16-spr\/"]}]},{"@type":"ImageObject","inLanguage":"sk-SK","@id":"https:\/\/dohiku.eu\/sk\/shop\/haciky\/muskarske-haciky-dohiku-bez-protihrotu\/dohiku-hdj-flies-jig-sk\/dohiku-hdn-302-spr-wet-flies-sk\/hdn-302-16-spr\/#primaryimage","url":"https:\/\/dohiku.eu\/wp-content\/uploads\/2019\/03\/54-HDN-30216-SPR-Racing.jpg","contentUrl":"https:\/\/dohiku.eu\/wp-content\/uploads\/2019\/03\/54-HDN-30216-SPR-Racing.jpg","width":852,"height":606},{"@type":"BreadcrumbList","@id":"https:\/\/dohiku.eu\/sk\/shop\/haciky\/muskarske-haciky-dohiku-bez-protihrotu\/dohiku-hdj-flies-jig-sk\/dohiku-hdn-302-spr-wet-flies-sk\/hdn-302-16-spr\/#breadcrumb","itemListElement":[{"@type":"ListItem","position":1,"name":"Home","item":"https:\/\/dohiku.eu\/sk\/"},{"@type":"ListItem","position":2,"name":"PRODUCTS","item":"https:\/\/dohiku.eu\/sk\/products\/"},{"@type":"ListItem","position":3,"name":"HDN 302\/16 SPR Racing"}]},{"@type":"WebSite","@id":"https:\/\/dohiku.eu\/sk\/#website","url":"https:\/\/dohiku.eu\/sk\/","name":"DOHIKU","description":"H\u00e1\u010diky DOHIKU s\u00fa vyroben\u00e9 z vysoko uhl\u00edkovej ocele, ktor\u00e1 je kalen\u00e1 a pop\u00fa\u0161\u0165an\u00e1 pod\u013ea presn\u00e9ho receptu.","publisher":{"@id":"https:\/\/dohiku.eu\/sk\/#organization"},"potentialAction":[{"@type":"SearchAction","target":{"@type":"EntryPoint","urlTemplate":"https:\/\/dohiku.eu\/sk\/?s={search_term_string}"},"query-input":{"@type":"PropertyValueSpecification","valueRequired":true,"valueName":"search_term_string"}}],"inLanguage":"sk-SK"},{"@type":"Organization","@id":"https:\/\/dohiku.eu\/sk\/#organization","name":"DOHIKU s.r.o.","url":"https:\/\/dohiku.eu\/sk\/","logo":{"@type":"ImageObject","inLanguage":"sk-SK","@id":"https:\/\/dohiku.eu\/sk\/#\/schema\/logo\/image\/","url":"https:\/\/dohiku.eu\/wp-content\/uploads\/2024\/01\/cropped-dohiku.png","contentUrl":"https:\/\/dohiku.eu\/wp-content\/uploads\/2024\/01\/cropped-dohiku.png","width":137,"height":87,"caption":"DOHIKU s.r.o."},"image":{"@id":"https:\/\/dohiku.eu\/sk\/#\/schema\/logo\/image\/"}}]}},"_links":{"self":[{"href":"https:\/\/dohiku.eu\/sk\/wp-json\/wp\/v2\/product\/8181","targetHints":{"allow":["GET"]}}],"collection":[{"href":"https:\/\/dohiku.eu\/sk\/wp-json\/wp\/v2\/product"}],"about":[{"href":"https:\/\/dohiku.eu\/sk\/wp-json\/wp\/v2\/types\/product"}],"replies":[{"embeddable":true,"href":"https:\/\/dohiku.eu\/sk\/wp-json\/wp\/v2\/comments?post=8181"}],"wp:featuredmedia":[{"embeddable":true,"href":"https:\/\/dohiku.eu\/sk\/wp-json\/wp\/v2\/media\/4732"}],"wp:attachment":[{"href":"https:\/\/dohiku.eu\/sk\/wp-json\/wp\/v2\/media?parent=8181"}],"wp:term":[{"taxonomy":"product_brand","embeddable":true,"href":"https:\/\/dohiku.eu\/sk\/wp-json\/wp\/v2\/product_brand?post=8181"},{"taxonomy":"product_cat","embeddable":true,"href":"https:\/\/dohiku.eu\/sk\/wp-json\/wp\/v2\/product_cat?post=8181"},{"taxonomy":"product_tag","embeddable":true,"href":"https:\/\/dohiku.eu\/sk\/wp-json\/wp\/v2\/product_tag?post=8181"}],"curies":[{"name":"wp","href":"https:\/\/api.w.org\/{rel}","templated":true}]}}