{"id":8176,"date":"2019-03-01T12:01:40","date_gmt":"2019-03-01T12:01:40","guid":{"rendered":"https:\/\/dohiku.eu\/shop\/nezaraden\u00e9\/hdn-302-12-sp\/"},"modified":"2026-04-27T07:17:09","modified_gmt":"2026-04-27T07:17:09","slug":"muskarske-haciky-bez-protihrotu-hdn-302-12-sp","status":"publish","type":"product","link":"https:\/\/dohiku.eu\/sk\/shop\/haciky\/muskarske-haciky-dohiku-bez-protihrotu\/muskarske-haciky-bez-protihrotu-hdn-302-12-sp\/","title":{"rendered":"Mu\u0161k\u00e1rske h\u00e1\u010diky bez protihrotu &#8211; HDN 302\/12 SP"},"content":{"rendered":"<p>&#8222;H\u00e1\u010dik HDN 302 ve\u013ekos\u0165 \u010d. 12 SP, je nymfov\u00fd h\u00e1\u010dik so \u0161peci\u00e1lne upraven\u00fdm o\u010dkom. Pou\u017e\u00edva sa hlavne na tungstenov\u00e9 guli\u010dky.\u00a0Sk\u00faste si naviaza\u0165 na tomto h\u00e1\u010diku aj mu\u0161ky typu &#8222;&#8220;para\u0161ut&#8220;&#8220;. Budete ve\u013emi pr\u00edjemne prekvapen\u00ed.<br \/>\nPovrchov\u00e1 \u00faprava: Black Nickel.\u00a01 balenie &#8211; 25 ks.<br \/>\nRu\u010dne trieden\u00e9.&#8220;<\/p>\n","protected":false},"excerpt":{"rendered":"<p>&#8222;H\u00e1\u010dik HDN 302 ve\u013ekos\u0165 \u010d. 12 SP, je nymfov\u00fd h\u00e1\u010dik so \u0161peci\u00e1lne upraven\u00fdm o\u010dkom. Pou\u017e\u00edva sa hlavne na tungstenov\u00e9 guli\u010dky.\u00a0Sk\u00faste si naviaza\u0165 na tomto h\u00e1\u010diku aj mu\u0161ky typu &#8222;&#8220;para\u0161ut&#8220;&#8220;. Budete ve\u013emi pr\u00edjemne prekvapen\u00ed.<br \/>\nPovrchov\u00e1 \u00faprava: Black Nickel.\u00a01 balenie &#8211; 25 ks.<br \/>\nRu\u010dne trieden\u00e9.&#8220;<\/p>\n","protected":false},"featured_media":4713,"comment_status":"closed","ping_status":"closed","template":"","meta":[],"product_brand":[],"product_cat":[585,511,509,2421],"product_tag":[883,669,670,671,672,674,884,676,853,677,885],"class_list":{"0":"post-8176","1":"product","2":"type-product","3":"status-publish","4":"has-post-thumbnail","6":"product_cat-dohiku-hdn-302-sp-mokre-musky","7":"product_cat-haciky","8":"product_cat-muskarske-haciky-dohiku-bez-protihrotu","9":"product_cat-nase-produkty","10":"product_tag-302-sk","11":"product_tag-and-sk","12":"product_tag-barbless-sk","13":"product_tag-barbless-dohiku-sk","14":"product_tag-dohiku-sk","15":"product_tag-flies-sk","16":"product_tag-hdn-sk","17":"product_tag-hooks-dohiku-sk","18":"product_tag-nymph-sk","19":"product_tag-other-sk","20":"product_tag-wet-sk","22":"first","23":"instock","24":"taxable","25":"shipping-taxable","26":"purchasable","27":"product-type-simple"},"yoast_head":"<!-- This site is optimized with the Yoast SEO plugin v27.4 - https:\/\/yoast.com\/product\/yoast-seo-wordpress\/ -->\n<title>Mu\u0161k\u00e1rske h\u00e1\u010diky bez protihrotu - HDN 302\/12 SP - DOHIKU<\/title>\n<meta name=\"robots\" content=\"index, follow, max-snippet:-1, max-image-preview:large, max-video-preview:-1\" \/>\n<link rel=\"canonical\" href=\"https:\/\/dohiku.eu\/sk\/shop\/haciky\/muskarske-haciky-dohiku-bez-protihrotu\/muskarske-haciky-bez-protihrotu-hdn-302-12-sp\/\" \/>\n<meta property=\"og:locale\" content=\"sk_SK\" \/>\n<meta property=\"og:type\" content=\"article\" \/>\n<meta property=\"og:title\" content=\"Mu\u0161k\u00e1rske h\u00e1\u010diky bez protihrotu - HDN 302\/12 SP - DOHIKU\" \/>\n<meta property=\"og:description\" content=\"&quot;H\u00e1\u010dik HDN 302 ve\u013ekos\u0165 \u010d. 12 SP, je nymfov\u00fd h\u00e1\u010dik so \u0161peci\u00e1lne upraven\u00fdm o\u010dkom. Pou\u017e\u00edva sa hlavne na tungstenov\u00e9 guli\u010dky.\u00a0Sk\u00faste si naviaza\u0165 na tomto h\u00e1\u010diku aj mu\u0161ky typu &quot;&quot;para\u0161ut&quot;&quot;. Budete ve\u013emi pr\u00edjemne prekvapen\u00ed. Povrchov\u00e1 \u00faprava: Black Nickel.\u00a01 balenie - 25 ks. Ru\u010dne trieden\u00e9.&quot;\" \/>\n<meta property=\"og:url\" content=\"https:\/\/dohiku.eu\/sk\/shop\/haciky\/muskarske-haciky-dohiku-bez-protihrotu\/muskarske-haciky-bez-protihrotu-hdn-302-12-sp\/\" \/>\n<meta property=\"og:site_name\" content=\"DOHIKU\" \/>\n<meta property=\"article:modified_time\" content=\"2026-04-27T07:17:09+00:00\" \/>\n<meta property=\"og:image\" content=\"https:\/\/dohiku.eu\/wp-content\/uploads\/2019\/03\/35-HDN-30212-SP.jpg\" \/>\n\t<meta property=\"og:image:width\" content=\"1066\" \/>\n\t<meta property=\"og:image:height\" content=\"834\" \/>\n\t<meta property=\"og:image:type\" content=\"image\/jpeg\" \/>\n<meta name=\"twitter:card\" content=\"summary_large_image\" \/>\n<meta name=\"twitter:label1\" content=\"Predpokladan\u00fd \u010das \u010d\u00edtania\" \/>\n\t<meta name=\"twitter:data1\" content=\"1 min\u00fata\" \/>\n<script type=\"application\/ld+json\" class=\"yoast-schema-graph\">{\"@context\":\"https:\\\/\\\/schema.org\",\"@graph\":[{\"@type\":\"WebPage\",\"@id\":\"https:\\\/\\\/dohiku.eu\\\/sk\\\/shop\\\/haciky\\\/muskarske-haciky-dohiku-bez-protihrotu\\\/muskarske-haciky-bez-protihrotu-hdn-302-12-sp\\\/\",\"url\":\"https:\\\/\\\/dohiku.eu\\\/sk\\\/shop\\\/haciky\\\/muskarske-haciky-dohiku-bez-protihrotu\\\/muskarske-haciky-bez-protihrotu-hdn-302-12-sp\\\/\",\"name\":\"Mu\u0161k\u00e1rske h\u00e1\u010diky bez protihrotu - HDN 302\\\/12 SP - DOHIKU\",\"isPartOf\":{\"@id\":\"https:\\\/\\\/dohiku.eu\\\/sk\\\/#website\"},\"primaryImageOfPage\":{\"@id\":\"https:\\\/\\\/dohiku.eu\\\/sk\\\/shop\\\/haciky\\\/muskarske-haciky-dohiku-bez-protihrotu\\\/muskarske-haciky-bez-protihrotu-hdn-302-12-sp\\\/#primaryimage\"},\"image\":{\"@id\":\"https:\\\/\\\/dohiku.eu\\\/sk\\\/shop\\\/haciky\\\/muskarske-haciky-dohiku-bez-protihrotu\\\/muskarske-haciky-bez-protihrotu-hdn-302-12-sp\\\/#primaryimage\"},\"thumbnailUrl\":\"https:\\\/\\\/dohiku.eu\\\/wp-content\\\/uploads\\\/2019\\\/03\\\/35-HDN-30212-SP.jpg\",\"datePublished\":\"2019-03-01T12:01:40+00:00\",\"dateModified\":\"2026-04-27T07:17:09+00:00\",\"breadcrumb\":{\"@id\":\"https:\\\/\\\/dohiku.eu\\\/sk\\\/shop\\\/haciky\\\/muskarske-haciky-dohiku-bez-protihrotu\\\/muskarske-haciky-bez-protihrotu-hdn-302-12-sp\\\/#breadcrumb\"},\"inLanguage\":\"sk-SK\",\"potentialAction\":[{\"@type\":\"ReadAction\",\"target\":[\"https:\\\/\\\/dohiku.eu\\\/sk\\\/shop\\\/haciky\\\/muskarske-haciky-dohiku-bez-protihrotu\\\/muskarske-haciky-bez-protihrotu-hdn-302-12-sp\\\/\"]}]},{\"@type\":\"ImageObject\",\"inLanguage\":\"sk-SK\",\"@id\":\"https:\\\/\\\/dohiku.eu\\\/sk\\\/shop\\\/haciky\\\/muskarske-haciky-dohiku-bez-protihrotu\\\/muskarske-haciky-bez-protihrotu-hdn-302-12-sp\\\/#primaryimage\",\"url\":\"https:\\\/\\\/dohiku.eu\\\/wp-content\\\/uploads\\\/2019\\\/03\\\/35-HDN-30212-SP.jpg\",\"contentUrl\":\"https:\\\/\\\/dohiku.eu\\\/wp-content\\\/uploads\\\/2019\\\/03\\\/35-HDN-30212-SP.jpg\",\"width\":1066,\"height\":834},{\"@type\":\"BreadcrumbList\",\"@id\":\"https:\\\/\\\/dohiku.eu\\\/sk\\\/shop\\\/haciky\\\/muskarske-haciky-dohiku-bez-protihrotu\\\/muskarske-haciky-bez-protihrotu-hdn-302-12-sp\\\/#breadcrumb\",\"itemListElement\":[{\"@type\":\"ListItem\",\"position\":1,\"name\":\"Home\",\"item\":\"https:\\\/\\\/dohiku.eu\\\/sk\\\/\"},{\"@type\":\"ListItem\",\"position\":2,\"name\":\"PRODUCTS\",\"item\":\"https:\\\/\\\/dohiku.eu\\\/sk\\\/products\\\/\"},{\"@type\":\"ListItem\",\"position\":3,\"name\":\"Mu\u0161k\u00e1rske h\u00e1\u010diky bez protihrotu &#8211; HDN 302\\\/12 SP\"}]},{\"@type\":\"WebSite\",\"@id\":\"https:\\\/\\\/dohiku.eu\\\/sk\\\/#website\",\"url\":\"https:\\\/\\\/dohiku.eu\\\/sk\\\/\",\"name\":\"DOHIKU\",\"description\":\"H\u00e1\u010diky DOHIKU s\u00fa vyroben\u00e9 z vysoko uhl\u00edkovej ocele, ktor\u00e1 je kalen\u00e1 a pop\u00fa\u0161\u0165an\u00e1 pod\u013ea presn\u00e9ho receptu.\",\"publisher\":{\"@id\":\"https:\\\/\\\/dohiku.eu\\\/sk\\\/#organization\"},\"potentialAction\":[{\"@type\":\"SearchAction\",\"target\":{\"@type\":\"EntryPoint\",\"urlTemplate\":\"https:\\\/\\\/dohiku.eu\\\/sk\\\/?s={search_term_string}\"},\"query-input\":{\"@type\":\"PropertyValueSpecification\",\"valueRequired\":true,\"valueName\":\"search_term_string\"}}],\"inLanguage\":\"sk-SK\"},{\"@type\":\"Organization\",\"@id\":\"https:\\\/\\\/dohiku.eu\\\/sk\\\/#organization\",\"name\":\"DOHIKU s.r.o.\",\"url\":\"https:\\\/\\\/dohiku.eu\\\/sk\\\/\",\"logo\":{\"@type\":\"ImageObject\",\"inLanguage\":\"sk-SK\",\"@id\":\"https:\\\/\\\/dohiku.eu\\\/sk\\\/#\\\/schema\\\/logo\\\/image\\\/\",\"url\":\"https:\\\/\\\/dohiku.eu\\\/wp-content\\\/uploads\\\/2024\\\/01\\\/cropped-dohiku.png\",\"contentUrl\":\"https:\\\/\\\/dohiku.eu\\\/wp-content\\\/uploads\\\/2024\\\/01\\\/cropped-dohiku.png\",\"width\":137,\"height\":87,\"caption\":\"DOHIKU s.r.o.\"},\"image\":{\"@id\":\"https:\\\/\\\/dohiku.eu\\\/sk\\\/#\\\/schema\\\/logo\\\/image\\\/\"}}]}<\/script>\n<!-- \/ Yoast SEO plugin. -->","yoast_head_json":{"title":"Mu\u0161k\u00e1rske h\u00e1\u010diky bez protihrotu - HDN 302\/12 SP - DOHIKU","robots":{"index":"index","follow":"follow","max-snippet":"max-snippet:-1","max-image-preview":"max-image-preview:large","max-video-preview":"max-video-preview:-1"},"canonical":"https:\/\/dohiku.eu\/sk\/shop\/haciky\/muskarske-haciky-dohiku-bez-protihrotu\/muskarske-haciky-bez-protihrotu-hdn-302-12-sp\/","og_locale":"sk_SK","og_type":"article","og_title":"Mu\u0161k\u00e1rske h\u00e1\u010diky bez protihrotu - HDN 302\/12 SP - DOHIKU","og_description":"\"H\u00e1\u010dik HDN 302 ve\u013ekos\u0165 \u010d. 12 SP, je nymfov\u00fd h\u00e1\u010dik so \u0161peci\u00e1lne upraven\u00fdm o\u010dkom. Pou\u017e\u00edva sa hlavne na tungstenov\u00e9 guli\u010dky.\u00a0Sk\u00faste si naviaza\u0165 na tomto h\u00e1\u010diku aj mu\u0161ky typu \"\"para\u0161ut\"\". Budete ve\u013emi pr\u00edjemne prekvapen\u00ed. Povrchov\u00e1 \u00faprava: Black Nickel.\u00a01 balenie - 25 ks. Ru\u010dne trieden\u00e9.\"","og_url":"https:\/\/dohiku.eu\/sk\/shop\/haciky\/muskarske-haciky-dohiku-bez-protihrotu\/muskarske-haciky-bez-protihrotu-hdn-302-12-sp\/","og_site_name":"DOHIKU","article_modified_time":"2026-04-27T07:17:09+00:00","og_image":[{"width":1066,"height":834,"url":"https:\/\/dohiku.eu\/wp-content\/uploads\/2019\/03\/35-HDN-30212-SP.jpg","type":"image\/jpeg"}],"twitter_card":"summary_large_image","twitter_misc":{"Predpokladan\u00fd \u010das \u010d\u00edtania":"1 min\u00fata"},"schema":{"@context":"https:\/\/schema.org","@graph":[{"@type":"WebPage","@id":"https:\/\/dohiku.eu\/sk\/shop\/haciky\/muskarske-haciky-dohiku-bez-protihrotu\/muskarske-haciky-bez-protihrotu-hdn-302-12-sp\/","url":"https:\/\/dohiku.eu\/sk\/shop\/haciky\/muskarske-haciky-dohiku-bez-protihrotu\/muskarske-haciky-bez-protihrotu-hdn-302-12-sp\/","name":"Mu\u0161k\u00e1rske h\u00e1\u010diky bez protihrotu - HDN 302\/12 SP - DOHIKU","isPartOf":{"@id":"https:\/\/dohiku.eu\/sk\/#website"},"primaryImageOfPage":{"@id":"https:\/\/dohiku.eu\/sk\/shop\/haciky\/muskarske-haciky-dohiku-bez-protihrotu\/muskarske-haciky-bez-protihrotu-hdn-302-12-sp\/#primaryimage"},"image":{"@id":"https:\/\/dohiku.eu\/sk\/shop\/haciky\/muskarske-haciky-dohiku-bez-protihrotu\/muskarske-haciky-bez-protihrotu-hdn-302-12-sp\/#primaryimage"},"thumbnailUrl":"https:\/\/dohiku.eu\/wp-content\/uploads\/2019\/03\/35-HDN-30212-SP.jpg","datePublished":"2019-03-01T12:01:40+00:00","dateModified":"2026-04-27T07:17:09+00:00","breadcrumb":{"@id":"https:\/\/dohiku.eu\/sk\/shop\/haciky\/muskarske-haciky-dohiku-bez-protihrotu\/muskarske-haciky-bez-protihrotu-hdn-302-12-sp\/#breadcrumb"},"inLanguage":"sk-SK","potentialAction":[{"@type":"ReadAction","target":["https:\/\/dohiku.eu\/sk\/shop\/haciky\/muskarske-haciky-dohiku-bez-protihrotu\/muskarske-haciky-bez-protihrotu-hdn-302-12-sp\/"]}]},{"@type":"ImageObject","inLanguage":"sk-SK","@id":"https:\/\/dohiku.eu\/sk\/shop\/haciky\/muskarske-haciky-dohiku-bez-protihrotu\/muskarske-haciky-bez-protihrotu-hdn-302-12-sp\/#primaryimage","url":"https:\/\/dohiku.eu\/wp-content\/uploads\/2019\/03\/35-HDN-30212-SP.jpg","contentUrl":"https:\/\/dohiku.eu\/wp-content\/uploads\/2019\/03\/35-HDN-30212-SP.jpg","width":1066,"height":834},{"@type":"BreadcrumbList","@id":"https:\/\/dohiku.eu\/sk\/shop\/haciky\/muskarske-haciky-dohiku-bez-protihrotu\/muskarske-haciky-bez-protihrotu-hdn-302-12-sp\/#breadcrumb","itemListElement":[{"@type":"ListItem","position":1,"name":"Home","item":"https:\/\/dohiku.eu\/sk\/"},{"@type":"ListItem","position":2,"name":"PRODUCTS","item":"https:\/\/dohiku.eu\/sk\/products\/"},{"@type":"ListItem","position":3,"name":"Mu\u0161k\u00e1rske h\u00e1\u010diky bez protihrotu &#8211; HDN 302\/12 SP"}]},{"@type":"WebSite","@id":"https:\/\/dohiku.eu\/sk\/#website","url":"https:\/\/dohiku.eu\/sk\/","name":"DOHIKU","description":"H\u00e1\u010diky DOHIKU s\u00fa vyroben\u00e9 z vysoko uhl\u00edkovej ocele, ktor\u00e1 je kalen\u00e1 a pop\u00fa\u0161\u0165an\u00e1 pod\u013ea presn\u00e9ho receptu.","publisher":{"@id":"https:\/\/dohiku.eu\/sk\/#organization"},"potentialAction":[{"@type":"SearchAction","target":{"@type":"EntryPoint","urlTemplate":"https:\/\/dohiku.eu\/sk\/?s={search_term_string}"},"query-input":{"@type":"PropertyValueSpecification","valueRequired":true,"valueName":"search_term_string"}}],"inLanguage":"sk-SK"},{"@type":"Organization","@id":"https:\/\/dohiku.eu\/sk\/#organization","name":"DOHIKU s.r.o.","url":"https:\/\/dohiku.eu\/sk\/","logo":{"@type":"ImageObject","inLanguage":"sk-SK","@id":"https:\/\/dohiku.eu\/sk\/#\/schema\/logo\/image\/","url":"https:\/\/dohiku.eu\/wp-content\/uploads\/2024\/01\/cropped-dohiku.png","contentUrl":"https:\/\/dohiku.eu\/wp-content\/uploads\/2024\/01\/cropped-dohiku.png","width":137,"height":87,"caption":"DOHIKU s.r.o."},"image":{"@id":"https:\/\/dohiku.eu\/sk\/#\/schema\/logo\/image\/"}}]}},"_links":{"self":[{"href":"https:\/\/dohiku.eu\/sk\/wp-json\/wp\/v2\/product\/8176","targetHints":{"allow":["GET"]}}],"collection":[{"href":"https:\/\/dohiku.eu\/sk\/wp-json\/wp\/v2\/product"}],"about":[{"href":"https:\/\/dohiku.eu\/sk\/wp-json\/wp\/v2\/types\/product"}],"replies":[{"embeddable":true,"href":"https:\/\/dohiku.eu\/sk\/wp-json\/wp\/v2\/comments?post=8176"}],"wp:featuredmedia":[{"embeddable":true,"href":"https:\/\/dohiku.eu\/sk\/wp-json\/wp\/v2\/media\/4713"}],"wp:attachment":[{"href":"https:\/\/dohiku.eu\/sk\/wp-json\/wp\/v2\/media?parent=8176"}],"wp:term":[{"taxonomy":"product_brand","embeddable":true,"href":"https:\/\/dohiku.eu\/sk\/wp-json\/wp\/v2\/product_brand?post=8176"},{"taxonomy":"product_cat","embeddable":true,"href":"https:\/\/dohiku.eu\/sk\/wp-json\/wp\/v2\/product_cat?post=8176"},{"taxonomy":"product_tag","embeddable":true,"href":"https:\/\/dohiku.eu\/sk\/wp-json\/wp\/v2\/product_tag?post=8176"}],"curies":[{"name":"wp","href":"https:\/\/api.w.org\/{rel}","templated":true}]}}