{"id":8167,"date":"2019-03-01T12:01:40","date_gmt":"2019-03-01T12:01:40","guid":{"rendered":"https:\/\/dohiku.eu\/shop\/nezaraden\u00e9\/hds-10\/"},"modified":"2026-04-21T08:42:14","modified_gmt":"2026-04-21T08:42:14","slug":"muskarsky-bez-protihrotovy-hacik-hds-10","status":"publish","type":"product","link":"https:\/\/dohiku.eu\/sk\/shop\/haciky\/muskarske-haciky-dohiku-bez-protihrotu\/muskarsky-bez-protihrotovy-hacik-hds-10\/","title":{"rendered":"Mu\u0161k\u00e1rsky bez protihrotov\u00fd h\u00e1\u010dik &#8211; HDS\/10"},"content":{"rendered":"<p>Str\u00edmrov\u00fd h\u00e1\u010dik HDS 10, je to str\u00edmrov\u00fd h\u00e1\u010dik ur\u010den\u00fd na lov pstruhov. D\u013a\u017eka ramienka a tvar je predur\u010den\u00e1 na viazanie str\u00edmrov<\/p>\n<p>H\u00e1\u010diky DOHIKU s\u00fa vyroben\u00e9 z ocele s vysok\u00fdm obsahom uhl\u00edka, ktor\u00e1 je kalen\u00e1 a pop\u00fa\u0161\u0165an\u00e1 pod\u013ea pr\u00edsneho vzorca, ktor\u00fd im zaru\u010duje dlh\u00fa \u017eivotnos\u0165. Samozrejme, s\u00fa chemicky nabr\u00fasen\u00e9.<\/p>\n<p>Povrchov\u00e1 \u00faprava &#8211; \u010dierny nikel. 25 h\u00e1\u010dikov v balen\u00ed.<\/p>\n<p><span style=\"color: #ff0000\"><strong>Ru\u010dne trieden\u00e9.<\/strong><\/span><\/p>\n","protected":false},"excerpt":{"rendered":"<p>Str\u00edmrov\u00fd h\u00e1\u010dik HDS 10, je to str\u00edmrov\u00fd h\u00e1\u010dik ur\u010den\u00fd na lov pstruhov. Str\u00edmrov\u00fd h\u00e1\u010dik HDS 10, je to str\u00edmrov\u00fd h\u00e1\u010dik ur\u010den\u00fd na lov pstruhov. Str\u00edmrov\u00fd h\u00e1\u010dik HDS 10, je to str\u00edmrov\u00fd h\u00e1\u010dik ur\u010den\u00fd na lov pstruhov. Vhodn\u00fd je aj na viazanie l\u00far.<\/p>\n<p>H\u00e1\u010diky DOHIKU s\u00fa vyroben\u00e9 z ocele s vysok\u00fdm obsahom uhl\u00edka, ktor\u00e1 je kalen\u00e1 a pop\u00fa\u0161\u0165an\u00e1 pod\u013ea pr\u00edsneho vzorca, ktor\u00fd im zaru\u010duje dlh\u00fa \u017eivotnos\u0165. Samozrejme, s\u00fa chemicky nabr\u00fasen\u00e9.<\/p>\n<p>Povrchov\u00e1 \u00faprava &#8211; \u010dierny nikel. 25 h\u00e1\u010dikov v balen\u00ed.<\/p>\n<p><span style=\"color: #ff0000\"><strong>Ru\u010dne trieden\u00e9.<\/strong><\/span><\/p>\n","protected":false},"featured_media":4684,"comment_status":"closed","ping_status":"closed","template":"","meta":[],"product_brand":[],"product_cat":[613,509],"product_tag":[669,670,671,672,881,693,676,677,882],"class_list":{"0":"post-8167","1":"product","2":"type-product","3":"status-publish","4":"has-post-thumbnail","6":"product_cat-dohiku-hds-streamers-sk","7":"product_cat-muskarske-haciky-dohiku-bez-protihrotu","8":"product_tag-and-sk","9":"product_tag-barbless-sk","10":"product_tag-barbless-dohiku-sk","11":"product_tag-dohiku-sk","12":"product_tag-hds-sk","13":"product_tag-hooks-sk","14":"product_tag-hooks-dohiku-sk","15":"product_tag-other-sk","16":"product_tag-streamers-sk","18":"first","19":"instock","20":"taxable","21":"shipping-taxable","22":"purchasable","23":"product-type-simple"},"yoast_head":"<!-- This site is optimized with the Yoast SEO plugin v27.4 - https:\/\/yoast.com\/product\/yoast-seo-wordpress\/ -->\n<title>Mu\u0161k\u00e1rsky bez protihrotov\u00fd h\u00e1\u010dik - HDS\/10 - DOHIKU<\/title>\n<meta name=\"robots\" content=\"index, follow, max-snippet:-1, max-image-preview:large, max-video-preview:-1\" \/>\n<link rel=\"canonical\" href=\"https:\/\/dohiku.eu\/sk\/shop\/haciky\/muskarske-haciky-dohiku-bez-protihrotu\/muskarsky-bez-protihrotovy-hacik-hds-10\/\" \/>\n<meta property=\"og:locale\" content=\"sk_SK\" \/>\n<meta property=\"og:type\" content=\"article\" \/>\n<meta property=\"og:title\" content=\"Mu\u0161k\u00e1rsky bez protihrotov\u00fd h\u00e1\u010dik - HDS\/10 - DOHIKU\" \/>\n<meta property=\"og:description\" content=\"Str\u00edmrov\u00fd h\u00e1\u010dik HDS 10, je to str\u00edmrov\u00fd h\u00e1\u010dik ur\u010den\u00fd na lov pstruhov. Str\u00edmrov\u00fd h\u00e1\u010dik HDS 10, je to str\u00edmrov\u00fd h\u00e1\u010dik ur\u010den\u00fd na lov pstruhov. Str\u00edmrov\u00fd h\u00e1\u010dik HDS 10, je to str\u00edmrov\u00fd h\u00e1\u010dik ur\u010den\u00fd na lov pstruhov. Vhodn\u00fd je aj na viazanie l\u00far.  H\u00e1\u010diky DOHIKU s\u00fa vyroben\u00e9 z ocele s vysok\u00fdm obsahom uhl\u00edka, ktor\u00e1 je kalen\u00e1 a pop\u00fa\u0161\u0165an\u00e1 pod\u013ea pr\u00edsneho vzorca, ktor\u00fd im zaru\u010duje dlh\u00fa \u017eivotnos\u0165. Samozrejme, s\u00fa chemicky nabr\u00fasen\u00e9.  Povrchov\u00e1 \u00faprava - \u010dierny nikel. 25 h\u00e1\u010dikov v balen\u00ed.  Ru\u010dne trieden\u00e9.\" \/>\n<meta property=\"og:url\" content=\"https:\/\/dohiku.eu\/sk\/shop\/haciky\/muskarske-haciky-dohiku-bez-protihrotu\/muskarsky-bez-protihrotovy-hacik-hds-10\/\" \/>\n<meta property=\"og:site_name\" content=\"DOHIKU\" \/>\n<meta property=\"article:modified_time\" content=\"2026-04-21T08:42:14+00:00\" \/>\n<meta property=\"og:image\" content=\"https:\/\/dohiku.eu\/wp-content\/uploads\/2019\/03\/7-HDS10.jpg\" \/>\n\t<meta property=\"og:image:width\" content=\"1503\" \/>\n\t<meta property=\"og:image:height\" content=\"1027\" \/>\n\t<meta property=\"og:image:type\" content=\"image\/jpeg\" \/>\n<meta name=\"twitter:card\" content=\"summary_large_image\" \/>\n<meta name=\"twitter:label1\" content=\"Predpokladan\u00fd \u010das \u010d\u00edtania\" \/>\n\t<meta name=\"twitter:data1\" content=\"1 min\u00fata\" \/>\n<script type=\"application\/ld+json\" class=\"yoast-schema-graph\">{\"@context\":\"https:\\\/\\\/schema.org\",\"@graph\":[{\"@type\":\"WebPage\",\"@id\":\"https:\\\/\\\/dohiku.eu\\\/sk\\\/shop\\\/haciky\\\/muskarske-haciky-dohiku-bez-protihrotu\\\/muskarsky-bez-protihrotovy-hacik-hds-10\\\/\",\"url\":\"https:\\\/\\\/dohiku.eu\\\/sk\\\/shop\\\/haciky\\\/muskarske-haciky-dohiku-bez-protihrotu\\\/muskarsky-bez-protihrotovy-hacik-hds-10\\\/\",\"name\":\"Mu\u0161k\u00e1rsky bez protihrotov\u00fd h\u00e1\u010dik - HDS\\\/10 - DOHIKU\",\"isPartOf\":{\"@id\":\"https:\\\/\\\/dohiku.eu\\\/sk\\\/#website\"},\"primaryImageOfPage\":{\"@id\":\"https:\\\/\\\/dohiku.eu\\\/sk\\\/shop\\\/haciky\\\/muskarske-haciky-dohiku-bez-protihrotu\\\/muskarsky-bez-protihrotovy-hacik-hds-10\\\/#primaryimage\"},\"image\":{\"@id\":\"https:\\\/\\\/dohiku.eu\\\/sk\\\/shop\\\/haciky\\\/muskarske-haciky-dohiku-bez-protihrotu\\\/muskarsky-bez-protihrotovy-hacik-hds-10\\\/#primaryimage\"},\"thumbnailUrl\":\"https:\\\/\\\/dohiku.eu\\\/wp-content\\\/uploads\\\/2019\\\/03\\\/7-HDS10.jpg\",\"datePublished\":\"2019-03-01T12:01:40+00:00\",\"dateModified\":\"2026-04-21T08:42:14+00:00\",\"breadcrumb\":{\"@id\":\"https:\\\/\\\/dohiku.eu\\\/sk\\\/shop\\\/haciky\\\/muskarske-haciky-dohiku-bez-protihrotu\\\/muskarsky-bez-protihrotovy-hacik-hds-10\\\/#breadcrumb\"},\"inLanguage\":\"sk-SK\",\"potentialAction\":[{\"@type\":\"ReadAction\",\"target\":[\"https:\\\/\\\/dohiku.eu\\\/sk\\\/shop\\\/haciky\\\/muskarske-haciky-dohiku-bez-protihrotu\\\/muskarsky-bez-protihrotovy-hacik-hds-10\\\/\"]}]},{\"@type\":\"ImageObject\",\"inLanguage\":\"sk-SK\",\"@id\":\"https:\\\/\\\/dohiku.eu\\\/sk\\\/shop\\\/haciky\\\/muskarske-haciky-dohiku-bez-protihrotu\\\/muskarsky-bez-protihrotovy-hacik-hds-10\\\/#primaryimage\",\"url\":\"https:\\\/\\\/dohiku.eu\\\/wp-content\\\/uploads\\\/2019\\\/03\\\/7-HDS10.jpg\",\"contentUrl\":\"https:\\\/\\\/dohiku.eu\\\/wp-content\\\/uploads\\\/2019\\\/03\\\/7-HDS10.jpg\",\"width\":1503,\"height\":1027},{\"@type\":\"BreadcrumbList\",\"@id\":\"https:\\\/\\\/dohiku.eu\\\/sk\\\/shop\\\/haciky\\\/muskarske-haciky-dohiku-bez-protihrotu\\\/muskarsky-bez-protihrotovy-hacik-hds-10\\\/#breadcrumb\",\"itemListElement\":[{\"@type\":\"ListItem\",\"position\":1,\"name\":\"Home\",\"item\":\"https:\\\/\\\/dohiku.eu\\\/sk\\\/\"},{\"@type\":\"ListItem\",\"position\":2,\"name\":\"PRODUCTS\",\"item\":\"https:\\\/\\\/dohiku.eu\\\/sk\\\/products\\\/\"},{\"@type\":\"ListItem\",\"position\":3,\"name\":\"Mu\u0161k\u00e1rsky bez protihrotov\u00fd h\u00e1\u010dik &#8211; HDS\\\/10\"}]},{\"@type\":\"WebSite\",\"@id\":\"https:\\\/\\\/dohiku.eu\\\/sk\\\/#website\",\"url\":\"https:\\\/\\\/dohiku.eu\\\/sk\\\/\",\"name\":\"DOHIKU\",\"description\":\"H\u00e1\u010diky DOHIKU s\u00fa vyroben\u00e9 z vysoko uhl\u00edkovej ocele, ktor\u00e1 je kalen\u00e1 a pop\u00fa\u0161\u0165an\u00e1 pod\u013ea presn\u00e9ho receptu.\",\"publisher\":{\"@id\":\"https:\\\/\\\/dohiku.eu\\\/sk\\\/#organization\"},\"potentialAction\":[{\"@type\":\"SearchAction\",\"target\":{\"@type\":\"EntryPoint\",\"urlTemplate\":\"https:\\\/\\\/dohiku.eu\\\/sk\\\/?s={search_term_string}\"},\"query-input\":{\"@type\":\"PropertyValueSpecification\",\"valueRequired\":true,\"valueName\":\"search_term_string\"}}],\"inLanguage\":\"sk-SK\"},{\"@type\":\"Organization\",\"@id\":\"https:\\\/\\\/dohiku.eu\\\/sk\\\/#organization\",\"name\":\"DOHIKU s.r.o.\",\"url\":\"https:\\\/\\\/dohiku.eu\\\/sk\\\/\",\"logo\":{\"@type\":\"ImageObject\",\"inLanguage\":\"sk-SK\",\"@id\":\"https:\\\/\\\/dohiku.eu\\\/sk\\\/#\\\/schema\\\/logo\\\/image\\\/\",\"url\":\"https:\\\/\\\/dohiku.eu\\\/wp-content\\\/uploads\\\/2024\\\/01\\\/cropped-dohiku.png\",\"contentUrl\":\"https:\\\/\\\/dohiku.eu\\\/wp-content\\\/uploads\\\/2024\\\/01\\\/cropped-dohiku.png\",\"width\":137,\"height\":87,\"caption\":\"DOHIKU s.r.o.\"},\"image\":{\"@id\":\"https:\\\/\\\/dohiku.eu\\\/sk\\\/#\\\/schema\\\/logo\\\/image\\\/\"}}]}<\/script>\n<!-- \/ Yoast SEO plugin. -->","yoast_head_json":{"title":"Mu\u0161k\u00e1rsky bez protihrotov\u00fd h\u00e1\u010dik - HDS\/10 - DOHIKU","robots":{"index":"index","follow":"follow","max-snippet":"max-snippet:-1","max-image-preview":"max-image-preview:large","max-video-preview":"max-video-preview:-1"},"canonical":"https:\/\/dohiku.eu\/sk\/shop\/haciky\/muskarske-haciky-dohiku-bez-protihrotu\/muskarsky-bez-protihrotovy-hacik-hds-10\/","og_locale":"sk_SK","og_type":"article","og_title":"Mu\u0161k\u00e1rsky bez protihrotov\u00fd h\u00e1\u010dik - HDS\/10 - DOHIKU","og_description":"Str\u00edmrov\u00fd h\u00e1\u010dik HDS 10, je to str\u00edmrov\u00fd h\u00e1\u010dik ur\u010den\u00fd na lov pstruhov. Str\u00edmrov\u00fd h\u00e1\u010dik HDS 10, je to str\u00edmrov\u00fd h\u00e1\u010dik ur\u010den\u00fd na lov pstruhov. Str\u00edmrov\u00fd h\u00e1\u010dik HDS 10, je to str\u00edmrov\u00fd h\u00e1\u010dik ur\u010den\u00fd na lov pstruhov. Vhodn\u00fd je aj na viazanie l\u00far.  H\u00e1\u010diky DOHIKU s\u00fa vyroben\u00e9 z ocele s vysok\u00fdm obsahom uhl\u00edka, ktor\u00e1 je kalen\u00e1 a pop\u00fa\u0161\u0165an\u00e1 pod\u013ea pr\u00edsneho vzorca, ktor\u00fd im zaru\u010duje dlh\u00fa \u017eivotnos\u0165. Samozrejme, s\u00fa chemicky nabr\u00fasen\u00e9.  Povrchov\u00e1 \u00faprava - \u010dierny nikel. 25 h\u00e1\u010dikov v balen\u00ed.  Ru\u010dne trieden\u00e9.","og_url":"https:\/\/dohiku.eu\/sk\/shop\/haciky\/muskarske-haciky-dohiku-bez-protihrotu\/muskarsky-bez-protihrotovy-hacik-hds-10\/","og_site_name":"DOHIKU","article_modified_time":"2026-04-21T08:42:14+00:00","og_image":[{"width":1503,"height":1027,"url":"https:\/\/dohiku.eu\/wp-content\/uploads\/2019\/03\/7-HDS10.jpg","type":"image\/jpeg"}],"twitter_card":"summary_large_image","twitter_misc":{"Predpokladan\u00fd \u010das \u010d\u00edtania":"1 min\u00fata"},"schema":{"@context":"https:\/\/schema.org","@graph":[{"@type":"WebPage","@id":"https:\/\/dohiku.eu\/sk\/shop\/haciky\/muskarske-haciky-dohiku-bez-protihrotu\/muskarsky-bez-protihrotovy-hacik-hds-10\/","url":"https:\/\/dohiku.eu\/sk\/shop\/haciky\/muskarske-haciky-dohiku-bez-protihrotu\/muskarsky-bez-protihrotovy-hacik-hds-10\/","name":"Mu\u0161k\u00e1rsky bez protihrotov\u00fd h\u00e1\u010dik - HDS\/10 - DOHIKU","isPartOf":{"@id":"https:\/\/dohiku.eu\/sk\/#website"},"primaryImageOfPage":{"@id":"https:\/\/dohiku.eu\/sk\/shop\/haciky\/muskarske-haciky-dohiku-bez-protihrotu\/muskarsky-bez-protihrotovy-hacik-hds-10\/#primaryimage"},"image":{"@id":"https:\/\/dohiku.eu\/sk\/shop\/haciky\/muskarske-haciky-dohiku-bez-protihrotu\/muskarsky-bez-protihrotovy-hacik-hds-10\/#primaryimage"},"thumbnailUrl":"https:\/\/dohiku.eu\/wp-content\/uploads\/2019\/03\/7-HDS10.jpg","datePublished":"2019-03-01T12:01:40+00:00","dateModified":"2026-04-21T08:42:14+00:00","breadcrumb":{"@id":"https:\/\/dohiku.eu\/sk\/shop\/haciky\/muskarske-haciky-dohiku-bez-protihrotu\/muskarsky-bez-protihrotovy-hacik-hds-10\/#breadcrumb"},"inLanguage":"sk-SK","potentialAction":[{"@type":"ReadAction","target":["https:\/\/dohiku.eu\/sk\/shop\/haciky\/muskarske-haciky-dohiku-bez-protihrotu\/muskarsky-bez-protihrotovy-hacik-hds-10\/"]}]},{"@type":"ImageObject","inLanguage":"sk-SK","@id":"https:\/\/dohiku.eu\/sk\/shop\/haciky\/muskarske-haciky-dohiku-bez-protihrotu\/muskarsky-bez-protihrotovy-hacik-hds-10\/#primaryimage","url":"https:\/\/dohiku.eu\/wp-content\/uploads\/2019\/03\/7-HDS10.jpg","contentUrl":"https:\/\/dohiku.eu\/wp-content\/uploads\/2019\/03\/7-HDS10.jpg","width":1503,"height":1027},{"@type":"BreadcrumbList","@id":"https:\/\/dohiku.eu\/sk\/shop\/haciky\/muskarske-haciky-dohiku-bez-protihrotu\/muskarsky-bez-protihrotovy-hacik-hds-10\/#breadcrumb","itemListElement":[{"@type":"ListItem","position":1,"name":"Home","item":"https:\/\/dohiku.eu\/sk\/"},{"@type":"ListItem","position":2,"name":"PRODUCTS","item":"https:\/\/dohiku.eu\/sk\/products\/"},{"@type":"ListItem","position":3,"name":"Mu\u0161k\u00e1rsky bez protihrotov\u00fd h\u00e1\u010dik &#8211; HDS\/10"}]},{"@type":"WebSite","@id":"https:\/\/dohiku.eu\/sk\/#website","url":"https:\/\/dohiku.eu\/sk\/","name":"DOHIKU","description":"H\u00e1\u010diky DOHIKU s\u00fa vyroben\u00e9 z vysoko uhl\u00edkovej ocele, ktor\u00e1 je kalen\u00e1 a pop\u00fa\u0161\u0165an\u00e1 pod\u013ea presn\u00e9ho receptu.","publisher":{"@id":"https:\/\/dohiku.eu\/sk\/#organization"},"potentialAction":[{"@type":"SearchAction","target":{"@type":"EntryPoint","urlTemplate":"https:\/\/dohiku.eu\/sk\/?s={search_term_string}"},"query-input":{"@type":"PropertyValueSpecification","valueRequired":true,"valueName":"search_term_string"}}],"inLanguage":"sk-SK"},{"@type":"Organization","@id":"https:\/\/dohiku.eu\/sk\/#organization","name":"DOHIKU s.r.o.","url":"https:\/\/dohiku.eu\/sk\/","logo":{"@type":"ImageObject","inLanguage":"sk-SK","@id":"https:\/\/dohiku.eu\/sk\/#\/schema\/logo\/image\/","url":"https:\/\/dohiku.eu\/wp-content\/uploads\/2024\/01\/cropped-dohiku.png","contentUrl":"https:\/\/dohiku.eu\/wp-content\/uploads\/2024\/01\/cropped-dohiku.png","width":137,"height":87,"caption":"DOHIKU s.r.o."},"image":{"@id":"https:\/\/dohiku.eu\/sk\/#\/schema\/logo\/image\/"}}]}},"_links":{"self":[{"href":"https:\/\/dohiku.eu\/sk\/wp-json\/wp\/v2\/product\/8167","targetHints":{"allow":["GET"]}}],"collection":[{"href":"https:\/\/dohiku.eu\/sk\/wp-json\/wp\/v2\/product"}],"about":[{"href":"https:\/\/dohiku.eu\/sk\/wp-json\/wp\/v2\/types\/product"}],"replies":[{"embeddable":true,"href":"https:\/\/dohiku.eu\/sk\/wp-json\/wp\/v2\/comments?post=8167"}],"wp:featuredmedia":[{"embeddable":true,"href":"https:\/\/dohiku.eu\/sk\/wp-json\/wp\/v2\/media\/4684"}],"wp:attachment":[{"href":"https:\/\/dohiku.eu\/sk\/wp-json\/wp\/v2\/media?parent=8167"}],"wp:term":[{"taxonomy":"product_brand","embeddable":true,"href":"https:\/\/dohiku.eu\/sk\/wp-json\/wp\/v2\/product_brand?post=8167"},{"taxonomy":"product_cat","embeddable":true,"href":"https:\/\/dohiku.eu\/sk\/wp-json\/wp\/v2\/product_cat?post=8167"},{"taxonomy":"product_tag","embeddable":true,"href":"https:\/\/dohiku.eu\/sk\/wp-json\/wp\/v2\/product_tag?post=8167"}],"curies":[{"name":"wp","href":"https:\/\/api.w.org\/{rel}","templated":true}]}}