{"id":8010,"date":"2019-03-01T12:01:45","date_gmt":"2019-03-01T12:01:45","guid":{"rendered":"https:\/\/dohiku.eu\/shop\/nezaraden\u00e9\/cone-heads-silver\/"},"modified":"2024-02-11T10:28:40","modified_gmt":"2024-02-11T10:28:40","slug":"konicke-hlavicky-strieborne-hck-3-45","status":"publish","type":"product","link":"https:\/\/dohiku.eu\/sk\/shop\/viazacie-materialy\/gulocky\/konicke-hlavicky\/konicke-hlavicky-strieborne-hck-3-45\/","title":{"rendered":"K\u00f3nick\u00e9 Hlavi\u010dky, Strieborn\u00e9 &#8211; HCK 3 &#8211; 4,5"},"content":{"rendered":"<p>1 balenie &#8211; 10 ks. Priemer: 4,5 mm<\/p>\n<p>Mosadzn\u00e9 k\u00f3nick\u00e9 hlavi\u010dky maj\u00fa na mu\u0161ke dve \u00falohy. A to je up\u00fata\u0165 ryby (leskom, farbou) a druhou \u00falohou je, \u017ee tvoria z\u00e1\u0165a\u017e, aby sa Va\u0161e nymfa dostala bli\u017e\u0161ie ku dnu, kde je mu\u0161ka zvy\u010dajne naj\u00fa\u010dinnej\u0161ia. O\u00a0ve\u013ekej ob\u013eube t\u00fdchto mu\u0161iek nemus\u00edm ani\u00a0 h\u00e1dam \u00a0hovori\u0165. Ve\u010f pri vy\u0161\u0161\u00edch stavoch vody a obzvl\u00e1\u0161\u0165 na jar je to jedin\u00fd tromf \u00a0v ruk\u00e1ve.\u00a0<\/p>\n","protected":false},"excerpt":{"rendered":"<p>1 balenie &#8211; 10 ks. Priemer: 4,5 mm<\/p>\n<p>Mosadzn\u00e9 k\u00f3nick\u00e9 hlavi\u010dky maj\u00fa na mu\u0161ke dve \u00falohy. A to je up\u00fata\u0165 ryby (leskom, farbou) a druhou \u00falohou je, \u017ee tvoria z\u00e1\u0165a\u017e, aby sa Va\u0161e nymfa dostala bli\u017e\u0161ie ku dnu, kde je mu\u0161ka zvy\u010dajne naj\u00fa\u010dinnej\u0161ia. O\u00a0ve\u013ekej ob\u013eube t\u00fdchto mu\u0161iek nemus\u00edm ani\u00a0 h\u00e1dam \u00a0hovori\u0165. Ve\u010f pri vy\u0161\u0161\u00edch stavoch vody a obzvl\u00e1\u0161\u0165 na jar je to jedin\u00fd tromf \u00a0v ruk\u00e1ve.\u00a0<\/p>\n","protected":false},"featured_media":5175,"comment_status":"closed","ping_status":"closed","template":"","meta":[],"product_brand":[],"product_cat":[528,641,506,525],"product_tag":[815,816,718],"class_list":{"0":"post-8010","1":"product","2":"type-product","3":"status-publish","4":"has-post-thumbnail","6":"product_cat-gulocky","7":"product_cat-konicke-hlavicky","8":"product_cat-nezaradene","9":"product_cat-viazacie-materialy","10":"product_tag-heads-sk","11":"product_tag-materials-beads-cone-sk","12":"product_tag-tying-sk","14":"first","15":"instock","16":"taxable","17":"shipping-taxable","18":"purchasable","19":"product-type-simple"},"yoast_head":"<!-- This site is optimized with the Yoast SEO plugin v27.4 - https:\/\/yoast.com\/product\/yoast-seo-wordpress\/ -->\n<title>K\u00f3nick\u00e9 Hlavi\u010dky, Strieborn\u00e9 - HCK 3 - 4,5 - DOHIKU<\/title>\n<meta name=\"robots\" content=\"index, follow, max-snippet:-1, max-image-preview:large, max-video-preview:-1\" \/>\n<link rel=\"canonical\" href=\"https:\/\/dohiku.eu\/sk\/shop\/viazacie-materialy\/gulocky\/konicke-hlavicky\/konicke-hlavicky-strieborne-hck-3-45\/\" \/>\n<meta property=\"og:locale\" content=\"sk_SK\" \/>\n<meta property=\"og:type\" content=\"article\" \/>\n<meta property=\"og:title\" content=\"K\u00f3nick\u00e9 Hlavi\u010dky, Strieborn\u00e9 - HCK 3 - 4,5 - DOHIKU\" \/>\n<meta property=\"og:description\" content=\"1 balenie - 10 ks. Priemer: 4,5 mm Mosadzn\u00e9 k\u00f3nick\u00e9 hlavi\u010dky maj\u00fa na mu\u0161ke dve \u00falohy. A to je up\u00fata\u0165 ryby (leskom, farbou) a druhou \u00falohou je, \u017ee tvoria z\u00e1\u0165a\u017e, aby sa Va\u0161e nymfa dostala bli\u017e\u0161ie ku dnu, kde je mu\u0161ka zvy\u010dajne naj\u00fa\u010dinnej\u0161ia. O\u00a0ve\u013ekej ob\u013eube t\u00fdchto mu\u0161iek nemus\u00edm ani\u00a0 h\u00e1dam \u00a0hovori\u0165. Ve\u010f pri vy\u0161\u0161\u00edch stavoch vody a obzvl\u00e1\u0161\u0165 na jar je to jedin\u00fd tromf \u00a0v ruk\u00e1ve.\u00a0\" \/>\n<meta property=\"og:url\" content=\"https:\/\/dohiku.eu\/sk\/shop\/viazacie-materialy\/gulocky\/konicke-hlavicky\/konicke-hlavicky-strieborne-hck-3-45\/\" \/>\n<meta property=\"og:site_name\" content=\"DOHIKU\" \/>\n<meta property=\"article:modified_time\" content=\"2024-02-11T10:28:40+00:00\" \/>\n<meta property=\"og:image\" content=\"https:\/\/dohiku.eu\/wp-content\/uploads\/2019\/03\/1979-Cone-Heads-Silver-HCK-3.jpg\" \/>\n\t<meta property=\"og:image:width\" content=\"400\" \/>\n\t<meta property=\"og:image:height\" content=\"300\" \/>\n\t<meta property=\"og:image:type\" content=\"image\/jpeg\" \/>\n<meta name=\"twitter:card\" content=\"summary_large_image\" \/>\n<script type=\"application\/ld+json\" class=\"yoast-schema-graph\">{\"@context\":\"https:\\\/\\\/schema.org\",\"@graph\":[{\"@type\":\"WebPage\",\"@id\":\"https:\\\/\\\/dohiku.eu\\\/sk\\\/shop\\\/viazacie-materialy\\\/gulocky\\\/konicke-hlavicky\\\/konicke-hlavicky-strieborne-hck-3-45\\\/\",\"url\":\"https:\\\/\\\/dohiku.eu\\\/sk\\\/shop\\\/viazacie-materialy\\\/gulocky\\\/konicke-hlavicky\\\/konicke-hlavicky-strieborne-hck-3-45\\\/\",\"name\":\"K\u00f3nick\u00e9 Hlavi\u010dky, Strieborn\u00e9 - HCK 3 - 4,5 - DOHIKU\",\"isPartOf\":{\"@id\":\"https:\\\/\\\/dohiku.eu\\\/sk\\\/#website\"},\"primaryImageOfPage\":{\"@id\":\"https:\\\/\\\/dohiku.eu\\\/sk\\\/shop\\\/viazacie-materialy\\\/gulocky\\\/konicke-hlavicky\\\/konicke-hlavicky-strieborne-hck-3-45\\\/#primaryimage\"},\"image\":{\"@id\":\"https:\\\/\\\/dohiku.eu\\\/sk\\\/shop\\\/viazacie-materialy\\\/gulocky\\\/konicke-hlavicky\\\/konicke-hlavicky-strieborne-hck-3-45\\\/#primaryimage\"},\"thumbnailUrl\":\"https:\\\/\\\/dohiku.eu\\\/wp-content\\\/uploads\\\/2019\\\/03\\\/1979-Cone-Heads-Silver-HCK-3.jpg\",\"datePublished\":\"2019-03-01T12:01:45+00:00\",\"dateModified\":\"2024-02-11T10:28:40+00:00\",\"breadcrumb\":{\"@id\":\"https:\\\/\\\/dohiku.eu\\\/sk\\\/shop\\\/viazacie-materialy\\\/gulocky\\\/konicke-hlavicky\\\/konicke-hlavicky-strieborne-hck-3-45\\\/#breadcrumb\"},\"inLanguage\":\"sk-SK\",\"potentialAction\":[{\"@type\":\"ReadAction\",\"target\":[\"https:\\\/\\\/dohiku.eu\\\/sk\\\/shop\\\/viazacie-materialy\\\/gulocky\\\/konicke-hlavicky\\\/konicke-hlavicky-strieborne-hck-3-45\\\/\"]}]},{\"@type\":\"ImageObject\",\"inLanguage\":\"sk-SK\",\"@id\":\"https:\\\/\\\/dohiku.eu\\\/sk\\\/shop\\\/viazacie-materialy\\\/gulocky\\\/konicke-hlavicky\\\/konicke-hlavicky-strieborne-hck-3-45\\\/#primaryimage\",\"url\":\"https:\\\/\\\/dohiku.eu\\\/wp-content\\\/uploads\\\/2019\\\/03\\\/1979-Cone-Heads-Silver-HCK-3.jpg\",\"contentUrl\":\"https:\\\/\\\/dohiku.eu\\\/wp-content\\\/uploads\\\/2019\\\/03\\\/1979-Cone-Heads-Silver-HCK-3.jpg\",\"width\":400,\"height\":300},{\"@type\":\"BreadcrumbList\",\"@id\":\"https:\\\/\\\/dohiku.eu\\\/sk\\\/shop\\\/viazacie-materialy\\\/gulocky\\\/konicke-hlavicky\\\/konicke-hlavicky-strieborne-hck-3-45\\\/#breadcrumb\",\"itemListElement\":[{\"@type\":\"ListItem\",\"position\":1,\"name\":\"Home\",\"item\":\"https:\\\/\\\/dohiku.eu\\\/sk\\\/\"},{\"@type\":\"ListItem\",\"position\":2,\"name\":\"PRODUCTS\",\"item\":\"https:\\\/\\\/dohiku.eu\\\/sk\\\/products\\\/\"},{\"@type\":\"ListItem\",\"position\":3,\"name\":\"K\u00f3nick\u00e9 Hlavi\u010dky, Strieborn\u00e9 &#8211; HCK 3 &#8211; 4,5\"}]},{\"@type\":\"WebSite\",\"@id\":\"https:\\\/\\\/dohiku.eu\\\/sk\\\/#website\",\"url\":\"https:\\\/\\\/dohiku.eu\\\/sk\\\/\",\"name\":\"DOHIKU\",\"description\":\"H\u00e1\u010diky DOHIKU s\u00fa vyroben\u00e9 z vysoko uhl\u00edkovej ocele, ktor\u00e1 je kalen\u00e1 a pop\u00fa\u0161\u0165an\u00e1 pod\u013ea presn\u00e9ho receptu.\",\"publisher\":{\"@id\":\"https:\\\/\\\/dohiku.eu\\\/sk\\\/#organization\"},\"potentialAction\":[{\"@type\":\"SearchAction\",\"target\":{\"@type\":\"EntryPoint\",\"urlTemplate\":\"https:\\\/\\\/dohiku.eu\\\/sk\\\/?s={search_term_string}\"},\"query-input\":{\"@type\":\"PropertyValueSpecification\",\"valueRequired\":true,\"valueName\":\"search_term_string\"}}],\"inLanguage\":\"sk-SK\"},{\"@type\":\"Organization\",\"@id\":\"https:\\\/\\\/dohiku.eu\\\/sk\\\/#organization\",\"name\":\"DOHIKU s.r.o.\",\"url\":\"https:\\\/\\\/dohiku.eu\\\/sk\\\/\",\"logo\":{\"@type\":\"ImageObject\",\"inLanguage\":\"sk-SK\",\"@id\":\"https:\\\/\\\/dohiku.eu\\\/sk\\\/#\\\/schema\\\/logo\\\/image\\\/\",\"url\":\"https:\\\/\\\/dohiku.eu\\\/wp-content\\\/uploads\\\/2024\\\/01\\\/cropped-dohiku.png\",\"contentUrl\":\"https:\\\/\\\/dohiku.eu\\\/wp-content\\\/uploads\\\/2024\\\/01\\\/cropped-dohiku.png\",\"width\":137,\"height\":87,\"caption\":\"DOHIKU s.r.o.\"},\"image\":{\"@id\":\"https:\\\/\\\/dohiku.eu\\\/sk\\\/#\\\/schema\\\/logo\\\/image\\\/\"}}]}<\/script>\n<!-- \/ Yoast SEO plugin. -->","yoast_head_json":{"title":"K\u00f3nick\u00e9 Hlavi\u010dky, Strieborn\u00e9 - HCK 3 - 4,5 - DOHIKU","robots":{"index":"index","follow":"follow","max-snippet":"max-snippet:-1","max-image-preview":"max-image-preview:large","max-video-preview":"max-video-preview:-1"},"canonical":"https:\/\/dohiku.eu\/sk\/shop\/viazacie-materialy\/gulocky\/konicke-hlavicky\/konicke-hlavicky-strieborne-hck-3-45\/","og_locale":"sk_SK","og_type":"article","og_title":"K\u00f3nick\u00e9 Hlavi\u010dky, Strieborn\u00e9 - HCK 3 - 4,5 - DOHIKU","og_description":"1 balenie - 10 ks. Priemer: 4,5 mm Mosadzn\u00e9 k\u00f3nick\u00e9 hlavi\u010dky maj\u00fa na mu\u0161ke dve \u00falohy. A to je up\u00fata\u0165 ryby (leskom, farbou) a druhou \u00falohou je, \u017ee tvoria z\u00e1\u0165a\u017e, aby sa Va\u0161e nymfa dostala bli\u017e\u0161ie ku dnu, kde je mu\u0161ka zvy\u010dajne naj\u00fa\u010dinnej\u0161ia. O\u00a0ve\u013ekej ob\u013eube t\u00fdchto mu\u0161iek nemus\u00edm ani\u00a0 h\u00e1dam \u00a0hovori\u0165. Ve\u010f pri vy\u0161\u0161\u00edch stavoch vody a obzvl\u00e1\u0161\u0165 na jar je to jedin\u00fd tromf \u00a0v ruk\u00e1ve.\u00a0","og_url":"https:\/\/dohiku.eu\/sk\/shop\/viazacie-materialy\/gulocky\/konicke-hlavicky\/konicke-hlavicky-strieborne-hck-3-45\/","og_site_name":"DOHIKU","article_modified_time":"2024-02-11T10:28:40+00:00","og_image":[{"width":400,"height":300,"url":"https:\/\/dohiku.eu\/wp-content\/uploads\/2019\/03\/1979-Cone-Heads-Silver-HCK-3.jpg","type":"image\/jpeg"}],"twitter_card":"summary_large_image","schema":{"@context":"https:\/\/schema.org","@graph":[{"@type":"WebPage","@id":"https:\/\/dohiku.eu\/sk\/shop\/viazacie-materialy\/gulocky\/konicke-hlavicky\/konicke-hlavicky-strieborne-hck-3-45\/","url":"https:\/\/dohiku.eu\/sk\/shop\/viazacie-materialy\/gulocky\/konicke-hlavicky\/konicke-hlavicky-strieborne-hck-3-45\/","name":"K\u00f3nick\u00e9 Hlavi\u010dky, Strieborn\u00e9 - HCK 3 - 4,5 - DOHIKU","isPartOf":{"@id":"https:\/\/dohiku.eu\/sk\/#website"},"primaryImageOfPage":{"@id":"https:\/\/dohiku.eu\/sk\/shop\/viazacie-materialy\/gulocky\/konicke-hlavicky\/konicke-hlavicky-strieborne-hck-3-45\/#primaryimage"},"image":{"@id":"https:\/\/dohiku.eu\/sk\/shop\/viazacie-materialy\/gulocky\/konicke-hlavicky\/konicke-hlavicky-strieborne-hck-3-45\/#primaryimage"},"thumbnailUrl":"https:\/\/dohiku.eu\/wp-content\/uploads\/2019\/03\/1979-Cone-Heads-Silver-HCK-3.jpg","datePublished":"2019-03-01T12:01:45+00:00","dateModified":"2024-02-11T10:28:40+00:00","breadcrumb":{"@id":"https:\/\/dohiku.eu\/sk\/shop\/viazacie-materialy\/gulocky\/konicke-hlavicky\/konicke-hlavicky-strieborne-hck-3-45\/#breadcrumb"},"inLanguage":"sk-SK","potentialAction":[{"@type":"ReadAction","target":["https:\/\/dohiku.eu\/sk\/shop\/viazacie-materialy\/gulocky\/konicke-hlavicky\/konicke-hlavicky-strieborne-hck-3-45\/"]}]},{"@type":"ImageObject","inLanguage":"sk-SK","@id":"https:\/\/dohiku.eu\/sk\/shop\/viazacie-materialy\/gulocky\/konicke-hlavicky\/konicke-hlavicky-strieborne-hck-3-45\/#primaryimage","url":"https:\/\/dohiku.eu\/wp-content\/uploads\/2019\/03\/1979-Cone-Heads-Silver-HCK-3.jpg","contentUrl":"https:\/\/dohiku.eu\/wp-content\/uploads\/2019\/03\/1979-Cone-Heads-Silver-HCK-3.jpg","width":400,"height":300},{"@type":"BreadcrumbList","@id":"https:\/\/dohiku.eu\/sk\/shop\/viazacie-materialy\/gulocky\/konicke-hlavicky\/konicke-hlavicky-strieborne-hck-3-45\/#breadcrumb","itemListElement":[{"@type":"ListItem","position":1,"name":"Home","item":"https:\/\/dohiku.eu\/sk\/"},{"@type":"ListItem","position":2,"name":"PRODUCTS","item":"https:\/\/dohiku.eu\/sk\/products\/"},{"@type":"ListItem","position":3,"name":"K\u00f3nick\u00e9 Hlavi\u010dky, Strieborn\u00e9 &#8211; HCK 3 &#8211; 4,5"}]},{"@type":"WebSite","@id":"https:\/\/dohiku.eu\/sk\/#website","url":"https:\/\/dohiku.eu\/sk\/","name":"DOHIKU","description":"H\u00e1\u010diky DOHIKU s\u00fa vyroben\u00e9 z vysoko uhl\u00edkovej ocele, ktor\u00e1 je kalen\u00e1 a pop\u00fa\u0161\u0165an\u00e1 pod\u013ea presn\u00e9ho receptu.","publisher":{"@id":"https:\/\/dohiku.eu\/sk\/#organization"},"potentialAction":[{"@type":"SearchAction","target":{"@type":"EntryPoint","urlTemplate":"https:\/\/dohiku.eu\/sk\/?s={search_term_string}"},"query-input":{"@type":"PropertyValueSpecification","valueRequired":true,"valueName":"search_term_string"}}],"inLanguage":"sk-SK"},{"@type":"Organization","@id":"https:\/\/dohiku.eu\/sk\/#organization","name":"DOHIKU s.r.o.","url":"https:\/\/dohiku.eu\/sk\/","logo":{"@type":"ImageObject","inLanguage":"sk-SK","@id":"https:\/\/dohiku.eu\/sk\/#\/schema\/logo\/image\/","url":"https:\/\/dohiku.eu\/wp-content\/uploads\/2024\/01\/cropped-dohiku.png","contentUrl":"https:\/\/dohiku.eu\/wp-content\/uploads\/2024\/01\/cropped-dohiku.png","width":137,"height":87,"caption":"DOHIKU s.r.o."},"image":{"@id":"https:\/\/dohiku.eu\/sk\/#\/schema\/logo\/image\/"}}]}},"_links":{"self":[{"href":"https:\/\/dohiku.eu\/sk\/wp-json\/wp\/v2\/product\/8010","targetHints":{"allow":["GET"]}}],"collection":[{"href":"https:\/\/dohiku.eu\/sk\/wp-json\/wp\/v2\/product"}],"about":[{"href":"https:\/\/dohiku.eu\/sk\/wp-json\/wp\/v2\/types\/product"}],"replies":[{"embeddable":true,"href":"https:\/\/dohiku.eu\/sk\/wp-json\/wp\/v2\/comments?post=8010"}],"wp:featuredmedia":[{"embeddable":true,"href":"https:\/\/dohiku.eu\/sk\/wp-json\/wp\/v2\/media\/5175"}],"wp:attachment":[{"href":"https:\/\/dohiku.eu\/sk\/wp-json\/wp\/v2\/media?parent=8010"}],"wp:term":[{"taxonomy":"product_brand","embeddable":true,"href":"https:\/\/dohiku.eu\/sk\/wp-json\/wp\/v2\/product_brand?post=8010"},{"taxonomy":"product_cat","embeddable":true,"href":"https:\/\/dohiku.eu\/sk\/wp-json\/wp\/v2\/product_cat?post=8010"},{"taxonomy":"product_tag","embeddable":true,"href":"https:\/\/dohiku.eu\/sk\/wp-json\/wp\/v2\/product_tag?post=8010"}],"curies":[{"name":"wp","href":"https:\/\/api.w.org\/{rel}","templated":true}]}}