{"id":7976,"date":"2019-03-01T12:01:46","date_gmt":"2019-03-01T12:01:46","guid":{"rendered":"https:\/\/dohiku.eu\/shop\/nezaraden\u00e9\/peacock-natural\/"},"modified":"2026-03-16T14:22:19","modified_gmt":"2026-03-16T14:22:19","slug":"peacock-natural","status":"publish","type":"product","link":"https:\/\/dohiku.eu\/sk\/shop\/viazacie-materialy\/perie\/peacock-natural\/","title":{"rendered":"P\u00e1v &#8211; Natural PZ01"},"content":{"rendered":"<p>Zo\u0161it\u00e9 p\u00e1vie l\u00fa\u010de (chvost). Perie z chvosta p\u00e1va, tento tradi\u010dn\u00fd pr\u00edrodn\u00fd materi\u00e1l dobre pozn\u00e1 ka\u017ed\u00fd mu\u0161k\u00e1r. Pou\u017e\u00edva sa pri viazan\u00ed tielok palmerov\u00fdch mu\u0161iek napodob\u0148uj\u00facich n\u00e1letov\u00fd hmyz, ako aj hrude pakom\u00e1rov. Driapan\u00fd pav\u00fd l\u00fa\u010d, hlavne oko sa uplatnuje pri viazan\u00ed tielok mu\u0161iek (podenky, pakom\u00e1re). Pr\u00edrodn\u00e9: PZ 1. \u010cerven\u00e9: PZ 2.<\/p>\n","protected":false},"excerpt":{"rendered":"<p>Zo\u0161it\u00e9 p\u00e1vie l\u00fa\u010de (chvost). Perie z chvosta p\u00e1va, tento tradi\u010dn\u00fd pr\u00edrodn\u00fd materi\u00e1l dobre pozn\u00e1 ka\u017ed\u00fd mu\u0161k\u00e1r. Pou\u017e\u00edva sa pri viazan\u00ed tielok palmerov\u00fdch mu\u0161iek napodob\u0148uj\u00facich n\u00e1letov\u00fd hmyz, ako aj hrude pakom\u00e1rov. Driapan\u00fd pav\u00fd l\u00fa\u010d, hlavne oko sa uplatnuje pri viazan\u00ed tielok mu\u0161iek (podenky, pakom\u00e1re). Pr\u00edrodn\u00e9: PZ 1. \u010cerven\u00e9: PZ 2.<\/p>\n","protected":false},"featured_media":5246,"comment_status":"closed","ping_status":"closed","template":"","meta":[],"product_brand":[],"product_cat":[525,515,818],"product_tag":[819,718],"class_list":{"0":"post-7976","1":"product","2":"type-product","3":"status-publish","4":"has-post-thumbnail","6":"product_cat-viazacie-materialy","7":"product_cat-perie","8":"product_cat-pav","9":"product_tag-materials-feathers-peacock-sk","10":"product_tag-tying-sk","12":"first","13":"instock","14":"taxable","15":"shipping-taxable","16":"purchasable","17":"product-type-simple"},"yoast_head":"<!-- This site is optimized with the Yoast SEO plugin v27.5 - https:\/\/yoast.com\/product\/yoast-seo-wordpress\/ -->\n<title>P\u00e1v - Natural PZ01 - DOHIKU<\/title>\n<meta name=\"robots\" content=\"index, follow, max-snippet:-1, max-image-preview:large, max-video-preview:-1\" \/>\n<link rel=\"canonical\" href=\"https:\/\/dohiku.eu\/sk\/shop\/viazacie-materialy\/perie\/peacock-natural\/\" \/>\n<meta property=\"og:locale\" content=\"sk_SK\" \/>\n<meta property=\"og:type\" content=\"article\" \/>\n<meta property=\"og:title\" content=\"P\u00e1v - Natural PZ01 - DOHIKU\" \/>\n<meta property=\"og:description\" content=\"Zo\u0161it\u00e9 p\u00e1vie l\u00fa\u010de (chvost). Perie z chvosta p\u00e1va, tento tradi\u010dn\u00fd pr\u00edrodn\u00fd materi\u00e1l dobre pozn\u00e1 ka\u017ed\u00fd mu\u0161k\u00e1r. Pou\u017e\u00edva sa pri viazan\u00ed tielok palmerov\u00fdch mu\u0161iek napodob\u0148uj\u00facich n\u00e1letov\u00fd hmyz, ako aj hrude pakom\u00e1rov. Driapan\u00fd pav\u00fd l\u00fa\u010d, hlavne oko sa uplatnuje pri viazan\u00ed tielok mu\u0161iek (podenky, pakom\u00e1re). Pr\u00edrodn\u00e9: PZ 1. \u010cerven\u00e9: PZ 2.\" \/>\n<meta property=\"og:url\" content=\"https:\/\/dohiku.eu\/sk\/shop\/viazacie-materialy\/perie\/peacock-natural\/\" \/>\n<meta property=\"og:site_name\" content=\"DOHIKU\" \/>\n<meta property=\"article:modified_time\" content=\"2026-03-16T14:22:19+00:00\" \/>\n<meta property=\"og:image\" content=\"https:\/\/dohiku.eu\/wp-content\/uploads\/2019\/03\/597-Peacock-Natural-scaled.jpg\" \/>\n\t<meta property=\"og:image:width\" content=\"588\" \/>\n\t<meta property=\"og:image:height\" content=\"2560\" \/>\n\t<meta property=\"og:image:type\" content=\"image\/jpeg\" \/>\n<meta name=\"twitter:card\" content=\"summary_large_image\" \/>\n<script type=\"application\/ld+json\" class=\"yoast-schema-graph\">{\"@context\":\"https:\\\/\\\/schema.org\",\"@graph\":[{\"@type\":\"WebPage\",\"@id\":\"https:\\\/\\\/dohiku.eu\\\/sk\\\/shop\\\/viazacie-materialy\\\/perie\\\/peacock-natural\\\/\",\"url\":\"https:\\\/\\\/dohiku.eu\\\/sk\\\/shop\\\/viazacie-materialy\\\/perie\\\/peacock-natural\\\/\",\"name\":\"P\u00e1v - Natural PZ01 - DOHIKU\",\"isPartOf\":{\"@id\":\"https:\\\/\\\/dohiku.eu\\\/sk\\\/#website\"},\"primaryImageOfPage\":{\"@id\":\"https:\\\/\\\/dohiku.eu\\\/sk\\\/shop\\\/viazacie-materialy\\\/perie\\\/peacock-natural\\\/#primaryimage\"},\"image\":{\"@id\":\"https:\\\/\\\/dohiku.eu\\\/sk\\\/shop\\\/viazacie-materialy\\\/perie\\\/peacock-natural\\\/#primaryimage\"},\"thumbnailUrl\":\"https:\\\/\\\/dohiku.eu\\\/wp-content\\\/uploads\\\/2019\\\/03\\\/597-Peacock-Natural-scaled.jpg\",\"datePublished\":\"2019-03-01T12:01:46+00:00\",\"dateModified\":\"2026-03-16T14:22:19+00:00\",\"breadcrumb\":{\"@id\":\"https:\\\/\\\/dohiku.eu\\\/sk\\\/shop\\\/viazacie-materialy\\\/perie\\\/peacock-natural\\\/#breadcrumb\"},\"inLanguage\":\"sk-SK\",\"potentialAction\":[{\"@type\":\"ReadAction\",\"target\":[\"https:\\\/\\\/dohiku.eu\\\/sk\\\/shop\\\/viazacie-materialy\\\/perie\\\/peacock-natural\\\/\"]}]},{\"@type\":\"ImageObject\",\"inLanguage\":\"sk-SK\",\"@id\":\"https:\\\/\\\/dohiku.eu\\\/sk\\\/shop\\\/viazacie-materialy\\\/perie\\\/peacock-natural\\\/#primaryimage\",\"url\":\"https:\\\/\\\/dohiku.eu\\\/wp-content\\\/uploads\\\/2019\\\/03\\\/597-Peacock-Natural-scaled.jpg\",\"contentUrl\":\"https:\\\/\\\/dohiku.eu\\\/wp-content\\\/uploads\\\/2019\\\/03\\\/597-Peacock-Natural-scaled.jpg\",\"width\":588,\"height\":2560},{\"@type\":\"BreadcrumbList\",\"@id\":\"https:\\\/\\\/dohiku.eu\\\/sk\\\/shop\\\/viazacie-materialy\\\/perie\\\/peacock-natural\\\/#breadcrumb\",\"itemListElement\":[{\"@type\":\"ListItem\",\"position\":1,\"name\":\"Home\",\"item\":\"https:\\\/\\\/dohiku.eu\\\/sk\\\/\"},{\"@type\":\"ListItem\",\"position\":2,\"name\":\"PRODUCTS\",\"item\":\"https:\\\/\\\/dohiku.eu\\\/sk\\\/products\\\/\"},{\"@type\":\"ListItem\",\"position\":3,\"name\":\"P\u00e1v &#8211; Natural PZ01\"}]},{\"@type\":\"WebSite\",\"@id\":\"https:\\\/\\\/dohiku.eu\\\/sk\\\/#website\",\"url\":\"https:\\\/\\\/dohiku.eu\\\/sk\\\/\",\"name\":\"DOHIKU\",\"description\":\"H\u00e1\u010diky DOHIKU s\u00fa vyroben\u00e9 z vysoko uhl\u00edkovej ocele, ktor\u00e1 je kalen\u00e1 a pop\u00fa\u0161\u0165an\u00e1 pod\u013ea presn\u00e9ho receptu.\",\"publisher\":{\"@id\":\"https:\\\/\\\/dohiku.eu\\\/sk\\\/#organization\"},\"potentialAction\":[{\"@type\":\"SearchAction\",\"target\":{\"@type\":\"EntryPoint\",\"urlTemplate\":\"https:\\\/\\\/dohiku.eu\\\/sk\\\/?s={search_term_string}\"},\"query-input\":{\"@type\":\"PropertyValueSpecification\",\"valueRequired\":true,\"valueName\":\"search_term_string\"}}],\"inLanguage\":\"sk-SK\"},{\"@type\":\"Organization\",\"@id\":\"https:\\\/\\\/dohiku.eu\\\/sk\\\/#organization\",\"name\":\"DOHIKU s.r.o.\",\"url\":\"https:\\\/\\\/dohiku.eu\\\/sk\\\/\",\"logo\":{\"@type\":\"ImageObject\",\"inLanguage\":\"sk-SK\",\"@id\":\"https:\\\/\\\/dohiku.eu\\\/sk\\\/#\\\/schema\\\/logo\\\/image\\\/\",\"url\":\"https:\\\/\\\/dohiku.eu\\\/wp-content\\\/uploads\\\/2024\\\/01\\\/cropped-dohiku.png\",\"contentUrl\":\"https:\\\/\\\/dohiku.eu\\\/wp-content\\\/uploads\\\/2024\\\/01\\\/cropped-dohiku.png\",\"width\":137,\"height\":87,\"caption\":\"DOHIKU s.r.o.\"},\"image\":{\"@id\":\"https:\\\/\\\/dohiku.eu\\\/sk\\\/#\\\/schema\\\/logo\\\/image\\\/\"}}]}<\/script>\n<!-- \/ Yoast SEO plugin. -->","yoast_head_json":{"title":"P\u00e1v - Natural PZ01 - DOHIKU","robots":{"index":"index","follow":"follow","max-snippet":"max-snippet:-1","max-image-preview":"max-image-preview:large","max-video-preview":"max-video-preview:-1"},"canonical":"https:\/\/dohiku.eu\/sk\/shop\/viazacie-materialy\/perie\/peacock-natural\/","og_locale":"sk_SK","og_type":"article","og_title":"P\u00e1v - Natural PZ01 - DOHIKU","og_description":"Zo\u0161it\u00e9 p\u00e1vie l\u00fa\u010de (chvost). Perie z chvosta p\u00e1va, tento tradi\u010dn\u00fd pr\u00edrodn\u00fd materi\u00e1l dobre pozn\u00e1 ka\u017ed\u00fd mu\u0161k\u00e1r. Pou\u017e\u00edva sa pri viazan\u00ed tielok palmerov\u00fdch mu\u0161iek napodob\u0148uj\u00facich n\u00e1letov\u00fd hmyz, ako aj hrude pakom\u00e1rov. Driapan\u00fd pav\u00fd l\u00fa\u010d, hlavne oko sa uplatnuje pri viazan\u00ed tielok mu\u0161iek (podenky, pakom\u00e1re). Pr\u00edrodn\u00e9: PZ 1. \u010cerven\u00e9: PZ 2.","og_url":"https:\/\/dohiku.eu\/sk\/shop\/viazacie-materialy\/perie\/peacock-natural\/","og_site_name":"DOHIKU","article_modified_time":"2026-03-16T14:22:19+00:00","og_image":[{"width":588,"height":2560,"url":"https:\/\/dohiku.eu\/wp-content\/uploads\/2019\/03\/597-Peacock-Natural-scaled.jpg","type":"image\/jpeg"}],"twitter_card":"summary_large_image","schema":{"@context":"https:\/\/schema.org","@graph":[{"@type":"WebPage","@id":"https:\/\/dohiku.eu\/sk\/shop\/viazacie-materialy\/perie\/peacock-natural\/","url":"https:\/\/dohiku.eu\/sk\/shop\/viazacie-materialy\/perie\/peacock-natural\/","name":"P\u00e1v - Natural PZ01 - DOHIKU","isPartOf":{"@id":"https:\/\/dohiku.eu\/sk\/#website"},"primaryImageOfPage":{"@id":"https:\/\/dohiku.eu\/sk\/shop\/viazacie-materialy\/perie\/peacock-natural\/#primaryimage"},"image":{"@id":"https:\/\/dohiku.eu\/sk\/shop\/viazacie-materialy\/perie\/peacock-natural\/#primaryimage"},"thumbnailUrl":"https:\/\/dohiku.eu\/wp-content\/uploads\/2019\/03\/597-Peacock-Natural-scaled.jpg","datePublished":"2019-03-01T12:01:46+00:00","dateModified":"2026-03-16T14:22:19+00:00","breadcrumb":{"@id":"https:\/\/dohiku.eu\/sk\/shop\/viazacie-materialy\/perie\/peacock-natural\/#breadcrumb"},"inLanguage":"sk-SK","potentialAction":[{"@type":"ReadAction","target":["https:\/\/dohiku.eu\/sk\/shop\/viazacie-materialy\/perie\/peacock-natural\/"]}]},{"@type":"ImageObject","inLanguage":"sk-SK","@id":"https:\/\/dohiku.eu\/sk\/shop\/viazacie-materialy\/perie\/peacock-natural\/#primaryimage","url":"https:\/\/dohiku.eu\/wp-content\/uploads\/2019\/03\/597-Peacock-Natural-scaled.jpg","contentUrl":"https:\/\/dohiku.eu\/wp-content\/uploads\/2019\/03\/597-Peacock-Natural-scaled.jpg","width":588,"height":2560},{"@type":"BreadcrumbList","@id":"https:\/\/dohiku.eu\/sk\/shop\/viazacie-materialy\/perie\/peacock-natural\/#breadcrumb","itemListElement":[{"@type":"ListItem","position":1,"name":"Home","item":"https:\/\/dohiku.eu\/sk\/"},{"@type":"ListItem","position":2,"name":"PRODUCTS","item":"https:\/\/dohiku.eu\/sk\/products\/"},{"@type":"ListItem","position":3,"name":"P\u00e1v &#8211; Natural PZ01"}]},{"@type":"WebSite","@id":"https:\/\/dohiku.eu\/sk\/#website","url":"https:\/\/dohiku.eu\/sk\/","name":"DOHIKU","description":"H\u00e1\u010diky DOHIKU s\u00fa vyroben\u00e9 z vysoko uhl\u00edkovej ocele, ktor\u00e1 je kalen\u00e1 a pop\u00fa\u0161\u0165an\u00e1 pod\u013ea presn\u00e9ho receptu.","publisher":{"@id":"https:\/\/dohiku.eu\/sk\/#organization"},"potentialAction":[{"@type":"SearchAction","target":{"@type":"EntryPoint","urlTemplate":"https:\/\/dohiku.eu\/sk\/?s={search_term_string}"},"query-input":{"@type":"PropertyValueSpecification","valueRequired":true,"valueName":"search_term_string"}}],"inLanguage":"sk-SK"},{"@type":"Organization","@id":"https:\/\/dohiku.eu\/sk\/#organization","name":"DOHIKU s.r.o.","url":"https:\/\/dohiku.eu\/sk\/","logo":{"@type":"ImageObject","inLanguage":"sk-SK","@id":"https:\/\/dohiku.eu\/sk\/#\/schema\/logo\/image\/","url":"https:\/\/dohiku.eu\/wp-content\/uploads\/2024\/01\/cropped-dohiku.png","contentUrl":"https:\/\/dohiku.eu\/wp-content\/uploads\/2024\/01\/cropped-dohiku.png","width":137,"height":87,"caption":"DOHIKU s.r.o."},"image":{"@id":"https:\/\/dohiku.eu\/sk\/#\/schema\/logo\/image\/"}}]}},"_links":{"self":[{"href":"https:\/\/dohiku.eu\/sk\/wp-json\/wp\/v2\/product\/7976","targetHints":{"allow":["GET"]}}],"collection":[{"href":"https:\/\/dohiku.eu\/sk\/wp-json\/wp\/v2\/product"}],"about":[{"href":"https:\/\/dohiku.eu\/sk\/wp-json\/wp\/v2\/types\/product"}],"replies":[{"embeddable":true,"href":"https:\/\/dohiku.eu\/sk\/wp-json\/wp\/v2\/comments?post=7976"}],"wp:featuredmedia":[{"embeddable":true,"href":"https:\/\/dohiku.eu\/sk\/wp-json\/wp\/v2\/media\/5246"}],"wp:attachment":[{"href":"https:\/\/dohiku.eu\/sk\/wp-json\/wp\/v2\/media?parent=7976"}],"wp:term":[{"taxonomy":"product_brand","embeddable":true,"href":"https:\/\/dohiku.eu\/sk\/wp-json\/wp\/v2\/product_brand?post=7976"},{"taxonomy":"product_cat","embeddable":true,"href":"https:\/\/dohiku.eu\/sk\/wp-json\/wp\/v2\/product_cat?post=7976"},{"taxonomy":"product_tag","embeddable":true,"href":"https:\/\/dohiku.eu\/sk\/wp-json\/wp\/v2\/product_tag?post=7976"}],"curies":[{"name":"wp","href":"https:\/\/api.w.org\/{rel}","templated":true}]}}