{"id":7923,"date":"2019-03-01T12:02:00","date_gmt":"2019-03-01T12:02:00","guid":{"rendered":"https:\/\/dohiku.eu\/shop\/nezaraden\u00e9\/hdt4-dohiku-stinger\/"},"modified":"2025-04-11T08:55:31","modified_gmt":"2025-04-11T08:55:31","slug":"stimrovy-hacik-typu-stinger-dohiku-hdt-4","status":"publish","type":"product","link":"https:\/\/dohiku.eu\/sk\/shop\/haciky\/muskarske-haciky-dohiku-bez-protihrotu\/stimrovy-hacik-typu-stinger-dohiku-hdt-4\/","title":{"rendered":"HDT\/4 &#8211; DOHIKU Stinger"},"content":{"rendered":"<div dir=\"ltr\">\n<div dir=\"ltr\">\n<div dir=\"ltr\">\n<p>Modely h\u00e1kov HDT DOHIKU s\u00fa ozna\u010den\u00e9 ako &#8220; STINGER DESIGN &#8222;. Tieto \u00fa\u017easn\u00e9 h\u00e1ky DOHIKU HDT zvl\u00e1dnu ak\u00fako\u013evek pr\u00e1cu. Vynikaj\u00faco sa hodia na \u0161\u0165uky, ostrie\u017ee s jele\u0148ovit\u00fdmi vlasmi, vari\u00e1cie Clouser Minnow, hlav\u00e1tky, pstruhy, zub\u00e1\u010de, sumce a \u010fal\u0161ie. Super ostr\u00fd hrot, hi-carbon, chemicky ostren\u00e9. 15 ks v balen\u00ed.     <\/p>\n<p>D\u013a\u017eka: 30,0 mm<\/p>\n<\/p><\/div>\n<div class=\"gmail_extra\"><span class=\"im\"><span class=\"im\"><strong>Ru\u010dne trieden\u00e9.<\/strong><\/span><\/span><\/div>\n<div class=\"gmail_extra\"><span class=\"im\"><strong><\/strong>Vyroben\u00e9 v Japonsku<\/span><\/div>\n<\/p><\/div>\n<\/p><\/div>\n","protected":false},"excerpt":{"rendered":"<div dir=\"ltr\">\n<p><span>Modely h\u00e1kov HDT DOHIKU s\u00fa ozna\u010den\u00e9 ako &#8220; STINGER DESIGN &#8222;. Tieto \u00fa\u017easn\u00e9 h\u00e1ky DOHIKU HDT zvl\u00e1dnu ak\u00fako\u013evek pr\u00e1cu. Vynikaj\u00faco sa hodia na \u0161\u0165uky, ostrie\u017ee s jele\u0148ovit\u00fdmi vlasmi, vari\u00e1cie Clouser Minnow, hlav\u00e1tky, pstruhy, zub\u00e1\u010de, sumce a \u010fal\u0161ie. Super ostr\u00fd hrot, hi-carbon, chemicky ostren\u00e9.   <\/span>  15 ks v balen\u00ed. <\/p>\n<p>D\u013a\u017eka: 30,0 mm<\/p>\n<\/p><\/div>\n<div class=\"gmail_extra\"><span class=\"im\"><span class=\"im\"><strong>Ru\u010dne trieden\u00e9.<\/strong><\/span><\/span><\/div>\n<div class=\"gmail_extra\"><span class=\"im\"><strong><\/strong>Vyroben\u00e9 v Japonsku<\/span><\/div>\n","protected":false},"featured_media":6345,"comment_status":"closed","ping_status":"closed","template":"","meta":[],"product_brand":[],"product_cat":[567,509],"product_tag":[],"class_list":{"0":"post-7923","1":"product","2":"type-product","3":"status-publish","4":"has-post-thumbnail","6":"product_cat-dohiku-hdt-stinger-streamers-hooks-sk","7":"product_cat-muskarske-haciky-dohiku-bez-protihrotu","9":"first","10":"instock","11":"taxable","12":"shipping-taxable","13":"purchasable","14":"product-type-simple"},"yoast_head":"<!-- This site is optimized with the Yoast SEO plugin v27.4 - https:\/\/yoast.com\/product\/yoast-seo-wordpress\/ -->\n<title>HDT\/4 - DOHIKU Stinger - DOHIKU<\/title>\n<meta name=\"robots\" content=\"index, follow, max-snippet:-1, max-image-preview:large, max-video-preview:-1\" \/>\n<link rel=\"canonical\" href=\"https:\/\/dohiku.eu\/sk\/shop\/haciky\/muskarske-haciky-dohiku-bez-protihrotu\/stimrovy-hacik-typu-stinger-dohiku-hdt-4\/\" \/>\n<meta property=\"og:locale\" content=\"sk_SK\" \/>\n<meta property=\"og:type\" content=\"article\" \/>\n<meta property=\"og:title\" content=\"HDT\/4 - DOHIKU Stinger - DOHIKU\" \/>\n<meta property=\"og:description\" content=\"Modely h\u00e1kov HDT DOHIKU s\u00fa ozna\u010den\u00e9 ako &#039;&#039; STINGER DESIGN &quot;. Tieto \u00fa\u017easn\u00e9 h\u00e1ky DOHIKU HDT zvl\u00e1dnu ak\u00fako\u013evek pr\u00e1cu. Vynikaj\u00faco sa hodia na \u0161\u0165uky, ostrie\u017ee s jele\u0148ovit\u00fdmi vlasmi, vari\u00e1cie Clouser Minnow, hlav\u00e1tky, pstruhy, zub\u00e1\u010de, sumce a \u010fal\u0161ie. Super ostr\u00fd hrot, hi-carbon, chemicky ostren\u00e9.   15 ks v balen\u00ed. D\u013a\u017eka: 30,0 mm Ru\u010dne trieden\u00e9. Vyroben\u00e9 v Japonsku\" \/>\n<meta property=\"og:url\" content=\"https:\/\/dohiku.eu\/sk\/shop\/haciky\/muskarske-haciky-dohiku-bez-protihrotu\/stimrovy-hacik-typu-stinger-dohiku-hdt-4\/\" \/>\n<meta property=\"og:site_name\" content=\"DOHIKU\" \/>\n<meta property=\"article:modified_time\" content=\"2025-04-11T08:55:31+00:00\" \/>\n<meta property=\"og:image\" content=\"https:\/\/dohiku.eu\/wp-content\/uploads\/2019\/03\/1746-HDT4-DOHIKU-Stinger.jpg\" \/>\n\t<meta property=\"og:image:width\" content=\"2274\" \/>\n\t<meta property=\"og:image:height\" content=\"1374\" \/>\n\t<meta property=\"og:image:type\" content=\"image\/jpeg\" \/>\n<meta name=\"twitter:card\" content=\"summary_large_image\" \/>\n<script type=\"application\/ld+json\" class=\"yoast-schema-graph\">{\"@context\":\"https:\\\/\\\/schema.org\",\"@graph\":[{\"@type\":\"WebPage\",\"@id\":\"https:\\\/\\\/dohiku.eu\\\/sk\\\/shop\\\/haciky\\\/muskarske-haciky-dohiku-bez-protihrotu\\\/stimrovy-hacik-typu-stinger-dohiku-hdt-4\\\/\",\"url\":\"https:\\\/\\\/dohiku.eu\\\/sk\\\/shop\\\/haciky\\\/muskarske-haciky-dohiku-bez-protihrotu\\\/stimrovy-hacik-typu-stinger-dohiku-hdt-4\\\/\",\"name\":\"HDT\\\/4 - DOHIKU Stinger - DOHIKU\",\"isPartOf\":{\"@id\":\"https:\\\/\\\/dohiku.eu\\\/sk\\\/#website\"},\"primaryImageOfPage\":{\"@id\":\"https:\\\/\\\/dohiku.eu\\\/sk\\\/shop\\\/haciky\\\/muskarske-haciky-dohiku-bez-protihrotu\\\/stimrovy-hacik-typu-stinger-dohiku-hdt-4\\\/#primaryimage\"},\"image\":{\"@id\":\"https:\\\/\\\/dohiku.eu\\\/sk\\\/shop\\\/haciky\\\/muskarske-haciky-dohiku-bez-protihrotu\\\/stimrovy-hacik-typu-stinger-dohiku-hdt-4\\\/#primaryimage\"},\"thumbnailUrl\":\"https:\\\/\\\/dohiku.eu\\\/wp-content\\\/uploads\\\/2019\\\/03\\\/1746-HDT4-DOHIKU-Stinger.jpg\",\"datePublished\":\"2019-03-01T12:02:00+00:00\",\"dateModified\":\"2025-04-11T08:55:31+00:00\",\"breadcrumb\":{\"@id\":\"https:\\\/\\\/dohiku.eu\\\/sk\\\/shop\\\/haciky\\\/muskarske-haciky-dohiku-bez-protihrotu\\\/stimrovy-hacik-typu-stinger-dohiku-hdt-4\\\/#breadcrumb\"},\"inLanguage\":\"sk-SK\",\"potentialAction\":[{\"@type\":\"ReadAction\",\"target\":[\"https:\\\/\\\/dohiku.eu\\\/sk\\\/shop\\\/haciky\\\/muskarske-haciky-dohiku-bez-protihrotu\\\/stimrovy-hacik-typu-stinger-dohiku-hdt-4\\\/\"]}]},{\"@type\":\"ImageObject\",\"inLanguage\":\"sk-SK\",\"@id\":\"https:\\\/\\\/dohiku.eu\\\/sk\\\/shop\\\/haciky\\\/muskarske-haciky-dohiku-bez-protihrotu\\\/stimrovy-hacik-typu-stinger-dohiku-hdt-4\\\/#primaryimage\",\"url\":\"https:\\\/\\\/dohiku.eu\\\/wp-content\\\/uploads\\\/2019\\\/03\\\/1746-HDT4-DOHIKU-Stinger.jpg\",\"contentUrl\":\"https:\\\/\\\/dohiku.eu\\\/wp-content\\\/uploads\\\/2019\\\/03\\\/1746-HDT4-DOHIKU-Stinger.jpg\",\"width\":2274,\"height\":1374},{\"@type\":\"BreadcrumbList\",\"@id\":\"https:\\\/\\\/dohiku.eu\\\/sk\\\/shop\\\/haciky\\\/muskarske-haciky-dohiku-bez-protihrotu\\\/stimrovy-hacik-typu-stinger-dohiku-hdt-4\\\/#breadcrumb\",\"itemListElement\":[{\"@type\":\"ListItem\",\"position\":1,\"name\":\"Home\",\"item\":\"https:\\\/\\\/dohiku.eu\\\/sk\\\/\"},{\"@type\":\"ListItem\",\"position\":2,\"name\":\"PRODUCTS\",\"item\":\"https:\\\/\\\/dohiku.eu\\\/sk\\\/products\\\/\"},{\"@type\":\"ListItem\",\"position\":3,\"name\":\"HDT\\\/4 &#8211; DOHIKU Stinger\"}]},{\"@type\":\"WebSite\",\"@id\":\"https:\\\/\\\/dohiku.eu\\\/sk\\\/#website\",\"url\":\"https:\\\/\\\/dohiku.eu\\\/sk\\\/\",\"name\":\"DOHIKU\",\"description\":\"H\u00e1\u010diky DOHIKU s\u00fa vyroben\u00e9 z vysoko uhl\u00edkovej ocele, ktor\u00e1 je kalen\u00e1 a pop\u00fa\u0161\u0165an\u00e1 pod\u013ea presn\u00e9ho receptu.\",\"publisher\":{\"@id\":\"https:\\\/\\\/dohiku.eu\\\/sk\\\/#organization\"},\"potentialAction\":[{\"@type\":\"SearchAction\",\"target\":{\"@type\":\"EntryPoint\",\"urlTemplate\":\"https:\\\/\\\/dohiku.eu\\\/sk\\\/?s={search_term_string}\"},\"query-input\":{\"@type\":\"PropertyValueSpecification\",\"valueRequired\":true,\"valueName\":\"search_term_string\"}}],\"inLanguage\":\"sk-SK\"},{\"@type\":\"Organization\",\"@id\":\"https:\\\/\\\/dohiku.eu\\\/sk\\\/#organization\",\"name\":\"DOHIKU s.r.o.\",\"url\":\"https:\\\/\\\/dohiku.eu\\\/sk\\\/\",\"logo\":{\"@type\":\"ImageObject\",\"inLanguage\":\"sk-SK\",\"@id\":\"https:\\\/\\\/dohiku.eu\\\/sk\\\/#\\\/schema\\\/logo\\\/image\\\/\",\"url\":\"https:\\\/\\\/dohiku.eu\\\/wp-content\\\/uploads\\\/2024\\\/01\\\/cropped-dohiku.png\",\"contentUrl\":\"https:\\\/\\\/dohiku.eu\\\/wp-content\\\/uploads\\\/2024\\\/01\\\/cropped-dohiku.png\",\"width\":137,\"height\":87,\"caption\":\"DOHIKU s.r.o.\"},\"image\":{\"@id\":\"https:\\\/\\\/dohiku.eu\\\/sk\\\/#\\\/schema\\\/logo\\\/image\\\/\"}}]}<\/script>\n<!-- \/ Yoast SEO plugin. -->","yoast_head_json":{"title":"HDT\/4 - DOHIKU Stinger - DOHIKU","robots":{"index":"index","follow":"follow","max-snippet":"max-snippet:-1","max-image-preview":"max-image-preview:large","max-video-preview":"max-video-preview:-1"},"canonical":"https:\/\/dohiku.eu\/sk\/shop\/haciky\/muskarske-haciky-dohiku-bez-protihrotu\/stimrovy-hacik-typu-stinger-dohiku-hdt-4\/","og_locale":"sk_SK","og_type":"article","og_title":"HDT\/4 - DOHIKU Stinger - DOHIKU","og_description":"Modely h\u00e1kov HDT DOHIKU s\u00fa ozna\u010den\u00e9 ako '' STINGER DESIGN \". Tieto \u00fa\u017easn\u00e9 h\u00e1ky DOHIKU HDT zvl\u00e1dnu ak\u00fako\u013evek pr\u00e1cu. Vynikaj\u00faco sa hodia na \u0161\u0165uky, ostrie\u017ee s jele\u0148ovit\u00fdmi vlasmi, vari\u00e1cie Clouser Minnow, hlav\u00e1tky, pstruhy, zub\u00e1\u010de, sumce a \u010fal\u0161ie. Super ostr\u00fd hrot, hi-carbon, chemicky ostren\u00e9.   15 ks v balen\u00ed. D\u013a\u017eka: 30,0 mm Ru\u010dne trieden\u00e9. Vyroben\u00e9 v Japonsku","og_url":"https:\/\/dohiku.eu\/sk\/shop\/haciky\/muskarske-haciky-dohiku-bez-protihrotu\/stimrovy-hacik-typu-stinger-dohiku-hdt-4\/","og_site_name":"DOHIKU","article_modified_time":"2025-04-11T08:55:31+00:00","og_image":[{"width":2274,"height":1374,"url":"https:\/\/dohiku.eu\/wp-content\/uploads\/2019\/03\/1746-HDT4-DOHIKU-Stinger.jpg","type":"image\/jpeg"}],"twitter_card":"summary_large_image","schema":{"@context":"https:\/\/schema.org","@graph":[{"@type":"WebPage","@id":"https:\/\/dohiku.eu\/sk\/shop\/haciky\/muskarske-haciky-dohiku-bez-protihrotu\/stimrovy-hacik-typu-stinger-dohiku-hdt-4\/","url":"https:\/\/dohiku.eu\/sk\/shop\/haciky\/muskarske-haciky-dohiku-bez-protihrotu\/stimrovy-hacik-typu-stinger-dohiku-hdt-4\/","name":"HDT\/4 - DOHIKU Stinger - DOHIKU","isPartOf":{"@id":"https:\/\/dohiku.eu\/sk\/#website"},"primaryImageOfPage":{"@id":"https:\/\/dohiku.eu\/sk\/shop\/haciky\/muskarske-haciky-dohiku-bez-protihrotu\/stimrovy-hacik-typu-stinger-dohiku-hdt-4\/#primaryimage"},"image":{"@id":"https:\/\/dohiku.eu\/sk\/shop\/haciky\/muskarske-haciky-dohiku-bez-protihrotu\/stimrovy-hacik-typu-stinger-dohiku-hdt-4\/#primaryimage"},"thumbnailUrl":"https:\/\/dohiku.eu\/wp-content\/uploads\/2019\/03\/1746-HDT4-DOHIKU-Stinger.jpg","datePublished":"2019-03-01T12:02:00+00:00","dateModified":"2025-04-11T08:55:31+00:00","breadcrumb":{"@id":"https:\/\/dohiku.eu\/sk\/shop\/haciky\/muskarske-haciky-dohiku-bez-protihrotu\/stimrovy-hacik-typu-stinger-dohiku-hdt-4\/#breadcrumb"},"inLanguage":"sk-SK","potentialAction":[{"@type":"ReadAction","target":["https:\/\/dohiku.eu\/sk\/shop\/haciky\/muskarske-haciky-dohiku-bez-protihrotu\/stimrovy-hacik-typu-stinger-dohiku-hdt-4\/"]}]},{"@type":"ImageObject","inLanguage":"sk-SK","@id":"https:\/\/dohiku.eu\/sk\/shop\/haciky\/muskarske-haciky-dohiku-bez-protihrotu\/stimrovy-hacik-typu-stinger-dohiku-hdt-4\/#primaryimage","url":"https:\/\/dohiku.eu\/wp-content\/uploads\/2019\/03\/1746-HDT4-DOHIKU-Stinger.jpg","contentUrl":"https:\/\/dohiku.eu\/wp-content\/uploads\/2019\/03\/1746-HDT4-DOHIKU-Stinger.jpg","width":2274,"height":1374},{"@type":"BreadcrumbList","@id":"https:\/\/dohiku.eu\/sk\/shop\/haciky\/muskarske-haciky-dohiku-bez-protihrotu\/stimrovy-hacik-typu-stinger-dohiku-hdt-4\/#breadcrumb","itemListElement":[{"@type":"ListItem","position":1,"name":"Home","item":"https:\/\/dohiku.eu\/sk\/"},{"@type":"ListItem","position":2,"name":"PRODUCTS","item":"https:\/\/dohiku.eu\/sk\/products\/"},{"@type":"ListItem","position":3,"name":"HDT\/4 &#8211; DOHIKU Stinger"}]},{"@type":"WebSite","@id":"https:\/\/dohiku.eu\/sk\/#website","url":"https:\/\/dohiku.eu\/sk\/","name":"DOHIKU","description":"H\u00e1\u010diky DOHIKU s\u00fa vyroben\u00e9 z vysoko uhl\u00edkovej ocele, ktor\u00e1 je kalen\u00e1 a pop\u00fa\u0161\u0165an\u00e1 pod\u013ea presn\u00e9ho receptu.","publisher":{"@id":"https:\/\/dohiku.eu\/sk\/#organization"},"potentialAction":[{"@type":"SearchAction","target":{"@type":"EntryPoint","urlTemplate":"https:\/\/dohiku.eu\/sk\/?s={search_term_string}"},"query-input":{"@type":"PropertyValueSpecification","valueRequired":true,"valueName":"search_term_string"}}],"inLanguage":"sk-SK"},{"@type":"Organization","@id":"https:\/\/dohiku.eu\/sk\/#organization","name":"DOHIKU s.r.o.","url":"https:\/\/dohiku.eu\/sk\/","logo":{"@type":"ImageObject","inLanguage":"sk-SK","@id":"https:\/\/dohiku.eu\/sk\/#\/schema\/logo\/image\/","url":"https:\/\/dohiku.eu\/wp-content\/uploads\/2024\/01\/cropped-dohiku.png","contentUrl":"https:\/\/dohiku.eu\/wp-content\/uploads\/2024\/01\/cropped-dohiku.png","width":137,"height":87,"caption":"DOHIKU s.r.o."},"image":{"@id":"https:\/\/dohiku.eu\/sk\/#\/schema\/logo\/image\/"}}]}},"_links":{"self":[{"href":"https:\/\/dohiku.eu\/sk\/wp-json\/wp\/v2\/product\/7923","targetHints":{"allow":["GET"]}}],"collection":[{"href":"https:\/\/dohiku.eu\/sk\/wp-json\/wp\/v2\/product"}],"about":[{"href":"https:\/\/dohiku.eu\/sk\/wp-json\/wp\/v2\/types\/product"}],"replies":[{"embeddable":true,"href":"https:\/\/dohiku.eu\/sk\/wp-json\/wp\/v2\/comments?post=7923"}],"wp:featuredmedia":[{"embeddable":true,"href":"https:\/\/dohiku.eu\/sk\/wp-json\/wp\/v2\/media\/6345"}],"wp:attachment":[{"href":"https:\/\/dohiku.eu\/sk\/wp-json\/wp\/v2\/media?parent=7923"}],"wp:term":[{"taxonomy":"product_brand","embeddable":true,"href":"https:\/\/dohiku.eu\/sk\/wp-json\/wp\/v2\/product_brand?post=7923"},{"taxonomy":"product_cat","embeddable":true,"href":"https:\/\/dohiku.eu\/sk\/wp-json\/wp\/v2\/product_cat?post=7923"},{"taxonomy":"product_tag","embeddable":true,"href":"https:\/\/dohiku.eu\/sk\/wp-json\/wp\/v2\/product_tag?post=7923"}],"curies":[{"name":"wp","href":"https:\/\/api.w.org\/{rel}","templated":true}]}}