{"id":7852,"date":"2019-03-01T12:01:47","date_gmt":"2019-03-01T12:01:47","guid":{"rendered":"https:\/\/dohiku.eu\/shop\/nezaraden\u00e9\/grey-code-nv-80-03\/"},"modified":"2025-11-18T20:07:34","modified_gmt":"2025-11-18T20:07:34","slug":"grey-code-nv-80-03","status":"publish","type":"product","link":"https:\/\/dohiku.eu\/sk\/shop\/viazacie-materialy\/nite-lametky-a-drotiky\/viazacie-nite-nv-80\/grey-code-nv-80-03\/","title":{"rendered":"Viazacia ni\u0165 &#8211; siv\u00e1 , NV80\/03"},"content":{"rendered":"<p>Viazacia ni\u0165 NV80\/03, \u0161ed\u00fd odtie\u0148 m\u00e1 hlavn\u00e9 uplatnenie pri viazan\u00ed subim\u00e1g podeniek a to hlavne jesenn\u00fdch vzorov. M\u00f4\u017eeme ho  pou\u017e\u00edva\u0165 e\u0161te na siv\u00e9 vzory im\u00e1g poto\u010dn\u00edkov, ktor\u00e9 s\u00fa akt\u00edvne aj cez letn\u00e9 mesiace.<\/p>\n<p>Hr\u00fabka nite: 80 Den.<\/p>\n<p>100 m. Farba: \u0160ed\u00e1<\/p>\n<p>\u0160\u00edrka cievky: 3,3 cm<\/p>\n<p>Priemer cievky: 2,5 cm<\/p>\n","protected":false},"excerpt":{"rendered":"<p>Viazacia ni\u0165 NV80\/03, \u0161ed\u00fd odtie\u0148 m\u00e1 hlavn\u00e9 uplatnenie pri viazan\u00ed subim\u00e1g podeniek a to hlavne jesenn\u00fdch vzorov. M\u00f4\u017eeme ho  pou\u017e\u00edva\u0165 e\u0161te na siv\u00e9 vzory im\u00e1g poto\u010dn\u00edkov, ktor\u00e9 s\u00fa akt\u00edvne aj cez letn\u00e9 mesiace.<\/p>\n<p>Hr\u00fabka nite: 80 Den.<\/p>\n<p>100 m. Farba: \u0160ed\u00e1<\/p>\n<p>\u0160\u00edrka cievky: 3,3 cm<\/p>\n<p>Priemer cievky: 2,5 cm<\/p>\n","protected":false},"featured_media":5298,"comment_status":"closed","ping_status":"closed","template":"","meta":[],"product_brand":[],"product_cat":[511,525,538,778],"product_tag":[779,669,727,780,734,728,718,781],"class_list":{"0":"post-7852","1":"product","2":"type-product","3":"status-publish","4":"has-post-thumbnail","6":"product_cat-haciky","7":"product_cat-viazacie-materialy","8":"product_cat-nite-lametky-a-drotiky","9":"product_cat-viazacie-nite-nv-80","10":"product_tag-80-sk","11":"product_tag-and-sk","12":"product_tag-materials-thread-sk","13":"product_tag-nv-sk","14":"product_tag-threads-sk","15":"product_tag-tinsel-sk","16":"product_tag-tying-sk","17":"product_tag-wire-tying-sk","19":"first","20":"instock","21":"taxable","22":"shipping-taxable","23":"purchasable","24":"product-type-simple"},"yoast_head":"<!-- This site is optimized with the Yoast SEO plugin v27.4 - https:\/\/yoast.com\/product\/yoast-seo-wordpress\/ -->\n<title>Viazacia ni\u0165 - siv\u00e1 , NV80\/03 - DOHIKU<\/title>\n<meta name=\"robots\" content=\"index, follow, max-snippet:-1, max-image-preview:large, max-video-preview:-1\" \/>\n<link rel=\"canonical\" href=\"https:\/\/dohiku.eu\/sk\/shop\/viazacie-materialy\/nite-lametky-a-drotiky\/viazacie-nite-nv-80\/grey-code-nv-80-03\/\" \/>\n<meta property=\"og:locale\" content=\"sk_SK\" \/>\n<meta property=\"og:type\" content=\"article\" \/>\n<meta property=\"og:title\" content=\"Viazacia ni\u0165 - siv\u00e1 , NV80\/03 - DOHIKU\" \/>\n<meta property=\"og:description\" content=\"Viazacia ni\u0165 NV80\/03, \u0161ed\u00fd odtie\u0148 m\u00e1 hlavn\u00e9 uplatnenie pri viazan\u00ed subim\u00e1g podeniek a to hlavne jesenn\u00fdch vzorov. M\u00f4\u017eeme ho pou\u017e\u00edva\u0165 e\u0161te na siv\u00e9 vzory im\u00e1g poto\u010dn\u00edkov, ktor\u00e9 s\u00fa akt\u00edvne aj cez letn\u00e9 mesiace.  Hr\u00fabka nite: 80 Den.  100 m. Farba: \u0160ed\u00e1  \u0160\u00edrka cievky: 3,3 cm  Priemer cievky: 2,5 cm\" \/>\n<meta property=\"og:url\" content=\"https:\/\/dohiku.eu\/sk\/shop\/viazacie-materialy\/nite-lametky-a-drotiky\/viazacie-nite-nv-80\/grey-code-nv-80-03\/\" \/>\n<meta property=\"og:site_name\" content=\"DOHIKU\" \/>\n<meta property=\"article:modified_time\" content=\"2025-11-18T20:07:34+00:00\" \/>\n<meta property=\"og:image\" content=\"https:\/\/dohiku.eu\/wp-content\/uploads\/2019\/03\/2448-Tying-Thread-Grey-NV8003.jpg\" \/>\n\t<meta property=\"og:image:width\" content=\"1449\" \/>\n\t<meta property=\"og:image:height\" content=\"1690\" \/>\n\t<meta property=\"og:image:type\" content=\"image\/jpeg\" \/>\n<meta name=\"twitter:card\" content=\"summary_large_image\" \/>\n<meta name=\"twitter:label1\" content=\"Predpokladan\u00fd \u010das \u010d\u00edtania\" \/>\n\t<meta name=\"twitter:data1\" content=\"1 min\u00fata\" \/>\n<script type=\"application\/ld+json\" class=\"yoast-schema-graph\">{\"@context\":\"https:\\\/\\\/schema.org\",\"@graph\":[{\"@type\":\"WebPage\",\"@id\":\"https:\\\/\\\/dohiku.eu\\\/sk\\\/shop\\\/viazacie-materialy\\\/nite-lametky-a-drotiky\\\/viazacie-nite-nv-80\\\/grey-code-nv-80-03\\\/\",\"url\":\"https:\\\/\\\/dohiku.eu\\\/sk\\\/shop\\\/viazacie-materialy\\\/nite-lametky-a-drotiky\\\/viazacie-nite-nv-80\\\/grey-code-nv-80-03\\\/\",\"name\":\"Viazacia ni\u0165 - siv\u00e1 , NV80\\\/03 - DOHIKU\",\"isPartOf\":{\"@id\":\"https:\\\/\\\/dohiku.eu\\\/sk\\\/#website\"},\"primaryImageOfPage\":{\"@id\":\"https:\\\/\\\/dohiku.eu\\\/sk\\\/shop\\\/viazacie-materialy\\\/nite-lametky-a-drotiky\\\/viazacie-nite-nv-80\\\/grey-code-nv-80-03\\\/#primaryimage\"},\"image\":{\"@id\":\"https:\\\/\\\/dohiku.eu\\\/sk\\\/shop\\\/viazacie-materialy\\\/nite-lametky-a-drotiky\\\/viazacie-nite-nv-80\\\/grey-code-nv-80-03\\\/#primaryimage\"},\"thumbnailUrl\":\"https:\\\/\\\/dohiku.eu\\\/wp-content\\\/uploads\\\/2019\\\/03\\\/2448-Tying-Thread-Grey-NV8003.jpg\",\"datePublished\":\"2019-03-01T12:01:47+00:00\",\"dateModified\":\"2025-11-18T20:07:34+00:00\",\"breadcrumb\":{\"@id\":\"https:\\\/\\\/dohiku.eu\\\/sk\\\/shop\\\/viazacie-materialy\\\/nite-lametky-a-drotiky\\\/viazacie-nite-nv-80\\\/grey-code-nv-80-03\\\/#breadcrumb\"},\"inLanguage\":\"sk-SK\",\"potentialAction\":[{\"@type\":\"ReadAction\",\"target\":[\"https:\\\/\\\/dohiku.eu\\\/sk\\\/shop\\\/viazacie-materialy\\\/nite-lametky-a-drotiky\\\/viazacie-nite-nv-80\\\/grey-code-nv-80-03\\\/\"]}]},{\"@type\":\"ImageObject\",\"inLanguage\":\"sk-SK\",\"@id\":\"https:\\\/\\\/dohiku.eu\\\/sk\\\/shop\\\/viazacie-materialy\\\/nite-lametky-a-drotiky\\\/viazacie-nite-nv-80\\\/grey-code-nv-80-03\\\/#primaryimage\",\"url\":\"https:\\\/\\\/dohiku.eu\\\/wp-content\\\/uploads\\\/2019\\\/03\\\/2448-Tying-Thread-Grey-NV8003.jpg\",\"contentUrl\":\"https:\\\/\\\/dohiku.eu\\\/wp-content\\\/uploads\\\/2019\\\/03\\\/2448-Tying-Thread-Grey-NV8003.jpg\",\"width\":1449,\"height\":1690},{\"@type\":\"BreadcrumbList\",\"@id\":\"https:\\\/\\\/dohiku.eu\\\/sk\\\/shop\\\/viazacie-materialy\\\/nite-lametky-a-drotiky\\\/viazacie-nite-nv-80\\\/grey-code-nv-80-03\\\/#breadcrumb\",\"itemListElement\":[{\"@type\":\"ListItem\",\"position\":1,\"name\":\"Home\",\"item\":\"https:\\\/\\\/dohiku.eu\\\/sk\\\/\"},{\"@type\":\"ListItem\",\"position\":2,\"name\":\"PRODUCTS\",\"item\":\"https:\\\/\\\/dohiku.eu\\\/sk\\\/products\\\/\"},{\"@type\":\"ListItem\",\"position\":3,\"name\":\"Viazacia ni\u0165 &#8211; siv\u00e1 , NV80\\\/03\"}]},{\"@type\":\"WebSite\",\"@id\":\"https:\\\/\\\/dohiku.eu\\\/sk\\\/#website\",\"url\":\"https:\\\/\\\/dohiku.eu\\\/sk\\\/\",\"name\":\"DOHIKU\",\"description\":\"H\u00e1\u010diky DOHIKU s\u00fa vyroben\u00e9 z vysoko uhl\u00edkovej ocele, ktor\u00e1 je kalen\u00e1 a pop\u00fa\u0161\u0165an\u00e1 pod\u013ea presn\u00e9ho receptu.\",\"publisher\":{\"@id\":\"https:\\\/\\\/dohiku.eu\\\/sk\\\/#organization\"},\"potentialAction\":[{\"@type\":\"SearchAction\",\"target\":{\"@type\":\"EntryPoint\",\"urlTemplate\":\"https:\\\/\\\/dohiku.eu\\\/sk\\\/?s={search_term_string}\"},\"query-input\":{\"@type\":\"PropertyValueSpecification\",\"valueRequired\":true,\"valueName\":\"search_term_string\"}}],\"inLanguage\":\"sk-SK\"},{\"@type\":\"Organization\",\"@id\":\"https:\\\/\\\/dohiku.eu\\\/sk\\\/#organization\",\"name\":\"DOHIKU s.r.o.\",\"url\":\"https:\\\/\\\/dohiku.eu\\\/sk\\\/\",\"logo\":{\"@type\":\"ImageObject\",\"inLanguage\":\"sk-SK\",\"@id\":\"https:\\\/\\\/dohiku.eu\\\/sk\\\/#\\\/schema\\\/logo\\\/image\\\/\",\"url\":\"https:\\\/\\\/dohiku.eu\\\/wp-content\\\/uploads\\\/2024\\\/01\\\/cropped-dohiku.png\",\"contentUrl\":\"https:\\\/\\\/dohiku.eu\\\/wp-content\\\/uploads\\\/2024\\\/01\\\/cropped-dohiku.png\",\"width\":137,\"height\":87,\"caption\":\"DOHIKU s.r.o.\"},\"image\":{\"@id\":\"https:\\\/\\\/dohiku.eu\\\/sk\\\/#\\\/schema\\\/logo\\\/image\\\/\"}}]}<\/script>\n<!-- \/ Yoast SEO plugin. -->","yoast_head_json":{"title":"Viazacia ni\u0165 - siv\u00e1 , NV80\/03 - DOHIKU","robots":{"index":"index","follow":"follow","max-snippet":"max-snippet:-1","max-image-preview":"max-image-preview:large","max-video-preview":"max-video-preview:-1"},"canonical":"https:\/\/dohiku.eu\/sk\/shop\/viazacie-materialy\/nite-lametky-a-drotiky\/viazacie-nite-nv-80\/grey-code-nv-80-03\/","og_locale":"sk_SK","og_type":"article","og_title":"Viazacia ni\u0165 - siv\u00e1 , NV80\/03 - DOHIKU","og_description":"Viazacia ni\u0165 NV80\/03, \u0161ed\u00fd odtie\u0148 m\u00e1 hlavn\u00e9 uplatnenie pri viazan\u00ed subim\u00e1g podeniek a to hlavne jesenn\u00fdch vzorov. M\u00f4\u017eeme ho pou\u017e\u00edva\u0165 e\u0161te na siv\u00e9 vzory im\u00e1g poto\u010dn\u00edkov, ktor\u00e9 s\u00fa akt\u00edvne aj cez letn\u00e9 mesiace.  Hr\u00fabka nite: 80 Den.  100 m. Farba: \u0160ed\u00e1  \u0160\u00edrka cievky: 3,3 cm  Priemer cievky: 2,5 cm","og_url":"https:\/\/dohiku.eu\/sk\/shop\/viazacie-materialy\/nite-lametky-a-drotiky\/viazacie-nite-nv-80\/grey-code-nv-80-03\/","og_site_name":"DOHIKU","article_modified_time":"2025-11-18T20:07:34+00:00","og_image":[{"width":1449,"height":1690,"url":"https:\/\/dohiku.eu\/wp-content\/uploads\/2019\/03\/2448-Tying-Thread-Grey-NV8003.jpg","type":"image\/jpeg"}],"twitter_card":"summary_large_image","twitter_misc":{"Predpokladan\u00fd \u010das \u010d\u00edtania":"1 min\u00fata"},"schema":{"@context":"https:\/\/schema.org","@graph":[{"@type":"WebPage","@id":"https:\/\/dohiku.eu\/sk\/shop\/viazacie-materialy\/nite-lametky-a-drotiky\/viazacie-nite-nv-80\/grey-code-nv-80-03\/","url":"https:\/\/dohiku.eu\/sk\/shop\/viazacie-materialy\/nite-lametky-a-drotiky\/viazacie-nite-nv-80\/grey-code-nv-80-03\/","name":"Viazacia ni\u0165 - siv\u00e1 , NV80\/03 - DOHIKU","isPartOf":{"@id":"https:\/\/dohiku.eu\/sk\/#website"},"primaryImageOfPage":{"@id":"https:\/\/dohiku.eu\/sk\/shop\/viazacie-materialy\/nite-lametky-a-drotiky\/viazacie-nite-nv-80\/grey-code-nv-80-03\/#primaryimage"},"image":{"@id":"https:\/\/dohiku.eu\/sk\/shop\/viazacie-materialy\/nite-lametky-a-drotiky\/viazacie-nite-nv-80\/grey-code-nv-80-03\/#primaryimage"},"thumbnailUrl":"https:\/\/dohiku.eu\/wp-content\/uploads\/2019\/03\/2448-Tying-Thread-Grey-NV8003.jpg","datePublished":"2019-03-01T12:01:47+00:00","dateModified":"2025-11-18T20:07:34+00:00","breadcrumb":{"@id":"https:\/\/dohiku.eu\/sk\/shop\/viazacie-materialy\/nite-lametky-a-drotiky\/viazacie-nite-nv-80\/grey-code-nv-80-03\/#breadcrumb"},"inLanguage":"sk-SK","potentialAction":[{"@type":"ReadAction","target":["https:\/\/dohiku.eu\/sk\/shop\/viazacie-materialy\/nite-lametky-a-drotiky\/viazacie-nite-nv-80\/grey-code-nv-80-03\/"]}]},{"@type":"ImageObject","inLanguage":"sk-SK","@id":"https:\/\/dohiku.eu\/sk\/shop\/viazacie-materialy\/nite-lametky-a-drotiky\/viazacie-nite-nv-80\/grey-code-nv-80-03\/#primaryimage","url":"https:\/\/dohiku.eu\/wp-content\/uploads\/2019\/03\/2448-Tying-Thread-Grey-NV8003.jpg","contentUrl":"https:\/\/dohiku.eu\/wp-content\/uploads\/2019\/03\/2448-Tying-Thread-Grey-NV8003.jpg","width":1449,"height":1690},{"@type":"BreadcrumbList","@id":"https:\/\/dohiku.eu\/sk\/shop\/viazacie-materialy\/nite-lametky-a-drotiky\/viazacie-nite-nv-80\/grey-code-nv-80-03\/#breadcrumb","itemListElement":[{"@type":"ListItem","position":1,"name":"Home","item":"https:\/\/dohiku.eu\/sk\/"},{"@type":"ListItem","position":2,"name":"PRODUCTS","item":"https:\/\/dohiku.eu\/sk\/products\/"},{"@type":"ListItem","position":3,"name":"Viazacia ni\u0165 &#8211; siv\u00e1 , NV80\/03"}]},{"@type":"WebSite","@id":"https:\/\/dohiku.eu\/sk\/#website","url":"https:\/\/dohiku.eu\/sk\/","name":"DOHIKU","description":"H\u00e1\u010diky DOHIKU s\u00fa vyroben\u00e9 z vysoko uhl\u00edkovej ocele, ktor\u00e1 je kalen\u00e1 a pop\u00fa\u0161\u0165an\u00e1 pod\u013ea presn\u00e9ho receptu.","publisher":{"@id":"https:\/\/dohiku.eu\/sk\/#organization"},"potentialAction":[{"@type":"SearchAction","target":{"@type":"EntryPoint","urlTemplate":"https:\/\/dohiku.eu\/sk\/?s={search_term_string}"},"query-input":{"@type":"PropertyValueSpecification","valueRequired":true,"valueName":"search_term_string"}}],"inLanguage":"sk-SK"},{"@type":"Organization","@id":"https:\/\/dohiku.eu\/sk\/#organization","name":"DOHIKU s.r.o.","url":"https:\/\/dohiku.eu\/sk\/","logo":{"@type":"ImageObject","inLanguage":"sk-SK","@id":"https:\/\/dohiku.eu\/sk\/#\/schema\/logo\/image\/","url":"https:\/\/dohiku.eu\/wp-content\/uploads\/2024\/01\/cropped-dohiku.png","contentUrl":"https:\/\/dohiku.eu\/wp-content\/uploads\/2024\/01\/cropped-dohiku.png","width":137,"height":87,"caption":"DOHIKU s.r.o."},"image":{"@id":"https:\/\/dohiku.eu\/sk\/#\/schema\/logo\/image\/"}}]}},"_links":{"self":[{"href":"https:\/\/dohiku.eu\/sk\/wp-json\/wp\/v2\/product\/7852","targetHints":{"allow":["GET"]}}],"collection":[{"href":"https:\/\/dohiku.eu\/sk\/wp-json\/wp\/v2\/product"}],"about":[{"href":"https:\/\/dohiku.eu\/sk\/wp-json\/wp\/v2\/types\/product"}],"replies":[{"embeddable":true,"href":"https:\/\/dohiku.eu\/sk\/wp-json\/wp\/v2\/comments?post=7852"}],"wp:featuredmedia":[{"embeddable":true,"href":"https:\/\/dohiku.eu\/sk\/wp-json\/wp\/v2\/media\/5298"}],"wp:attachment":[{"href":"https:\/\/dohiku.eu\/sk\/wp-json\/wp\/v2\/media?parent=7852"}],"wp:term":[{"taxonomy":"product_brand","embeddable":true,"href":"https:\/\/dohiku.eu\/sk\/wp-json\/wp\/v2\/product_brand?post=7852"},{"taxonomy":"product_cat","embeddable":true,"href":"https:\/\/dohiku.eu\/sk\/wp-json\/wp\/v2\/product_cat?post=7852"},{"taxonomy":"product_tag","embeddable":true,"href":"https:\/\/dohiku.eu\/sk\/wp-json\/wp\/v2\/product_tag?post=7852"}],"curies":[{"name":"wp","href":"https:\/\/api.w.org\/{rel}","templated":true}]}}