{"id":7816,"date":"2019-03-01T12:01:42","date_gmt":"2019-03-01T12:01:42","guid":{"rendered":"https:\/\/dohiku.eu\/shop\/nezaraden\u00e9\/squirrel-dubbing-brown-code-dsq-2\/"},"modified":"2026-02-18T11:03:33","modified_gmt":"2026-02-18T11:03:33","slug":"squirrel-dubbing-brown-dsq-2-greybrown","status":"publish","type":"product","link":"https:\/\/dohiku.eu\/sk\/shop\/viazacie-materialy\/dubbing-sk\/squirrel-dubbing\/squirrel-dubbing-brown-dsq-2-greybrown\/","title":{"rendered":"Veverica dubbing DSQ 2 &#8211; Sivohned\u00e1"},"content":{"rendered":"<p>Veverica dubbing, DSQ 2. Skvel\u00fd materi\u00e1l, ktor\u00fd svoj\u00edm zlo\u017een\u00edm a farebn\u00fdmi odtie\u0148ami je \u0165a\u017eko nahradite\u013en\u00fd. Pou\u017e\u00edva sa pri viazan\u00ed tielok hlavne hrude n\u00fdmf a lariev. Tento materi\u00e1l m\u00f4\u017eeme kombinova\u0165 aj s in\u00fdmi dabingov\u00fdmi materi\u00e1lmi a tak ho pou\u017ei\u0165 aj na in\u00e9 \u010dasti tielka mu\u0161ky.<\/p>\n<p>Farba:\u00a0\u0160edohned\u00e1<\/p>\n","protected":false},"excerpt":{"rendered":"<p><span style=\"color: #222222;font-family: Arial, Helvetica, sans-serif;font-size: small\">Veverica dabing, DSQ 2. Je to skvel\u00fd materi\u00e1l, ktor\u00fd je v\u010faka svojmu zlo\u017eeniu a farebn\u00fdm odtie\u0148om \u0165a\u017eko nahradite\u013en\u00fd. Pou\u017e\u00edva sa na viazanie najm\u00e4 n\u00fdmf a lariev. Tento materi\u00e1l m\u00f4\u017eeme tie\u017e kombinova\u0165 s in\u00fdmi dubbingov\u00fdmi materi\u00e1lmi a pou\u017ei\u0165 ho na in\u00e9 \u010dasti tela mu\u0161ky.<\/span><\/p>\n","protected":false},"featured_media":4928,"comment_status":"closed","ping_status":"closed","template":"","meta":[],"product_brand":[],"product_cat":[526,511,543,525],"product_tag":[761,770,718],"class_list":{"0":"post-7816","1":"product","2":"type-product","3":"status-publish","4":"has-post-thumbnail","6":"product_cat-dubbing-sk","7":"product_cat-haciky","8":"product_cat-squirrel-dubbing","9":"product_cat-viazacie-materialy","10":"product_tag-dubbing-sk","11":"product_tag-materials-dubbing-squirrel-sk","12":"product_tag-tying-sk","14":"first","15":"outofstock","16":"taxable","17":"shipping-taxable","18":"purchasable","19":"product-type-simple"},"yoast_head":"<!-- This site is optimized with the Yoast SEO plugin v27.4 - https:\/\/yoast.com\/product\/yoast-seo-wordpress\/ -->\n<title>Veverica dubbing DSQ 2 - Sivohned\u00e1 - DOHIKU<\/title>\n<meta name=\"robots\" content=\"index, follow, max-snippet:-1, max-image-preview:large, max-video-preview:-1\" \/>\n<link rel=\"canonical\" href=\"https:\/\/dohiku.eu\/sk\/shop\/viazacie-materialy\/dubbing-sk\/squirrel-dubbing\/squirrel-dubbing-brown-dsq-2-greybrown\/\" \/>\n<meta property=\"og:locale\" content=\"sk_SK\" \/>\n<meta property=\"og:type\" content=\"article\" \/>\n<meta property=\"og:title\" content=\"Veverica dubbing DSQ 2 - Sivohned\u00e1 - DOHIKU\" \/>\n<meta property=\"og:description\" content=\"Veverica dabing, DSQ 2. Je to skvel\u00fd materi\u00e1l, ktor\u00fd je v\u010faka svojmu zlo\u017eeniu a farebn\u00fdm odtie\u0148om \u0165a\u017eko nahradite\u013en\u00fd. Pou\u017e\u00edva sa na viazanie najm\u00e4 n\u00fdmf a lariev. Tento materi\u00e1l m\u00f4\u017eeme tie\u017e kombinova\u0165 s in\u00fdmi dubbingov\u00fdmi materi\u00e1lmi a pou\u017ei\u0165 ho na in\u00e9 \u010dasti tela mu\u0161ky.\" \/>\n<meta property=\"og:url\" content=\"https:\/\/dohiku.eu\/sk\/shop\/viazacie-materialy\/dubbing-sk\/squirrel-dubbing\/squirrel-dubbing-brown-dsq-2-greybrown\/\" \/>\n<meta property=\"og:site_name\" content=\"DOHIKU\" \/>\n<meta property=\"article:modified_time\" content=\"2026-02-18T11:03:33+00:00\" \/>\n<meta property=\"og:image\" content=\"https:\/\/dohiku.eu\/wp-content\/uploads\/2019\/03\/2609-Squirrel-Dubbing-DSQ-2-Greybrown.jpg\" \/>\n\t<meta property=\"og:image:width\" content=\"1276\" \/>\n\t<meta property=\"og:image:height\" content=\"1178\" \/>\n\t<meta property=\"og:image:type\" content=\"image\/jpeg\" \/>\n<meta name=\"twitter:card\" content=\"summary_large_image\" \/>\n<meta name=\"twitter:label1\" content=\"Predpokladan\u00fd \u010das \u010d\u00edtania\" \/>\n\t<meta name=\"twitter:data1\" content=\"1 min\u00fata\" \/>\n<script type=\"application\/ld+json\" class=\"yoast-schema-graph\">{\"@context\":\"https:\\\/\\\/schema.org\",\"@graph\":[{\"@type\":\"WebPage\",\"@id\":\"https:\\\/\\\/dohiku.eu\\\/sk\\\/shop\\\/viazacie-materialy\\\/dubbing-sk\\\/squirrel-dubbing\\\/squirrel-dubbing-brown-dsq-2-greybrown\\\/\",\"url\":\"https:\\\/\\\/dohiku.eu\\\/sk\\\/shop\\\/viazacie-materialy\\\/dubbing-sk\\\/squirrel-dubbing\\\/squirrel-dubbing-brown-dsq-2-greybrown\\\/\",\"name\":\"Veverica dubbing DSQ 2 - Sivohned\u00e1 - DOHIKU\",\"isPartOf\":{\"@id\":\"https:\\\/\\\/dohiku.eu\\\/sk\\\/#website\"},\"primaryImageOfPage\":{\"@id\":\"https:\\\/\\\/dohiku.eu\\\/sk\\\/shop\\\/viazacie-materialy\\\/dubbing-sk\\\/squirrel-dubbing\\\/squirrel-dubbing-brown-dsq-2-greybrown\\\/#primaryimage\"},\"image\":{\"@id\":\"https:\\\/\\\/dohiku.eu\\\/sk\\\/shop\\\/viazacie-materialy\\\/dubbing-sk\\\/squirrel-dubbing\\\/squirrel-dubbing-brown-dsq-2-greybrown\\\/#primaryimage\"},\"thumbnailUrl\":\"https:\\\/\\\/dohiku.eu\\\/wp-content\\\/uploads\\\/2019\\\/03\\\/2609-Squirrel-Dubbing-DSQ-2-Greybrown.jpg\",\"datePublished\":\"2019-03-01T12:01:42+00:00\",\"dateModified\":\"2026-02-18T11:03:33+00:00\",\"breadcrumb\":{\"@id\":\"https:\\\/\\\/dohiku.eu\\\/sk\\\/shop\\\/viazacie-materialy\\\/dubbing-sk\\\/squirrel-dubbing\\\/squirrel-dubbing-brown-dsq-2-greybrown\\\/#breadcrumb\"},\"inLanguage\":\"sk-SK\",\"potentialAction\":[{\"@type\":\"ReadAction\",\"target\":[\"https:\\\/\\\/dohiku.eu\\\/sk\\\/shop\\\/viazacie-materialy\\\/dubbing-sk\\\/squirrel-dubbing\\\/squirrel-dubbing-brown-dsq-2-greybrown\\\/\"]}]},{\"@type\":\"ImageObject\",\"inLanguage\":\"sk-SK\",\"@id\":\"https:\\\/\\\/dohiku.eu\\\/sk\\\/shop\\\/viazacie-materialy\\\/dubbing-sk\\\/squirrel-dubbing\\\/squirrel-dubbing-brown-dsq-2-greybrown\\\/#primaryimage\",\"url\":\"https:\\\/\\\/dohiku.eu\\\/wp-content\\\/uploads\\\/2019\\\/03\\\/2609-Squirrel-Dubbing-DSQ-2-Greybrown.jpg\",\"contentUrl\":\"https:\\\/\\\/dohiku.eu\\\/wp-content\\\/uploads\\\/2019\\\/03\\\/2609-Squirrel-Dubbing-DSQ-2-Greybrown.jpg\",\"width\":1276,\"height\":1178},{\"@type\":\"BreadcrumbList\",\"@id\":\"https:\\\/\\\/dohiku.eu\\\/sk\\\/shop\\\/viazacie-materialy\\\/dubbing-sk\\\/squirrel-dubbing\\\/squirrel-dubbing-brown-dsq-2-greybrown\\\/#breadcrumb\",\"itemListElement\":[{\"@type\":\"ListItem\",\"position\":1,\"name\":\"Home\",\"item\":\"https:\\\/\\\/dohiku.eu\\\/sk\\\/\"},{\"@type\":\"ListItem\",\"position\":2,\"name\":\"PRODUCTS\",\"item\":\"https:\\\/\\\/dohiku.eu\\\/sk\\\/products\\\/\"},{\"@type\":\"ListItem\",\"position\":3,\"name\":\"Veverica dubbing DSQ 2 &#8211; Sivohned\u00e1\"}]},{\"@type\":\"WebSite\",\"@id\":\"https:\\\/\\\/dohiku.eu\\\/sk\\\/#website\",\"url\":\"https:\\\/\\\/dohiku.eu\\\/sk\\\/\",\"name\":\"DOHIKU\",\"description\":\"H\u00e1\u010diky DOHIKU s\u00fa vyroben\u00e9 z vysoko uhl\u00edkovej ocele, ktor\u00e1 je kalen\u00e1 a pop\u00fa\u0161\u0165an\u00e1 pod\u013ea presn\u00e9ho receptu.\",\"publisher\":{\"@id\":\"https:\\\/\\\/dohiku.eu\\\/sk\\\/#organization\"},\"potentialAction\":[{\"@type\":\"SearchAction\",\"target\":{\"@type\":\"EntryPoint\",\"urlTemplate\":\"https:\\\/\\\/dohiku.eu\\\/sk\\\/?s={search_term_string}\"},\"query-input\":{\"@type\":\"PropertyValueSpecification\",\"valueRequired\":true,\"valueName\":\"search_term_string\"}}],\"inLanguage\":\"sk-SK\"},{\"@type\":\"Organization\",\"@id\":\"https:\\\/\\\/dohiku.eu\\\/sk\\\/#organization\",\"name\":\"DOHIKU s.r.o.\",\"url\":\"https:\\\/\\\/dohiku.eu\\\/sk\\\/\",\"logo\":{\"@type\":\"ImageObject\",\"inLanguage\":\"sk-SK\",\"@id\":\"https:\\\/\\\/dohiku.eu\\\/sk\\\/#\\\/schema\\\/logo\\\/image\\\/\",\"url\":\"https:\\\/\\\/dohiku.eu\\\/wp-content\\\/uploads\\\/2024\\\/01\\\/cropped-dohiku.png\",\"contentUrl\":\"https:\\\/\\\/dohiku.eu\\\/wp-content\\\/uploads\\\/2024\\\/01\\\/cropped-dohiku.png\",\"width\":137,\"height\":87,\"caption\":\"DOHIKU s.r.o.\"},\"image\":{\"@id\":\"https:\\\/\\\/dohiku.eu\\\/sk\\\/#\\\/schema\\\/logo\\\/image\\\/\"}}]}<\/script>\n<!-- \/ Yoast SEO plugin. -->","yoast_head_json":{"title":"Veverica dubbing DSQ 2 - Sivohned\u00e1 - DOHIKU","robots":{"index":"index","follow":"follow","max-snippet":"max-snippet:-1","max-image-preview":"max-image-preview:large","max-video-preview":"max-video-preview:-1"},"canonical":"https:\/\/dohiku.eu\/sk\/shop\/viazacie-materialy\/dubbing-sk\/squirrel-dubbing\/squirrel-dubbing-brown-dsq-2-greybrown\/","og_locale":"sk_SK","og_type":"article","og_title":"Veverica dubbing DSQ 2 - Sivohned\u00e1 - DOHIKU","og_description":"Veverica dabing, DSQ 2. Je to skvel\u00fd materi\u00e1l, ktor\u00fd je v\u010faka svojmu zlo\u017eeniu a farebn\u00fdm odtie\u0148om \u0165a\u017eko nahradite\u013en\u00fd. Pou\u017e\u00edva sa na viazanie najm\u00e4 n\u00fdmf a lariev. Tento materi\u00e1l m\u00f4\u017eeme tie\u017e kombinova\u0165 s in\u00fdmi dubbingov\u00fdmi materi\u00e1lmi a pou\u017ei\u0165 ho na in\u00e9 \u010dasti tela mu\u0161ky.","og_url":"https:\/\/dohiku.eu\/sk\/shop\/viazacie-materialy\/dubbing-sk\/squirrel-dubbing\/squirrel-dubbing-brown-dsq-2-greybrown\/","og_site_name":"DOHIKU","article_modified_time":"2026-02-18T11:03:33+00:00","og_image":[{"width":1276,"height":1178,"url":"https:\/\/dohiku.eu\/wp-content\/uploads\/2019\/03\/2609-Squirrel-Dubbing-DSQ-2-Greybrown.jpg","type":"image\/jpeg"}],"twitter_card":"summary_large_image","twitter_misc":{"Predpokladan\u00fd \u010das \u010d\u00edtania":"1 min\u00fata"},"schema":{"@context":"https:\/\/schema.org","@graph":[{"@type":"WebPage","@id":"https:\/\/dohiku.eu\/sk\/shop\/viazacie-materialy\/dubbing-sk\/squirrel-dubbing\/squirrel-dubbing-brown-dsq-2-greybrown\/","url":"https:\/\/dohiku.eu\/sk\/shop\/viazacie-materialy\/dubbing-sk\/squirrel-dubbing\/squirrel-dubbing-brown-dsq-2-greybrown\/","name":"Veverica dubbing DSQ 2 - Sivohned\u00e1 - DOHIKU","isPartOf":{"@id":"https:\/\/dohiku.eu\/sk\/#website"},"primaryImageOfPage":{"@id":"https:\/\/dohiku.eu\/sk\/shop\/viazacie-materialy\/dubbing-sk\/squirrel-dubbing\/squirrel-dubbing-brown-dsq-2-greybrown\/#primaryimage"},"image":{"@id":"https:\/\/dohiku.eu\/sk\/shop\/viazacie-materialy\/dubbing-sk\/squirrel-dubbing\/squirrel-dubbing-brown-dsq-2-greybrown\/#primaryimage"},"thumbnailUrl":"https:\/\/dohiku.eu\/wp-content\/uploads\/2019\/03\/2609-Squirrel-Dubbing-DSQ-2-Greybrown.jpg","datePublished":"2019-03-01T12:01:42+00:00","dateModified":"2026-02-18T11:03:33+00:00","breadcrumb":{"@id":"https:\/\/dohiku.eu\/sk\/shop\/viazacie-materialy\/dubbing-sk\/squirrel-dubbing\/squirrel-dubbing-brown-dsq-2-greybrown\/#breadcrumb"},"inLanguage":"sk-SK","potentialAction":[{"@type":"ReadAction","target":["https:\/\/dohiku.eu\/sk\/shop\/viazacie-materialy\/dubbing-sk\/squirrel-dubbing\/squirrel-dubbing-brown-dsq-2-greybrown\/"]}]},{"@type":"ImageObject","inLanguage":"sk-SK","@id":"https:\/\/dohiku.eu\/sk\/shop\/viazacie-materialy\/dubbing-sk\/squirrel-dubbing\/squirrel-dubbing-brown-dsq-2-greybrown\/#primaryimage","url":"https:\/\/dohiku.eu\/wp-content\/uploads\/2019\/03\/2609-Squirrel-Dubbing-DSQ-2-Greybrown.jpg","contentUrl":"https:\/\/dohiku.eu\/wp-content\/uploads\/2019\/03\/2609-Squirrel-Dubbing-DSQ-2-Greybrown.jpg","width":1276,"height":1178},{"@type":"BreadcrumbList","@id":"https:\/\/dohiku.eu\/sk\/shop\/viazacie-materialy\/dubbing-sk\/squirrel-dubbing\/squirrel-dubbing-brown-dsq-2-greybrown\/#breadcrumb","itemListElement":[{"@type":"ListItem","position":1,"name":"Home","item":"https:\/\/dohiku.eu\/sk\/"},{"@type":"ListItem","position":2,"name":"PRODUCTS","item":"https:\/\/dohiku.eu\/sk\/products\/"},{"@type":"ListItem","position":3,"name":"Veverica dubbing DSQ 2 &#8211; Sivohned\u00e1"}]},{"@type":"WebSite","@id":"https:\/\/dohiku.eu\/sk\/#website","url":"https:\/\/dohiku.eu\/sk\/","name":"DOHIKU","description":"H\u00e1\u010diky DOHIKU s\u00fa vyroben\u00e9 z vysoko uhl\u00edkovej ocele, ktor\u00e1 je kalen\u00e1 a pop\u00fa\u0161\u0165an\u00e1 pod\u013ea presn\u00e9ho receptu.","publisher":{"@id":"https:\/\/dohiku.eu\/sk\/#organization"},"potentialAction":[{"@type":"SearchAction","target":{"@type":"EntryPoint","urlTemplate":"https:\/\/dohiku.eu\/sk\/?s={search_term_string}"},"query-input":{"@type":"PropertyValueSpecification","valueRequired":true,"valueName":"search_term_string"}}],"inLanguage":"sk-SK"},{"@type":"Organization","@id":"https:\/\/dohiku.eu\/sk\/#organization","name":"DOHIKU s.r.o.","url":"https:\/\/dohiku.eu\/sk\/","logo":{"@type":"ImageObject","inLanguage":"sk-SK","@id":"https:\/\/dohiku.eu\/sk\/#\/schema\/logo\/image\/","url":"https:\/\/dohiku.eu\/wp-content\/uploads\/2024\/01\/cropped-dohiku.png","contentUrl":"https:\/\/dohiku.eu\/wp-content\/uploads\/2024\/01\/cropped-dohiku.png","width":137,"height":87,"caption":"DOHIKU s.r.o."},"image":{"@id":"https:\/\/dohiku.eu\/sk\/#\/schema\/logo\/image\/"}}]}},"_links":{"self":[{"href":"https:\/\/dohiku.eu\/sk\/wp-json\/wp\/v2\/product\/7816","targetHints":{"allow":["GET"]}}],"collection":[{"href":"https:\/\/dohiku.eu\/sk\/wp-json\/wp\/v2\/product"}],"about":[{"href":"https:\/\/dohiku.eu\/sk\/wp-json\/wp\/v2\/types\/product"}],"replies":[{"embeddable":true,"href":"https:\/\/dohiku.eu\/sk\/wp-json\/wp\/v2\/comments?post=7816"}],"wp:featuredmedia":[{"embeddable":true,"href":"https:\/\/dohiku.eu\/sk\/wp-json\/wp\/v2\/media\/4928"}],"wp:attachment":[{"href":"https:\/\/dohiku.eu\/sk\/wp-json\/wp\/v2\/media?parent=7816"}],"wp:term":[{"taxonomy":"product_brand","embeddable":true,"href":"https:\/\/dohiku.eu\/sk\/wp-json\/wp\/v2\/product_brand?post=7816"},{"taxonomy":"product_cat","embeddable":true,"href":"https:\/\/dohiku.eu\/sk\/wp-json\/wp\/v2\/product_cat?post=7816"},{"taxonomy":"product_tag","embeddable":true,"href":"https:\/\/dohiku.eu\/sk\/wp-json\/wp\/v2\/product_tag?post=7816"}],"curies":[{"name":"wp","href":"https:\/\/api.w.org\/{rel}","templated":true}]}}