{"id":7682,"date":"2019-03-01T12:01:48","date_gmt":"2019-03-01T12:01:48","guid":{"rendered":"https:\/\/dohiku.eu\/shop\/nezaraden\u00e9\/glossy-yarn-graphite-code-by-17\/"},"modified":"2024-02-11T10:30:45","modified_gmt":"2024-02-11T10:30:45","slug":"viazacie-tielkove-nite-grafitova-nby-17","status":"publish","type":"product","link":"https:\/\/dohiku.eu\/sk\/shop\/viazacie-materialy\/nite-lametky-a-drotiky\/glossy-yarn-sk\/viazacie-tielkove-nite-grafitova-nby-17\/","title":{"rendered":"Viazacie tielkov\u00e9 nite &#8211; Grafitov\u00e1, NBY 17"},"content":{"rendered":"<p>\u0160peci\u00e1lne nite Glossy Yarn maj\u00fa \u0161ir\u0161ie pou\u017eitie. S\u00fa to v\u00fdborn\u00e9 tielkov\u00e9 nite na viazanie tielok such\u00fdch podeniek, s\u00fa vhodn\u00e9 na kr\u00fa\u017ekovanie napr\u00edklad palmerov\u00fdch mu\u0161iek ale daj\u00fa sa pou\u017ei\u0165 aj ako viazacie nite pri viazan\u00ed v\u00e1\u010d\u0161\u00edch vzorov mokr\u00fdch mu\u0161iek alebo str\u00edmrov. <span style=\"font-size:10pt;\">Farba &#8211; Grafitov\u00e1.<\/span><\/p>\n<p>cievka\u00a0 40 m<\/p>\n","protected":false},"excerpt":{"rendered":"<p>\u0160peci\u00e1lne nite Glossy Yarn maj\u00fa \u0161ir\u0161ie pou\u017eitie. S\u00fa to v\u00fdborn\u00e9 tielkov\u00e9 nite na viazanie tielok such\u00fdch podeniek, s\u00fa vhodn\u00e9 na kr\u00fa\u017ekovanie napr\u00edklad palmerov\u00fdch mu\u0161iek ale daj\u00fa sa pou\u017ei\u0165 aj ako viazacie nite pri viazan\u00ed v\u00e1\u010d\u0161\u00edch vzorov mokr\u00fdch mu\u0161iek alebo str\u00edmrov. <span style=\"font-size:10pt;\">Farba &#8211; Grafitov\u00e1.<\/span><\/p>\n<p>cievka\u00a0 40 m<\/p>\n","protected":false},"featured_media":5339,"comment_status":"closed","ping_status":"closed","template":"","meta":[],"product_brand":[],"product_cat":[506,525,538,646],"product_tag":[669,727,728,718,434,729,435,730],"class_list":{"0":"post-7682","1":"product","2":"type-product","3":"status-publish","4":"has-post-thumbnail","6":"product_cat-nezaradene","7":"product_cat-viazacie-materialy","8":"product_cat-nite-lametky-a-drotiky","9":"product_cat-glossy-yarn-sk","10":"product_tag-and-sk","11":"product_tag-materials-thread-sk","12":"product_tag-tinsel-sk","13":"product_tag-tying-sk","14":"product_tag-wire-glossy","15":"product_tag-wire-glossy-sk","16":"product_tag-yarn","17":"product_tag-yarn-sk","19":"first","20":"instock","21":"taxable","22":"shipping-taxable","23":"purchasable","24":"product-type-simple"},"yoast_head":"<!-- This site is optimized with the Yoast SEO plugin v27.4 - https:\/\/yoast.com\/product\/yoast-seo-wordpress\/ -->\n<title>Viazacie tielkov\u00e9 nite - Grafitov\u00e1, NBY 17 - DOHIKU<\/title>\n<meta name=\"robots\" content=\"index, follow, max-snippet:-1, max-image-preview:large, max-video-preview:-1\" \/>\n<link rel=\"canonical\" href=\"https:\/\/dohiku.eu\/sk\/shop\/viazacie-materialy\/nite-lametky-a-drotiky\/glossy-yarn-sk\/viazacie-tielkove-nite-grafitova-nby-17\/\" \/>\n<meta property=\"og:locale\" content=\"sk_SK\" \/>\n<meta property=\"og:type\" content=\"article\" \/>\n<meta property=\"og:title\" content=\"Viazacie tielkov\u00e9 nite - Grafitov\u00e1, NBY 17 - DOHIKU\" \/>\n<meta property=\"og:description\" content=\"\u0160peci\u00e1lne nite Glossy Yarn maj\u00fa \u0161ir\u0161ie pou\u017eitie. S\u00fa to v\u00fdborn\u00e9 tielkov\u00e9 nite na viazanie tielok such\u00fdch podeniek, s\u00fa vhodn\u00e9 na kr\u00fa\u017ekovanie napr\u00edklad palmerov\u00fdch mu\u0161iek ale daj\u00fa sa pou\u017ei\u0165 aj ako viazacie nite pri viazan\u00ed v\u00e1\u010d\u0161\u00edch vzorov mokr\u00fdch mu\u0161iek alebo str\u00edmrov. Farba - Grafitov\u00e1. cievka\u00a0 40 m\" \/>\n<meta property=\"og:url\" content=\"https:\/\/dohiku.eu\/sk\/shop\/viazacie-materialy\/nite-lametky-a-drotiky\/glossy-yarn-sk\/viazacie-tielkove-nite-grafitova-nby-17\/\" \/>\n<meta property=\"og:site_name\" content=\"DOHIKU\" \/>\n<meta property=\"article:modified_time\" content=\"2024-02-11T10:30:45+00:00\" \/>\n<meta property=\"og:image\" content=\"https:\/\/dohiku.eu\/wp-content\/uploads\/2019\/03\/2160-Glossy-Yarn-Graphite-NBY-17.jpg\" \/>\n\t<meta property=\"og:image:width\" content=\"1277\" \/>\n\t<meta property=\"og:image:height\" content=\"1824\" \/>\n\t<meta property=\"og:image:type\" content=\"image\/jpeg\" \/>\n<meta name=\"twitter:card\" content=\"summary_large_image\" \/>\n<script type=\"application\/ld+json\" class=\"yoast-schema-graph\">{\"@context\":\"https:\\\/\\\/schema.org\",\"@graph\":[{\"@type\":\"WebPage\",\"@id\":\"https:\\\/\\\/dohiku.eu\\\/sk\\\/shop\\\/viazacie-materialy\\\/nite-lametky-a-drotiky\\\/glossy-yarn-sk\\\/viazacie-tielkove-nite-grafitova-nby-17\\\/\",\"url\":\"https:\\\/\\\/dohiku.eu\\\/sk\\\/shop\\\/viazacie-materialy\\\/nite-lametky-a-drotiky\\\/glossy-yarn-sk\\\/viazacie-tielkove-nite-grafitova-nby-17\\\/\",\"name\":\"Viazacie tielkov\u00e9 nite - Grafitov\u00e1, NBY 17 - DOHIKU\",\"isPartOf\":{\"@id\":\"https:\\\/\\\/dohiku.eu\\\/sk\\\/#website\"},\"primaryImageOfPage\":{\"@id\":\"https:\\\/\\\/dohiku.eu\\\/sk\\\/shop\\\/viazacie-materialy\\\/nite-lametky-a-drotiky\\\/glossy-yarn-sk\\\/viazacie-tielkove-nite-grafitova-nby-17\\\/#primaryimage\"},\"image\":{\"@id\":\"https:\\\/\\\/dohiku.eu\\\/sk\\\/shop\\\/viazacie-materialy\\\/nite-lametky-a-drotiky\\\/glossy-yarn-sk\\\/viazacie-tielkove-nite-grafitova-nby-17\\\/#primaryimage\"},\"thumbnailUrl\":\"https:\\\/\\\/dohiku.eu\\\/wp-content\\\/uploads\\\/2019\\\/03\\\/2160-Glossy-Yarn-Graphite-NBY-17.jpg\",\"datePublished\":\"2019-03-01T12:01:48+00:00\",\"dateModified\":\"2024-02-11T10:30:45+00:00\",\"breadcrumb\":{\"@id\":\"https:\\\/\\\/dohiku.eu\\\/sk\\\/shop\\\/viazacie-materialy\\\/nite-lametky-a-drotiky\\\/glossy-yarn-sk\\\/viazacie-tielkove-nite-grafitova-nby-17\\\/#breadcrumb\"},\"inLanguage\":\"sk-SK\",\"potentialAction\":[{\"@type\":\"ReadAction\",\"target\":[\"https:\\\/\\\/dohiku.eu\\\/sk\\\/shop\\\/viazacie-materialy\\\/nite-lametky-a-drotiky\\\/glossy-yarn-sk\\\/viazacie-tielkove-nite-grafitova-nby-17\\\/\"]}]},{\"@type\":\"ImageObject\",\"inLanguage\":\"sk-SK\",\"@id\":\"https:\\\/\\\/dohiku.eu\\\/sk\\\/shop\\\/viazacie-materialy\\\/nite-lametky-a-drotiky\\\/glossy-yarn-sk\\\/viazacie-tielkove-nite-grafitova-nby-17\\\/#primaryimage\",\"url\":\"https:\\\/\\\/dohiku.eu\\\/wp-content\\\/uploads\\\/2019\\\/03\\\/2160-Glossy-Yarn-Graphite-NBY-17.jpg\",\"contentUrl\":\"https:\\\/\\\/dohiku.eu\\\/wp-content\\\/uploads\\\/2019\\\/03\\\/2160-Glossy-Yarn-Graphite-NBY-17.jpg\",\"width\":1277,\"height\":1824},{\"@type\":\"BreadcrumbList\",\"@id\":\"https:\\\/\\\/dohiku.eu\\\/sk\\\/shop\\\/viazacie-materialy\\\/nite-lametky-a-drotiky\\\/glossy-yarn-sk\\\/viazacie-tielkove-nite-grafitova-nby-17\\\/#breadcrumb\",\"itemListElement\":[{\"@type\":\"ListItem\",\"position\":1,\"name\":\"Home\",\"item\":\"https:\\\/\\\/dohiku.eu\\\/sk\\\/\"},{\"@type\":\"ListItem\",\"position\":2,\"name\":\"PRODUCTS\",\"item\":\"https:\\\/\\\/dohiku.eu\\\/sk\\\/products\\\/\"},{\"@type\":\"ListItem\",\"position\":3,\"name\":\"Viazacie tielkov\u00e9 nite &#8211; Grafitov\u00e1, NBY 17\"}]},{\"@type\":\"WebSite\",\"@id\":\"https:\\\/\\\/dohiku.eu\\\/sk\\\/#website\",\"url\":\"https:\\\/\\\/dohiku.eu\\\/sk\\\/\",\"name\":\"DOHIKU\",\"description\":\"H\u00e1\u010diky DOHIKU s\u00fa vyroben\u00e9 z vysoko uhl\u00edkovej ocele, ktor\u00e1 je kalen\u00e1 a pop\u00fa\u0161\u0165an\u00e1 pod\u013ea presn\u00e9ho receptu.\",\"publisher\":{\"@id\":\"https:\\\/\\\/dohiku.eu\\\/sk\\\/#organization\"},\"potentialAction\":[{\"@type\":\"SearchAction\",\"target\":{\"@type\":\"EntryPoint\",\"urlTemplate\":\"https:\\\/\\\/dohiku.eu\\\/sk\\\/?s={search_term_string}\"},\"query-input\":{\"@type\":\"PropertyValueSpecification\",\"valueRequired\":true,\"valueName\":\"search_term_string\"}}],\"inLanguage\":\"sk-SK\"},{\"@type\":\"Organization\",\"@id\":\"https:\\\/\\\/dohiku.eu\\\/sk\\\/#organization\",\"name\":\"DOHIKU s.r.o.\",\"url\":\"https:\\\/\\\/dohiku.eu\\\/sk\\\/\",\"logo\":{\"@type\":\"ImageObject\",\"inLanguage\":\"sk-SK\",\"@id\":\"https:\\\/\\\/dohiku.eu\\\/sk\\\/#\\\/schema\\\/logo\\\/image\\\/\",\"url\":\"https:\\\/\\\/dohiku.eu\\\/wp-content\\\/uploads\\\/2024\\\/01\\\/cropped-dohiku.png\",\"contentUrl\":\"https:\\\/\\\/dohiku.eu\\\/wp-content\\\/uploads\\\/2024\\\/01\\\/cropped-dohiku.png\",\"width\":137,\"height\":87,\"caption\":\"DOHIKU s.r.o.\"},\"image\":{\"@id\":\"https:\\\/\\\/dohiku.eu\\\/sk\\\/#\\\/schema\\\/logo\\\/image\\\/\"}}]}<\/script>\n<!-- \/ Yoast SEO plugin. -->","yoast_head_json":{"title":"Viazacie tielkov\u00e9 nite - Grafitov\u00e1, NBY 17 - DOHIKU","robots":{"index":"index","follow":"follow","max-snippet":"max-snippet:-1","max-image-preview":"max-image-preview:large","max-video-preview":"max-video-preview:-1"},"canonical":"https:\/\/dohiku.eu\/sk\/shop\/viazacie-materialy\/nite-lametky-a-drotiky\/glossy-yarn-sk\/viazacie-tielkove-nite-grafitova-nby-17\/","og_locale":"sk_SK","og_type":"article","og_title":"Viazacie tielkov\u00e9 nite - Grafitov\u00e1, NBY 17 - DOHIKU","og_description":"\u0160peci\u00e1lne nite Glossy Yarn maj\u00fa \u0161ir\u0161ie pou\u017eitie. S\u00fa to v\u00fdborn\u00e9 tielkov\u00e9 nite na viazanie tielok such\u00fdch podeniek, s\u00fa vhodn\u00e9 na kr\u00fa\u017ekovanie napr\u00edklad palmerov\u00fdch mu\u0161iek ale daj\u00fa sa pou\u017ei\u0165 aj ako viazacie nite pri viazan\u00ed v\u00e1\u010d\u0161\u00edch vzorov mokr\u00fdch mu\u0161iek alebo str\u00edmrov. Farba - Grafitov\u00e1. cievka\u00a0 40 m","og_url":"https:\/\/dohiku.eu\/sk\/shop\/viazacie-materialy\/nite-lametky-a-drotiky\/glossy-yarn-sk\/viazacie-tielkove-nite-grafitova-nby-17\/","og_site_name":"DOHIKU","article_modified_time":"2024-02-11T10:30:45+00:00","og_image":[{"width":1277,"height":1824,"url":"https:\/\/dohiku.eu\/wp-content\/uploads\/2019\/03\/2160-Glossy-Yarn-Graphite-NBY-17.jpg","type":"image\/jpeg"}],"twitter_card":"summary_large_image","schema":{"@context":"https:\/\/schema.org","@graph":[{"@type":"WebPage","@id":"https:\/\/dohiku.eu\/sk\/shop\/viazacie-materialy\/nite-lametky-a-drotiky\/glossy-yarn-sk\/viazacie-tielkove-nite-grafitova-nby-17\/","url":"https:\/\/dohiku.eu\/sk\/shop\/viazacie-materialy\/nite-lametky-a-drotiky\/glossy-yarn-sk\/viazacie-tielkove-nite-grafitova-nby-17\/","name":"Viazacie tielkov\u00e9 nite - Grafitov\u00e1, NBY 17 - DOHIKU","isPartOf":{"@id":"https:\/\/dohiku.eu\/sk\/#website"},"primaryImageOfPage":{"@id":"https:\/\/dohiku.eu\/sk\/shop\/viazacie-materialy\/nite-lametky-a-drotiky\/glossy-yarn-sk\/viazacie-tielkove-nite-grafitova-nby-17\/#primaryimage"},"image":{"@id":"https:\/\/dohiku.eu\/sk\/shop\/viazacie-materialy\/nite-lametky-a-drotiky\/glossy-yarn-sk\/viazacie-tielkove-nite-grafitova-nby-17\/#primaryimage"},"thumbnailUrl":"https:\/\/dohiku.eu\/wp-content\/uploads\/2019\/03\/2160-Glossy-Yarn-Graphite-NBY-17.jpg","datePublished":"2019-03-01T12:01:48+00:00","dateModified":"2024-02-11T10:30:45+00:00","breadcrumb":{"@id":"https:\/\/dohiku.eu\/sk\/shop\/viazacie-materialy\/nite-lametky-a-drotiky\/glossy-yarn-sk\/viazacie-tielkove-nite-grafitova-nby-17\/#breadcrumb"},"inLanguage":"sk-SK","potentialAction":[{"@type":"ReadAction","target":["https:\/\/dohiku.eu\/sk\/shop\/viazacie-materialy\/nite-lametky-a-drotiky\/glossy-yarn-sk\/viazacie-tielkove-nite-grafitova-nby-17\/"]}]},{"@type":"ImageObject","inLanguage":"sk-SK","@id":"https:\/\/dohiku.eu\/sk\/shop\/viazacie-materialy\/nite-lametky-a-drotiky\/glossy-yarn-sk\/viazacie-tielkove-nite-grafitova-nby-17\/#primaryimage","url":"https:\/\/dohiku.eu\/wp-content\/uploads\/2019\/03\/2160-Glossy-Yarn-Graphite-NBY-17.jpg","contentUrl":"https:\/\/dohiku.eu\/wp-content\/uploads\/2019\/03\/2160-Glossy-Yarn-Graphite-NBY-17.jpg","width":1277,"height":1824},{"@type":"BreadcrumbList","@id":"https:\/\/dohiku.eu\/sk\/shop\/viazacie-materialy\/nite-lametky-a-drotiky\/glossy-yarn-sk\/viazacie-tielkove-nite-grafitova-nby-17\/#breadcrumb","itemListElement":[{"@type":"ListItem","position":1,"name":"Home","item":"https:\/\/dohiku.eu\/sk\/"},{"@type":"ListItem","position":2,"name":"PRODUCTS","item":"https:\/\/dohiku.eu\/sk\/products\/"},{"@type":"ListItem","position":3,"name":"Viazacie tielkov\u00e9 nite &#8211; Grafitov\u00e1, NBY 17"}]},{"@type":"WebSite","@id":"https:\/\/dohiku.eu\/sk\/#website","url":"https:\/\/dohiku.eu\/sk\/","name":"DOHIKU","description":"H\u00e1\u010diky DOHIKU s\u00fa vyroben\u00e9 z vysoko uhl\u00edkovej ocele, ktor\u00e1 je kalen\u00e1 a pop\u00fa\u0161\u0165an\u00e1 pod\u013ea presn\u00e9ho receptu.","publisher":{"@id":"https:\/\/dohiku.eu\/sk\/#organization"},"potentialAction":[{"@type":"SearchAction","target":{"@type":"EntryPoint","urlTemplate":"https:\/\/dohiku.eu\/sk\/?s={search_term_string}"},"query-input":{"@type":"PropertyValueSpecification","valueRequired":true,"valueName":"search_term_string"}}],"inLanguage":"sk-SK"},{"@type":"Organization","@id":"https:\/\/dohiku.eu\/sk\/#organization","name":"DOHIKU s.r.o.","url":"https:\/\/dohiku.eu\/sk\/","logo":{"@type":"ImageObject","inLanguage":"sk-SK","@id":"https:\/\/dohiku.eu\/sk\/#\/schema\/logo\/image\/","url":"https:\/\/dohiku.eu\/wp-content\/uploads\/2024\/01\/cropped-dohiku.png","contentUrl":"https:\/\/dohiku.eu\/wp-content\/uploads\/2024\/01\/cropped-dohiku.png","width":137,"height":87,"caption":"DOHIKU s.r.o."},"image":{"@id":"https:\/\/dohiku.eu\/sk\/#\/schema\/logo\/image\/"}}]}},"_links":{"self":[{"href":"https:\/\/dohiku.eu\/sk\/wp-json\/wp\/v2\/product\/7682","targetHints":{"allow":["GET"]}}],"collection":[{"href":"https:\/\/dohiku.eu\/sk\/wp-json\/wp\/v2\/product"}],"about":[{"href":"https:\/\/dohiku.eu\/sk\/wp-json\/wp\/v2\/types\/product"}],"replies":[{"embeddable":true,"href":"https:\/\/dohiku.eu\/sk\/wp-json\/wp\/v2\/comments?post=7682"}],"wp:featuredmedia":[{"embeddable":true,"href":"https:\/\/dohiku.eu\/sk\/wp-json\/wp\/v2\/media\/5339"}],"wp:attachment":[{"href":"https:\/\/dohiku.eu\/sk\/wp-json\/wp\/v2\/media?parent=7682"}],"wp:term":[{"taxonomy":"product_brand","embeddable":true,"href":"https:\/\/dohiku.eu\/sk\/wp-json\/wp\/v2\/product_brand?post=7682"},{"taxonomy":"product_cat","embeddable":true,"href":"https:\/\/dohiku.eu\/sk\/wp-json\/wp\/v2\/product_cat?post=7682"},{"taxonomy":"product_tag","embeddable":true,"href":"https:\/\/dohiku.eu\/sk\/wp-json\/wp\/v2\/product_tag?post=7682"}],"curies":[{"name":"wp","href":"https:\/\/api.w.org\/{rel}","templated":true}]}}