{"id":7652,"date":"2019-03-01T12:01:49","date_gmt":"2019-03-01T12:01:49","guid":{"rendered":"https:\/\/dohiku.eu\/shop\/nezaraden\u00e9\/ceramic-bobbin-bigger-code-bk-457\/"},"modified":"2024-06-07T08:55:08","modified_gmt":"2024-06-07T08:55:08","slug":"ceramic-bobbin-bigger-code-bk-457","status":"publish","type":"product","link":"https:\/\/dohiku.eu\/sk\/shop\/viazacie-pomocky\/bobbins-sk\/ceramic-bobbin-bigger-code-bk-457\/","title":{"rendered":"Keramick\u00e1 cievka &#8211; v\u00e4\u010d\u0161ia"},"content":{"rendered":"<p>K\u00f3d: BK 457,<\/p>\n<p>Vysokokvalitn\u00e1 cievka pre ve\u013ek\u00e9 ve\u013ekosti cievok. R\u00farka z nehrdzavej\u00facej ocele so \u0161peci\u00e1lnymi puzdrami, ktor\u00e9 zabra\u0148uj\u00fa rozstrapkaniu. <\/p>\n","protected":false},"excerpt":{"rendered":"<p>K\u00f3d: BK 457,<\/p>\n<p><span>Vysokokvalitn\u00e1 cievka pre ve\u013ek\u00e9 ve\u013ekosti cievok. R\u00farka z nehrdzavej\u00facej ocele so \u0161peci\u00e1lnymi puzdrami, ktor\u00e9 zabra\u0148uj\u00fa rozstrapkaniu. <\/span><\/p>\n<p><span> <\/span><\/p>\n","protected":false},"featured_media":5405,"comment_status":"closed","ping_status":"closed","template":"","meta":[],"product_brand":[],"product_cat":[523,517],"product_tag":[719,718],"class_list":{"0":"post-7652","1":"product","2":"type-product","3":"status-publish","4":"has-post-thumbnail","6":"product_cat-bobbins-sk","7":"product_cat-viazacie-pomocky","8":"product_tag-tools-bobbins-sk","9":"product_tag-tying-sk","11":"first","12":"instock","13":"taxable","14":"shipping-taxable","15":"purchasable","16":"product-type-simple"},"yoast_head":"<!-- This site is optimized with the Yoast SEO plugin v27.4 - https:\/\/yoast.com\/product\/yoast-seo-wordpress\/ -->\n<title>Keramick\u00e1 cievka - v\u00e4\u010d\u0161ia - DOHIKU<\/title>\n<meta name=\"robots\" content=\"index, follow, max-snippet:-1, max-image-preview:large, max-video-preview:-1\" \/>\n<link rel=\"canonical\" href=\"https:\/\/dohiku.eu\/sk\/shop\/viazacie-pomocky\/bobbins-sk\/ceramic-bobbin-bigger-code-bk-457\/\" \/>\n<meta property=\"og:locale\" content=\"sk_SK\" \/>\n<meta property=\"og:type\" content=\"article\" \/>\n<meta property=\"og:title\" content=\"Keramick\u00e1 cievka - v\u00e4\u010d\u0161ia - DOHIKU\" \/>\n<meta property=\"og:description\" content=\"K\u00f3d: BK 457, Vysokokvalitn\u00e1 cievka pre ve\u013ek\u00e9 ve\u013ekosti cievok. R\u00farka z nehrdzavej\u00facej ocele so \u0161peci\u00e1lnymi puzdrami, ktor\u00e9 zabra\u0148uj\u00fa rozstrapkaniu.\" \/>\n<meta property=\"og:url\" content=\"https:\/\/dohiku.eu\/sk\/shop\/viazacie-pomocky\/bobbins-sk\/ceramic-bobbin-bigger-code-bk-457\/\" \/>\n<meta property=\"og:site_name\" content=\"DOHIKU\" \/>\n<meta property=\"article:modified_time\" content=\"2024-06-07T08:55:08+00:00\" \/>\n<meta property=\"og:image\" content=\"https:\/\/dohiku.eu\/wp-content\/uploads\/2019\/03\/2108-Ceramic-bobbin-Bigger.jpg\" \/>\n\t<meta property=\"og:image:width\" content=\"760\" \/>\n\t<meta property=\"og:image:height\" content=\"760\" \/>\n\t<meta property=\"og:image:type\" content=\"image\/jpeg\" \/>\n<meta name=\"twitter:card\" content=\"summary_large_image\" \/>\n<script type=\"application\/ld+json\" class=\"yoast-schema-graph\">{\"@context\":\"https:\\\/\\\/schema.org\",\"@graph\":[{\"@type\":\"WebPage\",\"@id\":\"https:\\\/\\\/dohiku.eu\\\/sk\\\/shop\\\/viazacie-pomocky\\\/bobbins-sk\\\/ceramic-bobbin-bigger-code-bk-457\\\/\",\"url\":\"https:\\\/\\\/dohiku.eu\\\/sk\\\/shop\\\/viazacie-pomocky\\\/bobbins-sk\\\/ceramic-bobbin-bigger-code-bk-457\\\/\",\"name\":\"Keramick\u00e1 cievka - v\u00e4\u010d\u0161ia - DOHIKU\",\"isPartOf\":{\"@id\":\"https:\\\/\\\/dohiku.eu\\\/sk\\\/#website\"},\"primaryImageOfPage\":{\"@id\":\"https:\\\/\\\/dohiku.eu\\\/sk\\\/shop\\\/viazacie-pomocky\\\/bobbins-sk\\\/ceramic-bobbin-bigger-code-bk-457\\\/#primaryimage\"},\"image\":{\"@id\":\"https:\\\/\\\/dohiku.eu\\\/sk\\\/shop\\\/viazacie-pomocky\\\/bobbins-sk\\\/ceramic-bobbin-bigger-code-bk-457\\\/#primaryimage\"},\"thumbnailUrl\":\"https:\\\/\\\/dohiku.eu\\\/wp-content\\\/uploads\\\/2019\\\/03\\\/2108-Ceramic-bobbin-Bigger.jpg\",\"datePublished\":\"2019-03-01T12:01:49+00:00\",\"dateModified\":\"2024-06-07T08:55:08+00:00\",\"breadcrumb\":{\"@id\":\"https:\\\/\\\/dohiku.eu\\\/sk\\\/shop\\\/viazacie-pomocky\\\/bobbins-sk\\\/ceramic-bobbin-bigger-code-bk-457\\\/#breadcrumb\"},\"inLanguage\":\"sk-SK\",\"potentialAction\":[{\"@type\":\"ReadAction\",\"target\":[\"https:\\\/\\\/dohiku.eu\\\/sk\\\/shop\\\/viazacie-pomocky\\\/bobbins-sk\\\/ceramic-bobbin-bigger-code-bk-457\\\/\"]}]},{\"@type\":\"ImageObject\",\"inLanguage\":\"sk-SK\",\"@id\":\"https:\\\/\\\/dohiku.eu\\\/sk\\\/shop\\\/viazacie-pomocky\\\/bobbins-sk\\\/ceramic-bobbin-bigger-code-bk-457\\\/#primaryimage\",\"url\":\"https:\\\/\\\/dohiku.eu\\\/wp-content\\\/uploads\\\/2019\\\/03\\\/2108-Ceramic-bobbin-Bigger.jpg\",\"contentUrl\":\"https:\\\/\\\/dohiku.eu\\\/wp-content\\\/uploads\\\/2019\\\/03\\\/2108-Ceramic-bobbin-Bigger.jpg\",\"width\":760,\"height\":760},{\"@type\":\"BreadcrumbList\",\"@id\":\"https:\\\/\\\/dohiku.eu\\\/sk\\\/shop\\\/viazacie-pomocky\\\/bobbins-sk\\\/ceramic-bobbin-bigger-code-bk-457\\\/#breadcrumb\",\"itemListElement\":[{\"@type\":\"ListItem\",\"position\":1,\"name\":\"Home\",\"item\":\"https:\\\/\\\/dohiku.eu\\\/sk\\\/\"},{\"@type\":\"ListItem\",\"position\":2,\"name\":\"PRODUCTS\",\"item\":\"https:\\\/\\\/dohiku.eu\\\/sk\\\/products\\\/\"},{\"@type\":\"ListItem\",\"position\":3,\"name\":\"Keramick\u00e1 cievka &#8211; v\u00e4\u010d\u0161ia\"}]},{\"@type\":\"WebSite\",\"@id\":\"https:\\\/\\\/dohiku.eu\\\/sk\\\/#website\",\"url\":\"https:\\\/\\\/dohiku.eu\\\/sk\\\/\",\"name\":\"DOHIKU\",\"description\":\"H\u00e1\u010diky DOHIKU s\u00fa vyroben\u00e9 z vysoko uhl\u00edkovej ocele, ktor\u00e1 je kalen\u00e1 a pop\u00fa\u0161\u0165an\u00e1 pod\u013ea presn\u00e9ho receptu.\",\"publisher\":{\"@id\":\"https:\\\/\\\/dohiku.eu\\\/sk\\\/#organization\"},\"potentialAction\":[{\"@type\":\"SearchAction\",\"target\":{\"@type\":\"EntryPoint\",\"urlTemplate\":\"https:\\\/\\\/dohiku.eu\\\/sk\\\/?s={search_term_string}\"},\"query-input\":{\"@type\":\"PropertyValueSpecification\",\"valueRequired\":true,\"valueName\":\"search_term_string\"}}],\"inLanguage\":\"sk-SK\"},{\"@type\":\"Organization\",\"@id\":\"https:\\\/\\\/dohiku.eu\\\/sk\\\/#organization\",\"name\":\"DOHIKU s.r.o.\",\"url\":\"https:\\\/\\\/dohiku.eu\\\/sk\\\/\",\"logo\":{\"@type\":\"ImageObject\",\"inLanguage\":\"sk-SK\",\"@id\":\"https:\\\/\\\/dohiku.eu\\\/sk\\\/#\\\/schema\\\/logo\\\/image\\\/\",\"url\":\"https:\\\/\\\/dohiku.eu\\\/wp-content\\\/uploads\\\/2024\\\/01\\\/cropped-dohiku.png\",\"contentUrl\":\"https:\\\/\\\/dohiku.eu\\\/wp-content\\\/uploads\\\/2024\\\/01\\\/cropped-dohiku.png\",\"width\":137,\"height\":87,\"caption\":\"DOHIKU s.r.o.\"},\"image\":{\"@id\":\"https:\\\/\\\/dohiku.eu\\\/sk\\\/#\\\/schema\\\/logo\\\/image\\\/\"}}]}<\/script>\n<!-- \/ Yoast SEO plugin. -->","yoast_head_json":{"title":"Keramick\u00e1 cievka - v\u00e4\u010d\u0161ia - DOHIKU","robots":{"index":"index","follow":"follow","max-snippet":"max-snippet:-1","max-image-preview":"max-image-preview:large","max-video-preview":"max-video-preview:-1"},"canonical":"https:\/\/dohiku.eu\/sk\/shop\/viazacie-pomocky\/bobbins-sk\/ceramic-bobbin-bigger-code-bk-457\/","og_locale":"sk_SK","og_type":"article","og_title":"Keramick\u00e1 cievka - v\u00e4\u010d\u0161ia - DOHIKU","og_description":"K\u00f3d: BK 457, Vysokokvalitn\u00e1 cievka pre ve\u013ek\u00e9 ve\u013ekosti cievok. R\u00farka z nehrdzavej\u00facej ocele so \u0161peci\u00e1lnymi puzdrami, ktor\u00e9 zabra\u0148uj\u00fa rozstrapkaniu.","og_url":"https:\/\/dohiku.eu\/sk\/shop\/viazacie-pomocky\/bobbins-sk\/ceramic-bobbin-bigger-code-bk-457\/","og_site_name":"DOHIKU","article_modified_time":"2024-06-07T08:55:08+00:00","og_image":[{"width":760,"height":760,"url":"https:\/\/dohiku.eu\/wp-content\/uploads\/2019\/03\/2108-Ceramic-bobbin-Bigger.jpg","type":"image\/jpeg"}],"twitter_card":"summary_large_image","schema":{"@context":"https:\/\/schema.org","@graph":[{"@type":"WebPage","@id":"https:\/\/dohiku.eu\/sk\/shop\/viazacie-pomocky\/bobbins-sk\/ceramic-bobbin-bigger-code-bk-457\/","url":"https:\/\/dohiku.eu\/sk\/shop\/viazacie-pomocky\/bobbins-sk\/ceramic-bobbin-bigger-code-bk-457\/","name":"Keramick\u00e1 cievka - v\u00e4\u010d\u0161ia - DOHIKU","isPartOf":{"@id":"https:\/\/dohiku.eu\/sk\/#website"},"primaryImageOfPage":{"@id":"https:\/\/dohiku.eu\/sk\/shop\/viazacie-pomocky\/bobbins-sk\/ceramic-bobbin-bigger-code-bk-457\/#primaryimage"},"image":{"@id":"https:\/\/dohiku.eu\/sk\/shop\/viazacie-pomocky\/bobbins-sk\/ceramic-bobbin-bigger-code-bk-457\/#primaryimage"},"thumbnailUrl":"https:\/\/dohiku.eu\/wp-content\/uploads\/2019\/03\/2108-Ceramic-bobbin-Bigger.jpg","datePublished":"2019-03-01T12:01:49+00:00","dateModified":"2024-06-07T08:55:08+00:00","breadcrumb":{"@id":"https:\/\/dohiku.eu\/sk\/shop\/viazacie-pomocky\/bobbins-sk\/ceramic-bobbin-bigger-code-bk-457\/#breadcrumb"},"inLanguage":"sk-SK","potentialAction":[{"@type":"ReadAction","target":["https:\/\/dohiku.eu\/sk\/shop\/viazacie-pomocky\/bobbins-sk\/ceramic-bobbin-bigger-code-bk-457\/"]}]},{"@type":"ImageObject","inLanguage":"sk-SK","@id":"https:\/\/dohiku.eu\/sk\/shop\/viazacie-pomocky\/bobbins-sk\/ceramic-bobbin-bigger-code-bk-457\/#primaryimage","url":"https:\/\/dohiku.eu\/wp-content\/uploads\/2019\/03\/2108-Ceramic-bobbin-Bigger.jpg","contentUrl":"https:\/\/dohiku.eu\/wp-content\/uploads\/2019\/03\/2108-Ceramic-bobbin-Bigger.jpg","width":760,"height":760},{"@type":"BreadcrumbList","@id":"https:\/\/dohiku.eu\/sk\/shop\/viazacie-pomocky\/bobbins-sk\/ceramic-bobbin-bigger-code-bk-457\/#breadcrumb","itemListElement":[{"@type":"ListItem","position":1,"name":"Home","item":"https:\/\/dohiku.eu\/sk\/"},{"@type":"ListItem","position":2,"name":"PRODUCTS","item":"https:\/\/dohiku.eu\/sk\/products\/"},{"@type":"ListItem","position":3,"name":"Keramick\u00e1 cievka &#8211; v\u00e4\u010d\u0161ia"}]},{"@type":"WebSite","@id":"https:\/\/dohiku.eu\/sk\/#website","url":"https:\/\/dohiku.eu\/sk\/","name":"DOHIKU","description":"H\u00e1\u010diky DOHIKU s\u00fa vyroben\u00e9 z vysoko uhl\u00edkovej ocele, ktor\u00e1 je kalen\u00e1 a pop\u00fa\u0161\u0165an\u00e1 pod\u013ea presn\u00e9ho receptu.","publisher":{"@id":"https:\/\/dohiku.eu\/sk\/#organization"},"potentialAction":[{"@type":"SearchAction","target":{"@type":"EntryPoint","urlTemplate":"https:\/\/dohiku.eu\/sk\/?s={search_term_string}"},"query-input":{"@type":"PropertyValueSpecification","valueRequired":true,"valueName":"search_term_string"}}],"inLanguage":"sk-SK"},{"@type":"Organization","@id":"https:\/\/dohiku.eu\/sk\/#organization","name":"DOHIKU s.r.o.","url":"https:\/\/dohiku.eu\/sk\/","logo":{"@type":"ImageObject","inLanguage":"sk-SK","@id":"https:\/\/dohiku.eu\/sk\/#\/schema\/logo\/image\/","url":"https:\/\/dohiku.eu\/wp-content\/uploads\/2024\/01\/cropped-dohiku.png","contentUrl":"https:\/\/dohiku.eu\/wp-content\/uploads\/2024\/01\/cropped-dohiku.png","width":137,"height":87,"caption":"DOHIKU s.r.o."},"image":{"@id":"https:\/\/dohiku.eu\/sk\/#\/schema\/logo\/image\/"}}]}},"_links":{"self":[{"href":"https:\/\/dohiku.eu\/sk\/wp-json\/wp\/v2\/product\/7652","targetHints":{"allow":["GET"]}}],"collection":[{"href":"https:\/\/dohiku.eu\/sk\/wp-json\/wp\/v2\/product"}],"about":[{"href":"https:\/\/dohiku.eu\/sk\/wp-json\/wp\/v2\/types\/product"}],"replies":[{"embeddable":true,"href":"https:\/\/dohiku.eu\/sk\/wp-json\/wp\/v2\/comments?post=7652"}],"wp:featuredmedia":[{"embeddable":true,"href":"https:\/\/dohiku.eu\/sk\/wp-json\/wp\/v2\/media\/5405"}],"wp:attachment":[{"href":"https:\/\/dohiku.eu\/sk\/wp-json\/wp\/v2\/media?parent=7652"}],"wp:term":[{"taxonomy":"product_brand","embeddable":true,"href":"https:\/\/dohiku.eu\/sk\/wp-json\/wp\/v2\/product_brand?post=7652"},{"taxonomy":"product_cat","embeddable":true,"href":"https:\/\/dohiku.eu\/sk\/wp-json\/wp\/v2\/product_cat?post=7652"},{"taxonomy":"product_tag","embeddable":true,"href":"https:\/\/dohiku.eu\/sk\/wp-json\/wp\/v2\/product_tag?post=7652"}],"curies":[{"name":"wp","href":"https:\/\/api.w.org\/{rel}","templated":true}]}}