{"id":7618,"date":"2019-03-01T12:01:51","date_gmt":"2019-03-01T12:01:51","guid":{"rendered":"https:\/\/dohiku.eu\/shop\/nezaraden\u00e9\/reel-dohiku-r-301-56\/"},"modified":"2024-10-10T10:15:19","modified_gmt":"2024-10-10T10:15:19","slug":"reel-dohiku-r-301-56","status":"publish","type":"product","link":"https:\/\/dohiku.eu\/sk\/shop\/navijaky\/dohiku-reels-sk\/reel-dohiku-r-301-56\/","title":{"rendered":"Navij\u00e1k, DOHIKU R 301 5\/6"},"content":{"rendered":"<div class=\"\" content=\"\">Navijak je vyroben\u00fd z kovu. <span> <\/span><span><br \/><\/span><span><span>Navijak je dod\u00e1van\u00fd s n\u00e1hradnou cievkou.<\/span><\/span><\/div>\n<div class=\"\" content=\"\">\n<p># 5\/7<\/p>\n<p>Dia. 85 mm<\/p>\n<p>\u0160\u00edrka: 34 mm<\/p>\n<p>Hmotnos\u0165: 147 g<\/p>\n<p> <span><span><br \/><\/span><\/span><\/div>\n<div class=\"\" content=\"\">\n<div> <\/div>\n<\/p><\/div>\n","protected":false},"excerpt":{"rendered":"<div class=\"\" content=\"\">Navijak je vyroben\u00fd z kovu. <span> <\/span><span><br \/><\/span><span><span>Navijak je dod\u00e1van\u00fd s n\u00e1hradnou cievkou.<\/span><\/span><\/div>\n<div class=\"\" content=\"\">\n<p># 5\/7<\/p>\n<p>Dia. 85 mm<\/p>\n<p>\u0160\u00edrka: 34 mm<\/p>\n<p>Hmotnos\u0165: 147 g<\/p>\n<p> <span><span><br \/><\/span><\/span><\/div>\n<div class=\"\" content=\"\">\n<div> <\/div>\n<\/p><\/div>\n","protected":false},"featured_media":5533,"comment_status":"closed","ping_status":"closed","template":"","meta":[],"product_brand":[],"product_cat":[680,599],"product_tag":[],"class_list":{"0":"post-7618","1":"product","2":"type-product","3":"status-publish","4":"has-post-thumbnail","6":"product_cat-dohiku-reels-sk","7":"product_cat-navijaky","9":"first","10":"instock","11":"taxable","12":"shipping-taxable","13":"purchasable","14":"product-type-simple"},"yoast_head":"<!-- This site is optimized with the Yoast SEO plugin v27.4 - https:\/\/yoast.com\/product\/yoast-seo-wordpress\/ -->\n<title>Navij\u00e1k, DOHIKU R 301 5\/6 - DOHIKU<\/title>\n<meta name=\"robots\" content=\"index, follow, max-snippet:-1, max-image-preview:large, max-video-preview:-1\" \/>\n<link rel=\"canonical\" href=\"https:\/\/dohiku.eu\/sk\/shop\/navijaky\/dohiku-reels-sk\/reel-dohiku-r-301-56\/\" \/>\n<meta property=\"og:locale\" content=\"sk_SK\" \/>\n<meta property=\"og:type\" content=\"article\" \/>\n<meta property=\"og:title\" content=\"Navij\u00e1k, DOHIKU R 301 5\/6 - DOHIKU\" \/>\n<meta property=\"og:description\" content=\"Navijak je vyroben\u00fd z kovu. Navijak je dod\u00e1van\u00fd s n\u00e1hradnou cievkou. # 5\/7 Dia. 85 mm \u0160\u00edrka: 34 mm Hmotnos\u0165: 147 g\" \/>\n<meta property=\"og:url\" content=\"https:\/\/dohiku.eu\/sk\/shop\/navijaky\/dohiku-reels-sk\/reel-dohiku-r-301-56\/\" \/>\n<meta property=\"og:site_name\" content=\"DOHIKU\" \/>\n<meta property=\"article:modified_time\" content=\"2024-10-10T10:15:19+00:00\" \/>\n<meta property=\"og:image\" content=\"https:\/\/dohiku.eu\/wp-content\/uploads\/2019\/03\/909-Reel-DOHIKU-R-301-56.jpg\" \/>\n\t<meta property=\"og:image:width\" content=\"394\" \/>\n\t<meta property=\"og:image:height\" content=\"278\" \/>\n\t<meta property=\"og:image:type\" content=\"image\/jpeg\" \/>\n<meta name=\"twitter:card\" content=\"summary_large_image\" \/>\n<script type=\"application\/ld+json\" class=\"yoast-schema-graph\">{\"@context\":\"https:\\\/\\\/schema.org\",\"@graph\":[{\"@type\":\"WebPage\",\"@id\":\"https:\\\/\\\/dohiku.eu\\\/sk\\\/shop\\\/navijaky\\\/dohiku-reels-sk\\\/reel-dohiku-r-301-56\\\/\",\"url\":\"https:\\\/\\\/dohiku.eu\\\/sk\\\/shop\\\/navijaky\\\/dohiku-reels-sk\\\/reel-dohiku-r-301-56\\\/\",\"name\":\"Navij\u00e1k, DOHIKU R 301 5\\\/6 - DOHIKU\",\"isPartOf\":{\"@id\":\"https:\\\/\\\/dohiku.eu\\\/sk\\\/#website\"},\"primaryImageOfPage\":{\"@id\":\"https:\\\/\\\/dohiku.eu\\\/sk\\\/shop\\\/navijaky\\\/dohiku-reels-sk\\\/reel-dohiku-r-301-56\\\/#primaryimage\"},\"image\":{\"@id\":\"https:\\\/\\\/dohiku.eu\\\/sk\\\/shop\\\/navijaky\\\/dohiku-reels-sk\\\/reel-dohiku-r-301-56\\\/#primaryimage\"},\"thumbnailUrl\":\"https:\\\/\\\/dohiku.eu\\\/wp-content\\\/uploads\\\/2019\\\/03\\\/909-Reel-DOHIKU-R-301-56.jpg\",\"datePublished\":\"2019-03-01T12:01:51+00:00\",\"dateModified\":\"2024-10-10T10:15:19+00:00\",\"breadcrumb\":{\"@id\":\"https:\\\/\\\/dohiku.eu\\\/sk\\\/shop\\\/navijaky\\\/dohiku-reels-sk\\\/reel-dohiku-r-301-56\\\/#breadcrumb\"},\"inLanguage\":\"sk-SK\",\"potentialAction\":[{\"@type\":\"ReadAction\",\"target\":[\"https:\\\/\\\/dohiku.eu\\\/sk\\\/shop\\\/navijaky\\\/dohiku-reels-sk\\\/reel-dohiku-r-301-56\\\/\"]}]},{\"@type\":\"ImageObject\",\"inLanguage\":\"sk-SK\",\"@id\":\"https:\\\/\\\/dohiku.eu\\\/sk\\\/shop\\\/navijaky\\\/dohiku-reels-sk\\\/reel-dohiku-r-301-56\\\/#primaryimage\",\"url\":\"https:\\\/\\\/dohiku.eu\\\/wp-content\\\/uploads\\\/2019\\\/03\\\/909-Reel-DOHIKU-R-301-56.jpg\",\"contentUrl\":\"https:\\\/\\\/dohiku.eu\\\/wp-content\\\/uploads\\\/2019\\\/03\\\/909-Reel-DOHIKU-R-301-56.jpg\",\"width\":394,\"height\":278},{\"@type\":\"BreadcrumbList\",\"@id\":\"https:\\\/\\\/dohiku.eu\\\/sk\\\/shop\\\/navijaky\\\/dohiku-reels-sk\\\/reel-dohiku-r-301-56\\\/#breadcrumb\",\"itemListElement\":[{\"@type\":\"ListItem\",\"position\":1,\"name\":\"Home\",\"item\":\"https:\\\/\\\/dohiku.eu\\\/sk\\\/\"},{\"@type\":\"ListItem\",\"position\":2,\"name\":\"PRODUCTS\",\"item\":\"https:\\\/\\\/dohiku.eu\\\/sk\\\/products\\\/\"},{\"@type\":\"ListItem\",\"position\":3,\"name\":\"Navij\u00e1k, DOHIKU R 301 5\\\/6\"}]},{\"@type\":\"WebSite\",\"@id\":\"https:\\\/\\\/dohiku.eu\\\/sk\\\/#website\",\"url\":\"https:\\\/\\\/dohiku.eu\\\/sk\\\/\",\"name\":\"DOHIKU\",\"description\":\"H\u00e1\u010diky DOHIKU s\u00fa vyroben\u00e9 z vysoko uhl\u00edkovej ocele, ktor\u00e1 je kalen\u00e1 a pop\u00fa\u0161\u0165an\u00e1 pod\u013ea presn\u00e9ho receptu.\",\"publisher\":{\"@id\":\"https:\\\/\\\/dohiku.eu\\\/sk\\\/#organization\"},\"potentialAction\":[{\"@type\":\"SearchAction\",\"target\":{\"@type\":\"EntryPoint\",\"urlTemplate\":\"https:\\\/\\\/dohiku.eu\\\/sk\\\/?s={search_term_string}\"},\"query-input\":{\"@type\":\"PropertyValueSpecification\",\"valueRequired\":true,\"valueName\":\"search_term_string\"}}],\"inLanguage\":\"sk-SK\"},{\"@type\":\"Organization\",\"@id\":\"https:\\\/\\\/dohiku.eu\\\/sk\\\/#organization\",\"name\":\"DOHIKU s.r.o.\",\"url\":\"https:\\\/\\\/dohiku.eu\\\/sk\\\/\",\"logo\":{\"@type\":\"ImageObject\",\"inLanguage\":\"sk-SK\",\"@id\":\"https:\\\/\\\/dohiku.eu\\\/sk\\\/#\\\/schema\\\/logo\\\/image\\\/\",\"url\":\"https:\\\/\\\/dohiku.eu\\\/wp-content\\\/uploads\\\/2024\\\/01\\\/cropped-dohiku.png\",\"contentUrl\":\"https:\\\/\\\/dohiku.eu\\\/wp-content\\\/uploads\\\/2024\\\/01\\\/cropped-dohiku.png\",\"width\":137,\"height\":87,\"caption\":\"DOHIKU s.r.o.\"},\"image\":{\"@id\":\"https:\\\/\\\/dohiku.eu\\\/sk\\\/#\\\/schema\\\/logo\\\/image\\\/\"}}]}<\/script>\n<!-- \/ Yoast SEO plugin. -->","yoast_head_json":{"title":"Navij\u00e1k, DOHIKU R 301 5\/6 - DOHIKU","robots":{"index":"index","follow":"follow","max-snippet":"max-snippet:-1","max-image-preview":"max-image-preview:large","max-video-preview":"max-video-preview:-1"},"canonical":"https:\/\/dohiku.eu\/sk\/shop\/navijaky\/dohiku-reels-sk\/reel-dohiku-r-301-56\/","og_locale":"sk_SK","og_type":"article","og_title":"Navij\u00e1k, DOHIKU R 301 5\/6 - DOHIKU","og_description":"Navijak je vyroben\u00fd z kovu. Navijak je dod\u00e1van\u00fd s n\u00e1hradnou cievkou. # 5\/7 Dia. 85 mm \u0160\u00edrka: 34 mm Hmotnos\u0165: 147 g","og_url":"https:\/\/dohiku.eu\/sk\/shop\/navijaky\/dohiku-reels-sk\/reel-dohiku-r-301-56\/","og_site_name":"DOHIKU","article_modified_time":"2024-10-10T10:15:19+00:00","og_image":[{"width":394,"height":278,"url":"https:\/\/dohiku.eu\/wp-content\/uploads\/2019\/03\/909-Reel-DOHIKU-R-301-56.jpg","type":"image\/jpeg"}],"twitter_card":"summary_large_image","schema":{"@context":"https:\/\/schema.org","@graph":[{"@type":"WebPage","@id":"https:\/\/dohiku.eu\/sk\/shop\/navijaky\/dohiku-reels-sk\/reel-dohiku-r-301-56\/","url":"https:\/\/dohiku.eu\/sk\/shop\/navijaky\/dohiku-reels-sk\/reel-dohiku-r-301-56\/","name":"Navij\u00e1k, DOHIKU R 301 5\/6 - DOHIKU","isPartOf":{"@id":"https:\/\/dohiku.eu\/sk\/#website"},"primaryImageOfPage":{"@id":"https:\/\/dohiku.eu\/sk\/shop\/navijaky\/dohiku-reels-sk\/reel-dohiku-r-301-56\/#primaryimage"},"image":{"@id":"https:\/\/dohiku.eu\/sk\/shop\/navijaky\/dohiku-reels-sk\/reel-dohiku-r-301-56\/#primaryimage"},"thumbnailUrl":"https:\/\/dohiku.eu\/wp-content\/uploads\/2019\/03\/909-Reel-DOHIKU-R-301-56.jpg","datePublished":"2019-03-01T12:01:51+00:00","dateModified":"2024-10-10T10:15:19+00:00","breadcrumb":{"@id":"https:\/\/dohiku.eu\/sk\/shop\/navijaky\/dohiku-reels-sk\/reel-dohiku-r-301-56\/#breadcrumb"},"inLanguage":"sk-SK","potentialAction":[{"@type":"ReadAction","target":["https:\/\/dohiku.eu\/sk\/shop\/navijaky\/dohiku-reels-sk\/reel-dohiku-r-301-56\/"]}]},{"@type":"ImageObject","inLanguage":"sk-SK","@id":"https:\/\/dohiku.eu\/sk\/shop\/navijaky\/dohiku-reels-sk\/reel-dohiku-r-301-56\/#primaryimage","url":"https:\/\/dohiku.eu\/wp-content\/uploads\/2019\/03\/909-Reel-DOHIKU-R-301-56.jpg","contentUrl":"https:\/\/dohiku.eu\/wp-content\/uploads\/2019\/03\/909-Reel-DOHIKU-R-301-56.jpg","width":394,"height":278},{"@type":"BreadcrumbList","@id":"https:\/\/dohiku.eu\/sk\/shop\/navijaky\/dohiku-reels-sk\/reel-dohiku-r-301-56\/#breadcrumb","itemListElement":[{"@type":"ListItem","position":1,"name":"Home","item":"https:\/\/dohiku.eu\/sk\/"},{"@type":"ListItem","position":2,"name":"PRODUCTS","item":"https:\/\/dohiku.eu\/sk\/products\/"},{"@type":"ListItem","position":3,"name":"Navij\u00e1k, DOHIKU R 301 5\/6"}]},{"@type":"WebSite","@id":"https:\/\/dohiku.eu\/sk\/#website","url":"https:\/\/dohiku.eu\/sk\/","name":"DOHIKU","description":"H\u00e1\u010diky DOHIKU s\u00fa vyroben\u00e9 z vysoko uhl\u00edkovej ocele, ktor\u00e1 je kalen\u00e1 a pop\u00fa\u0161\u0165an\u00e1 pod\u013ea presn\u00e9ho receptu.","publisher":{"@id":"https:\/\/dohiku.eu\/sk\/#organization"},"potentialAction":[{"@type":"SearchAction","target":{"@type":"EntryPoint","urlTemplate":"https:\/\/dohiku.eu\/sk\/?s={search_term_string}"},"query-input":{"@type":"PropertyValueSpecification","valueRequired":true,"valueName":"search_term_string"}}],"inLanguage":"sk-SK"},{"@type":"Organization","@id":"https:\/\/dohiku.eu\/sk\/#organization","name":"DOHIKU s.r.o.","url":"https:\/\/dohiku.eu\/sk\/","logo":{"@type":"ImageObject","inLanguage":"sk-SK","@id":"https:\/\/dohiku.eu\/sk\/#\/schema\/logo\/image\/","url":"https:\/\/dohiku.eu\/wp-content\/uploads\/2024\/01\/cropped-dohiku.png","contentUrl":"https:\/\/dohiku.eu\/wp-content\/uploads\/2024\/01\/cropped-dohiku.png","width":137,"height":87,"caption":"DOHIKU s.r.o."},"image":{"@id":"https:\/\/dohiku.eu\/sk\/#\/schema\/logo\/image\/"}}]}},"_links":{"self":[{"href":"https:\/\/dohiku.eu\/sk\/wp-json\/wp\/v2\/product\/7618","targetHints":{"allow":["GET"]}}],"collection":[{"href":"https:\/\/dohiku.eu\/sk\/wp-json\/wp\/v2\/product"}],"about":[{"href":"https:\/\/dohiku.eu\/sk\/wp-json\/wp\/v2\/types\/product"}],"replies":[{"embeddable":true,"href":"https:\/\/dohiku.eu\/sk\/wp-json\/wp\/v2\/comments?post=7618"}],"wp:featuredmedia":[{"embeddable":true,"href":"https:\/\/dohiku.eu\/sk\/wp-json\/wp\/v2\/media\/5533"}],"wp:attachment":[{"href":"https:\/\/dohiku.eu\/sk\/wp-json\/wp\/v2\/media?parent=7618"}],"wp:term":[{"taxonomy":"product_brand","embeddable":true,"href":"https:\/\/dohiku.eu\/sk\/wp-json\/wp\/v2\/product_brand?post=7618"},{"taxonomy":"product_cat","embeddable":true,"href":"https:\/\/dohiku.eu\/sk\/wp-json\/wp\/v2\/product_cat?post=7618"},{"taxonomy":"product_tag","embeddable":true,"href":"https:\/\/dohiku.eu\/sk\/wp-json\/wp\/v2\/product_tag?post=7618"}],"curies":[{"name":"wp","href":"https:\/\/api.w.org\/{rel}","templated":true}]}}