{"id":7615,"date":"2019-03-01T12:01:51","date_gmt":"2019-03-01T12:01:51","guid":{"rendered":"https:\/\/dohiku.eu\/shop\/nezaraden\u00e9\/bug-bond-tip-kit\/"},"modified":"2025-04-11T09:00:08","modified_gmt":"2025-04-11T09:00:08","slug":"bug-bond-tip-kit","status":"publish","type":"product","link":"https:\/\/dohiku.eu\/sk\/shop\/laky-uv-laky-a-uv-lampy\/bug-bond-tip-kit\/","title":{"rendered":"BugBond &#8211; Tip Kit\/Kvapk\u00e1tko-d\u00e1vkova\u010d laku"},"content":{"rendered":"<p><span>BUG-BOND\u2122 Tip-Kit: hoci ka\u017ed\u00e1 f\u013ea\u0161a BUG-BOND\u2122 je dod\u00e1van\u00e1 s univerz\u00e1lnym hrotom, mnoh\u00ed mu\u0161k\u00e1ri chc\u00fa ma\u0165 v\u00fdhodu presnej aplik\u00e1cie \u017eivice. S\u00faprava Tip-Kit sa sklad\u00e1 z n\u00e1hradn\u00e9ho vrchn\u00e1ka f\u013ea\u0161e, ktor\u00fd akceptuje z\u00e1tku Luer lock, ktor\u00e1 je s\u00fa\u010das\u0165ou balenia, spolu s 5 ru\u017eov\u00fdmi aplik\u00e1tormi s ku\u017ee\u013eov\u00fdm hrotom. Ku\u017eelov\u00e9 \u0161pi\u010dky sa m\u00f4\u017eu medzi viazan\u00edm uchov\u00e1va\u0165 &#8222;mokr\u00e9&#8220; v malom plastovom vrec\u00fa\u0161ku, potom sa vlo\u017eia do ob\u00e1lky a uchov\u00e1vaj\u00fa sa v chladnom a tmavom prostred\u00ed a\u017e do \u010fal\u0161ieho viazania.  <\/span><\/p>\n","protected":false},"excerpt":{"rendered":"<p>BUG-BOND\u2122 Tip-Kit: hoci ka\u017ed\u00e1 f\u013ea\u0161a BUG-BOND\u2122 sa dod\u00e1va s univerz\u00e1lnym hrotom<\/p>\n","protected":false},"featured_media":5528,"comment_status":"closed","ping_status":"closed","template":"","meta":[],"product_brand":[],"product_cat":[532],"product_tag":[697,698],"class_list":{"0":"post-7615","1":"product","2":"type-product","3":"status-publish","4":"has-post-thumbnail","6":"product_cat-laky-uv-laky-a-uv-lampy","7":"product_tag-bond-sk","8":"product_tag-bug-sk","10":"first","11":"instock","12":"taxable","13":"shipping-taxable","14":"purchasable","15":"product-type-simple"},"yoast_head":"<!-- This site is optimized with the Yoast SEO plugin v27.4 - https:\/\/yoast.com\/product\/yoast-seo-wordpress\/ -->\n<title>BugBond - Tip Kit\/Kvapk\u00e1tko-d\u00e1vkova\u010d laku - DOHIKU<\/title>\n<meta name=\"robots\" content=\"index, follow, max-snippet:-1, max-image-preview:large, max-video-preview:-1\" \/>\n<link rel=\"canonical\" href=\"https:\/\/dohiku.eu\/sk\/shop\/laky-uv-laky-a-uv-lampy\/bug-bond-tip-kit\/\" \/>\n<meta property=\"og:locale\" content=\"sk_SK\" \/>\n<meta property=\"og:type\" content=\"article\" \/>\n<meta property=\"og:title\" content=\"BugBond - Tip Kit\/Kvapk\u00e1tko-d\u00e1vkova\u010d laku - DOHIKU\" \/>\n<meta property=\"og:description\" content=\"BUG-BOND\u2122 Tip-Kit: hoci ka\u017ed\u00e1 f\u013ea\u0161a BUG-BOND\u2122 sa dod\u00e1va s univerz\u00e1lnym hrotom\" \/>\n<meta property=\"og:url\" content=\"https:\/\/dohiku.eu\/sk\/shop\/laky-uv-laky-a-uv-lampy\/bug-bond-tip-kit\/\" \/>\n<meta property=\"og:site_name\" content=\"DOHIKU\" \/>\n<meta property=\"article:modified_time\" content=\"2025-04-11T09:00:08+00:00\" \/>\n<meta property=\"og:image\" content=\"https:\/\/dohiku.eu\/wp-content\/uploads\/2019\/03\/904-BUG-BOND-\u0099-Tip-Kit.jpg\" \/>\n\t<meta property=\"og:image:width\" content=\"400\" \/>\n\t<meta property=\"og:image:height\" content=\"300\" \/>\n\t<meta property=\"og:image:type\" content=\"image\/jpeg\" \/>\n<meta name=\"twitter:card\" content=\"summary_large_image\" \/>\n<meta name=\"twitter:label1\" content=\"Predpokladan\u00fd \u010das \u010d\u00edtania\" \/>\n\t<meta name=\"twitter:data1\" content=\"1 min\u00fata\" \/>\n<script type=\"application\/ld+json\" class=\"yoast-schema-graph\">{\"@context\":\"https:\\\/\\\/schema.org\",\"@graph\":[{\"@type\":\"WebPage\",\"@id\":\"https:\\\/\\\/dohiku.eu\\\/sk\\\/shop\\\/laky-uv-laky-a-uv-lampy\\\/bug-bond-tip-kit\\\/\",\"url\":\"https:\\\/\\\/dohiku.eu\\\/sk\\\/shop\\\/laky-uv-laky-a-uv-lampy\\\/bug-bond-tip-kit\\\/\",\"name\":\"BugBond - Tip Kit\\\/Kvapk\u00e1tko-d\u00e1vkova\u010d laku - DOHIKU\",\"isPartOf\":{\"@id\":\"https:\\\/\\\/dohiku.eu\\\/sk\\\/#website\"},\"primaryImageOfPage\":{\"@id\":\"https:\\\/\\\/dohiku.eu\\\/sk\\\/shop\\\/laky-uv-laky-a-uv-lampy\\\/bug-bond-tip-kit\\\/#primaryimage\"},\"image\":{\"@id\":\"https:\\\/\\\/dohiku.eu\\\/sk\\\/shop\\\/laky-uv-laky-a-uv-lampy\\\/bug-bond-tip-kit\\\/#primaryimage\"},\"thumbnailUrl\":\"https:\\\/\\\/dohiku.eu\\\/wp-content\\\/uploads\\\/2019\\\/03\\\/904-BUG-BOND-\u0099-Tip-Kit.jpg\",\"datePublished\":\"2019-03-01T12:01:51+00:00\",\"dateModified\":\"2025-04-11T09:00:08+00:00\",\"breadcrumb\":{\"@id\":\"https:\\\/\\\/dohiku.eu\\\/sk\\\/shop\\\/laky-uv-laky-a-uv-lampy\\\/bug-bond-tip-kit\\\/#breadcrumb\"},\"inLanguage\":\"sk-SK\",\"potentialAction\":[{\"@type\":\"ReadAction\",\"target\":[\"https:\\\/\\\/dohiku.eu\\\/sk\\\/shop\\\/laky-uv-laky-a-uv-lampy\\\/bug-bond-tip-kit\\\/\"]}]},{\"@type\":\"ImageObject\",\"inLanguage\":\"sk-SK\",\"@id\":\"https:\\\/\\\/dohiku.eu\\\/sk\\\/shop\\\/laky-uv-laky-a-uv-lampy\\\/bug-bond-tip-kit\\\/#primaryimage\",\"url\":\"https:\\\/\\\/dohiku.eu\\\/wp-content\\\/uploads\\\/2019\\\/03\\\/904-BUG-BOND-\u0099-Tip-Kit.jpg\",\"contentUrl\":\"https:\\\/\\\/dohiku.eu\\\/wp-content\\\/uploads\\\/2019\\\/03\\\/904-BUG-BOND-\u0099-Tip-Kit.jpg\",\"width\":400,\"height\":300},{\"@type\":\"BreadcrumbList\",\"@id\":\"https:\\\/\\\/dohiku.eu\\\/sk\\\/shop\\\/laky-uv-laky-a-uv-lampy\\\/bug-bond-tip-kit\\\/#breadcrumb\",\"itemListElement\":[{\"@type\":\"ListItem\",\"position\":1,\"name\":\"Home\",\"item\":\"https:\\\/\\\/dohiku.eu\\\/sk\\\/\"},{\"@type\":\"ListItem\",\"position\":2,\"name\":\"PRODUCTS\",\"item\":\"https:\\\/\\\/dohiku.eu\\\/sk\\\/products\\\/\"},{\"@type\":\"ListItem\",\"position\":3,\"name\":\"BugBond &#8211; Tip Kit\\\/Kvapk\u00e1tko-d\u00e1vkova\u010d laku\"}]},{\"@type\":\"WebSite\",\"@id\":\"https:\\\/\\\/dohiku.eu\\\/sk\\\/#website\",\"url\":\"https:\\\/\\\/dohiku.eu\\\/sk\\\/\",\"name\":\"DOHIKU\",\"description\":\"H\u00e1\u010diky DOHIKU s\u00fa vyroben\u00e9 z vysoko uhl\u00edkovej ocele, ktor\u00e1 je kalen\u00e1 a pop\u00fa\u0161\u0165an\u00e1 pod\u013ea presn\u00e9ho receptu.\",\"publisher\":{\"@id\":\"https:\\\/\\\/dohiku.eu\\\/sk\\\/#organization\"},\"potentialAction\":[{\"@type\":\"SearchAction\",\"target\":{\"@type\":\"EntryPoint\",\"urlTemplate\":\"https:\\\/\\\/dohiku.eu\\\/sk\\\/?s={search_term_string}\"},\"query-input\":{\"@type\":\"PropertyValueSpecification\",\"valueRequired\":true,\"valueName\":\"search_term_string\"}}],\"inLanguage\":\"sk-SK\"},{\"@type\":\"Organization\",\"@id\":\"https:\\\/\\\/dohiku.eu\\\/sk\\\/#organization\",\"name\":\"DOHIKU s.r.o.\",\"url\":\"https:\\\/\\\/dohiku.eu\\\/sk\\\/\",\"logo\":{\"@type\":\"ImageObject\",\"inLanguage\":\"sk-SK\",\"@id\":\"https:\\\/\\\/dohiku.eu\\\/sk\\\/#\\\/schema\\\/logo\\\/image\\\/\",\"url\":\"https:\\\/\\\/dohiku.eu\\\/wp-content\\\/uploads\\\/2024\\\/01\\\/cropped-dohiku.png\",\"contentUrl\":\"https:\\\/\\\/dohiku.eu\\\/wp-content\\\/uploads\\\/2024\\\/01\\\/cropped-dohiku.png\",\"width\":137,\"height\":87,\"caption\":\"DOHIKU s.r.o.\"},\"image\":{\"@id\":\"https:\\\/\\\/dohiku.eu\\\/sk\\\/#\\\/schema\\\/logo\\\/image\\\/\"}}]}<\/script>\n<!-- \/ Yoast SEO plugin. -->","yoast_head_json":{"title":"BugBond - Tip Kit\/Kvapk\u00e1tko-d\u00e1vkova\u010d laku - DOHIKU","robots":{"index":"index","follow":"follow","max-snippet":"max-snippet:-1","max-image-preview":"max-image-preview:large","max-video-preview":"max-video-preview:-1"},"canonical":"https:\/\/dohiku.eu\/sk\/shop\/laky-uv-laky-a-uv-lampy\/bug-bond-tip-kit\/","og_locale":"sk_SK","og_type":"article","og_title":"BugBond - Tip Kit\/Kvapk\u00e1tko-d\u00e1vkova\u010d laku - DOHIKU","og_description":"BUG-BOND\u2122 Tip-Kit: hoci ka\u017ed\u00e1 f\u013ea\u0161a BUG-BOND\u2122 sa dod\u00e1va s univerz\u00e1lnym hrotom","og_url":"https:\/\/dohiku.eu\/sk\/shop\/laky-uv-laky-a-uv-lampy\/bug-bond-tip-kit\/","og_site_name":"DOHIKU","article_modified_time":"2025-04-11T09:00:08+00:00","og_image":[{"width":400,"height":300,"url":"https:\/\/dohiku.eu\/wp-content\/uploads\/2019\/03\/904-BUG-BOND-\u0099-Tip-Kit.jpg","type":"image\/jpeg"}],"twitter_card":"summary_large_image","twitter_misc":{"Predpokladan\u00fd \u010das \u010d\u00edtania":"1 min\u00fata"},"schema":{"@context":"https:\/\/schema.org","@graph":[{"@type":"WebPage","@id":"https:\/\/dohiku.eu\/sk\/shop\/laky-uv-laky-a-uv-lampy\/bug-bond-tip-kit\/","url":"https:\/\/dohiku.eu\/sk\/shop\/laky-uv-laky-a-uv-lampy\/bug-bond-tip-kit\/","name":"BugBond - Tip Kit\/Kvapk\u00e1tko-d\u00e1vkova\u010d laku - DOHIKU","isPartOf":{"@id":"https:\/\/dohiku.eu\/sk\/#website"},"primaryImageOfPage":{"@id":"https:\/\/dohiku.eu\/sk\/shop\/laky-uv-laky-a-uv-lampy\/bug-bond-tip-kit\/#primaryimage"},"image":{"@id":"https:\/\/dohiku.eu\/sk\/shop\/laky-uv-laky-a-uv-lampy\/bug-bond-tip-kit\/#primaryimage"},"thumbnailUrl":"https:\/\/dohiku.eu\/wp-content\/uploads\/2019\/03\/904-BUG-BOND-\u0099-Tip-Kit.jpg","datePublished":"2019-03-01T12:01:51+00:00","dateModified":"2025-04-11T09:00:08+00:00","breadcrumb":{"@id":"https:\/\/dohiku.eu\/sk\/shop\/laky-uv-laky-a-uv-lampy\/bug-bond-tip-kit\/#breadcrumb"},"inLanguage":"sk-SK","potentialAction":[{"@type":"ReadAction","target":["https:\/\/dohiku.eu\/sk\/shop\/laky-uv-laky-a-uv-lampy\/bug-bond-tip-kit\/"]}]},{"@type":"ImageObject","inLanguage":"sk-SK","@id":"https:\/\/dohiku.eu\/sk\/shop\/laky-uv-laky-a-uv-lampy\/bug-bond-tip-kit\/#primaryimage","url":"https:\/\/dohiku.eu\/wp-content\/uploads\/2019\/03\/904-BUG-BOND-\u0099-Tip-Kit.jpg","contentUrl":"https:\/\/dohiku.eu\/wp-content\/uploads\/2019\/03\/904-BUG-BOND-\u0099-Tip-Kit.jpg","width":400,"height":300},{"@type":"BreadcrumbList","@id":"https:\/\/dohiku.eu\/sk\/shop\/laky-uv-laky-a-uv-lampy\/bug-bond-tip-kit\/#breadcrumb","itemListElement":[{"@type":"ListItem","position":1,"name":"Home","item":"https:\/\/dohiku.eu\/sk\/"},{"@type":"ListItem","position":2,"name":"PRODUCTS","item":"https:\/\/dohiku.eu\/sk\/products\/"},{"@type":"ListItem","position":3,"name":"BugBond &#8211; Tip Kit\/Kvapk\u00e1tko-d\u00e1vkova\u010d laku"}]},{"@type":"WebSite","@id":"https:\/\/dohiku.eu\/sk\/#website","url":"https:\/\/dohiku.eu\/sk\/","name":"DOHIKU","description":"H\u00e1\u010diky DOHIKU s\u00fa vyroben\u00e9 z vysoko uhl\u00edkovej ocele, ktor\u00e1 je kalen\u00e1 a pop\u00fa\u0161\u0165an\u00e1 pod\u013ea presn\u00e9ho receptu.","publisher":{"@id":"https:\/\/dohiku.eu\/sk\/#organization"},"potentialAction":[{"@type":"SearchAction","target":{"@type":"EntryPoint","urlTemplate":"https:\/\/dohiku.eu\/sk\/?s={search_term_string}"},"query-input":{"@type":"PropertyValueSpecification","valueRequired":true,"valueName":"search_term_string"}}],"inLanguage":"sk-SK"},{"@type":"Organization","@id":"https:\/\/dohiku.eu\/sk\/#organization","name":"DOHIKU s.r.o.","url":"https:\/\/dohiku.eu\/sk\/","logo":{"@type":"ImageObject","inLanguage":"sk-SK","@id":"https:\/\/dohiku.eu\/sk\/#\/schema\/logo\/image\/","url":"https:\/\/dohiku.eu\/wp-content\/uploads\/2024\/01\/cropped-dohiku.png","contentUrl":"https:\/\/dohiku.eu\/wp-content\/uploads\/2024\/01\/cropped-dohiku.png","width":137,"height":87,"caption":"DOHIKU s.r.o."},"image":{"@id":"https:\/\/dohiku.eu\/sk\/#\/schema\/logo\/image\/"}}]}},"_links":{"self":[{"href":"https:\/\/dohiku.eu\/sk\/wp-json\/wp\/v2\/product\/7615","targetHints":{"allow":["GET"]}}],"collection":[{"href":"https:\/\/dohiku.eu\/sk\/wp-json\/wp\/v2\/product"}],"about":[{"href":"https:\/\/dohiku.eu\/sk\/wp-json\/wp\/v2\/types\/product"}],"replies":[{"embeddable":true,"href":"https:\/\/dohiku.eu\/sk\/wp-json\/wp\/v2\/comments?post=7615"}],"wp:featuredmedia":[{"embeddable":true,"href":"https:\/\/dohiku.eu\/sk\/wp-json\/wp\/v2\/media\/5528"}],"wp:attachment":[{"href":"https:\/\/dohiku.eu\/sk\/wp-json\/wp\/v2\/media?parent=7615"}],"wp:term":[{"taxonomy":"product_brand","embeddable":true,"href":"https:\/\/dohiku.eu\/sk\/wp-json\/wp\/v2\/product_brand?post=7615"},{"taxonomy":"product_cat","embeddable":true,"href":"https:\/\/dohiku.eu\/sk\/wp-json\/wp\/v2\/product_cat?post=7615"},{"taxonomy":"product_tag","embeddable":true,"href":"https:\/\/dohiku.eu\/sk\/wp-json\/wp\/v2\/product_tag?post=7615"}],"curies":[{"name":"wp","href":"https:\/\/api.w.org\/{rel}","templated":true}]}}