{"id":7568,"date":"2019-03-01T12:01:52","date_gmt":"2019-03-01T12:01:52","guid":{"rendered":"https:\/\/dohiku.eu\/shop\/nezaraden\u00e9\/hdp14\/"},"modified":"2026-04-17T10:14:48","modified_gmt":"2026-04-17T10:14:48","slug":"muskarske-haciky-bez-protihrotu-hdp-14","status":"publish","type":"product","link":"https:\/\/dohiku.eu\/sk\/shop\/haciky\/muskarske-haciky-dohiku-bez-protihrotu\/muskarske-haciky-bez-protihrotu-hdp-14\/","title":{"rendered":"Mu\u0161k\u00e1rske h\u00e1\u010diky bez protihrotu &#8211; HDP\/14"},"content":{"rendered":"<p>&#8222;H\u00e1\u010dik HDP ve\u013ekos\u0165 \u010d. 14 doporu\u010dujeme hlavne pou\u017e\u00edva\u0165 na viazanie p\u00fap (kukiel) poto\u010dn\u00edkov. Tento h\u00e1\u010dik je vhodn\u00fd aj na viazanie lariev a kukiel pakom\u00e1rov.<br \/>\n1 balenie &#8211; 25 ks.<br \/>\nRu\u010dne trieden\u00e9.&#8220;<\/p>\n","protected":false},"excerpt":{"rendered":"<p>&#8222;H\u00e1\u010dik HDP ve\u013ekos\u0165 \u010d. 14 doporu\u010dujeme hlavne pou\u017e\u00edva\u0165 na viazanie p\u00fap (kukiel) poto\u010dn\u00edkov. Tento h\u00e1\u010dik je vhodn\u00fd aj na viazanie lariev a kukiel pakom\u00e1rov.<br \/>\n1 balenie &#8211; 25 ks.<br \/>\nRu\u010dne trieden\u00e9.&#8220;<\/p>\n","protected":false},"featured_media":5614,"comment_status":"closed","ping_status":"closed","template":"","meta":[],"product_brand":[],"product_cat":[666,509],"product_tag":[],"class_list":{"0":"post-7568","1":"product","2":"type-product","3":"status-publish","4":"has-post-thumbnail","6":"product_cat-dohiku-hdp-pupa-klinkhammer-sk","7":"product_cat-muskarske-haciky-dohiku-bez-protihrotu","9":"first","10":"instock","11":"taxable","12":"shipping-taxable","13":"purchasable","14":"product-type-simple"},"yoast_head":"<!-- This site is optimized with the Yoast SEO plugin v27.4 - https:\/\/yoast.com\/product\/yoast-seo-wordpress\/ -->\n<title>Mu\u0161k\u00e1rske h\u00e1\u010diky bez protihrotu - HDP\/14 - DOHIKU<\/title>\n<meta name=\"robots\" content=\"index, follow, max-snippet:-1, max-image-preview:large, max-video-preview:-1\" \/>\n<link rel=\"canonical\" href=\"https:\/\/dohiku.eu\/sk\/shop\/haciky\/muskarske-haciky-dohiku-bez-protihrotu\/muskarske-haciky-bez-protihrotu-hdp-14\/\" \/>\n<meta property=\"og:locale\" content=\"sk_SK\" \/>\n<meta property=\"og:type\" content=\"article\" \/>\n<meta property=\"og:title\" content=\"Mu\u0161k\u00e1rske h\u00e1\u010diky bez protihrotu - HDP\/14 - DOHIKU\" \/>\n<meta property=\"og:description\" content=\"&quot;H\u00e1\u010dik HDP ve\u013ekos\u0165 \u010d. 14 doporu\u010dujeme hlavne pou\u017e\u00edva\u0165 na viazanie p\u00fap (kukiel) poto\u010dn\u00edkov. Tento h\u00e1\u010dik je vhodn\u00fd aj na viazanie lariev a kukiel pakom\u00e1rov. 1 balenie - 25 ks. Ru\u010dne trieden\u00e9.&quot;\" \/>\n<meta property=\"og:url\" content=\"https:\/\/dohiku.eu\/sk\/shop\/haciky\/muskarske-haciky-dohiku-bez-protihrotu\/muskarske-haciky-bez-protihrotu-hdp-14\/\" \/>\n<meta property=\"og:site_name\" content=\"DOHIKU\" \/>\n<meta property=\"article:modified_time\" content=\"2026-04-17T10:14:48+00:00\" \/>\n<meta property=\"og:image\" content=\"https:\/\/dohiku.eu\/wp-content\/uploads\/2019\/03\/990-HDP14.jpg\" \/>\n\t<meta property=\"og:image:width\" content=\"922\" \/>\n\t<meta property=\"og:image:height\" content=\"528\" \/>\n\t<meta property=\"og:image:type\" content=\"image\/jpeg\" \/>\n<meta name=\"twitter:card\" content=\"summary_large_image\" \/>\n<meta name=\"twitter:label1\" content=\"Predpokladan\u00fd \u010das \u010d\u00edtania\" \/>\n\t<meta name=\"twitter:data1\" content=\"1 min\u00fata\" \/>\n<script type=\"application\/ld+json\" class=\"yoast-schema-graph\">{\"@context\":\"https:\\\/\\\/schema.org\",\"@graph\":[{\"@type\":\"WebPage\",\"@id\":\"https:\\\/\\\/dohiku.eu\\\/sk\\\/shop\\\/haciky\\\/muskarske-haciky-dohiku-bez-protihrotu\\\/muskarske-haciky-bez-protihrotu-hdp-14\\\/\",\"url\":\"https:\\\/\\\/dohiku.eu\\\/sk\\\/shop\\\/haciky\\\/muskarske-haciky-dohiku-bez-protihrotu\\\/muskarske-haciky-bez-protihrotu-hdp-14\\\/\",\"name\":\"Mu\u0161k\u00e1rske h\u00e1\u010diky bez protihrotu - HDP\\\/14 - DOHIKU\",\"isPartOf\":{\"@id\":\"https:\\\/\\\/dohiku.eu\\\/sk\\\/#website\"},\"primaryImageOfPage\":{\"@id\":\"https:\\\/\\\/dohiku.eu\\\/sk\\\/shop\\\/haciky\\\/muskarske-haciky-dohiku-bez-protihrotu\\\/muskarske-haciky-bez-protihrotu-hdp-14\\\/#primaryimage\"},\"image\":{\"@id\":\"https:\\\/\\\/dohiku.eu\\\/sk\\\/shop\\\/haciky\\\/muskarske-haciky-dohiku-bez-protihrotu\\\/muskarske-haciky-bez-protihrotu-hdp-14\\\/#primaryimage\"},\"thumbnailUrl\":\"https:\\\/\\\/dohiku.eu\\\/wp-content\\\/uploads\\\/2019\\\/03\\\/990-HDP14.jpg\",\"datePublished\":\"2019-03-01T12:01:52+00:00\",\"dateModified\":\"2026-04-17T10:14:48+00:00\",\"breadcrumb\":{\"@id\":\"https:\\\/\\\/dohiku.eu\\\/sk\\\/shop\\\/haciky\\\/muskarske-haciky-dohiku-bez-protihrotu\\\/muskarske-haciky-bez-protihrotu-hdp-14\\\/#breadcrumb\"},\"inLanguage\":\"sk-SK\",\"potentialAction\":[{\"@type\":\"ReadAction\",\"target\":[\"https:\\\/\\\/dohiku.eu\\\/sk\\\/shop\\\/haciky\\\/muskarske-haciky-dohiku-bez-protihrotu\\\/muskarske-haciky-bez-protihrotu-hdp-14\\\/\"]}]},{\"@type\":\"ImageObject\",\"inLanguage\":\"sk-SK\",\"@id\":\"https:\\\/\\\/dohiku.eu\\\/sk\\\/shop\\\/haciky\\\/muskarske-haciky-dohiku-bez-protihrotu\\\/muskarske-haciky-bez-protihrotu-hdp-14\\\/#primaryimage\",\"url\":\"https:\\\/\\\/dohiku.eu\\\/wp-content\\\/uploads\\\/2019\\\/03\\\/990-HDP14.jpg\",\"contentUrl\":\"https:\\\/\\\/dohiku.eu\\\/wp-content\\\/uploads\\\/2019\\\/03\\\/990-HDP14.jpg\",\"width\":922,\"height\":528},{\"@type\":\"BreadcrumbList\",\"@id\":\"https:\\\/\\\/dohiku.eu\\\/sk\\\/shop\\\/haciky\\\/muskarske-haciky-dohiku-bez-protihrotu\\\/muskarske-haciky-bez-protihrotu-hdp-14\\\/#breadcrumb\",\"itemListElement\":[{\"@type\":\"ListItem\",\"position\":1,\"name\":\"Home\",\"item\":\"https:\\\/\\\/dohiku.eu\\\/sk\\\/\"},{\"@type\":\"ListItem\",\"position\":2,\"name\":\"PRODUCTS\",\"item\":\"https:\\\/\\\/dohiku.eu\\\/sk\\\/products\\\/\"},{\"@type\":\"ListItem\",\"position\":3,\"name\":\"Mu\u0161k\u00e1rske h\u00e1\u010diky bez protihrotu &#8211; HDP\\\/14\"}]},{\"@type\":\"WebSite\",\"@id\":\"https:\\\/\\\/dohiku.eu\\\/sk\\\/#website\",\"url\":\"https:\\\/\\\/dohiku.eu\\\/sk\\\/\",\"name\":\"DOHIKU\",\"description\":\"H\u00e1\u010diky DOHIKU s\u00fa vyroben\u00e9 z vysoko uhl\u00edkovej ocele, ktor\u00e1 je kalen\u00e1 a pop\u00fa\u0161\u0165an\u00e1 pod\u013ea presn\u00e9ho receptu.\",\"publisher\":{\"@id\":\"https:\\\/\\\/dohiku.eu\\\/sk\\\/#organization\"},\"potentialAction\":[{\"@type\":\"SearchAction\",\"target\":{\"@type\":\"EntryPoint\",\"urlTemplate\":\"https:\\\/\\\/dohiku.eu\\\/sk\\\/?s={search_term_string}\"},\"query-input\":{\"@type\":\"PropertyValueSpecification\",\"valueRequired\":true,\"valueName\":\"search_term_string\"}}],\"inLanguage\":\"sk-SK\"},{\"@type\":\"Organization\",\"@id\":\"https:\\\/\\\/dohiku.eu\\\/sk\\\/#organization\",\"name\":\"DOHIKU s.r.o.\",\"url\":\"https:\\\/\\\/dohiku.eu\\\/sk\\\/\",\"logo\":{\"@type\":\"ImageObject\",\"inLanguage\":\"sk-SK\",\"@id\":\"https:\\\/\\\/dohiku.eu\\\/sk\\\/#\\\/schema\\\/logo\\\/image\\\/\",\"url\":\"https:\\\/\\\/dohiku.eu\\\/wp-content\\\/uploads\\\/2024\\\/01\\\/cropped-dohiku.png\",\"contentUrl\":\"https:\\\/\\\/dohiku.eu\\\/wp-content\\\/uploads\\\/2024\\\/01\\\/cropped-dohiku.png\",\"width\":137,\"height\":87,\"caption\":\"DOHIKU s.r.o.\"},\"image\":{\"@id\":\"https:\\\/\\\/dohiku.eu\\\/sk\\\/#\\\/schema\\\/logo\\\/image\\\/\"}}]}<\/script>\n<!-- \/ Yoast SEO plugin. -->","yoast_head_json":{"title":"Mu\u0161k\u00e1rske h\u00e1\u010diky bez protihrotu - HDP\/14 - DOHIKU","robots":{"index":"index","follow":"follow","max-snippet":"max-snippet:-1","max-image-preview":"max-image-preview:large","max-video-preview":"max-video-preview:-1"},"canonical":"https:\/\/dohiku.eu\/sk\/shop\/haciky\/muskarske-haciky-dohiku-bez-protihrotu\/muskarske-haciky-bez-protihrotu-hdp-14\/","og_locale":"sk_SK","og_type":"article","og_title":"Mu\u0161k\u00e1rske h\u00e1\u010diky bez protihrotu - HDP\/14 - DOHIKU","og_description":"\"H\u00e1\u010dik HDP ve\u013ekos\u0165 \u010d. 14 doporu\u010dujeme hlavne pou\u017e\u00edva\u0165 na viazanie p\u00fap (kukiel) poto\u010dn\u00edkov. Tento h\u00e1\u010dik je vhodn\u00fd aj na viazanie lariev a kukiel pakom\u00e1rov. 1 balenie - 25 ks. Ru\u010dne trieden\u00e9.\"","og_url":"https:\/\/dohiku.eu\/sk\/shop\/haciky\/muskarske-haciky-dohiku-bez-protihrotu\/muskarske-haciky-bez-protihrotu-hdp-14\/","og_site_name":"DOHIKU","article_modified_time":"2026-04-17T10:14:48+00:00","og_image":[{"width":922,"height":528,"url":"https:\/\/dohiku.eu\/wp-content\/uploads\/2019\/03\/990-HDP14.jpg","type":"image\/jpeg"}],"twitter_card":"summary_large_image","twitter_misc":{"Predpokladan\u00fd \u010das \u010d\u00edtania":"1 min\u00fata"},"schema":{"@context":"https:\/\/schema.org","@graph":[{"@type":"WebPage","@id":"https:\/\/dohiku.eu\/sk\/shop\/haciky\/muskarske-haciky-dohiku-bez-protihrotu\/muskarske-haciky-bez-protihrotu-hdp-14\/","url":"https:\/\/dohiku.eu\/sk\/shop\/haciky\/muskarske-haciky-dohiku-bez-protihrotu\/muskarske-haciky-bez-protihrotu-hdp-14\/","name":"Mu\u0161k\u00e1rske h\u00e1\u010diky bez protihrotu - HDP\/14 - DOHIKU","isPartOf":{"@id":"https:\/\/dohiku.eu\/sk\/#website"},"primaryImageOfPage":{"@id":"https:\/\/dohiku.eu\/sk\/shop\/haciky\/muskarske-haciky-dohiku-bez-protihrotu\/muskarske-haciky-bez-protihrotu-hdp-14\/#primaryimage"},"image":{"@id":"https:\/\/dohiku.eu\/sk\/shop\/haciky\/muskarske-haciky-dohiku-bez-protihrotu\/muskarske-haciky-bez-protihrotu-hdp-14\/#primaryimage"},"thumbnailUrl":"https:\/\/dohiku.eu\/wp-content\/uploads\/2019\/03\/990-HDP14.jpg","datePublished":"2019-03-01T12:01:52+00:00","dateModified":"2026-04-17T10:14:48+00:00","breadcrumb":{"@id":"https:\/\/dohiku.eu\/sk\/shop\/haciky\/muskarske-haciky-dohiku-bez-protihrotu\/muskarske-haciky-bez-protihrotu-hdp-14\/#breadcrumb"},"inLanguage":"sk-SK","potentialAction":[{"@type":"ReadAction","target":["https:\/\/dohiku.eu\/sk\/shop\/haciky\/muskarske-haciky-dohiku-bez-protihrotu\/muskarske-haciky-bez-protihrotu-hdp-14\/"]}]},{"@type":"ImageObject","inLanguage":"sk-SK","@id":"https:\/\/dohiku.eu\/sk\/shop\/haciky\/muskarske-haciky-dohiku-bez-protihrotu\/muskarske-haciky-bez-protihrotu-hdp-14\/#primaryimage","url":"https:\/\/dohiku.eu\/wp-content\/uploads\/2019\/03\/990-HDP14.jpg","contentUrl":"https:\/\/dohiku.eu\/wp-content\/uploads\/2019\/03\/990-HDP14.jpg","width":922,"height":528},{"@type":"BreadcrumbList","@id":"https:\/\/dohiku.eu\/sk\/shop\/haciky\/muskarske-haciky-dohiku-bez-protihrotu\/muskarske-haciky-bez-protihrotu-hdp-14\/#breadcrumb","itemListElement":[{"@type":"ListItem","position":1,"name":"Home","item":"https:\/\/dohiku.eu\/sk\/"},{"@type":"ListItem","position":2,"name":"PRODUCTS","item":"https:\/\/dohiku.eu\/sk\/products\/"},{"@type":"ListItem","position":3,"name":"Mu\u0161k\u00e1rske h\u00e1\u010diky bez protihrotu &#8211; HDP\/14"}]},{"@type":"WebSite","@id":"https:\/\/dohiku.eu\/sk\/#website","url":"https:\/\/dohiku.eu\/sk\/","name":"DOHIKU","description":"H\u00e1\u010diky DOHIKU s\u00fa vyroben\u00e9 z vysoko uhl\u00edkovej ocele, ktor\u00e1 je kalen\u00e1 a pop\u00fa\u0161\u0165an\u00e1 pod\u013ea presn\u00e9ho receptu.","publisher":{"@id":"https:\/\/dohiku.eu\/sk\/#organization"},"potentialAction":[{"@type":"SearchAction","target":{"@type":"EntryPoint","urlTemplate":"https:\/\/dohiku.eu\/sk\/?s={search_term_string}"},"query-input":{"@type":"PropertyValueSpecification","valueRequired":true,"valueName":"search_term_string"}}],"inLanguage":"sk-SK"},{"@type":"Organization","@id":"https:\/\/dohiku.eu\/sk\/#organization","name":"DOHIKU s.r.o.","url":"https:\/\/dohiku.eu\/sk\/","logo":{"@type":"ImageObject","inLanguage":"sk-SK","@id":"https:\/\/dohiku.eu\/sk\/#\/schema\/logo\/image\/","url":"https:\/\/dohiku.eu\/wp-content\/uploads\/2024\/01\/cropped-dohiku.png","contentUrl":"https:\/\/dohiku.eu\/wp-content\/uploads\/2024\/01\/cropped-dohiku.png","width":137,"height":87,"caption":"DOHIKU s.r.o."},"image":{"@id":"https:\/\/dohiku.eu\/sk\/#\/schema\/logo\/image\/"}}]}},"_links":{"self":[{"href":"https:\/\/dohiku.eu\/sk\/wp-json\/wp\/v2\/product\/7568","targetHints":{"allow":["GET"]}}],"collection":[{"href":"https:\/\/dohiku.eu\/sk\/wp-json\/wp\/v2\/product"}],"about":[{"href":"https:\/\/dohiku.eu\/sk\/wp-json\/wp\/v2\/types\/product"}],"replies":[{"embeddable":true,"href":"https:\/\/dohiku.eu\/sk\/wp-json\/wp\/v2\/comments?post=7568"}],"wp:featuredmedia":[{"embeddable":true,"href":"https:\/\/dohiku.eu\/sk\/wp-json\/wp\/v2\/media\/5614"}],"wp:attachment":[{"href":"https:\/\/dohiku.eu\/sk\/wp-json\/wp\/v2\/media?parent=7568"}],"wp:term":[{"taxonomy":"product_brand","embeddable":true,"href":"https:\/\/dohiku.eu\/sk\/wp-json\/wp\/v2\/product_brand?post=7568"},{"taxonomy":"product_cat","embeddable":true,"href":"https:\/\/dohiku.eu\/sk\/wp-json\/wp\/v2\/product_cat?post=7568"},{"taxonomy":"product_tag","embeddable":true,"href":"https:\/\/dohiku.eu\/sk\/wp-json\/wp\/v2\/product_tag?post=7568"}],"curies":[{"name":"wp","href":"https:\/\/api.w.org\/{rel}","templated":true}]}}