{"id":7553,"date":"2019-03-01T12:01:52","date_gmt":"2019-03-01T12:01:52","guid":{"rendered":"https:\/\/dohiku.eu\/shop\/nezaraden\u00e9\/fly-dk-302-sinking-3-wf-8-s\/"},"modified":"2024-02-11T10:32:55","modified_gmt":"2024-02-11T10:32:55","slug":"fly-dk-302-sinking-3-wf-8-s","status":"publish","type":"product","link":"https:\/\/dohiku.eu\/sk\/shop\/muskarske-snury\/muskarske-snury-dohiku\/fly-dk-302-sinking-3-wf-8-s\/","title":{"rendered":"FLY DK 302 Sinking 3 WF-8 S"},"content":{"rendered":"<p>Akcion\/ WF-8S<\/p>\n<p>Length: 30 m\u00a0\u00a0\u00a0\u00a0<\/p>\n<p>Colour: Sea Blue<\/p>\n","protected":false},"excerpt":{"rendered":"<p>Akcion\/# WF-8S<\/p>\n<p>Length: 30 m\u00a0\u00a0\u00a0\u00a0<\/p>\n<p>Colour: Sea Blue<\/p>\n","protected":false},"featured_media":5571,"comment_status":"closed","ping_status":"closed","template":"","meta":[],"product_brand":[],"product_cat":[558,556,506],"product_tag":[],"class_list":{"0":"post-7553","1":"product","2":"type-product","3":"status-publish","4":"has-post-thumbnail","6":"product_cat-muskarske-snury","7":"product_cat-muskarske-snury-dohiku","8":"product_cat-nezaradene","10":"first","11":"instock","12":"taxable","13":"shipping-taxable","14":"purchasable","15":"product-type-simple"},"yoast_head":"<!-- This site is optimized with the Yoast SEO plugin v27.4 - https:\/\/yoast.com\/product\/yoast-seo-wordpress\/ -->\n<title>FLY DK 302 Sinking 3 WF-8 S - DOHIKU<\/title>\n<meta name=\"robots\" content=\"index, follow, max-snippet:-1, max-image-preview:large, max-video-preview:-1\" \/>\n<link rel=\"canonical\" href=\"https:\/\/dohiku.eu\/sk\/shop\/muskarske-snury\/muskarske-snury-dohiku\/fly-dk-302-sinking-3-wf-8-s\/\" \/>\n<meta property=\"og:locale\" content=\"sk_SK\" \/>\n<meta property=\"og:type\" content=\"article\" \/>\n<meta property=\"og:title\" content=\"FLY DK 302 Sinking 3 WF-8 S - DOHIKU\" \/>\n<meta property=\"og:description\" content=\"Akcion\/# WF-8S Length: 30 m\u00a0\u00a0\u00a0\u00a0 Colour: Sea Blue\" \/>\n<meta property=\"og:url\" content=\"https:\/\/dohiku.eu\/sk\/shop\/muskarske-snury\/muskarske-snury-dohiku\/fly-dk-302-sinking-3-wf-8-s\/\" \/>\n<meta property=\"og:site_name\" content=\"DOHIKU\" \/>\n<meta property=\"article:modified_time\" content=\"2024-02-11T10:32:55+00:00\" \/>\n<meta property=\"og:image\" content=\"https:\/\/dohiku.eu\/wp-content\/uploads\/2019\/03\/950-FLY-DK-302-Sinking-3-WF-8-S.jpg\" \/>\n\t<meta property=\"og:image:width\" content=\"283\" \/>\n\t<meta property=\"og:image:height\" content=\"285\" \/>\n\t<meta property=\"og:image:type\" content=\"image\/jpeg\" \/>\n<meta name=\"twitter:card\" content=\"summary_large_image\" \/>\n<script type=\"application\/ld+json\" class=\"yoast-schema-graph\">{\"@context\":\"https:\\\/\\\/schema.org\",\"@graph\":[{\"@type\":\"WebPage\",\"@id\":\"https:\\\/\\\/dohiku.eu\\\/sk\\\/shop\\\/muskarske-snury\\\/muskarske-snury-dohiku\\\/fly-dk-302-sinking-3-wf-8-s\\\/\",\"url\":\"https:\\\/\\\/dohiku.eu\\\/sk\\\/shop\\\/muskarske-snury\\\/muskarske-snury-dohiku\\\/fly-dk-302-sinking-3-wf-8-s\\\/\",\"name\":\"FLY DK 302 Sinking 3 WF-8 S - DOHIKU\",\"isPartOf\":{\"@id\":\"https:\\\/\\\/dohiku.eu\\\/sk\\\/#website\"},\"primaryImageOfPage\":{\"@id\":\"https:\\\/\\\/dohiku.eu\\\/sk\\\/shop\\\/muskarske-snury\\\/muskarske-snury-dohiku\\\/fly-dk-302-sinking-3-wf-8-s\\\/#primaryimage\"},\"image\":{\"@id\":\"https:\\\/\\\/dohiku.eu\\\/sk\\\/shop\\\/muskarske-snury\\\/muskarske-snury-dohiku\\\/fly-dk-302-sinking-3-wf-8-s\\\/#primaryimage\"},\"thumbnailUrl\":\"https:\\\/\\\/dohiku.eu\\\/wp-content\\\/uploads\\\/2019\\\/03\\\/950-FLY-DK-302-Sinking-3-WF-8-S.jpg\",\"datePublished\":\"2019-03-01T12:01:52+00:00\",\"dateModified\":\"2024-02-11T10:32:55+00:00\",\"breadcrumb\":{\"@id\":\"https:\\\/\\\/dohiku.eu\\\/sk\\\/shop\\\/muskarske-snury\\\/muskarske-snury-dohiku\\\/fly-dk-302-sinking-3-wf-8-s\\\/#breadcrumb\"},\"inLanguage\":\"sk-SK\",\"potentialAction\":[{\"@type\":\"ReadAction\",\"target\":[\"https:\\\/\\\/dohiku.eu\\\/sk\\\/shop\\\/muskarske-snury\\\/muskarske-snury-dohiku\\\/fly-dk-302-sinking-3-wf-8-s\\\/\"]}]},{\"@type\":\"ImageObject\",\"inLanguage\":\"sk-SK\",\"@id\":\"https:\\\/\\\/dohiku.eu\\\/sk\\\/shop\\\/muskarske-snury\\\/muskarske-snury-dohiku\\\/fly-dk-302-sinking-3-wf-8-s\\\/#primaryimage\",\"url\":\"https:\\\/\\\/dohiku.eu\\\/wp-content\\\/uploads\\\/2019\\\/03\\\/950-FLY-DK-302-Sinking-3-WF-8-S.jpg\",\"contentUrl\":\"https:\\\/\\\/dohiku.eu\\\/wp-content\\\/uploads\\\/2019\\\/03\\\/950-FLY-DK-302-Sinking-3-WF-8-S.jpg\",\"width\":283,\"height\":285},{\"@type\":\"BreadcrumbList\",\"@id\":\"https:\\\/\\\/dohiku.eu\\\/sk\\\/shop\\\/muskarske-snury\\\/muskarske-snury-dohiku\\\/fly-dk-302-sinking-3-wf-8-s\\\/#breadcrumb\",\"itemListElement\":[{\"@type\":\"ListItem\",\"position\":1,\"name\":\"Home\",\"item\":\"https:\\\/\\\/dohiku.eu\\\/sk\\\/\"},{\"@type\":\"ListItem\",\"position\":2,\"name\":\"PRODUCTS\",\"item\":\"https:\\\/\\\/dohiku.eu\\\/sk\\\/products\\\/\"},{\"@type\":\"ListItem\",\"position\":3,\"name\":\"FLY DK 302 Sinking 3 WF-8 S\"}]},{\"@type\":\"WebSite\",\"@id\":\"https:\\\/\\\/dohiku.eu\\\/sk\\\/#website\",\"url\":\"https:\\\/\\\/dohiku.eu\\\/sk\\\/\",\"name\":\"DOHIKU\",\"description\":\"H\u00e1\u010diky DOHIKU s\u00fa vyroben\u00e9 z vysoko uhl\u00edkovej ocele, ktor\u00e1 je kalen\u00e1 a pop\u00fa\u0161\u0165an\u00e1 pod\u013ea presn\u00e9ho receptu.\",\"publisher\":{\"@id\":\"https:\\\/\\\/dohiku.eu\\\/sk\\\/#organization\"},\"potentialAction\":[{\"@type\":\"SearchAction\",\"target\":{\"@type\":\"EntryPoint\",\"urlTemplate\":\"https:\\\/\\\/dohiku.eu\\\/sk\\\/?s={search_term_string}\"},\"query-input\":{\"@type\":\"PropertyValueSpecification\",\"valueRequired\":true,\"valueName\":\"search_term_string\"}}],\"inLanguage\":\"sk-SK\"},{\"@type\":\"Organization\",\"@id\":\"https:\\\/\\\/dohiku.eu\\\/sk\\\/#organization\",\"name\":\"DOHIKU s.r.o.\",\"url\":\"https:\\\/\\\/dohiku.eu\\\/sk\\\/\",\"logo\":{\"@type\":\"ImageObject\",\"inLanguage\":\"sk-SK\",\"@id\":\"https:\\\/\\\/dohiku.eu\\\/sk\\\/#\\\/schema\\\/logo\\\/image\\\/\",\"url\":\"https:\\\/\\\/dohiku.eu\\\/wp-content\\\/uploads\\\/2024\\\/01\\\/cropped-dohiku.png\",\"contentUrl\":\"https:\\\/\\\/dohiku.eu\\\/wp-content\\\/uploads\\\/2024\\\/01\\\/cropped-dohiku.png\",\"width\":137,\"height\":87,\"caption\":\"DOHIKU s.r.o.\"},\"image\":{\"@id\":\"https:\\\/\\\/dohiku.eu\\\/sk\\\/#\\\/schema\\\/logo\\\/image\\\/\"}}]}<\/script>\n<!-- \/ Yoast SEO plugin. -->","yoast_head_json":{"title":"FLY DK 302 Sinking 3 WF-8 S - DOHIKU","robots":{"index":"index","follow":"follow","max-snippet":"max-snippet:-1","max-image-preview":"max-image-preview:large","max-video-preview":"max-video-preview:-1"},"canonical":"https:\/\/dohiku.eu\/sk\/shop\/muskarske-snury\/muskarske-snury-dohiku\/fly-dk-302-sinking-3-wf-8-s\/","og_locale":"sk_SK","og_type":"article","og_title":"FLY DK 302 Sinking 3 WF-8 S - DOHIKU","og_description":"Akcion\/# WF-8S Length: 30 m\u00a0\u00a0\u00a0\u00a0 Colour: Sea Blue","og_url":"https:\/\/dohiku.eu\/sk\/shop\/muskarske-snury\/muskarske-snury-dohiku\/fly-dk-302-sinking-3-wf-8-s\/","og_site_name":"DOHIKU","article_modified_time":"2024-02-11T10:32:55+00:00","og_image":[{"width":283,"height":285,"url":"https:\/\/dohiku.eu\/wp-content\/uploads\/2019\/03\/950-FLY-DK-302-Sinking-3-WF-8-S.jpg","type":"image\/jpeg"}],"twitter_card":"summary_large_image","schema":{"@context":"https:\/\/schema.org","@graph":[{"@type":"WebPage","@id":"https:\/\/dohiku.eu\/sk\/shop\/muskarske-snury\/muskarske-snury-dohiku\/fly-dk-302-sinking-3-wf-8-s\/","url":"https:\/\/dohiku.eu\/sk\/shop\/muskarske-snury\/muskarske-snury-dohiku\/fly-dk-302-sinking-3-wf-8-s\/","name":"FLY DK 302 Sinking 3 WF-8 S - DOHIKU","isPartOf":{"@id":"https:\/\/dohiku.eu\/sk\/#website"},"primaryImageOfPage":{"@id":"https:\/\/dohiku.eu\/sk\/shop\/muskarske-snury\/muskarske-snury-dohiku\/fly-dk-302-sinking-3-wf-8-s\/#primaryimage"},"image":{"@id":"https:\/\/dohiku.eu\/sk\/shop\/muskarske-snury\/muskarske-snury-dohiku\/fly-dk-302-sinking-3-wf-8-s\/#primaryimage"},"thumbnailUrl":"https:\/\/dohiku.eu\/wp-content\/uploads\/2019\/03\/950-FLY-DK-302-Sinking-3-WF-8-S.jpg","datePublished":"2019-03-01T12:01:52+00:00","dateModified":"2024-02-11T10:32:55+00:00","breadcrumb":{"@id":"https:\/\/dohiku.eu\/sk\/shop\/muskarske-snury\/muskarske-snury-dohiku\/fly-dk-302-sinking-3-wf-8-s\/#breadcrumb"},"inLanguage":"sk-SK","potentialAction":[{"@type":"ReadAction","target":["https:\/\/dohiku.eu\/sk\/shop\/muskarske-snury\/muskarske-snury-dohiku\/fly-dk-302-sinking-3-wf-8-s\/"]}]},{"@type":"ImageObject","inLanguage":"sk-SK","@id":"https:\/\/dohiku.eu\/sk\/shop\/muskarske-snury\/muskarske-snury-dohiku\/fly-dk-302-sinking-3-wf-8-s\/#primaryimage","url":"https:\/\/dohiku.eu\/wp-content\/uploads\/2019\/03\/950-FLY-DK-302-Sinking-3-WF-8-S.jpg","contentUrl":"https:\/\/dohiku.eu\/wp-content\/uploads\/2019\/03\/950-FLY-DK-302-Sinking-3-WF-8-S.jpg","width":283,"height":285},{"@type":"BreadcrumbList","@id":"https:\/\/dohiku.eu\/sk\/shop\/muskarske-snury\/muskarske-snury-dohiku\/fly-dk-302-sinking-3-wf-8-s\/#breadcrumb","itemListElement":[{"@type":"ListItem","position":1,"name":"Home","item":"https:\/\/dohiku.eu\/sk\/"},{"@type":"ListItem","position":2,"name":"PRODUCTS","item":"https:\/\/dohiku.eu\/sk\/products\/"},{"@type":"ListItem","position":3,"name":"FLY DK 302 Sinking 3 WF-8 S"}]},{"@type":"WebSite","@id":"https:\/\/dohiku.eu\/sk\/#website","url":"https:\/\/dohiku.eu\/sk\/","name":"DOHIKU","description":"H\u00e1\u010diky DOHIKU s\u00fa vyroben\u00e9 z vysoko uhl\u00edkovej ocele, ktor\u00e1 je kalen\u00e1 a pop\u00fa\u0161\u0165an\u00e1 pod\u013ea presn\u00e9ho receptu.","publisher":{"@id":"https:\/\/dohiku.eu\/sk\/#organization"},"potentialAction":[{"@type":"SearchAction","target":{"@type":"EntryPoint","urlTemplate":"https:\/\/dohiku.eu\/sk\/?s={search_term_string}"},"query-input":{"@type":"PropertyValueSpecification","valueRequired":true,"valueName":"search_term_string"}}],"inLanguage":"sk-SK"},{"@type":"Organization","@id":"https:\/\/dohiku.eu\/sk\/#organization","name":"DOHIKU s.r.o.","url":"https:\/\/dohiku.eu\/sk\/","logo":{"@type":"ImageObject","inLanguage":"sk-SK","@id":"https:\/\/dohiku.eu\/sk\/#\/schema\/logo\/image\/","url":"https:\/\/dohiku.eu\/wp-content\/uploads\/2024\/01\/cropped-dohiku.png","contentUrl":"https:\/\/dohiku.eu\/wp-content\/uploads\/2024\/01\/cropped-dohiku.png","width":137,"height":87,"caption":"DOHIKU s.r.o."},"image":{"@id":"https:\/\/dohiku.eu\/sk\/#\/schema\/logo\/image\/"}}]}},"_links":{"self":[{"href":"https:\/\/dohiku.eu\/sk\/wp-json\/wp\/v2\/product\/7553","targetHints":{"allow":["GET"]}}],"collection":[{"href":"https:\/\/dohiku.eu\/sk\/wp-json\/wp\/v2\/product"}],"about":[{"href":"https:\/\/dohiku.eu\/sk\/wp-json\/wp\/v2\/types\/product"}],"replies":[{"embeddable":true,"href":"https:\/\/dohiku.eu\/sk\/wp-json\/wp\/v2\/comments?post=7553"}],"wp:featuredmedia":[{"embeddable":true,"href":"https:\/\/dohiku.eu\/sk\/wp-json\/wp\/v2\/media\/5571"}],"wp:attachment":[{"href":"https:\/\/dohiku.eu\/sk\/wp-json\/wp\/v2\/media?parent=7553"}],"wp:term":[{"taxonomy":"product_brand","embeddable":true,"href":"https:\/\/dohiku.eu\/sk\/wp-json\/wp\/v2\/product_brand?post=7553"},{"taxonomy":"product_cat","embeddable":true,"href":"https:\/\/dohiku.eu\/sk\/wp-json\/wp\/v2\/product_cat?post=7553"},{"taxonomy":"product_tag","embeddable":true,"href":"https:\/\/dohiku.eu\/sk\/wp-json\/wp\/v2\/product_tag?post=7553"}],"curies":[{"name":"wp","href":"https:\/\/api.w.org\/{rel}","templated":true}]}}