{"id":7550,"date":"2019-03-01T12:01:52","date_gmt":"2019-03-01T12:01:52","guid":{"rendered":"https:\/\/dohiku.eu\/shop\/nezaraden\u00e9\/fly-dk-301-floating-wf-7-f\/"},"modified":"2025-04-30T09:32:45","modified_gmt":"2025-04-30T09:32:45","slug":"fly-dk-301-floating-wf-7-f","status":"publish","type":"product","link":"https:\/\/dohiku.eu\/sk\/shop\/muskarske-snury\/muskarske-snury-dohiku\/fly-dk-301-floating-wf-7-f\/","title":{"rendered":"FLY DK 301 Floating WF-7 F"},"content":{"rendered":"<p><strong>Akcion\/# <\/strong>WF-7 F<\/p>\n<p><strong>Length: <\/strong>30,5 m<strong>\u00a0\u00a0\u00a0\u00a0 <\/strong><\/p>\n<p><strong>Colour: <\/strong>Fluo Yellow<\/p>\n","protected":false},"excerpt":{"rendered":"<p><strong>Akcion\/# <\/strong>WF-7 F<\/p>\n<p><strong>Length: <\/strong>30,5 m<strong>\u00a0\u00a0\u00a0\u00a0 <\/strong><\/p>\n<p><strong>Colour: <\/strong>Fluo Yellow<\/p>\n","protected":false},"featured_media":5567,"comment_status":"closed","ping_status":"closed","template":"","meta":[],"product_brand":[],"product_cat":[558,556],"product_tag":[],"class_list":{"0":"post-7550","1":"product","2":"type-product","3":"status-publish","4":"has-post-thumbnail","6":"product_cat-muskarske-snury","7":"product_cat-muskarske-snury-dohiku","9":"first","10":"instock","11":"taxable","12":"shipping-taxable","13":"purchasable","14":"product-type-simple"},"yoast_head":"<!-- This site is optimized with the Yoast SEO plugin v27.4 - https:\/\/yoast.com\/product\/yoast-seo-wordpress\/ -->\n<title>FLY DK 301 Floating WF-7 F - DOHIKU<\/title>\n<meta name=\"robots\" content=\"index, follow, max-snippet:-1, max-image-preview:large, max-video-preview:-1\" \/>\n<link rel=\"canonical\" href=\"https:\/\/dohiku.eu\/sk\/shop\/muskarske-snury\/muskarske-snury-dohiku\/fly-dk-301-floating-wf-7-f\/\" \/>\n<meta property=\"og:locale\" content=\"sk_SK\" \/>\n<meta property=\"og:type\" content=\"article\" \/>\n<meta property=\"og:title\" content=\"FLY DK 301 Floating WF-7 F - DOHIKU\" \/>\n<meta property=\"og:description\" content=\"Akcion\/# WF-7 F  Length: 30,5 m\u00a0\u00a0\u00a0\u00a0   Colour: Fluo Yellow\" \/>\n<meta property=\"og:url\" content=\"https:\/\/dohiku.eu\/sk\/shop\/muskarske-snury\/muskarske-snury-dohiku\/fly-dk-301-floating-wf-7-f\/\" \/>\n<meta property=\"og:site_name\" content=\"DOHIKU\" \/>\n<meta property=\"article:modified_time\" content=\"2025-04-30T09:32:45+00:00\" \/>\n<meta property=\"og:image\" content=\"https:\/\/dohiku.eu\/wp-content\/uploads\/2019\/03\/946-FLY-DK-301-Floating-WF-7-F.jpg\" \/>\n\t<meta property=\"og:image:width\" content=\"283\" \/>\n\t<meta property=\"og:image:height\" content=\"276\" \/>\n\t<meta property=\"og:image:type\" content=\"image\/jpeg\" \/>\n<meta name=\"twitter:card\" content=\"summary_large_image\" \/>\n<script type=\"application\/ld+json\" class=\"yoast-schema-graph\">{\"@context\":\"https:\\\/\\\/schema.org\",\"@graph\":[{\"@type\":\"WebPage\",\"@id\":\"https:\\\/\\\/dohiku.eu\\\/sk\\\/shop\\\/muskarske-snury\\\/muskarske-snury-dohiku\\\/fly-dk-301-floating-wf-7-f\\\/\",\"url\":\"https:\\\/\\\/dohiku.eu\\\/sk\\\/shop\\\/muskarske-snury\\\/muskarske-snury-dohiku\\\/fly-dk-301-floating-wf-7-f\\\/\",\"name\":\"FLY DK 301 Floating WF-7 F - DOHIKU\",\"isPartOf\":{\"@id\":\"https:\\\/\\\/dohiku.eu\\\/sk\\\/#website\"},\"primaryImageOfPage\":{\"@id\":\"https:\\\/\\\/dohiku.eu\\\/sk\\\/shop\\\/muskarske-snury\\\/muskarske-snury-dohiku\\\/fly-dk-301-floating-wf-7-f\\\/#primaryimage\"},\"image\":{\"@id\":\"https:\\\/\\\/dohiku.eu\\\/sk\\\/shop\\\/muskarske-snury\\\/muskarske-snury-dohiku\\\/fly-dk-301-floating-wf-7-f\\\/#primaryimage\"},\"thumbnailUrl\":\"https:\\\/\\\/dohiku.eu\\\/wp-content\\\/uploads\\\/2019\\\/03\\\/946-FLY-DK-301-Floating-WF-7-F.jpg\",\"datePublished\":\"2019-03-01T12:01:52+00:00\",\"dateModified\":\"2025-04-30T09:32:45+00:00\",\"breadcrumb\":{\"@id\":\"https:\\\/\\\/dohiku.eu\\\/sk\\\/shop\\\/muskarske-snury\\\/muskarske-snury-dohiku\\\/fly-dk-301-floating-wf-7-f\\\/#breadcrumb\"},\"inLanguage\":\"sk-SK\",\"potentialAction\":[{\"@type\":\"ReadAction\",\"target\":[\"https:\\\/\\\/dohiku.eu\\\/sk\\\/shop\\\/muskarske-snury\\\/muskarske-snury-dohiku\\\/fly-dk-301-floating-wf-7-f\\\/\"]}]},{\"@type\":\"ImageObject\",\"inLanguage\":\"sk-SK\",\"@id\":\"https:\\\/\\\/dohiku.eu\\\/sk\\\/shop\\\/muskarske-snury\\\/muskarske-snury-dohiku\\\/fly-dk-301-floating-wf-7-f\\\/#primaryimage\",\"url\":\"https:\\\/\\\/dohiku.eu\\\/wp-content\\\/uploads\\\/2019\\\/03\\\/946-FLY-DK-301-Floating-WF-7-F.jpg\",\"contentUrl\":\"https:\\\/\\\/dohiku.eu\\\/wp-content\\\/uploads\\\/2019\\\/03\\\/946-FLY-DK-301-Floating-WF-7-F.jpg\",\"width\":283,\"height\":276},{\"@type\":\"BreadcrumbList\",\"@id\":\"https:\\\/\\\/dohiku.eu\\\/sk\\\/shop\\\/muskarske-snury\\\/muskarske-snury-dohiku\\\/fly-dk-301-floating-wf-7-f\\\/#breadcrumb\",\"itemListElement\":[{\"@type\":\"ListItem\",\"position\":1,\"name\":\"Home\",\"item\":\"https:\\\/\\\/dohiku.eu\\\/sk\\\/\"},{\"@type\":\"ListItem\",\"position\":2,\"name\":\"PRODUCTS\",\"item\":\"https:\\\/\\\/dohiku.eu\\\/sk\\\/products\\\/\"},{\"@type\":\"ListItem\",\"position\":3,\"name\":\"FLY DK 301 Floating WF-7 F\"}]},{\"@type\":\"WebSite\",\"@id\":\"https:\\\/\\\/dohiku.eu\\\/sk\\\/#website\",\"url\":\"https:\\\/\\\/dohiku.eu\\\/sk\\\/\",\"name\":\"DOHIKU\",\"description\":\"H\u00e1\u010diky DOHIKU s\u00fa vyroben\u00e9 z vysoko uhl\u00edkovej ocele, ktor\u00e1 je kalen\u00e1 a pop\u00fa\u0161\u0165an\u00e1 pod\u013ea presn\u00e9ho receptu.\",\"publisher\":{\"@id\":\"https:\\\/\\\/dohiku.eu\\\/sk\\\/#organization\"},\"potentialAction\":[{\"@type\":\"SearchAction\",\"target\":{\"@type\":\"EntryPoint\",\"urlTemplate\":\"https:\\\/\\\/dohiku.eu\\\/sk\\\/?s={search_term_string}\"},\"query-input\":{\"@type\":\"PropertyValueSpecification\",\"valueRequired\":true,\"valueName\":\"search_term_string\"}}],\"inLanguage\":\"sk-SK\"},{\"@type\":\"Organization\",\"@id\":\"https:\\\/\\\/dohiku.eu\\\/sk\\\/#organization\",\"name\":\"DOHIKU s.r.o.\",\"url\":\"https:\\\/\\\/dohiku.eu\\\/sk\\\/\",\"logo\":{\"@type\":\"ImageObject\",\"inLanguage\":\"sk-SK\",\"@id\":\"https:\\\/\\\/dohiku.eu\\\/sk\\\/#\\\/schema\\\/logo\\\/image\\\/\",\"url\":\"https:\\\/\\\/dohiku.eu\\\/wp-content\\\/uploads\\\/2024\\\/01\\\/cropped-dohiku.png\",\"contentUrl\":\"https:\\\/\\\/dohiku.eu\\\/wp-content\\\/uploads\\\/2024\\\/01\\\/cropped-dohiku.png\",\"width\":137,\"height\":87,\"caption\":\"DOHIKU s.r.o.\"},\"image\":{\"@id\":\"https:\\\/\\\/dohiku.eu\\\/sk\\\/#\\\/schema\\\/logo\\\/image\\\/\"}}]}<\/script>\n<!-- \/ Yoast SEO plugin. -->","yoast_head_json":{"title":"FLY DK 301 Floating WF-7 F - DOHIKU","robots":{"index":"index","follow":"follow","max-snippet":"max-snippet:-1","max-image-preview":"max-image-preview:large","max-video-preview":"max-video-preview:-1"},"canonical":"https:\/\/dohiku.eu\/sk\/shop\/muskarske-snury\/muskarske-snury-dohiku\/fly-dk-301-floating-wf-7-f\/","og_locale":"sk_SK","og_type":"article","og_title":"FLY DK 301 Floating WF-7 F - DOHIKU","og_description":"Akcion\/# WF-7 F  Length: 30,5 m\u00a0\u00a0\u00a0\u00a0   Colour: Fluo Yellow","og_url":"https:\/\/dohiku.eu\/sk\/shop\/muskarske-snury\/muskarske-snury-dohiku\/fly-dk-301-floating-wf-7-f\/","og_site_name":"DOHIKU","article_modified_time":"2025-04-30T09:32:45+00:00","og_image":[{"width":283,"height":276,"url":"https:\/\/dohiku.eu\/wp-content\/uploads\/2019\/03\/946-FLY-DK-301-Floating-WF-7-F.jpg","type":"image\/jpeg"}],"twitter_card":"summary_large_image","schema":{"@context":"https:\/\/schema.org","@graph":[{"@type":"WebPage","@id":"https:\/\/dohiku.eu\/sk\/shop\/muskarske-snury\/muskarske-snury-dohiku\/fly-dk-301-floating-wf-7-f\/","url":"https:\/\/dohiku.eu\/sk\/shop\/muskarske-snury\/muskarske-snury-dohiku\/fly-dk-301-floating-wf-7-f\/","name":"FLY DK 301 Floating WF-7 F - DOHIKU","isPartOf":{"@id":"https:\/\/dohiku.eu\/sk\/#website"},"primaryImageOfPage":{"@id":"https:\/\/dohiku.eu\/sk\/shop\/muskarske-snury\/muskarske-snury-dohiku\/fly-dk-301-floating-wf-7-f\/#primaryimage"},"image":{"@id":"https:\/\/dohiku.eu\/sk\/shop\/muskarske-snury\/muskarske-snury-dohiku\/fly-dk-301-floating-wf-7-f\/#primaryimage"},"thumbnailUrl":"https:\/\/dohiku.eu\/wp-content\/uploads\/2019\/03\/946-FLY-DK-301-Floating-WF-7-F.jpg","datePublished":"2019-03-01T12:01:52+00:00","dateModified":"2025-04-30T09:32:45+00:00","breadcrumb":{"@id":"https:\/\/dohiku.eu\/sk\/shop\/muskarske-snury\/muskarske-snury-dohiku\/fly-dk-301-floating-wf-7-f\/#breadcrumb"},"inLanguage":"sk-SK","potentialAction":[{"@type":"ReadAction","target":["https:\/\/dohiku.eu\/sk\/shop\/muskarske-snury\/muskarske-snury-dohiku\/fly-dk-301-floating-wf-7-f\/"]}]},{"@type":"ImageObject","inLanguage":"sk-SK","@id":"https:\/\/dohiku.eu\/sk\/shop\/muskarske-snury\/muskarske-snury-dohiku\/fly-dk-301-floating-wf-7-f\/#primaryimage","url":"https:\/\/dohiku.eu\/wp-content\/uploads\/2019\/03\/946-FLY-DK-301-Floating-WF-7-F.jpg","contentUrl":"https:\/\/dohiku.eu\/wp-content\/uploads\/2019\/03\/946-FLY-DK-301-Floating-WF-7-F.jpg","width":283,"height":276},{"@type":"BreadcrumbList","@id":"https:\/\/dohiku.eu\/sk\/shop\/muskarske-snury\/muskarske-snury-dohiku\/fly-dk-301-floating-wf-7-f\/#breadcrumb","itemListElement":[{"@type":"ListItem","position":1,"name":"Home","item":"https:\/\/dohiku.eu\/sk\/"},{"@type":"ListItem","position":2,"name":"PRODUCTS","item":"https:\/\/dohiku.eu\/sk\/products\/"},{"@type":"ListItem","position":3,"name":"FLY DK 301 Floating WF-7 F"}]},{"@type":"WebSite","@id":"https:\/\/dohiku.eu\/sk\/#website","url":"https:\/\/dohiku.eu\/sk\/","name":"DOHIKU","description":"H\u00e1\u010diky DOHIKU s\u00fa vyroben\u00e9 z vysoko uhl\u00edkovej ocele, ktor\u00e1 je kalen\u00e1 a pop\u00fa\u0161\u0165an\u00e1 pod\u013ea presn\u00e9ho receptu.","publisher":{"@id":"https:\/\/dohiku.eu\/sk\/#organization"},"potentialAction":[{"@type":"SearchAction","target":{"@type":"EntryPoint","urlTemplate":"https:\/\/dohiku.eu\/sk\/?s={search_term_string}"},"query-input":{"@type":"PropertyValueSpecification","valueRequired":true,"valueName":"search_term_string"}}],"inLanguage":"sk-SK"},{"@type":"Organization","@id":"https:\/\/dohiku.eu\/sk\/#organization","name":"DOHIKU s.r.o.","url":"https:\/\/dohiku.eu\/sk\/","logo":{"@type":"ImageObject","inLanguage":"sk-SK","@id":"https:\/\/dohiku.eu\/sk\/#\/schema\/logo\/image\/","url":"https:\/\/dohiku.eu\/wp-content\/uploads\/2024\/01\/cropped-dohiku.png","contentUrl":"https:\/\/dohiku.eu\/wp-content\/uploads\/2024\/01\/cropped-dohiku.png","width":137,"height":87,"caption":"DOHIKU s.r.o."},"image":{"@id":"https:\/\/dohiku.eu\/sk\/#\/schema\/logo\/image\/"}}]}},"_links":{"self":[{"href":"https:\/\/dohiku.eu\/sk\/wp-json\/wp\/v2\/product\/7550","targetHints":{"allow":["GET"]}}],"collection":[{"href":"https:\/\/dohiku.eu\/sk\/wp-json\/wp\/v2\/product"}],"about":[{"href":"https:\/\/dohiku.eu\/sk\/wp-json\/wp\/v2\/types\/product"}],"replies":[{"embeddable":true,"href":"https:\/\/dohiku.eu\/sk\/wp-json\/wp\/v2\/comments?post=7550"}],"wp:featuredmedia":[{"embeddable":true,"href":"https:\/\/dohiku.eu\/sk\/wp-json\/wp\/v2\/media\/5567"}],"wp:attachment":[{"href":"https:\/\/dohiku.eu\/sk\/wp-json\/wp\/v2\/media?parent=7550"}],"wp:term":[{"taxonomy":"product_brand","embeddable":true,"href":"https:\/\/dohiku.eu\/sk\/wp-json\/wp\/v2\/product_brand?post=7550"},{"taxonomy":"product_cat","embeddable":true,"href":"https:\/\/dohiku.eu\/sk\/wp-json\/wp\/v2\/product_cat?post=7550"},{"taxonomy":"product_tag","embeddable":true,"href":"https:\/\/dohiku.eu\/sk\/wp-json\/wp\/v2\/product_tag?post=7550"}],"curies":[{"name":"wp","href":"https:\/\/api.w.org\/{rel}","templated":true}]}}