{"id":7515,"date":"2019-03-01T12:01:53","date_gmt":"2019-03-01T12:01:53","guid":{"rendered":"https:\/\/dohiku.eu\/shop\/nezaraden\u00e9\/flies-reserve\/"},"modified":"2024-02-11T10:33:33","modified_gmt":"2024-02-11T10:33:33","slug":"nahradna-vlozka-pre-zasobnik-na-musky","status":"publish","type":"product","link":"https:\/\/dohiku.eu\/sk\/shop\/skatulky-na-musky\/plastove-skatulky-na-musky\/nahradna-vlozka-pre-zasobnik-na-musky\/","title":{"rendered":"N\u00e1hradn\u00e1 vlo\u017eka pre z\u00e1sobn\u00edk na mu\u0161ky"},"content":{"rendered":"<p>N\u00e1hradn\u00e1 vlo\u017eka \u00a0na mu\u0161ky. Je vhodn\u00e1 pre\u00a0<span style=\"font-size:10pt;line-height:1.5;\">Z\u00e1sobn\u00edk na mu\u0161ky, k\u00f3d ZMV ale d\u00e1 sa pou\u017e\u00edva\u0165 aj samostatne.<\/span><\/p>\n","protected":false},"excerpt":{"rendered":"<p>N\u00e1hradn\u00e1 vlo\u017eka na mu\u0161ky. Je vhodn\u00e1 pre\u00a0<span>Z\u00e1sobn\u00edk na mu\u0161ky, k\u00f3d ZMV ale d\u00e1 sa pou\u017e\u00edva\u0165 aj samostatne.<\/span><\/p>\n","protected":false},"featured_media":5665,"comment_status":"closed","ping_status":"closed","template":"","meta":[],"product_brand":[],"product_cat":[506,513,514,535],"product_tag":[],"class_list":{"0":"post-7515","1":"product","2":"type-product","3":"status-publish","4":"has-post-thumbnail","6":"product_cat-nezaradene","7":"product_cat-skatulky-na-musky","8":"product_cat-plastove-skatulky-na-musky","9":"product_cat-prislusenstvo","11":"first","12":"instock","13":"taxable","14":"shipping-taxable","15":"purchasable","16":"product-type-simple"},"yoast_head":"<!-- This site is optimized with the Yoast SEO plugin v27.4 - https:\/\/yoast.com\/product\/yoast-seo-wordpress\/ -->\n<title>N\u00e1hradn\u00e1 vlo\u017eka pre z\u00e1sobn\u00edk na mu\u0161ky - DOHIKU<\/title>\n<meta name=\"robots\" content=\"index, follow, max-snippet:-1, max-image-preview:large, max-video-preview:-1\" \/>\n<link rel=\"canonical\" href=\"https:\/\/dohiku.eu\/sk\/shop\/skatulky-na-musky\/plastove-skatulky-na-musky\/nahradna-vlozka-pre-zasobnik-na-musky\/\" \/>\n<meta property=\"og:locale\" content=\"sk_SK\" \/>\n<meta property=\"og:type\" content=\"article\" \/>\n<meta property=\"og:title\" content=\"N\u00e1hradn\u00e1 vlo\u017eka pre z\u00e1sobn\u00edk na mu\u0161ky - DOHIKU\" \/>\n<meta property=\"og:description\" content=\"N\u00e1hradn\u00e1 vlo\u017eka na mu\u0161ky. Je vhodn\u00e1 pre\u00a0Z\u00e1sobn\u00edk na mu\u0161ky, k\u00f3d ZMV ale d\u00e1 sa pou\u017e\u00edva\u0165 aj samostatne.\" \/>\n<meta property=\"og:url\" content=\"https:\/\/dohiku.eu\/sk\/shop\/skatulky-na-musky\/plastove-skatulky-na-musky\/nahradna-vlozka-pre-zasobnik-na-musky\/\" \/>\n<meta property=\"og:site_name\" content=\"DOHIKU\" \/>\n<meta property=\"article:modified_time\" content=\"2024-02-11T10:33:33+00:00\" \/>\n<meta property=\"og:image\" content=\"https:\/\/dohiku.eu\/wp-content\/uploads\/2019\/03\/1045-Flies-Reserve-ZNA.jpg\" \/>\n\t<meta property=\"og:image:width\" content=\"680\" \/>\n\t<meta property=\"og:image:height\" content=\"936\" \/>\n\t<meta property=\"og:image:type\" content=\"image\/jpeg\" \/>\n<meta name=\"twitter:card\" content=\"summary_large_image\" \/>\n<script type=\"application\/ld+json\" class=\"yoast-schema-graph\">{\"@context\":\"https:\\\/\\\/schema.org\",\"@graph\":[{\"@type\":\"WebPage\",\"@id\":\"https:\\\/\\\/dohiku.eu\\\/sk\\\/shop\\\/skatulky-na-musky\\\/plastove-skatulky-na-musky\\\/nahradna-vlozka-pre-zasobnik-na-musky\\\/\",\"url\":\"https:\\\/\\\/dohiku.eu\\\/sk\\\/shop\\\/skatulky-na-musky\\\/plastove-skatulky-na-musky\\\/nahradna-vlozka-pre-zasobnik-na-musky\\\/\",\"name\":\"N\u00e1hradn\u00e1 vlo\u017eka pre z\u00e1sobn\u00edk na mu\u0161ky - DOHIKU\",\"isPartOf\":{\"@id\":\"https:\\\/\\\/dohiku.eu\\\/sk\\\/#website\"},\"primaryImageOfPage\":{\"@id\":\"https:\\\/\\\/dohiku.eu\\\/sk\\\/shop\\\/skatulky-na-musky\\\/plastove-skatulky-na-musky\\\/nahradna-vlozka-pre-zasobnik-na-musky\\\/#primaryimage\"},\"image\":{\"@id\":\"https:\\\/\\\/dohiku.eu\\\/sk\\\/shop\\\/skatulky-na-musky\\\/plastove-skatulky-na-musky\\\/nahradna-vlozka-pre-zasobnik-na-musky\\\/#primaryimage\"},\"thumbnailUrl\":\"https:\\\/\\\/dohiku.eu\\\/wp-content\\\/uploads\\\/2019\\\/03\\\/1045-Flies-Reserve-ZNA.jpg\",\"datePublished\":\"2019-03-01T12:01:53+00:00\",\"dateModified\":\"2024-02-11T10:33:33+00:00\",\"breadcrumb\":{\"@id\":\"https:\\\/\\\/dohiku.eu\\\/sk\\\/shop\\\/skatulky-na-musky\\\/plastove-skatulky-na-musky\\\/nahradna-vlozka-pre-zasobnik-na-musky\\\/#breadcrumb\"},\"inLanguage\":\"sk-SK\",\"potentialAction\":[{\"@type\":\"ReadAction\",\"target\":[\"https:\\\/\\\/dohiku.eu\\\/sk\\\/shop\\\/skatulky-na-musky\\\/plastove-skatulky-na-musky\\\/nahradna-vlozka-pre-zasobnik-na-musky\\\/\"]}]},{\"@type\":\"ImageObject\",\"inLanguage\":\"sk-SK\",\"@id\":\"https:\\\/\\\/dohiku.eu\\\/sk\\\/shop\\\/skatulky-na-musky\\\/plastove-skatulky-na-musky\\\/nahradna-vlozka-pre-zasobnik-na-musky\\\/#primaryimage\",\"url\":\"https:\\\/\\\/dohiku.eu\\\/wp-content\\\/uploads\\\/2019\\\/03\\\/1045-Flies-Reserve-ZNA.jpg\",\"contentUrl\":\"https:\\\/\\\/dohiku.eu\\\/wp-content\\\/uploads\\\/2019\\\/03\\\/1045-Flies-Reserve-ZNA.jpg\",\"width\":680,\"height\":936},{\"@type\":\"BreadcrumbList\",\"@id\":\"https:\\\/\\\/dohiku.eu\\\/sk\\\/shop\\\/skatulky-na-musky\\\/plastove-skatulky-na-musky\\\/nahradna-vlozka-pre-zasobnik-na-musky\\\/#breadcrumb\",\"itemListElement\":[{\"@type\":\"ListItem\",\"position\":1,\"name\":\"Home\",\"item\":\"https:\\\/\\\/dohiku.eu\\\/sk\\\/\"},{\"@type\":\"ListItem\",\"position\":2,\"name\":\"PRODUCTS\",\"item\":\"https:\\\/\\\/dohiku.eu\\\/sk\\\/products\\\/\"},{\"@type\":\"ListItem\",\"position\":3,\"name\":\"N\u00e1hradn\u00e1 vlo\u017eka pre z\u00e1sobn\u00edk na mu\u0161ky\"}]},{\"@type\":\"WebSite\",\"@id\":\"https:\\\/\\\/dohiku.eu\\\/sk\\\/#website\",\"url\":\"https:\\\/\\\/dohiku.eu\\\/sk\\\/\",\"name\":\"DOHIKU\",\"description\":\"H\u00e1\u010diky DOHIKU s\u00fa vyroben\u00e9 z vysoko uhl\u00edkovej ocele, ktor\u00e1 je kalen\u00e1 a pop\u00fa\u0161\u0165an\u00e1 pod\u013ea presn\u00e9ho receptu.\",\"publisher\":{\"@id\":\"https:\\\/\\\/dohiku.eu\\\/sk\\\/#organization\"},\"potentialAction\":[{\"@type\":\"SearchAction\",\"target\":{\"@type\":\"EntryPoint\",\"urlTemplate\":\"https:\\\/\\\/dohiku.eu\\\/sk\\\/?s={search_term_string}\"},\"query-input\":{\"@type\":\"PropertyValueSpecification\",\"valueRequired\":true,\"valueName\":\"search_term_string\"}}],\"inLanguage\":\"sk-SK\"},{\"@type\":\"Organization\",\"@id\":\"https:\\\/\\\/dohiku.eu\\\/sk\\\/#organization\",\"name\":\"DOHIKU s.r.o.\",\"url\":\"https:\\\/\\\/dohiku.eu\\\/sk\\\/\",\"logo\":{\"@type\":\"ImageObject\",\"inLanguage\":\"sk-SK\",\"@id\":\"https:\\\/\\\/dohiku.eu\\\/sk\\\/#\\\/schema\\\/logo\\\/image\\\/\",\"url\":\"https:\\\/\\\/dohiku.eu\\\/wp-content\\\/uploads\\\/2024\\\/01\\\/cropped-dohiku.png\",\"contentUrl\":\"https:\\\/\\\/dohiku.eu\\\/wp-content\\\/uploads\\\/2024\\\/01\\\/cropped-dohiku.png\",\"width\":137,\"height\":87,\"caption\":\"DOHIKU s.r.o.\"},\"image\":{\"@id\":\"https:\\\/\\\/dohiku.eu\\\/sk\\\/#\\\/schema\\\/logo\\\/image\\\/\"}}]}<\/script>\n<!-- \/ Yoast SEO plugin. -->","yoast_head_json":{"title":"N\u00e1hradn\u00e1 vlo\u017eka pre z\u00e1sobn\u00edk na mu\u0161ky - DOHIKU","robots":{"index":"index","follow":"follow","max-snippet":"max-snippet:-1","max-image-preview":"max-image-preview:large","max-video-preview":"max-video-preview:-1"},"canonical":"https:\/\/dohiku.eu\/sk\/shop\/skatulky-na-musky\/plastove-skatulky-na-musky\/nahradna-vlozka-pre-zasobnik-na-musky\/","og_locale":"sk_SK","og_type":"article","og_title":"N\u00e1hradn\u00e1 vlo\u017eka pre z\u00e1sobn\u00edk na mu\u0161ky - DOHIKU","og_description":"N\u00e1hradn\u00e1 vlo\u017eka na mu\u0161ky. Je vhodn\u00e1 pre\u00a0Z\u00e1sobn\u00edk na mu\u0161ky, k\u00f3d ZMV ale d\u00e1 sa pou\u017e\u00edva\u0165 aj samostatne.","og_url":"https:\/\/dohiku.eu\/sk\/shop\/skatulky-na-musky\/plastove-skatulky-na-musky\/nahradna-vlozka-pre-zasobnik-na-musky\/","og_site_name":"DOHIKU","article_modified_time":"2024-02-11T10:33:33+00:00","og_image":[{"width":680,"height":936,"url":"https:\/\/dohiku.eu\/wp-content\/uploads\/2019\/03\/1045-Flies-Reserve-ZNA.jpg","type":"image\/jpeg"}],"twitter_card":"summary_large_image","schema":{"@context":"https:\/\/schema.org","@graph":[{"@type":"WebPage","@id":"https:\/\/dohiku.eu\/sk\/shop\/skatulky-na-musky\/plastove-skatulky-na-musky\/nahradna-vlozka-pre-zasobnik-na-musky\/","url":"https:\/\/dohiku.eu\/sk\/shop\/skatulky-na-musky\/plastove-skatulky-na-musky\/nahradna-vlozka-pre-zasobnik-na-musky\/","name":"N\u00e1hradn\u00e1 vlo\u017eka pre z\u00e1sobn\u00edk na mu\u0161ky - DOHIKU","isPartOf":{"@id":"https:\/\/dohiku.eu\/sk\/#website"},"primaryImageOfPage":{"@id":"https:\/\/dohiku.eu\/sk\/shop\/skatulky-na-musky\/plastove-skatulky-na-musky\/nahradna-vlozka-pre-zasobnik-na-musky\/#primaryimage"},"image":{"@id":"https:\/\/dohiku.eu\/sk\/shop\/skatulky-na-musky\/plastove-skatulky-na-musky\/nahradna-vlozka-pre-zasobnik-na-musky\/#primaryimage"},"thumbnailUrl":"https:\/\/dohiku.eu\/wp-content\/uploads\/2019\/03\/1045-Flies-Reserve-ZNA.jpg","datePublished":"2019-03-01T12:01:53+00:00","dateModified":"2024-02-11T10:33:33+00:00","breadcrumb":{"@id":"https:\/\/dohiku.eu\/sk\/shop\/skatulky-na-musky\/plastove-skatulky-na-musky\/nahradna-vlozka-pre-zasobnik-na-musky\/#breadcrumb"},"inLanguage":"sk-SK","potentialAction":[{"@type":"ReadAction","target":["https:\/\/dohiku.eu\/sk\/shop\/skatulky-na-musky\/plastove-skatulky-na-musky\/nahradna-vlozka-pre-zasobnik-na-musky\/"]}]},{"@type":"ImageObject","inLanguage":"sk-SK","@id":"https:\/\/dohiku.eu\/sk\/shop\/skatulky-na-musky\/plastove-skatulky-na-musky\/nahradna-vlozka-pre-zasobnik-na-musky\/#primaryimage","url":"https:\/\/dohiku.eu\/wp-content\/uploads\/2019\/03\/1045-Flies-Reserve-ZNA.jpg","contentUrl":"https:\/\/dohiku.eu\/wp-content\/uploads\/2019\/03\/1045-Flies-Reserve-ZNA.jpg","width":680,"height":936},{"@type":"BreadcrumbList","@id":"https:\/\/dohiku.eu\/sk\/shop\/skatulky-na-musky\/plastove-skatulky-na-musky\/nahradna-vlozka-pre-zasobnik-na-musky\/#breadcrumb","itemListElement":[{"@type":"ListItem","position":1,"name":"Home","item":"https:\/\/dohiku.eu\/sk\/"},{"@type":"ListItem","position":2,"name":"PRODUCTS","item":"https:\/\/dohiku.eu\/sk\/products\/"},{"@type":"ListItem","position":3,"name":"N\u00e1hradn\u00e1 vlo\u017eka pre z\u00e1sobn\u00edk na mu\u0161ky"}]},{"@type":"WebSite","@id":"https:\/\/dohiku.eu\/sk\/#website","url":"https:\/\/dohiku.eu\/sk\/","name":"DOHIKU","description":"H\u00e1\u010diky DOHIKU s\u00fa vyroben\u00e9 z vysoko uhl\u00edkovej ocele, ktor\u00e1 je kalen\u00e1 a pop\u00fa\u0161\u0165an\u00e1 pod\u013ea presn\u00e9ho receptu.","publisher":{"@id":"https:\/\/dohiku.eu\/sk\/#organization"},"potentialAction":[{"@type":"SearchAction","target":{"@type":"EntryPoint","urlTemplate":"https:\/\/dohiku.eu\/sk\/?s={search_term_string}"},"query-input":{"@type":"PropertyValueSpecification","valueRequired":true,"valueName":"search_term_string"}}],"inLanguage":"sk-SK"},{"@type":"Organization","@id":"https:\/\/dohiku.eu\/sk\/#organization","name":"DOHIKU s.r.o.","url":"https:\/\/dohiku.eu\/sk\/","logo":{"@type":"ImageObject","inLanguage":"sk-SK","@id":"https:\/\/dohiku.eu\/sk\/#\/schema\/logo\/image\/","url":"https:\/\/dohiku.eu\/wp-content\/uploads\/2024\/01\/cropped-dohiku.png","contentUrl":"https:\/\/dohiku.eu\/wp-content\/uploads\/2024\/01\/cropped-dohiku.png","width":137,"height":87,"caption":"DOHIKU s.r.o."},"image":{"@id":"https:\/\/dohiku.eu\/sk\/#\/schema\/logo\/image\/"}}]}},"_links":{"self":[{"href":"https:\/\/dohiku.eu\/sk\/wp-json\/wp\/v2\/product\/7515","targetHints":{"allow":["GET"]}}],"collection":[{"href":"https:\/\/dohiku.eu\/sk\/wp-json\/wp\/v2\/product"}],"about":[{"href":"https:\/\/dohiku.eu\/sk\/wp-json\/wp\/v2\/types\/product"}],"replies":[{"embeddable":true,"href":"https:\/\/dohiku.eu\/sk\/wp-json\/wp\/v2\/comments?post=7515"}],"wp:featuredmedia":[{"embeddable":true,"href":"https:\/\/dohiku.eu\/sk\/wp-json\/wp\/v2\/media\/5665"}],"wp:attachment":[{"href":"https:\/\/dohiku.eu\/sk\/wp-json\/wp\/v2\/media?parent=7515"}],"wp:term":[{"taxonomy":"product_brand","embeddable":true,"href":"https:\/\/dohiku.eu\/sk\/wp-json\/wp\/v2\/product_brand?post=7515"},{"taxonomy":"product_cat","embeddable":true,"href":"https:\/\/dohiku.eu\/sk\/wp-json\/wp\/v2\/product_cat?post=7515"},{"taxonomy":"product_tag","embeddable":true,"href":"https:\/\/dohiku.eu\/sk\/wp-json\/wp\/v2\/product_tag?post=7515"}],"curies":[{"name":"wp","href":"https:\/\/api.w.org\/{rel}","templated":true}]}}