{"id":7463,"date":"2019-03-01T12:01:54","date_gmt":"2019-03-01T12:01:54","guid":{"rendered":"https:\/\/dohiku.eu\/shop\/nezaraden\u00e9\/double-thread-black-vnd-05\/"},"modified":"2024-02-11T10:34:27","modified_gmt":"2024-02-11T10:34:27","slug":"viazacia-nit-dvojvlaknova-cierna-vnd-05","status":"publish","type":"product","link":"https:\/\/dohiku.eu\/sk\/shop\/viazacie-materialy\/nite-lametky-a-drotiky\/viazacie-nite-dvojite\/viazacia-nit-dvojvlaknova-cierna-vnd-05\/","title":{"rendered":"Viazacia ni\u0165 &#8211; dvojvl\u00e1knov\u00e1 &#8211; \u010cierna, VND 05"},"content":{"rendered":"<p>Viazacia ni\u0165 je zlo\u017een\u00e1 z dvoch nit\u00ed.<\/p>\n<p>Hr\u00fabka: 30&#215;2 Den.<\/p>\n<p>D\u013e\u017eka: 100 m<\/p>\n","protected":false},"excerpt":{"rendered":"<p>Viazacia ni\u0165 je zlo\u017een\u00e1 z dvoch nit\u00ed.<\/p>\n<p>Hr\u00fabka: 30&#215;2 Den.<\/p>\n<p>D\u013e\u017eka: 100 m<\/p>\n","protected":false},"featured_media":5827,"comment_status":"closed","ping_status":"closed","template":"","meta":[],"product_brand":[],"product_cat":[506,538,525,649],"product_tag":[],"class_list":{"0":"post-7463","1":"product","2":"type-product","3":"status-publish","4":"has-post-thumbnail","6":"product_cat-nezaradene","7":"product_cat-nite-lametky-a-drotiky","8":"product_cat-viazacie-materialy","9":"product_cat-viazacie-nite-dvojite","11":"first","12":"outofstock","13":"taxable","14":"shipping-taxable","15":"purchasable","16":"product-type-simple"},"yoast_head":"<!-- This site is optimized with the Yoast SEO plugin v27.4 - https:\/\/yoast.com\/product\/yoast-seo-wordpress\/ -->\n<title>Viazacia ni\u0165 - dvojvl\u00e1knov\u00e1 - \u010cierna, VND 05 - DOHIKU<\/title>\n<meta name=\"robots\" content=\"index, follow, max-snippet:-1, max-image-preview:large, max-video-preview:-1\" \/>\n<link rel=\"canonical\" href=\"https:\/\/dohiku.eu\/sk\/shop\/viazacie-materialy\/nite-lametky-a-drotiky\/viazacie-nite-dvojite\/viazacia-nit-dvojvlaknova-cierna-vnd-05\/\" \/>\n<meta property=\"og:locale\" content=\"sk_SK\" \/>\n<meta property=\"og:type\" content=\"article\" \/>\n<meta property=\"og:title\" content=\"Viazacia ni\u0165 - dvojvl\u00e1knov\u00e1 - \u010cierna, VND 05 - DOHIKU\" \/>\n<meta property=\"og:description\" content=\"Viazacia ni\u0165 je zlo\u017een\u00e1 z dvoch nit\u00ed. Hr\u00fabka: 30x2 Den. D\u013e\u017eka: 100 m\" \/>\n<meta property=\"og:url\" content=\"https:\/\/dohiku.eu\/sk\/shop\/viazacie-materialy\/nite-lametky-a-drotiky\/viazacie-nite-dvojite\/viazacia-nit-dvojvlaknova-cierna-vnd-05\/\" \/>\n<meta property=\"og:site_name\" content=\"DOHIKU\" \/>\n<meta property=\"article:modified_time\" content=\"2024-02-11T10:34:27+00:00\" \/>\n<meta property=\"og:image\" content=\"https:\/\/dohiku.eu\/wp-content\/uploads\/2019\/03\/1205-Double-Thread-Black-VND-05.jpg\" \/>\n\t<meta property=\"og:image:width\" content=\"860\" \/>\n\t<meta property=\"og:image:height\" content=\"1127\" \/>\n\t<meta property=\"og:image:type\" content=\"image\/jpeg\" \/>\n<meta name=\"twitter:card\" content=\"summary_large_image\" \/>\n<script type=\"application\/ld+json\" class=\"yoast-schema-graph\">{\"@context\":\"https:\\\/\\\/schema.org\",\"@graph\":[{\"@type\":\"WebPage\",\"@id\":\"https:\\\/\\\/dohiku.eu\\\/sk\\\/shop\\\/viazacie-materialy\\\/nite-lametky-a-drotiky\\\/viazacie-nite-dvojite\\\/viazacia-nit-dvojvlaknova-cierna-vnd-05\\\/\",\"url\":\"https:\\\/\\\/dohiku.eu\\\/sk\\\/shop\\\/viazacie-materialy\\\/nite-lametky-a-drotiky\\\/viazacie-nite-dvojite\\\/viazacia-nit-dvojvlaknova-cierna-vnd-05\\\/\",\"name\":\"Viazacia ni\u0165 - dvojvl\u00e1knov\u00e1 - \u010cierna, VND 05 - DOHIKU\",\"isPartOf\":{\"@id\":\"https:\\\/\\\/dohiku.eu\\\/sk\\\/#website\"},\"primaryImageOfPage\":{\"@id\":\"https:\\\/\\\/dohiku.eu\\\/sk\\\/shop\\\/viazacie-materialy\\\/nite-lametky-a-drotiky\\\/viazacie-nite-dvojite\\\/viazacia-nit-dvojvlaknova-cierna-vnd-05\\\/#primaryimage\"},\"image\":{\"@id\":\"https:\\\/\\\/dohiku.eu\\\/sk\\\/shop\\\/viazacie-materialy\\\/nite-lametky-a-drotiky\\\/viazacie-nite-dvojite\\\/viazacia-nit-dvojvlaknova-cierna-vnd-05\\\/#primaryimage\"},\"thumbnailUrl\":\"https:\\\/\\\/dohiku.eu\\\/wp-content\\\/uploads\\\/2019\\\/03\\\/1205-Double-Thread-Black-VND-05.jpg\",\"datePublished\":\"2019-03-01T12:01:54+00:00\",\"dateModified\":\"2024-02-11T10:34:27+00:00\",\"breadcrumb\":{\"@id\":\"https:\\\/\\\/dohiku.eu\\\/sk\\\/shop\\\/viazacie-materialy\\\/nite-lametky-a-drotiky\\\/viazacie-nite-dvojite\\\/viazacia-nit-dvojvlaknova-cierna-vnd-05\\\/#breadcrumb\"},\"inLanguage\":\"sk-SK\",\"potentialAction\":[{\"@type\":\"ReadAction\",\"target\":[\"https:\\\/\\\/dohiku.eu\\\/sk\\\/shop\\\/viazacie-materialy\\\/nite-lametky-a-drotiky\\\/viazacie-nite-dvojite\\\/viazacia-nit-dvojvlaknova-cierna-vnd-05\\\/\"]}]},{\"@type\":\"ImageObject\",\"inLanguage\":\"sk-SK\",\"@id\":\"https:\\\/\\\/dohiku.eu\\\/sk\\\/shop\\\/viazacie-materialy\\\/nite-lametky-a-drotiky\\\/viazacie-nite-dvojite\\\/viazacia-nit-dvojvlaknova-cierna-vnd-05\\\/#primaryimage\",\"url\":\"https:\\\/\\\/dohiku.eu\\\/wp-content\\\/uploads\\\/2019\\\/03\\\/1205-Double-Thread-Black-VND-05.jpg\",\"contentUrl\":\"https:\\\/\\\/dohiku.eu\\\/wp-content\\\/uploads\\\/2019\\\/03\\\/1205-Double-Thread-Black-VND-05.jpg\",\"width\":860,\"height\":1127},{\"@type\":\"BreadcrumbList\",\"@id\":\"https:\\\/\\\/dohiku.eu\\\/sk\\\/shop\\\/viazacie-materialy\\\/nite-lametky-a-drotiky\\\/viazacie-nite-dvojite\\\/viazacia-nit-dvojvlaknova-cierna-vnd-05\\\/#breadcrumb\",\"itemListElement\":[{\"@type\":\"ListItem\",\"position\":1,\"name\":\"Home\",\"item\":\"https:\\\/\\\/dohiku.eu\\\/sk\\\/\"},{\"@type\":\"ListItem\",\"position\":2,\"name\":\"PRODUCTS\",\"item\":\"https:\\\/\\\/dohiku.eu\\\/sk\\\/products\\\/\"},{\"@type\":\"ListItem\",\"position\":3,\"name\":\"Viazacia ni\u0165 &#8211; dvojvl\u00e1knov\u00e1 &#8211; \u010cierna, VND 05\"}]},{\"@type\":\"WebSite\",\"@id\":\"https:\\\/\\\/dohiku.eu\\\/sk\\\/#website\",\"url\":\"https:\\\/\\\/dohiku.eu\\\/sk\\\/\",\"name\":\"DOHIKU\",\"description\":\"H\u00e1\u010diky DOHIKU s\u00fa vyroben\u00e9 z vysoko uhl\u00edkovej ocele, ktor\u00e1 je kalen\u00e1 a pop\u00fa\u0161\u0165an\u00e1 pod\u013ea presn\u00e9ho receptu.\",\"publisher\":{\"@id\":\"https:\\\/\\\/dohiku.eu\\\/sk\\\/#organization\"},\"potentialAction\":[{\"@type\":\"SearchAction\",\"target\":{\"@type\":\"EntryPoint\",\"urlTemplate\":\"https:\\\/\\\/dohiku.eu\\\/sk\\\/?s={search_term_string}\"},\"query-input\":{\"@type\":\"PropertyValueSpecification\",\"valueRequired\":true,\"valueName\":\"search_term_string\"}}],\"inLanguage\":\"sk-SK\"},{\"@type\":\"Organization\",\"@id\":\"https:\\\/\\\/dohiku.eu\\\/sk\\\/#organization\",\"name\":\"DOHIKU s.r.o.\",\"url\":\"https:\\\/\\\/dohiku.eu\\\/sk\\\/\",\"logo\":{\"@type\":\"ImageObject\",\"inLanguage\":\"sk-SK\",\"@id\":\"https:\\\/\\\/dohiku.eu\\\/sk\\\/#\\\/schema\\\/logo\\\/image\\\/\",\"url\":\"https:\\\/\\\/dohiku.eu\\\/wp-content\\\/uploads\\\/2024\\\/01\\\/cropped-dohiku.png\",\"contentUrl\":\"https:\\\/\\\/dohiku.eu\\\/wp-content\\\/uploads\\\/2024\\\/01\\\/cropped-dohiku.png\",\"width\":137,\"height\":87,\"caption\":\"DOHIKU s.r.o.\"},\"image\":{\"@id\":\"https:\\\/\\\/dohiku.eu\\\/sk\\\/#\\\/schema\\\/logo\\\/image\\\/\"}}]}<\/script>\n<!-- \/ Yoast SEO plugin. -->","yoast_head_json":{"title":"Viazacia ni\u0165 - dvojvl\u00e1knov\u00e1 - \u010cierna, VND 05 - DOHIKU","robots":{"index":"index","follow":"follow","max-snippet":"max-snippet:-1","max-image-preview":"max-image-preview:large","max-video-preview":"max-video-preview:-1"},"canonical":"https:\/\/dohiku.eu\/sk\/shop\/viazacie-materialy\/nite-lametky-a-drotiky\/viazacie-nite-dvojite\/viazacia-nit-dvojvlaknova-cierna-vnd-05\/","og_locale":"sk_SK","og_type":"article","og_title":"Viazacia ni\u0165 - dvojvl\u00e1knov\u00e1 - \u010cierna, VND 05 - DOHIKU","og_description":"Viazacia ni\u0165 je zlo\u017een\u00e1 z dvoch nit\u00ed. Hr\u00fabka: 30x2 Den. D\u013e\u017eka: 100 m","og_url":"https:\/\/dohiku.eu\/sk\/shop\/viazacie-materialy\/nite-lametky-a-drotiky\/viazacie-nite-dvojite\/viazacia-nit-dvojvlaknova-cierna-vnd-05\/","og_site_name":"DOHIKU","article_modified_time":"2024-02-11T10:34:27+00:00","og_image":[{"width":860,"height":1127,"url":"https:\/\/dohiku.eu\/wp-content\/uploads\/2019\/03\/1205-Double-Thread-Black-VND-05.jpg","type":"image\/jpeg"}],"twitter_card":"summary_large_image","schema":{"@context":"https:\/\/schema.org","@graph":[{"@type":"WebPage","@id":"https:\/\/dohiku.eu\/sk\/shop\/viazacie-materialy\/nite-lametky-a-drotiky\/viazacie-nite-dvojite\/viazacia-nit-dvojvlaknova-cierna-vnd-05\/","url":"https:\/\/dohiku.eu\/sk\/shop\/viazacie-materialy\/nite-lametky-a-drotiky\/viazacie-nite-dvojite\/viazacia-nit-dvojvlaknova-cierna-vnd-05\/","name":"Viazacia ni\u0165 - dvojvl\u00e1knov\u00e1 - \u010cierna, VND 05 - DOHIKU","isPartOf":{"@id":"https:\/\/dohiku.eu\/sk\/#website"},"primaryImageOfPage":{"@id":"https:\/\/dohiku.eu\/sk\/shop\/viazacie-materialy\/nite-lametky-a-drotiky\/viazacie-nite-dvojite\/viazacia-nit-dvojvlaknova-cierna-vnd-05\/#primaryimage"},"image":{"@id":"https:\/\/dohiku.eu\/sk\/shop\/viazacie-materialy\/nite-lametky-a-drotiky\/viazacie-nite-dvojite\/viazacia-nit-dvojvlaknova-cierna-vnd-05\/#primaryimage"},"thumbnailUrl":"https:\/\/dohiku.eu\/wp-content\/uploads\/2019\/03\/1205-Double-Thread-Black-VND-05.jpg","datePublished":"2019-03-01T12:01:54+00:00","dateModified":"2024-02-11T10:34:27+00:00","breadcrumb":{"@id":"https:\/\/dohiku.eu\/sk\/shop\/viazacie-materialy\/nite-lametky-a-drotiky\/viazacie-nite-dvojite\/viazacia-nit-dvojvlaknova-cierna-vnd-05\/#breadcrumb"},"inLanguage":"sk-SK","potentialAction":[{"@type":"ReadAction","target":["https:\/\/dohiku.eu\/sk\/shop\/viazacie-materialy\/nite-lametky-a-drotiky\/viazacie-nite-dvojite\/viazacia-nit-dvojvlaknova-cierna-vnd-05\/"]}]},{"@type":"ImageObject","inLanguage":"sk-SK","@id":"https:\/\/dohiku.eu\/sk\/shop\/viazacie-materialy\/nite-lametky-a-drotiky\/viazacie-nite-dvojite\/viazacia-nit-dvojvlaknova-cierna-vnd-05\/#primaryimage","url":"https:\/\/dohiku.eu\/wp-content\/uploads\/2019\/03\/1205-Double-Thread-Black-VND-05.jpg","contentUrl":"https:\/\/dohiku.eu\/wp-content\/uploads\/2019\/03\/1205-Double-Thread-Black-VND-05.jpg","width":860,"height":1127},{"@type":"BreadcrumbList","@id":"https:\/\/dohiku.eu\/sk\/shop\/viazacie-materialy\/nite-lametky-a-drotiky\/viazacie-nite-dvojite\/viazacia-nit-dvojvlaknova-cierna-vnd-05\/#breadcrumb","itemListElement":[{"@type":"ListItem","position":1,"name":"Home","item":"https:\/\/dohiku.eu\/sk\/"},{"@type":"ListItem","position":2,"name":"PRODUCTS","item":"https:\/\/dohiku.eu\/sk\/products\/"},{"@type":"ListItem","position":3,"name":"Viazacia ni\u0165 &#8211; dvojvl\u00e1knov\u00e1 &#8211; \u010cierna, VND 05"}]},{"@type":"WebSite","@id":"https:\/\/dohiku.eu\/sk\/#website","url":"https:\/\/dohiku.eu\/sk\/","name":"DOHIKU","description":"H\u00e1\u010diky DOHIKU s\u00fa vyroben\u00e9 z vysoko uhl\u00edkovej ocele, ktor\u00e1 je kalen\u00e1 a pop\u00fa\u0161\u0165an\u00e1 pod\u013ea presn\u00e9ho receptu.","publisher":{"@id":"https:\/\/dohiku.eu\/sk\/#organization"},"potentialAction":[{"@type":"SearchAction","target":{"@type":"EntryPoint","urlTemplate":"https:\/\/dohiku.eu\/sk\/?s={search_term_string}"},"query-input":{"@type":"PropertyValueSpecification","valueRequired":true,"valueName":"search_term_string"}}],"inLanguage":"sk-SK"},{"@type":"Organization","@id":"https:\/\/dohiku.eu\/sk\/#organization","name":"DOHIKU s.r.o.","url":"https:\/\/dohiku.eu\/sk\/","logo":{"@type":"ImageObject","inLanguage":"sk-SK","@id":"https:\/\/dohiku.eu\/sk\/#\/schema\/logo\/image\/","url":"https:\/\/dohiku.eu\/wp-content\/uploads\/2024\/01\/cropped-dohiku.png","contentUrl":"https:\/\/dohiku.eu\/wp-content\/uploads\/2024\/01\/cropped-dohiku.png","width":137,"height":87,"caption":"DOHIKU s.r.o."},"image":{"@id":"https:\/\/dohiku.eu\/sk\/#\/schema\/logo\/image\/"}}]}},"_links":{"self":[{"href":"https:\/\/dohiku.eu\/sk\/wp-json\/wp\/v2\/product\/7463","targetHints":{"allow":["GET"]}}],"collection":[{"href":"https:\/\/dohiku.eu\/sk\/wp-json\/wp\/v2\/product"}],"about":[{"href":"https:\/\/dohiku.eu\/sk\/wp-json\/wp\/v2\/types\/product"}],"replies":[{"embeddable":true,"href":"https:\/\/dohiku.eu\/sk\/wp-json\/wp\/v2\/comments?post=7463"}],"wp:featuredmedia":[{"embeddable":true,"href":"https:\/\/dohiku.eu\/sk\/wp-json\/wp\/v2\/media\/5827"}],"wp:attachment":[{"href":"https:\/\/dohiku.eu\/sk\/wp-json\/wp\/v2\/media?parent=7463"}],"wp:term":[{"taxonomy":"product_brand","embeddable":true,"href":"https:\/\/dohiku.eu\/sk\/wp-json\/wp\/v2\/product_brand?post=7463"},{"taxonomy":"product_cat","embeddable":true,"href":"https:\/\/dohiku.eu\/sk\/wp-json\/wp\/v2\/product_cat?post=7463"},{"taxonomy":"product_tag","embeddable":true,"href":"https:\/\/dohiku.eu\/sk\/wp-json\/wp\/v2\/product_tag?post=7463"}],"curies":[{"name":"wp","href":"https:\/\/api.w.org\/{rel}","templated":true}]}}