{"id":7430,"date":"2019-03-01T12:01:55","date_gmt":"2019-03-01T12:01:55","guid":{"rendered":"https:\/\/dohiku.eu\/?post_type=product&#038;p=7430"},"modified":"2024-02-11T10:34:49","modified_gmt":"2024-02-11T10:34:49","slug":"muskarsky-pruteny-kosik-mk1097","status":"publish","type":"product","link":"https:\/\/dohiku.eu\/sk\/shop\/nezaradene\/muskarsky-pruteny-kosik-mk1097\/","title":{"rendered":"Mu\u0161k\u00e1rsky pr\u00faten\u00fd ko\u0161\u00edk, MK1097"},"content":{"rendered":"<ul>\n<li>\n<p><span><span>Kr\u00e1sne, ru\u010dne vyr\u00e1ban\u00fd pr\u00faten\u00fd mu\u0161k\u00e1rsky ko\u0161\u00edk.\u00a0Vyroben\u00fd z vysoko kvalitnej \u0161tiepanej v\u0155by spolu s ko\u017eou.\u00a0<\/span><\/span><\/p>\n<\/li>\n<li>\n<p><span style=\"color:#000066;font-family:Verdana, sans-serif;line-height:1.5;\" lang=\"en-us\" xml_lang=\"en-us\">Rozmery &#8211;<\/span><span style=\"color:#000066;font-family:Verdana, sans-serif;line-height:1.5;\">\u00a035x13x11cm<\/span><\/p>\n<\/li>\n<\/ul>\n","protected":false},"excerpt":{"rendered":"<ul>\n<li>\n<p>Kr\u00e1sne, ru\u010dne vyr\u00e1ban\u00fd pr\u00faten\u00fd mu\u0161k\u00e1rsky ko\u0161\u00edk.\u00a0Vyroben\u00fd z vysoko kvalitnej \u0161tiepanej v\u0155by spolu s ko\u017eou.\u00a0<\/p>\n<\/li>\n<li>\n<p><span lang=\"en-us\" xml_lang=\"en-us\">Rozmery &#8211;<\/span><span>\u00a035x13x11cm<\/span><\/p>\n<\/li>\n<\/ul>\n","protected":false},"featured_media":5867,"comment_status":"closed","ping_status":"closed","template":"","meta":[],"product_brand":[],"product_cat":[506],"product_tag":[],"class_list":{"0":"post-7430","1":"product","2":"type-product","3":"status-publish","4":"has-post-thumbnail","6":"product_cat-nezaradene","8":"first","9":"outofstock","10":"taxable","11":"shipping-taxable","12":"purchasable","13":"product-type-simple"},"yoast_head":"<!-- This site is optimized with the Yoast SEO plugin v27.4 - https:\/\/yoast.com\/product\/yoast-seo-wordpress\/ -->\n<title>Mu\u0161k\u00e1rsky pr\u00faten\u00fd ko\u0161\u00edk, MK1097 - DOHIKU<\/title>\n<meta name=\"robots\" content=\"index, follow, max-snippet:-1, max-image-preview:large, max-video-preview:-1\" \/>\n<link rel=\"canonical\" href=\"https:\/\/dohiku.eu\/sk\/shop\/nezaradene\/muskarsky-pruteny-kosik-mk1097\/\" \/>\n<meta property=\"og:locale\" content=\"sk_SK\" \/>\n<meta property=\"og:type\" content=\"article\" \/>\n<meta property=\"og:title\" content=\"Mu\u0161k\u00e1rsky pr\u00faten\u00fd ko\u0161\u00edk, MK1097 - DOHIKU\" \/>\n<meta property=\"og:description\" content=\"Kr\u00e1sne, ru\u010dne vyr\u00e1ban\u00fd pr\u00faten\u00fd mu\u0161k\u00e1rsky ko\u0161\u00edk.\u00a0Vyroben\u00fd z vysoko kvalitnej \u0161tiepanej v\u0155by spolu s ko\u017eou.\u00a0  Rozmery -\u00a035x13x11cm\" \/>\n<meta property=\"og:url\" content=\"https:\/\/dohiku.eu\/sk\/shop\/nezaradene\/muskarsky-pruteny-kosik-mk1097\/\" \/>\n<meta property=\"og:site_name\" content=\"DOHIKU\" \/>\n<meta property=\"article:modified_time\" content=\"2024-02-11T10:34:49+00:00\" \/>\n<meta property=\"og:image\" content=\"https:\/\/dohiku.eu\/wp-content\/uploads\/2019\/03\/1245-Creel-MK1097.jpg\" \/>\n\t<meta property=\"og:image:width\" content=\"289\" \/>\n\t<meta property=\"og:image:height\" content=\"150\" \/>\n\t<meta property=\"og:image:type\" content=\"image\/jpeg\" \/>\n<meta name=\"twitter:card\" content=\"summary_large_image\" \/>\n<script type=\"application\/ld+json\" class=\"yoast-schema-graph\">{\"@context\":\"https:\\\/\\\/schema.org\",\"@graph\":[{\"@type\":\"WebPage\",\"@id\":\"https:\\\/\\\/dohiku.eu\\\/sk\\\/shop\\\/nezaradene\\\/muskarsky-pruteny-kosik-mk1097\\\/\",\"url\":\"https:\\\/\\\/dohiku.eu\\\/sk\\\/shop\\\/nezaradene\\\/muskarsky-pruteny-kosik-mk1097\\\/\",\"name\":\"Mu\u0161k\u00e1rsky pr\u00faten\u00fd ko\u0161\u00edk, MK1097 - DOHIKU\",\"isPartOf\":{\"@id\":\"https:\\\/\\\/dohiku.eu\\\/sk\\\/#website\"},\"primaryImageOfPage\":{\"@id\":\"https:\\\/\\\/dohiku.eu\\\/sk\\\/shop\\\/nezaradene\\\/muskarsky-pruteny-kosik-mk1097\\\/#primaryimage\"},\"image\":{\"@id\":\"https:\\\/\\\/dohiku.eu\\\/sk\\\/shop\\\/nezaradene\\\/muskarsky-pruteny-kosik-mk1097\\\/#primaryimage\"},\"thumbnailUrl\":\"https:\\\/\\\/dohiku.eu\\\/wp-content\\\/uploads\\\/2019\\\/03\\\/1245-Creel-MK1097.jpg\",\"datePublished\":\"2019-03-01T12:01:55+00:00\",\"dateModified\":\"2024-02-11T10:34:49+00:00\",\"breadcrumb\":{\"@id\":\"https:\\\/\\\/dohiku.eu\\\/sk\\\/shop\\\/nezaradene\\\/muskarsky-pruteny-kosik-mk1097\\\/#breadcrumb\"},\"inLanguage\":\"sk-SK\",\"potentialAction\":[{\"@type\":\"ReadAction\",\"target\":[\"https:\\\/\\\/dohiku.eu\\\/sk\\\/shop\\\/nezaradene\\\/muskarsky-pruteny-kosik-mk1097\\\/\"]}]},{\"@type\":\"ImageObject\",\"inLanguage\":\"sk-SK\",\"@id\":\"https:\\\/\\\/dohiku.eu\\\/sk\\\/shop\\\/nezaradene\\\/muskarsky-pruteny-kosik-mk1097\\\/#primaryimage\",\"url\":\"https:\\\/\\\/dohiku.eu\\\/wp-content\\\/uploads\\\/2019\\\/03\\\/1245-Creel-MK1097.jpg\",\"contentUrl\":\"https:\\\/\\\/dohiku.eu\\\/wp-content\\\/uploads\\\/2019\\\/03\\\/1245-Creel-MK1097.jpg\",\"width\":289,\"height\":150},{\"@type\":\"BreadcrumbList\",\"@id\":\"https:\\\/\\\/dohiku.eu\\\/sk\\\/shop\\\/nezaradene\\\/muskarsky-pruteny-kosik-mk1097\\\/#breadcrumb\",\"itemListElement\":[{\"@type\":\"ListItem\",\"position\":1,\"name\":\"Home\",\"item\":\"https:\\\/\\\/dohiku.eu\\\/sk\\\/\"},{\"@type\":\"ListItem\",\"position\":2,\"name\":\"PRODUCTS\",\"item\":\"https:\\\/\\\/dohiku.eu\\\/sk\\\/products\\\/\"},{\"@type\":\"ListItem\",\"position\":3,\"name\":\"Mu\u0161k\u00e1rsky pr\u00faten\u00fd ko\u0161\u00edk, MK1097\"}]},{\"@type\":\"WebSite\",\"@id\":\"https:\\\/\\\/dohiku.eu\\\/sk\\\/#website\",\"url\":\"https:\\\/\\\/dohiku.eu\\\/sk\\\/\",\"name\":\"DOHIKU\",\"description\":\"H\u00e1\u010diky DOHIKU s\u00fa vyroben\u00e9 z vysoko uhl\u00edkovej ocele, ktor\u00e1 je kalen\u00e1 a pop\u00fa\u0161\u0165an\u00e1 pod\u013ea presn\u00e9ho receptu.\",\"publisher\":{\"@id\":\"https:\\\/\\\/dohiku.eu\\\/sk\\\/#organization\"},\"potentialAction\":[{\"@type\":\"SearchAction\",\"target\":{\"@type\":\"EntryPoint\",\"urlTemplate\":\"https:\\\/\\\/dohiku.eu\\\/sk\\\/?s={search_term_string}\"},\"query-input\":{\"@type\":\"PropertyValueSpecification\",\"valueRequired\":true,\"valueName\":\"search_term_string\"}}],\"inLanguage\":\"sk-SK\"},{\"@type\":\"Organization\",\"@id\":\"https:\\\/\\\/dohiku.eu\\\/sk\\\/#organization\",\"name\":\"DOHIKU s.r.o.\",\"url\":\"https:\\\/\\\/dohiku.eu\\\/sk\\\/\",\"logo\":{\"@type\":\"ImageObject\",\"inLanguage\":\"sk-SK\",\"@id\":\"https:\\\/\\\/dohiku.eu\\\/sk\\\/#\\\/schema\\\/logo\\\/image\\\/\",\"url\":\"https:\\\/\\\/dohiku.eu\\\/wp-content\\\/uploads\\\/2024\\\/01\\\/cropped-dohiku.png\",\"contentUrl\":\"https:\\\/\\\/dohiku.eu\\\/wp-content\\\/uploads\\\/2024\\\/01\\\/cropped-dohiku.png\",\"width\":137,\"height\":87,\"caption\":\"DOHIKU s.r.o.\"},\"image\":{\"@id\":\"https:\\\/\\\/dohiku.eu\\\/sk\\\/#\\\/schema\\\/logo\\\/image\\\/\"}}]}<\/script>\n<!-- \/ Yoast SEO plugin. -->","yoast_head_json":{"title":"Mu\u0161k\u00e1rsky pr\u00faten\u00fd ko\u0161\u00edk, MK1097 - DOHIKU","robots":{"index":"index","follow":"follow","max-snippet":"max-snippet:-1","max-image-preview":"max-image-preview:large","max-video-preview":"max-video-preview:-1"},"canonical":"https:\/\/dohiku.eu\/sk\/shop\/nezaradene\/muskarsky-pruteny-kosik-mk1097\/","og_locale":"sk_SK","og_type":"article","og_title":"Mu\u0161k\u00e1rsky pr\u00faten\u00fd ko\u0161\u00edk, MK1097 - DOHIKU","og_description":"Kr\u00e1sne, ru\u010dne vyr\u00e1ban\u00fd pr\u00faten\u00fd mu\u0161k\u00e1rsky ko\u0161\u00edk.\u00a0Vyroben\u00fd z vysoko kvalitnej \u0161tiepanej v\u0155by spolu s ko\u017eou.\u00a0  Rozmery -\u00a035x13x11cm","og_url":"https:\/\/dohiku.eu\/sk\/shop\/nezaradene\/muskarsky-pruteny-kosik-mk1097\/","og_site_name":"DOHIKU","article_modified_time":"2024-02-11T10:34:49+00:00","og_image":[{"width":289,"height":150,"url":"https:\/\/dohiku.eu\/wp-content\/uploads\/2019\/03\/1245-Creel-MK1097.jpg","type":"image\/jpeg"}],"twitter_card":"summary_large_image","schema":{"@context":"https:\/\/schema.org","@graph":[{"@type":"WebPage","@id":"https:\/\/dohiku.eu\/sk\/shop\/nezaradene\/muskarsky-pruteny-kosik-mk1097\/","url":"https:\/\/dohiku.eu\/sk\/shop\/nezaradene\/muskarsky-pruteny-kosik-mk1097\/","name":"Mu\u0161k\u00e1rsky pr\u00faten\u00fd ko\u0161\u00edk, MK1097 - DOHIKU","isPartOf":{"@id":"https:\/\/dohiku.eu\/sk\/#website"},"primaryImageOfPage":{"@id":"https:\/\/dohiku.eu\/sk\/shop\/nezaradene\/muskarsky-pruteny-kosik-mk1097\/#primaryimage"},"image":{"@id":"https:\/\/dohiku.eu\/sk\/shop\/nezaradene\/muskarsky-pruteny-kosik-mk1097\/#primaryimage"},"thumbnailUrl":"https:\/\/dohiku.eu\/wp-content\/uploads\/2019\/03\/1245-Creel-MK1097.jpg","datePublished":"2019-03-01T12:01:55+00:00","dateModified":"2024-02-11T10:34:49+00:00","breadcrumb":{"@id":"https:\/\/dohiku.eu\/sk\/shop\/nezaradene\/muskarsky-pruteny-kosik-mk1097\/#breadcrumb"},"inLanguage":"sk-SK","potentialAction":[{"@type":"ReadAction","target":["https:\/\/dohiku.eu\/sk\/shop\/nezaradene\/muskarsky-pruteny-kosik-mk1097\/"]}]},{"@type":"ImageObject","inLanguage":"sk-SK","@id":"https:\/\/dohiku.eu\/sk\/shop\/nezaradene\/muskarsky-pruteny-kosik-mk1097\/#primaryimage","url":"https:\/\/dohiku.eu\/wp-content\/uploads\/2019\/03\/1245-Creel-MK1097.jpg","contentUrl":"https:\/\/dohiku.eu\/wp-content\/uploads\/2019\/03\/1245-Creel-MK1097.jpg","width":289,"height":150},{"@type":"BreadcrumbList","@id":"https:\/\/dohiku.eu\/sk\/shop\/nezaradene\/muskarsky-pruteny-kosik-mk1097\/#breadcrumb","itemListElement":[{"@type":"ListItem","position":1,"name":"Home","item":"https:\/\/dohiku.eu\/sk\/"},{"@type":"ListItem","position":2,"name":"PRODUCTS","item":"https:\/\/dohiku.eu\/sk\/products\/"},{"@type":"ListItem","position":3,"name":"Mu\u0161k\u00e1rsky pr\u00faten\u00fd ko\u0161\u00edk, MK1097"}]},{"@type":"WebSite","@id":"https:\/\/dohiku.eu\/sk\/#website","url":"https:\/\/dohiku.eu\/sk\/","name":"DOHIKU","description":"H\u00e1\u010diky DOHIKU s\u00fa vyroben\u00e9 z vysoko uhl\u00edkovej ocele, ktor\u00e1 je kalen\u00e1 a pop\u00fa\u0161\u0165an\u00e1 pod\u013ea presn\u00e9ho receptu.","publisher":{"@id":"https:\/\/dohiku.eu\/sk\/#organization"},"potentialAction":[{"@type":"SearchAction","target":{"@type":"EntryPoint","urlTemplate":"https:\/\/dohiku.eu\/sk\/?s={search_term_string}"},"query-input":{"@type":"PropertyValueSpecification","valueRequired":true,"valueName":"search_term_string"}}],"inLanguage":"sk-SK"},{"@type":"Organization","@id":"https:\/\/dohiku.eu\/sk\/#organization","name":"DOHIKU s.r.o.","url":"https:\/\/dohiku.eu\/sk\/","logo":{"@type":"ImageObject","inLanguage":"sk-SK","@id":"https:\/\/dohiku.eu\/sk\/#\/schema\/logo\/image\/","url":"https:\/\/dohiku.eu\/wp-content\/uploads\/2024\/01\/cropped-dohiku.png","contentUrl":"https:\/\/dohiku.eu\/wp-content\/uploads\/2024\/01\/cropped-dohiku.png","width":137,"height":87,"caption":"DOHIKU s.r.o."},"image":{"@id":"https:\/\/dohiku.eu\/sk\/#\/schema\/logo\/image\/"}}]}},"_links":{"self":[{"href":"https:\/\/dohiku.eu\/sk\/wp-json\/wp\/v2\/product\/7430","targetHints":{"allow":["GET"]}}],"collection":[{"href":"https:\/\/dohiku.eu\/sk\/wp-json\/wp\/v2\/product"}],"about":[{"href":"https:\/\/dohiku.eu\/sk\/wp-json\/wp\/v2\/types\/product"}],"replies":[{"embeddable":true,"href":"https:\/\/dohiku.eu\/sk\/wp-json\/wp\/v2\/comments?post=7430"}],"wp:featuredmedia":[{"embeddable":true,"href":"https:\/\/dohiku.eu\/sk\/wp-json\/wp\/v2\/media\/5867"}],"wp:attachment":[{"href":"https:\/\/dohiku.eu\/sk\/wp-json\/wp\/v2\/media?parent=7430"}],"wp:term":[{"taxonomy":"product_brand","embeddable":true,"href":"https:\/\/dohiku.eu\/sk\/wp-json\/wp\/v2\/product_brand?post=7430"},{"taxonomy":"product_cat","embeddable":true,"href":"https:\/\/dohiku.eu\/sk\/wp-json\/wp\/v2\/product_cat?post=7430"},{"taxonomy":"product_tag","embeddable":true,"href":"https:\/\/dohiku.eu\/sk\/wp-json\/wp\/v2\/product_tag?post=7430"}],"curies":[{"name":"wp","href":"https:\/\/api.w.org\/{rel}","templated":true}]}}