{"id":7401,"date":"2019-03-01T12:01:55","date_gmt":"2019-03-01T12:01:55","guid":{"rendered":"https:\/\/dohiku.eu\/shop\/nezaraden\u00e9\/icelandic-sheep-black-ish-06\/"},"modified":"2024-02-11T10:34:58","modified_gmt":"2024-02-11T10:34:58","slug":"islandska-ovca-cierna-ish-06","status":"publish","type":"product","link":"https:\/\/dohiku.eu\/sk\/shop\/viazacie-materialy\/icelandic-sheep-islandska-ovca\/islandska-ovca-cierna-ish-06\/","title":{"rendered":"Islandsk\u00e1 ovca &#8211; \u010cierna, ISH 06"},"content":{"rendered":"<p>Islandsk\u00e1 ovca, materi\u00e1l na viazanie v\u00e4\u010d\u0161\u00edch str\u00edmrov na \u0161\u0165uky, zub\u00e1\u010de a v\u00e4\u010d\u0161\u00edch ryb. Doporu\u010dujeme aj na viazanie men\u0161\u00edch str\u00edmrov a l\u00far. Vlas po namo\u010den\u00ed zm\u00e4kne a dobre pracuje.<\/p>\n<p>Ve\u013ekos\u0165 balenia:\u00a0110 x 285 mm<\/p>\n<p>V\u00e1ha: cca 20g<\/p>\n","protected":false},"excerpt":{"rendered":"<p>Islandsk\u00e1 ovca, materi\u00e1l na viazanie v\u00e4\u010d\u0161\u00edch str\u00edmrov na \u0161\u0165uky, zub\u00e1\u010de a v\u00e4\u010d\u0161\u00edch ryb. Doporu\u010dujeme aj na viazanie men\u0161\u00edch str\u00edmrov a l\u00far. Vlas po namo\u010den\u00ed zm\u00e4kne a dobre pracuje.<\/p>\n<p>Ve\u013ekos\u0165 balenia:\u00a0110 x 285 mm<\/p>\n<p>V\u00e1ha: cca 20g<\/p>\n","protected":false},"featured_media":5892,"comment_status":"closed","ping_status":"closed","template":"","meta":[],"product_brand":[],"product_cat":[635,506,525],"product_tag":[],"class_list":{"0":"post-7401","1":"product","2":"type-product","3":"status-publish","4":"has-post-thumbnail","6":"product_cat-icelandic-sheep-islandska-ovca","7":"product_cat-nezaradene","8":"product_cat-viazacie-materialy","10":"first","11":"outofstock","12":"taxable","13":"shipping-taxable","14":"purchasable","15":"product-type-simple"},"yoast_head":"<!-- This site is optimized with the Yoast SEO plugin v27.5 - https:\/\/yoast.com\/product\/yoast-seo-wordpress\/ -->\n<title>Islandsk\u00e1 ovca - \u010cierna, ISH 06 - DOHIKU<\/title>\n<meta name=\"robots\" content=\"index, follow, max-snippet:-1, max-image-preview:large, max-video-preview:-1\" \/>\n<link rel=\"canonical\" href=\"https:\/\/dohiku.eu\/sk\/shop\/viazacie-materialy\/icelandic-sheep-islandska-ovca\/islandska-ovca-cierna-ish-06\/\" \/>\n<meta property=\"og:locale\" content=\"sk_SK\" \/>\n<meta property=\"og:type\" content=\"article\" \/>\n<meta property=\"og:title\" content=\"Islandsk\u00e1 ovca - \u010cierna, ISH 06 - DOHIKU\" \/>\n<meta property=\"og:description\" content=\"Islandsk\u00e1 ovca, materi\u00e1l na viazanie v\u00e4\u010d\u0161\u00edch str\u00edmrov na \u0161\u0165uky, zub\u00e1\u010de a v\u00e4\u010d\u0161\u00edch ryb. Doporu\u010dujeme aj na viazanie men\u0161\u00edch str\u00edmrov a l\u00far. Vlas po namo\u010den\u00ed zm\u00e4kne a dobre pracuje. Ve\u013ekos\u0165 balenia:\u00a0110 x 285 mm V\u00e1ha: cca 20g\" \/>\n<meta property=\"og:url\" content=\"https:\/\/dohiku.eu\/sk\/shop\/viazacie-materialy\/icelandic-sheep-islandska-ovca\/islandska-ovca-cierna-ish-06\/\" \/>\n<meta property=\"og:site_name\" content=\"DOHIKU\" \/>\n<meta property=\"article:modified_time\" content=\"2024-02-11T10:34:58+00:00\" \/>\n<meta property=\"og:image\" content=\"https:\/\/dohiku.eu\/wp-content\/uploads\/2019\/03\/2716-Icelandic-Sheep-Black-ISH-06.jpg\" \/>\n\t<meta property=\"og:image:width\" content=\"1100\" \/>\n\t<meta property=\"og:image:height\" content=\"1422\" \/>\n\t<meta property=\"og:image:type\" content=\"image\/jpeg\" \/>\n<meta name=\"twitter:card\" content=\"summary_large_image\" \/>\n<script type=\"application\/ld+json\" class=\"yoast-schema-graph\">{\"@context\":\"https:\\\/\\\/schema.org\",\"@graph\":[{\"@type\":\"WebPage\",\"@id\":\"https:\\\/\\\/dohiku.eu\\\/sk\\\/shop\\\/viazacie-materialy\\\/icelandic-sheep-islandska-ovca\\\/islandska-ovca-cierna-ish-06\\\/\",\"url\":\"https:\\\/\\\/dohiku.eu\\\/sk\\\/shop\\\/viazacie-materialy\\\/icelandic-sheep-islandska-ovca\\\/islandska-ovca-cierna-ish-06\\\/\",\"name\":\"Islandsk\u00e1 ovca - \u010cierna, ISH 06 - DOHIKU\",\"isPartOf\":{\"@id\":\"https:\\\/\\\/dohiku.eu\\\/sk\\\/#website\"},\"primaryImageOfPage\":{\"@id\":\"https:\\\/\\\/dohiku.eu\\\/sk\\\/shop\\\/viazacie-materialy\\\/icelandic-sheep-islandska-ovca\\\/islandska-ovca-cierna-ish-06\\\/#primaryimage\"},\"image\":{\"@id\":\"https:\\\/\\\/dohiku.eu\\\/sk\\\/shop\\\/viazacie-materialy\\\/icelandic-sheep-islandska-ovca\\\/islandska-ovca-cierna-ish-06\\\/#primaryimage\"},\"thumbnailUrl\":\"https:\\\/\\\/dohiku.eu\\\/wp-content\\\/uploads\\\/2019\\\/03\\\/2716-Icelandic-Sheep-Black-ISH-06.jpg\",\"datePublished\":\"2019-03-01T12:01:55+00:00\",\"dateModified\":\"2024-02-11T10:34:58+00:00\",\"breadcrumb\":{\"@id\":\"https:\\\/\\\/dohiku.eu\\\/sk\\\/shop\\\/viazacie-materialy\\\/icelandic-sheep-islandska-ovca\\\/islandska-ovca-cierna-ish-06\\\/#breadcrumb\"},\"inLanguage\":\"sk-SK\",\"potentialAction\":[{\"@type\":\"ReadAction\",\"target\":[\"https:\\\/\\\/dohiku.eu\\\/sk\\\/shop\\\/viazacie-materialy\\\/icelandic-sheep-islandska-ovca\\\/islandska-ovca-cierna-ish-06\\\/\"]}]},{\"@type\":\"ImageObject\",\"inLanguage\":\"sk-SK\",\"@id\":\"https:\\\/\\\/dohiku.eu\\\/sk\\\/shop\\\/viazacie-materialy\\\/icelandic-sheep-islandska-ovca\\\/islandska-ovca-cierna-ish-06\\\/#primaryimage\",\"url\":\"https:\\\/\\\/dohiku.eu\\\/wp-content\\\/uploads\\\/2019\\\/03\\\/2716-Icelandic-Sheep-Black-ISH-06.jpg\",\"contentUrl\":\"https:\\\/\\\/dohiku.eu\\\/wp-content\\\/uploads\\\/2019\\\/03\\\/2716-Icelandic-Sheep-Black-ISH-06.jpg\",\"width\":1100,\"height\":1422},{\"@type\":\"BreadcrumbList\",\"@id\":\"https:\\\/\\\/dohiku.eu\\\/sk\\\/shop\\\/viazacie-materialy\\\/icelandic-sheep-islandska-ovca\\\/islandska-ovca-cierna-ish-06\\\/#breadcrumb\",\"itemListElement\":[{\"@type\":\"ListItem\",\"position\":1,\"name\":\"Home\",\"item\":\"https:\\\/\\\/dohiku.eu\\\/sk\\\/\"},{\"@type\":\"ListItem\",\"position\":2,\"name\":\"PRODUCTS\",\"item\":\"https:\\\/\\\/dohiku.eu\\\/sk\\\/products\\\/\"},{\"@type\":\"ListItem\",\"position\":3,\"name\":\"Islandsk\u00e1 ovca &#8211; \u010cierna, ISH 06\"}]},{\"@type\":\"WebSite\",\"@id\":\"https:\\\/\\\/dohiku.eu\\\/sk\\\/#website\",\"url\":\"https:\\\/\\\/dohiku.eu\\\/sk\\\/\",\"name\":\"DOHIKU\",\"description\":\"H\u00e1\u010diky DOHIKU s\u00fa vyroben\u00e9 z vysoko uhl\u00edkovej ocele, ktor\u00e1 je kalen\u00e1 a pop\u00fa\u0161\u0165an\u00e1 pod\u013ea presn\u00e9ho receptu.\",\"publisher\":{\"@id\":\"https:\\\/\\\/dohiku.eu\\\/sk\\\/#organization\"},\"potentialAction\":[{\"@type\":\"SearchAction\",\"target\":{\"@type\":\"EntryPoint\",\"urlTemplate\":\"https:\\\/\\\/dohiku.eu\\\/sk\\\/?s={search_term_string}\"},\"query-input\":{\"@type\":\"PropertyValueSpecification\",\"valueRequired\":true,\"valueName\":\"search_term_string\"}}],\"inLanguage\":\"sk-SK\"},{\"@type\":\"Organization\",\"@id\":\"https:\\\/\\\/dohiku.eu\\\/sk\\\/#organization\",\"name\":\"DOHIKU s.r.o.\",\"url\":\"https:\\\/\\\/dohiku.eu\\\/sk\\\/\",\"logo\":{\"@type\":\"ImageObject\",\"inLanguage\":\"sk-SK\",\"@id\":\"https:\\\/\\\/dohiku.eu\\\/sk\\\/#\\\/schema\\\/logo\\\/image\\\/\",\"url\":\"https:\\\/\\\/dohiku.eu\\\/wp-content\\\/uploads\\\/2024\\\/01\\\/cropped-dohiku.png\",\"contentUrl\":\"https:\\\/\\\/dohiku.eu\\\/wp-content\\\/uploads\\\/2024\\\/01\\\/cropped-dohiku.png\",\"width\":137,\"height\":87,\"caption\":\"DOHIKU s.r.o.\"},\"image\":{\"@id\":\"https:\\\/\\\/dohiku.eu\\\/sk\\\/#\\\/schema\\\/logo\\\/image\\\/\"}}]}<\/script>\n<!-- \/ Yoast SEO plugin. -->","yoast_head_json":{"title":"Islandsk\u00e1 ovca - \u010cierna, ISH 06 - DOHIKU","robots":{"index":"index","follow":"follow","max-snippet":"max-snippet:-1","max-image-preview":"max-image-preview:large","max-video-preview":"max-video-preview:-1"},"canonical":"https:\/\/dohiku.eu\/sk\/shop\/viazacie-materialy\/icelandic-sheep-islandska-ovca\/islandska-ovca-cierna-ish-06\/","og_locale":"sk_SK","og_type":"article","og_title":"Islandsk\u00e1 ovca - \u010cierna, ISH 06 - DOHIKU","og_description":"Islandsk\u00e1 ovca, materi\u00e1l na viazanie v\u00e4\u010d\u0161\u00edch str\u00edmrov na \u0161\u0165uky, zub\u00e1\u010de a v\u00e4\u010d\u0161\u00edch ryb. Doporu\u010dujeme aj na viazanie men\u0161\u00edch str\u00edmrov a l\u00far. Vlas po namo\u010den\u00ed zm\u00e4kne a dobre pracuje. Ve\u013ekos\u0165 balenia:\u00a0110 x 285 mm V\u00e1ha: cca 20g","og_url":"https:\/\/dohiku.eu\/sk\/shop\/viazacie-materialy\/icelandic-sheep-islandska-ovca\/islandska-ovca-cierna-ish-06\/","og_site_name":"DOHIKU","article_modified_time":"2024-02-11T10:34:58+00:00","og_image":[{"width":1100,"height":1422,"url":"https:\/\/dohiku.eu\/wp-content\/uploads\/2019\/03\/2716-Icelandic-Sheep-Black-ISH-06.jpg","type":"image\/jpeg"}],"twitter_card":"summary_large_image","schema":{"@context":"https:\/\/schema.org","@graph":[{"@type":"WebPage","@id":"https:\/\/dohiku.eu\/sk\/shop\/viazacie-materialy\/icelandic-sheep-islandska-ovca\/islandska-ovca-cierna-ish-06\/","url":"https:\/\/dohiku.eu\/sk\/shop\/viazacie-materialy\/icelandic-sheep-islandska-ovca\/islandska-ovca-cierna-ish-06\/","name":"Islandsk\u00e1 ovca - \u010cierna, ISH 06 - DOHIKU","isPartOf":{"@id":"https:\/\/dohiku.eu\/sk\/#website"},"primaryImageOfPage":{"@id":"https:\/\/dohiku.eu\/sk\/shop\/viazacie-materialy\/icelandic-sheep-islandska-ovca\/islandska-ovca-cierna-ish-06\/#primaryimage"},"image":{"@id":"https:\/\/dohiku.eu\/sk\/shop\/viazacie-materialy\/icelandic-sheep-islandska-ovca\/islandska-ovca-cierna-ish-06\/#primaryimage"},"thumbnailUrl":"https:\/\/dohiku.eu\/wp-content\/uploads\/2019\/03\/2716-Icelandic-Sheep-Black-ISH-06.jpg","datePublished":"2019-03-01T12:01:55+00:00","dateModified":"2024-02-11T10:34:58+00:00","breadcrumb":{"@id":"https:\/\/dohiku.eu\/sk\/shop\/viazacie-materialy\/icelandic-sheep-islandska-ovca\/islandska-ovca-cierna-ish-06\/#breadcrumb"},"inLanguage":"sk-SK","potentialAction":[{"@type":"ReadAction","target":["https:\/\/dohiku.eu\/sk\/shop\/viazacie-materialy\/icelandic-sheep-islandska-ovca\/islandska-ovca-cierna-ish-06\/"]}]},{"@type":"ImageObject","inLanguage":"sk-SK","@id":"https:\/\/dohiku.eu\/sk\/shop\/viazacie-materialy\/icelandic-sheep-islandska-ovca\/islandska-ovca-cierna-ish-06\/#primaryimage","url":"https:\/\/dohiku.eu\/wp-content\/uploads\/2019\/03\/2716-Icelandic-Sheep-Black-ISH-06.jpg","contentUrl":"https:\/\/dohiku.eu\/wp-content\/uploads\/2019\/03\/2716-Icelandic-Sheep-Black-ISH-06.jpg","width":1100,"height":1422},{"@type":"BreadcrumbList","@id":"https:\/\/dohiku.eu\/sk\/shop\/viazacie-materialy\/icelandic-sheep-islandska-ovca\/islandska-ovca-cierna-ish-06\/#breadcrumb","itemListElement":[{"@type":"ListItem","position":1,"name":"Home","item":"https:\/\/dohiku.eu\/sk\/"},{"@type":"ListItem","position":2,"name":"PRODUCTS","item":"https:\/\/dohiku.eu\/sk\/products\/"},{"@type":"ListItem","position":3,"name":"Islandsk\u00e1 ovca &#8211; \u010cierna, ISH 06"}]},{"@type":"WebSite","@id":"https:\/\/dohiku.eu\/sk\/#website","url":"https:\/\/dohiku.eu\/sk\/","name":"DOHIKU","description":"H\u00e1\u010diky DOHIKU s\u00fa vyroben\u00e9 z vysoko uhl\u00edkovej ocele, ktor\u00e1 je kalen\u00e1 a pop\u00fa\u0161\u0165an\u00e1 pod\u013ea presn\u00e9ho receptu.","publisher":{"@id":"https:\/\/dohiku.eu\/sk\/#organization"},"potentialAction":[{"@type":"SearchAction","target":{"@type":"EntryPoint","urlTemplate":"https:\/\/dohiku.eu\/sk\/?s={search_term_string}"},"query-input":{"@type":"PropertyValueSpecification","valueRequired":true,"valueName":"search_term_string"}}],"inLanguage":"sk-SK"},{"@type":"Organization","@id":"https:\/\/dohiku.eu\/sk\/#organization","name":"DOHIKU s.r.o.","url":"https:\/\/dohiku.eu\/sk\/","logo":{"@type":"ImageObject","inLanguage":"sk-SK","@id":"https:\/\/dohiku.eu\/sk\/#\/schema\/logo\/image\/","url":"https:\/\/dohiku.eu\/wp-content\/uploads\/2024\/01\/cropped-dohiku.png","contentUrl":"https:\/\/dohiku.eu\/wp-content\/uploads\/2024\/01\/cropped-dohiku.png","width":137,"height":87,"caption":"DOHIKU s.r.o."},"image":{"@id":"https:\/\/dohiku.eu\/sk\/#\/schema\/logo\/image\/"}}]}},"_links":{"self":[{"href":"https:\/\/dohiku.eu\/sk\/wp-json\/wp\/v2\/product\/7401","targetHints":{"allow":["GET"]}}],"collection":[{"href":"https:\/\/dohiku.eu\/sk\/wp-json\/wp\/v2\/product"}],"about":[{"href":"https:\/\/dohiku.eu\/sk\/wp-json\/wp\/v2\/types\/product"}],"replies":[{"embeddable":true,"href":"https:\/\/dohiku.eu\/sk\/wp-json\/wp\/v2\/comments?post=7401"}],"wp:featuredmedia":[{"embeddable":true,"href":"https:\/\/dohiku.eu\/sk\/wp-json\/wp\/v2\/media\/5892"}],"wp:attachment":[{"href":"https:\/\/dohiku.eu\/sk\/wp-json\/wp\/v2\/media?parent=7401"}],"wp:term":[{"taxonomy":"product_brand","embeddable":true,"href":"https:\/\/dohiku.eu\/sk\/wp-json\/wp\/v2\/product_brand?post=7401"},{"taxonomy":"product_cat","embeddable":true,"href":"https:\/\/dohiku.eu\/sk\/wp-json\/wp\/v2\/product_cat?post=7401"},{"taxonomy":"product_tag","embeddable":true,"href":"https:\/\/dohiku.eu\/sk\/wp-json\/wp\/v2\/product_tag?post=7401"}],"curies":[{"name":"wp","href":"https:\/\/api.w.org\/{rel}","templated":true}]}}