{"id":7375,"date":"2019-03-01T12:01:56","date_gmt":"2019-03-01T12:01:56","guid":{"rendered":"https:\/\/dohiku.eu\/shop\/nezaraden\u00e9\/jon-stagg-and-ian-greenwood-2\/"},"modified":"2019-03-01T12:01:56","modified_gmt":"2019-03-01T12:01:56","slug":"jon-stagg-and-ian-greenwood-2","status":"publish","type":"product","link":"https:\/\/dohiku.eu\/sk\/shop\/galeria-ohlasy\/jon-stagg-and-ian-greenwood-2\/","title":{"rendered":"Jon Stagg"},"content":{"rendered":"<div>Jon Stagg, a competitor and member of Austalian national fly fishing team\u00a0and \u00a03x winner of FFCH Australia :<\/div>\n<div><span>Great to here from you again, I am very well thankyou.<br \/>Our fishing season has only just begun but it looks like it will be a good one. It sounds like you have had weather like Poland all season long!!<br \/>Your hooks were fantastic for me while I was in Poland and you should be very proud of the product you are producing.<br \/>I look forward to seeing what it is.<br \/>\u00a0<br \/>Bye for now, Jon.<\/span><\/div>\n","protected":false},"excerpt":{"rendered":"<p>Jon Stagg, a competitor and member of Austalian national fly fishing team\u00a0and \u00a03x winner of FFCH Australia : Great to here from you again, I am very well thankyou.Our fishing season has only just begun but it looks like it<span class=\"excerpt-hellip\"> [\u2026]<\/span><\/p>\n","protected":false},"featured_media":0,"comment_status":"","ping_status":"closed","template":"","meta":[],"product_brand":[],"product_cat":[606],"product_tag":[],"class_list":{"0":"post-7375","1":"product","2":"type-product","3":"status-publish","5":"product_cat-galeria-ohlasy","7":"first","8":"outofstock","9":"taxable","10":"shipping-taxable","11":"product-type-simple"},"yoast_head":"<!-- This site is optimized with the Yoast SEO plugin v27.4 - https:\/\/yoast.com\/product\/yoast-seo-wordpress\/ -->\n<title>Jon Stagg - DOHIKU<\/title>\n<meta name=\"robots\" content=\"index, follow, max-snippet:-1, max-image-preview:large, max-video-preview:-1\" \/>\n<link rel=\"canonical\" href=\"https:\/\/dohiku.eu\/sk\/shop\/galeria-ohlasy\/jon-stagg-and-ian-greenwood-2\/\" \/>\n<meta property=\"og:locale\" content=\"sk_SK\" \/>\n<meta property=\"og:type\" content=\"article\" \/>\n<meta property=\"og:title\" content=\"Jon Stagg - DOHIKU\" \/>\n<meta property=\"og:description\" content=\"Jon Stagg, a competitor and member of Austalian national fly fishing team\u00a0and \u00a03x winner of FFCH Australia : Great to here from you again, I am very well thankyou.Our fishing season has only just begun but it looks like it [\u2026]\" \/>\n<meta property=\"og:url\" content=\"https:\/\/dohiku.eu\/sk\/shop\/galeria-ohlasy\/jon-stagg-and-ian-greenwood-2\/\" \/>\n<meta property=\"og:site_name\" content=\"DOHIKU\" \/>\n<meta name=\"twitter:card\" content=\"summary_large_image\" \/>\n<script type=\"application\/ld+json\" class=\"yoast-schema-graph\">{\"@context\":\"https:\\\/\\\/schema.org\",\"@graph\":[{\"@type\":\"WebPage\",\"@id\":\"https:\\\/\\\/dohiku.eu\\\/sk\\\/shop\\\/galeria-ohlasy\\\/jon-stagg-and-ian-greenwood-2\\\/\",\"url\":\"https:\\\/\\\/dohiku.eu\\\/sk\\\/shop\\\/galeria-ohlasy\\\/jon-stagg-and-ian-greenwood-2\\\/\",\"name\":\"Jon Stagg - DOHIKU\",\"isPartOf\":{\"@id\":\"https:\\\/\\\/dohiku.eu\\\/#website\"},\"datePublished\":\"2019-03-01T12:01:56+00:00\",\"breadcrumb\":{\"@id\":\"https:\\\/\\\/dohiku.eu\\\/sk\\\/shop\\\/galeria-ohlasy\\\/jon-stagg-and-ian-greenwood-2\\\/#breadcrumb\"},\"inLanguage\":\"sk-SK\",\"potentialAction\":[{\"@type\":\"ReadAction\",\"target\":[\"https:\\\/\\\/dohiku.eu\\\/sk\\\/shop\\\/galeria-ohlasy\\\/jon-stagg-and-ian-greenwood-2\\\/\"]}]},{\"@type\":\"BreadcrumbList\",\"@id\":\"https:\\\/\\\/dohiku.eu\\\/sk\\\/shop\\\/galeria-ohlasy\\\/jon-stagg-and-ian-greenwood-2\\\/#breadcrumb\",\"itemListElement\":[{\"@type\":\"ListItem\",\"position\":1,\"name\":\"Home\",\"item\":\"https:\\\/\\\/dohiku.eu\\\/sk\\\/\"},{\"@type\":\"ListItem\",\"position\":2,\"name\":\"PRODUCTS\",\"item\":\"https:\\\/\\\/dohiku.eu\\\/sk\\\/products\\\/\"},{\"@type\":\"ListItem\",\"position\":3,\"name\":\"Jon Stagg\"}]},{\"@type\":\"WebSite\",\"@id\":\"https:\\\/\\\/dohiku.eu\\\/#website\",\"url\":\"https:\\\/\\\/dohiku.eu\\\/\",\"name\":\"DOHIKU\",\"description\":\"H\u00e1\u010diky DOHIKU s\u00fa vyroben\u00e9 z vysoko uhl\u00edkovej ocele, ktor\u00e1 je kalen\u00e1 a pop\u00fa\u0161\u0165an\u00e1 pod\u013ea presn\u00e9ho receptu.\",\"publisher\":{\"@id\":\"https:\\\/\\\/dohiku.eu\\\/#organization\"},\"potentialAction\":[{\"@type\":\"SearchAction\",\"target\":{\"@type\":\"EntryPoint\",\"urlTemplate\":\"https:\\\/\\\/dohiku.eu\\\/?s={search_term_string}\"},\"query-input\":{\"@type\":\"PropertyValueSpecification\",\"valueRequired\":true,\"valueName\":\"search_term_string\"}}],\"inLanguage\":\"sk-SK\"},{\"@type\":\"Organization\",\"@id\":\"https:\\\/\\\/dohiku.eu\\\/#organization\",\"name\":\"DOHIKU s.r.o.\",\"url\":\"https:\\\/\\\/dohiku.eu\\\/\",\"logo\":{\"@type\":\"ImageObject\",\"inLanguage\":\"sk-SK\",\"@id\":\"https:\\\/\\\/dohiku.eu\\\/#\\\/schema\\\/logo\\\/image\\\/\",\"url\":\"https:\\\/\\\/dohiku.eu\\\/wp-content\\\/uploads\\\/2024\\\/01\\\/cropped-dohiku.png\",\"contentUrl\":\"https:\\\/\\\/dohiku.eu\\\/wp-content\\\/uploads\\\/2024\\\/01\\\/cropped-dohiku.png\",\"width\":137,\"height\":87,\"caption\":\"DOHIKU s.r.o.\"},\"image\":{\"@id\":\"https:\\\/\\\/dohiku.eu\\\/#\\\/schema\\\/logo\\\/image\\\/\"}}]}<\/script>\n<!-- \/ Yoast SEO plugin. -->","yoast_head_json":{"title":"Jon Stagg - DOHIKU","robots":{"index":"index","follow":"follow","max-snippet":"max-snippet:-1","max-image-preview":"max-image-preview:large","max-video-preview":"max-video-preview:-1"},"canonical":"https:\/\/dohiku.eu\/sk\/shop\/galeria-ohlasy\/jon-stagg-and-ian-greenwood-2\/","og_locale":"sk_SK","og_type":"article","og_title":"Jon Stagg - DOHIKU","og_description":"Jon Stagg, a competitor and member of Austalian national fly fishing team\u00a0and \u00a03x winner of FFCH Australia : Great to here from you again, I am very well thankyou.Our fishing season has only just begun but it looks like it [\u2026]","og_url":"https:\/\/dohiku.eu\/sk\/shop\/galeria-ohlasy\/jon-stagg-and-ian-greenwood-2\/","og_site_name":"DOHIKU","twitter_card":"summary_large_image","schema":{"@context":"https:\/\/schema.org","@graph":[{"@type":"WebPage","@id":"https:\/\/dohiku.eu\/sk\/shop\/galeria-ohlasy\/jon-stagg-and-ian-greenwood-2\/","url":"https:\/\/dohiku.eu\/sk\/shop\/galeria-ohlasy\/jon-stagg-and-ian-greenwood-2\/","name":"Jon Stagg - DOHIKU","isPartOf":{"@id":"https:\/\/dohiku.eu\/#website"},"datePublished":"2019-03-01T12:01:56+00:00","breadcrumb":{"@id":"https:\/\/dohiku.eu\/sk\/shop\/galeria-ohlasy\/jon-stagg-and-ian-greenwood-2\/#breadcrumb"},"inLanguage":"sk-SK","potentialAction":[{"@type":"ReadAction","target":["https:\/\/dohiku.eu\/sk\/shop\/galeria-ohlasy\/jon-stagg-and-ian-greenwood-2\/"]}]},{"@type":"BreadcrumbList","@id":"https:\/\/dohiku.eu\/sk\/shop\/galeria-ohlasy\/jon-stagg-and-ian-greenwood-2\/#breadcrumb","itemListElement":[{"@type":"ListItem","position":1,"name":"Home","item":"https:\/\/dohiku.eu\/sk\/"},{"@type":"ListItem","position":2,"name":"PRODUCTS","item":"https:\/\/dohiku.eu\/sk\/products\/"},{"@type":"ListItem","position":3,"name":"Jon Stagg"}]},{"@type":"WebSite","@id":"https:\/\/dohiku.eu\/#website","url":"https:\/\/dohiku.eu\/","name":"DOHIKU","description":"H\u00e1\u010diky DOHIKU s\u00fa vyroben\u00e9 z vysoko uhl\u00edkovej ocele, ktor\u00e1 je kalen\u00e1 a pop\u00fa\u0161\u0165an\u00e1 pod\u013ea presn\u00e9ho receptu.","publisher":{"@id":"https:\/\/dohiku.eu\/#organization"},"potentialAction":[{"@type":"SearchAction","target":{"@type":"EntryPoint","urlTemplate":"https:\/\/dohiku.eu\/?s={search_term_string}"},"query-input":{"@type":"PropertyValueSpecification","valueRequired":true,"valueName":"search_term_string"}}],"inLanguage":"sk-SK"},{"@type":"Organization","@id":"https:\/\/dohiku.eu\/#organization","name":"DOHIKU s.r.o.","url":"https:\/\/dohiku.eu\/","logo":{"@type":"ImageObject","inLanguage":"sk-SK","@id":"https:\/\/dohiku.eu\/#\/schema\/logo\/image\/","url":"https:\/\/dohiku.eu\/wp-content\/uploads\/2024\/01\/cropped-dohiku.png","contentUrl":"https:\/\/dohiku.eu\/wp-content\/uploads\/2024\/01\/cropped-dohiku.png","width":137,"height":87,"caption":"DOHIKU s.r.o."},"image":{"@id":"https:\/\/dohiku.eu\/#\/schema\/logo\/image\/"}}]}},"_links":{"self":[{"href":"https:\/\/dohiku.eu\/sk\/wp-json\/wp\/v2\/product\/7375","targetHints":{"allow":["GET"]}}],"collection":[{"href":"https:\/\/dohiku.eu\/sk\/wp-json\/wp\/v2\/product"}],"about":[{"href":"https:\/\/dohiku.eu\/sk\/wp-json\/wp\/v2\/types\/product"}],"replies":[{"embeddable":true,"href":"https:\/\/dohiku.eu\/sk\/wp-json\/wp\/v2\/comments?post=7375"}],"wp:attachment":[{"href":"https:\/\/dohiku.eu\/sk\/wp-json\/wp\/v2\/media?parent=7375"}],"wp:term":[{"taxonomy":"product_brand","embeddable":true,"href":"https:\/\/dohiku.eu\/sk\/wp-json\/wp\/v2\/product_brand?post=7375"},{"taxonomy":"product_cat","embeddable":true,"href":"https:\/\/dohiku.eu\/sk\/wp-json\/wp\/v2\/product_cat?post=7375"},{"taxonomy":"product_tag","embeddable":true,"href":"https:\/\/dohiku.eu\/sk\/wp-json\/wp\/v2\/product_tag?post=7375"}],"curies":[{"name":"wp","href":"https:\/\/api.w.org\/{rel}","templated":true}]}}