{"id":7339,"date":"2019-03-01T12:01:57","date_gmt":"2019-03-01T12:01:57","guid":{"rendered":"https:\/\/dohiku.eu\/shop\/nezaraden\u00e9\/landing-net-pod-23\/"},"modified":"2026-04-27T08:40:57","modified_gmt":"2026-04-27T08:40:57","slug":"podberak-pod-11-2","status":"publish","type":"product","link":"https:\/\/dohiku.eu\/sk\/shop\/podberaky-a-kosiky\/podberak-pod-11-2\/","title":{"rendered":"Podber\u00e1k, POD 11"},"content":{"rendered":"<p>R\u00e1m podber\u00e1ka je vyroben\u00fd z vysoko kvalitnej hlin\u00edkovej zliatiny. Rukov\u00e4\u0165 je vyroben\u00e1 z ru\u010dne vyroben\u00e9ho tvrd\u00e9ho dreva. D\u00e1 sa ve\u013emi \u013eahko otvori\u0165 jednou rukou.<br \/>\nRozmery r\u00e1mu 25 x 45 cm. Prepravn\u00e1 d\u013a\u017eka: 54 cm.<br \/>\nCelkov\u00e1 d\u013a\u017eka: 102 cm.<br \/>\nHmotnos\u0165: 225 g.<br \/>\nNadrozmern\u00fd n\u00e1klad.<\/p>\n","protected":false},"excerpt":{"rendered":"<p>R\u00e1m podber\u00e1ka je vyroben\u00fd z vysoko kvalitnej hlin\u00edkovej zliatiny. Rukov\u00e4\u0165 je vyroben\u00e1 z ru\u010dne vyroben\u00e9ho tvrd\u00e9ho dreva. D\u00e1 sa ve\u013emi \u013eahko otvori\u0165 jednou rukou.<br \/>\nRozmery r\u00e1mu 25 x 45 cm. Prepravn\u00e1 d\u013a\u017eka: 54 cm.<br \/>\nCelkov\u00e1 d\u013a\u017eka: 102 cm.<br \/>\nHmotnos\u0165: 225 g.<br \/>\nNadrozmern\u00fd n\u00e1klad.<\/p>\n","protected":false},"featured_media":6103,"comment_status":"closed","ping_status":"closed","template":"","meta":[],"product_brand":[],"product_cat":[536],"product_tag":[],"class_list":{"0":"post-7339","1":"product","2":"type-product","3":"status-publish","4":"has-post-thumbnail","6":"product_cat-podberaky-a-kosiky","8":"first","9":"instock","10":"taxable","11":"shipping-taxable","12":"purchasable","13":"product-type-simple"},"yoast_head":"<!-- This site is optimized with the Yoast SEO plugin v27.4 - https:\/\/yoast.com\/product\/yoast-seo-wordpress\/ -->\n<title>Podber\u00e1k, POD 11 - DOHIKU<\/title>\n<meta name=\"robots\" content=\"index, follow, max-snippet:-1, max-image-preview:large, max-video-preview:-1\" \/>\n<link rel=\"canonical\" href=\"https:\/\/dohiku.eu\/sk\/shop\/podberaky-a-kosiky\/podberak-pod-11-2\/\" \/>\n<meta property=\"og:locale\" content=\"sk_SK\" \/>\n<meta property=\"og:type\" content=\"article\" \/>\n<meta property=\"og:title\" content=\"Podber\u00e1k, POD 11 - DOHIKU\" \/>\n<meta property=\"og:description\" content=\"R\u00e1m podber\u00e1ka je vyroben\u00fd z vysoko kvalitnej hlin\u00edkovej zliatiny. Rukov\u00e4\u0165 je vyroben\u00e1 z ru\u010dne vyroben\u00e9ho tvrd\u00e9ho dreva. D\u00e1 sa ve\u013emi \u013eahko otvori\u0165 jednou rukou. Rozmery r\u00e1mu 25 x 45 cm. Prepravn\u00e1 d\u013a\u017eka: 54 cm. Celkov\u00e1 d\u013a\u017eka: 102 cm. Hmotnos\u0165: 225 g. Nadrozmern\u00fd n\u00e1klad.\" \/>\n<meta property=\"og:url\" content=\"https:\/\/dohiku.eu\/sk\/shop\/podberaky-a-kosiky\/podberak-pod-11-2\/\" \/>\n<meta property=\"og:site_name\" content=\"DOHIKU\" \/>\n<meta property=\"article:modified_time\" content=\"2026-04-27T08:40:57+00:00\" \/>\n<meta property=\"og:image\" content=\"https:\/\/dohiku.eu\/wp-content\/uploads\/2019\/03\/1491-Landing-net-POD-23.jpg\" \/>\n\t<meta property=\"og:image:width\" content=\"500\" \/>\n\t<meta property=\"og:image:height\" content=\"700\" \/>\n\t<meta property=\"og:image:type\" content=\"image\/jpeg\" \/>\n<meta name=\"twitter:card\" content=\"summary_large_image\" \/>\n<meta name=\"twitter:label1\" content=\"Predpokladan\u00fd \u010das \u010d\u00edtania\" \/>\n\t<meta name=\"twitter:data1\" content=\"1 min\u00fata\" \/>\n<script type=\"application\/ld+json\" class=\"yoast-schema-graph\">{\"@context\":\"https:\\\/\\\/schema.org\",\"@graph\":[{\"@type\":\"WebPage\",\"@id\":\"https:\\\/\\\/dohiku.eu\\\/sk\\\/shop\\\/podberaky-a-kosiky\\\/podberak-pod-11-2\\\/\",\"url\":\"https:\\\/\\\/dohiku.eu\\\/sk\\\/shop\\\/podberaky-a-kosiky\\\/podberak-pod-11-2\\\/\",\"name\":\"Podber\u00e1k, POD 11 - DOHIKU\",\"isPartOf\":{\"@id\":\"https:\\\/\\\/dohiku.eu\\\/sk\\\/#website\"},\"primaryImageOfPage\":{\"@id\":\"https:\\\/\\\/dohiku.eu\\\/sk\\\/shop\\\/podberaky-a-kosiky\\\/podberak-pod-11-2\\\/#primaryimage\"},\"image\":{\"@id\":\"https:\\\/\\\/dohiku.eu\\\/sk\\\/shop\\\/podberaky-a-kosiky\\\/podberak-pod-11-2\\\/#primaryimage\"},\"thumbnailUrl\":\"https:\\\/\\\/dohiku.eu\\\/wp-content\\\/uploads\\\/2019\\\/03\\\/1491-Landing-net-POD-23.jpg\",\"datePublished\":\"2019-03-01T12:01:57+00:00\",\"dateModified\":\"2026-04-27T08:40:57+00:00\",\"breadcrumb\":{\"@id\":\"https:\\\/\\\/dohiku.eu\\\/sk\\\/shop\\\/podberaky-a-kosiky\\\/podberak-pod-11-2\\\/#breadcrumb\"},\"inLanguage\":\"sk-SK\",\"potentialAction\":[{\"@type\":\"ReadAction\",\"target\":[\"https:\\\/\\\/dohiku.eu\\\/sk\\\/shop\\\/podberaky-a-kosiky\\\/podberak-pod-11-2\\\/\"]}]},{\"@type\":\"ImageObject\",\"inLanguage\":\"sk-SK\",\"@id\":\"https:\\\/\\\/dohiku.eu\\\/sk\\\/shop\\\/podberaky-a-kosiky\\\/podberak-pod-11-2\\\/#primaryimage\",\"url\":\"https:\\\/\\\/dohiku.eu\\\/wp-content\\\/uploads\\\/2019\\\/03\\\/1491-Landing-net-POD-23.jpg\",\"contentUrl\":\"https:\\\/\\\/dohiku.eu\\\/wp-content\\\/uploads\\\/2019\\\/03\\\/1491-Landing-net-POD-23.jpg\",\"width\":500,\"height\":700},{\"@type\":\"BreadcrumbList\",\"@id\":\"https:\\\/\\\/dohiku.eu\\\/sk\\\/shop\\\/podberaky-a-kosiky\\\/podberak-pod-11-2\\\/#breadcrumb\",\"itemListElement\":[{\"@type\":\"ListItem\",\"position\":1,\"name\":\"Home\",\"item\":\"https:\\\/\\\/dohiku.eu\\\/sk\\\/\"},{\"@type\":\"ListItem\",\"position\":2,\"name\":\"PRODUCTS\",\"item\":\"https:\\\/\\\/dohiku.eu\\\/sk\\\/products\\\/\"},{\"@type\":\"ListItem\",\"position\":3,\"name\":\"Podber\u00e1k, POD 11\"}]},{\"@type\":\"WebSite\",\"@id\":\"https:\\\/\\\/dohiku.eu\\\/sk\\\/#website\",\"url\":\"https:\\\/\\\/dohiku.eu\\\/sk\\\/\",\"name\":\"DOHIKU\",\"description\":\"H\u00e1\u010diky DOHIKU s\u00fa vyroben\u00e9 z vysoko uhl\u00edkovej ocele, ktor\u00e1 je kalen\u00e1 a pop\u00fa\u0161\u0165an\u00e1 pod\u013ea presn\u00e9ho receptu.\",\"publisher\":{\"@id\":\"https:\\\/\\\/dohiku.eu\\\/sk\\\/#organization\"},\"potentialAction\":[{\"@type\":\"SearchAction\",\"target\":{\"@type\":\"EntryPoint\",\"urlTemplate\":\"https:\\\/\\\/dohiku.eu\\\/sk\\\/?s={search_term_string}\"},\"query-input\":{\"@type\":\"PropertyValueSpecification\",\"valueRequired\":true,\"valueName\":\"search_term_string\"}}],\"inLanguage\":\"sk-SK\"},{\"@type\":\"Organization\",\"@id\":\"https:\\\/\\\/dohiku.eu\\\/sk\\\/#organization\",\"name\":\"DOHIKU s.r.o.\",\"url\":\"https:\\\/\\\/dohiku.eu\\\/sk\\\/\",\"logo\":{\"@type\":\"ImageObject\",\"inLanguage\":\"sk-SK\",\"@id\":\"https:\\\/\\\/dohiku.eu\\\/sk\\\/#\\\/schema\\\/logo\\\/image\\\/\",\"url\":\"https:\\\/\\\/dohiku.eu\\\/wp-content\\\/uploads\\\/2024\\\/01\\\/cropped-dohiku.png\",\"contentUrl\":\"https:\\\/\\\/dohiku.eu\\\/wp-content\\\/uploads\\\/2024\\\/01\\\/cropped-dohiku.png\",\"width\":137,\"height\":87,\"caption\":\"DOHIKU s.r.o.\"},\"image\":{\"@id\":\"https:\\\/\\\/dohiku.eu\\\/sk\\\/#\\\/schema\\\/logo\\\/image\\\/\"}}]}<\/script>\n<!-- \/ Yoast SEO plugin. -->","yoast_head_json":{"title":"Podber\u00e1k, POD 11 - DOHIKU","robots":{"index":"index","follow":"follow","max-snippet":"max-snippet:-1","max-image-preview":"max-image-preview:large","max-video-preview":"max-video-preview:-1"},"canonical":"https:\/\/dohiku.eu\/sk\/shop\/podberaky-a-kosiky\/podberak-pod-11-2\/","og_locale":"sk_SK","og_type":"article","og_title":"Podber\u00e1k, POD 11 - DOHIKU","og_description":"R\u00e1m podber\u00e1ka je vyroben\u00fd z vysoko kvalitnej hlin\u00edkovej zliatiny. Rukov\u00e4\u0165 je vyroben\u00e1 z ru\u010dne vyroben\u00e9ho tvrd\u00e9ho dreva. D\u00e1 sa ve\u013emi \u013eahko otvori\u0165 jednou rukou. Rozmery r\u00e1mu 25 x 45 cm. Prepravn\u00e1 d\u013a\u017eka: 54 cm. Celkov\u00e1 d\u013a\u017eka: 102 cm. Hmotnos\u0165: 225 g. Nadrozmern\u00fd n\u00e1klad.","og_url":"https:\/\/dohiku.eu\/sk\/shop\/podberaky-a-kosiky\/podberak-pod-11-2\/","og_site_name":"DOHIKU","article_modified_time":"2026-04-27T08:40:57+00:00","og_image":[{"width":500,"height":700,"url":"https:\/\/dohiku.eu\/wp-content\/uploads\/2019\/03\/1491-Landing-net-POD-23.jpg","type":"image\/jpeg"}],"twitter_card":"summary_large_image","twitter_misc":{"Predpokladan\u00fd \u010das \u010d\u00edtania":"1 min\u00fata"},"schema":{"@context":"https:\/\/schema.org","@graph":[{"@type":"WebPage","@id":"https:\/\/dohiku.eu\/sk\/shop\/podberaky-a-kosiky\/podberak-pod-11-2\/","url":"https:\/\/dohiku.eu\/sk\/shop\/podberaky-a-kosiky\/podberak-pod-11-2\/","name":"Podber\u00e1k, POD 11 - DOHIKU","isPartOf":{"@id":"https:\/\/dohiku.eu\/sk\/#website"},"primaryImageOfPage":{"@id":"https:\/\/dohiku.eu\/sk\/shop\/podberaky-a-kosiky\/podberak-pod-11-2\/#primaryimage"},"image":{"@id":"https:\/\/dohiku.eu\/sk\/shop\/podberaky-a-kosiky\/podberak-pod-11-2\/#primaryimage"},"thumbnailUrl":"https:\/\/dohiku.eu\/wp-content\/uploads\/2019\/03\/1491-Landing-net-POD-23.jpg","datePublished":"2019-03-01T12:01:57+00:00","dateModified":"2026-04-27T08:40:57+00:00","breadcrumb":{"@id":"https:\/\/dohiku.eu\/sk\/shop\/podberaky-a-kosiky\/podberak-pod-11-2\/#breadcrumb"},"inLanguage":"sk-SK","potentialAction":[{"@type":"ReadAction","target":["https:\/\/dohiku.eu\/sk\/shop\/podberaky-a-kosiky\/podberak-pod-11-2\/"]}]},{"@type":"ImageObject","inLanguage":"sk-SK","@id":"https:\/\/dohiku.eu\/sk\/shop\/podberaky-a-kosiky\/podberak-pod-11-2\/#primaryimage","url":"https:\/\/dohiku.eu\/wp-content\/uploads\/2019\/03\/1491-Landing-net-POD-23.jpg","contentUrl":"https:\/\/dohiku.eu\/wp-content\/uploads\/2019\/03\/1491-Landing-net-POD-23.jpg","width":500,"height":700},{"@type":"BreadcrumbList","@id":"https:\/\/dohiku.eu\/sk\/shop\/podberaky-a-kosiky\/podberak-pod-11-2\/#breadcrumb","itemListElement":[{"@type":"ListItem","position":1,"name":"Home","item":"https:\/\/dohiku.eu\/sk\/"},{"@type":"ListItem","position":2,"name":"PRODUCTS","item":"https:\/\/dohiku.eu\/sk\/products\/"},{"@type":"ListItem","position":3,"name":"Podber\u00e1k, POD 11"}]},{"@type":"WebSite","@id":"https:\/\/dohiku.eu\/sk\/#website","url":"https:\/\/dohiku.eu\/sk\/","name":"DOHIKU","description":"H\u00e1\u010diky DOHIKU s\u00fa vyroben\u00e9 z vysoko uhl\u00edkovej ocele, ktor\u00e1 je kalen\u00e1 a pop\u00fa\u0161\u0165an\u00e1 pod\u013ea presn\u00e9ho receptu.","publisher":{"@id":"https:\/\/dohiku.eu\/sk\/#organization"},"potentialAction":[{"@type":"SearchAction","target":{"@type":"EntryPoint","urlTemplate":"https:\/\/dohiku.eu\/sk\/?s={search_term_string}"},"query-input":{"@type":"PropertyValueSpecification","valueRequired":true,"valueName":"search_term_string"}}],"inLanguage":"sk-SK"},{"@type":"Organization","@id":"https:\/\/dohiku.eu\/sk\/#organization","name":"DOHIKU s.r.o.","url":"https:\/\/dohiku.eu\/sk\/","logo":{"@type":"ImageObject","inLanguage":"sk-SK","@id":"https:\/\/dohiku.eu\/sk\/#\/schema\/logo\/image\/","url":"https:\/\/dohiku.eu\/wp-content\/uploads\/2024\/01\/cropped-dohiku.png","contentUrl":"https:\/\/dohiku.eu\/wp-content\/uploads\/2024\/01\/cropped-dohiku.png","width":137,"height":87,"caption":"DOHIKU s.r.o."},"image":{"@id":"https:\/\/dohiku.eu\/sk\/#\/schema\/logo\/image\/"}}]}},"_links":{"self":[{"href":"https:\/\/dohiku.eu\/sk\/wp-json\/wp\/v2\/product\/7339","targetHints":{"allow":["GET"]}}],"collection":[{"href":"https:\/\/dohiku.eu\/sk\/wp-json\/wp\/v2\/product"}],"about":[{"href":"https:\/\/dohiku.eu\/sk\/wp-json\/wp\/v2\/types\/product"}],"replies":[{"embeddable":true,"href":"https:\/\/dohiku.eu\/sk\/wp-json\/wp\/v2\/comments?post=7339"}],"wp:featuredmedia":[{"embeddable":true,"href":"https:\/\/dohiku.eu\/sk\/wp-json\/wp\/v2\/media\/6103"}],"wp:attachment":[{"href":"https:\/\/dohiku.eu\/sk\/wp-json\/wp\/v2\/media?parent=7339"}],"wp:term":[{"taxonomy":"product_brand","embeddable":true,"href":"https:\/\/dohiku.eu\/sk\/wp-json\/wp\/v2\/product_brand?post=7339"},{"taxonomy":"product_cat","embeddable":true,"href":"https:\/\/dohiku.eu\/sk\/wp-json\/wp\/v2\/product_cat?post=7339"},{"taxonomy":"product_tag","embeddable":true,"href":"https:\/\/dohiku.eu\/sk\/wp-json\/wp\/v2\/product_tag?post=7339"}],"curies":[{"name":"wp","href":"https:\/\/api.w.org\/{rel}","templated":true}]}}