{"id":7314,"date":"2019-03-01T12:01:57","date_gmt":"2019-03-01T12:01:57","guid":{"rendered":"https:\/\/dohiku.eu\/shop\/nezaraden\u00e9\/squirmies-wormies\/"},"modified":"2024-02-11T10:36:08","modified_gmt":"2024-02-11T10:36:08","slug":"squirmies-worms-elasticke-cerviky-tmavo-cervena","status":"publish","type":"product","link":"https:\/\/dohiku.eu\/sk\/shop\/viazacie-materialy\/dalsi-material\/squirmies-worms-elasticke-cerviky-tmavo-cervena\/","title":{"rendered":"Squirmies worms &#8211; elastick\u00e9 \u010derv\u00edky &#8211; Tmavo \u010derven\u00e1"},"content":{"rendered":"<p><span>Extr\u00e9mne elastick\u00fd materi\u00e1l\u00a0,<\/span><span>ktor\u00fd napodob\u0148uje\u00a0<\/span><span>\u010derv\u00edky.\u00a0<\/span><span>Odtajnen\u00e1<\/span><span>\u00a0zbra\u0148 americkej\u00a0<\/span><span>mu\u0161k\u00e1rskej<\/span><span>\u00a0reprezent\u00e1cie. Odpor\u00fa\u010dame naviaza\u0165 s\u00a0<\/span><span>wolframovou\u00a0<\/span><span>\u00a0gu\u013e\u00f4\u010dkou. Sk\u00faste experimentova\u0165 aj s \u010fal\u0161\u00edmi materi\u00e1lmi.<\/span><\/p>\n<p>D\u013e\u017ek\u00e1: 1 ks &#8211; cca 12 cm<\/p>\n<p>1 bal. \/ 10 ks\u00a0<\/p>\n","protected":false},"excerpt":{"rendered":"<p><span style=\"color:#444444;\">Extr\u00e9mne elastick\u00fd materi\u00e1l\u00a0,<\/span><span style=\"color:#000000;\">ktor\u00fd napodob\u0148uje\u00a0<\/span><span style=\"color:#444444;\">\u010derv\u00edky.\u00a0<\/span>Odtajnen\u00e1<span style=\"color:#444444;\">\u00a0zbra\u0148 americkej\u00a0<\/span>mu\u0161k\u00e1rskej<span style=\"color:#444444;\">\u00a0reprezent\u00e1cie. Odpor\u00fa\u010dame naviaza\u0165 s\u00a0<\/span>wolframovou\u00a0<span style=\"color:#444444;\">\u00a0gu\u013e\u00f4\u010dkou. Sk\u00faste experimentova\u0165 aj s \u010fal\u0161\u00edmi materi\u00e1lmi.<\/span><\/p>\n<p><span style=\"color:#444444;\">N\u00e1\u0161 typ &#8211; koniec \u010derv\u00edka opatrne\u00a0ohrejte\u00a0nad oh\u0148om a v\u00a0plochej\u00a0pinzete jemne sta\u010dte. Z\u00edskate tak malink\u00fa pl\u00f4\u0161ku, ktor\u00e1 bude vo vode pekne\u00a0pracova\u0165\u00a0a\u00a0o\u017eiv\u00fd\u00a0mu\u0161ku.<\/span><\/p>\n<p><span style=\"color:#444444;\">Pozor : materi\u00e1l je citliv\u00fd na organick\u00e9 rozp\u00fa\u0161\u0165adl\u00e1.<\/span><\/p>\n<p>SQU 1 &#8211; Tmavo \u010derven\u00e1<\/p>\n<p>SQU 2 &#8211; Tmavo oran\u017eov\u00e1<\/p>\n<p>SQU 3 &#8211; Ru\u017eov\u00e1<\/p>\n<p>SQU 4 &#8211; Hned\u00e1<\/p>\n<p>SQU 5 &#8211; Zelen\u00e1<\/p>\n<p>SQU 6 &#8211; Fluo zelen\u00e1 \u00a0NOV\u00c9<\/p>\n<p>SQU 7 &#8211; Fluo \u017elt\u00e1 \u00a0\u00a0<span>\u00a0<\/span><span>NOV\u00c9<\/span><\/p>\n<p>SQU 8 &#8211; Fluo oran\u017eov\u00e1 &#8211; NOV\u00c9<\/p>\n<p>SQU 9 &#8211; Biela \u00a0 NOV\u00c9<\/p>\n<p>SQU 10 &#8211; \u010cierna \u00a0 NOV\u00c9<\/p>\n<p>SQU 11 &#8211; Fialov\u00e1 \u00a0 NOV\u00c9<\/p>\n","protected":false},"featured_media":6059,"comment_status":"closed","ping_status":"closed","template":"","meta":[],"product_brand":[],"product_cat":[575,506,614,525],"product_tag":[],"class_list":{"0":"post-7314","1":"product","2":"type-product","3":"status-publish","4":"has-post-thumbnail","6":"product_cat-dalsi-material","7":"product_cat-nezaradene","8":"product_cat-squirmies-worms-elasticke-cerviky","9":"product_cat-viazacie-materialy","11":"first","12":"instock","13":"taxable","14":"shipping-taxable","15":"purchasable","16":"product-type-simple"},"yoast_head":"<!-- This site is optimized with the Yoast SEO plugin v27.4 - https:\/\/yoast.com\/product\/yoast-seo-wordpress\/ -->\n<title>Squirmies worms - elastick\u00e9 \u010derv\u00edky - Tmavo \u010derven\u00e1 - DOHIKU<\/title>\n<meta name=\"robots\" content=\"index, follow, max-snippet:-1, max-image-preview:large, max-video-preview:-1\" \/>\n<link rel=\"canonical\" href=\"https:\/\/dohiku.eu\/sk\/shop\/viazacie-materialy\/dalsi-material\/squirmies-worms-elasticke-cerviky-tmavo-cervena\/\" \/>\n<meta property=\"og:locale\" content=\"sk_SK\" \/>\n<meta property=\"og:type\" content=\"article\" \/>\n<meta property=\"og:title\" content=\"Squirmies worms - elastick\u00e9 \u010derv\u00edky - Tmavo \u010derven\u00e1 - DOHIKU\" \/>\n<meta property=\"og:description\" content=\"Extr\u00e9mne elastick\u00fd materi\u00e1l\u00a0,ktor\u00fd napodob\u0148uje\u00a0\u010derv\u00edky.\u00a0Odtajnen\u00e1\u00a0zbra\u0148 americkej\u00a0mu\u0161k\u00e1rskej\u00a0reprezent\u00e1cie. Odpor\u00fa\u010dame naviaza\u0165 s\u00a0wolframovou\u00a0\u00a0gu\u013e\u00f4\u010dkou. Sk\u00faste experimentova\u0165 aj s \u010fal\u0161\u00edmi materi\u00e1lmi. N\u00e1\u0161 typ - koniec \u010derv\u00edka opatrne\u00a0ohrejte\u00a0nad oh\u0148om a v\u00a0plochej\u00a0pinzete jemne sta\u010dte. Z\u00edskate tak malink\u00fa pl\u00f4\u0161ku, ktor\u00e1 bude vo vode pekne\u00a0pracova\u0165\u00a0a\u00a0o\u017eiv\u00fd\u00a0mu\u0161ku. Pozor : materi\u00e1l je citliv\u00fd na organick\u00e9 rozp\u00fa\u0161\u0165adl\u00e1. SQU 1 - Tmavo \u010derven\u00e1 SQU 2 - Tmavo oran\u017eov\u00e1 SQU 3 - Ru\u017eov\u00e1 SQU 4 - Hned\u00e1 SQU 5 - Zelen\u00e1 SQU 6 - Fluo zelen\u00e1 \u00a0NOV\u00c9 SQU 7 - Fluo \u017elt\u00e1 \u00a0\u00a0\u00a0NOV\u00c9 SQU 8 - Fluo oran\u017eov\u00e1 - NOV\u00c9 SQU 9 - Biela \u00a0 NOV\u00c9 SQU 10 - \u010cierna \u00a0 NOV\u00c9 SQU 11 - Fialov\u00e1 \u00a0 NOV\u00c9\" \/>\n<meta property=\"og:url\" content=\"https:\/\/dohiku.eu\/sk\/shop\/viazacie-materialy\/dalsi-material\/squirmies-worms-elasticke-cerviky-tmavo-cervena\/\" \/>\n<meta property=\"og:site_name\" content=\"DOHIKU\" \/>\n<meta property=\"article:modified_time\" content=\"2024-02-11T10:36:08+00:00\" \/>\n<meta property=\"og:image\" content=\"https:\/\/dohiku.eu\/wp-content\/uploads\/2019\/03\/1447-SQUIRMIES-wormies-Dark-Red.jpg\" \/>\n\t<meta property=\"og:image:width\" content=\"264\" \/>\n\t<meta property=\"og:image:height\" content=\"264\" \/>\n\t<meta property=\"og:image:type\" content=\"image\/jpeg\" \/>\n<meta name=\"twitter:card\" content=\"summary_large_image\" \/>\n<script type=\"application\/ld+json\" class=\"yoast-schema-graph\">{\"@context\":\"https:\\\/\\\/schema.org\",\"@graph\":[{\"@type\":\"WebPage\",\"@id\":\"https:\\\/\\\/dohiku.eu\\\/sk\\\/shop\\\/viazacie-materialy\\\/dalsi-material\\\/squirmies-worms-elasticke-cerviky-tmavo-cervena\\\/\",\"url\":\"https:\\\/\\\/dohiku.eu\\\/sk\\\/shop\\\/viazacie-materialy\\\/dalsi-material\\\/squirmies-worms-elasticke-cerviky-tmavo-cervena\\\/\",\"name\":\"Squirmies worms - elastick\u00e9 \u010derv\u00edky - Tmavo \u010derven\u00e1 - DOHIKU\",\"isPartOf\":{\"@id\":\"https:\\\/\\\/dohiku.eu\\\/sk\\\/#website\"},\"primaryImageOfPage\":{\"@id\":\"https:\\\/\\\/dohiku.eu\\\/sk\\\/shop\\\/viazacie-materialy\\\/dalsi-material\\\/squirmies-worms-elasticke-cerviky-tmavo-cervena\\\/#primaryimage\"},\"image\":{\"@id\":\"https:\\\/\\\/dohiku.eu\\\/sk\\\/shop\\\/viazacie-materialy\\\/dalsi-material\\\/squirmies-worms-elasticke-cerviky-tmavo-cervena\\\/#primaryimage\"},\"thumbnailUrl\":\"https:\\\/\\\/dohiku.eu\\\/wp-content\\\/uploads\\\/2019\\\/03\\\/1447-SQUIRMIES-wormies-Dark-Red.jpg\",\"datePublished\":\"2019-03-01T12:01:57+00:00\",\"dateModified\":\"2024-02-11T10:36:08+00:00\",\"breadcrumb\":{\"@id\":\"https:\\\/\\\/dohiku.eu\\\/sk\\\/shop\\\/viazacie-materialy\\\/dalsi-material\\\/squirmies-worms-elasticke-cerviky-tmavo-cervena\\\/#breadcrumb\"},\"inLanguage\":\"sk-SK\",\"potentialAction\":[{\"@type\":\"ReadAction\",\"target\":[\"https:\\\/\\\/dohiku.eu\\\/sk\\\/shop\\\/viazacie-materialy\\\/dalsi-material\\\/squirmies-worms-elasticke-cerviky-tmavo-cervena\\\/\"]}]},{\"@type\":\"ImageObject\",\"inLanguage\":\"sk-SK\",\"@id\":\"https:\\\/\\\/dohiku.eu\\\/sk\\\/shop\\\/viazacie-materialy\\\/dalsi-material\\\/squirmies-worms-elasticke-cerviky-tmavo-cervena\\\/#primaryimage\",\"url\":\"https:\\\/\\\/dohiku.eu\\\/wp-content\\\/uploads\\\/2019\\\/03\\\/1447-SQUIRMIES-wormies-Dark-Red.jpg\",\"contentUrl\":\"https:\\\/\\\/dohiku.eu\\\/wp-content\\\/uploads\\\/2019\\\/03\\\/1447-SQUIRMIES-wormies-Dark-Red.jpg\",\"width\":264,\"height\":264},{\"@type\":\"BreadcrumbList\",\"@id\":\"https:\\\/\\\/dohiku.eu\\\/sk\\\/shop\\\/viazacie-materialy\\\/dalsi-material\\\/squirmies-worms-elasticke-cerviky-tmavo-cervena\\\/#breadcrumb\",\"itemListElement\":[{\"@type\":\"ListItem\",\"position\":1,\"name\":\"Home\",\"item\":\"https:\\\/\\\/dohiku.eu\\\/sk\\\/\"},{\"@type\":\"ListItem\",\"position\":2,\"name\":\"PRODUCTS\",\"item\":\"https:\\\/\\\/dohiku.eu\\\/sk\\\/products\\\/\"},{\"@type\":\"ListItem\",\"position\":3,\"name\":\"Squirmies worms &#8211; elastick\u00e9 \u010derv\u00edky &#8211; Tmavo \u010derven\u00e1\"}]},{\"@type\":\"WebSite\",\"@id\":\"https:\\\/\\\/dohiku.eu\\\/sk\\\/#website\",\"url\":\"https:\\\/\\\/dohiku.eu\\\/sk\\\/\",\"name\":\"DOHIKU\",\"description\":\"H\u00e1\u010diky DOHIKU s\u00fa vyroben\u00e9 z vysoko uhl\u00edkovej ocele, ktor\u00e1 je kalen\u00e1 a pop\u00fa\u0161\u0165an\u00e1 pod\u013ea presn\u00e9ho receptu.\",\"publisher\":{\"@id\":\"https:\\\/\\\/dohiku.eu\\\/sk\\\/#organization\"},\"potentialAction\":[{\"@type\":\"SearchAction\",\"target\":{\"@type\":\"EntryPoint\",\"urlTemplate\":\"https:\\\/\\\/dohiku.eu\\\/sk\\\/?s={search_term_string}\"},\"query-input\":{\"@type\":\"PropertyValueSpecification\",\"valueRequired\":true,\"valueName\":\"search_term_string\"}}],\"inLanguage\":\"sk-SK\"},{\"@type\":\"Organization\",\"@id\":\"https:\\\/\\\/dohiku.eu\\\/sk\\\/#organization\",\"name\":\"DOHIKU s.r.o.\",\"url\":\"https:\\\/\\\/dohiku.eu\\\/sk\\\/\",\"logo\":{\"@type\":\"ImageObject\",\"inLanguage\":\"sk-SK\",\"@id\":\"https:\\\/\\\/dohiku.eu\\\/sk\\\/#\\\/schema\\\/logo\\\/image\\\/\",\"url\":\"https:\\\/\\\/dohiku.eu\\\/wp-content\\\/uploads\\\/2024\\\/01\\\/cropped-dohiku.png\",\"contentUrl\":\"https:\\\/\\\/dohiku.eu\\\/wp-content\\\/uploads\\\/2024\\\/01\\\/cropped-dohiku.png\",\"width\":137,\"height\":87,\"caption\":\"DOHIKU s.r.o.\"},\"image\":{\"@id\":\"https:\\\/\\\/dohiku.eu\\\/sk\\\/#\\\/schema\\\/logo\\\/image\\\/\"}}]}<\/script>\n<!-- \/ Yoast SEO plugin. -->","yoast_head_json":{"title":"Squirmies worms - elastick\u00e9 \u010derv\u00edky - Tmavo \u010derven\u00e1 - DOHIKU","robots":{"index":"index","follow":"follow","max-snippet":"max-snippet:-1","max-image-preview":"max-image-preview:large","max-video-preview":"max-video-preview:-1"},"canonical":"https:\/\/dohiku.eu\/sk\/shop\/viazacie-materialy\/dalsi-material\/squirmies-worms-elasticke-cerviky-tmavo-cervena\/","og_locale":"sk_SK","og_type":"article","og_title":"Squirmies worms - elastick\u00e9 \u010derv\u00edky - Tmavo \u010derven\u00e1 - DOHIKU","og_description":"Extr\u00e9mne elastick\u00fd materi\u00e1l\u00a0,ktor\u00fd napodob\u0148uje\u00a0\u010derv\u00edky.\u00a0Odtajnen\u00e1\u00a0zbra\u0148 americkej\u00a0mu\u0161k\u00e1rskej\u00a0reprezent\u00e1cie. Odpor\u00fa\u010dame naviaza\u0165 s\u00a0wolframovou\u00a0\u00a0gu\u013e\u00f4\u010dkou. Sk\u00faste experimentova\u0165 aj s \u010fal\u0161\u00edmi materi\u00e1lmi. N\u00e1\u0161 typ - koniec \u010derv\u00edka opatrne\u00a0ohrejte\u00a0nad oh\u0148om a v\u00a0plochej\u00a0pinzete jemne sta\u010dte. Z\u00edskate tak malink\u00fa pl\u00f4\u0161ku, ktor\u00e1 bude vo vode pekne\u00a0pracova\u0165\u00a0a\u00a0o\u017eiv\u00fd\u00a0mu\u0161ku. Pozor : materi\u00e1l je citliv\u00fd na organick\u00e9 rozp\u00fa\u0161\u0165adl\u00e1. SQU 1 - Tmavo \u010derven\u00e1 SQU 2 - Tmavo oran\u017eov\u00e1 SQU 3 - Ru\u017eov\u00e1 SQU 4 - Hned\u00e1 SQU 5 - Zelen\u00e1 SQU 6 - Fluo zelen\u00e1 \u00a0NOV\u00c9 SQU 7 - Fluo \u017elt\u00e1 \u00a0\u00a0\u00a0NOV\u00c9 SQU 8 - Fluo oran\u017eov\u00e1 - NOV\u00c9 SQU 9 - Biela \u00a0 NOV\u00c9 SQU 10 - \u010cierna \u00a0 NOV\u00c9 SQU 11 - Fialov\u00e1 \u00a0 NOV\u00c9","og_url":"https:\/\/dohiku.eu\/sk\/shop\/viazacie-materialy\/dalsi-material\/squirmies-worms-elasticke-cerviky-tmavo-cervena\/","og_site_name":"DOHIKU","article_modified_time":"2024-02-11T10:36:08+00:00","og_image":[{"width":264,"height":264,"url":"https:\/\/dohiku.eu\/wp-content\/uploads\/2019\/03\/1447-SQUIRMIES-wormies-Dark-Red.jpg","type":"image\/jpeg"}],"twitter_card":"summary_large_image","schema":{"@context":"https:\/\/schema.org","@graph":[{"@type":"WebPage","@id":"https:\/\/dohiku.eu\/sk\/shop\/viazacie-materialy\/dalsi-material\/squirmies-worms-elasticke-cerviky-tmavo-cervena\/","url":"https:\/\/dohiku.eu\/sk\/shop\/viazacie-materialy\/dalsi-material\/squirmies-worms-elasticke-cerviky-tmavo-cervena\/","name":"Squirmies worms - elastick\u00e9 \u010derv\u00edky - Tmavo \u010derven\u00e1 - DOHIKU","isPartOf":{"@id":"https:\/\/dohiku.eu\/sk\/#website"},"primaryImageOfPage":{"@id":"https:\/\/dohiku.eu\/sk\/shop\/viazacie-materialy\/dalsi-material\/squirmies-worms-elasticke-cerviky-tmavo-cervena\/#primaryimage"},"image":{"@id":"https:\/\/dohiku.eu\/sk\/shop\/viazacie-materialy\/dalsi-material\/squirmies-worms-elasticke-cerviky-tmavo-cervena\/#primaryimage"},"thumbnailUrl":"https:\/\/dohiku.eu\/wp-content\/uploads\/2019\/03\/1447-SQUIRMIES-wormies-Dark-Red.jpg","datePublished":"2019-03-01T12:01:57+00:00","dateModified":"2024-02-11T10:36:08+00:00","breadcrumb":{"@id":"https:\/\/dohiku.eu\/sk\/shop\/viazacie-materialy\/dalsi-material\/squirmies-worms-elasticke-cerviky-tmavo-cervena\/#breadcrumb"},"inLanguage":"sk-SK","potentialAction":[{"@type":"ReadAction","target":["https:\/\/dohiku.eu\/sk\/shop\/viazacie-materialy\/dalsi-material\/squirmies-worms-elasticke-cerviky-tmavo-cervena\/"]}]},{"@type":"ImageObject","inLanguage":"sk-SK","@id":"https:\/\/dohiku.eu\/sk\/shop\/viazacie-materialy\/dalsi-material\/squirmies-worms-elasticke-cerviky-tmavo-cervena\/#primaryimage","url":"https:\/\/dohiku.eu\/wp-content\/uploads\/2019\/03\/1447-SQUIRMIES-wormies-Dark-Red.jpg","contentUrl":"https:\/\/dohiku.eu\/wp-content\/uploads\/2019\/03\/1447-SQUIRMIES-wormies-Dark-Red.jpg","width":264,"height":264},{"@type":"BreadcrumbList","@id":"https:\/\/dohiku.eu\/sk\/shop\/viazacie-materialy\/dalsi-material\/squirmies-worms-elasticke-cerviky-tmavo-cervena\/#breadcrumb","itemListElement":[{"@type":"ListItem","position":1,"name":"Home","item":"https:\/\/dohiku.eu\/sk\/"},{"@type":"ListItem","position":2,"name":"PRODUCTS","item":"https:\/\/dohiku.eu\/sk\/products\/"},{"@type":"ListItem","position":3,"name":"Squirmies worms &#8211; elastick\u00e9 \u010derv\u00edky &#8211; Tmavo \u010derven\u00e1"}]},{"@type":"WebSite","@id":"https:\/\/dohiku.eu\/sk\/#website","url":"https:\/\/dohiku.eu\/sk\/","name":"DOHIKU","description":"H\u00e1\u010diky DOHIKU s\u00fa vyroben\u00e9 z vysoko uhl\u00edkovej ocele, ktor\u00e1 je kalen\u00e1 a pop\u00fa\u0161\u0165an\u00e1 pod\u013ea presn\u00e9ho receptu.","publisher":{"@id":"https:\/\/dohiku.eu\/sk\/#organization"},"potentialAction":[{"@type":"SearchAction","target":{"@type":"EntryPoint","urlTemplate":"https:\/\/dohiku.eu\/sk\/?s={search_term_string}"},"query-input":{"@type":"PropertyValueSpecification","valueRequired":true,"valueName":"search_term_string"}}],"inLanguage":"sk-SK"},{"@type":"Organization","@id":"https:\/\/dohiku.eu\/sk\/#organization","name":"DOHIKU s.r.o.","url":"https:\/\/dohiku.eu\/sk\/","logo":{"@type":"ImageObject","inLanguage":"sk-SK","@id":"https:\/\/dohiku.eu\/sk\/#\/schema\/logo\/image\/","url":"https:\/\/dohiku.eu\/wp-content\/uploads\/2024\/01\/cropped-dohiku.png","contentUrl":"https:\/\/dohiku.eu\/wp-content\/uploads\/2024\/01\/cropped-dohiku.png","width":137,"height":87,"caption":"DOHIKU s.r.o."},"image":{"@id":"https:\/\/dohiku.eu\/sk\/#\/schema\/logo\/image\/"}}]}},"_links":{"self":[{"href":"https:\/\/dohiku.eu\/sk\/wp-json\/wp\/v2\/product\/7314","targetHints":{"allow":["GET"]}}],"collection":[{"href":"https:\/\/dohiku.eu\/sk\/wp-json\/wp\/v2\/product"}],"about":[{"href":"https:\/\/dohiku.eu\/sk\/wp-json\/wp\/v2\/types\/product"}],"replies":[{"embeddable":true,"href":"https:\/\/dohiku.eu\/sk\/wp-json\/wp\/v2\/comments?post=7314"}],"wp:featuredmedia":[{"embeddable":true,"href":"https:\/\/dohiku.eu\/sk\/wp-json\/wp\/v2\/media\/6059"}],"wp:attachment":[{"href":"https:\/\/dohiku.eu\/sk\/wp-json\/wp\/v2\/media?parent=7314"}],"wp:term":[{"taxonomy":"product_brand","embeddable":true,"href":"https:\/\/dohiku.eu\/sk\/wp-json\/wp\/v2\/product_brand?post=7314"},{"taxonomy":"product_cat","embeddable":true,"href":"https:\/\/dohiku.eu\/sk\/wp-json\/wp\/v2\/product_cat?post=7314"},{"taxonomy":"product_tag","embeddable":true,"href":"https:\/\/dohiku.eu\/sk\/wp-json\/wp\/v2\/product_tag?post=7314"}],"curies":[{"name":"wp","href":"https:\/\/api.w.org\/{rel}","templated":true}]}}