{"id":7301,"date":"2019-03-01T12:01:57","date_gmt":"2019-03-01T12:01:57","guid":{"rendered":"https:\/\/dohiku.eu\/shop\/nezaraden\u00e9\/fly-line-dohiku-level-racing-line\/"},"modified":"2025-06-09T10:42:36","modified_gmt":"2025-06-09T10:42:36","slug":"fly-line-dohiku-level-racing-line","status":"publish","type":"product","link":"https:\/\/dohiku.eu\/sk\/shop\/muskarske-snury\/muskarske-snury-dohiku\/fly-line-dohiku-level-racing-line\/","title":{"rendered":"Mu\u0161k\u00e1rska \u0161n\u00fara &#8211; DOHIKU Level Racing Line"},"content":{"rendered":"<p>Nov\u00e1 &#8222;Dohiku Racing Line&#8220; je nov\u00e1 gener\u00e1cia &#8222;French Nymphing Line&#8220; vyroben\u00e1 \u0161peci\u00e1lne pre Dohiku, Ltd. pod priamou konzult\u00e1ciou s prezidentom Medzin\u00e1rodnej mu\u0161k\u00e1rskej feder\u00e1cie, aby sp\u013a\u0148ala v\u0161etky po\u017eiadavky pravidiel. T\u00e1to autentick\u00e1 &#8222;mu\u0161k\u00e1rska \u0161n\u00fara&#8220; nie je len potiahnut\u00e1 &#8222;be\u017eeck\u00e1 \u0161n\u00fara&#8220; ako niektor\u00e9 v\u00fdrobky na trhu&#8230; je to prec\u00edzne navrhnut\u00e1 mu\u0161k\u00e1rska \u0161n\u00fara pripraven\u00e1 na s\u00fa\u0165a\u017e. Dohiku Racing Line m\u00e1 skryt\u00fa tr\u00e1vovo zelen\u00fa povrchov\u00fa \u00fapravu na 22 metrov s 2 metrov\u00fdm jasne oran\u017eov\u00fdm koncom s &#8222;indik\u00e1torom&#8220;. \u0160n\u00fara Racing Line je paraleln\u00e1, nie z\u00fa\u017een\u00e1, a tak ryb\u00e1rovi pon\u00faka &#8222;\u010derstv\u00fa \u0161n\u00faru&#8220; jednoduch\u00fdm prevr\u00e1ten\u00edm. Poz\u00fdvame seri\u00f3znych ryb\u00e1rov a pretek\u00e1rov, aby sa pozreli na \u0161n\u00faru Dohiku Racing Line, preto\u017ee pr\u00e1ve ona m\u00f4\u017ee by\u0165 tou v\u00fdhodou, ktor\u00e1 vyhr\u00e1 v\u00e1\u0161 \u010fal\u0161\u00ed de\u0148 pri vode. <strong>Odhalen\u00e9 slu\u010dky s\u00fa na oboch koncoch vlasca.<\/strong><\/p>\n","protected":false},"excerpt":{"rendered":"<p><span style=\"line-height: 1.5\">K\u00f3d: <strong>DLRL 003, oran\u017eov\u00e1<\/strong><\/span><\/p>\n<p>&nbsp;<\/p>\n<p>K\u00f3d:<strong> DLRLY 003, fluo \u017elt\u00e1<\/strong><\/p>\n<p><span style=\"line-height: 1.5\">AFTMA L3F<\/span><\/p>\n<p>D\u013a\u017eka: 78,74 ft.\/24 m<\/p>\n<p><strong>Zelen\u00e1 tr\u00e1va &#8211; 22 mm + Fluo \u017elt\u00e1 2,0 m <span style=\"color: #ff0000\">nov\u00fd<\/span><\/strong><\/p>\n<p>R\u00fdchlos\u0165 pot\u00e1pania: Floating<\/p>\n<p>Priemer: 0,74 mm \/ &#8222;0,029&#8220;<\/p>\n","protected":false},"featured_media":6030,"comment_status":"closed","ping_status":"closed","template":"","meta":[],"product_brand":[],"product_cat":[558,556,557],"product_tag":[],"class_list":{"0":"post-7301","1":"product","2":"type-product","3":"status-publish","4":"has-post-thumbnail","6":"product_cat-muskarske-snury","7":"product_cat-muskarske-snury-dohiku","8":"product_cat-muskarske-snury-dohiku-special","10":"first","11":"instock","12":"taxable","13":"shipping-taxable","14":"purchasable","15":"product-type-simple"},"yoast_head":"<!-- This site is optimized with the Yoast SEO plugin v27.4 - https:\/\/yoast.com\/product\/yoast-seo-wordpress\/ -->\n<title>Mu\u0161k\u00e1rska \u0161n\u00fara - DOHIKU Level Racing Line - DOHIKU<\/title>\n<meta name=\"description\" content=\"Nov\u00e1 &quot;Dohiku Racing Line&quot; je nov\u00e1 gener\u00e1cia &quot;French Nymphing Line&quot; vyr\u00e1ban\u00e1 \u0161peci\u00e1lne pre spolo\u010dnos\u0165 Dohiku, s.r.o. pod priamym...\" \/>\n<meta name=\"robots\" content=\"index, follow, max-snippet:-1, max-image-preview:large, max-video-preview:-1\" \/>\n<link rel=\"canonical\" href=\"https:\/\/dohiku.eu\/sk\/shop\/muskarske-snury\/muskarske-snury-dohiku\/fly-line-dohiku-level-racing-line\/\" \/>\n<meta property=\"og:locale\" content=\"sk_SK\" \/>\n<meta property=\"og:type\" content=\"article\" \/>\n<meta property=\"og:title\" content=\"Mu\u0161k\u00e1rska \u0161n\u00fara - DOHIKU Level Racing Line - DOHIKU\" \/>\n<meta property=\"og:description\" content=\"Nov\u00e1 &quot;Dohiku Racing Line&quot; je nov\u00e1 gener\u00e1cia &quot;French Nymphing Line&quot; vyr\u00e1ban\u00e1 \u0161peci\u00e1lne pre spolo\u010dnos\u0165 Dohiku, s.r.o. pod priamym...\" \/>\n<meta property=\"og:url\" content=\"https:\/\/dohiku.eu\/sk\/shop\/muskarske-snury\/muskarske-snury-dohiku\/fly-line-dohiku-level-racing-line\/\" \/>\n<meta property=\"og:site_name\" content=\"DOHIKU\" \/>\n<meta property=\"article:modified_time\" content=\"2025-06-09T10:42:36+00:00\" \/>\n<meta property=\"og:image\" content=\"https:\/\/dohiku.eu\/wp-content\/uploads\/2019\/03\/1415-Fly-line-DOHIKU-Level-Racing-Line.jpg\" \/>\n\t<meta property=\"og:image:width\" content=\"2132\" \/>\n\t<meta property=\"og:image:height\" content=\"1372\" \/>\n\t<meta property=\"og:image:type\" content=\"image\/jpeg\" \/>\n<meta name=\"twitter:card\" content=\"summary_large_image\" \/>\n<meta name=\"twitter:label1\" content=\"Predpokladan\u00fd \u010das \u010d\u00edtania\" \/>\n\t<meta name=\"twitter:data1\" content=\"1 min\u00fata\" \/>\n<script type=\"application\/ld+json\" class=\"yoast-schema-graph\">{\"@context\":\"https:\\\/\\\/schema.org\",\"@graph\":[{\"@type\":\"WebPage\",\"@id\":\"https:\\\/\\\/dohiku.eu\\\/sk\\\/shop\\\/muskarske-snury\\\/muskarske-snury-dohiku\\\/fly-line-dohiku-level-racing-line\\\/\",\"url\":\"https:\\\/\\\/dohiku.eu\\\/sk\\\/shop\\\/muskarske-snury\\\/muskarske-snury-dohiku\\\/fly-line-dohiku-level-racing-line\\\/\",\"name\":\"Mu\u0161k\u00e1rska \u0161n\u00fara - DOHIKU Level Racing Line - DOHIKU\",\"isPartOf\":{\"@id\":\"https:\\\/\\\/dohiku.eu\\\/sk\\\/#website\"},\"primaryImageOfPage\":{\"@id\":\"https:\\\/\\\/dohiku.eu\\\/sk\\\/shop\\\/muskarske-snury\\\/muskarske-snury-dohiku\\\/fly-line-dohiku-level-racing-line\\\/#primaryimage\"},\"image\":{\"@id\":\"https:\\\/\\\/dohiku.eu\\\/sk\\\/shop\\\/muskarske-snury\\\/muskarske-snury-dohiku\\\/fly-line-dohiku-level-racing-line\\\/#primaryimage\"},\"thumbnailUrl\":\"https:\\\/\\\/dohiku.eu\\\/wp-content\\\/uploads\\\/2019\\\/03\\\/1415-Fly-line-DOHIKU-Level-Racing-Line.jpg\",\"datePublished\":\"2019-03-01T12:01:57+00:00\",\"dateModified\":\"2025-06-09T10:42:36+00:00\",\"description\":\"Nov\u00e1 \\\"Dohiku Racing Line\\\" je nov\u00e1 gener\u00e1cia \\\"French Nymphing Line\\\" vyr\u00e1ban\u00e1 \u0161peci\u00e1lne pre spolo\u010dnos\u0165 Dohiku, s.r.o. pod priamym...\",\"breadcrumb\":{\"@id\":\"https:\\\/\\\/dohiku.eu\\\/sk\\\/shop\\\/muskarske-snury\\\/muskarske-snury-dohiku\\\/fly-line-dohiku-level-racing-line\\\/#breadcrumb\"},\"inLanguage\":\"sk-SK\",\"potentialAction\":[{\"@type\":\"ReadAction\",\"target\":[\"https:\\\/\\\/dohiku.eu\\\/sk\\\/shop\\\/muskarske-snury\\\/muskarske-snury-dohiku\\\/fly-line-dohiku-level-racing-line\\\/\"]}]},{\"@type\":\"ImageObject\",\"inLanguage\":\"sk-SK\",\"@id\":\"https:\\\/\\\/dohiku.eu\\\/sk\\\/shop\\\/muskarske-snury\\\/muskarske-snury-dohiku\\\/fly-line-dohiku-level-racing-line\\\/#primaryimage\",\"url\":\"https:\\\/\\\/dohiku.eu\\\/wp-content\\\/uploads\\\/2019\\\/03\\\/1415-Fly-line-DOHIKU-Level-Racing-Line.jpg\",\"contentUrl\":\"https:\\\/\\\/dohiku.eu\\\/wp-content\\\/uploads\\\/2019\\\/03\\\/1415-Fly-line-DOHIKU-Level-Racing-Line.jpg\",\"width\":2132,\"height\":1372},{\"@type\":\"BreadcrumbList\",\"@id\":\"https:\\\/\\\/dohiku.eu\\\/sk\\\/shop\\\/muskarske-snury\\\/muskarske-snury-dohiku\\\/fly-line-dohiku-level-racing-line\\\/#breadcrumb\",\"itemListElement\":[{\"@type\":\"ListItem\",\"position\":1,\"name\":\"Home\",\"item\":\"https:\\\/\\\/dohiku.eu\\\/sk\\\/\"},{\"@type\":\"ListItem\",\"position\":2,\"name\":\"PRODUCTS\",\"item\":\"https:\\\/\\\/dohiku.eu\\\/sk\\\/products\\\/\"},{\"@type\":\"ListItem\",\"position\":3,\"name\":\"Mu\u0161k\u00e1rska \u0161n\u00fara &#8211; DOHIKU Level Racing Line\"}]},{\"@type\":\"WebSite\",\"@id\":\"https:\\\/\\\/dohiku.eu\\\/sk\\\/#website\",\"url\":\"https:\\\/\\\/dohiku.eu\\\/sk\\\/\",\"name\":\"DOHIKU\",\"description\":\"H\u00e1\u010diky DOHIKU s\u00fa vyroben\u00e9 z vysoko uhl\u00edkovej ocele, ktor\u00e1 je kalen\u00e1 a pop\u00fa\u0161\u0165an\u00e1 pod\u013ea presn\u00e9ho receptu.\",\"publisher\":{\"@id\":\"https:\\\/\\\/dohiku.eu\\\/sk\\\/#organization\"},\"potentialAction\":[{\"@type\":\"SearchAction\",\"target\":{\"@type\":\"EntryPoint\",\"urlTemplate\":\"https:\\\/\\\/dohiku.eu\\\/sk\\\/?s={search_term_string}\"},\"query-input\":{\"@type\":\"PropertyValueSpecification\",\"valueRequired\":true,\"valueName\":\"search_term_string\"}}],\"inLanguage\":\"sk-SK\"},{\"@type\":\"Organization\",\"@id\":\"https:\\\/\\\/dohiku.eu\\\/sk\\\/#organization\",\"name\":\"DOHIKU s.r.o.\",\"url\":\"https:\\\/\\\/dohiku.eu\\\/sk\\\/\",\"logo\":{\"@type\":\"ImageObject\",\"inLanguage\":\"sk-SK\",\"@id\":\"https:\\\/\\\/dohiku.eu\\\/sk\\\/#\\\/schema\\\/logo\\\/image\\\/\",\"url\":\"https:\\\/\\\/dohiku.eu\\\/wp-content\\\/uploads\\\/2024\\\/01\\\/cropped-dohiku.png\",\"contentUrl\":\"https:\\\/\\\/dohiku.eu\\\/wp-content\\\/uploads\\\/2024\\\/01\\\/cropped-dohiku.png\",\"width\":137,\"height\":87,\"caption\":\"DOHIKU s.r.o.\"},\"image\":{\"@id\":\"https:\\\/\\\/dohiku.eu\\\/sk\\\/#\\\/schema\\\/logo\\\/image\\\/\"}}]}<\/script>\n<!-- \/ Yoast SEO plugin. -->","yoast_head_json":{"title":"Mu\u0161k\u00e1rska \u0161n\u00fara - DOHIKU Level Racing Line - DOHIKU","description":"Nov\u00e1 \"Dohiku Racing Line\" je nov\u00e1 gener\u00e1cia \"French Nymphing Line\" vyr\u00e1ban\u00e1 \u0161peci\u00e1lne pre spolo\u010dnos\u0165 Dohiku, s.r.o. pod priamym...","robots":{"index":"index","follow":"follow","max-snippet":"max-snippet:-1","max-image-preview":"max-image-preview:large","max-video-preview":"max-video-preview:-1"},"canonical":"https:\/\/dohiku.eu\/sk\/shop\/muskarske-snury\/muskarske-snury-dohiku\/fly-line-dohiku-level-racing-line\/","og_locale":"sk_SK","og_type":"article","og_title":"Mu\u0161k\u00e1rska \u0161n\u00fara - DOHIKU Level Racing Line - DOHIKU","og_description":"Nov\u00e1 \"Dohiku Racing Line\" je nov\u00e1 gener\u00e1cia \"French Nymphing Line\" vyr\u00e1ban\u00e1 \u0161peci\u00e1lne pre spolo\u010dnos\u0165 Dohiku, s.r.o. pod priamym...","og_url":"https:\/\/dohiku.eu\/sk\/shop\/muskarske-snury\/muskarske-snury-dohiku\/fly-line-dohiku-level-racing-line\/","og_site_name":"DOHIKU","article_modified_time":"2025-06-09T10:42:36+00:00","og_image":[{"width":2132,"height":1372,"url":"https:\/\/dohiku.eu\/wp-content\/uploads\/2019\/03\/1415-Fly-line-DOHIKU-Level-Racing-Line.jpg","type":"image\/jpeg"}],"twitter_card":"summary_large_image","twitter_misc":{"Predpokladan\u00fd \u010das \u010d\u00edtania":"1 min\u00fata"},"schema":{"@context":"https:\/\/schema.org","@graph":[{"@type":"WebPage","@id":"https:\/\/dohiku.eu\/sk\/shop\/muskarske-snury\/muskarske-snury-dohiku\/fly-line-dohiku-level-racing-line\/","url":"https:\/\/dohiku.eu\/sk\/shop\/muskarske-snury\/muskarske-snury-dohiku\/fly-line-dohiku-level-racing-line\/","name":"Mu\u0161k\u00e1rska \u0161n\u00fara - DOHIKU Level Racing Line - DOHIKU","isPartOf":{"@id":"https:\/\/dohiku.eu\/sk\/#website"},"primaryImageOfPage":{"@id":"https:\/\/dohiku.eu\/sk\/shop\/muskarske-snury\/muskarske-snury-dohiku\/fly-line-dohiku-level-racing-line\/#primaryimage"},"image":{"@id":"https:\/\/dohiku.eu\/sk\/shop\/muskarske-snury\/muskarske-snury-dohiku\/fly-line-dohiku-level-racing-line\/#primaryimage"},"thumbnailUrl":"https:\/\/dohiku.eu\/wp-content\/uploads\/2019\/03\/1415-Fly-line-DOHIKU-Level-Racing-Line.jpg","datePublished":"2019-03-01T12:01:57+00:00","dateModified":"2025-06-09T10:42:36+00:00","description":"Nov\u00e1 \"Dohiku Racing Line\" je nov\u00e1 gener\u00e1cia \"French Nymphing Line\" vyr\u00e1ban\u00e1 \u0161peci\u00e1lne pre spolo\u010dnos\u0165 Dohiku, s.r.o. pod priamym...","breadcrumb":{"@id":"https:\/\/dohiku.eu\/sk\/shop\/muskarske-snury\/muskarske-snury-dohiku\/fly-line-dohiku-level-racing-line\/#breadcrumb"},"inLanguage":"sk-SK","potentialAction":[{"@type":"ReadAction","target":["https:\/\/dohiku.eu\/sk\/shop\/muskarske-snury\/muskarske-snury-dohiku\/fly-line-dohiku-level-racing-line\/"]}]},{"@type":"ImageObject","inLanguage":"sk-SK","@id":"https:\/\/dohiku.eu\/sk\/shop\/muskarske-snury\/muskarske-snury-dohiku\/fly-line-dohiku-level-racing-line\/#primaryimage","url":"https:\/\/dohiku.eu\/wp-content\/uploads\/2019\/03\/1415-Fly-line-DOHIKU-Level-Racing-Line.jpg","contentUrl":"https:\/\/dohiku.eu\/wp-content\/uploads\/2019\/03\/1415-Fly-line-DOHIKU-Level-Racing-Line.jpg","width":2132,"height":1372},{"@type":"BreadcrumbList","@id":"https:\/\/dohiku.eu\/sk\/shop\/muskarske-snury\/muskarske-snury-dohiku\/fly-line-dohiku-level-racing-line\/#breadcrumb","itemListElement":[{"@type":"ListItem","position":1,"name":"Home","item":"https:\/\/dohiku.eu\/sk\/"},{"@type":"ListItem","position":2,"name":"PRODUCTS","item":"https:\/\/dohiku.eu\/sk\/products\/"},{"@type":"ListItem","position":3,"name":"Mu\u0161k\u00e1rska \u0161n\u00fara &#8211; DOHIKU Level Racing Line"}]},{"@type":"WebSite","@id":"https:\/\/dohiku.eu\/sk\/#website","url":"https:\/\/dohiku.eu\/sk\/","name":"DOHIKU","description":"H\u00e1\u010diky DOHIKU s\u00fa vyroben\u00e9 z vysoko uhl\u00edkovej ocele, ktor\u00e1 je kalen\u00e1 a pop\u00fa\u0161\u0165an\u00e1 pod\u013ea presn\u00e9ho receptu.","publisher":{"@id":"https:\/\/dohiku.eu\/sk\/#organization"},"potentialAction":[{"@type":"SearchAction","target":{"@type":"EntryPoint","urlTemplate":"https:\/\/dohiku.eu\/sk\/?s={search_term_string}"},"query-input":{"@type":"PropertyValueSpecification","valueRequired":true,"valueName":"search_term_string"}}],"inLanguage":"sk-SK"},{"@type":"Organization","@id":"https:\/\/dohiku.eu\/sk\/#organization","name":"DOHIKU s.r.o.","url":"https:\/\/dohiku.eu\/sk\/","logo":{"@type":"ImageObject","inLanguage":"sk-SK","@id":"https:\/\/dohiku.eu\/sk\/#\/schema\/logo\/image\/","url":"https:\/\/dohiku.eu\/wp-content\/uploads\/2024\/01\/cropped-dohiku.png","contentUrl":"https:\/\/dohiku.eu\/wp-content\/uploads\/2024\/01\/cropped-dohiku.png","width":137,"height":87,"caption":"DOHIKU s.r.o."},"image":{"@id":"https:\/\/dohiku.eu\/sk\/#\/schema\/logo\/image\/"}}]}},"_links":{"self":[{"href":"https:\/\/dohiku.eu\/sk\/wp-json\/wp\/v2\/product\/7301","targetHints":{"allow":["GET"]}}],"collection":[{"href":"https:\/\/dohiku.eu\/sk\/wp-json\/wp\/v2\/product"}],"about":[{"href":"https:\/\/dohiku.eu\/sk\/wp-json\/wp\/v2\/types\/product"}],"replies":[{"embeddable":true,"href":"https:\/\/dohiku.eu\/sk\/wp-json\/wp\/v2\/comments?post=7301"}],"wp:featuredmedia":[{"embeddable":true,"href":"https:\/\/dohiku.eu\/sk\/wp-json\/wp\/v2\/media\/6030"}],"wp:attachment":[{"href":"https:\/\/dohiku.eu\/sk\/wp-json\/wp\/v2\/media?parent=7301"}],"wp:term":[{"taxonomy":"product_brand","embeddable":true,"href":"https:\/\/dohiku.eu\/sk\/wp-json\/wp\/v2\/product_brand?post=7301"},{"taxonomy":"product_cat","embeddable":true,"href":"https:\/\/dohiku.eu\/sk\/wp-json\/wp\/v2\/product_cat?post=7301"},{"taxonomy":"product_tag","embeddable":true,"href":"https:\/\/dohiku.eu\/sk\/wp-json\/wp\/v2\/product_tag?post=7301"}],"curies":[{"name":"wp","href":"https:\/\/api.w.org\/{rel}","templated":true}]}}