{"id":7245,"date":"2019-03-01T12:01:58","date_gmt":"2019-03-01T12:01:58","guid":{"rendered":"https:\/\/dohiku.eu\/shop\/nezaraden\u00e9\/johnny-mauchline\/"},"modified":"2019-03-01T12:01:58","modified_gmt":"2019-03-01T12:01:58","slug":"johnny-mauchline","status":"publish","type":"product","link":"https:\/\/dohiku.eu\/sk\/shop\/galeria-ohlasy\/johnny-mauchline\/","title":{"rendered":"Johnny Mauchline"},"content":{"rendered":"<p>Thanks Milan<\/p>\n<div>\u00a0<\/div>\n<div>Appreciate that.<\/p>\n<div>\u00a0<\/div>\n<div>See attached photos of a trout caught this morning using the 6lb Dohiku Tippet Strong. I gave it a good trial and it held unlike many other high price brands of tippet.<\/div>\n<div>Very impressed with this line ..good stretch and being 15mm is good for technical fishing to sighted trout.<\/div>\n<div>\u00a0<\/div>\n<div>I haven&#8217;t \u00a0tried the other tippets ..nylon and flouro but will let you know how I get on.<\/div>\n<\/p><\/div>\n","protected":false},"excerpt":{"rendered":"<p>Appreciate that.<\/p>\n<div>\n<div>See attached photos of a trout caught this morning using the 6lb (0,15mm) Dohiku Tippet Strong. I gave it a good trial and it held unlike many other high price brands of tippet.<\/div>\n<div>Very impressed with this line ..good stretch and being 15mm is good for technical fishing to sighted trout.<\/div>\n<div>I haven&#8217;t \u00a0tried the other tippets ..nylon and flouro but will let you know how I get on.<\/div>\n<\/p><\/div>\n","protected":false},"featured_media":6186,"comment_status":"","ping_status":"closed","template":"","meta":[],"product_brand":[],"product_cat":[606],"product_tag":[],"class_list":{"0":"post-7245","1":"product","2":"type-product","3":"status-publish","4":"has-post-thumbnail","6":"product_cat-galeria-ohlasy","8":"first","9":"outofstock","10":"taxable","11":"shipping-taxable","12":"product-type-simple"},"yoast_head":"<!-- This site is optimized with the Yoast SEO plugin v27.4 - https:\/\/yoast.com\/product\/yoast-seo-wordpress\/ -->\n<title>Johnny Mauchline - DOHIKU<\/title>\n<meta name=\"robots\" content=\"index, follow, max-snippet:-1, max-image-preview:large, max-video-preview:-1\" \/>\n<link rel=\"canonical\" href=\"https:\/\/dohiku.eu\/sk\/shop\/galeria-ohlasy\/johnny-mauchline\/\" \/>\n<meta property=\"og:locale\" content=\"sk_SK\" \/>\n<meta property=\"og:type\" content=\"article\" \/>\n<meta property=\"og:title\" content=\"Johnny Mauchline - DOHIKU\" \/>\n<meta property=\"og:description\" content=\"Appreciate that. See attached photos of a trout caught this morning using the 6lb (0,15mm) Dohiku Tippet Strong. I gave it a good trial and it held unlike many other high price brands of tippet. Very impressed with this line ..good stretch and being 15mm is good for technical fishing to sighted trout. I haven&#039;t \u00a0tried the other tippets ..nylon and flouro but will let you know how I get on.\" \/>\n<meta property=\"og:url\" content=\"https:\/\/dohiku.eu\/sk\/shop\/galeria-ohlasy\/johnny-mauchline\/\" \/>\n<meta property=\"og:site_name\" content=\"DOHIKU\" \/>\n<meta name=\"twitter:card\" content=\"summary_large_image\" \/>\n<script type=\"application\/ld+json\" class=\"yoast-schema-graph\">{\"@context\":\"https:\\\/\\\/schema.org\",\"@graph\":[{\"@type\":\"WebPage\",\"@id\":\"https:\\\/\\\/dohiku.eu\\\/sk\\\/shop\\\/galeria-ohlasy\\\/johnny-mauchline\\\/\",\"url\":\"https:\\\/\\\/dohiku.eu\\\/sk\\\/shop\\\/galeria-ohlasy\\\/johnny-mauchline\\\/\",\"name\":\"Johnny Mauchline - DOHIKU\",\"isPartOf\":{\"@id\":\"https:\\\/\\\/dohiku.eu\\\/sk\\\/#website\"},\"primaryImageOfPage\":{\"@id\":\"https:\\\/\\\/dohiku.eu\\\/sk\\\/shop\\\/galeria-ohlasy\\\/johnny-mauchline\\\/#primaryimage\"},\"image\":{\"@id\":\"https:\\\/\\\/dohiku.eu\\\/sk\\\/shop\\\/galeria-ohlasy\\\/johnny-mauchline\\\/#primaryimage\"},\"thumbnailUrl\":\"https:\\\/\\\/dohiku.eu\\\/wp-content\\\/uploads\\\/2019\\\/03\\\/1570-Johnny-Mauchline.jpg\",\"datePublished\":\"2019-03-01T12:01:58+00:00\",\"breadcrumb\":{\"@id\":\"https:\\\/\\\/dohiku.eu\\\/sk\\\/shop\\\/galeria-ohlasy\\\/johnny-mauchline\\\/#breadcrumb\"},\"inLanguage\":\"sk-SK\",\"potentialAction\":[{\"@type\":\"ReadAction\",\"target\":[\"https:\\\/\\\/dohiku.eu\\\/sk\\\/shop\\\/galeria-ohlasy\\\/johnny-mauchline\\\/\"]}]},{\"@type\":\"ImageObject\",\"inLanguage\":\"sk-SK\",\"@id\":\"https:\\\/\\\/dohiku.eu\\\/sk\\\/shop\\\/galeria-ohlasy\\\/johnny-mauchline\\\/#primaryimage\",\"url\":\"https:\\\/\\\/dohiku.eu\\\/wp-content\\\/uploads\\\/2019\\\/03\\\/1570-Johnny-Mauchline.jpg\",\"contentUrl\":\"https:\\\/\\\/dohiku.eu\\\/wp-content\\\/uploads\\\/2019\\\/03\\\/1570-Johnny-Mauchline.jpg\",\"width\":640,\"height\":409},{\"@type\":\"BreadcrumbList\",\"@id\":\"https:\\\/\\\/dohiku.eu\\\/sk\\\/shop\\\/galeria-ohlasy\\\/johnny-mauchline\\\/#breadcrumb\",\"itemListElement\":[{\"@type\":\"ListItem\",\"position\":1,\"name\":\"Home\",\"item\":\"https:\\\/\\\/dohiku.eu\\\/sk\\\/\"},{\"@type\":\"ListItem\",\"position\":2,\"name\":\"PRODUCTS\",\"item\":\"https:\\\/\\\/dohiku.eu\\\/sk\\\/products\\\/\"},{\"@type\":\"ListItem\",\"position\":3,\"name\":\"Johnny Mauchline\"}]},{\"@type\":\"WebSite\",\"@id\":\"https:\\\/\\\/dohiku.eu\\\/sk\\\/#website\",\"url\":\"https:\\\/\\\/dohiku.eu\\\/sk\\\/\",\"name\":\"DOHIKU\",\"description\":\"H\u00e1\u010diky DOHIKU s\u00fa vyroben\u00e9 z vysoko uhl\u00edkovej ocele, ktor\u00e1 je kalen\u00e1 a pop\u00fa\u0161\u0165an\u00e1 pod\u013ea presn\u00e9ho receptu.\",\"publisher\":{\"@id\":\"https:\\\/\\\/dohiku.eu\\\/sk\\\/#organization\"},\"potentialAction\":[{\"@type\":\"SearchAction\",\"target\":{\"@type\":\"EntryPoint\",\"urlTemplate\":\"https:\\\/\\\/dohiku.eu\\\/sk\\\/?s={search_term_string}\"},\"query-input\":{\"@type\":\"PropertyValueSpecification\",\"valueRequired\":true,\"valueName\":\"search_term_string\"}}],\"inLanguage\":\"sk-SK\"},{\"@type\":\"Organization\",\"@id\":\"https:\\\/\\\/dohiku.eu\\\/sk\\\/#organization\",\"name\":\"DOHIKU s.r.o.\",\"url\":\"https:\\\/\\\/dohiku.eu\\\/sk\\\/\",\"logo\":{\"@type\":\"ImageObject\",\"inLanguage\":\"sk-SK\",\"@id\":\"https:\\\/\\\/dohiku.eu\\\/sk\\\/#\\\/schema\\\/logo\\\/image\\\/\",\"url\":\"https:\\\/\\\/dohiku.eu\\\/wp-content\\\/uploads\\\/2024\\\/01\\\/cropped-dohiku.png\",\"contentUrl\":\"https:\\\/\\\/dohiku.eu\\\/wp-content\\\/uploads\\\/2024\\\/01\\\/cropped-dohiku.png\",\"width\":137,\"height\":87,\"caption\":\"DOHIKU s.r.o.\"},\"image\":{\"@id\":\"https:\\\/\\\/dohiku.eu\\\/sk\\\/#\\\/schema\\\/logo\\\/image\\\/\"}}]}<\/script>\n<!-- \/ Yoast SEO plugin. -->","yoast_head_json":{"title":"Johnny Mauchline - DOHIKU","robots":{"index":"index","follow":"follow","max-snippet":"max-snippet:-1","max-image-preview":"max-image-preview:large","max-video-preview":"max-video-preview:-1"},"canonical":"https:\/\/dohiku.eu\/sk\/shop\/galeria-ohlasy\/johnny-mauchline\/","og_locale":"sk_SK","og_type":"article","og_title":"Johnny Mauchline - DOHIKU","og_description":"Appreciate that. See attached photos of a trout caught this morning using the 6lb (0,15mm) Dohiku Tippet Strong. I gave it a good trial and it held unlike many other high price brands of tippet. Very impressed with this line ..good stretch and being 15mm is good for technical fishing to sighted trout. I haven't \u00a0tried the other tippets ..nylon and flouro but will let you know how I get on.","og_url":"https:\/\/dohiku.eu\/sk\/shop\/galeria-ohlasy\/johnny-mauchline\/","og_site_name":"DOHIKU","twitter_card":"summary_large_image","schema":{"@context":"https:\/\/schema.org","@graph":[{"@type":"WebPage","@id":"https:\/\/dohiku.eu\/sk\/shop\/galeria-ohlasy\/johnny-mauchline\/","url":"https:\/\/dohiku.eu\/sk\/shop\/galeria-ohlasy\/johnny-mauchline\/","name":"Johnny Mauchline - DOHIKU","isPartOf":{"@id":"https:\/\/dohiku.eu\/sk\/#website"},"primaryImageOfPage":{"@id":"https:\/\/dohiku.eu\/sk\/shop\/galeria-ohlasy\/johnny-mauchline\/#primaryimage"},"image":{"@id":"https:\/\/dohiku.eu\/sk\/shop\/galeria-ohlasy\/johnny-mauchline\/#primaryimage"},"thumbnailUrl":"https:\/\/dohiku.eu\/wp-content\/uploads\/2019\/03\/1570-Johnny-Mauchline.jpg","datePublished":"2019-03-01T12:01:58+00:00","breadcrumb":{"@id":"https:\/\/dohiku.eu\/sk\/shop\/galeria-ohlasy\/johnny-mauchline\/#breadcrumb"},"inLanguage":"sk-SK","potentialAction":[{"@type":"ReadAction","target":["https:\/\/dohiku.eu\/sk\/shop\/galeria-ohlasy\/johnny-mauchline\/"]}]},{"@type":"ImageObject","inLanguage":"sk-SK","@id":"https:\/\/dohiku.eu\/sk\/shop\/galeria-ohlasy\/johnny-mauchline\/#primaryimage","url":"https:\/\/dohiku.eu\/wp-content\/uploads\/2019\/03\/1570-Johnny-Mauchline.jpg","contentUrl":"https:\/\/dohiku.eu\/wp-content\/uploads\/2019\/03\/1570-Johnny-Mauchline.jpg","width":640,"height":409},{"@type":"BreadcrumbList","@id":"https:\/\/dohiku.eu\/sk\/shop\/galeria-ohlasy\/johnny-mauchline\/#breadcrumb","itemListElement":[{"@type":"ListItem","position":1,"name":"Home","item":"https:\/\/dohiku.eu\/sk\/"},{"@type":"ListItem","position":2,"name":"PRODUCTS","item":"https:\/\/dohiku.eu\/sk\/products\/"},{"@type":"ListItem","position":3,"name":"Johnny Mauchline"}]},{"@type":"WebSite","@id":"https:\/\/dohiku.eu\/sk\/#website","url":"https:\/\/dohiku.eu\/sk\/","name":"DOHIKU","description":"H\u00e1\u010diky DOHIKU s\u00fa vyroben\u00e9 z vysoko uhl\u00edkovej ocele, ktor\u00e1 je kalen\u00e1 a pop\u00fa\u0161\u0165an\u00e1 pod\u013ea presn\u00e9ho receptu.","publisher":{"@id":"https:\/\/dohiku.eu\/sk\/#organization"},"potentialAction":[{"@type":"SearchAction","target":{"@type":"EntryPoint","urlTemplate":"https:\/\/dohiku.eu\/sk\/?s={search_term_string}"},"query-input":{"@type":"PropertyValueSpecification","valueRequired":true,"valueName":"search_term_string"}}],"inLanguage":"sk-SK"},{"@type":"Organization","@id":"https:\/\/dohiku.eu\/sk\/#organization","name":"DOHIKU s.r.o.","url":"https:\/\/dohiku.eu\/sk\/","logo":{"@type":"ImageObject","inLanguage":"sk-SK","@id":"https:\/\/dohiku.eu\/sk\/#\/schema\/logo\/image\/","url":"https:\/\/dohiku.eu\/wp-content\/uploads\/2024\/01\/cropped-dohiku.png","contentUrl":"https:\/\/dohiku.eu\/wp-content\/uploads\/2024\/01\/cropped-dohiku.png","width":137,"height":87,"caption":"DOHIKU s.r.o."},"image":{"@id":"https:\/\/dohiku.eu\/sk\/#\/schema\/logo\/image\/"}}]}},"_links":{"self":[{"href":"https:\/\/dohiku.eu\/sk\/wp-json\/wp\/v2\/product\/7245","targetHints":{"allow":["GET"]}}],"collection":[{"href":"https:\/\/dohiku.eu\/sk\/wp-json\/wp\/v2\/product"}],"about":[{"href":"https:\/\/dohiku.eu\/sk\/wp-json\/wp\/v2\/types\/product"}],"replies":[{"embeddable":true,"href":"https:\/\/dohiku.eu\/sk\/wp-json\/wp\/v2\/comments?post=7245"}],"wp:featuredmedia":[{"embeddable":true,"href":"https:\/\/dohiku.eu\/sk\/wp-json\/wp\/v2\/media\/6186"}],"wp:attachment":[{"href":"https:\/\/dohiku.eu\/sk\/wp-json\/wp\/v2\/media?parent=7245"}],"wp:term":[{"taxonomy":"product_brand","embeddable":true,"href":"https:\/\/dohiku.eu\/sk\/wp-json\/wp\/v2\/product_brand?post=7245"},{"taxonomy":"product_cat","embeddable":true,"href":"https:\/\/dohiku.eu\/sk\/wp-json\/wp\/v2\/product_cat?post=7245"},{"taxonomy":"product_tag","embeddable":true,"href":"https:\/\/dohiku.eu\/sk\/wp-json\/wp\/v2\/product_tag?post=7245"}],"curies":[{"name":"wp","href":"https:\/\/api.w.org\/{rel}","templated":true}]}}