{"id":7202,"date":"2019-03-01T12:01:59","date_gmt":"2019-03-01T12:01:59","guid":{"rendered":"https:\/\/dohiku.eu\/shop\/nezaraden\u00e9\/squirmies-wormies-orange-red\/"},"modified":"2024-02-11T10:37:15","modified_gmt":"2024-02-11T10:37:15","slug":"squirmies-worms-elasticke-cerviky-tmavo-oranzova","status":"publish","type":"product","link":"https:\/\/dohiku.eu\/sk\/shop\/viazacie-materialy\/dalsi-material\/squirmies-worms-elasticke-cerviky-tmavo-oranzova\/","title":{"rendered":"Squirmies worms &#8211; elastick\u00e9 \u010derv\u00edky &#8211; Tmavo oran\u017eov\u00e1"},"content":{"rendered":"<p>Extr\u00e9mne elastick\u00fd materi\u00e1l\u00a0,ktor\u00fd napodob\u0148uje\u00a0\u010derv\u00edky.\u00a0Odtajnen\u00e1\u00a0zbra\u0148 americkej\u00a0mu\u0161k\u00e1rskej\u00a0reprezent\u00e1cie. Odpor\u00fa\u010dame naviaza\u0165 s\u00a0wolframovou\u00a0\u00a0gu\u013e\u00f4\u010dkou. Sk\u00faste experimentova\u0165 aj s \u010fal\u0161\u00edmi materi\u00e1lmi.<\/p>\n<p>D\u013e\u017ek\u00e1: 1 ks &#8211; cca 12 cm<\/p>\n<p>1 bal. \/ 10 ks\u00a0<\/p>\n","protected":false},"excerpt":{"rendered":"<p>Extr\u00e9mne elastick\u00fd materi\u00e1l\u00a0,ktor\u00fd napodob\u0148uje\u00a0\u010derv\u00edky.\u00a0Odtajnen\u00e1\u00a0zbra\u0148 americkej\u00a0mu\u0161k\u00e1rskej\u00a0reprezent\u00e1cie. Odpor\u00fa\u010dame naviaza\u0165 s\u00a0wolframovou\u00a0\u00a0gu\u013e\u00f4\u010dkou. Sk\u00faste experimentova\u0165 aj s \u010fal\u0161\u00edmi materi\u00e1lmi.<\/p>\n<p>D\u013e\u017ek\u00e1: 1 ks &#8211; cca 12 cm<\/p>\n<p>1 bal. \/ 10 ks\u00a0<\/p>\n","protected":false},"featured_media":6246,"comment_status":"closed","ping_status":"closed","template":"","meta":[],"product_brand":[],"product_cat":[575,506,614,525],"product_tag":[],"class_list":{"0":"post-7202","1":"product","2":"type-product","3":"status-publish","4":"has-post-thumbnail","6":"product_cat-dalsi-material","7":"product_cat-nezaradene","8":"product_cat-squirmies-worms-elasticke-cerviky","9":"product_cat-viazacie-materialy","11":"first","12":"instock","13":"taxable","14":"shipping-taxable","15":"purchasable","16":"product-type-simple"},"yoast_head":"<!-- This site is optimized with the Yoast SEO plugin v27.4 - https:\/\/yoast.com\/product\/yoast-seo-wordpress\/ -->\n<title>Squirmies worms - elastick\u00e9 \u010derv\u00edky - Tmavo oran\u017eov\u00e1 - DOHIKU<\/title>\n<meta name=\"robots\" content=\"index, follow, max-snippet:-1, max-image-preview:large, max-video-preview:-1\" \/>\n<link rel=\"canonical\" href=\"https:\/\/dohiku.eu\/sk\/shop\/viazacie-materialy\/dalsi-material\/squirmies-worms-elasticke-cerviky-tmavo-oranzova\/\" \/>\n<meta property=\"og:locale\" content=\"sk_SK\" \/>\n<meta property=\"og:type\" content=\"article\" \/>\n<meta property=\"og:title\" content=\"Squirmies worms - elastick\u00e9 \u010derv\u00edky - Tmavo oran\u017eov\u00e1 - DOHIKU\" \/>\n<meta property=\"og:description\" content=\"Extr\u00e9mne elastick\u00fd materi\u00e1l\u00a0,ktor\u00fd napodob\u0148uje\u00a0\u010derv\u00edky.\u00a0Odtajnen\u00e1\u00a0zbra\u0148 americkej\u00a0mu\u0161k\u00e1rskej\u00a0reprezent\u00e1cie. Odpor\u00fa\u010dame naviaza\u0165 s\u00a0wolframovou\u00a0\u00a0gu\u013e\u00f4\u010dkou. Sk\u00faste experimentova\u0165 aj s \u010fal\u0161\u00edmi materi\u00e1lmi. D\u013e\u017ek\u00e1: 1 ks - cca 12 cm 1 bal. \/ 10 ks\u00a0\" \/>\n<meta property=\"og:url\" content=\"https:\/\/dohiku.eu\/sk\/shop\/viazacie-materialy\/dalsi-material\/squirmies-worms-elasticke-cerviky-tmavo-oranzova\/\" \/>\n<meta property=\"og:site_name\" content=\"DOHIKU\" \/>\n<meta property=\"article:modified_time\" content=\"2024-02-11T10:37:15+00:00\" \/>\n<meta property=\"og:image\" content=\"https:\/\/dohiku.eu\/wp-content\/uploads\/2019\/03\/1630-SQUIRMIES-wormies-Orange-Red.jpg\" \/>\n\t<meta property=\"og:image:width\" content=\"600\" \/>\n\t<meta property=\"og:image:height\" content=\"600\" \/>\n\t<meta property=\"og:image:type\" content=\"image\/jpeg\" \/>\n<meta name=\"twitter:card\" content=\"summary_large_image\" \/>\n<script type=\"application\/ld+json\" class=\"yoast-schema-graph\">{\"@context\":\"https:\\\/\\\/schema.org\",\"@graph\":[{\"@type\":\"WebPage\",\"@id\":\"https:\\\/\\\/dohiku.eu\\\/sk\\\/shop\\\/viazacie-materialy\\\/dalsi-material\\\/squirmies-worms-elasticke-cerviky-tmavo-oranzova\\\/\",\"url\":\"https:\\\/\\\/dohiku.eu\\\/sk\\\/shop\\\/viazacie-materialy\\\/dalsi-material\\\/squirmies-worms-elasticke-cerviky-tmavo-oranzova\\\/\",\"name\":\"Squirmies worms - elastick\u00e9 \u010derv\u00edky - Tmavo oran\u017eov\u00e1 - DOHIKU\",\"isPartOf\":{\"@id\":\"https:\\\/\\\/dohiku.eu\\\/sk\\\/#website\"},\"primaryImageOfPage\":{\"@id\":\"https:\\\/\\\/dohiku.eu\\\/sk\\\/shop\\\/viazacie-materialy\\\/dalsi-material\\\/squirmies-worms-elasticke-cerviky-tmavo-oranzova\\\/#primaryimage\"},\"image\":{\"@id\":\"https:\\\/\\\/dohiku.eu\\\/sk\\\/shop\\\/viazacie-materialy\\\/dalsi-material\\\/squirmies-worms-elasticke-cerviky-tmavo-oranzova\\\/#primaryimage\"},\"thumbnailUrl\":\"https:\\\/\\\/dohiku.eu\\\/wp-content\\\/uploads\\\/2019\\\/03\\\/1630-SQUIRMIES-wormies-Orange-Red.jpg\",\"datePublished\":\"2019-03-01T12:01:59+00:00\",\"dateModified\":\"2024-02-11T10:37:15+00:00\",\"breadcrumb\":{\"@id\":\"https:\\\/\\\/dohiku.eu\\\/sk\\\/shop\\\/viazacie-materialy\\\/dalsi-material\\\/squirmies-worms-elasticke-cerviky-tmavo-oranzova\\\/#breadcrumb\"},\"inLanguage\":\"sk-SK\",\"potentialAction\":[{\"@type\":\"ReadAction\",\"target\":[\"https:\\\/\\\/dohiku.eu\\\/sk\\\/shop\\\/viazacie-materialy\\\/dalsi-material\\\/squirmies-worms-elasticke-cerviky-tmavo-oranzova\\\/\"]}]},{\"@type\":\"ImageObject\",\"inLanguage\":\"sk-SK\",\"@id\":\"https:\\\/\\\/dohiku.eu\\\/sk\\\/shop\\\/viazacie-materialy\\\/dalsi-material\\\/squirmies-worms-elasticke-cerviky-tmavo-oranzova\\\/#primaryimage\",\"url\":\"https:\\\/\\\/dohiku.eu\\\/wp-content\\\/uploads\\\/2019\\\/03\\\/1630-SQUIRMIES-wormies-Orange-Red.jpg\",\"contentUrl\":\"https:\\\/\\\/dohiku.eu\\\/wp-content\\\/uploads\\\/2019\\\/03\\\/1630-SQUIRMIES-wormies-Orange-Red.jpg\",\"width\":600,\"height\":600},{\"@type\":\"BreadcrumbList\",\"@id\":\"https:\\\/\\\/dohiku.eu\\\/sk\\\/shop\\\/viazacie-materialy\\\/dalsi-material\\\/squirmies-worms-elasticke-cerviky-tmavo-oranzova\\\/#breadcrumb\",\"itemListElement\":[{\"@type\":\"ListItem\",\"position\":1,\"name\":\"Home\",\"item\":\"https:\\\/\\\/dohiku.eu\\\/sk\\\/\"},{\"@type\":\"ListItem\",\"position\":2,\"name\":\"PRODUCTS\",\"item\":\"https:\\\/\\\/dohiku.eu\\\/sk\\\/products\\\/\"},{\"@type\":\"ListItem\",\"position\":3,\"name\":\"Squirmies worms &#8211; elastick\u00e9 \u010derv\u00edky &#8211; Tmavo oran\u017eov\u00e1\"}]},{\"@type\":\"WebSite\",\"@id\":\"https:\\\/\\\/dohiku.eu\\\/sk\\\/#website\",\"url\":\"https:\\\/\\\/dohiku.eu\\\/sk\\\/\",\"name\":\"DOHIKU\",\"description\":\"H\u00e1\u010diky DOHIKU s\u00fa vyroben\u00e9 z vysoko uhl\u00edkovej ocele, ktor\u00e1 je kalen\u00e1 a pop\u00fa\u0161\u0165an\u00e1 pod\u013ea presn\u00e9ho receptu.\",\"publisher\":{\"@id\":\"https:\\\/\\\/dohiku.eu\\\/sk\\\/#organization\"},\"potentialAction\":[{\"@type\":\"SearchAction\",\"target\":{\"@type\":\"EntryPoint\",\"urlTemplate\":\"https:\\\/\\\/dohiku.eu\\\/sk\\\/?s={search_term_string}\"},\"query-input\":{\"@type\":\"PropertyValueSpecification\",\"valueRequired\":true,\"valueName\":\"search_term_string\"}}],\"inLanguage\":\"sk-SK\"},{\"@type\":\"Organization\",\"@id\":\"https:\\\/\\\/dohiku.eu\\\/sk\\\/#organization\",\"name\":\"DOHIKU s.r.o.\",\"url\":\"https:\\\/\\\/dohiku.eu\\\/sk\\\/\",\"logo\":{\"@type\":\"ImageObject\",\"inLanguage\":\"sk-SK\",\"@id\":\"https:\\\/\\\/dohiku.eu\\\/sk\\\/#\\\/schema\\\/logo\\\/image\\\/\",\"url\":\"https:\\\/\\\/dohiku.eu\\\/wp-content\\\/uploads\\\/2024\\\/01\\\/cropped-dohiku.png\",\"contentUrl\":\"https:\\\/\\\/dohiku.eu\\\/wp-content\\\/uploads\\\/2024\\\/01\\\/cropped-dohiku.png\",\"width\":137,\"height\":87,\"caption\":\"DOHIKU s.r.o.\"},\"image\":{\"@id\":\"https:\\\/\\\/dohiku.eu\\\/sk\\\/#\\\/schema\\\/logo\\\/image\\\/\"}}]}<\/script>\n<!-- \/ Yoast SEO plugin. -->","yoast_head_json":{"title":"Squirmies worms - elastick\u00e9 \u010derv\u00edky - Tmavo oran\u017eov\u00e1 - DOHIKU","robots":{"index":"index","follow":"follow","max-snippet":"max-snippet:-1","max-image-preview":"max-image-preview:large","max-video-preview":"max-video-preview:-1"},"canonical":"https:\/\/dohiku.eu\/sk\/shop\/viazacie-materialy\/dalsi-material\/squirmies-worms-elasticke-cerviky-tmavo-oranzova\/","og_locale":"sk_SK","og_type":"article","og_title":"Squirmies worms - elastick\u00e9 \u010derv\u00edky - Tmavo oran\u017eov\u00e1 - DOHIKU","og_description":"Extr\u00e9mne elastick\u00fd materi\u00e1l\u00a0,ktor\u00fd napodob\u0148uje\u00a0\u010derv\u00edky.\u00a0Odtajnen\u00e1\u00a0zbra\u0148 americkej\u00a0mu\u0161k\u00e1rskej\u00a0reprezent\u00e1cie. Odpor\u00fa\u010dame naviaza\u0165 s\u00a0wolframovou\u00a0\u00a0gu\u013e\u00f4\u010dkou. Sk\u00faste experimentova\u0165 aj s \u010fal\u0161\u00edmi materi\u00e1lmi. D\u013e\u017ek\u00e1: 1 ks - cca 12 cm 1 bal. \/ 10 ks\u00a0","og_url":"https:\/\/dohiku.eu\/sk\/shop\/viazacie-materialy\/dalsi-material\/squirmies-worms-elasticke-cerviky-tmavo-oranzova\/","og_site_name":"DOHIKU","article_modified_time":"2024-02-11T10:37:15+00:00","og_image":[{"width":600,"height":600,"url":"https:\/\/dohiku.eu\/wp-content\/uploads\/2019\/03\/1630-SQUIRMIES-wormies-Orange-Red.jpg","type":"image\/jpeg"}],"twitter_card":"summary_large_image","schema":{"@context":"https:\/\/schema.org","@graph":[{"@type":"WebPage","@id":"https:\/\/dohiku.eu\/sk\/shop\/viazacie-materialy\/dalsi-material\/squirmies-worms-elasticke-cerviky-tmavo-oranzova\/","url":"https:\/\/dohiku.eu\/sk\/shop\/viazacie-materialy\/dalsi-material\/squirmies-worms-elasticke-cerviky-tmavo-oranzova\/","name":"Squirmies worms - elastick\u00e9 \u010derv\u00edky - Tmavo oran\u017eov\u00e1 - DOHIKU","isPartOf":{"@id":"https:\/\/dohiku.eu\/sk\/#website"},"primaryImageOfPage":{"@id":"https:\/\/dohiku.eu\/sk\/shop\/viazacie-materialy\/dalsi-material\/squirmies-worms-elasticke-cerviky-tmavo-oranzova\/#primaryimage"},"image":{"@id":"https:\/\/dohiku.eu\/sk\/shop\/viazacie-materialy\/dalsi-material\/squirmies-worms-elasticke-cerviky-tmavo-oranzova\/#primaryimage"},"thumbnailUrl":"https:\/\/dohiku.eu\/wp-content\/uploads\/2019\/03\/1630-SQUIRMIES-wormies-Orange-Red.jpg","datePublished":"2019-03-01T12:01:59+00:00","dateModified":"2024-02-11T10:37:15+00:00","breadcrumb":{"@id":"https:\/\/dohiku.eu\/sk\/shop\/viazacie-materialy\/dalsi-material\/squirmies-worms-elasticke-cerviky-tmavo-oranzova\/#breadcrumb"},"inLanguage":"sk-SK","potentialAction":[{"@type":"ReadAction","target":["https:\/\/dohiku.eu\/sk\/shop\/viazacie-materialy\/dalsi-material\/squirmies-worms-elasticke-cerviky-tmavo-oranzova\/"]}]},{"@type":"ImageObject","inLanguage":"sk-SK","@id":"https:\/\/dohiku.eu\/sk\/shop\/viazacie-materialy\/dalsi-material\/squirmies-worms-elasticke-cerviky-tmavo-oranzova\/#primaryimage","url":"https:\/\/dohiku.eu\/wp-content\/uploads\/2019\/03\/1630-SQUIRMIES-wormies-Orange-Red.jpg","contentUrl":"https:\/\/dohiku.eu\/wp-content\/uploads\/2019\/03\/1630-SQUIRMIES-wormies-Orange-Red.jpg","width":600,"height":600},{"@type":"BreadcrumbList","@id":"https:\/\/dohiku.eu\/sk\/shop\/viazacie-materialy\/dalsi-material\/squirmies-worms-elasticke-cerviky-tmavo-oranzova\/#breadcrumb","itemListElement":[{"@type":"ListItem","position":1,"name":"Home","item":"https:\/\/dohiku.eu\/sk\/"},{"@type":"ListItem","position":2,"name":"PRODUCTS","item":"https:\/\/dohiku.eu\/sk\/products\/"},{"@type":"ListItem","position":3,"name":"Squirmies worms &#8211; elastick\u00e9 \u010derv\u00edky &#8211; Tmavo oran\u017eov\u00e1"}]},{"@type":"WebSite","@id":"https:\/\/dohiku.eu\/sk\/#website","url":"https:\/\/dohiku.eu\/sk\/","name":"DOHIKU","description":"H\u00e1\u010diky DOHIKU s\u00fa vyroben\u00e9 z vysoko uhl\u00edkovej ocele, ktor\u00e1 je kalen\u00e1 a pop\u00fa\u0161\u0165an\u00e1 pod\u013ea presn\u00e9ho receptu.","publisher":{"@id":"https:\/\/dohiku.eu\/sk\/#organization"},"potentialAction":[{"@type":"SearchAction","target":{"@type":"EntryPoint","urlTemplate":"https:\/\/dohiku.eu\/sk\/?s={search_term_string}"},"query-input":{"@type":"PropertyValueSpecification","valueRequired":true,"valueName":"search_term_string"}}],"inLanguage":"sk-SK"},{"@type":"Organization","@id":"https:\/\/dohiku.eu\/sk\/#organization","name":"DOHIKU s.r.o.","url":"https:\/\/dohiku.eu\/sk\/","logo":{"@type":"ImageObject","inLanguage":"sk-SK","@id":"https:\/\/dohiku.eu\/sk\/#\/schema\/logo\/image\/","url":"https:\/\/dohiku.eu\/wp-content\/uploads\/2024\/01\/cropped-dohiku.png","contentUrl":"https:\/\/dohiku.eu\/wp-content\/uploads\/2024\/01\/cropped-dohiku.png","width":137,"height":87,"caption":"DOHIKU s.r.o."},"image":{"@id":"https:\/\/dohiku.eu\/sk\/#\/schema\/logo\/image\/"}}]}},"_links":{"self":[{"href":"https:\/\/dohiku.eu\/sk\/wp-json\/wp\/v2\/product\/7202","targetHints":{"allow":["GET"]}}],"collection":[{"href":"https:\/\/dohiku.eu\/sk\/wp-json\/wp\/v2\/product"}],"about":[{"href":"https:\/\/dohiku.eu\/sk\/wp-json\/wp\/v2\/types\/product"}],"replies":[{"embeddable":true,"href":"https:\/\/dohiku.eu\/sk\/wp-json\/wp\/v2\/comments?post=7202"}],"wp:featuredmedia":[{"embeddable":true,"href":"https:\/\/dohiku.eu\/sk\/wp-json\/wp\/v2\/media\/6246"}],"wp:attachment":[{"href":"https:\/\/dohiku.eu\/sk\/wp-json\/wp\/v2\/media?parent=7202"}],"wp:term":[{"taxonomy":"product_brand","embeddable":true,"href":"https:\/\/dohiku.eu\/sk\/wp-json\/wp\/v2\/product_brand?post=7202"},{"taxonomy":"product_cat","embeddable":true,"href":"https:\/\/dohiku.eu\/sk\/wp-json\/wp\/v2\/product_cat?post=7202"},{"taxonomy":"product_tag","embeddable":true,"href":"https:\/\/dohiku.eu\/sk\/wp-json\/wp\/v2\/product_tag?post=7202"}],"curies":[{"name":"wp","href":"https:\/\/api.w.org\/{rel}","templated":true}]}}