{"id":7198,"date":"2019-03-01T12:01:59","date_gmt":"2019-03-01T12:01:59","guid":{"rendered":"https:\/\/dohiku.eu\/?post_type=product&#038;p=7198"},"modified":"2024-02-11T10:37:12","modified_gmt":"2024-02-11T10:37:12","slug":"blob-dennis-the-menace-cierna-cervena","status":"publish","type":"product","link":"https:\/\/dohiku.eu\/sk\/shop\/viazacie-materialy\/senylky\/dennis-the-menace-fritz-sk\/blob-dennis-the-menace-cierna-cervena\/","title":{"rendered":"Blob Dennis The Menace &#8211; \u010cierna\/\u010cerven\u00e1"},"content":{"rendered":"<p>\u0160peci\u00e1lne Blobov\u00e9 \u0161enylky (dvojfarebn\u00e9), v\u00fdborn\u00e9 pre jazern\u00e9 mu\u0161k\u00e1renie. V\u00e4\u010d\u0161ie vzory blobov\u00fdch mu\u0161iek doporu\u010dujeme aj na lov \u0161\u0165\u00fak.\u00a0<\/p>\n<p>1 balenie cca 1,70 m.<\/p>\n<p>\u0160\u00edrka 16 mm<\/p>\n","protected":false},"excerpt":{"rendered":"<p>\u0160peci\u00e1lne Blobov\u00e9 \u0161enylky (dvojfarebn\u00e9), v\u00fdborn\u00e9 pre jazern\u00e9 mu\u0161k\u00e1renie. V\u00e4\u010d\u0161ie vzory blobov\u00fdch mu\u0161iek doporu\u010dujeme aj na lov \u0161\u0165\u00fak.\u00a0<\/p>\n<p>1 balenie cca 1,70 m.<\/p>\n<p>\u0160\u00edrka 16 mm<\/p>\n","protected":false},"featured_media":6236,"comment_status":"closed","ping_status":"closed","template":"","meta":[],"product_brand":[],"product_cat":[243,506],"product_tag":[],"class_list":{"0":"post-7198","1":"product","2":"type-product","3":"status-publish","4":"has-post-thumbnail","6":"product_cat-dennis-the-menace-fritz","7":"product_cat-nezaradene","9":"first","10":"instock","11":"taxable","12":"shipping-taxable","13":"purchasable","14":"product-type-simple"},"yoast_head":"<!-- This site is optimized with the Yoast SEO plugin v27.4 - https:\/\/yoast.com\/product\/yoast-seo-wordpress\/ -->\n<title>Blob Dennis The Menace - \u010cierna\/\u010cerven\u00e1 - DOHIKU<\/title>\n<meta name=\"robots\" content=\"index, follow, max-snippet:-1, max-image-preview:large, max-video-preview:-1\" \/>\n<link rel=\"canonical\" href=\"https:\/\/dohiku.eu\/sk\/shop\/viazacie-materialy\/senylky\/dennis-the-menace-fritz-sk\/blob-dennis-the-menace-cierna-cervena\/\" \/>\n<meta property=\"og:locale\" content=\"sk_SK\" \/>\n<meta property=\"og:type\" content=\"article\" \/>\n<meta property=\"og:title\" content=\"Blob Dennis The Menace - \u010cierna\/\u010cerven\u00e1 - DOHIKU\" \/>\n<meta property=\"og:description\" content=\"\u0160peci\u00e1lne Blobov\u00e9 \u0161enylky (dvojfarebn\u00e9), v\u00fdborn\u00e9 pre jazern\u00e9 mu\u0161k\u00e1renie. V\u00e4\u010d\u0161ie vzory blobov\u00fdch mu\u0161iek doporu\u010dujeme aj na lov \u0161\u0165\u00fak.\u00a0 1 balenie cca 1,70 m. \u0160\u00edrka 16 mm\" \/>\n<meta property=\"og:url\" content=\"https:\/\/dohiku.eu\/sk\/shop\/viazacie-materialy\/senylky\/dennis-the-menace-fritz-sk\/blob-dennis-the-menace-cierna-cervena\/\" \/>\n<meta property=\"og:site_name\" content=\"DOHIKU\" \/>\n<meta property=\"article:modified_time\" content=\"2024-02-11T10:37:12+00:00\" \/>\n<meta property=\"og:image\" content=\"https:\/\/dohiku.eu\/wp-content\/uploads\/2019\/03\/1620-Dennis-the-Menace-Fritz-BlackRed.jpg\" \/>\n\t<meta property=\"og:image:width\" content=\"1268\" \/>\n\t<meta property=\"og:image:height\" content=\"1228\" \/>\n\t<meta property=\"og:image:type\" content=\"image\/jpeg\" \/>\n<meta name=\"twitter:card\" content=\"summary_large_image\" \/>\n<script type=\"application\/ld+json\" class=\"yoast-schema-graph\">{\"@context\":\"https:\\\/\\\/schema.org\",\"@graph\":[{\"@type\":\"WebPage\",\"@id\":\"https:\\\/\\\/dohiku.eu\\\/sk\\\/shop\\\/viazacie-materialy\\\/senylky\\\/dennis-the-menace-fritz-sk\\\/blob-dennis-the-menace-cierna-cervena\\\/\",\"url\":\"https:\\\/\\\/dohiku.eu\\\/sk\\\/shop\\\/viazacie-materialy\\\/senylky\\\/dennis-the-menace-fritz-sk\\\/blob-dennis-the-menace-cierna-cervena\\\/\",\"name\":\"Blob Dennis The Menace - \u010cierna\\\/\u010cerven\u00e1 - DOHIKU\",\"isPartOf\":{\"@id\":\"https:\\\/\\\/dohiku.eu\\\/sk\\\/#website\"},\"primaryImageOfPage\":{\"@id\":\"https:\\\/\\\/dohiku.eu\\\/sk\\\/shop\\\/viazacie-materialy\\\/senylky\\\/dennis-the-menace-fritz-sk\\\/blob-dennis-the-menace-cierna-cervena\\\/#primaryimage\"},\"image\":{\"@id\":\"https:\\\/\\\/dohiku.eu\\\/sk\\\/shop\\\/viazacie-materialy\\\/senylky\\\/dennis-the-menace-fritz-sk\\\/blob-dennis-the-menace-cierna-cervena\\\/#primaryimage\"},\"thumbnailUrl\":\"https:\\\/\\\/dohiku.eu\\\/wp-content\\\/uploads\\\/2019\\\/03\\\/1620-Dennis-the-Menace-Fritz-BlackRed.jpg\",\"datePublished\":\"2019-03-01T12:01:59+00:00\",\"dateModified\":\"2024-02-11T10:37:12+00:00\",\"breadcrumb\":{\"@id\":\"https:\\\/\\\/dohiku.eu\\\/sk\\\/shop\\\/viazacie-materialy\\\/senylky\\\/dennis-the-menace-fritz-sk\\\/blob-dennis-the-menace-cierna-cervena\\\/#breadcrumb\"},\"inLanguage\":\"sk-SK\",\"potentialAction\":[{\"@type\":\"ReadAction\",\"target\":[\"https:\\\/\\\/dohiku.eu\\\/sk\\\/shop\\\/viazacie-materialy\\\/senylky\\\/dennis-the-menace-fritz-sk\\\/blob-dennis-the-menace-cierna-cervena\\\/\"]}]},{\"@type\":\"ImageObject\",\"inLanguage\":\"sk-SK\",\"@id\":\"https:\\\/\\\/dohiku.eu\\\/sk\\\/shop\\\/viazacie-materialy\\\/senylky\\\/dennis-the-menace-fritz-sk\\\/blob-dennis-the-menace-cierna-cervena\\\/#primaryimage\",\"url\":\"https:\\\/\\\/dohiku.eu\\\/wp-content\\\/uploads\\\/2019\\\/03\\\/1620-Dennis-the-Menace-Fritz-BlackRed.jpg\",\"contentUrl\":\"https:\\\/\\\/dohiku.eu\\\/wp-content\\\/uploads\\\/2019\\\/03\\\/1620-Dennis-the-Menace-Fritz-BlackRed.jpg\",\"width\":1268,\"height\":1228},{\"@type\":\"BreadcrumbList\",\"@id\":\"https:\\\/\\\/dohiku.eu\\\/sk\\\/shop\\\/viazacie-materialy\\\/senylky\\\/dennis-the-menace-fritz-sk\\\/blob-dennis-the-menace-cierna-cervena\\\/#breadcrumb\",\"itemListElement\":[{\"@type\":\"ListItem\",\"position\":1,\"name\":\"Home\",\"item\":\"https:\\\/\\\/dohiku.eu\\\/sk\\\/\"},{\"@type\":\"ListItem\",\"position\":2,\"name\":\"PRODUCTS\",\"item\":\"https:\\\/\\\/dohiku.eu\\\/sk\\\/products\\\/\"},{\"@type\":\"ListItem\",\"position\":3,\"name\":\"Blob Dennis The Menace &#8211; \u010cierna\\\/\u010cerven\u00e1\"}]},{\"@type\":\"WebSite\",\"@id\":\"https:\\\/\\\/dohiku.eu\\\/sk\\\/#website\",\"url\":\"https:\\\/\\\/dohiku.eu\\\/sk\\\/\",\"name\":\"DOHIKU\",\"description\":\"H\u00e1\u010diky DOHIKU s\u00fa vyroben\u00e9 z vysoko uhl\u00edkovej ocele, ktor\u00e1 je kalen\u00e1 a pop\u00fa\u0161\u0165an\u00e1 pod\u013ea presn\u00e9ho receptu.\",\"publisher\":{\"@id\":\"https:\\\/\\\/dohiku.eu\\\/sk\\\/#organization\"},\"potentialAction\":[{\"@type\":\"SearchAction\",\"target\":{\"@type\":\"EntryPoint\",\"urlTemplate\":\"https:\\\/\\\/dohiku.eu\\\/sk\\\/?s={search_term_string}\"},\"query-input\":{\"@type\":\"PropertyValueSpecification\",\"valueRequired\":true,\"valueName\":\"search_term_string\"}}],\"inLanguage\":\"sk-SK\"},{\"@type\":\"Organization\",\"@id\":\"https:\\\/\\\/dohiku.eu\\\/sk\\\/#organization\",\"name\":\"DOHIKU s.r.o.\",\"url\":\"https:\\\/\\\/dohiku.eu\\\/sk\\\/\",\"logo\":{\"@type\":\"ImageObject\",\"inLanguage\":\"sk-SK\",\"@id\":\"https:\\\/\\\/dohiku.eu\\\/sk\\\/#\\\/schema\\\/logo\\\/image\\\/\",\"url\":\"https:\\\/\\\/dohiku.eu\\\/wp-content\\\/uploads\\\/2024\\\/01\\\/cropped-dohiku.png\",\"contentUrl\":\"https:\\\/\\\/dohiku.eu\\\/wp-content\\\/uploads\\\/2024\\\/01\\\/cropped-dohiku.png\",\"width\":137,\"height\":87,\"caption\":\"DOHIKU s.r.o.\"},\"image\":{\"@id\":\"https:\\\/\\\/dohiku.eu\\\/sk\\\/#\\\/schema\\\/logo\\\/image\\\/\"}}]}<\/script>\n<!-- \/ Yoast SEO plugin. -->","yoast_head_json":{"title":"Blob Dennis The Menace - \u010cierna\/\u010cerven\u00e1 - DOHIKU","robots":{"index":"index","follow":"follow","max-snippet":"max-snippet:-1","max-image-preview":"max-image-preview:large","max-video-preview":"max-video-preview:-1"},"canonical":"https:\/\/dohiku.eu\/sk\/shop\/viazacie-materialy\/senylky\/dennis-the-menace-fritz-sk\/blob-dennis-the-menace-cierna-cervena\/","og_locale":"sk_SK","og_type":"article","og_title":"Blob Dennis The Menace - \u010cierna\/\u010cerven\u00e1 - DOHIKU","og_description":"\u0160peci\u00e1lne Blobov\u00e9 \u0161enylky (dvojfarebn\u00e9), v\u00fdborn\u00e9 pre jazern\u00e9 mu\u0161k\u00e1renie. V\u00e4\u010d\u0161ie vzory blobov\u00fdch mu\u0161iek doporu\u010dujeme aj na lov \u0161\u0165\u00fak.\u00a0 1 balenie cca 1,70 m. \u0160\u00edrka 16 mm","og_url":"https:\/\/dohiku.eu\/sk\/shop\/viazacie-materialy\/senylky\/dennis-the-menace-fritz-sk\/blob-dennis-the-menace-cierna-cervena\/","og_site_name":"DOHIKU","article_modified_time":"2024-02-11T10:37:12+00:00","og_image":[{"width":1268,"height":1228,"url":"https:\/\/dohiku.eu\/wp-content\/uploads\/2019\/03\/1620-Dennis-the-Menace-Fritz-BlackRed.jpg","type":"image\/jpeg"}],"twitter_card":"summary_large_image","schema":{"@context":"https:\/\/schema.org","@graph":[{"@type":"WebPage","@id":"https:\/\/dohiku.eu\/sk\/shop\/viazacie-materialy\/senylky\/dennis-the-menace-fritz-sk\/blob-dennis-the-menace-cierna-cervena\/","url":"https:\/\/dohiku.eu\/sk\/shop\/viazacie-materialy\/senylky\/dennis-the-menace-fritz-sk\/blob-dennis-the-menace-cierna-cervena\/","name":"Blob Dennis The Menace - \u010cierna\/\u010cerven\u00e1 - DOHIKU","isPartOf":{"@id":"https:\/\/dohiku.eu\/sk\/#website"},"primaryImageOfPage":{"@id":"https:\/\/dohiku.eu\/sk\/shop\/viazacie-materialy\/senylky\/dennis-the-menace-fritz-sk\/blob-dennis-the-menace-cierna-cervena\/#primaryimage"},"image":{"@id":"https:\/\/dohiku.eu\/sk\/shop\/viazacie-materialy\/senylky\/dennis-the-menace-fritz-sk\/blob-dennis-the-menace-cierna-cervena\/#primaryimage"},"thumbnailUrl":"https:\/\/dohiku.eu\/wp-content\/uploads\/2019\/03\/1620-Dennis-the-Menace-Fritz-BlackRed.jpg","datePublished":"2019-03-01T12:01:59+00:00","dateModified":"2024-02-11T10:37:12+00:00","breadcrumb":{"@id":"https:\/\/dohiku.eu\/sk\/shop\/viazacie-materialy\/senylky\/dennis-the-menace-fritz-sk\/blob-dennis-the-menace-cierna-cervena\/#breadcrumb"},"inLanguage":"sk-SK","potentialAction":[{"@type":"ReadAction","target":["https:\/\/dohiku.eu\/sk\/shop\/viazacie-materialy\/senylky\/dennis-the-menace-fritz-sk\/blob-dennis-the-menace-cierna-cervena\/"]}]},{"@type":"ImageObject","inLanguage":"sk-SK","@id":"https:\/\/dohiku.eu\/sk\/shop\/viazacie-materialy\/senylky\/dennis-the-menace-fritz-sk\/blob-dennis-the-menace-cierna-cervena\/#primaryimage","url":"https:\/\/dohiku.eu\/wp-content\/uploads\/2019\/03\/1620-Dennis-the-Menace-Fritz-BlackRed.jpg","contentUrl":"https:\/\/dohiku.eu\/wp-content\/uploads\/2019\/03\/1620-Dennis-the-Menace-Fritz-BlackRed.jpg","width":1268,"height":1228},{"@type":"BreadcrumbList","@id":"https:\/\/dohiku.eu\/sk\/shop\/viazacie-materialy\/senylky\/dennis-the-menace-fritz-sk\/blob-dennis-the-menace-cierna-cervena\/#breadcrumb","itemListElement":[{"@type":"ListItem","position":1,"name":"Home","item":"https:\/\/dohiku.eu\/sk\/"},{"@type":"ListItem","position":2,"name":"PRODUCTS","item":"https:\/\/dohiku.eu\/sk\/products\/"},{"@type":"ListItem","position":3,"name":"Blob Dennis The Menace &#8211; \u010cierna\/\u010cerven\u00e1"}]},{"@type":"WebSite","@id":"https:\/\/dohiku.eu\/sk\/#website","url":"https:\/\/dohiku.eu\/sk\/","name":"DOHIKU","description":"H\u00e1\u010diky DOHIKU s\u00fa vyroben\u00e9 z vysoko uhl\u00edkovej ocele, ktor\u00e1 je kalen\u00e1 a pop\u00fa\u0161\u0165an\u00e1 pod\u013ea presn\u00e9ho receptu.","publisher":{"@id":"https:\/\/dohiku.eu\/sk\/#organization"},"potentialAction":[{"@type":"SearchAction","target":{"@type":"EntryPoint","urlTemplate":"https:\/\/dohiku.eu\/sk\/?s={search_term_string}"},"query-input":{"@type":"PropertyValueSpecification","valueRequired":true,"valueName":"search_term_string"}}],"inLanguage":"sk-SK"},{"@type":"Organization","@id":"https:\/\/dohiku.eu\/sk\/#organization","name":"DOHIKU s.r.o.","url":"https:\/\/dohiku.eu\/sk\/","logo":{"@type":"ImageObject","inLanguage":"sk-SK","@id":"https:\/\/dohiku.eu\/sk\/#\/schema\/logo\/image\/","url":"https:\/\/dohiku.eu\/wp-content\/uploads\/2024\/01\/cropped-dohiku.png","contentUrl":"https:\/\/dohiku.eu\/wp-content\/uploads\/2024\/01\/cropped-dohiku.png","width":137,"height":87,"caption":"DOHIKU s.r.o."},"image":{"@id":"https:\/\/dohiku.eu\/sk\/#\/schema\/logo\/image\/"}}]}},"_links":{"self":[{"href":"https:\/\/dohiku.eu\/sk\/wp-json\/wp\/v2\/product\/7198","targetHints":{"allow":["GET"]}}],"collection":[{"href":"https:\/\/dohiku.eu\/sk\/wp-json\/wp\/v2\/product"}],"about":[{"href":"https:\/\/dohiku.eu\/sk\/wp-json\/wp\/v2\/types\/product"}],"replies":[{"embeddable":true,"href":"https:\/\/dohiku.eu\/sk\/wp-json\/wp\/v2\/comments?post=7198"}],"wp:featuredmedia":[{"embeddable":true,"href":"https:\/\/dohiku.eu\/sk\/wp-json\/wp\/v2\/media\/6236"}],"wp:attachment":[{"href":"https:\/\/dohiku.eu\/sk\/wp-json\/wp\/v2\/media?parent=7198"}],"wp:term":[{"taxonomy":"product_brand","embeddable":true,"href":"https:\/\/dohiku.eu\/sk\/wp-json\/wp\/v2\/product_brand?post=7198"},{"taxonomy":"product_cat","embeddable":true,"href":"https:\/\/dohiku.eu\/sk\/wp-json\/wp\/v2\/product_cat?post=7198"},{"taxonomy":"product_tag","embeddable":true,"href":"https:\/\/dohiku.eu\/sk\/wp-json\/wp\/v2\/product_tag?post=7198"}],"curies":[{"name":"wp","href":"https:\/\/api.w.org\/{rel}","templated":true}]}}