{"id":7193,"date":"2019-03-01T12:01:59","date_gmt":"2019-03-01T12:01:59","guid":{"rendered":"https:\/\/dohiku.eu\/shop\/nezaraden\u00e9\/body-thread-uv-rosy-cold-29\/"},"modified":"2024-02-11T10:37:08","modified_gmt":"2024-02-11T10:37:08","slug":"tielkova-nit-uv-studeno-ruzova-29","status":"publish","type":"product","link":"https:\/\/dohiku.eu\/sk\/shop\/viazacie-materialy\/nite-lametky-a-drotiky\/uv-tielkove-nite\/tielkova-nit-uv-studeno-ruzova-29\/","title":{"rendered":"Tielkov\u00e1 ni\u0165 UV &#8211; Studeno-ru\u017eov\u00e1 29"},"content":{"rendered":"<p>Nov\u00e1\u00a0tel\u00ed\u010dkov\u00e1\u00a0UV\u00a0ni\u0165. Je skvel\u00e1 na telov\u00e9 sp\u00fa\u0161\u0165a\u010de, ktor\u00e9 provokuj\u00fa\u00a0ryby k v\u00e4\u010d\u0161ej aktivite a z\u00e1berom.Odpor\u00fa\u010dame ju tie\u017e aj na\u00a0\u010dasti tel\u00ed\u010dok a\u00a0chvost\u00edkov\u00a0pakom\u00e1rov\u00a0alebo kriv\u00e1kov. A samozrejme aj na tielka\u00a0fantasy\u00a0mu\u0161iek.<\/p>\n<p>1 cievka \/ 100 m<\/p>\n","protected":false},"excerpt":{"rendered":"<p>Nov\u00e1\u00a0tel\u00ed\u010dkov\u00e1\u00a0UV\u00a0ni\u0165. Je skvel\u00e1 na telov\u00e9 sp\u00fa\u0161\u0165a\u010de, ktor\u00e9 provokuj\u00fa\u00a0ryby k v\u00e4\u010d\u0161ej aktivite a z\u00e1berom.Odpor\u00fa\u010dame ju tie\u017e aj na\u00a0\u010dasti tel\u00ed\u010dok a\u00a0chvost\u00edkov\u00a0pakom\u00e1rov\u00a0alebo kriv\u00e1kov. A samozrejme aj na tielka\u00a0fantasy\u00a0mu\u0161iek.<\/p>\n<p>1 cievka \/ 100 m<\/p>\n","protected":false},"featured_media":6221,"comment_status":"closed","ping_status":"closed","template":"","meta":[],"product_brand":[],"product_cat":[506,538,580,525],"product_tag":[],"class_list":{"0":"post-7193","1":"product","2":"type-product","3":"status-publish","4":"has-post-thumbnail","6":"product_cat-nezaradene","7":"product_cat-nite-lametky-a-drotiky","8":"product_cat-uv-tielkove-nite","9":"product_cat-viazacie-materialy","11":"first","12":"instock","13":"taxable","14":"shipping-taxable","15":"purchasable","16":"product-type-simple"},"yoast_head":"<!-- This site is optimized with the Yoast SEO plugin v27.4 - https:\/\/yoast.com\/product\/yoast-seo-wordpress\/ -->\n<title>Tielkov\u00e1 ni\u0165 UV - Studeno-ru\u017eov\u00e1 29 - DOHIKU<\/title>\n<meta name=\"robots\" content=\"index, follow, max-snippet:-1, max-image-preview:large, max-video-preview:-1\" \/>\n<link rel=\"canonical\" href=\"https:\/\/dohiku.eu\/sk\/shop\/viazacie-materialy\/nite-lametky-a-drotiky\/uv-tielkove-nite\/tielkova-nit-uv-studeno-ruzova-29\/\" \/>\n<meta property=\"og:locale\" content=\"sk_SK\" \/>\n<meta property=\"og:type\" content=\"article\" \/>\n<meta property=\"og:title\" content=\"Tielkov\u00e1 ni\u0165 UV - Studeno-ru\u017eov\u00e1 29 - DOHIKU\" \/>\n<meta property=\"og:description\" content=\"Nov\u00e1\u00a0tel\u00ed\u010dkov\u00e1\u00a0UV\u00a0ni\u0165. Je skvel\u00e1 na telov\u00e9 sp\u00fa\u0161\u0165a\u010de, ktor\u00e9 provokuj\u00fa\u00a0ryby k v\u00e4\u010d\u0161ej aktivite a z\u00e1berom.Odpor\u00fa\u010dame ju tie\u017e aj na\u00a0\u010dasti tel\u00ed\u010dok a\u00a0chvost\u00edkov\u00a0pakom\u00e1rov\u00a0alebo kriv\u00e1kov. A samozrejme aj na tielka\u00a0fantasy\u00a0mu\u0161iek. 1 cievka \/ 100 m\" \/>\n<meta property=\"og:url\" content=\"https:\/\/dohiku.eu\/sk\/shop\/viazacie-materialy\/nite-lametky-a-drotiky\/uv-tielkove-nite\/tielkova-nit-uv-studeno-ruzova-29\/\" \/>\n<meta property=\"og:site_name\" content=\"DOHIKU\" \/>\n<meta property=\"article:modified_time\" content=\"2024-02-11T10:37:08+00:00\" \/>\n<meta property=\"og:image\" content=\"https:\/\/dohiku.eu\/wp-content\/uploads\/2019\/03\/1605-Body-thread-UV-Rosy-Cold-29.jpg\" \/>\n\t<meta property=\"og:image:width\" content=\"1272\" \/>\n\t<meta property=\"og:image:height\" content=\"1620\" \/>\n\t<meta property=\"og:image:type\" content=\"image\/jpeg\" \/>\n<meta name=\"twitter:card\" content=\"summary_large_image\" \/>\n<script type=\"application\/ld+json\" class=\"yoast-schema-graph\">{\"@context\":\"https:\\\/\\\/schema.org\",\"@graph\":[{\"@type\":\"WebPage\",\"@id\":\"https:\\\/\\\/dohiku.eu\\\/sk\\\/shop\\\/viazacie-materialy\\\/nite-lametky-a-drotiky\\\/uv-tielkove-nite\\\/tielkova-nit-uv-studeno-ruzova-29\\\/\",\"url\":\"https:\\\/\\\/dohiku.eu\\\/sk\\\/shop\\\/viazacie-materialy\\\/nite-lametky-a-drotiky\\\/uv-tielkove-nite\\\/tielkova-nit-uv-studeno-ruzova-29\\\/\",\"name\":\"Tielkov\u00e1 ni\u0165 UV - Studeno-ru\u017eov\u00e1 29 - DOHIKU\",\"isPartOf\":{\"@id\":\"https:\\\/\\\/dohiku.eu\\\/sk\\\/#website\"},\"primaryImageOfPage\":{\"@id\":\"https:\\\/\\\/dohiku.eu\\\/sk\\\/shop\\\/viazacie-materialy\\\/nite-lametky-a-drotiky\\\/uv-tielkove-nite\\\/tielkova-nit-uv-studeno-ruzova-29\\\/#primaryimage\"},\"image\":{\"@id\":\"https:\\\/\\\/dohiku.eu\\\/sk\\\/shop\\\/viazacie-materialy\\\/nite-lametky-a-drotiky\\\/uv-tielkove-nite\\\/tielkova-nit-uv-studeno-ruzova-29\\\/#primaryimage\"},\"thumbnailUrl\":\"https:\\\/\\\/dohiku.eu\\\/wp-content\\\/uploads\\\/2019\\\/03\\\/1605-Body-thread-UV-Rosy-Cold-29.jpg\",\"datePublished\":\"2019-03-01T12:01:59+00:00\",\"dateModified\":\"2024-02-11T10:37:08+00:00\",\"breadcrumb\":{\"@id\":\"https:\\\/\\\/dohiku.eu\\\/sk\\\/shop\\\/viazacie-materialy\\\/nite-lametky-a-drotiky\\\/uv-tielkove-nite\\\/tielkova-nit-uv-studeno-ruzova-29\\\/#breadcrumb\"},\"inLanguage\":\"sk-SK\",\"potentialAction\":[{\"@type\":\"ReadAction\",\"target\":[\"https:\\\/\\\/dohiku.eu\\\/sk\\\/shop\\\/viazacie-materialy\\\/nite-lametky-a-drotiky\\\/uv-tielkove-nite\\\/tielkova-nit-uv-studeno-ruzova-29\\\/\"]}]},{\"@type\":\"ImageObject\",\"inLanguage\":\"sk-SK\",\"@id\":\"https:\\\/\\\/dohiku.eu\\\/sk\\\/shop\\\/viazacie-materialy\\\/nite-lametky-a-drotiky\\\/uv-tielkove-nite\\\/tielkova-nit-uv-studeno-ruzova-29\\\/#primaryimage\",\"url\":\"https:\\\/\\\/dohiku.eu\\\/wp-content\\\/uploads\\\/2019\\\/03\\\/1605-Body-thread-UV-Rosy-Cold-29.jpg\",\"contentUrl\":\"https:\\\/\\\/dohiku.eu\\\/wp-content\\\/uploads\\\/2019\\\/03\\\/1605-Body-thread-UV-Rosy-Cold-29.jpg\",\"width\":1272,\"height\":1620},{\"@type\":\"BreadcrumbList\",\"@id\":\"https:\\\/\\\/dohiku.eu\\\/sk\\\/shop\\\/viazacie-materialy\\\/nite-lametky-a-drotiky\\\/uv-tielkove-nite\\\/tielkova-nit-uv-studeno-ruzova-29\\\/#breadcrumb\",\"itemListElement\":[{\"@type\":\"ListItem\",\"position\":1,\"name\":\"Home\",\"item\":\"https:\\\/\\\/dohiku.eu\\\/sk\\\/\"},{\"@type\":\"ListItem\",\"position\":2,\"name\":\"PRODUCTS\",\"item\":\"https:\\\/\\\/dohiku.eu\\\/sk\\\/products\\\/\"},{\"@type\":\"ListItem\",\"position\":3,\"name\":\"Tielkov\u00e1 ni\u0165 UV &#8211; Studeno-ru\u017eov\u00e1 29\"}]},{\"@type\":\"WebSite\",\"@id\":\"https:\\\/\\\/dohiku.eu\\\/sk\\\/#website\",\"url\":\"https:\\\/\\\/dohiku.eu\\\/sk\\\/\",\"name\":\"DOHIKU\",\"description\":\"H\u00e1\u010diky DOHIKU s\u00fa vyroben\u00e9 z vysoko uhl\u00edkovej ocele, ktor\u00e1 je kalen\u00e1 a pop\u00fa\u0161\u0165an\u00e1 pod\u013ea presn\u00e9ho receptu.\",\"publisher\":{\"@id\":\"https:\\\/\\\/dohiku.eu\\\/sk\\\/#organization\"},\"potentialAction\":[{\"@type\":\"SearchAction\",\"target\":{\"@type\":\"EntryPoint\",\"urlTemplate\":\"https:\\\/\\\/dohiku.eu\\\/sk\\\/?s={search_term_string}\"},\"query-input\":{\"@type\":\"PropertyValueSpecification\",\"valueRequired\":true,\"valueName\":\"search_term_string\"}}],\"inLanguage\":\"sk-SK\"},{\"@type\":\"Organization\",\"@id\":\"https:\\\/\\\/dohiku.eu\\\/sk\\\/#organization\",\"name\":\"DOHIKU s.r.o.\",\"url\":\"https:\\\/\\\/dohiku.eu\\\/sk\\\/\",\"logo\":{\"@type\":\"ImageObject\",\"inLanguage\":\"sk-SK\",\"@id\":\"https:\\\/\\\/dohiku.eu\\\/sk\\\/#\\\/schema\\\/logo\\\/image\\\/\",\"url\":\"https:\\\/\\\/dohiku.eu\\\/wp-content\\\/uploads\\\/2024\\\/01\\\/cropped-dohiku.png\",\"contentUrl\":\"https:\\\/\\\/dohiku.eu\\\/wp-content\\\/uploads\\\/2024\\\/01\\\/cropped-dohiku.png\",\"width\":137,\"height\":87,\"caption\":\"DOHIKU s.r.o.\"},\"image\":{\"@id\":\"https:\\\/\\\/dohiku.eu\\\/sk\\\/#\\\/schema\\\/logo\\\/image\\\/\"}}]}<\/script>\n<!-- \/ Yoast SEO plugin. -->","yoast_head_json":{"title":"Tielkov\u00e1 ni\u0165 UV - Studeno-ru\u017eov\u00e1 29 - DOHIKU","robots":{"index":"index","follow":"follow","max-snippet":"max-snippet:-1","max-image-preview":"max-image-preview:large","max-video-preview":"max-video-preview:-1"},"canonical":"https:\/\/dohiku.eu\/sk\/shop\/viazacie-materialy\/nite-lametky-a-drotiky\/uv-tielkove-nite\/tielkova-nit-uv-studeno-ruzova-29\/","og_locale":"sk_SK","og_type":"article","og_title":"Tielkov\u00e1 ni\u0165 UV - Studeno-ru\u017eov\u00e1 29 - DOHIKU","og_description":"Nov\u00e1\u00a0tel\u00ed\u010dkov\u00e1\u00a0UV\u00a0ni\u0165. Je skvel\u00e1 na telov\u00e9 sp\u00fa\u0161\u0165a\u010de, ktor\u00e9 provokuj\u00fa\u00a0ryby k v\u00e4\u010d\u0161ej aktivite a z\u00e1berom.Odpor\u00fa\u010dame ju tie\u017e aj na\u00a0\u010dasti tel\u00ed\u010dok a\u00a0chvost\u00edkov\u00a0pakom\u00e1rov\u00a0alebo kriv\u00e1kov. A samozrejme aj na tielka\u00a0fantasy\u00a0mu\u0161iek. 1 cievka \/ 100 m","og_url":"https:\/\/dohiku.eu\/sk\/shop\/viazacie-materialy\/nite-lametky-a-drotiky\/uv-tielkove-nite\/tielkova-nit-uv-studeno-ruzova-29\/","og_site_name":"DOHIKU","article_modified_time":"2024-02-11T10:37:08+00:00","og_image":[{"width":1272,"height":1620,"url":"https:\/\/dohiku.eu\/wp-content\/uploads\/2019\/03\/1605-Body-thread-UV-Rosy-Cold-29.jpg","type":"image\/jpeg"}],"twitter_card":"summary_large_image","schema":{"@context":"https:\/\/schema.org","@graph":[{"@type":"WebPage","@id":"https:\/\/dohiku.eu\/sk\/shop\/viazacie-materialy\/nite-lametky-a-drotiky\/uv-tielkove-nite\/tielkova-nit-uv-studeno-ruzova-29\/","url":"https:\/\/dohiku.eu\/sk\/shop\/viazacie-materialy\/nite-lametky-a-drotiky\/uv-tielkove-nite\/tielkova-nit-uv-studeno-ruzova-29\/","name":"Tielkov\u00e1 ni\u0165 UV - Studeno-ru\u017eov\u00e1 29 - DOHIKU","isPartOf":{"@id":"https:\/\/dohiku.eu\/sk\/#website"},"primaryImageOfPage":{"@id":"https:\/\/dohiku.eu\/sk\/shop\/viazacie-materialy\/nite-lametky-a-drotiky\/uv-tielkove-nite\/tielkova-nit-uv-studeno-ruzova-29\/#primaryimage"},"image":{"@id":"https:\/\/dohiku.eu\/sk\/shop\/viazacie-materialy\/nite-lametky-a-drotiky\/uv-tielkove-nite\/tielkova-nit-uv-studeno-ruzova-29\/#primaryimage"},"thumbnailUrl":"https:\/\/dohiku.eu\/wp-content\/uploads\/2019\/03\/1605-Body-thread-UV-Rosy-Cold-29.jpg","datePublished":"2019-03-01T12:01:59+00:00","dateModified":"2024-02-11T10:37:08+00:00","breadcrumb":{"@id":"https:\/\/dohiku.eu\/sk\/shop\/viazacie-materialy\/nite-lametky-a-drotiky\/uv-tielkove-nite\/tielkova-nit-uv-studeno-ruzova-29\/#breadcrumb"},"inLanguage":"sk-SK","potentialAction":[{"@type":"ReadAction","target":["https:\/\/dohiku.eu\/sk\/shop\/viazacie-materialy\/nite-lametky-a-drotiky\/uv-tielkove-nite\/tielkova-nit-uv-studeno-ruzova-29\/"]}]},{"@type":"ImageObject","inLanguage":"sk-SK","@id":"https:\/\/dohiku.eu\/sk\/shop\/viazacie-materialy\/nite-lametky-a-drotiky\/uv-tielkove-nite\/tielkova-nit-uv-studeno-ruzova-29\/#primaryimage","url":"https:\/\/dohiku.eu\/wp-content\/uploads\/2019\/03\/1605-Body-thread-UV-Rosy-Cold-29.jpg","contentUrl":"https:\/\/dohiku.eu\/wp-content\/uploads\/2019\/03\/1605-Body-thread-UV-Rosy-Cold-29.jpg","width":1272,"height":1620},{"@type":"BreadcrumbList","@id":"https:\/\/dohiku.eu\/sk\/shop\/viazacie-materialy\/nite-lametky-a-drotiky\/uv-tielkove-nite\/tielkova-nit-uv-studeno-ruzova-29\/#breadcrumb","itemListElement":[{"@type":"ListItem","position":1,"name":"Home","item":"https:\/\/dohiku.eu\/sk\/"},{"@type":"ListItem","position":2,"name":"PRODUCTS","item":"https:\/\/dohiku.eu\/sk\/products\/"},{"@type":"ListItem","position":3,"name":"Tielkov\u00e1 ni\u0165 UV &#8211; Studeno-ru\u017eov\u00e1 29"}]},{"@type":"WebSite","@id":"https:\/\/dohiku.eu\/sk\/#website","url":"https:\/\/dohiku.eu\/sk\/","name":"DOHIKU","description":"H\u00e1\u010diky DOHIKU s\u00fa vyroben\u00e9 z vysoko uhl\u00edkovej ocele, ktor\u00e1 je kalen\u00e1 a pop\u00fa\u0161\u0165an\u00e1 pod\u013ea presn\u00e9ho receptu.","publisher":{"@id":"https:\/\/dohiku.eu\/sk\/#organization"},"potentialAction":[{"@type":"SearchAction","target":{"@type":"EntryPoint","urlTemplate":"https:\/\/dohiku.eu\/sk\/?s={search_term_string}"},"query-input":{"@type":"PropertyValueSpecification","valueRequired":true,"valueName":"search_term_string"}}],"inLanguage":"sk-SK"},{"@type":"Organization","@id":"https:\/\/dohiku.eu\/sk\/#organization","name":"DOHIKU s.r.o.","url":"https:\/\/dohiku.eu\/sk\/","logo":{"@type":"ImageObject","inLanguage":"sk-SK","@id":"https:\/\/dohiku.eu\/sk\/#\/schema\/logo\/image\/","url":"https:\/\/dohiku.eu\/wp-content\/uploads\/2024\/01\/cropped-dohiku.png","contentUrl":"https:\/\/dohiku.eu\/wp-content\/uploads\/2024\/01\/cropped-dohiku.png","width":137,"height":87,"caption":"DOHIKU s.r.o."},"image":{"@id":"https:\/\/dohiku.eu\/sk\/#\/schema\/logo\/image\/"}}]}},"_links":{"self":[{"href":"https:\/\/dohiku.eu\/sk\/wp-json\/wp\/v2\/product\/7193","targetHints":{"allow":["GET"]}}],"collection":[{"href":"https:\/\/dohiku.eu\/sk\/wp-json\/wp\/v2\/product"}],"about":[{"href":"https:\/\/dohiku.eu\/sk\/wp-json\/wp\/v2\/types\/product"}],"replies":[{"embeddable":true,"href":"https:\/\/dohiku.eu\/sk\/wp-json\/wp\/v2\/comments?post=7193"}],"wp:featuredmedia":[{"embeddable":true,"href":"https:\/\/dohiku.eu\/sk\/wp-json\/wp\/v2\/media\/6221"}],"wp:attachment":[{"href":"https:\/\/dohiku.eu\/sk\/wp-json\/wp\/v2\/media?parent=7193"}],"wp:term":[{"taxonomy":"product_brand","embeddable":true,"href":"https:\/\/dohiku.eu\/sk\/wp-json\/wp\/v2\/product_brand?post=7193"},{"taxonomy":"product_cat","embeddable":true,"href":"https:\/\/dohiku.eu\/sk\/wp-json\/wp\/v2\/product_cat?post=7193"},{"taxonomy":"product_tag","embeddable":true,"href":"https:\/\/dohiku.eu\/sk\/wp-json\/wp\/v2\/product_tag?post=7193"}],"curies":[{"name":"wp","href":"https:\/\/api.w.org\/{rel}","templated":true}]}}