{"id":7174,"date":"2019-03-01T12:02:00","date_gmt":"2019-03-01T12:02:00","guid":{"rendered":"https:\/\/dohiku.eu\/shop\/nezaraden\u00e9\/pocket-puncture-repair-kit\/"},"modified":"2024-02-11T10:37:45","modified_gmt":"2024-02-11T10:37:45","slug":"samolepiace-zaplaty-pocket-puncture-repair-kit","status":"publish","type":"product","link":"https:\/\/dohiku.eu\/sk\/shop\/nezaradene\/samolepiace-zaplaty-pocket-puncture-repair-kit\/","title":{"rendered":"Samolepiace z\u00e1platy \/ Pocket Puncture Repair Kit"},"content":{"rendered":"<p>Balenie 12 samolepiacich kruhov\u00fdch z\u00e1plat. Balenie obsahuje zdrs\u0148ovaciu podlo\u017eku na zdrsnenie po\u0161koden\u00e9ho povrchu. Po zdrsnen\u00ed nanesieme kruhov\u00fa z\u00e1platu. Z\u00e1platy je, mo\u017en\u00e9 pou\u017ei\u0165 na nepremokav\u00e9 ryb\u00e1rske oble\u010denie ako vetrovky, bro\u010fa\u010dky, \u010di\u017emy. V\u00fdrobca \u010falej doporu\u010duje na stany, pr\u00edstre\u0161ky, baz\u00e9ny, polievacie kupy, nafukovacie detsk\u00e9 hra\u010dky, pneumatiky a pod.<\/p>\n","protected":false},"excerpt":{"rendered":"<p><span>Balenie 12 samolepiacich kruhov\u00fdch z\u00e1plat. Balenie obsahuje zdrs\u0148ovaciu podlo\u017eku na zdrsnenie po\u0161koden\u00e9ho povrchu. Po zdrsnen\u00ed nanesieme kruhov\u00fa z\u00e1platu. Z\u00e1platy je, mo\u017en\u00e9 pou\u017ei\u0165 na nepremokav\u00e9 ryb\u00e1rske oble\u010denie ako vetrovky, bro\u010fa\u010dky, \u010di\u017emy. V\u00fdrobca \u010falej doporu\u010duje na stany, pr\u00edstre\u0161ky, baz\u00e9ny, polievacie kupy, nafukovacie detsk\u00e9 hra\u010dky, pneumatiky a pod.<\/span><\/p>\n","protected":false},"featured_media":6316,"comment_status":"closed","ping_status":"closed","template":"","meta":[],"product_brand":[],"product_cat":[506,535],"product_tag":[],"class_list":{"0":"post-7174","1":"product","2":"type-product","3":"status-publish","4":"has-post-thumbnail","6":"product_cat-nezaradene","7":"product_cat-prislusenstvo","9":"first","10":"instock","11":"taxable","12":"shipping-taxable","13":"purchasable","14":"product-type-simple"},"yoast_head":"<!-- This site is optimized with the Yoast SEO plugin v27.4 - https:\/\/yoast.com\/product\/yoast-seo-wordpress\/ -->\n<title>Samolepiace z\u00e1platy \/ Pocket Puncture Repair Kit - DOHIKU<\/title>\n<meta name=\"robots\" content=\"index, follow, max-snippet:-1, max-image-preview:large, max-video-preview:-1\" \/>\n<link rel=\"canonical\" href=\"https:\/\/dohiku.eu\/sk\/shop\/nezaradene\/samolepiace-zaplaty-pocket-puncture-repair-kit\/\" \/>\n<meta property=\"og:locale\" content=\"sk_SK\" \/>\n<meta property=\"og:type\" content=\"article\" \/>\n<meta property=\"og:title\" content=\"Samolepiace z\u00e1platy \/ Pocket Puncture Repair Kit - DOHIKU\" \/>\n<meta property=\"og:description\" content=\"Balenie 12 samolepiacich kruhov\u00fdch z\u00e1plat. Balenie obsahuje zdrs\u0148ovaciu podlo\u017eku na zdrsnenie po\u0161koden\u00e9ho povrchu. Po zdrsnen\u00ed nanesieme kruhov\u00fa z\u00e1platu. Z\u00e1platy je, mo\u017en\u00e9 pou\u017ei\u0165 na nepremokav\u00e9 ryb\u00e1rske oble\u010denie ako vetrovky, bro\u010fa\u010dky, \u010di\u017emy. V\u00fdrobca \u010falej doporu\u010duje na stany, pr\u00edstre\u0161ky, baz\u00e9ny, polievacie kupy, nafukovacie detsk\u00e9 hra\u010dky, pneumatiky a pod.\" \/>\n<meta property=\"og:url\" content=\"https:\/\/dohiku.eu\/sk\/shop\/nezaradene\/samolepiace-zaplaty-pocket-puncture-repair-kit\/\" \/>\n<meta property=\"og:site_name\" content=\"DOHIKU\" \/>\n<meta property=\"article:modified_time\" content=\"2024-02-11T10:37:45+00:00\" \/>\n<meta property=\"og:image\" content=\"https:\/\/dohiku.eu\/wp-content\/uploads\/2019\/03\/1710-Pocket-Puncture-Repair-Kit.jpg\" \/>\n\t<meta property=\"og:image:width\" content=\"998\" \/>\n\t<meta property=\"og:image:height\" content=\"1708\" \/>\n\t<meta property=\"og:image:type\" content=\"image\/jpeg\" \/>\n<meta name=\"twitter:card\" content=\"summary_large_image\" \/>\n<script type=\"application\/ld+json\" class=\"yoast-schema-graph\">{\"@context\":\"https:\\\/\\\/schema.org\",\"@graph\":[{\"@type\":\"WebPage\",\"@id\":\"https:\\\/\\\/dohiku.eu\\\/sk\\\/shop\\\/nezaradene\\\/samolepiace-zaplaty-pocket-puncture-repair-kit\\\/\",\"url\":\"https:\\\/\\\/dohiku.eu\\\/sk\\\/shop\\\/nezaradene\\\/samolepiace-zaplaty-pocket-puncture-repair-kit\\\/\",\"name\":\"Samolepiace z\u00e1platy \\\/ Pocket Puncture Repair Kit - DOHIKU\",\"isPartOf\":{\"@id\":\"https:\\\/\\\/dohiku.eu\\\/sk\\\/#website\"},\"primaryImageOfPage\":{\"@id\":\"https:\\\/\\\/dohiku.eu\\\/sk\\\/shop\\\/nezaradene\\\/samolepiace-zaplaty-pocket-puncture-repair-kit\\\/#primaryimage\"},\"image\":{\"@id\":\"https:\\\/\\\/dohiku.eu\\\/sk\\\/shop\\\/nezaradene\\\/samolepiace-zaplaty-pocket-puncture-repair-kit\\\/#primaryimage\"},\"thumbnailUrl\":\"https:\\\/\\\/dohiku.eu\\\/wp-content\\\/uploads\\\/2019\\\/03\\\/1710-Pocket-Puncture-Repair-Kit.jpg\",\"datePublished\":\"2019-03-01T12:02:00+00:00\",\"dateModified\":\"2024-02-11T10:37:45+00:00\",\"breadcrumb\":{\"@id\":\"https:\\\/\\\/dohiku.eu\\\/sk\\\/shop\\\/nezaradene\\\/samolepiace-zaplaty-pocket-puncture-repair-kit\\\/#breadcrumb\"},\"inLanguage\":\"sk-SK\",\"potentialAction\":[{\"@type\":\"ReadAction\",\"target\":[\"https:\\\/\\\/dohiku.eu\\\/sk\\\/shop\\\/nezaradene\\\/samolepiace-zaplaty-pocket-puncture-repair-kit\\\/\"]}]},{\"@type\":\"ImageObject\",\"inLanguage\":\"sk-SK\",\"@id\":\"https:\\\/\\\/dohiku.eu\\\/sk\\\/shop\\\/nezaradene\\\/samolepiace-zaplaty-pocket-puncture-repair-kit\\\/#primaryimage\",\"url\":\"https:\\\/\\\/dohiku.eu\\\/wp-content\\\/uploads\\\/2019\\\/03\\\/1710-Pocket-Puncture-Repair-Kit.jpg\",\"contentUrl\":\"https:\\\/\\\/dohiku.eu\\\/wp-content\\\/uploads\\\/2019\\\/03\\\/1710-Pocket-Puncture-Repair-Kit.jpg\",\"width\":998,\"height\":1708},{\"@type\":\"BreadcrumbList\",\"@id\":\"https:\\\/\\\/dohiku.eu\\\/sk\\\/shop\\\/nezaradene\\\/samolepiace-zaplaty-pocket-puncture-repair-kit\\\/#breadcrumb\",\"itemListElement\":[{\"@type\":\"ListItem\",\"position\":1,\"name\":\"Home\",\"item\":\"https:\\\/\\\/dohiku.eu\\\/sk\\\/\"},{\"@type\":\"ListItem\",\"position\":2,\"name\":\"PRODUCTS\",\"item\":\"https:\\\/\\\/dohiku.eu\\\/sk\\\/products\\\/\"},{\"@type\":\"ListItem\",\"position\":3,\"name\":\"Samolepiace z\u00e1platy \\\/ Pocket Puncture Repair Kit\"}]},{\"@type\":\"WebSite\",\"@id\":\"https:\\\/\\\/dohiku.eu\\\/sk\\\/#website\",\"url\":\"https:\\\/\\\/dohiku.eu\\\/sk\\\/\",\"name\":\"DOHIKU\",\"description\":\"H\u00e1\u010diky DOHIKU s\u00fa vyroben\u00e9 z vysoko uhl\u00edkovej ocele, ktor\u00e1 je kalen\u00e1 a pop\u00fa\u0161\u0165an\u00e1 pod\u013ea presn\u00e9ho receptu.\",\"publisher\":{\"@id\":\"https:\\\/\\\/dohiku.eu\\\/sk\\\/#organization\"},\"potentialAction\":[{\"@type\":\"SearchAction\",\"target\":{\"@type\":\"EntryPoint\",\"urlTemplate\":\"https:\\\/\\\/dohiku.eu\\\/sk\\\/?s={search_term_string}\"},\"query-input\":{\"@type\":\"PropertyValueSpecification\",\"valueRequired\":true,\"valueName\":\"search_term_string\"}}],\"inLanguage\":\"sk-SK\"},{\"@type\":\"Organization\",\"@id\":\"https:\\\/\\\/dohiku.eu\\\/sk\\\/#organization\",\"name\":\"DOHIKU s.r.o.\",\"url\":\"https:\\\/\\\/dohiku.eu\\\/sk\\\/\",\"logo\":{\"@type\":\"ImageObject\",\"inLanguage\":\"sk-SK\",\"@id\":\"https:\\\/\\\/dohiku.eu\\\/sk\\\/#\\\/schema\\\/logo\\\/image\\\/\",\"url\":\"https:\\\/\\\/dohiku.eu\\\/wp-content\\\/uploads\\\/2024\\\/01\\\/cropped-dohiku.png\",\"contentUrl\":\"https:\\\/\\\/dohiku.eu\\\/wp-content\\\/uploads\\\/2024\\\/01\\\/cropped-dohiku.png\",\"width\":137,\"height\":87,\"caption\":\"DOHIKU s.r.o.\"},\"image\":{\"@id\":\"https:\\\/\\\/dohiku.eu\\\/sk\\\/#\\\/schema\\\/logo\\\/image\\\/\"}}]}<\/script>\n<!-- \/ Yoast SEO plugin. -->","yoast_head_json":{"title":"Samolepiace z\u00e1platy \/ Pocket Puncture Repair Kit - DOHIKU","robots":{"index":"index","follow":"follow","max-snippet":"max-snippet:-1","max-image-preview":"max-image-preview:large","max-video-preview":"max-video-preview:-1"},"canonical":"https:\/\/dohiku.eu\/sk\/shop\/nezaradene\/samolepiace-zaplaty-pocket-puncture-repair-kit\/","og_locale":"sk_SK","og_type":"article","og_title":"Samolepiace z\u00e1platy \/ Pocket Puncture Repair Kit - DOHIKU","og_description":"Balenie 12 samolepiacich kruhov\u00fdch z\u00e1plat. Balenie obsahuje zdrs\u0148ovaciu podlo\u017eku na zdrsnenie po\u0161koden\u00e9ho povrchu. Po zdrsnen\u00ed nanesieme kruhov\u00fa z\u00e1platu. Z\u00e1platy je, mo\u017en\u00e9 pou\u017ei\u0165 na nepremokav\u00e9 ryb\u00e1rske oble\u010denie ako vetrovky, bro\u010fa\u010dky, \u010di\u017emy. V\u00fdrobca \u010falej doporu\u010duje na stany, pr\u00edstre\u0161ky, baz\u00e9ny, polievacie kupy, nafukovacie detsk\u00e9 hra\u010dky, pneumatiky a pod.","og_url":"https:\/\/dohiku.eu\/sk\/shop\/nezaradene\/samolepiace-zaplaty-pocket-puncture-repair-kit\/","og_site_name":"DOHIKU","article_modified_time":"2024-02-11T10:37:45+00:00","og_image":[{"width":998,"height":1708,"url":"https:\/\/dohiku.eu\/wp-content\/uploads\/2019\/03\/1710-Pocket-Puncture-Repair-Kit.jpg","type":"image\/jpeg"}],"twitter_card":"summary_large_image","schema":{"@context":"https:\/\/schema.org","@graph":[{"@type":"WebPage","@id":"https:\/\/dohiku.eu\/sk\/shop\/nezaradene\/samolepiace-zaplaty-pocket-puncture-repair-kit\/","url":"https:\/\/dohiku.eu\/sk\/shop\/nezaradene\/samolepiace-zaplaty-pocket-puncture-repair-kit\/","name":"Samolepiace z\u00e1platy \/ Pocket Puncture Repair Kit - DOHIKU","isPartOf":{"@id":"https:\/\/dohiku.eu\/sk\/#website"},"primaryImageOfPage":{"@id":"https:\/\/dohiku.eu\/sk\/shop\/nezaradene\/samolepiace-zaplaty-pocket-puncture-repair-kit\/#primaryimage"},"image":{"@id":"https:\/\/dohiku.eu\/sk\/shop\/nezaradene\/samolepiace-zaplaty-pocket-puncture-repair-kit\/#primaryimage"},"thumbnailUrl":"https:\/\/dohiku.eu\/wp-content\/uploads\/2019\/03\/1710-Pocket-Puncture-Repair-Kit.jpg","datePublished":"2019-03-01T12:02:00+00:00","dateModified":"2024-02-11T10:37:45+00:00","breadcrumb":{"@id":"https:\/\/dohiku.eu\/sk\/shop\/nezaradene\/samolepiace-zaplaty-pocket-puncture-repair-kit\/#breadcrumb"},"inLanguage":"sk-SK","potentialAction":[{"@type":"ReadAction","target":["https:\/\/dohiku.eu\/sk\/shop\/nezaradene\/samolepiace-zaplaty-pocket-puncture-repair-kit\/"]}]},{"@type":"ImageObject","inLanguage":"sk-SK","@id":"https:\/\/dohiku.eu\/sk\/shop\/nezaradene\/samolepiace-zaplaty-pocket-puncture-repair-kit\/#primaryimage","url":"https:\/\/dohiku.eu\/wp-content\/uploads\/2019\/03\/1710-Pocket-Puncture-Repair-Kit.jpg","contentUrl":"https:\/\/dohiku.eu\/wp-content\/uploads\/2019\/03\/1710-Pocket-Puncture-Repair-Kit.jpg","width":998,"height":1708},{"@type":"BreadcrumbList","@id":"https:\/\/dohiku.eu\/sk\/shop\/nezaradene\/samolepiace-zaplaty-pocket-puncture-repair-kit\/#breadcrumb","itemListElement":[{"@type":"ListItem","position":1,"name":"Home","item":"https:\/\/dohiku.eu\/sk\/"},{"@type":"ListItem","position":2,"name":"PRODUCTS","item":"https:\/\/dohiku.eu\/sk\/products\/"},{"@type":"ListItem","position":3,"name":"Samolepiace z\u00e1platy \/ Pocket Puncture Repair Kit"}]},{"@type":"WebSite","@id":"https:\/\/dohiku.eu\/sk\/#website","url":"https:\/\/dohiku.eu\/sk\/","name":"DOHIKU","description":"H\u00e1\u010diky DOHIKU s\u00fa vyroben\u00e9 z vysoko uhl\u00edkovej ocele, ktor\u00e1 je kalen\u00e1 a pop\u00fa\u0161\u0165an\u00e1 pod\u013ea presn\u00e9ho receptu.","publisher":{"@id":"https:\/\/dohiku.eu\/sk\/#organization"},"potentialAction":[{"@type":"SearchAction","target":{"@type":"EntryPoint","urlTemplate":"https:\/\/dohiku.eu\/sk\/?s={search_term_string}"},"query-input":{"@type":"PropertyValueSpecification","valueRequired":true,"valueName":"search_term_string"}}],"inLanguage":"sk-SK"},{"@type":"Organization","@id":"https:\/\/dohiku.eu\/sk\/#organization","name":"DOHIKU s.r.o.","url":"https:\/\/dohiku.eu\/sk\/","logo":{"@type":"ImageObject","inLanguage":"sk-SK","@id":"https:\/\/dohiku.eu\/sk\/#\/schema\/logo\/image\/","url":"https:\/\/dohiku.eu\/wp-content\/uploads\/2024\/01\/cropped-dohiku.png","contentUrl":"https:\/\/dohiku.eu\/wp-content\/uploads\/2024\/01\/cropped-dohiku.png","width":137,"height":87,"caption":"DOHIKU s.r.o."},"image":{"@id":"https:\/\/dohiku.eu\/sk\/#\/schema\/logo\/image\/"}}]}},"_links":{"self":[{"href":"https:\/\/dohiku.eu\/sk\/wp-json\/wp\/v2\/product\/7174","targetHints":{"allow":["GET"]}}],"collection":[{"href":"https:\/\/dohiku.eu\/sk\/wp-json\/wp\/v2\/product"}],"about":[{"href":"https:\/\/dohiku.eu\/sk\/wp-json\/wp\/v2\/types\/product"}],"replies":[{"embeddable":true,"href":"https:\/\/dohiku.eu\/sk\/wp-json\/wp\/v2\/comments?post=7174"}],"wp:featuredmedia":[{"embeddable":true,"href":"https:\/\/dohiku.eu\/sk\/wp-json\/wp\/v2\/media\/6316"}],"wp:attachment":[{"href":"https:\/\/dohiku.eu\/sk\/wp-json\/wp\/v2\/media?parent=7174"}],"wp:term":[{"taxonomy":"product_brand","embeddable":true,"href":"https:\/\/dohiku.eu\/sk\/wp-json\/wp\/v2\/product_brand?post=7174"},{"taxonomy":"product_cat","embeddable":true,"href":"https:\/\/dohiku.eu\/sk\/wp-json\/wp\/v2\/product_cat?post=7174"},{"taxonomy":"product_tag","embeddable":true,"href":"https:\/\/dohiku.eu\/sk\/wp-json\/wp\/v2\/product_tag?post=7174"}],"curies":[{"name":"wp","href":"https:\/\/api.w.org\/{rel}","templated":true}]}}