{"id":7165,"date":"2019-03-01T12:02:00","date_gmt":"2019-03-01T12:02:00","guid":{"rendered":"https:\/\/dohiku.eu\/shop\/nezaraden\u00e9\/dark-olive-red-tip-dun-dry-fly\/"},"modified":"2025-10-28T09:38:02","modified_gmt":"2025-10-28T09:38:02","slug":"dark-olive-red-tip-dun-dry-fly","status":"publish","type":"product","link":"https:\/\/dohiku.eu\/sk\/shop\/musky-od-nasich-najlepsich-muskarov\/dark-olive-red-tip-dun-dry-fly\/","title":{"rendered":"Dark Olive Red-tip Dun, dry fly"},"content":{"rendered":"<div>\n<div>These flies were used by the best competitors on World Fly Fishing Championships in Slovakia 2017. They are\u00a0 the choice of the best fly fishermen on the world. The flies are tying on DOHIKU hooks.<\/div>\n<div>We still have a few pieces\u00a0 in the stock of them therefore we can offer them for you.<\/div>\n<\/p><\/div>\n<div>Size: 18<\/div>\n","protected":false},"excerpt":{"rendered":"<div>\n<div>These flies were used by the best competitors on World Fly Fishing Championships in Slovakia 2017. They are\u00a0 the choice of the best fly fishermen on the world. The flies are tying on DOHIKU hooks.<\/div>\n<div>We still have a few pieces\u00a0 in the stock of them therefore we can offer them for you.<\/div>\n<\/p><\/div>\n<div>Size: 18<\/div>\n<div>\u00a0<\/div>\n<div>\u00a0<\/div>\n","protected":false},"featured_media":6377,"comment_status":"closed","ping_status":"closed","template":"","meta":[],"product_brand":[],"product_cat":[602],"product_tag":[],"class_list":{"0":"post-7165","1":"product","2":"type-product","3":"status-publish","4":"has-post-thumbnail","6":"product_cat-musky-od-nasich-najlepsich-muskarov","8":"first","9":"instock","10":"taxable","11":"shipping-taxable","12":"purchasable","13":"product-type-simple"},"yoast_head":"<!-- This site is optimized with the Yoast SEO plugin v27.4 - https:\/\/yoast.com\/product\/yoast-seo-wordpress\/ -->\n<title>Dark Olive Red-tip Dun, dry fly - DOHIKU<\/title>\n<meta name=\"robots\" content=\"index, follow, max-snippet:-1, max-image-preview:large, max-video-preview:-1\" \/>\n<link rel=\"canonical\" href=\"https:\/\/dohiku.eu\/sk\/shop\/musky-od-nasich-najlepsich-muskarov\/dark-olive-red-tip-dun-dry-fly\/\" \/>\n<meta property=\"og:locale\" content=\"sk_SK\" \/>\n<meta property=\"og:type\" content=\"article\" \/>\n<meta property=\"og:title\" content=\"Dark Olive Red-tip Dun, dry fly - DOHIKU\" \/>\n<meta property=\"og:description\" content=\"These flies were used by the best competitors on World Fly Fishing Championships in Slovakia 2017. They are\u00a0 the choice of the best fly fishermen on the world. The flies are tying on DOHIKU hooks. We still have a few pieces\u00a0 in the stock of them therefore we can offer them for you. Size: 18 \u00a0 \u00a0\" \/>\n<meta property=\"og:url\" content=\"https:\/\/dohiku.eu\/sk\/shop\/musky-od-nasich-najlepsich-muskarov\/dark-olive-red-tip-dun-dry-fly\/\" \/>\n<meta property=\"og:site_name\" content=\"DOHIKU\" \/>\n<meta property=\"article:modified_time\" content=\"2025-10-28T09:38:02+00:00\" \/>\n<meta property=\"og:image\" content=\"https:\/\/dohiku.eu\/wp-content\/uploads\/2019\/03\/1778-Dark-Olive-Red-tip-Dun-dry-fly.jpg\" \/>\n\t<meta property=\"og:image:width\" content=\"1920\" \/>\n\t<meta property=\"og:image:height\" content=\"1374\" \/>\n\t<meta property=\"og:image:type\" content=\"image\/jpeg\" \/>\n<meta name=\"twitter:card\" content=\"summary_large_image\" \/>\n<script type=\"application\/ld+json\" class=\"yoast-schema-graph\">{\"@context\":\"https:\\\/\\\/schema.org\",\"@graph\":[{\"@type\":\"WebPage\",\"@id\":\"https:\\\/\\\/dohiku.eu\\\/sk\\\/shop\\\/musky-od-nasich-najlepsich-muskarov\\\/dark-olive-red-tip-dun-dry-fly\\\/\",\"url\":\"https:\\\/\\\/dohiku.eu\\\/sk\\\/shop\\\/musky-od-nasich-najlepsich-muskarov\\\/dark-olive-red-tip-dun-dry-fly\\\/\",\"name\":\"Dark Olive Red-tip Dun, dry fly - DOHIKU\",\"isPartOf\":{\"@id\":\"https:\\\/\\\/dohiku.eu\\\/sk\\\/#website\"},\"primaryImageOfPage\":{\"@id\":\"https:\\\/\\\/dohiku.eu\\\/sk\\\/shop\\\/musky-od-nasich-najlepsich-muskarov\\\/dark-olive-red-tip-dun-dry-fly\\\/#primaryimage\"},\"image\":{\"@id\":\"https:\\\/\\\/dohiku.eu\\\/sk\\\/shop\\\/musky-od-nasich-najlepsich-muskarov\\\/dark-olive-red-tip-dun-dry-fly\\\/#primaryimage\"},\"thumbnailUrl\":\"https:\\\/\\\/dohiku.eu\\\/wp-content\\\/uploads\\\/2019\\\/03\\\/1778-Dark-Olive-Red-tip-Dun-dry-fly.jpg\",\"datePublished\":\"2019-03-01T12:02:00+00:00\",\"dateModified\":\"2025-10-28T09:38:02+00:00\",\"breadcrumb\":{\"@id\":\"https:\\\/\\\/dohiku.eu\\\/sk\\\/shop\\\/musky-od-nasich-najlepsich-muskarov\\\/dark-olive-red-tip-dun-dry-fly\\\/#breadcrumb\"},\"inLanguage\":\"sk-SK\",\"potentialAction\":[{\"@type\":\"ReadAction\",\"target\":[\"https:\\\/\\\/dohiku.eu\\\/sk\\\/shop\\\/musky-od-nasich-najlepsich-muskarov\\\/dark-olive-red-tip-dun-dry-fly\\\/\"]}]},{\"@type\":\"ImageObject\",\"inLanguage\":\"sk-SK\",\"@id\":\"https:\\\/\\\/dohiku.eu\\\/sk\\\/shop\\\/musky-od-nasich-najlepsich-muskarov\\\/dark-olive-red-tip-dun-dry-fly\\\/#primaryimage\",\"url\":\"https:\\\/\\\/dohiku.eu\\\/wp-content\\\/uploads\\\/2019\\\/03\\\/1778-Dark-Olive-Red-tip-Dun-dry-fly.jpg\",\"contentUrl\":\"https:\\\/\\\/dohiku.eu\\\/wp-content\\\/uploads\\\/2019\\\/03\\\/1778-Dark-Olive-Red-tip-Dun-dry-fly.jpg\",\"width\":1920,\"height\":1374},{\"@type\":\"BreadcrumbList\",\"@id\":\"https:\\\/\\\/dohiku.eu\\\/sk\\\/shop\\\/musky-od-nasich-najlepsich-muskarov\\\/dark-olive-red-tip-dun-dry-fly\\\/#breadcrumb\",\"itemListElement\":[{\"@type\":\"ListItem\",\"position\":1,\"name\":\"Home\",\"item\":\"https:\\\/\\\/dohiku.eu\\\/sk\\\/\"},{\"@type\":\"ListItem\",\"position\":2,\"name\":\"PRODUCTS\",\"item\":\"https:\\\/\\\/dohiku.eu\\\/sk\\\/products\\\/\"},{\"@type\":\"ListItem\",\"position\":3,\"name\":\"Dark Olive Red-tip Dun, dry fly\"}]},{\"@type\":\"WebSite\",\"@id\":\"https:\\\/\\\/dohiku.eu\\\/sk\\\/#website\",\"url\":\"https:\\\/\\\/dohiku.eu\\\/sk\\\/\",\"name\":\"DOHIKU\",\"description\":\"H\u00e1\u010diky DOHIKU s\u00fa vyroben\u00e9 z vysoko uhl\u00edkovej ocele, ktor\u00e1 je kalen\u00e1 a pop\u00fa\u0161\u0165an\u00e1 pod\u013ea presn\u00e9ho receptu.\",\"publisher\":{\"@id\":\"https:\\\/\\\/dohiku.eu\\\/sk\\\/#organization\"},\"potentialAction\":[{\"@type\":\"SearchAction\",\"target\":{\"@type\":\"EntryPoint\",\"urlTemplate\":\"https:\\\/\\\/dohiku.eu\\\/sk\\\/?s={search_term_string}\"},\"query-input\":{\"@type\":\"PropertyValueSpecification\",\"valueRequired\":true,\"valueName\":\"search_term_string\"}}],\"inLanguage\":\"sk-SK\"},{\"@type\":\"Organization\",\"@id\":\"https:\\\/\\\/dohiku.eu\\\/sk\\\/#organization\",\"name\":\"DOHIKU s.r.o.\",\"url\":\"https:\\\/\\\/dohiku.eu\\\/sk\\\/\",\"logo\":{\"@type\":\"ImageObject\",\"inLanguage\":\"sk-SK\",\"@id\":\"https:\\\/\\\/dohiku.eu\\\/sk\\\/#\\\/schema\\\/logo\\\/image\\\/\",\"url\":\"https:\\\/\\\/dohiku.eu\\\/wp-content\\\/uploads\\\/2024\\\/01\\\/cropped-dohiku.png\",\"contentUrl\":\"https:\\\/\\\/dohiku.eu\\\/wp-content\\\/uploads\\\/2024\\\/01\\\/cropped-dohiku.png\",\"width\":137,\"height\":87,\"caption\":\"DOHIKU s.r.o.\"},\"image\":{\"@id\":\"https:\\\/\\\/dohiku.eu\\\/sk\\\/#\\\/schema\\\/logo\\\/image\\\/\"}}]}<\/script>\n<!-- \/ Yoast SEO plugin. -->","yoast_head_json":{"title":"Dark Olive Red-tip Dun, dry fly - DOHIKU","robots":{"index":"index","follow":"follow","max-snippet":"max-snippet:-1","max-image-preview":"max-image-preview:large","max-video-preview":"max-video-preview:-1"},"canonical":"https:\/\/dohiku.eu\/sk\/shop\/musky-od-nasich-najlepsich-muskarov\/dark-olive-red-tip-dun-dry-fly\/","og_locale":"sk_SK","og_type":"article","og_title":"Dark Olive Red-tip Dun, dry fly - DOHIKU","og_description":"These flies were used by the best competitors on World Fly Fishing Championships in Slovakia 2017. They are\u00a0 the choice of the best fly fishermen on the world. The flies are tying on DOHIKU hooks. We still have a few pieces\u00a0 in the stock of them therefore we can offer them for you. Size: 18 \u00a0 \u00a0","og_url":"https:\/\/dohiku.eu\/sk\/shop\/musky-od-nasich-najlepsich-muskarov\/dark-olive-red-tip-dun-dry-fly\/","og_site_name":"DOHIKU","article_modified_time":"2025-10-28T09:38:02+00:00","og_image":[{"width":1920,"height":1374,"url":"https:\/\/dohiku.eu\/wp-content\/uploads\/2019\/03\/1778-Dark-Olive-Red-tip-Dun-dry-fly.jpg","type":"image\/jpeg"}],"twitter_card":"summary_large_image","schema":{"@context":"https:\/\/schema.org","@graph":[{"@type":"WebPage","@id":"https:\/\/dohiku.eu\/sk\/shop\/musky-od-nasich-najlepsich-muskarov\/dark-olive-red-tip-dun-dry-fly\/","url":"https:\/\/dohiku.eu\/sk\/shop\/musky-od-nasich-najlepsich-muskarov\/dark-olive-red-tip-dun-dry-fly\/","name":"Dark Olive Red-tip Dun, dry fly - DOHIKU","isPartOf":{"@id":"https:\/\/dohiku.eu\/sk\/#website"},"primaryImageOfPage":{"@id":"https:\/\/dohiku.eu\/sk\/shop\/musky-od-nasich-najlepsich-muskarov\/dark-olive-red-tip-dun-dry-fly\/#primaryimage"},"image":{"@id":"https:\/\/dohiku.eu\/sk\/shop\/musky-od-nasich-najlepsich-muskarov\/dark-olive-red-tip-dun-dry-fly\/#primaryimage"},"thumbnailUrl":"https:\/\/dohiku.eu\/wp-content\/uploads\/2019\/03\/1778-Dark-Olive-Red-tip-Dun-dry-fly.jpg","datePublished":"2019-03-01T12:02:00+00:00","dateModified":"2025-10-28T09:38:02+00:00","breadcrumb":{"@id":"https:\/\/dohiku.eu\/sk\/shop\/musky-od-nasich-najlepsich-muskarov\/dark-olive-red-tip-dun-dry-fly\/#breadcrumb"},"inLanguage":"sk-SK","potentialAction":[{"@type":"ReadAction","target":["https:\/\/dohiku.eu\/sk\/shop\/musky-od-nasich-najlepsich-muskarov\/dark-olive-red-tip-dun-dry-fly\/"]}]},{"@type":"ImageObject","inLanguage":"sk-SK","@id":"https:\/\/dohiku.eu\/sk\/shop\/musky-od-nasich-najlepsich-muskarov\/dark-olive-red-tip-dun-dry-fly\/#primaryimage","url":"https:\/\/dohiku.eu\/wp-content\/uploads\/2019\/03\/1778-Dark-Olive-Red-tip-Dun-dry-fly.jpg","contentUrl":"https:\/\/dohiku.eu\/wp-content\/uploads\/2019\/03\/1778-Dark-Olive-Red-tip-Dun-dry-fly.jpg","width":1920,"height":1374},{"@type":"BreadcrumbList","@id":"https:\/\/dohiku.eu\/sk\/shop\/musky-od-nasich-najlepsich-muskarov\/dark-olive-red-tip-dun-dry-fly\/#breadcrumb","itemListElement":[{"@type":"ListItem","position":1,"name":"Home","item":"https:\/\/dohiku.eu\/sk\/"},{"@type":"ListItem","position":2,"name":"PRODUCTS","item":"https:\/\/dohiku.eu\/sk\/products\/"},{"@type":"ListItem","position":3,"name":"Dark Olive Red-tip Dun, dry fly"}]},{"@type":"WebSite","@id":"https:\/\/dohiku.eu\/sk\/#website","url":"https:\/\/dohiku.eu\/sk\/","name":"DOHIKU","description":"H\u00e1\u010diky DOHIKU s\u00fa vyroben\u00e9 z vysoko uhl\u00edkovej ocele, ktor\u00e1 je kalen\u00e1 a pop\u00fa\u0161\u0165an\u00e1 pod\u013ea presn\u00e9ho receptu.","publisher":{"@id":"https:\/\/dohiku.eu\/sk\/#organization"},"potentialAction":[{"@type":"SearchAction","target":{"@type":"EntryPoint","urlTemplate":"https:\/\/dohiku.eu\/sk\/?s={search_term_string}"},"query-input":{"@type":"PropertyValueSpecification","valueRequired":true,"valueName":"search_term_string"}}],"inLanguage":"sk-SK"},{"@type":"Organization","@id":"https:\/\/dohiku.eu\/sk\/#organization","name":"DOHIKU s.r.o.","url":"https:\/\/dohiku.eu\/sk\/","logo":{"@type":"ImageObject","inLanguage":"sk-SK","@id":"https:\/\/dohiku.eu\/sk\/#\/schema\/logo\/image\/","url":"https:\/\/dohiku.eu\/wp-content\/uploads\/2024\/01\/cropped-dohiku.png","contentUrl":"https:\/\/dohiku.eu\/wp-content\/uploads\/2024\/01\/cropped-dohiku.png","width":137,"height":87,"caption":"DOHIKU s.r.o."},"image":{"@id":"https:\/\/dohiku.eu\/sk\/#\/schema\/logo\/image\/"}}]}},"_links":{"self":[{"href":"https:\/\/dohiku.eu\/sk\/wp-json\/wp\/v2\/product\/7165","targetHints":{"allow":["GET"]}}],"collection":[{"href":"https:\/\/dohiku.eu\/sk\/wp-json\/wp\/v2\/product"}],"about":[{"href":"https:\/\/dohiku.eu\/sk\/wp-json\/wp\/v2\/types\/product"}],"replies":[{"embeddable":true,"href":"https:\/\/dohiku.eu\/sk\/wp-json\/wp\/v2\/comments?post=7165"}],"wp:featuredmedia":[{"embeddable":true,"href":"https:\/\/dohiku.eu\/sk\/wp-json\/wp\/v2\/media\/6377"}],"wp:attachment":[{"href":"https:\/\/dohiku.eu\/sk\/wp-json\/wp\/v2\/media?parent=7165"}],"wp:term":[{"taxonomy":"product_brand","embeddable":true,"href":"https:\/\/dohiku.eu\/sk\/wp-json\/wp\/v2\/product_brand?post=7165"},{"taxonomy":"product_cat","embeddable":true,"href":"https:\/\/dohiku.eu\/sk\/wp-json\/wp\/v2\/product_cat?post=7165"},{"taxonomy":"product_tag","embeddable":true,"href":"https:\/\/dohiku.eu\/sk\/wp-json\/wp\/v2\/product_tag?post=7165"}],"curies":[{"name":"wp","href":"https:\/\/api.w.org\/{rel}","templated":true}]}}