{"id":7157,"date":"2019-03-01T12:02:00","date_gmt":"2019-03-01T12:02:00","guid":{"rendered":"https:\/\/dohiku.eu\/shop\/nezaraden\u00e9\/dohiku-hdc-30310\/"},"modified":"2026-04-07T10:06:44","modified_gmt":"2026-04-07T10:06:44","slug":"dohiku-muskarske-haciky-bez-protihrotu-hdc-303-10","status":"publish","type":"product","link":"https:\/\/dohiku.eu\/sk\/shop\/haciky\/muskarske-haciky-dohiku-bez-protihrotu\/dohiku-muskarske-haciky-bez-protihrotu-hdc-303-10\/","title":{"rendered":"DOHIKU Mu\u0161k\u00e1rske h\u00e1\u010diky bez protihrotu &#8211; HDC 303\/10"},"content":{"rendered":"<p>Tento h\u00e1\u010dik je \u0161peci\u00e1lny mu\u0161k\u00e1rsky h\u00e1\u010dik s krat\u0161\u00edm ramienkom a o nie\u010do \u0161ir\u0161ou medzierkou. Nazvali sme ho &#8222;h\u00e1\u010dik na chrob\u00e1ky&#8220; a odpor\u00fa\u010dame ho na suchozemsk\u00fd hmyz, nymfy a men\u0161ie chrob\u00e1ky. Neodpor\u00fa\u010dame ich na mu\u0161ky typu str\u00edmer, bloby a boilies.<\/p>\n<p>Povrchov\u00e1 \u00faprava: \u010dierny nikel. 1 balenie &#8211; 25 ks.<\/p>\n<p><span style=\"color: #ff0000\">Ru\u010dne trieden\u00e9.<\/span><\/p>\n","protected":false},"excerpt":{"rendered":"<p>Tento h\u00e1\u010dik je \u0161peci\u00e1lny mu\u0161k\u00e1rsky h\u00e1\u010dik s krat\u0161\u00edm ramienkom a o nie\u010do \u0161ir\u0161ou medzierkou. Nazvali sme ho &#8222;h\u00e1\u010dik na chrob\u00e1ky&#8220; a odpor\u00fa\u010dame ho na suchozemsk\u00fd hmyz, nymfy a men\u0161ie chrob\u00e1ky. Neodpor\u00fa\u010dame ich na mu\u0161ky typu str\u00edmer, bloby a boilies.<\/p>\n<p>Povrchov\u00e1 \u00faprava: \u010dierny nikel. 1 balenie &#8211; 25 ks.<\/p>\n<p><span style=\"color: #ff0000\">Ru\u010dne trieden\u00e9.<\/span><\/p>\n","protected":false},"featured_media":6367,"comment_status":"closed","ping_status":"closed","template":"","meta":[],"product_brand":[],"product_cat":[607,509],"product_tag":[],"class_list":{"0":"post-7157","1":"product","2":"type-product","3":"status-publish","4":"has-post-thumbnail","6":"product_cat-dohiku-hdc-303-versatile-flies-sk","7":"product_cat-muskarske-haciky-dohiku-bez-protihrotu","9":"first","10":"instock","11":"taxable","12":"shipping-taxable","13":"purchasable","14":"product-type-simple"},"yoast_head":"<!-- This site is optimized with the Yoast SEO plugin v27.4 - https:\/\/yoast.com\/product\/yoast-seo-wordpress\/ -->\n<title>DOHIKU Mu\u0161k\u00e1rske h\u00e1\u010diky bez protihrotu - HDC 303\/10 - DOHIKU<\/title>\n<meta name=\"robots\" content=\"index, follow, max-snippet:-1, max-image-preview:large, max-video-preview:-1\" \/>\n<link rel=\"canonical\" href=\"https:\/\/dohiku.eu\/sk\/shop\/haciky\/muskarske-haciky-dohiku-bez-protihrotu\/dohiku-muskarske-haciky-bez-protihrotu-hdc-303-10\/\" \/>\n<meta property=\"og:locale\" content=\"sk_SK\" \/>\n<meta property=\"og:type\" content=\"article\" \/>\n<meta property=\"og:title\" content=\"DOHIKU Mu\u0161k\u00e1rske h\u00e1\u010diky bez protihrotu - HDC 303\/10 - DOHIKU\" \/>\n<meta property=\"og:description\" content=\"Tento h\u00e1\u010dik je \u0161peci\u00e1lny mu\u0161k\u00e1rsky h\u00e1\u010dik s krat\u0161\u00edm ramienkom a o nie\u010do \u0161ir\u0161ou medzierkou. Nazvali sme ho &quot;h\u00e1\u010dik na chrob\u00e1ky&quot; a odpor\u00fa\u010dame ho na suchozemsk\u00fd hmyz, nymfy a men\u0161ie chrob\u00e1ky. Neodpor\u00fa\u010dame ich na mu\u0161ky typu str\u00edmer, bloby a boilies.  Povrchov\u00e1 \u00faprava: \u010dierny nikel. 1 balenie - 25 ks.  Ru\u010dne trieden\u00e9.\" \/>\n<meta property=\"og:url\" content=\"https:\/\/dohiku.eu\/sk\/shop\/haciky\/muskarske-haciky-dohiku-bez-protihrotu\/dohiku-muskarske-haciky-bez-protihrotu-hdc-303-10\/\" \/>\n<meta property=\"og:site_name\" content=\"DOHIKU\" \/>\n<meta property=\"article:modified_time\" content=\"2026-04-07T10:06:44+00:00\" \/>\n<meta property=\"og:image\" content=\"https:\/\/dohiku.eu\/wp-content\/uploads\/2019\/03\/1768-DOHIKU-HDC-30310.jpg\" \/>\n\t<meta property=\"og:image:width\" content=\"1215\" \/>\n\t<meta property=\"og:image:height\" content=\"912\" \/>\n\t<meta property=\"og:image:type\" content=\"image\/jpeg\" \/>\n<meta name=\"twitter:card\" content=\"summary_large_image\" \/>\n<meta name=\"twitter:label1\" content=\"Predpokladan\u00fd \u010das \u010d\u00edtania\" \/>\n\t<meta name=\"twitter:data1\" content=\"1 min\u00fata\" \/>\n<script type=\"application\/ld+json\" class=\"yoast-schema-graph\">{\"@context\":\"https:\\\/\\\/schema.org\",\"@graph\":[{\"@type\":\"WebPage\",\"@id\":\"https:\\\/\\\/dohiku.eu\\\/sk\\\/shop\\\/haciky\\\/muskarske-haciky-dohiku-bez-protihrotu\\\/dohiku-muskarske-haciky-bez-protihrotu-hdc-303-10\\\/\",\"url\":\"https:\\\/\\\/dohiku.eu\\\/sk\\\/shop\\\/haciky\\\/muskarske-haciky-dohiku-bez-protihrotu\\\/dohiku-muskarske-haciky-bez-protihrotu-hdc-303-10\\\/\",\"name\":\"DOHIKU Mu\u0161k\u00e1rske h\u00e1\u010diky bez protihrotu - HDC 303\\\/10 - DOHIKU\",\"isPartOf\":{\"@id\":\"https:\\\/\\\/dohiku.eu\\\/sk\\\/#website\"},\"primaryImageOfPage\":{\"@id\":\"https:\\\/\\\/dohiku.eu\\\/sk\\\/shop\\\/haciky\\\/muskarske-haciky-dohiku-bez-protihrotu\\\/dohiku-muskarske-haciky-bez-protihrotu-hdc-303-10\\\/#primaryimage\"},\"image\":{\"@id\":\"https:\\\/\\\/dohiku.eu\\\/sk\\\/shop\\\/haciky\\\/muskarske-haciky-dohiku-bez-protihrotu\\\/dohiku-muskarske-haciky-bez-protihrotu-hdc-303-10\\\/#primaryimage\"},\"thumbnailUrl\":\"https:\\\/\\\/dohiku.eu\\\/wp-content\\\/uploads\\\/2019\\\/03\\\/1768-DOHIKU-HDC-30310.jpg\",\"datePublished\":\"2019-03-01T12:02:00+00:00\",\"dateModified\":\"2026-04-07T10:06:44+00:00\",\"breadcrumb\":{\"@id\":\"https:\\\/\\\/dohiku.eu\\\/sk\\\/shop\\\/haciky\\\/muskarske-haciky-dohiku-bez-protihrotu\\\/dohiku-muskarske-haciky-bez-protihrotu-hdc-303-10\\\/#breadcrumb\"},\"inLanguage\":\"sk-SK\",\"potentialAction\":[{\"@type\":\"ReadAction\",\"target\":[\"https:\\\/\\\/dohiku.eu\\\/sk\\\/shop\\\/haciky\\\/muskarske-haciky-dohiku-bez-protihrotu\\\/dohiku-muskarske-haciky-bez-protihrotu-hdc-303-10\\\/\"]}]},{\"@type\":\"ImageObject\",\"inLanguage\":\"sk-SK\",\"@id\":\"https:\\\/\\\/dohiku.eu\\\/sk\\\/shop\\\/haciky\\\/muskarske-haciky-dohiku-bez-protihrotu\\\/dohiku-muskarske-haciky-bez-protihrotu-hdc-303-10\\\/#primaryimage\",\"url\":\"https:\\\/\\\/dohiku.eu\\\/wp-content\\\/uploads\\\/2019\\\/03\\\/1768-DOHIKU-HDC-30310.jpg\",\"contentUrl\":\"https:\\\/\\\/dohiku.eu\\\/wp-content\\\/uploads\\\/2019\\\/03\\\/1768-DOHIKU-HDC-30310.jpg\",\"width\":1215,\"height\":912},{\"@type\":\"BreadcrumbList\",\"@id\":\"https:\\\/\\\/dohiku.eu\\\/sk\\\/shop\\\/haciky\\\/muskarske-haciky-dohiku-bez-protihrotu\\\/dohiku-muskarske-haciky-bez-protihrotu-hdc-303-10\\\/#breadcrumb\",\"itemListElement\":[{\"@type\":\"ListItem\",\"position\":1,\"name\":\"Home\",\"item\":\"https:\\\/\\\/dohiku.eu\\\/sk\\\/\"},{\"@type\":\"ListItem\",\"position\":2,\"name\":\"PRODUCTS\",\"item\":\"https:\\\/\\\/dohiku.eu\\\/sk\\\/products\\\/\"},{\"@type\":\"ListItem\",\"position\":3,\"name\":\"DOHIKU Mu\u0161k\u00e1rske h\u00e1\u010diky bez protihrotu &#8211; HDC 303\\\/10\"}]},{\"@type\":\"WebSite\",\"@id\":\"https:\\\/\\\/dohiku.eu\\\/sk\\\/#website\",\"url\":\"https:\\\/\\\/dohiku.eu\\\/sk\\\/\",\"name\":\"DOHIKU\",\"description\":\"H\u00e1\u010diky DOHIKU s\u00fa vyroben\u00e9 z vysoko uhl\u00edkovej ocele, ktor\u00e1 je kalen\u00e1 a pop\u00fa\u0161\u0165an\u00e1 pod\u013ea presn\u00e9ho receptu.\",\"publisher\":{\"@id\":\"https:\\\/\\\/dohiku.eu\\\/sk\\\/#organization\"},\"potentialAction\":[{\"@type\":\"SearchAction\",\"target\":{\"@type\":\"EntryPoint\",\"urlTemplate\":\"https:\\\/\\\/dohiku.eu\\\/sk\\\/?s={search_term_string}\"},\"query-input\":{\"@type\":\"PropertyValueSpecification\",\"valueRequired\":true,\"valueName\":\"search_term_string\"}}],\"inLanguage\":\"sk-SK\"},{\"@type\":\"Organization\",\"@id\":\"https:\\\/\\\/dohiku.eu\\\/sk\\\/#organization\",\"name\":\"DOHIKU s.r.o.\",\"url\":\"https:\\\/\\\/dohiku.eu\\\/sk\\\/\",\"logo\":{\"@type\":\"ImageObject\",\"inLanguage\":\"sk-SK\",\"@id\":\"https:\\\/\\\/dohiku.eu\\\/sk\\\/#\\\/schema\\\/logo\\\/image\\\/\",\"url\":\"https:\\\/\\\/dohiku.eu\\\/wp-content\\\/uploads\\\/2024\\\/01\\\/cropped-dohiku.png\",\"contentUrl\":\"https:\\\/\\\/dohiku.eu\\\/wp-content\\\/uploads\\\/2024\\\/01\\\/cropped-dohiku.png\",\"width\":137,\"height\":87,\"caption\":\"DOHIKU s.r.o.\"},\"image\":{\"@id\":\"https:\\\/\\\/dohiku.eu\\\/sk\\\/#\\\/schema\\\/logo\\\/image\\\/\"}}]}<\/script>\n<!-- \/ Yoast SEO plugin. -->","yoast_head_json":{"title":"DOHIKU Mu\u0161k\u00e1rske h\u00e1\u010diky bez protihrotu - HDC 303\/10 - DOHIKU","robots":{"index":"index","follow":"follow","max-snippet":"max-snippet:-1","max-image-preview":"max-image-preview:large","max-video-preview":"max-video-preview:-1"},"canonical":"https:\/\/dohiku.eu\/sk\/shop\/haciky\/muskarske-haciky-dohiku-bez-protihrotu\/dohiku-muskarske-haciky-bez-protihrotu-hdc-303-10\/","og_locale":"sk_SK","og_type":"article","og_title":"DOHIKU Mu\u0161k\u00e1rske h\u00e1\u010diky bez protihrotu - HDC 303\/10 - DOHIKU","og_description":"Tento h\u00e1\u010dik je \u0161peci\u00e1lny mu\u0161k\u00e1rsky h\u00e1\u010dik s krat\u0161\u00edm ramienkom a o nie\u010do \u0161ir\u0161ou medzierkou. Nazvali sme ho \"h\u00e1\u010dik na chrob\u00e1ky\" a odpor\u00fa\u010dame ho na suchozemsk\u00fd hmyz, nymfy a men\u0161ie chrob\u00e1ky. Neodpor\u00fa\u010dame ich na mu\u0161ky typu str\u00edmer, bloby a boilies.  Povrchov\u00e1 \u00faprava: \u010dierny nikel. 1 balenie - 25 ks.  Ru\u010dne trieden\u00e9.","og_url":"https:\/\/dohiku.eu\/sk\/shop\/haciky\/muskarske-haciky-dohiku-bez-protihrotu\/dohiku-muskarske-haciky-bez-protihrotu-hdc-303-10\/","og_site_name":"DOHIKU","article_modified_time":"2026-04-07T10:06:44+00:00","og_image":[{"width":1215,"height":912,"url":"https:\/\/dohiku.eu\/wp-content\/uploads\/2019\/03\/1768-DOHIKU-HDC-30310.jpg","type":"image\/jpeg"}],"twitter_card":"summary_large_image","twitter_misc":{"Predpokladan\u00fd \u010das \u010d\u00edtania":"1 min\u00fata"},"schema":{"@context":"https:\/\/schema.org","@graph":[{"@type":"WebPage","@id":"https:\/\/dohiku.eu\/sk\/shop\/haciky\/muskarske-haciky-dohiku-bez-protihrotu\/dohiku-muskarske-haciky-bez-protihrotu-hdc-303-10\/","url":"https:\/\/dohiku.eu\/sk\/shop\/haciky\/muskarske-haciky-dohiku-bez-protihrotu\/dohiku-muskarske-haciky-bez-protihrotu-hdc-303-10\/","name":"DOHIKU Mu\u0161k\u00e1rske h\u00e1\u010diky bez protihrotu - HDC 303\/10 - DOHIKU","isPartOf":{"@id":"https:\/\/dohiku.eu\/sk\/#website"},"primaryImageOfPage":{"@id":"https:\/\/dohiku.eu\/sk\/shop\/haciky\/muskarske-haciky-dohiku-bez-protihrotu\/dohiku-muskarske-haciky-bez-protihrotu-hdc-303-10\/#primaryimage"},"image":{"@id":"https:\/\/dohiku.eu\/sk\/shop\/haciky\/muskarske-haciky-dohiku-bez-protihrotu\/dohiku-muskarske-haciky-bez-protihrotu-hdc-303-10\/#primaryimage"},"thumbnailUrl":"https:\/\/dohiku.eu\/wp-content\/uploads\/2019\/03\/1768-DOHIKU-HDC-30310.jpg","datePublished":"2019-03-01T12:02:00+00:00","dateModified":"2026-04-07T10:06:44+00:00","breadcrumb":{"@id":"https:\/\/dohiku.eu\/sk\/shop\/haciky\/muskarske-haciky-dohiku-bez-protihrotu\/dohiku-muskarske-haciky-bez-protihrotu-hdc-303-10\/#breadcrumb"},"inLanguage":"sk-SK","potentialAction":[{"@type":"ReadAction","target":["https:\/\/dohiku.eu\/sk\/shop\/haciky\/muskarske-haciky-dohiku-bez-protihrotu\/dohiku-muskarske-haciky-bez-protihrotu-hdc-303-10\/"]}]},{"@type":"ImageObject","inLanguage":"sk-SK","@id":"https:\/\/dohiku.eu\/sk\/shop\/haciky\/muskarske-haciky-dohiku-bez-protihrotu\/dohiku-muskarske-haciky-bez-protihrotu-hdc-303-10\/#primaryimage","url":"https:\/\/dohiku.eu\/wp-content\/uploads\/2019\/03\/1768-DOHIKU-HDC-30310.jpg","contentUrl":"https:\/\/dohiku.eu\/wp-content\/uploads\/2019\/03\/1768-DOHIKU-HDC-30310.jpg","width":1215,"height":912},{"@type":"BreadcrumbList","@id":"https:\/\/dohiku.eu\/sk\/shop\/haciky\/muskarske-haciky-dohiku-bez-protihrotu\/dohiku-muskarske-haciky-bez-protihrotu-hdc-303-10\/#breadcrumb","itemListElement":[{"@type":"ListItem","position":1,"name":"Home","item":"https:\/\/dohiku.eu\/sk\/"},{"@type":"ListItem","position":2,"name":"PRODUCTS","item":"https:\/\/dohiku.eu\/sk\/products\/"},{"@type":"ListItem","position":3,"name":"DOHIKU Mu\u0161k\u00e1rske h\u00e1\u010diky bez protihrotu &#8211; HDC 303\/10"}]},{"@type":"WebSite","@id":"https:\/\/dohiku.eu\/sk\/#website","url":"https:\/\/dohiku.eu\/sk\/","name":"DOHIKU","description":"H\u00e1\u010diky DOHIKU s\u00fa vyroben\u00e9 z vysoko uhl\u00edkovej ocele, ktor\u00e1 je kalen\u00e1 a pop\u00fa\u0161\u0165an\u00e1 pod\u013ea presn\u00e9ho receptu.","publisher":{"@id":"https:\/\/dohiku.eu\/sk\/#organization"},"potentialAction":[{"@type":"SearchAction","target":{"@type":"EntryPoint","urlTemplate":"https:\/\/dohiku.eu\/sk\/?s={search_term_string}"},"query-input":{"@type":"PropertyValueSpecification","valueRequired":true,"valueName":"search_term_string"}}],"inLanguage":"sk-SK"},{"@type":"Organization","@id":"https:\/\/dohiku.eu\/sk\/#organization","name":"DOHIKU s.r.o.","url":"https:\/\/dohiku.eu\/sk\/","logo":{"@type":"ImageObject","inLanguage":"sk-SK","@id":"https:\/\/dohiku.eu\/sk\/#\/schema\/logo\/image\/","url":"https:\/\/dohiku.eu\/wp-content\/uploads\/2024\/01\/cropped-dohiku.png","contentUrl":"https:\/\/dohiku.eu\/wp-content\/uploads\/2024\/01\/cropped-dohiku.png","width":137,"height":87,"caption":"DOHIKU s.r.o."},"image":{"@id":"https:\/\/dohiku.eu\/sk\/#\/schema\/logo\/image\/"}}]}},"_links":{"self":[{"href":"https:\/\/dohiku.eu\/sk\/wp-json\/wp\/v2\/product\/7157","targetHints":{"allow":["GET"]}}],"collection":[{"href":"https:\/\/dohiku.eu\/sk\/wp-json\/wp\/v2\/product"}],"about":[{"href":"https:\/\/dohiku.eu\/sk\/wp-json\/wp\/v2\/types\/product"}],"replies":[{"embeddable":true,"href":"https:\/\/dohiku.eu\/sk\/wp-json\/wp\/v2\/comments?post=7157"}],"wp:featuredmedia":[{"embeddable":true,"href":"https:\/\/dohiku.eu\/sk\/wp-json\/wp\/v2\/media\/6367"}],"wp:attachment":[{"href":"https:\/\/dohiku.eu\/sk\/wp-json\/wp\/v2\/media?parent=7157"}],"wp:term":[{"taxonomy":"product_brand","embeddable":true,"href":"https:\/\/dohiku.eu\/sk\/wp-json\/wp\/v2\/product_brand?post=7157"},{"taxonomy":"product_cat","embeddable":true,"href":"https:\/\/dohiku.eu\/sk\/wp-json\/wp\/v2\/product_cat?post=7157"},{"taxonomy":"product_tag","embeddable":true,"href":"https:\/\/dohiku.eu\/sk\/wp-json\/wp\/v2\/product_tag?post=7157"}],"curies":[{"name":"wp","href":"https:\/\/api.w.org\/{rel}","templated":true}]}}