{"id":7145,"date":"2019-03-01T12:02:01","date_gmt":"2019-03-01T12:02:01","guid":{"rendered":"https:\/\/dohiku.eu\/shop\/nezaraden\u00e9\/sklopna-hlava-pristavacej-siete-s-magnetickym-drziakom\/"},"modified":"2026-04-22T09:12:40","modified_gmt":"2026-04-22T09:12:40","slug":"podberak-skladaci-special-magnetic","status":"publish","type":"product","link":"https:\/\/dohiku.eu\/sk\/shop\/podberaky-a-kosiky\/podberak-skladaci-special-magnetic\/","title":{"rendered":"Podber\u00e1k skladac\u00ed &#8211; \u0160peci\u00e1l Magnetic"},"content":{"rendered":"<p>Skl\u00e1pac\u00ed podber\u00e1k doplnen\u00fd\u00a0 magnetick\u00fdm dr\u017eiakom. Odpor\u00fa\u010dame ho pou\u017e\u00edva\u0165 pri love z lode a na v\u00e4\u010d\u0161ie ryby na rieke. \u013dahk\u00fd a pevn\u00fd r\u00e1m. Rozmer r\u00e1mu je\u00a0<a href=\"https:\/\/maps.google.com\/?q=34+x+63&amp;entry=gmail&amp;source=g\">34 x 63<\/a>\u00a0cm. Celkov\u00e1 d\u013a\u017eka\u00a0 podber\u00e1ku 133 cm.<\/p>\n<div><\/div>\n<div><span style=\"font-family: arial, sans-serif;font-size: 12.8px\">\u00a0<\/span><\/div>\n","protected":false},"excerpt":{"rendered":"<p>Skl\u00e1pac\u00ed podber\u00e1k doplnen\u00fd\u00a0 magnetick\u00fdm dr\u017eiakom. Odpor\u00fa\u010dame ho pou\u017e\u00edva\u0165 pri love z lode a na v\u00e4\u010d\u0161ie ryby na rieke. \u013dahk\u00fd a pevn\u00fd r\u00e1m. Rozmer r\u00e1mu je\u00a0<a href=\"https:\/\/maps.google.com\/?q=34+x+63&amp;entry=gmail&amp;source=g\">34 x 63<\/a>\u00a0cm. Celkov\u00e1 d\u013a\u017eka\u00a0 podber\u00e1ku 133 cm.<\/p>\n","protected":false},"featured_media":6392,"comment_status":"closed","ping_status":"closed","template":"","meta":[],"product_brand":[],"product_cat":[536],"product_tag":[],"class_list":{"0":"post-7145","1":"product","2":"type-product","3":"status-publish","4":"has-post-thumbnail","6":"product_cat-podberaky-a-kosiky","8":"first","9":"instock","10":"taxable","11":"shipping-taxable","12":"purchasable","13":"product-type-simple"},"yoast_head":"<!-- This site is optimized with the Yoast SEO plugin v27.4 - https:\/\/yoast.com\/product\/yoast-seo-wordpress\/ -->\n<title>Podber\u00e1k skladac\u00ed - \u0160peci\u00e1l Magnetic - DOHIKU<\/title>\n<meta name=\"robots\" content=\"index, follow, max-snippet:-1, max-image-preview:large, max-video-preview:-1\" \/>\n<link rel=\"canonical\" href=\"https:\/\/dohiku.eu\/sk\/shop\/podberaky-a-kosiky\/podberak-skladaci-special-magnetic\/\" \/>\n<meta property=\"og:locale\" content=\"sk_SK\" \/>\n<meta property=\"og:type\" content=\"article\" \/>\n<meta property=\"og:title\" content=\"Podber\u00e1k skladac\u00ed - \u0160peci\u00e1l Magnetic - DOHIKU\" \/>\n<meta property=\"og:description\" content=\"Skl\u00e1pac\u00ed podber\u00e1k doplnen\u00fd\u00a0 magnetick\u00fdm dr\u017eiakom. Odpor\u00fa\u010dame ho pou\u017e\u00edva\u0165 pri love z lode a na v\u00e4\u010d\u0161ie ryby na rieke. \u013dahk\u00fd a pevn\u00fd r\u00e1m. Rozmer r\u00e1mu je\u00a034 x 63\u00a0cm. Celkov\u00e1 d\u013a\u017eka\u00a0 podber\u00e1ku 133 cm.\" \/>\n<meta property=\"og:url\" content=\"https:\/\/dohiku.eu\/sk\/shop\/podberaky-a-kosiky\/podberak-skladaci-special-magnetic\/\" \/>\n<meta property=\"og:site_name\" content=\"DOHIKU\" \/>\n<meta property=\"article:modified_time\" content=\"2026-04-22T09:12:40+00:00\" \/>\n<meta property=\"og:image\" content=\"https:\/\/dohiku.eu\/wp-content\/uploads\/2019\/03\/1793-Folding-landing-net-head-with-magnetic-holder.jpg\" \/>\n\t<meta property=\"og:image:width\" content=\"500\" \/>\n\t<meta property=\"og:image:height\" content=\"700\" \/>\n\t<meta property=\"og:image:type\" content=\"image\/jpeg\" \/>\n<meta name=\"twitter:card\" content=\"summary_large_image\" \/>\n<meta name=\"twitter:label1\" content=\"Predpokladan\u00fd \u010das \u010d\u00edtania\" \/>\n\t<meta name=\"twitter:data1\" content=\"1 min\u00fata\" \/>\n<script type=\"application\/ld+json\" class=\"yoast-schema-graph\">{\"@context\":\"https:\\\/\\\/schema.org\",\"@graph\":[{\"@type\":\"WebPage\",\"@id\":\"https:\\\/\\\/dohiku.eu\\\/sk\\\/shop\\\/podberaky-a-kosiky\\\/podberak-skladaci-special-magnetic\\\/\",\"url\":\"https:\\\/\\\/dohiku.eu\\\/sk\\\/shop\\\/podberaky-a-kosiky\\\/podberak-skladaci-special-magnetic\\\/\",\"name\":\"Podber\u00e1k skladac\u00ed - \u0160peci\u00e1l Magnetic - DOHIKU\",\"isPartOf\":{\"@id\":\"https:\\\/\\\/dohiku.eu\\\/sk\\\/#website\"},\"primaryImageOfPage\":{\"@id\":\"https:\\\/\\\/dohiku.eu\\\/sk\\\/shop\\\/podberaky-a-kosiky\\\/podberak-skladaci-special-magnetic\\\/#primaryimage\"},\"image\":{\"@id\":\"https:\\\/\\\/dohiku.eu\\\/sk\\\/shop\\\/podberaky-a-kosiky\\\/podberak-skladaci-special-magnetic\\\/#primaryimage\"},\"thumbnailUrl\":\"https:\\\/\\\/dohiku.eu\\\/wp-content\\\/uploads\\\/2019\\\/03\\\/1793-Folding-landing-net-head-with-magnetic-holder.jpg\",\"datePublished\":\"2019-03-01T12:02:01+00:00\",\"dateModified\":\"2026-04-22T09:12:40+00:00\",\"breadcrumb\":{\"@id\":\"https:\\\/\\\/dohiku.eu\\\/sk\\\/shop\\\/podberaky-a-kosiky\\\/podberak-skladaci-special-magnetic\\\/#breadcrumb\"},\"inLanguage\":\"sk-SK\",\"potentialAction\":[{\"@type\":\"ReadAction\",\"target\":[\"https:\\\/\\\/dohiku.eu\\\/sk\\\/shop\\\/podberaky-a-kosiky\\\/podberak-skladaci-special-magnetic\\\/\"]}]},{\"@type\":\"ImageObject\",\"inLanguage\":\"sk-SK\",\"@id\":\"https:\\\/\\\/dohiku.eu\\\/sk\\\/shop\\\/podberaky-a-kosiky\\\/podberak-skladaci-special-magnetic\\\/#primaryimage\",\"url\":\"https:\\\/\\\/dohiku.eu\\\/wp-content\\\/uploads\\\/2019\\\/03\\\/1793-Folding-landing-net-head-with-magnetic-holder.jpg\",\"contentUrl\":\"https:\\\/\\\/dohiku.eu\\\/wp-content\\\/uploads\\\/2019\\\/03\\\/1793-Folding-landing-net-head-with-magnetic-holder.jpg\",\"width\":500,\"height\":700},{\"@type\":\"BreadcrumbList\",\"@id\":\"https:\\\/\\\/dohiku.eu\\\/sk\\\/shop\\\/podberaky-a-kosiky\\\/podberak-skladaci-special-magnetic\\\/#breadcrumb\",\"itemListElement\":[{\"@type\":\"ListItem\",\"position\":1,\"name\":\"Home\",\"item\":\"https:\\\/\\\/dohiku.eu\\\/sk\\\/\"},{\"@type\":\"ListItem\",\"position\":2,\"name\":\"PRODUCTS\",\"item\":\"https:\\\/\\\/dohiku.eu\\\/sk\\\/products\\\/\"},{\"@type\":\"ListItem\",\"position\":3,\"name\":\"Podber\u00e1k skladac\u00ed &#8211; \u0160peci\u00e1l Magnetic\"}]},{\"@type\":\"WebSite\",\"@id\":\"https:\\\/\\\/dohiku.eu\\\/sk\\\/#website\",\"url\":\"https:\\\/\\\/dohiku.eu\\\/sk\\\/\",\"name\":\"DOHIKU\",\"description\":\"H\u00e1\u010diky DOHIKU s\u00fa vyroben\u00e9 z vysoko uhl\u00edkovej ocele, ktor\u00e1 je kalen\u00e1 a pop\u00fa\u0161\u0165an\u00e1 pod\u013ea presn\u00e9ho receptu.\",\"publisher\":{\"@id\":\"https:\\\/\\\/dohiku.eu\\\/sk\\\/#organization\"},\"potentialAction\":[{\"@type\":\"SearchAction\",\"target\":{\"@type\":\"EntryPoint\",\"urlTemplate\":\"https:\\\/\\\/dohiku.eu\\\/sk\\\/?s={search_term_string}\"},\"query-input\":{\"@type\":\"PropertyValueSpecification\",\"valueRequired\":true,\"valueName\":\"search_term_string\"}}],\"inLanguage\":\"sk-SK\"},{\"@type\":\"Organization\",\"@id\":\"https:\\\/\\\/dohiku.eu\\\/sk\\\/#organization\",\"name\":\"DOHIKU s.r.o.\",\"url\":\"https:\\\/\\\/dohiku.eu\\\/sk\\\/\",\"logo\":{\"@type\":\"ImageObject\",\"inLanguage\":\"sk-SK\",\"@id\":\"https:\\\/\\\/dohiku.eu\\\/sk\\\/#\\\/schema\\\/logo\\\/image\\\/\",\"url\":\"https:\\\/\\\/dohiku.eu\\\/wp-content\\\/uploads\\\/2024\\\/01\\\/cropped-dohiku.png\",\"contentUrl\":\"https:\\\/\\\/dohiku.eu\\\/wp-content\\\/uploads\\\/2024\\\/01\\\/cropped-dohiku.png\",\"width\":137,\"height\":87,\"caption\":\"DOHIKU s.r.o.\"},\"image\":{\"@id\":\"https:\\\/\\\/dohiku.eu\\\/sk\\\/#\\\/schema\\\/logo\\\/image\\\/\"}}]}<\/script>\n<!-- \/ Yoast SEO plugin. -->","yoast_head_json":{"title":"Podber\u00e1k skladac\u00ed - \u0160peci\u00e1l Magnetic - DOHIKU","robots":{"index":"index","follow":"follow","max-snippet":"max-snippet:-1","max-image-preview":"max-image-preview:large","max-video-preview":"max-video-preview:-1"},"canonical":"https:\/\/dohiku.eu\/sk\/shop\/podberaky-a-kosiky\/podberak-skladaci-special-magnetic\/","og_locale":"sk_SK","og_type":"article","og_title":"Podber\u00e1k skladac\u00ed - \u0160peci\u00e1l Magnetic - DOHIKU","og_description":"Skl\u00e1pac\u00ed podber\u00e1k doplnen\u00fd\u00a0 magnetick\u00fdm dr\u017eiakom. Odpor\u00fa\u010dame ho pou\u017e\u00edva\u0165 pri love z lode a na v\u00e4\u010d\u0161ie ryby na rieke. \u013dahk\u00fd a pevn\u00fd r\u00e1m. Rozmer r\u00e1mu je\u00a034 x 63\u00a0cm. Celkov\u00e1 d\u013a\u017eka\u00a0 podber\u00e1ku 133 cm.","og_url":"https:\/\/dohiku.eu\/sk\/shop\/podberaky-a-kosiky\/podberak-skladaci-special-magnetic\/","og_site_name":"DOHIKU","article_modified_time":"2026-04-22T09:12:40+00:00","og_image":[{"width":500,"height":700,"url":"https:\/\/dohiku.eu\/wp-content\/uploads\/2019\/03\/1793-Folding-landing-net-head-with-magnetic-holder.jpg","type":"image\/jpeg"}],"twitter_card":"summary_large_image","twitter_misc":{"Predpokladan\u00fd \u010das \u010d\u00edtania":"1 min\u00fata"},"schema":{"@context":"https:\/\/schema.org","@graph":[{"@type":"WebPage","@id":"https:\/\/dohiku.eu\/sk\/shop\/podberaky-a-kosiky\/podberak-skladaci-special-magnetic\/","url":"https:\/\/dohiku.eu\/sk\/shop\/podberaky-a-kosiky\/podberak-skladaci-special-magnetic\/","name":"Podber\u00e1k skladac\u00ed - \u0160peci\u00e1l Magnetic - DOHIKU","isPartOf":{"@id":"https:\/\/dohiku.eu\/sk\/#website"},"primaryImageOfPage":{"@id":"https:\/\/dohiku.eu\/sk\/shop\/podberaky-a-kosiky\/podberak-skladaci-special-magnetic\/#primaryimage"},"image":{"@id":"https:\/\/dohiku.eu\/sk\/shop\/podberaky-a-kosiky\/podberak-skladaci-special-magnetic\/#primaryimage"},"thumbnailUrl":"https:\/\/dohiku.eu\/wp-content\/uploads\/2019\/03\/1793-Folding-landing-net-head-with-magnetic-holder.jpg","datePublished":"2019-03-01T12:02:01+00:00","dateModified":"2026-04-22T09:12:40+00:00","breadcrumb":{"@id":"https:\/\/dohiku.eu\/sk\/shop\/podberaky-a-kosiky\/podberak-skladaci-special-magnetic\/#breadcrumb"},"inLanguage":"sk-SK","potentialAction":[{"@type":"ReadAction","target":["https:\/\/dohiku.eu\/sk\/shop\/podberaky-a-kosiky\/podberak-skladaci-special-magnetic\/"]}]},{"@type":"ImageObject","inLanguage":"sk-SK","@id":"https:\/\/dohiku.eu\/sk\/shop\/podberaky-a-kosiky\/podberak-skladaci-special-magnetic\/#primaryimage","url":"https:\/\/dohiku.eu\/wp-content\/uploads\/2019\/03\/1793-Folding-landing-net-head-with-magnetic-holder.jpg","contentUrl":"https:\/\/dohiku.eu\/wp-content\/uploads\/2019\/03\/1793-Folding-landing-net-head-with-magnetic-holder.jpg","width":500,"height":700},{"@type":"BreadcrumbList","@id":"https:\/\/dohiku.eu\/sk\/shop\/podberaky-a-kosiky\/podberak-skladaci-special-magnetic\/#breadcrumb","itemListElement":[{"@type":"ListItem","position":1,"name":"Home","item":"https:\/\/dohiku.eu\/sk\/"},{"@type":"ListItem","position":2,"name":"PRODUCTS","item":"https:\/\/dohiku.eu\/sk\/products\/"},{"@type":"ListItem","position":3,"name":"Podber\u00e1k skladac\u00ed &#8211; \u0160peci\u00e1l Magnetic"}]},{"@type":"WebSite","@id":"https:\/\/dohiku.eu\/sk\/#website","url":"https:\/\/dohiku.eu\/sk\/","name":"DOHIKU","description":"H\u00e1\u010diky DOHIKU s\u00fa vyroben\u00e9 z vysoko uhl\u00edkovej ocele, ktor\u00e1 je kalen\u00e1 a pop\u00fa\u0161\u0165an\u00e1 pod\u013ea presn\u00e9ho receptu.","publisher":{"@id":"https:\/\/dohiku.eu\/sk\/#organization"},"potentialAction":[{"@type":"SearchAction","target":{"@type":"EntryPoint","urlTemplate":"https:\/\/dohiku.eu\/sk\/?s={search_term_string}"},"query-input":{"@type":"PropertyValueSpecification","valueRequired":true,"valueName":"search_term_string"}}],"inLanguage":"sk-SK"},{"@type":"Organization","@id":"https:\/\/dohiku.eu\/sk\/#organization","name":"DOHIKU s.r.o.","url":"https:\/\/dohiku.eu\/sk\/","logo":{"@type":"ImageObject","inLanguage":"sk-SK","@id":"https:\/\/dohiku.eu\/sk\/#\/schema\/logo\/image\/","url":"https:\/\/dohiku.eu\/wp-content\/uploads\/2024\/01\/cropped-dohiku.png","contentUrl":"https:\/\/dohiku.eu\/wp-content\/uploads\/2024\/01\/cropped-dohiku.png","width":137,"height":87,"caption":"DOHIKU s.r.o."},"image":{"@id":"https:\/\/dohiku.eu\/sk\/#\/schema\/logo\/image\/"}}]}},"_links":{"self":[{"href":"https:\/\/dohiku.eu\/sk\/wp-json\/wp\/v2\/product\/7145","targetHints":{"allow":["GET"]}}],"collection":[{"href":"https:\/\/dohiku.eu\/sk\/wp-json\/wp\/v2\/product"}],"about":[{"href":"https:\/\/dohiku.eu\/sk\/wp-json\/wp\/v2\/types\/product"}],"replies":[{"embeddable":true,"href":"https:\/\/dohiku.eu\/sk\/wp-json\/wp\/v2\/comments?post=7145"}],"wp:featuredmedia":[{"embeddable":true,"href":"https:\/\/dohiku.eu\/sk\/wp-json\/wp\/v2\/media\/6392"}],"wp:attachment":[{"href":"https:\/\/dohiku.eu\/sk\/wp-json\/wp\/v2\/media?parent=7145"}],"wp:term":[{"taxonomy":"product_brand","embeddable":true,"href":"https:\/\/dohiku.eu\/sk\/wp-json\/wp\/v2\/product_brand?post=7145"},{"taxonomy":"product_cat","embeddable":true,"href":"https:\/\/dohiku.eu\/sk\/wp-json\/wp\/v2\/product_cat?post=7145"},{"taxonomy":"product_tag","embeddable":true,"href":"https:\/\/dohiku.eu\/sk\/wp-json\/wp\/v2\/product_tag?post=7145"}],"curies":[{"name":"wp","href":"https:\/\/api.w.org\/{rel}","templated":true}]}}