{"id":7116,"date":"2019-05-03T12:03:46","date_gmt":"2019-05-03T12:03:46","guid":{"rendered":"https:\/\/dohiku.eu\/shop\/nezaraden\u00e9\/makke-uv-dubbing-2\/"},"modified":"2024-02-11T10:38:52","modified_gmt":"2024-02-11T10:38:52","slug":"soft-uv-dubbing-2","status":"publish","type":"product","link":"https:\/\/dohiku.eu\/sk\/shop\/viazacie-materialy\/dubbing-sk\/soft-uv-dubbing\/soft-uv-dubbing-2\/","title":{"rendered":"Soft UV Dubbing"},"content":{"rendered":"<p><span style=\"color: #777777; font-family: 'Open Sans', sans-serif; font-size: 15px;\">Ve\u013emi jemn\u00fd dabing s UV efektom. Doporu\u010dujeme na viazanie \u010dast\u00ed tielka mu\u0161ky ako &#8222;sp\u00fa\u0161\u0165a\u010d&#8220;. Pri viazan\u00ed kriv\u00e1kov je \u00fa\u010dinn\u00e9 ho kombinova\u0165 s materi\u00e1lom, ktor\u00fdm je naviazan\u00e9 tielko mu\u0161ky. Pou\u017eitie: Larvy poto\u010dn\u00edkov, kriv\u00e1ky, pakom\u00e1re.<\/span><\/p>\n","protected":false},"excerpt":{"rendered":"<p><span style=\"color: #777777; font-family: 'Open Sans', sans-serif; font-size: 15px;\">Ve\u013emi jemn\u00fd dabing s UV efektom. Doporu\u010dujeme na viazanie \u010dast\u00ed tielka mu\u0161ky ako &#8222;sp\u00fa\u0161\u0165a\u010d&#8220;. Pri viazan\u00ed kriv\u00e1kov je \u00fa\u010dinn\u00e9 ho kombinova\u0165 s materi\u00e1lom, ktor\u00fdm je naviazan\u00e9 tielko mu\u0161ky. Pou\u017eitie: Larvy poto\u010dn\u00edkov, kriv\u00e1ky, pakom\u00e1re.<\/span><\/p>\n","protected":false},"featured_media":6455,"comment_status":"closed","ping_status":"closed","template":"","meta":[],"product_brand":[],"product_cat":[526,511,506,596,525],"product_tag":[],"class_list":{"0":"post-7116","1":"product","2":"type-product","3":"status-publish","4":"has-post-thumbnail","6":"product_cat-dubbing-sk","7":"product_cat-haciky","8":"product_cat-nezaradene","9":"product_cat-soft-uv-dubbing","10":"product_cat-viazacie-materialy","12":"first","13":"instock","14":"taxable","15":"shipping-taxable","16":"purchasable","17":"product-type-simple"},"yoast_head":"<!-- This site is optimized with the Yoast SEO plugin v27.4 - https:\/\/yoast.com\/product\/yoast-seo-wordpress\/ -->\n<title>Soft UV Dubbing - DOHIKU<\/title>\n<meta name=\"robots\" content=\"index, follow, max-snippet:-1, max-image-preview:large, max-video-preview:-1\" \/>\n<link rel=\"canonical\" href=\"https:\/\/dohiku.eu\/sk\/shop\/viazacie-materialy\/dubbing-sk\/soft-uv-dubbing\/soft-uv-dubbing-2\/\" \/>\n<meta property=\"og:locale\" content=\"sk_SK\" \/>\n<meta property=\"og:type\" content=\"article\" \/>\n<meta property=\"og:title\" content=\"Soft UV Dubbing - DOHIKU\" \/>\n<meta property=\"og:description\" content=\"Ve\u013emi jemn\u00fd dabing s UV efektom. Doporu\u010dujeme na viazanie \u010dast\u00ed tielka mu\u0161ky ako &quot;sp\u00fa\u0161\u0165a\u010d&quot;. Pri viazan\u00ed kriv\u00e1kov je \u00fa\u010dinn\u00e9 ho kombinova\u0165 s materi\u00e1lom, ktor\u00fdm je naviazan\u00e9 tielko mu\u0161ky. Pou\u017eitie: Larvy poto\u010dn\u00edkov, kriv\u00e1ky, pakom\u00e1re.\" \/>\n<meta property=\"og:url\" content=\"https:\/\/dohiku.eu\/sk\/shop\/viazacie-materialy\/dubbing-sk\/soft-uv-dubbing\/soft-uv-dubbing-2\/\" \/>\n<meta property=\"og:site_name\" content=\"DOHIKU\" \/>\n<meta property=\"article:modified_time\" content=\"2024-02-11T10:38:52+00:00\" \/>\n<meta property=\"og:image\" content=\"https:\/\/dohiku.eu\/wp-content\/uploads\/2019\/05\/1949-Soft-UV-Dubbing.jpg\" \/>\n\t<meta property=\"og:image:width\" content=\"1181\" \/>\n\t<meta property=\"og:image:height\" content=\"1068\" \/>\n\t<meta property=\"og:image:type\" content=\"image\/jpeg\" \/>\n<meta name=\"twitter:card\" content=\"summary_large_image\" \/>\n<script type=\"application\/ld+json\" class=\"yoast-schema-graph\">{\"@context\":\"https:\\\/\\\/schema.org\",\"@graph\":[{\"@type\":\"WebPage\",\"@id\":\"https:\\\/\\\/dohiku.eu\\\/sk\\\/shop\\\/viazacie-materialy\\\/dubbing-sk\\\/soft-uv-dubbing\\\/soft-uv-dubbing-2\\\/\",\"url\":\"https:\\\/\\\/dohiku.eu\\\/sk\\\/shop\\\/viazacie-materialy\\\/dubbing-sk\\\/soft-uv-dubbing\\\/soft-uv-dubbing-2\\\/\",\"name\":\"Soft UV Dubbing - DOHIKU\",\"isPartOf\":{\"@id\":\"https:\\\/\\\/dohiku.eu\\\/sk\\\/#website\"},\"primaryImageOfPage\":{\"@id\":\"https:\\\/\\\/dohiku.eu\\\/sk\\\/shop\\\/viazacie-materialy\\\/dubbing-sk\\\/soft-uv-dubbing\\\/soft-uv-dubbing-2\\\/#primaryimage\"},\"image\":{\"@id\":\"https:\\\/\\\/dohiku.eu\\\/sk\\\/shop\\\/viazacie-materialy\\\/dubbing-sk\\\/soft-uv-dubbing\\\/soft-uv-dubbing-2\\\/#primaryimage\"},\"thumbnailUrl\":\"https:\\\/\\\/dohiku.eu\\\/wp-content\\\/uploads\\\/2019\\\/05\\\/1949-Soft-UV-Dubbing.jpg\",\"datePublished\":\"2019-05-03T12:03:46+00:00\",\"dateModified\":\"2024-02-11T10:38:52+00:00\",\"breadcrumb\":{\"@id\":\"https:\\\/\\\/dohiku.eu\\\/sk\\\/shop\\\/viazacie-materialy\\\/dubbing-sk\\\/soft-uv-dubbing\\\/soft-uv-dubbing-2\\\/#breadcrumb\"},\"inLanguage\":\"sk-SK\",\"potentialAction\":[{\"@type\":\"ReadAction\",\"target\":[\"https:\\\/\\\/dohiku.eu\\\/sk\\\/shop\\\/viazacie-materialy\\\/dubbing-sk\\\/soft-uv-dubbing\\\/soft-uv-dubbing-2\\\/\"]}]},{\"@type\":\"ImageObject\",\"inLanguage\":\"sk-SK\",\"@id\":\"https:\\\/\\\/dohiku.eu\\\/sk\\\/shop\\\/viazacie-materialy\\\/dubbing-sk\\\/soft-uv-dubbing\\\/soft-uv-dubbing-2\\\/#primaryimage\",\"url\":\"https:\\\/\\\/dohiku.eu\\\/wp-content\\\/uploads\\\/2019\\\/05\\\/1949-Soft-UV-Dubbing.jpg\",\"contentUrl\":\"https:\\\/\\\/dohiku.eu\\\/wp-content\\\/uploads\\\/2019\\\/05\\\/1949-Soft-UV-Dubbing.jpg\",\"width\":1181,\"height\":1068},{\"@type\":\"BreadcrumbList\",\"@id\":\"https:\\\/\\\/dohiku.eu\\\/sk\\\/shop\\\/viazacie-materialy\\\/dubbing-sk\\\/soft-uv-dubbing\\\/soft-uv-dubbing-2\\\/#breadcrumb\",\"itemListElement\":[{\"@type\":\"ListItem\",\"position\":1,\"name\":\"Home\",\"item\":\"https:\\\/\\\/dohiku.eu\\\/sk\\\/\"},{\"@type\":\"ListItem\",\"position\":2,\"name\":\"PRODUCTS\",\"item\":\"https:\\\/\\\/dohiku.eu\\\/sk\\\/products\\\/\"},{\"@type\":\"ListItem\",\"position\":3,\"name\":\"Soft UV Dubbing\"}]},{\"@type\":\"WebSite\",\"@id\":\"https:\\\/\\\/dohiku.eu\\\/sk\\\/#website\",\"url\":\"https:\\\/\\\/dohiku.eu\\\/sk\\\/\",\"name\":\"DOHIKU\",\"description\":\"H\u00e1\u010diky DOHIKU s\u00fa vyroben\u00e9 z vysoko uhl\u00edkovej ocele, ktor\u00e1 je kalen\u00e1 a pop\u00fa\u0161\u0165an\u00e1 pod\u013ea presn\u00e9ho receptu.\",\"publisher\":{\"@id\":\"https:\\\/\\\/dohiku.eu\\\/sk\\\/#organization\"},\"potentialAction\":[{\"@type\":\"SearchAction\",\"target\":{\"@type\":\"EntryPoint\",\"urlTemplate\":\"https:\\\/\\\/dohiku.eu\\\/sk\\\/?s={search_term_string}\"},\"query-input\":{\"@type\":\"PropertyValueSpecification\",\"valueRequired\":true,\"valueName\":\"search_term_string\"}}],\"inLanguage\":\"sk-SK\"},{\"@type\":\"Organization\",\"@id\":\"https:\\\/\\\/dohiku.eu\\\/sk\\\/#organization\",\"name\":\"DOHIKU s.r.o.\",\"url\":\"https:\\\/\\\/dohiku.eu\\\/sk\\\/\",\"logo\":{\"@type\":\"ImageObject\",\"inLanguage\":\"sk-SK\",\"@id\":\"https:\\\/\\\/dohiku.eu\\\/sk\\\/#\\\/schema\\\/logo\\\/image\\\/\",\"url\":\"https:\\\/\\\/dohiku.eu\\\/wp-content\\\/uploads\\\/2024\\\/01\\\/cropped-dohiku.png\",\"contentUrl\":\"https:\\\/\\\/dohiku.eu\\\/wp-content\\\/uploads\\\/2024\\\/01\\\/cropped-dohiku.png\",\"width\":137,\"height\":87,\"caption\":\"DOHIKU s.r.o.\"},\"image\":{\"@id\":\"https:\\\/\\\/dohiku.eu\\\/sk\\\/#\\\/schema\\\/logo\\\/image\\\/\"}}]}<\/script>\n<!-- \/ Yoast SEO plugin. -->","yoast_head_json":{"title":"Soft UV Dubbing - DOHIKU","robots":{"index":"index","follow":"follow","max-snippet":"max-snippet:-1","max-image-preview":"max-image-preview:large","max-video-preview":"max-video-preview:-1"},"canonical":"https:\/\/dohiku.eu\/sk\/shop\/viazacie-materialy\/dubbing-sk\/soft-uv-dubbing\/soft-uv-dubbing-2\/","og_locale":"sk_SK","og_type":"article","og_title":"Soft UV Dubbing - DOHIKU","og_description":"Ve\u013emi jemn\u00fd dabing s UV efektom. Doporu\u010dujeme na viazanie \u010dast\u00ed tielka mu\u0161ky ako \"sp\u00fa\u0161\u0165a\u010d\". Pri viazan\u00ed kriv\u00e1kov je \u00fa\u010dinn\u00e9 ho kombinova\u0165 s materi\u00e1lom, ktor\u00fdm je naviazan\u00e9 tielko mu\u0161ky. Pou\u017eitie: Larvy poto\u010dn\u00edkov, kriv\u00e1ky, pakom\u00e1re.","og_url":"https:\/\/dohiku.eu\/sk\/shop\/viazacie-materialy\/dubbing-sk\/soft-uv-dubbing\/soft-uv-dubbing-2\/","og_site_name":"DOHIKU","article_modified_time":"2024-02-11T10:38:52+00:00","og_image":[{"width":1181,"height":1068,"url":"https:\/\/dohiku.eu\/wp-content\/uploads\/2019\/05\/1949-Soft-UV-Dubbing.jpg","type":"image\/jpeg"}],"twitter_card":"summary_large_image","schema":{"@context":"https:\/\/schema.org","@graph":[{"@type":"WebPage","@id":"https:\/\/dohiku.eu\/sk\/shop\/viazacie-materialy\/dubbing-sk\/soft-uv-dubbing\/soft-uv-dubbing-2\/","url":"https:\/\/dohiku.eu\/sk\/shop\/viazacie-materialy\/dubbing-sk\/soft-uv-dubbing\/soft-uv-dubbing-2\/","name":"Soft UV Dubbing - DOHIKU","isPartOf":{"@id":"https:\/\/dohiku.eu\/sk\/#website"},"primaryImageOfPage":{"@id":"https:\/\/dohiku.eu\/sk\/shop\/viazacie-materialy\/dubbing-sk\/soft-uv-dubbing\/soft-uv-dubbing-2\/#primaryimage"},"image":{"@id":"https:\/\/dohiku.eu\/sk\/shop\/viazacie-materialy\/dubbing-sk\/soft-uv-dubbing\/soft-uv-dubbing-2\/#primaryimage"},"thumbnailUrl":"https:\/\/dohiku.eu\/wp-content\/uploads\/2019\/05\/1949-Soft-UV-Dubbing.jpg","datePublished":"2019-05-03T12:03:46+00:00","dateModified":"2024-02-11T10:38:52+00:00","breadcrumb":{"@id":"https:\/\/dohiku.eu\/sk\/shop\/viazacie-materialy\/dubbing-sk\/soft-uv-dubbing\/soft-uv-dubbing-2\/#breadcrumb"},"inLanguage":"sk-SK","potentialAction":[{"@type":"ReadAction","target":["https:\/\/dohiku.eu\/sk\/shop\/viazacie-materialy\/dubbing-sk\/soft-uv-dubbing\/soft-uv-dubbing-2\/"]}]},{"@type":"ImageObject","inLanguage":"sk-SK","@id":"https:\/\/dohiku.eu\/sk\/shop\/viazacie-materialy\/dubbing-sk\/soft-uv-dubbing\/soft-uv-dubbing-2\/#primaryimage","url":"https:\/\/dohiku.eu\/wp-content\/uploads\/2019\/05\/1949-Soft-UV-Dubbing.jpg","contentUrl":"https:\/\/dohiku.eu\/wp-content\/uploads\/2019\/05\/1949-Soft-UV-Dubbing.jpg","width":1181,"height":1068},{"@type":"BreadcrumbList","@id":"https:\/\/dohiku.eu\/sk\/shop\/viazacie-materialy\/dubbing-sk\/soft-uv-dubbing\/soft-uv-dubbing-2\/#breadcrumb","itemListElement":[{"@type":"ListItem","position":1,"name":"Home","item":"https:\/\/dohiku.eu\/sk\/"},{"@type":"ListItem","position":2,"name":"PRODUCTS","item":"https:\/\/dohiku.eu\/sk\/products\/"},{"@type":"ListItem","position":3,"name":"Soft UV Dubbing"}]},{"@type":"WebSite","@id":"https:\/\/dohiku.eu\/sk\/#website","url":"https:\/\/dohiku.eu\/sk\/","name":"DOHIKU","description":"H\u00e1\u010diky DOHIKU s\u00fa vyroben\u00e9 z vysoko uhl\u00edkovej ocele, ktor\u00e1 je kalen\u00e1 a pop\u00fa\u0161\u0165an\u00e1 pod\u013ea presn\u00e9ho receptu.","publisher":{"@id":"https:\/\/dohiku.eu\/sk\/#organization"},"potentialAction":[{"@type":"SearchAction","target":{"@type":"EntryPoint","urlTemplate":"https:\/\/dohiku.eu\/sk\/?s={search_term_string}"},"query-input":{"@type":"PropertyValueSpecification","valueRequired":true,"valueName":"search_term_string"}}],"inLanguage":"sk-SK"},{"@type":"Organization","@id":"https:\/\/dohiku.eu\/sk\/#organization","name":"DOHIKU s.r.o.","url":"https:\/\/dohiku.eu\/sk\/","logo":{"@type":"ImageObject","inLanguage":"sk-SK","@id":"https:\/\/dohiku.eu\/sk\/#\/schema\/logo\/image\/","url":"https:\/\/dohiku.eu\/wp-content\/uploads\/2024\/01\/cropped-dohiku.png","contentUrl":"https:\/\/dohiku.eu\/wp-content\/uploads\/2024\/01\/cropped-dohiku.png","width":137,"height":87,"caption":"DOHIKU s.r.o."},"image":{"@id":"https:\/\/dohiku.eu\/sk\/#\/schema\/logo\/image\/"}}]}},"_links":{"self":[{"href":"https:\/\/dohiku.eu\/sk\/wp-json\/wp\/v2\/product\/7116","targetHints":{"allow":["GET"]}}],"collection":[{"href":"https:\/\/dohiku.eu\/sk\/wp-json\/wp\/v2\/product"}],"about":[{"href":"https:\/\/dohiku.eu\/sk\/wp-json\/wp\/v2\/types\/product"}],"replies":[{"embeddable":true,"href":"https:\/\/dohiku.eu\/sk\/wp-json\/wp\/v2\/comments?post=7116"}],"wp:featuredmedia":[{"embeddable":true,"href":"https:\/\/dohiku.eu\/sk\/wp-json\/wp\/v2\/media\/6455"}],"wp:attachment":[{"href":"https:\/\/dohiku.eu\/sk\/wp-json\/wp\/v2\/media?parent=7116"}],"wp:term":[{"taxonomy":"product_brand","embeddable":true,"href":"https:\/\/dohiku.eu\/sk\/wp-json\/wp\/v2\/product_brand?post=7116"},{"taxonomy":"product_cat","embeddable":true,"href":"https:\/\/dohiku.eu\/sk\/wp-json\/wp\/v2\/product_cat?post=7116"},{"taxonomy":"product_tag","embeddable":true,"href":"https:\/\/dohiku.eu\/sk\/wp-json\/wp\/v2\/product_tag?post=7116"}],"curies":[{"name":"wp","href":"https:\/\/api.w.org\/{rel}","templated":true}]}}