{"id":7099,"date":"2019-10-16T09:54:32","date_gmt":"2019-10-16T09:54:32","guid":{"rendered":"https:\/\/dohiku.eu\/shop\/nezaraden\u00e9\/makke-uv-dubbing\/"},"modified":"2024-02-11T08:32:47","modified_gmt":"2024-02-11T08:32:47","slug":"makke-uv-dubbing","status":"publish","type":"product","link":"https:\/\/dohiku.eu\/sk\/shop\/viazacie-materialy\/dubbing-sk\/soft-uv-dubbing\/makke-uv-dubbing\/","title":{"rendered":"M\u00e4kk\u00e9 UV dubbing"},"content":{"rendered":"<p>Ve\u013emi jemn\u00fd dabing s UV efektom. Odpor\u00fa\u010da sa na viazanie mu\u0161iek ako &#8222;sp\u00fa\u0161\u0165a\u010d&#8220;. Pri viazan\u00ed kreviet je efekt\u00edvne kombinova\u0165 ich s materi\u00e1lom, ktor\u00fd je pripevnen\u00fd na prednej strane mu\u0161ky. POU\u017dITIE: Larvy mreny, chrob\u00e1ky, pakom\u00e1re.<\/p>\n","protected":false},"excerpt":{"rendered":"<p>Ve\u013emi jemn\u00fd dabing s UV efektom. Odpor\u00fa\u010da sa na viazanie mu\u0161iek ako &#8222;sp\u00fa\u0161\u0165a\u010d&#8220;. Pri viazan\u00ed kreviet je efekt\u00edvne kombinova\u0165 ich s materi\u00e1lom, ktor\u00fd je pripevnen\u00fd na prednej strane mu\u0161ky. POU\u017dITIE: Larvy mreny, chrob\u00e1ky, pakom\u00e1re.<\/p>\n","protected":false},"featured_media":3580,"comment_status":"closed","ping_status":"closed","template":"","meta":[],"product_brand":[],"product_cat":[511,525,526,596],"product_tag":[],"class_list":{"0":"post-7099","1":"product","2":"type-product","3":"status-publish","4":"has-post-thumbnail","6":"product_cat-haciky","7":"product_cat-viazacie-materialy","8":"product_cat-dubbing-sk","9":"product_cat-soft-uv-dubbing","11":"first","12":"instock","13":"taxable","14":"shipping-taxable","15":"purchasable","16":"product-type-simple"},"yoast_head":"<!-- This site is optimized with the Yoast SEO plugin v27.4 - https:\/\/yoast.com\/product\/yoast-seo-wordpress\/ -->\n<title>M\u00e4kk\u00e9 UV dubbing - DOHIKU<\/title>\n<meta name=\"robots\" content=\"index, follow, max-snippet:-1, max-image-preview:large, max-video-preview:-1\" \/>\n<link rel=\"canonical\" href=\"https:\/\/dohiku.eu\/sk\/shop\/viazacie-materialy\/dubbing-sk\/soft-uv-dubbing\/makke-uv-dubbing\/\" \/>\n<meta property=\"og:locale\" content=\"sk_SK\" \/>\n<meta property=\"og:type\" content=\"article\" \/>\n<meta property=\"og:title\" content=\"M\u00e4kk\u00e9 UV dubbing - DOHIKU\" \/>\n<meta property=\"og:description\" content=\"Ve\u013emi jemn\u00fd dabing s UV efektom. Odpor\u00fa\u010da sa na viazanie mu\u0161iek ako &quot;sp\u00fa\u0161\u0165a\u010d&quot;. Pri viazan\u00ed kreviet je efekt\u00edvne kombinova\u0165 ich s materi\u00e1lom, ktor\u00fd je pripevnen\u00fd na prednej strane mu\u0161ky. POU\u017dITIE: Larvy mreny, chrob\u00e1ky, pakom\u00e1re.\" \/>\n<meta property=\"og:url\" content=\"https:\/\/dohiku.eu\/sk\/shop\/viazacie-materialy\/dubbing-sk\/soft-uv-dubbing\/makke-uv-dubbing\/\" \/>\n<meta property=\"og:site_name\" content=\"DOHIKU\" \/>\n<meta property=\"article:modified_time\" content=\"2024-02-11T08:32:47+00:00\" \/>\n<meta property=\"og:image\" content=\"https:\/\/dohiku.eu\/wp-content\/uploads\/2019\/10\/2126-Soft-UV-Dubbing.jpg\" \/>\n\t<meta property=\"og:image:width\" content=\"800\" \/>\n\t<meta property=\"og:image:height\" content=\"710\" \/>\n\t<meta property=\"og:image:type\" content=\"image\/jpeg\" \/>\n<meta name=\"twitter:card\" content=\"summary_large_image\" \/>\n<script type=\"application\/ld+json\" class=\"yoast-schema-graph\">{\"@context\":\"https:\\\/\\\/schema.org\",\"@graph\":[{\"@type\":\"WebPage\",\"@id\":\"https:\\\/\\\/dohiku.eu\\\/sk\\\/shop\\\/viazacie-materialy\\\/dubbing-sk\\\/soft-uv-dubbing\\\/makke-uv-dubbing\\\/\",\"url\":\"https:\\\/\\\/dohiku.eu\\\/sk\\\/shop\\\/viazacie-materialy\\\/dubbing-sk\\\/soft-uv-dubbing\\\/makke-uv-dubbing\\\/\",\"name\":\"M\u00e4kk\u00e9 UV dubbing - DOHIKU\",\"isPartOf\":{\"@id\":\"https:\\\/\\\/dohiku.eu\\\/sk\\\/#website\"},\"primaryImageOfPage\":{\"@id\":\"https:\\\/\\\/dohiku.eu\\\/sk\\\/shop\\\/viazacie-materialy\\\/dubbing-sk\\\/soft-uv-dubbing\\\/makke-uv-dubbing\\\/#primaryimage\"},\"image\":{\"@id\":\"https:\\\/\\\/dohiku.eu\\\/sk\\\/shop\\\/viazacie-materialy\\\/dubbing-sk\\\/soft-uv-dubbing\\\/makke-uv-dubbing\\\/#primaryimage\"},\"thumbnailUrl\":\"https:\\\/\\\/dohiku.eu\\\/wp-content\\\/uploads\\\/2019\\\/10\\\/2126-Soft-UV-Dubbing.jpg\",\"datePublished\":\"2019-10-16T09:54:32+00:00\",\"dateModified\":\"2024-02-11T08:32:47+00:00\",\"breadcrumb\":{\"@id\":\"https:\\\/\\\/dohiku.eu\\\/sk\\\/shop\\\/viazacie-materialy\\\/dubbing-sk\\\/soft-uv-dubbing\\\/makke-uv-dubbing\\\/#breadcrumb\"},\"inLanguage\":\"sk-SK\",\"potentialAction\":[{\"@type\":\"ReadAction\",\"target\":[\"https:\\\/\\\/dohiku.eu\\\/sk\\\/shop\\\/viazacie-materialy\\\/dubbing-sk\\\/soft-uv-dubbing\\\/makke-uv-dubbing\\\/\"]}]},{\"@type\":\"ImageObject\",\"inLanguage\":\"sk-SK\",\"@id\":\"https:\\\/\\\/dohiku.eu\\\/sk\\\/shop\\\/viazacie-materialy\\\/dubbing-sk\\\/soft-uv-dubbing\\\/makke-uv-dubbing\\\/#primaryimage\",\"url\":\"https:\\\/\\\/dohiku.eu\\\/wp-content\\\/uploads\\\/2019\\\/10\\\/2126-Soft-UV-Dubbing.jpg\",\"contentUrl\":\"https:\\\/\\\/dohiku.eu\\\/wp-content\\\/uploads\\\/2019\\\/10\\\/2126-Soft-UV-Dubbing.jpg\",\"width\":800,\"height\":710,\"caption\":\"Soft UV Dubbing\"},{\"@type\":\"BreadcrumbList\",\"@id\":\"https:\\\/\\\/dohiku.eu\\\/sk\\\/shop\\\/viazacie-materialy\\\/dubbing-sk\\\/soft-uv-dubbing\\\/makke-uv-dubbing\\\/#breadcrumb\",\"itemListElement\":[{\"@type\":\"ListItem\",\"position\":1,\"name\":\"Home\",\"item\":\"https:\\\/\\\/dohiku.eu\\\/sk\\\/\"},{\"@type\":\"ListItem\",\"position\":2,\"name\":\"PRODUCTS\",\"item\":\"https:\\\/\\\/dohiku.eu\\\/sk\\\/products\\\/\"},{\"@type\":\"ListItem\",\"position\":3,\"name\":\"M\u00e4kk\u00e9 UV dubbing\"}]},{\"@type\":\"WebSite\",\"@id\":\"https:\\\/\\\/dohiku.eu\\\/sk\\\/#website\",\"url\":\"https:\\\/\\\/dohiku.eu\\\/sk\\\/\",\"name\":\"DOHIKU\",\"description\":\"H\u00e1\u010diky DOHIKU s\u00fa vyroben\u00e9 z vysoko uhl\u00edkovej ocele, ktor\u00e1 je kalen\u00e1 a pop\u00fa\u0161\u0165an\u00e1 pod\u013ea presn\u00e9ho receptu.\",\"publisher\":{\"@id\":\"https:\\\/\\\/dohiku.eu\\\/sk\\\/#organization\"},\"potentialAction\":[{\"@type\":\"SearchAction\",\"target\":{\"@type\":\"EntryPoint\",\"urlTemplate\":\"https:\\\/\\\/dohiku.eu\\\/sk\\\/?s={search_term_string}\"},\"query-input\":{\"@type\":\"PropertyValueSpecification\",\"valueRequired\":true,\"valueName\":\"search_term_string\"}}],\"inLanguage\":\"sk-SK\"},{\"@type\":\"Organization\",\"@id\":\"https:\\\/\\\/dohiku.eu\\\/sk\\\/#organization\",\"name\":\"DOHIKU s.r.o.\",\"url\":\"https:\\\/\\\/dohiku.eu\\\/sk\\\/\",\"logo\":{\"@type\":\"ImageObject\",\"inLanguage\":\"sk-SK\",\"@id\":\"https:\\\/\\\/dohiku.eu\\\/sk\\\/#\\\/schema\\\/logo\\\/image\\\/\",\"url\":\"https:\\\/\\\/dohiku.eu\\\/wp-content\\\/uploads\\\/2024\\\/01\\\/cropped-dohiku.png\",\"contentUrl\":\"https:\\\/\\\/dohiku.eu\\\/wp-content\\\/uploads\\\/2024\\\/01\\\/cropped-dohiku.png\",\"width\":137,\"height\":87,\"caption\":\"DOHIKU s.r.o.\"},\"image\":{\"@id\":\"https:\\\/\\\/dohiku.eu\\\/sk\\\/#\\\/schema\\\/logo\\\/image\\\/\"}}]}<\/script>\n<!-- \/ Yoast SEO plugin. -->","yoast_head_json":{"title":"M\u00e4kk\u00e9 UV dubbing - DOHIKU","robots":{"index":"index","follow":"follow","max-snippet":"max-snippet:-1","max-image-preview":"max-image-preview:large","max-video-preview":"max-video-preview:-1"},"canonical":"https:\/\/dohiku.eu\/sk\/shop\/viazacie-materialy\/dubbing-sk\/soft-uv-dubbing\/makke-uv-dubbing\/","og_locale":"sk_SK","og_type":"article","og_title":"M\u00e4kk\u00e9 UV dubbing - DOHIKU","og_description":"Ve\u013emi jemn\u00fd dabing s UV efektom. Odpor\u00fa\u010da sa na viazanie mu\u0161iek ako \"sp\u00fa\u0161\u0165a\u010d\". Pri viazan\u00ed kreviet je efekt\u00edvne kombinova\u0165 ich s materi\u00e1lom, ktor\u00fd je pripevnen\u00fd na prednej strane mu\u0161ky. POU\u017dITIE: Larvy mreny, chrob\u00e1ky, pakom\u00e1re.","og_url":"https:\/\/dohiku.eu\/sk\/shop\/viazacie-materialy\/dubbing-sk\/soft-uv-dubbing\/makke-uv-dubbing\/","og_site_name":"DOHIKU","article_modified_time":"2024-02-11T08:32:47+00:00","og_image":[{"width":800,"height":710,"url":"https:\/\/dohiku.eu\/wp-content\/uploads\/2019\/10\/2126-Soft-UV-Dubbing.jpg","type":"image\/jpeg"}],"twitter_card":"summary_large_image","schema":{"@context":"https:\/\/schema.org","@graph":[{"@type":"WebPage","@id":"https:\/\/dohiku.eu\/sk\/shop\/viazacie-materialy\/dubbing-sk\/soft-uv-dubbing\/makke-uv-dubbing\/","url":"https:\/\/dohiku.eu\/sk\/shop\/viazacie-materialy\/dubbing-sk\/soft-uv-dubbing\/makke-uv-dubbing\/","name":"M\u00e4kk\u00e9 UV dubbing - DOHIKU","isPartOf":{"@id":"https:\/\/dohiku.eu\/sk\/#website"},"primaryImageOfPage":{"@id":"https:\/\/dohiku.eu\/sk\/shop\/viazacie-materialy\/dubbing-sk\/soft-uv-dubbing\/makke-uv-dubbing\/#primaryimage"},"image":{"@id":"https:\/\/dohiku.eu\/sk\/shop\/viazacie-materialy\/dubbing-sk\/soft-uv-dubbing\/makke-uv-dubbing\/#primaryimage"},"thumbnailUrl":"https:\/\/dohiku.eu\/wp-content\/uploads\/2019\/10\/2126-Soft-UV-Dubbing.jpg","datePublished":"2019-10-16T09:54:32+00:00","dateModified":"2024-02-11T08:32:47+00:00","breadcrumb":{"@id":"https:\/\/dohiku.eu\/sk\/shop\/viazacie-materialy\/dubbing-sk\/soft-uv-dubbing\/makke-uv-dubbing\/#breadcrumb"},"inLanguage":"sk-SK","potentialAction":[{"@type":"ReadAction","target":["https:\/\/dohiku.eu\/sk\/shop\/viazacie-materialy\/dubbing-sk\/soft-uv-dubbing\/makke-uv-dubbing\/"]}]},{"@type":"ImageObject","inLanguage":"sk-SK","@id":"https:\/\/dohiku.eu\/sk\/shop\/viazacie-materialy\/dubbing-sk\/soft-uv-dubbing\/makke-uv-dubbing\/#primaryimage","url":"https:\/\/dohiku.eu\/wp-content\/uploads\/2019\/10\/2126-Soft-UV-Dubbing.jpg","contentUrl":"https:\/\/dohiku.eu\/wp-content\/uploads\/2019\/10\/2126-Soft-UV-Dubbing.jpg","width":800,"height":710,"caption":"Soft UV Dubbing"},{"@type":"BreadcrumbList","@id":"https:\/\/dohiku.eu\/sk\/shop\/viazacie-materialy\/dubbing-sk\/soft-uv-dubbing\/makke-uv-dubbing\/#breadcrumb","itemListElement":[{"@type":"ListItem","position":1,"name":"Home","item":"https:\/\/dohiku.eu\/sk\/"},{"@type":"ListItem","position":2,"name":"PRODUCTS","item":"https:\/\/dohiku.eu\/sk\/products\/"},{"@type":"ListItem","position":3,"name":"M\u00e4kk\u00e9 UV dubbing"}]},{"@type":"WebSite","@id":"https:\/\/dohiku.eu\/sk\/#website","url":"https:\/\/dohiku.eu\/sk\/","name":"DOHIKU","description":"H\u00e1\u010diky DOHIKU s\u00fa vyroben\u00e9 z vysoko uhl\u00edkovej ocele, ktor\u00e1 je kalen\u00e1 a pop\u00fa\u0161\u0165an\u00e1 pod\u013ea presn\u00e9ho receptu.","publisher":{"@id":"https:\/\/dohiku.eu\/sk\/#organization"},"potentialAction":[{"@type":"SearchAction","target":{"@type":"EntryPoint","urlTemplate":"https:\/\/dohiku.eu\/sk\/?s={search_term_string}"},"query-input":{"@type":"PropertyValueSpecification","valueRequired":true,"valueName":"search_term_string"}}],"inLanguage":"sk-SK"},{"@type":"Organization","@id":"https:\/\/dohiku.eu\/sk\/#organization","name":"DOHIKU s.r.o.","url":"https:\/\/dohiku.eu\/sk\/","logo":{"@type":"ImageObject","inLanguage":"sk-SK","@id":"https:\/\/dohiku.eu\/sk\/#\/schema\/logo\/image\/","url":"https:\/\/dohiku.eu\/wp-content\/uploads\/2024\/01\/cropped-dohiku.png","contentUrl":"https:\/\/dohiku.eu\/wp-content\/uploads\/2024\/01\/cropped-dohiku.png","width":137,"height":87,"caption":"DOHIKU s.r.o."},"image":{"@id":"https:\/\/dohiku.eu\/sk\/#\/schema\/logo\/image\/"}}]}},"_links":{"self":[{"href":"https:\/\/dohiku.eu\/sk\/wp-json\/wp\/v2\/product\/7099","targetHints":{"allow":["GET"]}}],"collection":[{"href":"https:\/\/dohiku.eu\/sk\/wp-json\/wp\/v2\/product"}],"about":[{"href":"https:\/\/dohiku.eu\/sk\/wp-json\/wp\/v2\/types\/product"}],"replies":[{"embeddable":true,"href":"https:\/\/dohiku.eu\/sk\/wp-json\/wp\/v2\/comments?post=7099"}],"wp:featuredmedia":[{"embeddable":true,"href":"https:\/\/dohiku.eu\/sk\/wp-json\/wp\/v2\/media\/3580"}],"wp:attachment":[{"href":"https:\/\/dohiku.eu\/sk\/wp-json\/wp\/v2\/media?parent=7099"}],"wp:term":[{"taxonomy":"product_brand","embeddable":true,"href":"https:\/\/dohiku.eu\/sk\/wp-json\/wp\/v2\/product_brand?post=7099"},{"taxonomy":"product_cat","embeddable":true,"href":"https:\/\/dohiku.eu\/sk\/wp-json\/wp\/v2\/product_cat?post=7099"},{"taxonomy":"product_tag","embeddable":true,"href":"https:\/\/dohiku.eu\/sk\/wp-json\/wp\/v2\/product_tag?post=7099"}],"curies":[{"name":"wp","href":"https:\/\/api.w.org\/{rel}","templated":true}]}}