{"id":7085,"date":"2020-04-30T21:42:09","date_gmt":"2020-04-30T21:42:09","guid":{"rendered":"https:\/\/dohiku.eu\/shop\/nezaraden\u00e9\/bezdrazkove-haciky-c-241-16-jigove-haciky\/"},"modified":"2026-02-18T10:05:38","modified_gmt":"2026-02-18T10:05:38","slug":"haciky-claw-c-241-16-jigove","status":"publish","type":"product","link":"https:\/\/dohiku.eu\/sk\/shop\/nezaradene\/haciky-claw-c-241-16-jigove\/","title":{"rendered":"H\u00e1\u010diky Claw C 241\/16 &#8211; Jigov\u00e9"},"content":{"rendered":"<div id=\"product-description-short-1528\" class=\"rte-content\" style=\"color:#777777;font-family:'Open Sans', sans-serif;font-size:15px;\">\n<p style=\"margin-top:0px;margin-bottom:.8rem;\"><span>CLAW C 241 &#8211; je jigov\u00fd h\u00e1\u010dik, ktor\u00fd m\u00e1 \u0161ir\u0161\u00ed obl\u00fa\u010dik \/wide gap\/ \u00a0a\u00a0skr\u00e1ten\u00e9 ramienko, \u010do umo\u017e\u0148uje na\u0148\u00a0<\/span><span>viaza\u0165\u00a0<\/span><span>aj men\u0161ie mu\u0161ky s \u0165a\u017e\u0161ou\u00a0<\/span><span>volf\u00e1movou gu\u013e\u00f4\u010dkou\u00a0<\/span><span>ako by umo\u017e\u0148ovala rovnak\u00e1 ve\u013ekos\u0165 klasick\u00e9ho jigov\u00e9ho h\u00e1\u010dika.\u00a0<\/span><\/p>\n<p style=\"margin-top:0px;margin-bottom:.8rem;\"><span>Povrchov\u00e1 \u00faprava: Black Nickel.<\/span><\/p>\n<p style=\"margin-top:0px;margin-bottom:.8rem;\"><span>Bez protihrotu. 1 balenie &#8211; 25 ks.<\/span><\/p>\n<\/div>\n<div class=\"product-actions\" style=\"color:#777777;font-family:'Open Sans', sans-serif;font-size:15px;\">\n<form action=\"https:\/\/www.flydk.sk\/kosik\" method=\"post\" id=\"add-to-cart-or-refresh\">\n<div class=\"product-variants\"><\/div>\n<div class=\"product-add-to-cart pt-3\" style=\"padding-top:1rem;\">\n<div class=\"row extra-small-gutters product-quantity\" style=\"margin-right:-.3rem;margin-left:-.3rem;\">\n<div class=\"col col-12 col-sm-auto\" style=\"width:auto;padding-right:.3rem;padding-left:.3rem;max-width:100%;margin-bottom:.8rem;\">\n<div class=\"qty\" style=\"width:80px;height:52px;\"><\/div>\n<\/div>\n<\/div>\n<\/div>\n<\/form>\n<\/div>\n","protected":false},"excerpt":{"rendered":"<p>CLAW C 241 &#8211; je jigov\u00fd h\u00e1\u010dik, ktor\u00fd m\u00e1 \u0161ir\u0161\u00ed obl\u00fa\u010dik \/wide gap\/ \u00a0a\u00a0skr\u00e1ten\u00e9 ramienko, \u010do umo\u017e\u0148uje na\u0148\u00a0viaza\u0165\u00a0aj men\u0161ie mu\u0161ky s \u0165a\u017e\u0161ou\u00a0volf\u00e1movou gu\u013e\u00f4\u010dkou\u00a0ako by umo\u017e\u0148ovala rovnak\u00e1 ve\u013ekos\u0165 klasick\u00e9ho jigov\u00e9ho h\u00e1\u010dika.\u00a0 Povrchov\u00e1 \u00faprava: Black Nickel. Bez protihrotu. 1 balenie &#8211; 25<span class=\"excerpt-hellip\"> [\u2026]<\/span><\/p>\n","protected":false},"featured_media":6538,"comment_status":"closed","ping_status":"closed","template":"","meta":[],"product_brand":[],"product_cat":[506],"product_tag":[],"class_list":{"0":"post-7085","1":"product","2":"type-product","3":"status-publish","4":"has-post-thumbnail","6":"product_cat-nezaradene","8":"first","9":"instock","10":"taxable","11":"shipping-taxable","12":"purchasable","13":"product-type-simple"},"yoast_head":"<!-- This site is optimized with the Yoast SEO plugin v27.4 - https:\/\/yoast.com\/product\/yoast-seo-wordpress\/ -->\n<title>H\u00e1\u010diky Claw C 241\/16 - Jigov\u00e9 - DOHIKU<\/title>\n<meta name=\"robots\" content=\"index, follow, max-snippet:-1, max-image-preview:large, max-video-preview:-1\" \/>\n<link rel=\"canonical\" href=\"https:\/\/dohiku.eu\/sk\/shop\/nezaradene\/haciky-claw-c-241-16-jigove\/\" \/>\n<meta property=\"og:locale\" content=\"sk_SK\" \/>\n<meta property=\"og:type\" content=\"article\" \/>\n<meta property=\"og:title\" content=\"H\u00e1\u010diky Claw C 241\/16 - Jigov\u00e9 - DOHIKU\" \/>\n<meta property=\"og:description\" content=\"CLAW C 241 &#8211; je jigov\u00fd h\u00e1\u010dik, ktor\u00fd m\u00e1 \u0161ir\u0161\u00ed obl\u00fa\u010dik \/wide gap\/ \u00a0a\u00a0skr\u00e1ten\u00e9 ramienko, \u010do umo\u017e\u0148uje na\u0148\u00a0viaza\u0165\u00a0aj men\u0161ie mu\u0161ky s \u0165a\u017e\u0161ou\u00a0volf\u00e1movou gu\u013e\u00f4\u010dkou\u00a0ako by umo\u017e\u0148ovala rovnak\u00e1 ve\u013ekos\u0165 klasick\u00e9ho jigov\u00e9ho h\u00e1\u010dika.\u00a0 Povrchov\u00e1 \u00faprava: Black Nickel. Bez protihrotu. 1 balenie &#8211; 25 [\u2026]\" \/>\n<meta property=\"og:url\" content=\"https:\/\/dohiku.eu\/sk\/shop\/nezaradene\/haciky-claw-c-241-16-jigove\/\" \/>\n<meta property=\"og:site_name\" content=\"DOHIKU\" \/>\n<meta property=\"article:modified_time\" content=\"2026-02-18T10:05:38+00:00\" \/>\n<meta property=\"og:image\" content=\"https:\/\/dohiku.eu\/wp-content\/uploads\/2020\/04\/2223-Claw-barbless-C-24116-Jig-hooks.jpg\" \/>\n\t<meta property=\"og:image:width\" content=\"800\" \/>\n\t<meta property=\"og:image:height\" content=\"570\" \/>\n\t<meta property=\"og:image:type\" content=\"image\/jpeg\" \/>\n<meta name=\"twitter:card\" content=\"summary_large_image\" \/>\n<script type=\"application\/ld+json\" class=\"yoast-schema-graph\">{\"@context\":\"https:\\\/\\\/schema.org\",\"@graph\":[{\"@type\":\"WebPage\",\"@id\":\"https:\\\/\\\/dohiku.eu\\\/sk\\\/shop\\\/nezaradene\\\/haciky-claw-c-241-16-jigove\\\/\",\"url\":\"https:\\\/\\\/dohiku.eu\\\/sk\\\/shop\\\/nezaradene\\\/haciky-claw-c-241-16-jigove\\\/\",\"name\":\"H\u00e1\u010diky Claw C 241\\\/16 - Jigov\u00e9 - DOHIKU\",\"isPartOf\":{\"@id\":\"https:\\\/\\\/dohiku.eu\\\/sk\\\/#website\"},\"primaryImageOfPage\":{\"@id\":\"https:\\\/\\\/dohiku.eu\\\/sk\\\/shop\\\/nezaradene\\\/haciky-claw-c-241-16-jigove\\\/#primaryimage\"},\"image\":{\"@id\":\"https:\\\/\\\/dohiku.eu\\\/sk\\\/shop\\\/nezaradene\\\/haciky-claw-c-241-16-jigove\\\/#primaryimage\"},\"thumbnailUrl\":\"https:\\\/\\\/dohiku.eu\\\/wp-content\\\/uploads\\\/2020\\\/04\\\/2223-Claw-barbless-C-24116-Jig-hooks.jpg\",\"datePublished\":\"2020-04-30T21:42:09+00:00\",\"dateModified\":\"2026-02-18T10:05:38+00:00\",\"breadcrumb\":{\"@id\":\"https:\\\/\\\/dohiku.eu\\\/sk\\\/shop\\\/nezaradene\\\/haciky-claw-c-241-16-jigove\\\/#breadcrumb\"},\"inLanguage\":\"sk-SK\",\"potentialAction\":[{\"@type\":\"ReadAction\",\"target\":[\"https:\\\/\\\/dohiku.eu\\\/sk\\\/shop\\\/nezaradene\\\/haciky-claw-c-241-16-jigove\\\/\"]}]},{\"@type\":\"ImageObject\",\"inLanguage\":\"sk-SK\",\"@id\":\"https:\\\/\\\/dohiku.eu\\\/sk\\\/shop\\\/nezaradene\\\/haciky-claw-c-241-16-jigove\\\/#primaryimage\",\"url\":\"https:\\\/\\\/dohiku.eu\\\/wp-content\\\/uploads\\\/2020\\\/04\\\/2223-Claw-barbless-C-24116-Jig-hooks.jpg\",\"contentUrl\":\"https:\\\/\\\/dohiku.eu\\\/wp-content\\\/uploads\\\/2020\\\/04\\\/2223-Claw-barbless-C-24116-Jig-hooks.jpg\",\"width\":800,\"height\":570},{\"@type\":\"BreadcrumbList\",\"@id\":\"https:\\\/\\\/dohiku.eu\\\/sk\\\/shop\\\/nezaradene\\\/haciky-claw-c-241-16-jigove\\\/#breadcrumb\",\"itemListElement\":[{\"@type\":\"ListItem\",\"position\":1,\"name\":\"Home\",\"item\":\"https:\\\/\\\/dohiku.eu\\\/sk\\\/\"},{\"@type\":\"ListItem\",\"position\":2,\"name\":\"PRODUCTS\",\"item\":\"https:\\\/\\\/dohiku.eu\\\/sk\\\/products\\\/\"},{\"@type\":\"ListItem\",\"position\":3,\"name\":\"H\u00e1\u010diky Claw C 241\\\/16 &#8211; Jigov\u00e9\"}]},{\"@type\":\"WebSite\",\"@id\":\"https:\\\/\\\/dohiku.eu\\\/sk\\\/#website\",\"url\":\"https:\\\/\\\/dohiku.eu\\\/sk\\\/\",\"name\":\"DOHIKU\",\"description\":\"H\u00e1\u010diky DOHIKU s\u00fa vyroben\u00e9 z vysoko uhl\u00edkovej ocele, ktor\u00e1 je kalen\u00e1 a pop\u00fa\u0161\u0165an\u00e1 pod\u013ea presn\u00e9ho receptu.\",\"publisher\":{\"@id\":\"https:\\\/\\\/dohiku.eu\\\/sk\\\/#organization\"},\"potentialAction\":[{\"@type\":\"SearchAction\",\"target\":{\"@type\":\"EntryPoint\",\"urlTemplate\":\"https:\\\/\\\/dohiku.eu\\\/sk\\\/?s={search_term_string}\"},\"query-input\":{\"@type\":\"PropertyValueSpecification\",\"valueRequired\":true,\"valueName\":\"search_term_string\"}}],\"inLanguage\":\"sk-SK\"},{\"@type\":\"Organization\",\"@id\":\"https:\\\/\\\/dohiku.eu\\\/sk\\\/#organization\",\"name\":\"DOHIKU s.r.o.\",\"url\":\"https:\\\/\\\/dohiku.eu\\\/sk\\\/\",\"logo\":{\"@type\":\"ImageObject\",\"inLanguage\":\"sk-SK\",\"@id\":\"https:\\\/\\\/dohiku.eu\\\/sk\\\/#\\\/schema\\\/logo\\\/image\\\/\",\"url\":\"https:\\\/\\\/dohiku.eu\\\/wp-content\\\/uploads\\\/2024\\\/01\\\/cropped-dohiku.png\",\"contentUrl\":\"https:\\\/\\\/dohiku.eu\\\/wp-content\\\/uploads\\\/2024\\\/01\\\/cropped-dohiku.png\",\"width\":137,\"height\":87,\"caption\":\"DOHIKU s.r.o.\"},\"image\":{\"@id\":\"https:\\\/\\\/dohiku.eu\\\/sk\\\/#\\\/schema\\\/logo\\\/image\\\/\"}}]}<\/script>\n<!-- \/ Yoast SEO plugin. -->","yoast_head_json":{"title":"H\u00e1\u010diky Claw C 241\/16 - Jigov\u00e9 - DOHIKU","robots":{"index":"index","follow":"follow","max-snippet":"max-snippet:-1","max-image-preview":"max-image-preview:large","max-video-preview":"max-video-preview:-1"},"canonical":"https:\/\/dohiku.eu\/sk\/shop\/nezaradene\/haciky-claw-c-241-16-jigove\/","og_locale":"sk_SK","og_type":"article","og_title":"H\u00e1\u010diky Claw C 241\/16 - Jigov\u00e9 - DOHIKU","og_description":"CLAW C 241 &#8211; je jigov\u00fd h\u00e1\u010dik, ktor\u00fd m\u00e1 \u0161ir\u0161\u00ed obl\u00fa\u010dik \/wide gap\/ \u00a0a\u00a0skr\u00e1ten\u00e9 ramienko, \u010do umo\u017e\u0148uje na\u0148\u00a0viaza\u0165\u00a0aj men\u0161ie mu\u0161ky s \u0165a\u017e\u0161ou\u00a0volf\u00e1movou gu\u013e\u00f4\u010dkou\u00a0ako by umo\u017e\u0148ovala rovnak\u00e1 ve\u013ekos\u0165 klasick\u00e9ho jigov\u00e9ho h\u00e1\u010dika.\u00a0 Povrchov\u00e1 \u00faprava: Black Nickel. Bez protihrotu. 1 balenie &#8211; 25 [\u2026]","og_url":"https:\/\/dohiku.eu\/sk\/shop\/nezaradene\/haciky-claw-c-241-16-jigove\/","og_site_name":"DOHIKU","article_modified_time":"2026-02-18T10:05:38+00:00","og_image":[{"width":800,"height":570,"url":"https:\/\/dohiku.eu\/wp-content\/uploads\/2020\/04\/2223-Claw-barbless-C-24116-Jig-hooks.jpg","type":"image\/jpeg"}],"twitter_card":"summary_large_image","schema":{"@context":"https:\/\/schema.org","@graph":[{"@type":"WebPage","@id":"https:\/\/dohiku.eu\/sk\/shop\/nezaradene\/haciky-claw-c-241-16-jigove\/","url":"https:\/\/dohiku.eu\/sk\/shop\/nezaradene\/haciky-claw-c-241-16-jigove\/","name":"H\u00e1\u010diky Claw C 241\/16 - Jigov\u00e9 - DOHIKU","isPartOf":{"@id":"https:\/\/dohiku.eu\/sk\/#website"},"primaryImageOfPage":{"@id":"https:\/\/dohiku.eu\/sk\/shop\/nezaradene\/haciky-claw-c-241-16-jigove\/#primaryimage"},"image":{"@id":"https:\/\/dohiku.eu\/sk\/shop\/nezaradene\/haciky-claw-c-241-16-jigove\/#primaryimage"},"thumbnailUrl":"https:\/\/dohiku.eu\/wp-content\/uploads\/2020\/04\/2223-Claw-barbless-C-24116-Jig-hooks.jpg","datePublished":"2020-04-30T21:42:09+00:00","dateModified":"2026-02-18T10:05:38+00:00","breadcrumb":{"@id":"https:\/\/dohiku.eu\/sk\/shop\/nezaradene\/haciky-claw-c-241-16-jigove\/#breadcrumb"},"inLanguage":"sk-SK","potentialAction":[{"@type":"ReadAction","target":["https:\/\/dohiku.eu\/sk\/shop\/nezaradene\/haciky-claw-c-241-16-jigove\/"]}]},{"@type":"ImageObject","inLanguage":"sk-SK","@id":"https:\/\/dohiku.eu\/sk\/shop\/nezaradene\/haciky-claw-c-241-16-jigove\/#primaryimage","url":"https:\/\/dohiku.eu\/wp-content\/uploads\/2020\/04\/2223-Claw-barbless-C-24116-Jig-hooks.jpg","contentUrl":"https:\/\/dohiku.eu\/wp-content\/uploads\/2020\/04\/2223-Claw-barbless-C-24116-Jig-hooks.jpg","width":800,"height":570},{"@type":"BreadcrumbList","@id":"https:\/\/dohiku.eu\/sk\/shop\/nezaradene\/haciky-claw-c-241-16-jigove\/#breadcrumb","itemListElement":[{"@type":"ListItem","position":1,"name":"Home","item":"https:\/\/dohiku.eu\/sk\/"},{"@type":"ListItem","position":2,"name":"PRODUCTS","item":"https:\/\/dohiku.eu\/sk\/products\/"},{"@type":"ListItem","position":3,"name":"H\u00e1\u010diky Claw C 241\/16 &#8211; Jigov\u00e9"}]},{"@type":"WebSite","@id":"https:\/\/dohiku.eu\/sk\/#website","url":"https:\/\/dohiku.eu\/sk\/","name":"DOHIKU","description":"H\u00e1\u010diky DOHIKU s\u00fa vyroben\u00e9 z vysoko uhl\u00edkovej ocele, ktor\u00e1 je kalen\u00e1 a pop\u00fa\u0161\u0165an\u00e1 pod\u013ea presn\u00e9ho receptu.","publisher":{"@id":"https:\/\/dohiku.eu\/sk\/#organization"},"potentialAction":[{"@type":"SearchAction","target":{"@type":"EntryPoint","urlTemplate":"https:\/\/dohiku.eu\/sk\/?s={search_term_string}"},"query-input":{"@type":"PropertyValueSpecification","valueRequired":true,"valueName":"search_term_string"}}],"inLanguage":"sk-SK"},{"@type":"Organization","@id":"https:\/\/dohiku.eu\/sk\/#organization","name":"DOHIKU s.r.o.","url":"https:\/\/dohiku.eu\/sk\/","logo":{"@type":"ImageObject","inLanguage":"sk-SK","@id":"https:\/\/dohiku.eu\/sk\/#\/schema\/logo\/image\/","url":"https:\/\/dohiku.eu\/wp-content\/uploads\/2024\/01\/cropped-dohiku.png","contentUrl":"https:\/\/dohiku.eu\/wp-content\/uploads\/2024\/01\/cropped-dohiku.png","width":137,"height":87,"caption":"DOHIKU s.r.o."},"image":{"@id":"https:\/\/dohiku.eu\/sk\/#\/schema\/logo\/image\/"}}]}},"_links":{"self":[{"href":"https:\/\/dohiku.eu\/sk\/wp-json\/wp\/v2\/product\/7085","targetHints":{"allow":["GET"]}}],"collection":[{"href":"https:\/\/dohiku.eu\/sk\/wp-json\/wp\/v2\/product"}],"about":[{"href":"https:\/\/dohiku.eu\/sk\/wp-json\/wp\/v2\/types\/product"}],"replies":[{"embeddable":true,"href":"https:\/\/dohiku.eu\/sk\/wp-json\/wp\/v2\/comments?post=7085"}],"wp:featuredmedia":[{"embeddable":true,"href":"https:\/\/dohiku.eu\/sk\/wp-json\/wp\/v2\/media\/6538"}],"wp:attachment":[{"href":"https:\/\/dohiku.eu\/sk\/wp-json\/wp\/v2\/media?parent=7085"}],"wp:term":[{"taxonomy":"product_brand","embeddable":true,"href":"https:\/\/dohiku.eu\/sk\/wp-json\/wp\/v2\/product_brand?post=7085"},{"taxonomy":"product_cat","embeddable":true,"href":"https:\/\/dohiku.eu\/sk\/wp-json\/wp\/v2\/product_cat?post=7085"},{"taxonomy":"product_tag","embeddable":true,"href":"https:\/\/dohiku.eu\/sk\/wp-json\/wp\/v2\/product_tag?post=7085"}],"curies":[{"name":"wp","href":"https:\/\/api.w.org\/{rel}","templated":true}]}}