{"id":7079,"date":"2020-06-29T11:30:32","date_gmt":"2020-06-29T11:30:32","guid":{"rendered":"https:\/\/dohiku.eu\/shop\/nezaraden\u00e9\/dohiku-blood-worm-hdo-8\/"},"modified":"2025-10-30T20:00:39","modified_gmt":"2025-10-30T20:00:39","slug":"dohiku-blood-worm-hdo-8","status":"publish","type":"product","link":"https:\/\/dohiku.eu\/sk\/shop\/haciky\/muskarske-haciky-dohiku-bez-protihrotu\/dohiku-blood-worm-hdo-8\/","title":{"rendered":"DOHIKU Blood Worm, HDO\/8"},"content":{"rendered":"<p><span id=\"m_-4537910023930610928:vv.1\">DOHIKU<\/span>\u00a0<span id=\"m_-4537910023930610928:vv.2\">HDO<\/span>\u00a0h\u00e1\u010diky. Tieto\u00a0<span id=\"m_-4537910023930610928:vv.3\">bezprotihrot\u00e9<\/span>\u00a0h\u00e1\u010diky boli \u0161peci\u00e1lne\u00a0<span id=\"m_-4537910023930610928:vv.4\">navrhut\u00e9<\/span>\u00a0a vyvinut\u00e9 pre &#8222;<span id=\"m_-4537910023930610928:vv.6\">blood<\/span>\u00a0<span id=\"m_-4537910023930610928:vv.7\">worm<\/span>\u00a0<span id=\"m_-4537910023930610928:vv.8\">flies<\/span>&#8220; pod\u013ea po\u017eiadaviek st\u00e1ro\u010dia odsk\u00fa\u0161an\u00fdch tvarov mu\u0161iek uzn\u00e1van\u00fdch\u00a0<span id=\"m_-4537910023930610928:vv.9\">mu\u0161k\u00e1rov<\/span>\u00a0z poza\u00a0<span id=\"m_-4537910023930610928:vv.10\">Laman\u010dsk\u00e9ho<\/span>\u00a0prieplavu, kde sa zrodilo mokr\u00e9\u00a0<span id=\"m_-4537910023930610928:vv.11\">mu\u0161k\u00e1renie<\/span>. Na\u0161im\u00a0<span id=\"m_-4537910023930610928:vv.12\">konzultantom<\/span>\u00a0bol\u00a0<span id=\"m_-4537910023930610928:vv.13\">Mr<\/span>.\u00a0<span id=\"m_-4537910023930610928:vv.14\">Bill<\/span>\u00a0<span id=\"m_-4537910023930610928:vv.15\">Eadie<\/span>. Tvar vystihuje oh\u00fdbanie sa a pohyb vodn\u00fdch \u017eivo\u010d\u00edchov a \u0161peci\u00e1lne kr\u00fatenia sa \u010derv\u00edkov. Pros\u00edm ne\u010dudujme sa, ale v\u00a0<span id=\"m_-4537910023930610928:vv.16\">Anglicku<\/span>\u00a0je trad\u00edcia chytania na tak\u00e9to mu\u0161ky. Je to vylep\u0161en\u00e1 forma pre vo\u013ene pl\u00e1vaj\u00face mu\u0161ky.\u00a0<span style=\"color:#888888\"><br \/><\/span><\/p>\n<p><span style=\"color:#222222;font-family:Arial, Helvetica, sans-serif;font-size:small\">Ramienko: 3XL, \u0161tandardn\u00fd dr\u00f4t, kovan\u00fd.<\/span><br style=\"color:#222222;font-family:Arial, Helvetica, sans-serif;font-size:small\" \/><span style=\"color:#222222;font-family:Arial, Helvetica, sans-serif;font-size:small\">Povrchov\u00e1 \u00faprava: \u010dierny nikel<\/span><br style=\"color:#222222;font-family:Arial, Helvetica, sans-serif;font-size:small\" \/><span style=\"color:#222222;font-family:Arial, Helvetica, sans-serif;font-size:small\">Bez protihrotu.<\/span><\/p>\n<p style=\"margin-top:0px;margin-bottom:.8rem;color:#777777;font-family:'Open Sans', sans-serif;font-size:15px\"><span style=\"color:#222222;font-family:Arial, Helvetica, sans-serif;font-size:small\"><span style=\"font-weight:bolder;font-family:'Open Sans', sans-serif;color:#ff0000;font-size:12px;line-height:1.5\">Ru\u010dne trieden\u00e9.\u00a0\u00a0<\/span><\/span>Balenie: 1 bal.\/ 20 ks<\/p>\n<p style=\"margin-top:0px;margin-bottom:.8rem;color:#777777;font-family:'Open Sans', sans-serif;font-size:15px\"><span style=\"color:#ff0000;font-size:12px;font-weight:bold\">Made in Japan<\/span><\/p>\n<div><\/div>\n","protected":false},"excerpt":{"rendered":"<p><span id=\"m_-4537910023930610928:vv.1\">DOHIKU<\/span>\u00a0<span id=\"m_-4537910023930610928:vv.2\">HDO<\/span>\u00a0h\u00e1\u010diky. Tieto\u00a0<span id=\"m_-4537910023930610928:vv.3\">bezprotihrot\u00e9<\/span>\u00a0h\u00e1\u010diky boli \u0161peci\u00e1lne\u00a0<span id=\"m_-4537910023930610928:vv.4\">navrhut\u00e9<\/span>\u00a0a vyvinut\u00e9 pre &#8222;<span id=\"m_-4537910023930610928:vv.6\">blood<\/span>\u00a0<span id=\"m_-4537910023930610928:vv.7\">worm<\/span>\u00a0<span id=\"m_-4537910023930610928:vv.8\">flies<\/span>&#8220; pod\u013ea po\u017eiadaviek st\u00e1ro\u010dia odsk\u00fa\u0161an\u00fdch tvarov mu\u0161iek uzn\u00e1van\u00fdch\u00a0<span id=\"m_-4537910023930610928:vv.9\">mu\u0161k\u00e1rov<\/span>\u00a0z poza\u00a0<span id=\"m_-4537910023930610928:vv.10\">Laman\u010dsk\u00e9ho<\/span>\u00a0prieplavu, kde sa zrodilo mokr\u00e9\u00a0<span id=\"m_-4537910023930610928:vv.11\">mu\u0161k\u00e1renie<\/span>. Na\u0161im\u00a0<span id=\"m_-4537910023930610928:vv.12\">konzultantom<\/span>\u00a0bol\u00a0<span id=\"m_-4537910023930610928:vv.13\">Mr<\/span>.\u00a0<span id=\"m_-4537910023930610928:vv.14\">Bill<\/span>\u00a0<span id=\"m_-4537910023930610928:vv.15\">Eadie<\/span>. Tvar vystihuje oh\u00fdbanie sa a pohyb vodn\u00fdch \u017eivo\u010d\u00edchov a \u0161peci\u00e1lne kr\u00fatenia sa \u010derv\u00edkov. Pros\u00edm ne\u010dudujme sa, ale v\u00a0<span id=\"m_-4537910023930610928:vv.16\">Anglicku<\/span>\u00a0je trad\u00edcia chytania na tak\u00e9to mu\u0161ky. Je to vylep\u0161en\u00e1 forma pre vo\u013ene pl\u00e1vaj\u00face mu\u0161ky. Tvar tohoto\u00a0<span id=\"m_-4537910023930610928:vv.17\">h\u00e1\u010dika<\/span>\u00a0je jedine\u010dn\u00fd svoj\u00edm vyv\u00e1\u017een\u00fdm tvarom a preto umo\u017e\u0148uje tie\u017e napodob\u0148ovanie mu\u0161iek ako aj pijavice, k\u00f4rovce a larvy mu\u0161ky ako aj larvy\u00a0<span id=\"m_-4537910023930610928:vv.18\">hydropsych\u00e9<\/span>\u00a0samozrejme aj n\u00e1letov\u00fd hmyz.<\/p>\n","protected":false},"featured_media":6554,"comment_status":"closed","ping_status":"closed","template":"","meta":[],"product_brand":[],"product_cat":[588,511,509],"product_tag":[],"class_list":{"0":"post-7079","1":"product","2":"type-product","3":"status-publish","4":"has-post-thumbnail","6":"product_cat-dohiku-blood-worm-hdo-sk","7":"product_cat-haciky","8":"product_cat-muskarske-haciky-dohiku-bez-protihrotu","10":"first","11":"instock","12":"taxable","13":"shipping-taxable","14":"purchasable","15":"product-type-simple"},"yoast_head":"<!-- This site is optimized with the Yoast SEO plugin v27.4 - https:\/\/yoast.com\/product\/yoast-seo-wordpress\/ -->\n<title>DOHIKU Blood Worm, HDO\/8 - DOHIKU<\/title>\n<meta name=\"robots\" content=\"index, follow, max-snippet:-1, max-image-preview:large, max-video-preview:-1\" \/>\n<link rel=\"canonical\" href=\"https:\/\/dohiku.eu\/sk\/shop\/haciky\/muskarske-haciky-dohiku-bez-protihrotu\/dohiku-blood-worm-hdo-8\/\" \/>\n<meta property=\"og:locale\" content=\"sk_SK\" \/>\n<meta property=\"og:type\" content=\"article\" \/>\n<meta property=\"og:title\" content=\"DOHIKU Blood Worm, HDO\/8 - DOHIKU\" \/>\n<meta property=\"og:description\" content=\"DOHIKU\u00a0HDO\u00a0h\u00e1\u010diky. Tieto\u00a0bezprotihrot\u00e9\u00a0h\u00e1\u010diky boli \u0161peci\u00e1lne\u00a0navrhut\u00e9\u00a0a vyvinut\u00e9 pre &quot;blood\u00a0worm\u00a0flies&quot; pod\u013ea po\u017eiadaviek st\u00e1ro\u010dia odsk\u00fa\u0161an\u00fdch tvarov mu\u0161iek uzn\u00e1van\u00fdch\u00a0mu\u0161k\u00e1rov\u00a0z poza\u00a0Laman\u010dsk\u00e9ho\u00a0prieplavu, kde sa zrodilo mokr\u00e9\u00a0mu\u0161k\u00e1renie. Na\u0161im\u00a0konzultantom\u00a0bol\u00a0Mr.\u00a0Bill\u00a0Eadie. Tvar vystihuje oh\u00fdbanie sa a pohyb vodn\u00fdch \u017eivo\u010d\u00edchov a \u0161peci\u00e1lne kr\u00fatenia sa \u010derv\u00edkov. Pros\u00edm ne\u010dudujme sa, ale v\u00a0Anglicku\u00a0je trad\u00edcia chytania na tak\u00e9to mu\u0161ky. Je to vylep\u0161en\u00e1 forma pre vo\u013ene pl\u00e1vaj\u00face mu\u0161ky. Tvar tohoto\u00a0h\u00e1\u010dika\u00a0je jedine\u010dn\u00fd svoj\u00edm vyv\u00e1\u017een\u00fdm tvarom a preto umo\u017e\u0148uje tie\u017e napodob\u0148ovanie mu\u0161iek ako aj pijavice, k\u00f4rovce a larvy mu\u0161ky ako aj larvy\u00a0hydropsych\u00e9\u00a0samozrejme aj n\u00e1letov\u00fd hmyz.\" \/>\n<meta property=\"og:url\" content=\"https:\/\/dohiku.eu\/sk\/shop\/haciky\/muskarske-haciky-dohiku-bez-protihrotu\/dohiku-blood-worm-hdo-8\/\" \/>\n<meta property=\"og:site_name\" content=\"DOHIKU\" \/>\n<meta property=\"article:modified_time\" content=\"2025-10-30T20:00:39+00:00\" \/>\n<meta property=\"og:image\" content=\"https:\/\/dohiku.eu\/wp-content\/uploads\/2020\/06\/2298-DOHIKU-Blood-Worm-HDO8.jpg\" \/>\n\t<meta property=\"og:image:width\" content=\"800\" \/>\n\t<meta property=\"og:image:height\" content=\"446\" \/>\n\t<meta property=\"og:image:type\" content=\"image\/jpeg\" \/>\n<meta name=\"twitter:card\" content=\"summary_large_image\" \/>\n<meta name=\"twitter:label1\" content=\"Predpokladan\u00fd \u010das \u010d\u00edtania\" \/>\n\t<meta name=\"twitter:data1\" content=\"1 min\u00fata\" \/>\n<script type=\"application\/ld+json\" class=\"yoast-schema-graph\">{\"@context\":\"https:\\\/\\\/schema.org\",\"@graph\":[{\"@type\":\"WebPage\",\"@id\":\"https:\\\/\\\/dohiku.eu\\\/sk\\\/shop\\\/haciky\\\/muskarske-haciky-dohiku-bez-protihrotu\\\/dohiku-blood-worm-hdo-8\\\/\",\"url\":\"https:\\\/\\\/dohiku.eu\\\/sk\\\/shop\\\/haciky\\\/muskarske-haciky-dohiku-bez-protihrotu\\\/dohiku-blood-worm-hdo-8\\\/\",\"name\":\"DOHIKU Blood Worm, HDO\\\/8 - DOHIKU\",\"isPartOf\":{\"@id\":\"https:\\\/\\\/dohiku.eu\\\/sk\\\/#website\"},\"primaryImageOfPage\":{\"@id\":\"https:\\\/\\\/dohiku.eu\\\/sk\\\/shop\\\/haciky\\\/muskarske-haciky-dohiku-bez-protihrotu\\\/dohiku-blood-worm-hdo-8\\\/#primaryimage\"},\"image\":{\"@id\":\"https:\\\/\\\/dohiku.eu\\\/sk\\\/shop\\\/haciky\\\/muskarske-haciky-dohiku-bez-protihrotu\\\/dohiku-blood-worm-hdo-8\\\/#primaryimage\"},\"thumbnailUrl\":\"https:\\\/\\\/dohiku.eu\\\/wp-content\\\/uploads\\\/2020\\\/06\\\/2298-DOHIKU-Blood-Worm-HDO8.jpg\",\"datePublished\":\"2020-06-29T11:30:32+00:00\",\"dateModified\":\"2025-10-30T20:00:39+00:00\",\"breadcrumb\":{\"@id\":\"https:\\\/\\\/dohiku.eu\\\/sk\\\/shop\\\/haciky\\\/muskarske-haciky-dohiku-bez-protihrotu\\\/dohiku-blood-worm-hdo-8\\\/#breadcrumb\"},\"inLanguage\":\"sk-SK\",\"potentialAction\":[{\"@type\":\"ReadAction\",\"target\":[\"https:\\\/\\\/dohiku.eu\\\/sk\\\/shop\\\/haciky\\\/muskarske-haciky-dohiku-bez-protihrotu\\\/dohiku-blood-worm-hdo-8\\\/\"]}]},{\"@type\":\"ImageObject\",\"inLanguage\":\"sk-SK\",\"@id\":\"https:\\\/\\\/dohiku.eu\\\/sk\\\/shop\\\/haciky\\\/muskarske-haciky-dohiku-bez-protihrotu\\\/dohiku-blood-worm-hdo-8\\\/#primaryimage\",\"url\":\"https:\\\/\\\/dohiku.eu\\\/wp-content\\\/uploads\\\/2020\\\/06\\\/2298-DOHIKU-Blood-Worm-HDO8.jpg\",\"contentUrl\":\"https:\\\/\\\/dohiku.eu\\\/wp-content\\\/uploads\\\/2020\\\/06\\\/2298-DOHIKU-Blood-Worm-HDO8.jpg\",\"width\":800,\"height\":446},{\"@type\":\"BreadcrumbList\",\"@id\":\"https:\\\/\\\/dohiku.eu\\\/sk\\\/shop\\\/haciky\\\/muskarske-haciky-dohiku-bez-protihrotu\\\/dohiku-blood-worm-hdo-8\\\/#breadcrumb\",\"itemListElement\":[{\"@type\":\"ListItem\",\"position\":1,\"name\":\"Home\",\"item\":\"https:\\\/\\\/dohiku.eu\\\/sk\\\/\"},{\"@type\":\"ListItem\",\"position\":2,\"name\":\"PRODUCTS\",\"item\":\"https:\\\/\\\/dohiku.eu\\\/sk\\\/products\\\/\"},{\"@type\":\"ListItem\",\"position\":3,\"name\":\"DOHIKU Blood Worm, HDO\\\/8\"}]},{\"@type\":\"WebSite\",\"@id\":\"https:\\\/\\\/dohiku.eu\\\/sk\\\/#website\",\"url\":\"https:\\\/\\\/dohiku.eu\\\/sk\\\/\",\"name\":\"DOHIKU\",\"description\":\"H\u00e1\u010diky DOHIKU s\u00fa vyroben\u00e9 z vysoko uhl\u00edkovej ocele, ktor\u00e1 je kalen\u00e1 a pop\u00fa\u0161\u0165an\u00e1 pod\u013ea presn\u00e9ho receptu.\",\"publisher\":{\"@id\":\"https:\\\/\\\/dohiku.eu\\\/sk\\\/#organization\"},\"potentialAction\":[{\"@type\":\"SearchAction\",\"target\":{\"@type\":\"EntryPoint\",\"urlTemplate\":\"https:\\\/\\\/dohiku.eu\\\/sk\\\/?s={search_term_string}\"},\"query-input\":{\"@type\":\"PropertyValueSpecification\",\"valueRequired\":true,\"valueName\":\"search_term_string\"}}],\"inLanguage\":\"sk-SK\"},{\"@type\":\"Organization\",\"@id\":\"https:\\\/\\\/dohiku.eu\\\/sk\\\/#organization\",\"name\":\"DOHIKU s.r.o.\",\"url\":\"https:\\\/\\\/dohiku.eu\\\/sk\\\/\",\"logo\":{\"@type\":\"ImageObject\",\"inLanguage\":\"sk-SK\",\"@id\":\"https:\\\/\\\/dohiku.eu\\\/sk\\\/#\\\/schema\\\/logo\\\/image\\\/\",\"url\":\"https:\\\/\\\/dohiku.eu\\\/wp-content\\\/uploads\\\/2024\\\/01\\\/cropped-dohiku.png\",\"contentUrl\":\"https:\\\/\\\/dohiku.eu\\\/wp-content\\\/uploads\\\/2024\\\/01\\\/cropped-dohiku.png\",\"width\":137,\"height\":87,\"caption\":\"DOHIKU s.r.o.\"},\"image\":{\"@id\":\"https:\\\/\\\/dohiku.eu\\\/sk\\\/#\\\/schema\\\/logo\\\/image\\\/\"}}]}<\/script>\n<!-- \/ Yoast SEO plugin. -->","yoast_head_json":{"title":"DOHIKU Blood Worm, HDO\/8 - DOHIKU","robots":{"index":"index","follow":"follow","max-snippet":"max-snippet:-1","max-image-preview":"max-image-preview:large","max-video-preview":"max-video-preview:-1"},"canonical":"https:\/\/dohiku.eu\/sk\/shop\/haciky\/muskarske-haciky-dohiku-bez-protihrotu\/dohiku-blood-worm-hdo-8\/","og_locale":"sk_SK","og_type":"article","og_title":"DOHIKU Blood Worm, HDO\/8 - DOHIKU","og_description":"DOHIKU\u00a0HDO\u00a0h\u00e1\u010diky. Tieto\u00a0bezprotihrot\u00e9\u00a0h\u00e1\u010diky boli \u0161peci\u00e1lne\u00a0navrhut\u00e9\u00a0a vyvinut\u00e9 pre \"blood\u00a0worm\u00a0flies\" pod\u013ea po\u017eiadaviek st\u00e1ro\u010dia odsk\u00fa\u0161an\u00fdch tvarov mu\u0161iek uzn\u00e1van\u00fdch\u00a0mu\u0161k\u00e1rov\u00a0z poza\u00a0Laman\u010dsk\u00e9ho\u00a0prieplavu, kde sa zrodilo mokr\u00e9\u00a0mu\u0161k\u00e1renie. Na\u0161im\u00a0konzultantom\u00a0bol\u00a0Mr.\u00a0Bill\u00a0Eadie. Tvar vystihuje oh\u00fdbanie sa a pohyb vodn\u00fdch \u017eivo\u010d\u00edchov a \u0161peci\u00e1lne kr\u00fatenia sa \u010derv\u00edkov. Pros\u00edm ne\u010dudujme sa, ale v\u00a0Anglicku\u00a0je trad\u00edcia chytania na tak\u00e9to mu\u0161ky. Je to vylep\u0161en\u00e1 forma pre vo\u013ene pl\u00e1vaj\u00face mu\u0161ky. Tvar tohoto\u00a0h\u00e1\u010dika\u00a0je jedine\u010dn\u00fd svoj\u00edm vyv\u00e1\u017een\u00fdm tvarom a preto umo\u017e\u0148uje tie\u017e napodob\u0148ovanie mu\u0161iek ako aj pijavice, k\u00f4rovce a larvy mu\u0161ky ako aj larvy\u00a0hydropsych\u00e9\u00a0samozrejme aj n\u00e1letov\u00fd hmyz.","og_url":"https:\/\/dohiku.eu\/sk\/shop\/haciky\/muskarske-haciky-dohiku-bez-protihrotu\/dohiku-blood-worm-hdo-8\/","og_site_name":"DOHIKU","article_modified_time":"2025-10-30T20:00:39+00:00","og_image":[{"width":800,"height":446,"url":"https:\/\/dohiku.eu\/wp-content\/uploads\/2020\/06\/2298-DOHIKU-Blood-Worm-HDO8.jpg","type":"image\/jpeg"}],"twitter_card":"summary_large_image","twitter_misc":{"Predpokladan\u00fd \u010das \u010d\u00edtania":"1 min\u00fata"},"schema":{"@context":"https:\/\/schema.org","@graph":[{"@type":"WebPage","@id":"https:\/\/dohiku.eu\/sk\/shop\/haciky\/muskarske-haciky-dohiku-bez-protihrotu\/dohiku-blood-worm-hdo-8\/","url":"https:\/\/dohiku.eu\/sk\/shop\/haciky\/muskarske-haciky-dohiku-bez-protihrotu\/dohiku-blood-worm-hdo-8\/","name":"DOHIKU Blood Worm, HDO\/8 - DOHIKU","isPartOf":{"@id":"https:\/\/dohiku.eu\/sk\/#website"},"primaryImageOfPage":{"@id":"https:\/\/dohiku.eu\/sk\/shop\/haciky\/muskarske-haciky-dohiku-bez-protihrotu\/dohiku-blood-worm-hdo-8\/#primaryimage"},"image":{"@id":"https:\/\/dohiku.eu\/sk\/shop\/haciky\/muskarske-haciky-dohiku-bez-protihrotu\/dohiku-blood-worm-hdo-8\/#primaryimage"},"thumbnailUrl":"https:\/\/dohiku.eu\/wp-content\/uploads\/2020\/06\/2298-DOHIKU-Blood-Worm-HDO8.jpg","datePublished":"2020-06-29T11:30:32+00:00","dateModified":"2025-10-30T20:00:39+00:00","breadcrumb":{"@id":"https:\/\/dohiku.eu\/sk\/shop\/haciky\/muskarske-haciky-dohiku-bez-protihrotu\/dohiku-blood-worm-hdo-8\/#breadcrumb"},"inLanguage":"sk-SK","potentialAction":[{"@type":"ReadAction","target":["https:\/\/dohiku.eu\/sk\/shop\/haciky\/muskarske-haciky-dohiku-bez-protihrotu\/dohiku-blood-worm-hdo-8\/"]}]},{"@type":"ImageObject","inLanguage":"sk-SK","@id":"https:\/\/dohiku.eu\/sk\/shop\/haciky\/muskarske-haciky-dohiku-bez-protihrotu\/dohiku-blood-worm-hdo-8\/#primaryimage","url":"https:\/\/dohiku.eu\/wp-content\/uploads\/2020\/06\/2298-DOHIKU-Blood-Worm-HDO8.jpg","contentUrl":"https:\/\/dohiku.eu\/wp-content\/uploads\/2020\/06\/2298-DOHIKU-Blood-Worm-HDO8.jpg","width":800,"height":446},{"@type":"BreadcrumbList","@id":"https:\/\/dohiku.eu\/sk\/shop\/haciky\/muskarske-haciky-dohiku-bez-protihrotu\/dohiku-blood-worm-hdo-8\/#breadcrumb","itemListElement":[{"@type":"ListItem","position":1,"name":"Home","item":"https:\/\/dohiku.eu\/sk\/"},{"@type":"ListItem","position":2,"name":"PRODUCTS","item":"https:\/\/dohiku.eu\/sk\/products\/"},{"@type":"ListItem","position":3,"name":"DOHIKU Blood Worm, HDO\/8"}]},{"@type":"WebSite","@id":"https:\/\/dohiku.eu\/sk\/#website","url":"https:\/\/dohiku.eu\/sk\/","name":"DOHIKU","description":"H\u00e1\u010diky DOHIKU s\u00fa vyroben\u00e9 z vysoko uhl\u00edkovej ocele, ktor\u00e1 je kalen\u00e1 a pop\u00fa\u0161\u0165an\u00e1 pod\u013ea presn\u00e9ho receptu.","publisher":{"@id":"https:\/\/dohiku.eu\/sk\/#organization"},"potentialAction":[{"@type":"SearchAction","target":{"@type":"EntryPoint","urlTemplate":"https:\/\/dohiku.eu\/sk\/?s={search_term_string}"},"query-input":{"@type":"PropertyValueSpecification","valueRequired":true,"valueName":"search_term_string"}}],"inLanguage":"sk-SK"},{"@type":"Organization","@id":"https:\/\/dohiku.eu\/sk\/#organization","name":"DOHIKU s.r.o.","url":"https:\/\/dohiku.eu\/sk\/","logo":{"@type":"ImageObject","inLanguage":"sk-SK","@id":"https:\/\/dohiku.eu\/sk\/#\/schema\/logo\/image\/","url":"https:\/\/dohiku.eu\/wp-content\/uploads\/2024\/01\/cropped-dohiku.png","contentUrl":"https:\/\/dohiku.eu\/wp-content\/uploads\/2024\/01\/cropped-dohiku.png","width":137,"height":87,"caption":"DOHIKU s.r.o."},"image":{"@id":"https:\/\/dohiku.eu\/sk\/#\/schema\/logo\/image\/"}}]}},"_links":{"self":[{"href":"https:\/\/dohiku.eu\/sk\/wp-json\/wp\/v2\/product\/7079","targetHints":{"allow":["GET"]}}],"collection":[{"href":"https:\/\/dohiku.eu\/sk\/wp-json\/wp\/v2\/product"}],"about":[{"href":"https:\/\/dohiku.eu\/sk\/wp-json\/wp\/v2\/types\/product"}],"replies":[{"embeddable":true,"href":"https:\/\/dohiku.eu\/sk\/wp-json\/wp\/v2\/comments?post=7079"}],"wp:featuredmedia":[{"embeddable":true,"href":"https:\/\/dohiku.eu\/sk\/wp-json\/wp\/v2\/media\/6554"}],"wp:attachment":[{"href":"https:\/\/dohiku.eu\/sk\/wp-json\/wp\/v2\/media?parent=7079"}],"wp:term":[{"taxonomy":"product_brand","embeddable":true,"href":"https:\/\/dohiku.eu\/sk\/wp-json\/wp\/v2\/product_brand?post=7079"},{"taxonomy":"product_cat","embeddable":true,"href":"https:\/\/dohiku.eu\/sk\/wp-json\/wp\/v2\/product_cat?post=7079"},{"taxonomy":"product_tag","embeddable":true,"href":"https:\/\/dohiku.eu\/sk\/wp-json\/wp\/v2\/product_tag?post=7079"}],"curies":[{"name":"wp","href":"https:\/\/api.w.org\/{rel}","templated":true}]}}