{"id":7076,"date":"2020-06-24T09:12:27","date_gmt":"2020-06-24T09:12:27","guid":{"rendered":"https:\/\/dohiku.eu\/shop\/nezaraden\u00e9\/nit-na-telo-uv-cervena-nuv-17\/"},"modified":"2024-02-11T10:39:31","modified_gmt":"2024-02-11T10:39:31","slug":"tielkova-nit-uv-cervena-nuv-17","status":"publish","type":"product","link":"https:\/\/dohiku.eu\/sk\/shop\/viazacie-materialy\/nite-lametky-a-drotiky\/uv-tielkove-nite\/tielkova-nit-uv-cervena-nuv-17\/","title":{"rendered":"Tielkov\u00e1 ni\u0165 UV &#8211; \u010cerven\u00e1 NUV 17"},"content":{"rendered":"<p style=\"margin-top:0px;margin-bottom:.8rem;color:#777777;font-family:'Open Sans', sans-serif;font-size:15px;\"><span style=\"color:#333333;font-family:'Nunito Sans', sans-serif;font-size:14px;vertical-align:inherit;\">Viazacie nite NUV,\u00a0\u00a0maj\u00fa\u00a0\u0161pecifick\u00e9 vlastnost\u00ed UV.\u00a0<\/span><span style=\"color:#333333;font-family:'Nunito Sans', sans-serif;font-size:14px;vertical-align:inherit;\">V\u00fdvoj nit\u00ed bol zameran\u00fd na vn\u00edmanie farby pod UV \u017eiaren\u00edm.\u00a0<\/span><\/p>\n<p style=\"margin-top:0px;margin-bottom:.8rem;color:#777777;font-family:'Open Sans', sans-serif;font-size:15px;\">Odpor\u00fa\u010dame ju na\u00a0tielka, kr\u00fa\u017ekovanie a zv\u00fdraznenie (sp\u00fa\u0161\u0165a\u010de), podeniek, pakom\u00e1rov\u00a0alebo kriv\u00e1kov. A samozrejme aj na tielka\u00a0fantastick\u00fdch mu\u0161iek.<\/p>\n<\/p>\n<p style=\"margin-top:0px;margin-bottom:0px;color:#777777;font-family:'Open Sans', sans-serif;font-size:15px;\">1 cievka \/ 100 m<\/p>\n","protected":false},"excerpt":{"rendered":"<p style=\"margin-top:0px;margin-bottom:1rem;color:#333333;font-family:'Nunito Sans', sans-serif;font-size:16px;\"><span style=\"font-family:'times new roman', times;font-size:medium;\"><span style=\"vertical-align:inherit;\">Vn\u00edmanie nevidite\u013en\u00e9ho svetla<\/span><\/span><\/p>\n<p style=\"margin-top:0px;margin-bottom:1rem;color:#333333;font-family:'Nunito Sans', sans-serif;font-size:16px;\"><span style=\"font-family:'times new roman', times;font-size:medium;\"><span style=\"vertical-align:inherit;\"><span style=\"vertical-align:inherit;\">Farba je vn\u00edman\u00e1 okom ako odraz svetla ur\u010ditej vlnovej d\u013a\u017eky.\u00a0<\/span><span style=\"vertical-align:inherit;\">\u013dudsk\u00e9 oko vn\u00edma farbu o vlnovej d\u013a\u017eke 400-750 nm.\u00a0<\/span><span style=\"vertical-align:inherit;\">Oko celej rady \u017eivo\u010d\u00edchov, medzi ne patr\u00ed aj ryby, vn\u00edma odraz svetla pod 400 nm, tzv. Ultraviolet \u017eiarenie (UV).\u00a0<\/span><span style=\"vertical-align:inherit;\">Prirodzen\u00fdm zdrojom UV \u017eiarenia je slnko.\u00a0<\/span><span style=\"vertical-align:inherit;\">UV svetlo m\u00e1 krat\u0161iu vlnov\u00fa d\u013a\u017eku a t\u00fdm aj vy\u0161\u0161iu energiu ne\u017e pre n\u00e1s vidite\u013en\u00e9 svetlo.\u00a0<\/span><span style=\"vertical-align:inherit;\">Pre vnem farby pod UV \u017eiaren\u00edm si m\u00f4\u017eeme pom\u00f4c\u0165 vhodn\u00fdm UV osvetlen\u00edm.\u00a0<\/span><span style=\"vertical-align:inherit;\">Zist\u00edme, \u017ee vnem farby je \u00faplne in\u00fd, men\u00ed sa odtie\u0148, farba je ove\u013ea \u017eiarivej\u0161ia a dr\u00e1\u017edivej\u0161ia, niektor\u00e9 farby priamo svieti.<\/span><\/span><\/span><\/p>\n<p style=\"margin-top:0px;margin-bottom:1rem;color:#333333;font-family:'Nunito Sans', sans-serif;font-size:16px;\"><span style=\"font-family:'times new roman', times;font-size:medium;\"><span style=\"vertical-align:inherit;\"><span style=\"vertical-align:inherit;\">Posvietime &#8211; ak UV osvetlen\u00edm na cel\u00fd rad viazac\u00edch materi\u00e1lov, zist\u00edme, \u017ee vo vlnovej d\u013a\u017eke pod 400 nm neodr\u00e1\u017ea, alebo len minim\u00e1lne odr\u00e1\u017ea svetlo.\u00a0<\/span><span style=\"vertical-align:inherit;\">Farbu vn\u00edmame matnej, neur\u010dito a nev\u00fdrazne.\u00a0<\/span><span style=\"vertical-align:inherit;\">Naproti tomu posvietime chcete na nov\u00fd druh nit\u00ed pribl\u00ed\u017eime sa vnemu farby r\u00fdb a budeme prekvapen\u00ed ako naraz farba vyzer\u00e1 a ko\u013eko svetla odr\u00e1\u017ea.<\/span><\/span><\/span><\/p>\n","protected":false},"featured_media":6550,"comment_status":"closed","ping_status":"closed","template":"","meta":[],"product_brand":[],"product_cat":[511,506,538,580],"product_tag":[],"class_list":{"0":"post-7076","1":"product","2":"type-product","3":"status-publish","4":"has-post-thumbnail","6":"product_cat-haciky","7":"product_cat-nezaradene","8":"product_cat-nite-lametky-a-drotiky","9":"product_cat-uv-tielkove-nite","11":"first","12":"instock","13":"taxable","14":"shipping-taxable","15":"purchasable","16":"product-type-simple"},"yoast_head":"<!-- This site is optimized with the Yoast SEO plugin v27.5 - https:\/\/yoast.com\/product\/yoast-seo-wordpress\/ -->\n<title>Tielkov\u00e1 ni\u0165 UV - \u010cerven\u00e1 NUV 17 - DOHIKU<\/title>\n<meta name=\"robots\" content=\"index, follow, max-snippet:-1, max-image-preview:large, max-video-preview:-1\" \/>\n<link rel=\"canonical\" href=\"https:\/\/dohiku.eu\/sk\/shop\/viazacie-materialy\/nite-lametky-a-drotiky\/uv-tielkove-nite\/tielkova-nit-uv-cervena-nuv-17\/\" \/>\n<meta property=\"og:locale\" content=\"sk_SK\" \/>\n<meta property=\"og:type\" content=\"article\" \/>\n<meta property=\"og:title\" content=\"Tielkov\u00e1 ni\u0165 UV - \u010cerven\u00e1 NUV 17 - DOHIKU\" \/>\n<meta property=\"og:description\" content=\"Vn\u00edmanie nevidite\u013en\u00e9ho svetla Farba je vn\u00edman\u00e1 okom ako odraz svetla ur\u010ditej vlnovej d\u013a\u017eky.\u00a0\u013dudsk\u00e9 oko vn\u00edma farbu o vlnovej d\u013a\u017eke 400-750 nm.\u00a0Oko celej rady \u017eivo\u010d\u00edchov, medzi ne patr\u00ed aj ryby, vn\u00edma odraz svetla pod 400 nm, tzv. Ultraviolet \u017eiarenie (UV).\u00a0Prirodzen\u00fdm zdrojom UV \u017eiarenia je slnko.\u00a0UV svetlo m\u00e1 krat\u0161iu vlnov\u00fa d\u013a\u017eku a t\u00fdm aj vy\u0161\u0161iu energiu ne\u017e pre n\u00e1s vidite\u013en\u00e9 svetlo.\u00a0Pre vnem farby pod UV \u017eiaren\u00edm si m\u00f4\u017eeme pom\u00f4c\u0165 vhodn\u00fdm UV osvetlen\u00edm.\u00a0Zist\u00edme, \u017ee vnem farby je \u00faplne in\u00fd, men\u00ed sa odtie\u0148, farba je ove\u013ea \u017eiarivej\u0161ia a dr\u00e1\u017edivej\u0161ia, niektor\u00e9 farby priamo svieti. Posvietime - ak UV osvetlen\u00edm na cel\u00fd rad viazac\u00edch materi\u00e1lov, zist\u00edme, \u017ee vo vlnovej d\u013a\u017eke pod 400 nm neodr\u00e1\u017ea, alebo len minim\u00e1lne odr\u00e1\u017ea svetlo.\u00a0Farbu vn\u00edmame matnej, neur\u010dito a nev\u00fdrazne.\u00a0Naproti tomu posvietime chcete na nov\u00fd druh nit\u00ed pribl\u00ed\u017eime sa vnemu farby r\u00fdb a budeme prekvapen\u00ed ako naraz farba vyzer\u00e1 a ko\u013eko svetla odr\u00e1\u017ea.\" \/>\n<meta property=\"og:url\" content=\"https:\/\/dohiku.eu\/sk\/shop\/viazacie-materialy\/nite-lametky-a-drotiky\/uv-tielkove-nite\/tielkova-nit-uv-cervena-nuv-17\/\" \/>\n<meta property=\"og:site_name\" content=\"DOHIKU\" \/>\n<meta property=\"article:modified_time\" content=\"2024-02-11T10:39:31+00:00\" \/>\n<meta property=\"og:image\" content=\"https:\/\/dohiku.eu\/wp-content\/uploads\/2020\/06\/2306-Body-thread-UV-Red-NUV-17.jpg\" \/>\n\t<meta property=\"og:image:width\" content=\"630\" \/>\n\t<meta property=\"og:image:height\" content=\"800\" \/>\n\t<meta property=\"og:image:type\" content=\"image\/jpeg\" \/>\n<meta name=\"twitter:card\" content=\"summary_large_image\" \/>\n<script type=\"application\/ld+json\" class=\"yoast-schema-graph\">{\"@context\":\"https:\\\/\\\/schema.org\",\"@graph\":[{\"@type\":\"WebPage\",\"@id\":\"https:\\\/\\\/dohiku.eu\\\/sk\\\/shop\\\/viazacie-materialy\\\/nite-lametky-a-drotiky\\\/uv-tielkove-nite\\\/tielkova-nit-uv-cervena-nuv-17\\\/\",\"url\":\"https:\\\/\\\/dohiku.eu\\\/sk\\\/shop\\\/viazacie-materialy\\\/nite-lametky-a-drotiky\\\/uv-tielkove-nite\\\/tielkova-nit-uv-cervena-nuv-17\\\/\",\"name\":\"Tielkov\u00e1 ni\u0165 UV - \u010cerven\u00e1 NUV 17 - DOHIKU\",\"isPartOf\":{\"@id\":\"https:\\\/\\\/dohiku.eu\\\/sk\\\/#website\"},\"primaryImageOfPage\":{\"@id\":\"https:\\\/\\\/dohiku.eu\\\/sk\\\/shop\\\/viazacie-materialy\\\/nite-lametky-a-drotiky\\\/uv-tielkove-nite\\\/tielkova-nit-uv-cervena-nuv-17\\\/#primaryimage\"},\"image\":{\"@id\":\"https:\\\/\\\/dohiku.eu\\\/sk\\\/shop\\\/viazacie-materialy\\\/nite-lametky-a-drotiky\\\/uv-tielkove-nite\\\/tielkova-nit-uv-cervena-nuv-17\\\/#primaryimage\"},\"thumbnailUrl\":\"https:\\\/\\\/dohiku.eu\\\/wp-content\\\/uploads\\\/2020\\\/06\\\/2306-Body-thread-UV-Red-NUV-17.jpg\",\"datePublished\":\"2020-06-24T09:12:27+00:00\",\"dateModified\":\"2024-02-11T10:39:31+00:00\",\"breadcrumb\":{\"@id\":\"https:\\\/\\\/dohiku.eu\\\/sk\\\/shop\\\/viazacie-materialy\\\/nite-lametky-a-drotiky\\\/uv-tielkove-nite\\\/tielkova-nit-uv-cervena-nuv-17\\\/#breadcrumb\"},\"inLanguage\":\"sk-SK\",\"potentialAction\":[{\"@type\":\"ReadAction\",\"target\":[\"https:\\\/\\\/dohiku.eu\\\/sk\\\/shop\\\/viazacie-materialy\\\/nite-lametky-a-drotiky\\\/uv-tielkove-nite\\\/tielkova-nit-uv-cervena-nuv-17\\\/\"]}]},{\"@type\":\"ImageObject\",\"inLanguage\":\"sk-SK\",\"@id\":\"https:\\\/\\\/dohiku.eu\\\/sk\\\/shop\\\/viazacie-materialy\\\/nite-lametky-a-drotiky\\\/uv-tielkove-nite\\\/tielkova-nit-uv-cervena-nuv-17\\\/#primaryimage\",\"url\":\"https:\\\/\\\/dohiku.eu\\\/wp-content\\\/uploads\\\/2020\\\/06\\\/2306-Body-thread-UV-Red-NUV-17.jpg\",\"contentUrl\":\"https:\\\/\\\/dohiku.eu\\\/wp-content\\\/uploads\\\/2020\\\/06\\\/2306-Body-thread-UV-Red-NUV-17.jpg\",\"width\":630,\"height\":800},{\"@type\":\"BreadcrumbList\",\"@id\":\"https:\\\/\\\/dohiku.eu\\\/sk\\\/shop\\\/viazacie-materialy\\\/nite-lametky-a-drotiky\\\/uv-tielkove-nite\\\/tielkova-nit-uv-cervena-nuv-17\\\/#breadcrumb\",\"itemListElement\":[{\"@type\":\"ListItem\",\"position\":1,\"name\":\"Home\",\"item\":\"https:\\\/\\\/dohiku.eu\\\/sk\\\/\"},{\"@type\":\"ListItem\",\"position\":2,\"name\":\"PRODUCTS\",\"item\":\"https:\\\/\\\/dohiku.eu\\\/sk\\\/products\\\/\"},{\"@type\":\"ListItem\",\"position\":3,\"name\":\"Tielkov\u00e1 ni\u0165 UV &#8211; \u010cerven\u00e1 NUV 17\"}]},{\"@type\":\"WebSite\",\"@id\":\"https:\\\/\\\/dohiku.eu\\\/sk\\\/#website\",\"url\":\"https:\\\/\\\/dohiku.eu\\\/sk\\\/\",\"name\":\"DOHIKU\",\"description\":\"H\u00e1\u010diky DOHIKU s\u00fa vyroben\u00e9 z vysoko uhl\u00edkovej ocele, ktor\u00e1 je kalen\u00e1 a pop\u00fa\u0161\u0165an\u00e1 pod\u013ea presn\u00e9ho receptu.\",\"publisher\":{\"@id\":\"https:\\\/\\\/dohiku.eu\\\/sk\\\/#organization\"},\"potentialAction\":[{\"@type\":\"SearchAction\",\"target\":{\"@type\":\"EntryPoint\",\"urlTemplate\":\"https:\\\/\\\/dohiku.eu\\\/sk\\\/?s={search_term_string}\"},\"query-input\":{\"@type\":\"PropertyValueSpecification\",\"valueRequired\":true,\"valueName\":\"search_term_string\"}}],\"inLanguage\":\"sk-SK\"},{\"@type\":\"Organization\",\"@id\":\"https:\\\/\\\/dohiku.eu\\\/sk\\\/#organization\",\"name\":\"DOHIKU s.r.o.\",\"url\":\"https:\\\/\\\/dohiku.eu\\\/sk\\\/\",\"logo\":{\"@type\":\"ImageObject\",\"inLanguage\":\"sk-SK\",\"@id\":\"https:\\\/\\\/dohiku.eu\\\/sk\\\/#\\\/schema\\\/logo\\\/image\\\/\",\"url\":\"https:\\\/\\\/dohiku.eu\\\/wp-content\\\/uploads\\\/2024\\\/01\\\/cropped-dohiku.png\",\"contentUrl\":\"https:\\\/\\\/dohiku.eu\\\/wp-content\\\/uploads\\\/2024\\\/01\\\/cropped-dohiku.png\",\"width\":137,\"height\":87,\"caption\":\"DOHIKU s.r.o.\"},\"image\":{\"@id\":\"https:\\\/\\\/dohiku.eu\\\/sk\\\/#\\\/schema\\\/logo\\\/image\\\/\"}}]}<\/script>\n<!-- \/ Yoast SEO plugin. -->","yoast_head_json":{"title":"Tielkov\u00e1 ni\u0165 UV - \u010cerven\u00e1 NUV 17 - DOHIKU","robots":{"index":"index","follow":"follow","max-snippet":"max-snippet:-1","max-image-preview":"max-image-preview:large","max-video-preview":"max-video-preview:-1"},"canonical":"https:\/\/dohiku.eu\/sk\/shop\/viazacie-materialy\/nite-lametky-a-drotiky\/uv-tielkove-nite\/tielkova-nit-uv-cervena-nuv-17\/","og_locale":"sk_SK","og_type":"article","og_title":"Tielkov\u00e1 ni\u0165 UV - \u010cerven\u00e1 NUV 17 - DOHIKU","og_description":"Vn\u00edmanie nevidite\u013en\u00e9ho svetla Farba je vn\u00edman\u00e1 okom ako odraz svetla ur\u010ditej vlnovej d\u013a\u017eky.\u00a0\u013dudsk\u00e9 oko vn\u00edma farbu o vlnovej d\u013a\u017eke 400-750 nm.\u00a0Oko celej rady \u017eivo\u010d\u00edchov, medzi ne patr\u00ed aj ryby, vn\u00edma odraz svetla pod 400 nm, tzv. Ultraviolet \u017eiarenie (UV).\u00a0Prirodzen\u00fdm zdrojom UV \u017eiarenia je slnko.\u00a0UV svetlo m\u00e1 krat\u0161iu vlnov\u00fa d\u013a\u017eku a t\u00fdm aj vy\u0161\u0161iu energiu ne\u017e pre n\u00e1s vidite\u013en\u00e9 svetlo.\u00a0Pre vnem farby pod UV \u017eiaren\u00edm si m\u00f4\u017eeme pom\u00f4c\u0165 vhodn\u00fdm UV osvetlen\u00edm.\u00a0Zist\u00edme, \u017ee vnem farby je \u00faplne in\u00fd, men\u00ed sa odtie\u0148, farba je ove\u013ea \u017eiarivej\u0161ia a dr\u00e1\u017edivej\u0161ia, niektor\u00e9 farby priamo svieti. Posvietime - ak UV osvetlen\u00edm na cel\u00fd rad viazac\u00edch materi\u00e1lov, zist\u00edme, \u017ee vo vlnovej d\u013a\u017eke pod 400 nm neodr\u00e1\u017ea, alebo len minim\u00e1lne odr\u00e1\u017ea svetlo.\u00a0Farbu vn\u00edmame matnej, neur\u010dito a nev\u00fdrazne.\u00a0Naproti tomu posvietime chcete na nov\u00fd druh nit\u00ed pribl\u00ed\u017eime sa vnemu farby r\u00fdb a budeme prekvapen\u00ed ako naraz farba vyzer\u00e1 a ko\u013eko svetla odr\u00e1\u017ea.","og_url":"https:\/\/dohiku.eu\/sk\/shop\/viazacie-materialy\/nite-lametky-a-drotiky\/uv-tielkove-nite\/tielkova-nit-uv-cervena-nuv-17\/","og_site_name":"DOHIKU","article_modified_time":"2024-02-11T10:39:31+00:00","og_image":[{"width":630,"height":800,"url":"https:\/\/dohiku.eu\/wp-content\/uploads\/2020\/06\/2306-Body-thread-UV-Red-NUV-17.jpg","type":"image\/jpeg"}],"twitter_card":"summary_large_image","schema":{"@context":"https:\/\/schema.org","@graph":[{"@type":"WebPage","@id":"https:\/\/dohiku.eu\/sk\/shop\/viazacie-materialy\/nite-lametky-a-drotiky\/uv-tielkove-nite\/tielkova-nit-uv-cervena-nuv-17\/","url":"https:\/\/dohiku.eu\/sk\/shop\/viazacie-materialy\/nite-lametky-a-drotiky\/uv-tielkove-nite\/tielkova-nit-uv-cervena-nuv-17\/","name":"Tielkov\u00e1 ni\u0165 UV - \u010cerven\u00e1 NUV 17 - DOHIKU","isPartOf":{"@id":"https:\/\/dohiku.eu\/sk\/#website"},"primaryImageOfPage":{"@id":"https:\/\/dohiku.eu\/sk\/shop\/viazacie-materialy\/nite-lametky-a-drotiky\/uv-tielkove-nite\/tielkova-nit-uv-cervena-nuv-17\/#primaryimage"},"image":{"@id":"https:\/\/dohiku.eu\/sk\/shop\/viazacie-materialy\/nite-lametky-a-drotiky\/uv-tielkove-nite\/tielkova-nit-uv-cervena-nuv-17\/#primaryimage"},"thumbnailUrl":"https:\/\/dohiku.eu\/wp-content\/uploads\/2020\/06\/2306-Body-thread-UV-Red-NUV-17.jpg","datePublished":"2020-06-24T09:12:27+00:00","dateModified":"2024-02-11T10:39:31+00:00","breadcrumb":{"@id":"https:\/\/dohiku.eu\/sk\/shop\/viazacie-materialy\/nite-lametky-a-drotiky\/uv-tielkove-nite\/tielkova-nit-uv-cervena-nuv-17\/#breadcrumb"},"inLanguage":"sk-SK","potentialAction":[{"@type":"ReadAction","target":["https:\/\/dohiku.eu\/sk\/shop\/viazacie-materialy\/nite-lametky-a-drotiky\/uv-tielkove-nite\/tielkova-nit-uv-cervena-nuv-17\/"]}]},{"@type":"ImageObject","inLanguage":"sk-SK","@id":"https:\/\/dohiku.eu\/sk\/shop\/viazacie-materialy\/nite-lametky-a-drotiky\/uv-tielkove-nite\/tielkova-nit-uv-cervena-nuv-17\/#primaryimage","url":"https:\/\/dohiku.eu\/wp-content\/uploads\/2020\/06\/2306-Body-thread-UV-Red-NUV-17.jpg","contentUrl":"https:\/\/dohiku.eu\/wp-content\/uploads\/2020\/06\/2306-Body-thread-UV-Red-NUV-17.jpg","width":630,"height":800},{"@type":"BreadcrumbList","@id":"https:\/\/dohiku.eu\/sk\/shop\/viazacie-materialy\/nite-lametky-a-drotiky\/uv-tielkove-nite\/tielkova-nit-uv-cervena-nuv-17\/#breadcrumb","itemListElement":[{"@type":"ListItem","position":1,"name":"Home","item":"https:\/\/dohiku.eu\/sk\/"},{"@type":"ListItem","position":2,"name":"PRODUCTS","item":"https:\/\/dohiku.eu\/sk\/products\/"},{"@type":"ListItem","position":3,"name":"Tielkov\u00e1 ni\u0165 UV &#8211; \u010cerven\u00e1 NUV 17"}]},{"@type":"WebSite","@id":"https:\/\/dohiku.eu\/sk\/#website","url":"https:\/\/dohiku.eu\/sk\/","name":"DOHIKU","description":"H\u00e1\u010diky DOHIKU s\u00fa vyroben\u00e9 z vysoko uhl\u00edkovej ocele, ktor\u00e1 je kalen\u00e1 a pop\u00fa\u0161\u0165an\u00e1 pod\u013ea presn\u00e9ho receptu.","publisher":{"@id":"https:\/\/dohiku.eu\/sk\/#organization"},"potentialAction":[{"@type":"SearchAction","target":{"@type":"EntryPoint","urlTemplate":"https:\/\/dohiku.eu\/sk\/?s={search_term_string}"},"query-input":{"@type":"PropertyValueSpecification","valueRequired":true,"valueName":"search_term_string"}}],"inLanguage":"sk-SK"},{"@type":"Organization","@id":"https:\/\/dohiku.eu\/sk\/#organization","name":"DOHIKU s.r.o.","url":"https:\/\/dohiku.eu\/sk\/","logo":{"@type":"ImageObject","inLanguage":"sk-SK","@id":"https:\/\/dohiku.eu\/sk\/#\/schema\/logo\/image\/","url":"https:\/\/dohiku.eu\/wp-content\/uploads\/2024\/01\/cropped-dohiku.png","contentUrl":"https:\/\/dohiku.eu\/wp-content\/uploads\/2024\/01\/cropped-dohiku.png","width":137,"height":87,"caption":"DOHIKU s.r.o."},"image":{"@id":"https:\/\/dohiku.eu\/sk\/#\/schema\/logo\/image\/"}}]}},"_links":{"self":[{"href":"https:\/\/dohiku.eu\/sk\/wp-json\/wp\/v2\/product\/7076","targetHints":{"allow":["GET"]}}],"collection":[{"href":"https:\/\/dohiku.eu\/sk\/wp-json\/wp\/v2\/product"}],"about":[{"href":"https:\/\/dohiku.eu\/sk\/wp-json\/wp\/v2\/types\/product"}],"replies":[{"embeddable":true,"href":"https:\/\/dohiku.eu\/sk\/wp-json\/wp\/v2\/comments?post=7076"}],"wp:featuredmedia":[{"embeddable":true,"href":"https:\/\/dohiku.eu\/sk\/wp-json\/wp\/v2\/media\/6550"}],"wp:attachment":[{"href":"https:\/\/dohiku.eu\/sk\/wp-json\/wp\/v2\/media?parent=7076"}],"wp:term":[{"taxonomy":"product_brand","embeddable":true,"href":"https:\/\/dohiku.eu\/sk\/wp-json\/wp\/v2\/product_brand?post=7076"},{"taxonomy":"product_cat","embeddable":true,"href":"https:\/\/dohiku.eu\/sk\/wp-json\/wp\/v2\/product_cat?post=7076"},{"taxonomy":"product_tag","embeddable":true,"href":"https:\/\/dohiku.eu\/sk\/wp-json\/wp\/v2\/product_tag?post=7076"}],"curies":[{"name":"wp","href":"https:\/\/api.w.org\/{rel}","templated":true}]}}