{"id":7072,"date":"2020-10-26T11:41:32","date_gmt":"2020-10-26T11:41:32","guid":{"rendered":"https:\/\/dohiku.eu\/shop\/nezaraden\u00e9\/koza-z-vevericky\/"},"modified":"2026-01-30T09:25:53","modified_gmt":"2026-01-30T09:25:53","slug":"koza-z-vevericky-siva-code-vev-2","status":"publish","type":"product","link":"https:\/\/dohiku.eu\/sk\/shop\/viazacie-materialy\/srst\/koza-z-vevericky-siva-code-vev-2\/","title":{"rendered":"Ko\u017ea z veveri\u010dky Siv\u00e1, Code: VEV 2"},"content":{"rendered":"<p style=\"margin-top: 0px;margin-bottom: .8rem;color: #777777;font-family: 'Open Sans', sans-serif;font-size: 15px\">Ve\u013emi kvalitn\u00e1 ko\u017ea na dabovanie &#8211; hrude n\u00fdmf a lariev.<\/p>\n<p style=\"margin-top: 0px;margin-bottom: 0px;color: #777777;font-family: 'Open Sans', sans-serif;font-size: 15px\">D\u013e\u017eka ko\u017ee &#8211; cca 31 cm<\/p>\n","protected":false},"excerpt":{"rendered":"<div id=\"product-description-short-1059\" class=\"rte-content\" style=\"color: #777777;font-family: Karla, sans-serif;font-size: 15px\">\n<p style=\"margin-top: 0px;margin-bottom: 0px\">Najkvalitnej\u0161ia veveri\u010dia ko\u017ea na v\u00fdrobu veveri\u010dieho dabingu.<\/p>\n<\/div>\n<div class=\"product-actions\" style=\"color: #777777;font-family: Karla, sans-serif;font-size: 15px\">\n<div class=\"product-variants\"><\/div>\n<div class=\"product-add-to-cart pt-3\" style=\"padding-top: 1rem\">\n<div class=\"row extra-small-gutters product-quantity\" style=\"margin-right: -.3rem;margin-left: -.3rem\">\n<div class=\"col col-12 col-sm-auto\" style=\"width: auto;padding-right: .3rem;padding-left: .3rem;max-width: 100%;margin-bottom: .8rem\">\n<div class=\"qty\" style=\"width: 80px;height: 52px\">\n<div class=\"input-group bootstrap-touchspin\" style=\"width: 80px;height: 52px\">D\u013a\u017eka: cca 31 cm<\/div>\n<\/div>\n<\/div>\n<\/div>\n<\/div>\n<\/div>\n","protected":false},"featured_media":6568,"comment_status":"closed","ping_status":"closed","template":"","meta":[],"product_brand":[],"product_cat":[511,582,583,525],"product_tag":[],"class_list":{"0":"post-7072","1":"product","2":"type-product","3":"status-publish","4":"has-post-thumbnail","6":"product_cat-haciky","7":"product_cat-srst","8":"product_cat-veverica","9":"product_cat-viazacie-materialy","11":"first","12":"instock","13":"taxable","14":"shipping-taxable","15":"purchasable","16":"product-type-simple"},"yoast_head":"<!-- This site is optimized with the Yoast SEO plugin v27.5 - https:\/\/yoast.com\/product\/yoast-seo-wordpress\/ -->\n<title>Ko\u017ea z veveri\u010dky Siv\u00e1, Code: VEV 2 - DOHIKU<\/title>\n<meta name=\"robots\" content=\"index, follow, max-snippet:-1, max-image-preview:large, max-video-preview:-1\" \/>\n<link rel=\"canonical\" href=\"https:\/\/dohiku.eu\/sk\/shop\/viazacie-materialy\/srst\/koza-z-vevericky-siva-code-vev-2\/\" \/>\n<meta property=\"og:locale\" content=\"sk_SK\" \/>\n<meta property=\"og:type\" content=\"article\" \/>\n<meta property=\"og:title\" content=\"Ko\u017ea z veveri\u010dky Siv\u00e1, Code: VEV 2 - DOHIKU\" \/>\n<meta property=\"og:description\" content=\"Najkvalitnej\u0161ia veveri\u010dia ko\u017ea na v\u00fdrobu veveri\u010dieho dabingu.         D\u013a\u017eka: cca 31 cm\" \/>\n<meta property=\"og:url\" content=\"https:\/\/dohiku.eu\/sk\/shop\/viazacie-materialy\/srst\/koza-z-vevericky-siva-code-vev-2\/\" \/>\n<meta property=\"og:site_name\" content=\"DOHIKU\" \/>\n<meta property=\"article:modified_time\" content=\"2026-01-30T09:25:53+00:00\" \/>\n<meta property=\"og:image\" content=\"https:\/\/dohiku.eu\/wp-content\/uploads\/2020\/10\/2333-The-skin-of-squirrel.jpg\" \/>\n\t<meta property=\"og:image:width\" content=\"787\" \/>\n\t<meta property=\"og:image:height\" content=\"458\" \/>\n\t<meta property=\"og:image:type\" content=\"image\/jpeg\" \/>\n<meta name=\"twitter:card\" content=\"summary_large_image\" \/>\n<meta name=\"twitter:label1\" content=\"Predpokladan\u00fd \u010das \u010d\u00edtania\" \/>\n\t<meta name=\"twitter:data1\" content=\"1 min\u00fata\" \/>\n<script type=\"application\/ld+json\" class=\"yoast-schema-graph\">{\"@context\":\"https:\\\/\\\/schema.org\",\"@graph\":[{\"@type\":\"WebPage\",\"@id\":\"https:\\\/\\\/dohiku.eu\\\/sk\\\/shop\\\/viazacie-materialy\\\/srst\\\/koza-z-vevericky-siva-code-vev-2\\\/\",\"url\":\"https:\\\/\\\/dohiku.eu\\\/sk\\\/shop\\\/viazacie-materialy\\\/srst\\\/koza-z-vevericky-siva-code-vev-2\\\/\",\"name\":\"Ko\u017ea z veveri\u010dky Siv\u00e1, Code: VEV 2 - DOHIKU\",\"isPartOf\":{\"@id\":\"https:\\\/\\\/dohiku.eu\\\/sk\\\/#website\"},\"primaryImageOfPage\":{\"@id\":\"https:\\\/\\\/dohiku.eu\\\/sk\\\/shop\\\/viazacie-materialy\\\/srst\\\/koza-z-vevericky-siva-code-vev-2\\\/#primaryimage\"},\"image\":{\"@id\":\"https:\\\/\\\/dohiku.eu\\\/sk\\\/shop\\\/viazacie-materialy\\\/srst\\\/koza-z-vevericky-siva-code-vev-2\\\/#primaryimage\"},\"thumbnailUrl\":\"https:\\\/\\\/dohiku.eu\\\/wp-content\\\/uploads\\\/2020\\\/10\\\/2333-The-skin-of-squirrel.jpg\",\"datePublished\":\"2020-10-26T11:41:32+00:00\",\"dateModified\":\"2026-01-30T09:25:53+00:00\",\"breadcrumb\":{\"@id\":\"https:\\\/\\\/dohiku.eu\\\/sk\\\/shop\\\/viazacie-materialy\\\/srst\\\/koza-z-vevericky-siva-code-vev-2\\\/#breadcrumb\"},\"inLanguage\":\"sk-SK\",\"potentialAction\":[{\"@type\":\"ReadAction\",\"target\":[\"https:\\\/\\\/dohiku.eu\\\/sk\\\/shop\\\/viazacie-materialy\\\/srst\\\/koza-z-vevericky-siva-code-vev-2\\\/\"]}]},{\"@type\":\"ImageObject\",\"inLanguage\":\"sk-SK\",\"@id\":\"https:\\\/\\\/dohiku.eu\\\/sk\\\/shop\\\/viazacie-materialy\\\/srst\\\/koza-z-vevericky-siva-code-vev-2\\\/#primaryimage\",\"url\":\"https:\\\/\\\/dohiku.eu\\\/wp-content\\\/uploads\\\/2020\\\/10\\\/2333-The-skin-of-squirrel.jpg\",\"contentUrl\":\"https:\\\/\\\/dohiku.eu\\\/wp-content\\\/uploads\\\/2020\\\/10\\\/2333-The-skin-of-squirrel.jpg\",\"width\":787,\"height\":458},{\"@type\":\"BreadcrumbList\",\"@id\":\"https:\\\/\\\/dohiku.eu\\\/sk\\\/shop\\\/viazacie-materialy\\\/srst\\\/koza-z-vevericky-siva-code-vev-2\\\/#breadcrumb\",\"itemListElement\":[{\"@type\":\"ListItem\",\"position\":1,\"name\":\"Home\",\"item\":\"https:\\\/\\\/dohiku.eu\\\/sk\\\/\"},{\"@type\":\"ListItem\",\"position\":2,\"name\":\"PRODUCTS\",\"item\":\"https:\\\/\\\/dohiku.eu\\\/sk\\\/products\\\/\"},{\"@type\":\"ListItem\",\"position\":3,\"name\":\"Ko\u017ea z veveri\u010dky Siv\u00e1, Code: VEV 2\"}]},{\"@type\":\"WebSite\",\"@id\":\"https:\\\/\\\/dohiku.eu\\\/sk\\\/#website\",\"url\":\"https:\\\/\\\/dohiku.eu\\\/sk\\\/\",\"name\":\"DOHIKU\",\"description\":\"H\u00e1\u010diky DOHIKU s\u00fa vyroben\u00e9 z vysoko uhl\u00edkovej ocele, ktor\u00e1 je kalen\u00e1 a pop\u00fa\u0161\u0165an\u00e1 pod\u013ea presn\u00e9ho receptu.\",\"publisher\":{\"@id\":\"https:\\\/\\\/dohiku.eu\\\/sk\\\/#organization\"},\"potentialAction\":[{\"@type\":\"SearchAction\",\"target\":{\"@type\":\"EntryPoint\",\"urlTemplate\":\"https:\\\/\\\/dohiku.eu\\\/sk\\\/?s={search_term_string}\"},\"query-input\":{\"@type\":\"PropertyValueSpecification\",\"valueRequired\":true,\"valueName\":\"search_term_string\"}}],\"inLanguage\":\"sk-SK\"},{\"@type\":\"Organization\",\"@id\":\"https:\\\/\\\/dohiku.eu\\\/sk\\\/#organization\",\"name\":\"DOHIKU s.r.o.\",\"url\":\"https:\\\/\\\/dohiku.eu\\\/sk\\\/\",\"logo\":{\"@type\":\"ImageObject\",\"inLanguage\":\"sk-SK\",\"@id\":\"https:\\\/\\\/dohiku.eu\\\/sk\\\/#\\\/schema\\\/logo\\\/image\\\/\",\"url\":\"https:\\\/\\\/dohiku.eu\\\/wp-content\\\/uploads\\\/2024\\\/01\\\/cropped-dohiku.png\",\"contentUrl\":\"https:\\\/\\\/dohiku.eu\\\/wp-content\\\/uploads\\\/2024\\\/01\\\/cropped-dohiku.png\",\"width\":137,\"height\":87,\"caption\":\"DOHIKU s.r.o.\"},\"image\":{\"@id\":\"https:\\\/\\\/dohiku.eu\\\/sk\\\/#\\\/schema\\\/logo\\\/image\\\/\"}}]}<\/script>\n<!-- \/ Yoast SEO plugin. -->","yoast_head_json":{"title":"Ko\u017ea z veveri\u010dky Siv\u00e1, Code: VEV 2 - DOHIKU","robots":{"index":"index","follow":"follow","max-snippet":"max-snippet:-1","max-image-preview":"max-image-preview:large","max-video-preview":"max-video-preview:-1"},"canonical":"https:\/\/dohiku.eu\/sk\/shop\/viazacie-materialy\/srst\/koza-z-vevericky-siva-code-vev-2\/","og_locale":"sk_SK","og_type":"article","og_title":"Ko\u017ea z veveri\u010dky Siv\u00e1, Code: VEV 2 - DOHIKU","og_description":"Najkvalitnej\u0161ia veveri\u010dia ko\u017ea na v\u00fdrobu veveri\u010dieho dabingu.         D\u013a\u017eka: cca 31 cm","og_url":"https:\/\/dohiku.eu\/sk\/shop\/viazacie-materialy\/srst\/koza-z-vevericky-siva-code-vev-2\/","og_site_name":"DOHIKU","article_modified_time":"2026-01-30T09:25:53+00:00","og_image":[{"width":787,"height":458,"url":"https:\/\/dohiku.eu\/wp-content\/uploads\/2020\/10\/2333-The-skin-of-squirrel.jpg","type":"image\/jpeg"}],"twitter_card":"summary_large_image","twitter_misc":{"Predpokladan\u00fd \u010das \u010d\u00edtania":"1 min\u00fata"},"schema":{"@context":"https:\/\/schema.org","@graph":[{"@type":"WebPage","@id":"https:\/\/dohiku.eu\/sk\/shop\/viazacie-materialy\/srst\/koza-z-vevericky-siva-code-vev-2\/","url":"https:\/\/dohiku.eu\/sk\/shop\/viazacie-materialy\/srst\/koza-z-vevericky-siva-code-vev-2\/","name":"Ko\u017ea z veveri\u010dky Siv\u00e1, Code: VEV 2 - DOHIKU","isPartOf":{"@id":"https:\/\/dohiku.eu\/sk\/#website"},"primaryImageOfPage":{"@id":"https:\/\/dohiku.eu\/sk\/shop\/viazacie-materialy\/srst\/koza-z-vevericky-siva-code-vev-2\/#primaryimage"},"image":{"@id":"https:\/\/dohiku.eu\/sk\/shop\/viazacie-materialy\/srst\/koza-z-vevericky-siva-code-vev-2\/#primaryimage"},"thumbnailUrl":"https:\/\/dohiku.eu\/wp-content\/uploads\/2020\/10\/2333-The-skin-of-squirrel.jpg","datePublished":"2020-10-26T11:41:32+00:00","dateModified":"2026-01-30T09:25:53+00:00","breadcrumb":{"@id":"https:\/\/dohiku.eu\/sk\/shop\/viazacie-materialy\/srst\/koza-z-vevericky-siva-code-vev-2\/#breadcrumb"},"inLanguage":"sk-SK","potentialAction":[{"@type":"ReadAction","target":["https:\/\/dohiku.eu\/sk\/shop\/viazacie-materialy\/srst\/koza-z-vevericky-siva-code-vev-2\/"]}]},{"@type":"ImageObject","inLanguage":"sk-SK","@id":"https:\/\/dohiku.eu\/sk\/shop\/viazacie-materialy\/srst\/koza-z-vevericky-siva-code-vev-2\/#primaryimage","url":"https:\/\/dohiku.eu\/wp-content\/uploads\/2020\/10\/2333-The-skin-of-squirrel.jpg","contentUrl":"https:\/\/dohiku.eu\/wp-content\/uploads\/2020\/10\/2333-The-skin-of-squirrel.jpg","width":787,"height":458},{"@type":"BreadcrumbList","@id":"https:\/\/dohiku.eu\/sk\/shop\/viazacie-materialy\/srst\/koza-z-vevericky-siva-code-vev-2\/#breadcrumb","itemListElement":[{"@type":"ListItem","position":1,"name":"Home","item":"https:\/\/dohiku.eu\/sk\/"},{"@type":"ListItem","position":2,"name":"PRODUCTS","item":"https:\/\/dohiku.eu\/sk\/products\/"},{"@type":"ListItem","position":3,"name":"Ko\u017ea z veveri\u010dky Siv\u00e1, Code: VEV 2"}]},{"@type":"WebSite","@id":"https:\/\/dohiku.eu\/sk\/#website","url":"https:\/\/dohiku.eu\/sk\/","name":"DOHIKU","description":"H\u00e1\u010diky DOHIKU s\u00fa vyroben\u00e9 z vysoko uhl\u00edkovej ocele, ktor\u00e1 je kalen\u00e1 a pop\u00fa\u0161\u0165an\u00e1 pod\u013ea presn\u00e9ho receptu.","publisher":{"@id":"https:\/\/dohiku.eu\/sk\/#organization"},"potentialAction":[{"@type":"SearchAction","target":{"@type":"EntryPoint","urlTemplate":"https:\/\/dohiku.eu\/sk\/?s={search_term_string}"},"query-input":{"@type":"PropertyValueSpecification","valueRequired":true,"valueName":"search_term_string"}}],"inLanguage":"sk-SK"},{"@type":"Organization","@id":"https:\/\/dohiku.eu\/sk\/#organization","name":"DOHIKU s.r.o.","url":"https:\/\/dohiku.eu\/sk\/","logo":{"@type":"ImageObject","inLanguage":"sk-SK","@id":"https:\/\/dohiku.eu\/sk\/#\/schema\/logo\/image\/","url":"https:\/\/dohiku.eu\/wp-content\/uploads\/2024\/01\/cropped-dohiku.png","contentUrl":"https:\/\/dohiku.eu\/wp-content\/uploads\/2024\/01\/cropped-dohiku.png","width":137,"height":87,"caption":"DOHIKU s.r.o."},"image":{"@id":"https:\/\/dohiku.eu\/sk\/#\/schema\/logo\/image\/"}}]}},"_links":{"self":[{"href":"https:\/\/dohiku.eu\/sk\/wp-json\/wp\/v2\/product\/7072","targetHints":{"allow":["GET"]}}],"collection":[{"href":"https:\/\/dohiku.eu\/sk\/wp-json\/wp\/v2\/product"}],"about":[{"href":"https:\/\/dohiku.eu\/sk\/wp-json\/wp\/v2\/types\/product"}],"replies":[{"embeddable":true,"href":"https:\/\/dohiku.eu\/sk\/wp-json\/wp\/v2\/comments?post=7072"}],"wp:featuredmedia":[{"embeddable":true,"href":"https:\/\/dohiku.eu\/sk\/wp-json\/wp\/v2\/media\/6568"}],"wp:attachment":[{"href":"https:\/\/dohiku.eu\/sk\/wp-json\/wp\/v2\/media?parent=7072"}],"wp:term":[{"taxonomy":"product_brand","embeddable":true,"href":"https:\/\/dohiku.eu\/sk\/wp-json\/wp\/v2\/product_brand?post=7072"},{"taxonomy":"product_cat","embeddable":true,"href":"https:\/\/dohiku.eu\/sk\/wp-json\/wp\/v2\/product_cat?post=7072"},{"taxonomy":"product_tag","embeddable":true,"href":"https:\/\/dohiku.eu\/sk\/wp-json\/wp\/v2\/product_tag?post=7072"}],"curies":[{"name":"wp","href":"https:\/\/api.w.org\/{rel}","templated":true}]}}