{"id":7069,"date":"2020-07-07T13:46:21","date_gmt":"2020-07-07T13:46:21","guid":{"rendered":"https:\/\/dohiku.eu\/shop\/nezaraden\u00e9\/nit-na-telo-uv-cierna-nuv-28\/"},"modified":"2026-02-11T15:10:53","modified_gmt":"2026-02-11T15:10:53","slug":"tielkova-nit-uv-cierna-nuv-28","status":"publish","type":"product","link":"https:\/\/dohiku.eu\/sk\/shop\/viazacie-materialy\/nite-lametky-a-drotiky\/uv-tielkove-nite\/tielkova-nit-uv-cierna-nuv-28\/","title":{"rendered":"Tielkov\u00e1 ni\u0165 UV &#8211; \u010cierna NUV 28"},"content":{"rendered":"<p style=\"margin-top:0px;margin-bottom:.8rem;color:#777777;font-family:'Open Sans', sans-serif;font-size:15px;\"><span style=\"color:#333333;font-family:'Nunito Sans', sans-serif;font-size:14px;vertical-align:inherit;\">Viazacie nite NUV,\u00a0 maj\u00fa\u00a0\u0161pecifick\u00e9 vlastnost\u00ed UV.\u00a0<\/span><span style=\"color:#333333;font-family:'Nunito Sans', sans-serif;font-size:14px;vertical-align:inherit;\">V\u00fdvoj nit\u00ed bol zameran\u00fd na vn\u00edmanie farby pod UV \u017eiaren\u00edm.\u00a0<\/span><\/p>\n<p style=\"margin-top:0px;margin-bottom:.8rem;color:#777777;font-family:'Open Sans', sans-serif;font-size:15px;\">Odpor\u00fa\u010dame ju na tielka, kr\u00fa\u017ekovanie a zv\u00fdraznenie (sp\u00fa\u0161\u0165a\u010de), podeniek, pakom\u00e1rov\u00a0alebo kriv\u00e1kov. A samozrejme aj na tielka\u00a0fantastick\u00fdch mu\u0161iek.<\/p>\n<p style=\"margin-top:0px;margin-bottom:.8rem;color:#777777;font-family:'Open Sans', sans-serif;font-size:15px;\">\n<p style=\"margin-top:0px;margin-bottom:0px;color:#777777;font-family:'Open Sans', sans-serif;font-size:15px;\">1 cievka \/ 100 m<\/p>\n","protected":false},"excerpt":{"rendered":"<p>Viazacie nite NUV,\u00a0 maj\u00fa\u00a0\u0161pecifick\u00e9 vlastnost\u00ed UV.\u00a0V\u00fdvoj nit\u00ed bol zameran\u00fd na vn\u00edmanie farby pod UV \u017eiaren\u00edm.\u00a0 Odpor\u00fa\u010dame ju na tielka, kr\u00fa\u017ekovanie a zv\u00fdraznenie (sp\u00fa\u0161\u0165a\u010de), podeniek, pakom\u00e1rov\u00a0alebo kriv\u00e1kov. A samozrejme aj na tielka\u00a0fantastick\u00fdch mu\u0161iek. 1 cievka \/ 100 m<\/p>\n","protected":false},"featured_media":6558,"comment_status":"closed","ping_status":"closed","template":"","meta":[],"product_brand":[],"product_cat":[511,506,580],"product_tag":[],"class_list":{"0":"post-7069","1":"product","2":"type-product","3":"status-publish","4":"has-post-thumbnail","6":"product_cat-haciky","7":"product_cat-nezaradene","8":"product_cat-uv-tielkove-nite","10":"first","11":"instock","12":"taxable","13":"shipping-taxable","14":"purchasable","15":"product-type-simple"},"yoast_head":"<!-- This site is optimized with the Yoast SEO plugin v27.5 - https:\/\/yoast.com\/product\/yoast-seo-wordpress\/ -->\n<title>Tielkov\u00e1 ni\u0165 UV - \u010cierna NUV 28 - DOHIKU<\/title>\n<meta name=\"robots\" content=\"index, follow, max-snippet:-1, max-image-preview:large, max-video-preview:-1\" \/>\n<link rel=\"canonical\" href=\"https:\/\/dohiku.eu\/sk\/shop\/viazacie-materialy\/nite-lametky-a-drotiky\/uv-tielkove-nite\/tielkova-nit-uv-cierna-nuv-28\/\" \/>\n<meta property=\"og:locale\" content=\"sk_SK\" \/>\n<meta property=\"og:type\" content=\"article\" \/>\n<meta property=\"og:title\" content=\"Tielkov\u00e1 ni\u0165 UV - \u010cierna NUV 28 - DOHIKU\" \/>\n<meta property=\"og:description\" content=\"Viazacie nite NUV,\u00a0 maj\u00fa\u00a0\u0161pecifick\u00e9 vlastnost\u00ed UV.\u00a0V\u00fdvoj nit\u00ed bol zameran\u00fd na vn\u00edmanie farby pod UV \u017eiaren\u00edm.\u00a0 Odpor\u00fa\u010dame ju na tielka, kr\u00fa\u017ekovanie a zv\u00fdraznenie (sp\u00fa\u0161\u0165a\u010de), podeniek, pakom\u00e1rov\u00a0alebo kriv\u00e1kov. A samozrejme aj na tielka\u00a0fantastick\u00fdch mu\u0161iek. 1 cievka \/ 100 m\" \/>\n<meta property=\"og:url\" content=\"https:\/\/dohiku.eu\/sk\/shop\/viazacie-materialy\/nite-lametky-a-drotiky\/uv-tielkove-nite\/tielkova-nit-uv-cierna-nuv-28\/\" \/>\n<meta property=\"og:site_name\" content=\"DOHIKU\" \/>\n<meta property=\"article:modified_time\" content=\"2026-02-11T15:10:53+00:00\" \/>\n<meta property=\"og:image\" content=\"https:\/\/dohiku.eu\/wp-content\/uploads\/2020\/07\/2307-Body-thread-UV-Black-NUV-28.jpg\" \/>\n\t<meta property=\"og:image:width\" content=\"676\" \/>\n\t<meta property=\"og:image:height\" content=\"800\" \/>\n\t<meta property=\"og:image:type\" content=\"image\/jpeg\" \/>\n<meta name=\"twitter:card\" content=\"summary_large_image\" \/>\n<script type=\"application\/ld+json\" class=\"yoast-schema-graph\">{\"@context\":\"https:\\\/\\\/schema.org\",\"@graph\":[{\"@type\":\"WebPage\",\"@id\":\"https:\\\/\\\/dohiku.eu\\\/sk\\\/shop\\\/viazacie-materialy\\\/nite-lametky-a-drotiky\\\/uv-tielkove-nite\\\/tielkova-nit-uv-cierna-nuv-28\\\/\",\"url\":\"https:\\\/\\\/dohiku.eu\\\/sk\\\/shop\\\/viazacie-materialy\\\/nite-lametky-a-drotiky\\\/uv-tielkove-nite\\\/tielkova-nit-uv-cierna-nuv-28\\\/\",\"name\":\"Tielkov\u00e1 ni\u0165 UV - \u010cierna NUV 28 - DOHIKU\",\"isPartOf\":{\"@id\":\"https:\\\/\\\/dohiku.eu\\\/sk\\\/#website\"},\"primaryImageOfPage\":{\"@id\":\"https:\\\/\\\/dohiku.eu\\\/sk\\\/shop\\\/viazacie-materialy\\\/nite-lametky-a-drotiky\\\/uv-tielkove-nite\\\/tielkova-nit-uv-cierna-nuv-28\\\/#primaryimage\"},\"image\":{\"@id\":\"https:\\\/\\\/dohiku.eu\\\/sk\\\/shop\\\/viazacie-materialy\\\/nite-lametky-a-drotiky\\\/uv-tielkove-nite\\\/tielkova-nit-uv-cierna-nuv-28\\\/#primaryimage\"},\"thumbnailUrl\":\"https:\\\/\\\/dohiku.eu\\\/wp-content\\\/uploads\\\/2020\\\/07\\\/2307-Body-thread-UV-Black-NUV-28.jpg\",\"datePublished\":\"2020-07-07T13:46:21+00:00\",\"dateModified\":\"2026-02-11T15:10:53+00:00\",\"breadcrumb\":{\"@id\":\"https:\\\/\\\/dohiku.eu\\\/sk\\\/shop\\\/viazacie-materialy\\\/nite-lametky-a-drotiky\\\/uv-tielkove-nite\\\/tielkova-nit-uv-cierna-nuv-28\\\/#breadcrumb\"},\"inLanguage\":\"sk-SK\",\"potentialAction\":[{\"@type\":\"ReadAction\",\"target\":[\"https:\\\/\\\/dohiku.eu\\\/sk\\\/shop\\\/viazacie-materialy\\\/nite-lametky-a-drotiky\\\/uv-tielkove-nite\\\/tielkova-nit-uv-cierna-nuv-28\\\/\"]}]},{\"@type\":\"ImageObject\",\"inLanguage\":\"sk-SK\",\"@id\":\"https:\\\/\\\/dohiku.eu\\\/sk\\\/shop\\\/viazacie-materialy\\\/nite-lametky-a-drotiky\\\/uv-tielkove-nite\\\/tielkova-nit-uv-cierna-nuv-28\\\/#primaryimage\",\"url\":\"https:\\\/\\\/dohiku.eu\\\/wp-content\\\/uploads\\\/2020\\\/07\\\/2307-Body-thread-UV-Black-NUV-28.jpg\",\"contentUrl\":\"https:\\\/\\\/dohiku.eu\\\/wp-content\\\/uploads\\\/2020\\\/07\\\/2307-Body-thread-UV-Black-NUV-28.jpg\",\"width\":676,\"height\":800},{\"@type\":\"BreadcrumbList\",\"@id\":\"https:\\\/\\\/dohiku.eu\\\/sk\\\/shop\\\/viazacie-materialy\\\/nite-lametky-a-drotiky\\\/uv-tielkove-nite\\\/tielkova-nit-uv-cierna-nuv-28\\\/#breadcrumb\",\"itemListElement\":[{\"@type\":\"ListItem\",\"position\":1,\"name\":\"Home\",\"item\":\"https:\\\/\\\/dohiku.eu\\\/sk\\\/\"},{\"@type\":\"ListItem\",\"position\":2,\"name\":\"PRODUCTS\",\"item\":\"https:\\\/\\\/dohiku.eu\\\/sk\\\/products\\\/\"},{\"@type\":\"ListItem\",\"position\":3,\"name\":\"Tielkov\u00e1 ni\u0165 UV &#8211; \u010cierna NUV 28\"}]},{\"@type\":\"WebSite\",\"@id\":\"https:\\\/\\\/dohiku.eu\\\/sk\\\/#website\",\"url\":\"https:\\\/\\\/dohiku.eu\\\/sk\\\/\",\"name\":\"DOHIKU\",\"description\":\"H\u00e1\u010diky DOHIKU s\u00fa vyroben\u00e9 z vysoko uhl\u00edkovej ocele, ktor\u00e1 je kalen\u00e1 a pop\u00fa\u0161\u0165an\u00e1 pod\u013ea presn\u00e9ho receptu.\",\"publisher\":{\"@id\":\"https:\\\/\\\/dohiku.eu\\\/sk\\\/#organization\"},\"potentialAction\":[{\"@type\":\"SearchAction\",\"target\":{\"@type\":\"EntryPoint\",\"urlTemplate\":\"https:\\\/\\\/dohiku.eu\\\/sk\\\/?s={search_term_string}\"},\"query-input\":{\"@type\":\"PropertyValueSpecification\",\"valueRequired\":true,\"valueName\":\"search_term_string\"}}],\"inLanguage\":\"sk-SK\"},{\"@type\":\"Organization\",\"@id\":\"https:\\\/\\\/dohiku.eu\\\/sk\\\/#organization\",\"name\":\"DOHIKU s.r.o.\",\"url\":\"https:\\\/\\\/dohiku.eu\\\/sk\\\/\",\"logo\":{\"@type\":\"ImageObject\",\"inLanguage\":\"sk-SK\",\"@id\":\"https:\\\/\\\/dohiku.eu\\\/sk\\\/#\\\/schema\\\/logo\\\/image\\\/\",\"url\":\"https:\\\/\\\/dohiku.eu\\\/wp-content\\\/uploads\\\/2024\\\/01\\\/cropped-dohiku.png\",\"contentUrl\":\"https:\\\/\\\/dohiku.eu\\\/wp-content\\\/uploads\\\/2024\\\/01\\\/cropped-dohiku.png\",\"width\":137,\"height\":87,\"caption\":\"DOHIKU s.r.o.\"},\"image\":{\"@id\":\"https:\\\/\\\/dohiku.eu\\\/sk\\\/#\\\/schema\\\/logo\\\/image\\\/\"}}]}<\/script>\n<!-- \/ Yoast SEO plugin. -->","yoast_head_json":{"title":"Tielkov\u00e1 ni\u0165 UV - \u010cierna NUV 28 - DOHIKU","robots":{"index":"index","follow":"follow","max-snippet":"max-snippet:-1","max-image-preview":"max-image-preview:large","max-video-preview":"max-video-preview:-1"},"canonical":"https:\/\/dohiku.eu\/sk\/shop\/viazacie-materialy\/nite-lametky-a-drotiky\/uv-tielkove-nite\/tielkova-nit-uv-cierna-nuv-28\/","og_locale":"sk_SK","og_type":"article","og_title":"Tielkov\u00e1 ni\u0165 UV - \u010cierna NUV 28 - DOHIKU","og_description":"Viazacie nite NUV,\u00a0 maj\u00fa\u00a0\u0161pecifick\u00e9 vlastnost\u00ed UV.\u00a0V\u00fdvoj nit\u00ed bol zameran\u00fd na vn\u00edmanie farby pod UV \u017eiaren\u00edm.\u00a0 Odpor\u00fa\u010dame ju na tielka, kr\u00fa\u017ekovanie a zv\u00fdraznenie (sp\u00fa\u0161\u0165a\u010de), podeniek, pakom\u00e1rov\u00a0alebo kriv\u00e1kov. A samozrejme aj na tielka\u00a0fantastick\u00fdch mu\u0161iek. 1 cievka \/ 100 m","og_url":"https:\/\/dohiku.eu\/sk\/shop\/viazacie-materialy\/nite-lametky-a-drotiky\/uv-tielkove-nite\/tielkova-nit-uv-cierna-nuv-28\/","og_site_name":"DOHIKU","article_modified_time":"2026-02-11T15:10:53+00:00","og_image":[{"width":676,"height":800,"url":"https:\/\/dohiku.eu\/wp-content\/uploads\/2020\/07\/2307-Body-thread-UV-Black-NUV-28.jpg","type":"image\/jpeg"}],"twitter_card":"summary_large_image","schema":{"@context":"https:\/\/schema.org","@graph":[{"@type":"WebPage","@id":"https:\/\/dohiku.eu\/sk\/shop\/viazacie-materialy\/nite-lametky-a-drotiky\/uv-tielkove-nite\/tielkova-nit-uv-cierna-nuv-28\/","url":"https:\/\/dohiku.eu\/sk\/shop\/viazacie-materialy\/nite-lametky-a-drotiky\/uv-tielkove-nite\/tielkova-nit-uv-cierna-nuv-28\/","name":"Tielkov\u00e1 ni\u0165 UV - \u010cierna NUV 28 - DOHIKU","isPartOf":{"@id":"https:\/\/dohiku.eu\/sk\/#website"},"primaryImageOfPage":{"@id":"https:\/\/dohiku.eu\/sk\/shop\/viazacie-materialy\/nite-lametky-a-drotiky\/uv-tielkove-nite\/tielkova-nit-uv-cierna-nuv-28\/#primaryimage"},"image":{"@id":"https:\/\/dohiku.eu\/sk\/shop\/viazacie-materialy\/nite-lametky-a-drotiky\/uv-tielkove-nite\/tielkova-nit-uv-cierna-nuv-28\/#primaryimage"},"thumbnailUrl":"https:\/\/dohiku.eu\/wp-content\/uploads\/2020\/07\/2307-Body-thread-UV-Black-NUV-28.jpg","datePublished":"2020-07-07T13:46:21+00:00","dateModified":"2026-02-11T15:10:53+00:00","breadcrumb":{"@id":"https:\/\/dohiku.eu\/sk\/shop\/viazacie-materialy\/nite-lametky-a-drotiky\/uv-tielkove-nite\/tielkova-nit-uv-cierna-nuv-28\/#breadcrumb"},"inLanguage":"sk-SK","potentialAction":[{"@type":"ReadAction","target":["https:\/\/dohiku.eu\/sk\/shop\/viazacie-materialy\/nite-lametky-a-drotiky\/uv-tielkove-nite\/tielkova-nit-uv-cierna-nuv-28\/"]}]},{"@type":"ImageObject","inLanguage":"sk-SK","@id":"https:\/\/dohiku.eu\/sk\/shop\/viazacie-materialy\/nite-lametky-a-drotiky\/uv-tielkove-nite\/tielkova-nit-uv-cierna-nuv-28\/#primaryimage","url":"https:\/\/dohiku.eu\/wp-content\/uploads\/2020\/07\/2307-Body-thread-UV-Black-NUV-28.jpg","contentUrl":"https:\/\/dohiku.eu\/wp-content\/uploads\/2020\/07\/2307-Body-thread-UV-Black-NUV-28.jpg","width":676,"height":800},{"@type":"BreadcrumbList","@id":"https:\/\/dohiku.eu\/sk\/shop\/viazacie-materialy\/nite-lametky-a-drotiky\/uv-tielkove-nite\/tielkova-nit-uv-cierna-nuv-28\/#breadcrumb","itemListElement":[{"@type":"ListItem","position":1,"name":"Home","item":"https:\/\/dohiku.eu\/sk\/"},{"@type":"ListItem","position":2,"name":"PRODUCTS","item":"https:\/\/dohiku.eu\/sk\/products\/"},{"@type":"ListItem","position":3,"name":"Tielkov\u00e1 ni\u0165 UV &#8211; \u010cierna NUV 28"}]},{"@type":"WebSite","@id":"https:\/\/dohiku.eu\/sk\/#website","url":"https:\/\/dohiku.eu\/sk\/","name":"DOHIKU","description":"H\u00e1\u010diky DOHIKU s\u00fa vyroben\u00e9 z vysoko uhl\u00edkovej ocele, ktor\u00e1 je kalen\u00e1 a pop\u00fa\u0161\u0165an\u00e1 pod\u013ea presn\u00e9ho receptu.","publisher":{"@id":"https:\/\/dohiku.eu\/sk\/#organization"},"potentialAction":[{"@type":"SearchAction","target":{"@type":"EntryPoint","urlTemplate":"https:\/\/dohiku.eu\/sk\/?s={search_term_string}"},"query-input":{"@type":"PropertyValueSpecification","valueRequired":true,"valueName":"search_term_string"}}],"inLanguage":"sk-SK"},{"@type":"Organization","@id":"https:\/\/dohiku.eu\/sk\/#organization","name":"DOHIKU s.r.o.","url":"https:\/\/dohiku.eu\/sk\/","logo":{"@type":"ImageObject","inLanguage":"sk-SK","@id":"https:\/\/dohiku.eu\/sk\/#\/schema\/logo\/image\/","url":"https:\/\/dohiku.eu\/wp-content\/uploads\/2024\/01\/cropped-dohiku.png","contentUrl":"https:\/\/dohiku.eu\/wp-content\/uploads\/2024\/01\/cropped-dohiku.png","width":137,"height":87,"caption":"DOHIKU s.r.o."},"image":{"@id":"https:\/\/dohiku.eu\/sk\/#\/schema\/logo\/image\/"}}]}},"_links":{"self":[{"href":"https:\/\/dohiku.eu\/sk\/wp-json\/wp\/v2\/product\/7069","targetHints":{"allow":["GET"]}}],"collection":[{"href":"https:\/\/dohiku.eu\/sk\/wp-json\/wp\/v2\/product"}],"about":[{"href":"https:\/\/dohiku.eu\/sk\/wp-json\/wp\/v2\/types\/product"}],"replies":[{"embeddable":true,"href":"https:\/\/dohiku.eu\/sk\/wp-json\/wp\/v2\/comments?post=7069"}],"wp:featuredmedia":[{"embeddable":true,"href":"https:\/\/dohiku.eu\/sk\/wp-json\/wp\/v2\/media\/6558"}],"wp:attachment":[{"href":"https:\/\/dohiku.eu\/sk\/wp-json\/wp\/v2\/media?parent=7069"}],"wp:term":[{"taxonomy":"product_brand","embeddable":true,"href":"https:\/\/dohiku.eu\/sk\/wp-json\/wp\/v2\/product_brand?post=7069"},{"taxonomy":"product_cat","embeddable":true,"href":"https:\/\/dohiku.eu\/sk\/wp-json\/wp\/v2\/product_cat?post=7069"},{"taxonomy":"product_tag","embeddable":true,"href":"https:\/\/dohiku.eu\/sk\/wp-json\/wp\/v2\/product_tag?post=7069"}],"curies":[{"name":"wp","href":"https:\/\/api.w.org\/{rel}","templated":true}]}}