{"id":7065,"date":"2020-07-16T13:22:48","date_gmt":"2020-07-16T13:22:48","guid":{"rendered":"https:\/\/dohiku.eu\/shop\/nezaraden\u00e9\/zajacia-maska-dhm-10\/"},"modified":"2024-02-11T10:39:38","modified_gmt":"2024-02-11T10:39:38","slug":"zajac-maska-dhm-10","status":"publish","type":"product","link":"https:\/\/dohiku.eu\/sk\/shop\/viazacie-materialy\/dubbing-sk\/mask-rabbit-dubbing\/zajac-maska-dhm-10\/","title":{"rendered":"Zajac maska, DHM 10"},"content":{"rendered":"<p style=\"margin-top:0px;margin-bottom:.8rem;color:#777777;font-family:'Open Sans', sans-serif;font-size:15px;\"><span>Zajac maska, DHM 10.\u00a0<\/span><span>\u0160pi\u010dkov\u00fd viazac\u00ed materi\u00e1l na tielka n\u00fdmf a lariev. D\u00e1 sa perfektne vy\u010desa\u0165 a verne zv\u00fdrazni\u0165 imitovan\u00fd druh hmyzu. S t\u00fdmto farebn\u00fdm odtie\u0148om doporu\u010dujeme kombinova\u0165 aj in\u00e9 druhy viazac\u00edch materi\u00e1lov.<\/span><\/p>\n<p style=\"margin-top:0px;margin-bottom:.8rem;color:#777777;font-family:'Open Sans', sans-serif;font-size:15px;\"><span>Tento viazac\u00ed materi\u00e1l je obohaten\u00fd o leskl\u00e9 vl\u00e1kno.<\/span><\/p>\n","protected":false},"excerpt":{"rendered":"<p>Zajac maska, DHM 10.\u00a0\u0160pi\u010dkov\u00fd viazac\u00ed materi\u00e1l na tielka n\u00fdmf a lariev. D\u00e1 sa perfektne vy\u010desa\u0165 a verne zv\u00fdrazni\u0165 imitovan\u00fd druh hmyzu. S t\u00fdmto farebn\u00fdm odtie\u0148om doporu\u010dujeme kombinova\u0165 aj in\u00e9 druhy viazac\u00edch materi\u00e1lov. Tento viazac\u00ed materi\u00e1l je obohaten\u00fd o leskl\u00e9 vl\u00e1kno.<\/p>\n","protected":false},"featured_media":6559,"comment_status":"closed","ping_status":"closed","template":"","meta":[],"product_brand":[],"product_cat":[526,511,540,506],"product_tag":[],"class_list":{"0":"post-7065","1":"product","2":"type-product","3":"status-publish","4":"has-post-thumbnail","6":"product_cat-dubbing-sk","7":"product_cat-haciky","8":"product_cat-mask-rabbit-dubbing","9":"product_cat-nezaradene","11":"first","12":"instock","13":"taxable","14":"shipping-taxable","15":"purchasable","16":"product-type-simple"},"yoast_head":"<!-- This site is optimized with the Yoast SEO plugin v27.5 - https:\/\/yoast.com\/product\/yoast-seo-wordpress\/ -->\n<title>Zajac maska, DHM 10 - DOHIKU<\/title>\n<meta name=\"robots\" content=\"index, follow, max-snippet:-1, max-image-preview:large, max-video-preview:-1\" \/>\n<link rel=\"canonical\" href=\"https:\/\/dohiku.eu\/sk\/shop\/viazacie-materialy\/dubbing-sk\/mask-rabbit-dubbing\/zajac-maska-dhm-10\/\" \/>\n<meta property=\"og:locale\" content=\"sk_SK\" \/>\n<meta property=\"og:type\" content=\"article\" \/>\n<meta property=\"og:title\" content=\"Zajac maska, DHM 10 - DOHIKU\" \/>\n<meta property=\"og:description\" content=\"Zajac maska, DHM 10.\u00a0\u0160pi\u010dkov\u00fd viazac\u00ed materi\u00e1l na tielka n\u00fdmf a lariev. D\u00e1 sa perfektne vy\u010desa\u0165 a verne zv\u00fdrazni\u0165 imitovan\u00fd druh hmyzu. S t\u00fdmto farebn\u00fdm odtie\u0148om doporu\u010dujeme kombinova\u0165 aj in\u00e9 druhy viazac\u00edch materi\u00e1lov. Tento viazac\u00ed materi\u00e1l je obohaten\u00fd o leskl\u00e9 vl\u00e1kno.\" \/>\n<meta property=\"og:url\" content=\"https:\/\/dohiku.eu\/sk\/shop\/viazacie-materialy\/dubbing-sk\/mask-rabbit-dubbing\/zajac-maska-dhm-10\/\" \/>\n<meta property=\"og:site_name\" content=\"DOHIKU\" \/>\n<meta property=\"article:modified_time\" content=\"2024-02-11T10:39:38+00:00\" \/>\n<meta property=\"og:image\" content=\"https:\/\/dohiku.eu\/wp-content\/uploads\/2020\/07\/2813-Hare-Mask-DHM-10.jpg\" \/>\n\t<meta property=\"og:image:width\" content=\"800\" \/>\n\t<meta property=\"og:image:height\" content=\"768\" \/>\n\t<meta property=\"og:image:type\" content=\"image\/jpeg\" \/>\n<meta name=\"twitter:card\" content=\"summary_large_image\" \/>\n<script type=\"application\/ld+json\" class=\"yoast-schema-graph\">{\"@context\":\"https:\\\/\\\/schema.org\",\"@graph\":[{\"@type\":\"WebPage\",\"@id\":\"https:\\\/\\\/dohiku.eu\\\/sk\\\/shop\\\/viazacie-materialy\\\/dubbing-sk\\\/mask-rabbit-dubbing\\\/zajac-maska-dhm-10\\\/\",\"url\":\"https:\\\/\\\/dohiku.eu\\\/sk\\\/shop\\\/viazacie-materialy\\\/dubbing-sk\\\/mask-rabbit-dubbing\\\/zajac-maska-dhm-10\\\/\",\"name\":\"Zajac maska, DHM 10 - DOHIKU\",\"isPartOf\":{\"@id\":\"https:\\\/\\\/dohiku.eu\\\/sk\\\/#website\"},\"primaryImageOfPage\":{\"@id\":\"https:\\\/\\\/dohiku.eu\\\/sk\\\/shop\\\/viazacie-materialy\\\/dubbing-sk\\\/mask-rabbit-dubbing\\\/zajac-maska-dhm-10\\\/#primaryimage\"},\"image\":{\"@id\":\"https:\\\/\\\/dohiku.eu\\\/sk\\\/shop\\\/viazacie-materialy\\\/dubbing-sk\\\/mask-rabbit-dubbing\\\/zajac-maska-dhm-10\\\/#primaryimage\"},\"thumbnailUrl\":\"https:\\\/\\\/dohiku.eu\\\/wp-content\\\/uploads\\\/2020\\\/07\\\/2813-Hare-Mask-DHM-10.jpg\",\"datePublished\":\"2020-07-16T13:22:48+00:00\",\"dateModified\":\"2024-02-11T10:39:38+00:00\",\"breadcrumb\":{\"@id\":\"https:\\\/\\\/dohiku.eu\\\/sk\\\/shop\\\/viazacie-materialy\\\/dubbing-sk\\\/mask-rabbit-dubbing\\\/zajac-maska-dhm-10\\\/#breadcrumb\"},\"inLanguage\":\"sk-SK\",\"potentialAction\":[{\"@type\":\"ReadAction\",\"target\":[\"https:\\\/\\\/dohiku.eu\\\/sk\\\/shop\\\/viazacie-materialy\\\/dubbing-sk\\\/mask-rabbit-dubbing\\\/zajac-maska-dhm-10\\\/\"]}]},{\"@type\":\"ImageObject\",\"inLanguage\":\"sk-SK\",\"@id\":\"https:\\\/\\\/dohiku.eu\\\/sk\\\/shop\\\/viazacie-materialy\\\/dubbing-sk\\\/mask-rabbit-dubbing\\\/zajac-maska-dhm-10\\\/#primaryimage\",\"url\":\"https:\\\/\\\/dohiku.eu\\\/wp-content\\\/uploads\\\/2020\\\/07\\\/2813-Hare-Mask-DHM-10.jpg\",\"contentUrl\":\"https:\\\/\\\/dohiku.eu\\\/wp-content\\\/uploads\\\/2020\\\/07\\\/2813-Hare-Mask-DHM-10.jpg\",\"width\":800,\"height\":768},{\"@type\":\"BreadcrumbList\",\"@id\":\"https:\\\/\\\/dohiku.eu\\\/sk\\\/shop\\\/viazacie-materialy\\\/dubbing-sk\\\/mask-rabbit-dubbing\\\/zajac-maska-dhm-10\\\/#breadcrumb\",\"itemListElement\":[{\"@type\":\"ListItem\",\"position\":1,\"name\":\"Home\",\"item\":\"https:\\\/\\\/dohiku.eu\\\/sk\\\/\"},{\"@type\":\"ListItem\",\"position\":2,\"name\":\"PRODUCTS\",\"item\":\"https:\\\/\\\/dohiku.eu\\\/sk\\\/products\\\/\"},{\"@type\":\"ListItem\",\"position\":3,\"name\":\"Zajac maska, DHM 10\"}]},{\"@type\":\"WebSite\",\"@id\":\"https:\\\/\\\/dohiku.eu\\\/sk\\\/#website\",\"url\":\"https:\\\/\\\/dohiku.eu\\\/sk\\\/\",\"name\":\"DOHIKU\",\"description\":\"H\u00e1\u010diky DOHIKU s\u00fa vyroben\u00e9 z vysoko uhl\u00edkovej ocele, ktor\u00e1 je kalen\u00e1 a pop\u00fa\u0161\u0165an\u00e1 pod\u013ea presn\u00e9ho receptu.\",\"publisher\":{\"@id\":\"https:\\\/\\\/dohiku.eu\\\/sk\\\/#organization\"},\"potentialAction\":[{\"@type\":\"SearchAction\",\"target\":{\"@type\":\"EntryPoint\",\"urlTemplate\":\"https:\\\/\\\/dohiku.eu\\\/sk\\\/?s={search_term_string}\"},\"query-input\":{\"@type\":\"PropertyValueSpecification\",\"valueRequired\":true,\"valueName\":\"search_term_string\"}}],\"inLanguage\":\"sk-SK\"},{\"@type\":\"Organization\",\"@id\":\"https:\\\/\\\/dohiku.eu\\\/sk\\\/#organization\",\"name\":\"DOHIKU s.r.o.\",\"url\":\"https:\\\/\\\/dohiku.eu\\\/sk\\\/\",\"logo\":{\"@type\":\"ImageObject\",\"inLanguage\":\"sk-SK\",\"@id\":\"https:\\\/\\\/dohiku.eu\\\/sk\\\/#\\\/schema\\\/logo\\\/image\\\/\",\"url\":\"https:\\\/\\\/dohiku.eu\\\/wp-content\\\/uploads\\\/2024\\\/01\\\/cropped-dohiku.png\",\"contentUrl\":\"https:\\\/\\\/dohiku.eu\\\/wp-content\\\/uploads\\\/2024\\\/01\\\/cropped-dohiku.png\",\"width\":137,\"height\":87,\"caption\":\"DOHIKU s.r.o.\"},\"image\":{\"@id\":\"https:\\\/\\\/dohiku.eu\\\/sk\\\/#\\\/schema\\\/logo\\\/image\\\/\"}}]}<\/script>\n<!-- \/ Yoast SEO plugin. -->","yoast_head_json":{"title":"Zajac maska, DHM 10 - DOHIKU","robots":{"index":"index","follow":"follow","max-snippet":"max-snippet:-1","max-image-preview":"max-image-preview:large","max-video-preview":"max-video-preview:-1"},"canonical":"https:\/\/dohiku.eu\/sk\/shop\/viazacie-materialy\/dubbing-sk\/mask-rabbit-dubbing\/zajac-maska-dhm-10\/","og_locale":"sk_SK","og_type":"article","og_title":"Zajac maska, DHM 10 - DOHIKU","og_description":"Zajac maska, DHM 10.\u00a0\u0160pi\u010dkov\u00fd viazac\u00ed materi\u00e1l na tielka n\u00fdmf a lariev. D\u00e1 sa perfektne vy\u010desa\u0165 a verne zv\u00fdrazni\u0165 imitovan\u00fd druh hmyzu. S t\u00fdmto farebn\u00fdm odtie\u0148om doporu\u010dujeme kombinova\u0165 aj in\u00e9 druhy viazac\u00edch materi\u00e1lov. Tento viazac\u00ed materi\u00e1l je obohaten\u00fd o leskl\u00e9 vl\u00e1kno.","og_url":"https:\/\/dohiku.eu\/sk\/shop\/viazacie-materialy\/dubbing-sk\/mask-rabbit-dubbing\/zajac-maska-dhm-10\/","og_site_name":"DOHIKU","article_modified_time":"2024-02-11T10:39:38+00:00","og_image":[{"width":800,"height":768,"url":"https:\/\/dohiku.eu\/wp-content\/uploads\/2020\/07\/2813-Hare-Mask-DHM-10.jpg","type":"image\/jpeg"}],"twitter_card":"summary_large_image","schema":{"@context":"https:\/\/schema.org","@graph":[{"@type":"WebPage","@id":"https:\/\/dohiku.eu\/sk\/shop\/viazacie-materialy\/dubbing-sk\/mask-rabbit-dubbing\/zajac-maska-dhm-10\/","url":"https:\/\/dohiku.eu\/sk\/shop\/viazacie-materialy\/dubbing-sk\/mask-rabbit-dubbing\/zajac-maska-dhm-10\/","name":"Zajac maska, DHM 10 - DOHIKU","isPartOf":{"@id":"https:\/\/dohiku.eu\/sk\/#website"},"primaryImageOfPage":{"@id":"https:\/\/dohiku.eu\/sk\/shop\/viazacie-materialy\/dubbing-sk\/mask-rabbit-dubbing\/zajac-maska-dhm-10\/#primaryimage"},"image":{"@id":"https:\/\/dohiku.eu\/sk\/shop\/viazacie-materialy\/dubbing-sk\/mask-rabbit-dubbing\/zajac-maska-dhm-10\/#primaryimage"},"thumbnailUrl":"https:\/\/dohiku.eu\/wp-content\/uploads\/2020\/07\/2813-Hare-Mask-DHM-10.jpg","datePublished":"2020-07-16T13:22:48+00:00","dateModified":"2024-02-11T10:39:38+00:00","breadcrumb":{"@id":"https:\/\/dohiku.eu\/sk\/shop\/viazacie-materialy\/dubbing-sk\/mask-rabbit-dubbing\/zajac-maska-dhm-10\/#breadcrumb"},"inLanguage":"sk-SK","potentialAction":[{"@type":"ReadAction","target":["https:\/\/dohiku.eu\/sk\/shop\/viazacie-materialy\/dubbing-sk\/mask-rabbit-dubbing\/zajac-maska-dhm-10\/"]}]},{"@type":"ImageObject","inLanguage":"sk-SK","@id":"https:\/\/dohiku.eu\/sk\/shop\/viazacie-materialy\/dubbing-sk\/mask-rabbit-dubbing\/zajac-maska-dhm-10\/#primaryimage","url":"https:\/\/dohiku.eu\/wp-content\/uploads\/2020\/07\/2813-Hare-Mask-DHM-10.jpg","contentUrl":"https:\/\/dohiku.eu\/wp-content\/uploads\/2020\/07\/2813-Hare-Mask-DHM-10.jpg","width":800,"height":768},{"@type":"BreadcrumbList","@id":"https:\/\/dohiku.eu\/sk\/shop\/viazacie-materialy\/dubbing-sk\/mask-rabbit-dubbing\/zajac-maska-dhm-10\/#breadcrumb","itemListElement":[{"@type":"ListItem","position":1,"name":"Home","item":"https:\/\/dohiku.eu\/sk\/"},{"@type":"ListItem","position":2,"name":"PRODUCTS","item":"https:\/\/dohiku.eu\/sk\/products\/"},{"@type":"ListItem","position":3,"name":"Zajac maska, DHM 10"}]},{"@type":"WebSite","@id":"https:\/\/dohiku.eu\/sk\/#website","url":"https:\/\/dohiku.eu\/sk\/","name":"DOHIKU","description":"H\u00e1\u010diky DOHIKU s\u00fa vyroben\u00e9 z vysoko uhl\u00edkovej ocele, ktor\u00e1 je kalen\u00e1 a pop\u00fa\u0161\u0165an\u00e1 pod\u013ea presn\u00e9ho receptu.","publisher":{"@id":"https:\/\/dohiku.eu\/sk\/#organization"},"potentialAction":[{"@type":"SearchAction","target":{"@type":"EntryPoint","urlTemplate":"https:\/\/dohiku.eu\/sk\/?s={search_term_string}"},"query-input":{"@type":"PropertyValueSpecification","valueRequired":true,"valueName":"search_term_string"}}],"inLanguage":"sk-SK"},{"@type":"Organization","@id":"https:\/\/dohiku.eu\/sk\/#organization","name":"DOHIKU s.r.o.","url":"https:\/\/dohiku.eu\/sk\/","logo":{"@type":"ImageObject","inLanguage":"sk-SK","@id":"https:\/\/dohiku.eu\/sk\/#\/schema\/logo\/image\/","url":"https:\/\/dohiku.eu\/wp-content\/uploads\/2024\/01\/cropped-dohiku.png","contentUrl":"https:\/\/dohiku.eu\/wp-content\/uploads\/2024\/01\/cropped-dohiku.png","width":137,"height":87,"caption":"DOHIKU s.r.o."},"image":{"@id":"https:\/\/dohiku.eu\/sk\/#\/schema\/logo\/image\/"}}]}},"_links":{"self":[{"href":"https:\/\/dohiku.eu\/sk\/wp-json\/wp\/v2\/product\/7065","targetHints":{"allow":["GET"]}}],"collection":[{"href":"https:\/\/dohiku.eu\/sk\/wp-json\/wp\/v2\/product"}],"about":[{"href":"https:\/\/dohiku.eu\/sk\/wp-json\/wp\/v2\/types\/product"}],"replies":[{"embeddable":true,"href":"https:\/\/dohiku.eu\/sk\/wp-json\/wp\/v2\/comments?post=7065"}],"wp:featuredmedia":[{"embeddable":true,"href":"https:\/\/dohiku.eu\/sk\/wp-json\/wp\/v2\/media\/6559"}],"wp:attachment":[{"href":"https:\/\/dohiku.eu\/sk\/wp-json\/wp\/v2\/media?parent=7065"}],"wp:term":[{"taxonomy":"product_brand","embeddable":true,"href":"https:\/\/dohiku.eu\/sk\/wp-json\/wp\/v2\/product_brand?post=7065"},{"taxonomy":"product_cat","embeddable":true,"href":"https:\/\/dohiku.eu\/sk\/wp-json\/wp\/v2\/product_cat?post=7065"},{"taxonomy":"product_tag","embeddable":true,"href":"https:\/\/dohiku.eu\/sk\/wp-json\/wp\/v2\/product_tag?post=7065"}],"curies":[{"name":"wp","href":"https:\/\/api.w.org\/{rel}","templated":true}]}}