{"id":7064,"date":"2021-05-25T13:10:48","date_gmt":"2021-05-25T13:10:48","guid":{"rendered":"https:\/\/dohiku.eu\/shop\/nezaraden\u00e9\/synt-oval-tape-tielkova-gumicka-natural-sot-1\/"},"modified":"2024-02-12T17:40:36","modified_gmt":"2024-02-12T17:40:36","slug":"synt-oval-tape-tielkova-gumicka-natural-sot-1","status":"publish","type":"product","link":"https:\/\/dohiku.eu\/sk\/shop\/viazacie-materialy\/dalsi-material\/synt-oval-tape-tielkova-gumicka-natural-sot-1\/","title":{"rendered":"Synt Oval Tape\/Tielkov\u00e1 gumi\u010dka &#8211; Natural SOT 1"},"content":{"rendered":"<p>Elasticka tielkov\u00e1 gumi\u010dka vhodn\u00e1 pre viazanie lariev, n\u00fdmf a pakom\u00e1rov.<\/p>\n<p>Balenie\u00a02 metre.<\/p>\n","protected":false},"excerpt":{"rendered":"<p>Priesvitn\u00fd a pru\u017en\u00fd materi\u00e1l s poloov\u00e1lnym prierezom, ide\u00e1lny na viazanie segmentovan\u00e9ho tela n\u00fdmf.  <\/p>\n<p>2 metre vo vreci.<\/p>\n","protected":false},"featured_media":6585,"comment_status":"closed","ping_status":"closed","template":"","meta":[],"product_brand":[],"product_cat":[575,511,576,525],"product_tag":[],"class_list":{"0":"post-7064","1":"product","2":"type-product","3":"status-publish","4":"has-post-thumbnail","6":"product_cat-dalsi-material","7":"product_cat-haciky","8":"product_cat-synt-oval-tape-tielkova-gumicka","9":"product_cat-viazacie-materialy","11":"first","12":"outofstock","13":"taxable","14":"shipping-taxable","15":"purchasable","16":"product-type-simple"},"yoast_head":"<!-- This site is optimized with the Yoast SEO plugin v27.5 - https:\/\/yoast.com\/product\/yoast-seo-wordpress\/ -->\n<title>Synt Oval Tape\/Tielkov\u00e1 gumi\u010dka - Natural SOT 1 - DOHIKU<\/title>\n<meta name=\"robots\" content=\"index, follow, max-snippet:-1, max-image-preview:large, max-video-preview:-1\" \/>\n<link rel=\"canonical\" href=\"https:\/\/dohiku.eu\/sk\/shop\/viazacie-materialy\/dalsi-material\/synt-oval-tape-tielkova-gumicka-natural-sot-1\/\" \/>\n<meta property=\"og:locale\" content=\"sk_SK\" \/>\n<meta property=\"og:type\" content=\"article\" \/>\n<meta property=\"og:title\" content=\"Synt Oval Tape\/Tielkov\u00e1 gumi\u010dka - Natural SOT 1 - DOHIKU\" \/>\n<meta property=\"og:description\" content=\"Priesvitn\u00fd a pru\u017en\u00fd materi\u00e1l s poloov\u00e1lnym prierezom, ide\u00e1lny na viazanie segmentovan\u00e9ho tela n\u00fdmf.  2 metre vo vreci.\" \/>\n<meta property=\"og:url\" content=\"https:\/\/dohiku.eu\/sk\/shop\/viazacie-materialy\/dalsi-material\/synt-oval-tape-tielkova-gumicka-natural-sot-1\/\" \/>\n<meta property=\"og:site_name\" content=\"DOHIKU\" \/>\n<meta property=\"article:modified_time\" content=\"2024-02-12T17:40:36+00:00\" \/>\n<meta property=\"og:image\" content=\"https:\/\/dohiku.eu\/wp-content\/uploads\/2021\/05\/2394-Synt-Oval-TapeTielkova-gumicka-Natural-SOT-1.jpg\" \/>\n\t<meta property=\"og:image:width\" content=\"640\" \/>\n\t<meta property=\"og:image:height\" content=\"800\" \/>\n\t<meta property=\"og:image:type\" content=\"image\/jpeg\" \/>\n<meta name=\"twitter:card\" content=\"summary_large_image\" \/>\n<script type=\"application\/ld+json\" class=\"yoast-schema-graph\">{\"@context\":\"https:\\\/\\\/schema.org\",\"@graph\":[{\"@type\":\"WebPage\",\"@id\":\"https:\\\/\\\/dohiku.eu\\\/sk\\\/shop\\\/viazacie-materialy\\\/dalsi-material\\\/synt-oval-tape-tielkova-gumicka-natural-sot-1\\\/\",\"url\":\"https:\\\/\\\/dohiku.eu\\\/sk\\\/shop\\\/viazacie-materialy\\\/dalsi-material\\\/synt-oval-tape-tielkova-gumicka-natural-sot-1\\\/\",\"name\":\"Synt Oval Tape\\\/Tielkov\u00e1 gumi\u010dka - Natural SOT 1 - DOHIKU\",\"isPartOf\":{\"@id\":\"https:\\\/\\\/dohiku.eu\\\/sk\\\/#website\"},\"primaryImageOfPage\":{\"@id\":\"https:\\\/\\\/dohiku.eu\\\/sk\\\/shop\\\/viazacie-materialy\\\/dalsi-material\\\/synt-oval-tape-tielkova-gumicka-natural-sot-1\\\/#primaryimage\"},\"image\":{\"@id\":\"https:\\\/\\\/dohiku.eu\\\/sk\\\/shop\\\/viazacie-materialy\\\/dalsi-material\\\/synt-oval-tape-tielkova-gumicka-natural-sot-1\\\/#primaryimage\"},\"thumbnailUrl\":\"https:\\\/\\\/dohiku.eu\\\/wp-content\\\/uploads\\\/2021\\\/05\\\/2394-Synt-Oval-TapeTielkova-gumicka-Natural-SOT-1.jpg\",\"datePublished\":\"2021-05-25T13:10:48+00:00\",\"dateModified\":\"2024-02-12T17:40:36+00:00\",\"breadcrumb\":{\"@id\":\"https:\\\/\\\/dohiku.eu\\\/sk\\\/shop\\\/viazacie-materialy\\\/dalsi-material\\\/synt-oval-tape-tielkova-gumicka-natural-sot-1\\\/#breadcrumb\"},\"inLanguage\":\"sk-SK\",\"potentialAction\":[{\"@type\":\"ReadAction\",\"target\":[\"https:\\\/\\\/dohiku.eu\\\/sk\\\/shop\\\/viazacie-materialy\\\/dalsi-material\\\/synt-oval-tape-tielkova-gumicka-natural-sot-1\\\/\"]}]},{\"@type\":\"ImageObject\",\"inLanguage\":\"sk-SK\",\"@id\":\"https:\\\/\\\/dohiku.eu\\\/sk\\\/shop\\\/viazacie-materialy\\\/dalsi-material\\\/synt-oval-tape-tielkova-gumicka-natural-sot-1\\\/#primaryimage\",\"url\":\"https:\\\/\\\/dohiku.eu\\\/wp-content\\\/uploads\\\/2021\\\/05\\\/2394-Synt-Oval-TapeTielkova-gumicka-Natural-SOT-1.jpg\",\"contentUrl\":\"https:\\\/\\\/dohiku.eu\\\/wp-content\\\/uploads\\\/2021\\\/05\\\/2394-Synt-Oval-TapeTielkova-gumicka-Natural-SOT-1.jpg\",\"width\":640,\"height\":800},{\"@type\":\"BreadcrumbList\",\"@id\":\"https:\\\/\\\/dohiku.eu\\\/sk\\\/shop\\\/viazacie-materialy\\\/dalsi-material\\\/synt-oval-tape-tielkova-gumicka-natural-sot-1\\\/#breadcrumb\",\"itemListElement\":[{\"@type\":\"ListItem\",\"position\":1,\"name\":\"Home\",\"item\":\"https:\\\/\\\/dohiku.eu\\\/sk\\\/\"},{\"@type\":\"ListItem\",\"position\":2,\"name\":\"PRODUCTS\",\"item\":\"https:\\\/\\\/dohiku.eu\\\/sk\\\/products\\\/\"},{\"@type\":\"ListItem\",\"position\":3,\"name\":\"Synt Oval Tape\\\/Tielkov\u00e1 gumi\u010dka &#8211; Natural SOT 1\"}]},{\"@type\":\"WebSite\",\"@id\":\"https:\\\/\\\/dohiku.eu\\\/sk\\\/#website\",\"url\":\"https:\\\/\\\/dohiku.eu\\\/sk\\\/\",\"name\":\"DOHIKU\",\"description\":\"H\u00e1\u010diky DOHIKU s\u00fa vyroben\u00e9 z vysoko uhl\u00edkovej ocele, ktor\u00e1 je kalen\u00e1 a pop\u00fa\u0161\u0165an\u00e1 pod\u013ea presn\u00e9ho receptu.\",\"publisher\":{\"@id\":\"https:\\\/\\\/dohiku.eu\\\/sk\\\/#organization\"},\"potentialAction\":[{\"@type\":\"SearchAction\",\"target\":{\"@type\":\"EntryPoint\",\"urlTemplate\":\"https:\\\/\\\/dohiku.eu\\\/sk\\\/?s={search_term_string}\"},\"query-input\":{\"@type\":\"PropertyValueSpecification\",\"valueRequired\":true,\"valueName\":\"search_term_string\"}}],\"inLanguage\":\"sk-SK\"},{\"@type\":\"Organization\",\"@id\":\"https:\\\/\\\/dohiku.eu\\\/sk\\\/#organization\",\"name\":\"DOHIKU s.r.o.\",\"url\":\"https:\\\/\\\/dohiku.eu\\\/sk\\\/\",\"logo\":{\"@type\":\"ImageObject\",\"inLanguage\":\"sk-SK\",\"@id\":\"https:\\\/\\\/dohiku.eu\\\/sk\\\/#\\\/schema\\\/logo\\\/image\\\/\",\"url\":\"https:\\\/\\\/dohiku.eu\\\/wp-content\\\/uploads\\\/2024\\\/01\\\/cropped-dohiku.png\",\"contentUrl\":\"https:\\\/\\\/dohiku.eu\\\/wp-content\\\/uploads\\\/2024\\\/01\\\/cropped-dohiku.png\",\"width\":137,\"height\":87,\"caption\":\"DOHIKU s.r.o.\"},\"image\":{\"@id\":\"https:\\\/\\\/dohiku.eu\\\/sk\\\/#\\\/schema\\\/logo\\\/image\\\/\"}}]}<\/script>\n<!-- \/ Yoast SEO plugin. -->","yoast_head_json":{"title":"Synt Oval Tape\/Tielkov\u00e1 gumi\u010dka - Natural SOT 1 - DOHIKU","robots":{"index":"index","follow":"follow","max-snippet":"max-snippet:-1","max-image-preview":"max-image-preview:large","max-video-preview":"max-video-preview:-1"},"canonical":"https:\/\/dohiku.eu\/sk\/shop\/viazacie-materialy\/dalsi-material\/synt-oval-tape-tielkova-gumicka-natural-sot-1\/","og_locale":"sk_SK","og_type":"article","og_title":"Synt Oval Tape\/Tielkov\u00e1 gumi\u010dka - Natural SOT 1 - DOHIKU","og_description":"Priesvitn\u00fd a pru\u017en\u00fd materi\u00e1l s poloov\u00e1lnym prierezom, ide\u00e1lny na viazanie segmentovan\u00e9ho tela n\u00fdmf.  2 metre vo vreci.","og_url":"https:\/\/dohiku.eu\/sk\/shop\/viazacie-materialy\/dalsi-material\/synt-oval-tape-tielkova-gumicka-natural-sot-1\/","og_site_name":"DOHIKU","article_modified_time":"2024-02-12T17:40:36+00:00","og_image":[{"width":640,"height":800,"url":"https:\/\/dohiku.eu\/wp-content\/uploads\/2021\/05\/2394-Synt-Oval-TapeTielkova-gumicka-Natural-SOT-1.jpg","type":"image\/jpeg"}],"twitter_card":"summary_large_image","schema":{"@context":"https:\/\/schema.org","@graph":[{"@type":"WebPage","@id":"https:\/\/dohiku.eu\/sk\/shop\/viazacie-materialy\/dalsi-material\/synt-oval-tape-tielkova-gumicka-natural-sot-1\/","url":"https:\/\/dohiku.eu\/sk\/shop\/viazacie-materialy\/dalsi-material\/synt-oval-tape-tielkova-gumicka-natural-sot-1\/","name":"Synt Oval Tape\/Tielkov\u00e1 gumi\u010dka - Natural SOT 1 - DOHIKU","isPartOf":{"@id":"https:\/\/dohiku.eu\/sk\/#website"},"primaryImageOfPage":{"@id":"https:\/\/dohiku.eu\/sk\/shop\/viazacie-materialy\/dalsi-material\/synt-oval-tape-tielkova-gumicka-natural-sot-1\/#primaryimage"},"image":{"@id":"https:\/\/dohiku.eu\/sk\/shop\/viazacie-materialy\/dalsi-material\/synt-oval-tape-tielkova-gumicka-natural-sot-1\/#primaryimage"},"thumbnailUrl":"https:\/\/dohiku.eu\/wp-content\/uploads\/2021\/05\/2394-Synt-Oval-TapeTielkova-gumicka-Natural-SOT-1.jpg","datePublished":"2021-05-25T13:10:48+00:00","dateModified":"2024-02-12T17:40:36+00:00","breadcrumb":{"@id":"https:\/\/dohiku.eu\/sk\/shop\/viazacie-materialy\/dalsi-material\/synt-oval-tape-tielkova-gumicka-natural-sot-1\/#breadcrumb"},"inLanguage":"sk-SK","potentialAction":[{"@type":"ReadAction","target":["https:\/\/dohiku.eu\/sk\/shop\/viazacie-materialy\/dalsi-material\/synt-oval-tape-tielkova-gumicka-natural-sot-1\/"]}]},{"@type":"ImageObject","inLanguage":"sk-SK","@id":"https:\/\/dohiku.eu\/sk\/shop\/viazacie-materialy\/dalsi-material\/synt-oval-tape-tielkova-gumicka-natural-sot-1\/#primaryimage","url":"https:\/\/dohiku.eu\/wp-content\/uploads\/2021\/05\/2394-Synt-Oval-TapeTielkova-gumicka-Natural-SOT-1.jpg","contentUrl":"https:\/\/dohiku.eu\/wp-content\/uploads\/2021\/05\/2394-Synt-Oval-TapeTielkova-gumicka-Natural-SOT-1.jpg","width":640,"height":800},{"@type":"BreadcrumbList","@id":"https:\/\/dohiku.eu\/sk\/shop\/viazacie-materialy\/dalsi-material\/synt-oval-tape-tielkova-gumicka-natural-sot-1\/#breadcrumb","itemListElement":[{"@type":"ListItem","position":1,"name":"Home","item":"https:\/\/dohiku.eu\/sk\/"},{"@type":"ListItem","position":2,"name":"PRODUCTS","item":"https:\/\/dohiku.eu\/sk\/products\/"},{"@type":"ListItem","position":3,"name":"Synt Oval Tape\/Tielkov\u00e1 gumi\u010dka &#8211; Natural SOT 1"}]},{"@type":"WebSite","@id":"https:\/\/dohiku.eu\/sk\/#website","url":"https:\/\/dohiku.eu\/sk\/","name":"DOHIKU","description":"H\u00e1\u010diky DOHIKU s\u00fa vyroben\u00e9 z vysoko uhl\u00edkovej ocele, ktor\u00e1 je kalen\u00e1 a pop\u00fa\u0161\u0165an\u00e1 pod\u013ea presn\u00e9ho receptu.","publisher":{"@id":"https:\/\/dohiku.eu\/sk\/#organization"},"potentialAction":[{"@type":"SearchAction","target":{"@type":"EntryPoint","urlTemplate":"https:\/\/dohiku.eu\/sk\/?s={search_term_string}"},"query-input":{"@type":"PropertyValueSpecification","valueRequired":true,"valueName":"search_term_string"}}],"inLanguage":"sk-SK"},{"@type":"Organization","@id":"https:\/\/dohiku.eu\/sk\/#organization","name":"DOHIKU s.r.o.","url":"https:\/\/dohiku.eu\/sk\/","logo":{"@type":"ImageObject","inLanguage":"sk-SK","@id":"https:\/\/dohiku.eu\/sk\/#\/schema\/logo\/image\/","url":"https:\/\/dohiku.eu\/wp-content\/uploads\/2024\/01\/cropped-dohiku.png","contentUrl":"https:\/\/dohiku.eu\/wp-content\/uploads\/2024\/01\/cropped-dohiku.png","width":137,"height":87,"caption":"DOHIKU s.r.o."},"image":{"@id":"https:\/\/dohiku.eu\/sk\/#\/schema\/logo\/image\/"}}]}},"_links":{"self":[{"href":"https:\/\/dohiku.eu\/sk\/wp-json\/wp\/v2\/product\/7064","targetHints":{"allow":["GET"]}}],"collection":[{"href":"https:\/\/dohiku.eu\/sk\/wp-json\/wp\/v2\/product"}],"about":[{"href":"https:\/\/dohiku.eu\/sk\/wp-json\/wp\/v2\/types\/product"}],"replies":[{"embeddable":true,"href":"https:\/\/dohiku.eu\/sk\/wp-json\/wp\/v2\/comments?post=7064"}],"wp:featuredmedia":[{"embeddable":true,"href":"https:\/\/dohiku.eu\/sk\/wp-json\/wp\/v2\/media\/6585"}],"wp:attachment":[{"href":"https:\/\/dohiku.eu\/sk\/wp-json\/wp\/v2\/media?parent=7064"}],"wp:term":[{"taxonomy":"product_brand","embeddable":true,"href":"https:\/\/dohiku.eu\/sk\/wp-json\/wp\/v2\/product_brand?post=7064"},{"taxonomy":"product_cat","embeddable":true,"href":"https:\/\/dohiku.eu\/sk\/wp-json\/wp\/v2\/product_cat?post=7064"},{"taxonomy":"product_tag","embeddable":true,"href":"https:\/\/dohiku.eu\/sk\/wp-json\/wp\/v2\/product_tag?post=7064"}],"curies":[{"name":"wp","href":"https:\/\/api.w.org\/{rel}","templated":true}]}}