{"id":7063,"date":"2020-07-17T11:48:56","date_gmt":"2020-07-17T11:48:56","guid":{"rendered":"https:\/\/dohiku.eu\/shop\/nezaraden\u00e9\/zajacia-maska-dhm-12\/"},"modified":"2024-02-11T10:39:39","modified_gmt":"2024-02-11T10:39:39","slug":"zajac-maska-dhm-12","status":"publish","type":"product","link":"https:\/\/dohiku.eu\/sk\/shop\/viazacie-materialy\/dubbing-sk\/mask-rabbit-dubbing\/zajac-maska-dhm-12\/","title":{"rendered":"Zajac maska, DHM 12"},"content":{"rendered":"<div id=\"product-description-short-1546\" class=\"rte-content\" style=\"color:#777777;font-family:'Open Sans', sans-serif;font-size:15px;\">\n<p style=\"margin-top:0px;margin-bottom:.8rem;\"><span>ajac maska, DHM 8.\u00a0<\/span><span>\u0160pi\u010dkov\u00fd viazac\u00ed materi\u00e1l na tielka n\u00fdmf a lariev. D\u00e1 sa perfektne vy\u010desa\u0165 a verne zv\u00fdrazni\u0165 imitovan\u00fd druh hmyzu. S t\u00fdmto farebn\u00fdm odtie\u0148om doporu\u010dujeme kombinova\u0165 aj in\u00e9 druhy viazac\u00edch materi\u00e1lov.<\/span><\/p>\n<p style=\"margin-top:0px;margin-bottom:.8rem;\"><span>Tento viazac\u00ed materi\u00e1l je obohaten\u00fd o leskl\u00e9 vl\u00e1kno.<\/span><\/p>\n<\/div>\n<div class=\"product-actions\" style=\"color:#777777;font-family:'Open Sans', sans-serif;font-size:15px;\">\n<form action=\"https:\/\/www.flydk.sk\/kosik\" method=\"post\" id=\"add-to-cart-or-refresh\">\n<div class=\"product-variants\"><\/div>\n<div class=\"product-add-to-cart pt-3\" style=\"padding-top:1rem;\">\n<div class=\"row extra-small-gutters product-quantity\" style=\"margin-right:-.3rem;margin-left:-.3rem;\">\n<div class=\"col col-12 col-sm-auto\" style=\"width:auto;padding-right:.3rem;padding-left:.3rem;max-width:100%;margin-bottom:.8rem;\">\n<div class=\"qty\" style=\"width:80px;height:52px;\">\n<div class=\"input-group bootstrap-touchspin\" style=\"width:80px;height:52px;\"><\/div>\n<\/div>\n<\/div>\n<\/div>\n<\/div>\n<\/form>\n<\/div>\n","protected":false},"excerpt":{"rendered":"<p>ajac maska, DHM 8.\u00a0\u0160pi\u010dkov\u00fd viazac\u00ed materi\u00e1l na tielka n\u00fdmf a lariev. D\u00e1 sa perfektne vy\u010desa\u0165 a verne zv\u00fdrazni\u0165 imitovan\u00fd druh hmyzu. S t\u00fdmto farebn\u00fdm odtie\u0148om doporu\u010dujeme kombinova\u0165 aj in\u00e9 druhy viazac\u00edch materi\u00e1lov. Tento viazac\u00ed materi\u00e1l je obohaten\u00fd o leskl\u00e9 vl\u00e1kno.<\/p>\n","protected":false},"featured_media":6560,"comment_status":"closed","ping_status":"closed","template":"","meta":[],"product_brand":[],"product_cat":[526,511,540,506],"product_tag":[],"class_list":{"0":"post-7063","1":"product","2":"type-product","3":"status-publish","4":"has-post-thumbnail","6":"product_cat-dubbing-sk","7":"product_cat-haciky","8":"product_cat-mask-rabbit-dubbing","9":"product_cat-nezaradene","11":"first","12":"instock","13":"taxable","14":"shipping-taxable","15":"purchasable","16":"product-type-simple"},"yoast_head":"<!-- This site is optimized with the Yoast SEO plugin v27.4 - https:\/\/yoast.com\/product\/yoast-seo-wordpress\/ -->\n<title>Zajac maska, DHM 12 - DOHIKU<\/title>\n<meta name=\"robots\" content=\"index, follow, max-snippet:-1, max-image-preview:large, max-video-preview:-1\" \/>\n<link rel=\"canonical\" href=\"https:\/\/dohiku.eu\/sk\/shop\/viazacie-materialy\/dubbing-sk\/mask-rabbit-dubbing\/zajac-maska-dhm-12\/\" \/>\n<meta property=\"og:locale\" content=\"sk_SK\" \/>\n<meta property=\"og:type\" content=\"article\" \/>\n<meta property=\"og:title\" content=\"Zajac maska, DHM 12 - DOHIKU\" \/>\n<meta property=\"og:description\" content=\"ajac maska, DHM 8.\u00a0\u0160pi\u010dkov\u00fd viazac\u00ed materi\u00e1l na tielka n\u00fdmf a lariev. D\u00e1 sa perfektne vy\u010desa\u0165 a verne zv\u00fdrazni\u0165 imitovan\u00fd druh hmyzu. S t\u00fdmto farebn\u00fdm odtie\u0148om doporu\u010dujeme kombinova\u0165 aj in\u00e9 druhy viazac\u00edch materi\u00e1lov. Tento viazac\u00ed materi\u00e1l je obohaten\u00fd o leskl\u00e9 vl\u00e1kno.\" \/>\n<meta property=\"og:url\" content=\"https:\/\/dohiku.eu\/sk\/shop\/viazacie-materialy\/dubbing-sk\/mask-rabbit-dubbing\/zajac-maska-dhm-12\/\" \/>\n<meta property=\"og:site_name\" content=\"DOHIKU\" \/>\n<meta property=\"article:modified_time\" content=\"2024-02-11T10:39:39+00:00\" \/>\n<meta property=\"og:image\" content=\"https:\/\/dohiku.eu\/wp-content\/uploads\/2020\/07\/2814-Hare-Mask-DHM-12.jpg\" \/>\n\t<meta property=\"og:image:width\" content=\"800\" \/>\n\t<meta property=\"og:image:height\" content=\"796\" \/>\n\t<meta property=\"og:image:type\" content=\"image\/jpeg\" \/>\n<meta name=\"twitter:card\" content=\"summary_large_image\" \/>\n<script type=\"application\/ld+json\" class=\"yoast-schema-graph\">{\"@context\":\"https:\\\/\\\/schema.org\",\"@graph\":[{\"@type\":\"WebPage\",\"@id\":\"https:\\\/\\\/dohiku.eu\\\/sk\\\/shop\\\/viazacie-materialy\\\/dubbing-sk\\\/mask-rabbit-dubbing\\\/zajac-maska-dhm-12\\\/\",\"url\":\"https:\\\/\\\/dohiku.eu\\\/sk\\\/shop\\\/viazacie-materialy\\\/dubbing-sk\\\/mask-rabbit-dubbing\\\/zajac-maska-dhm-12\\\/\",\"name\":\"Zajac maska, DHM 12 - DOHIKU\",\"isPartOf\":{\"@id\":\"https:\\\/\\\/dohiku.eu\\\/sk\\\/#website\"},\"primaryImageOfPage\":{\"@id\":\"https:\\\/\\\/dohiku.eu\\\/sk\\\/shop\\\/viazacie-materialy\\\/dubbing-sk\\\/mask-rabbit-dubbing\\\/zajac-maska-dhm-12\\\/#primaryimage\"},\"image\":{\"@id\":\"https:\\\/\\\/dohiku.eu\\\/sk\\\/shop\\\/viazacie-materialy\\\/dubbing-sk\\\/mask-rabbit-dubbing\\\/zajac-maska-dhm-12\\\/#primaryimage\"},\"thumbnailUrl\":\"https:\\\/\\\/dohiku.eu\\\/wp-content\\\/uploads\\\/2020\\\/07\\\/2814-Hare-Mask-DHM-12.jpg\",\"datePublished\":\"2020-07-17T11:48:56+00:00\",\"dateModified\":\"2024-02-11T10:39:39+00:00\",\"breadcrumb\":{\"@id\":\"https:\\\/\\\/dohiku.eu\\\/sk\\\/shop\\\/viazacie-materialy\\\/dubbing-sk\\\/mask-rabbit-dubbing\\\/zajac-maska-dhm-12\\\/#breadcrumb\"},\"inLanguage\":\"sk-SK\",\"potentialAction\":[{\"@type\":\"ReadAction\",\"target\":[\"https:\\\/\\\/dohiku.eu\\\/sk\\\/shop\\\/viazacie-materialy\\\/dubbing-sk\\\/mask-rabbit-dubbing\\\/zajac-maska-dhm-12\\\/\"]}]},{\"@type\":\"ImageObject\",\"inLanguage\":\"sk-SK\",\"@id\":\"https:\\\/\\\/dohiku.eu\\\/sk\\\/shop\\\/viazacie-materialy\\\/dubbing-sk\\\/mask-rabbit-dubbing\\\/zajac-maska-dhm-12\\\/#primaryimage\",\"url\":\"https:\\\/\\\/dohiku.eu\\\/wp-content\\\/uploads\\\/2020\\\/07\\\/2814-Hare-Mask-DHM-12.jpg\",\"contentUrl\":\"https:\\\/\\\/dohiku.eu\\\/wp-content\\\/uploads\\\/2020\\\/07\\\/2814-Hare-Mask-DHM-12.jpg\",\"width\":800,\"height\":796},{\"@type\":\"BreadcrumbList\",\"@id\":\"https:\\\/\\\/dohiku.eu\\\/sk\\\/shop\\\/viazacie-materialy\\\/dubbing-sk\\\/mask-rabbit-dubbing\\\/zajac-maska-dhm-12\\\/#breadcrumb\",\"itemListElement\":[{\"@type\":\"ListItem\",\"position\":1,\"name\":\"Home\",\"item\":\"https:\\\/\\\/dohiku.eu\\\/sk\\\/\"},{\"@type\":\"ListItem\",\"position\":2,\"name\":\"PRODUCTS\",\"item\":\"https:\\\/\\\/dohiku.eu\\\/sk\\\/products\\\/\"},{\"@type\":\"ListItem\",\"position\":3,\"name\":\"Zajac maska, DHM 12\"}]},{\"@type\":\"WebSite\",\"@id\":\"https:\\\/\\\/dohiku.eu\\\/sk\\\/#website\",\"url\":\"https:\\\/\\\/dohiku.eu\\\/sk\\\/\",\"name\":\"DOHIKU\",\"description\":\"H\u00e1\u010diky DOHIKU s\u00fa vyroben\u00e9 z vysoko uhl\u00edkovej ocele, ktor\u00e1 je kalen\u00e1 a pop\u00fa\u0161\u0165an\u00e1 pod\u013ea presn\u00e9ho receptu.\",\"publisher\":{\"@id\":\"https:\\\/\\\/dohiku.eu\\\/sk\\\/#organization\"},\"potentialAction\":[{\"@type\":\"SearchAction\",\"target\":{\"@type\":\"EntryPoint\",\"urlTemplate\":\"https:\\\/\\\/dohiku.eu\\\/sk\\\/?s={search_term_string}\"},\"query-input\":{\"@type\":\"PropertyValueSpecification\",\"valueRequired\":true,\"valueName\":\"search_term_string\"}}],\"inLanguage\":\"sk-SK\"},{\"@type\":\"Organization\",\"@id\":\"https:\\\/\\\/dohiku.eu\\\/sk\\\/#organization\",\"name\":\"DOHIKU s.r.o.\",\"url\":\"https:\\\/\\\/dohiku.eu\\\/sk\\\/\",\"logo\":{\"@type\":\"ImageObject\",\"inLanguage\":\"sk-SK\",\"@id\":\"https:\\\/\\\/dohiku.eu\\\/sk\\\/#\\\/schema\\\/logo\\\/image\\\/\",\"url\":\"https:\\\/\\\/dohiku.eu\\\/wp-content\\\/uploads\\\/2024\\\/01\\\/cropped-dohiku.png\",\"contentUrl\":\"https:\\\/\\\/dohiku.eu\\\/wp-content\\\/uploads\\\/2024\\\/01\\\/cropped-dohiku.png\",\"width\":137,\"height\":87,\"caption\":\"DOHIKU s.r.o.\"},\"image\":{\"@id\":\"https:\\\/\\\/dohiku.eu\\\/sk\\\/#\\\/schema\\\/logo\\\/image\\\/\"}}]}<\/script>\n<!-- \/ Yoast SEO plugin. -->","yoast_head_json":{"title":"Zajac maska, DHM 12 - DOHIKU","robots":{"index":"index","follow":"follow","max-snippet":"max-snippet:-1","max-image-preview":"max-image-preview:large","max-video-preview":"max-video-preview:-1"},"canonical":"https:\/\/dohiku.eu\/sk\/shop\/viazacie-materialy\/dubbing-sk\/mask-rabbit-dubbing\/zajac-maska-dhm-12\/","og_locale":"sk_SK","og_type":"article","og_title":"Zajac maska, DHM 12 - DOHIKU","og_description":"ajac maska, DHM 8.\u00a0\u0160pi\u010dkov\u00fd viazac\u00ed materi\u00e1l na tielka n\u00fdmf a lariev. D\u00e1 sa perfektne vy\u010desa\u0165 a verne zv\u00fdrazni\u0165 imitovan\u00fd druh hmyzu. S t\u00fdmto farebn\u00fdm odtie\u0148om doporu\u010dujeme kombinova\u0165 aj in\u00e9 druhy viazac\u00edch materi\u00e1lov. Tento viazac\u00ed materi\u00e1l je obohaten\u00fd o leskl\u00e9 vl\u00e1kno.","og_url":"https:\/\/dohiku.eu\/sk\/shop\/viazacie-materialy\/dubbing-sk\/mask-rabbit-dubbing\/zajac-maska-dhm-12\/","og_site_name":"DOHIKU","article_modified_time":"2024-02-11T10:39:39+00:00","og_image":[{"width":800,"height":796,"url":"https:\/\/dohiku.eu\/wp-content\/uploads\/2020\/07\/2814-Hare-Mask-DHM-12.jpg","type":"image\/jpeg"}],"twitter_card":"summary_large_image","schema":{"@context":"https:\/\/schema.org","@graph":[{"@type":"WebPage","@id":"https:\/\/dohiku.eu\/sk\/shop\/viazacie-materialy\/dubbing-sk\/mask-rabbit-dubbing\/zajac-maska-dhm-12\/","url":"https:\/\/dohiku.eu\/sk\/shop\/viazacie-materialy\/dubbing-sk\/mask-rabbit-dubbing\/zajac-maska-dhm-12\/","name":"Zajac maska, DHM 12 - DOHIKU","isPartOf":{"@id":"https:\/\/dohiku.eu\/sk\/#website"},"primaryImageOfPage":{"@id":"https:\/\/dohiku.eu\/sk\/shop\/viazacie-materialy\/dubbing-sk\/mask-rabbit-dubbing\/zajac-maska-dhm-12\/#primaryimage"},"image":{"@id":"https:\/\/dohiku.eu\/sk\/shop\/viazacie-materialy\/dubbing-sk\/mask-rabbit-dubbing\/zajac-maska-dhm-12\/#primaryimage"},"thumbnailUrl":"https:\/\/dohiku.eu\/wp-content\/uploads\/2020\/07\/2814-Hare-Mask-DHM-12.jpg","datePublished":"2020-07-17T11:48:56+00:00","dateModified":"2024-02-11T10:39:39+00:00","breadcrumb":{"@id":"https:\/\/dohiku.eu\/sk\/shop\/viazacie-materialy\/dubbing-sk\/mask-rabbit-dubbing\/zajac-maska-dhm-12\/#breadcrumb"},"inLanguage":"sk-SK","potentialAction":[{"@type":"ReadAction","target":["https:\/\/dohiku.eu\/sk\/shop\/viazacie-materialy\/dubbing-sk\/mask-rabbit-dubbing\/zajac-maska-dhm-12\/"]}]},{"@type":"ImageObject","inLanguage":"sk-SK","@id":"https:\/\/dohiku.eu\/sk\/shop\/viazacie-materialy\/dubbing-sk\/mask-rabbit-dubbing\/zajac-maska-dhm-12\/#primaryimage","url":"https:\/\/dohiku.eu\/wp-content\/uploads\/2020\/07\/2814-Hare-Mask-DHM-12.jpg","contentUrl":"https:\/\/dohiku.eu\/wp-content\/uploads\/2020\/07\/2814-Hare-Mask-DHM-12.jpg","width":800,"height":796},{"@type":"BreadcrumbList","@id":"https:\/\/dohiku.eu\/sk\/shop\/viazacie-materialy\/dubbing-sk\/mask-rabbit-dubbing\/zajac-maska-dhm-12\/#breadcrumb","itemListElement":[{"@type":"ListItem","position":1,"name":"Home","item":"https:\/\/dohiku.eu\/sk\/"},{"@type":"ListItem","position":2,"name":"PRODUCTS","item":"https:\/\/dohiku.eu\/sk\/products\/"},{"@type":"ListItem","position":3,"name":"Zajac maska, DHM 12"}]},{"@type":"WebSite","@id":"https:\/\/dohiku.eu\/sk\/#website","url":"https:\/\/dohiku.eu\/sk\/","name":"DOHIKU","description":"H\u00e1\u010diky DOHIKU s\u00fa vyroben\u00e9 z vysoko uhl\u00edkovej ocele, ktor\u00e1 je kalen\u00e1 a pop\u00fa\u0161\u0165an\u00e1 pod\u013ea presn\u00e9ho receptu.","publisher":{"@id":"https:\/\/dohiku.eu\/sk\/#organization"},"potentialAction":[{"@type":"SearchAction","target":{"@type":"EntryPoint","urlTemplate":"https:\/\/dohiku.eu\/sk\/?s={search_term_string}"},"query-input":{"@type":"PropertyValueSpecification","valueRequired":true,"valueName":"search_term_string"}}],"inLanguage":"sk-SK"},{"@type":"Organization","@id":"https:\/\/dohiku.eu\/sk\/#organization","name":"DOHIKU s.r.o.","url":"https:\/\/dohiku.eu\/sk\/","logo":{"@type":"ImageObject","inLanguage":"sk-SK","@id":"https:\/\/dohiku.eu\/sk\/#\/schema\/logo\/image\/","url":"https:\/\/dohiku.eu\/wp-content\/uploads\/2024\/01\/cropped-dohiku.png","contentUrl":"https:\/\/dohiku.eu\/wp-content\/uploads\/2024\/01\/cropped-dohiku.png","width":137,"height":87,"caption":"DOHIKU s.r.o."},"image":{"@id":"https:\/\/dohiku.eu\/sk\/#\/schema\/logo\/image\/"}}]}},"_links":{"self":[{"href":"https:\/\/dohiku.eu\/sk\/wp-json\/wp\/v2\/product\/7063","targetHints":{"allow":["GET"]}}],"collection":[{"href":"https:\/\/dohiku.eu\/sk\/wp-json\/wp\/v2\/product"}],"about":[{"href":"https:\/\/dohiku.eu\/sk\/wp-json\/wp\/v2\/types\/product"}],"replies":[{"embeddable":true,"href":"https:\/\/dohiku.eu\/sk\/wp-json\/wp\/v2\/comments?post=7063"}],"wp:featuredmedia":[{"embeddable":true,"href":"https:\/\/dohiku.eu\/sk\/wp-json\/wp\/v2\/media\/6560"}],"wp:attachment":[{"href":"https:\/\/dohiku.eu\/sk\/wp-json\/wp\/v2\/media?parent=7063"}],"wp:term":[{"taxonomy":"product_brand","embeddable":true,"href":"https:\/\/dohiku.eu\/sk\/wp-json\/wp\/v2\/product_brand?post=7063"},{"taxonomy":"product_cat","embeddable":true,"href":"https:\/\/dohiku.eu\/sk\/wp-json\/wp\/v2\/product_cat?post=7063"},{"taxonomy":"product_tag","embeddable":true,"href":"https:\/\/dohiku.eu\/sk\/wp-json\/wp\/v2\/product_tag?post=7063"}],"curies":[{"name":"wp","href":"https:\/\/api.w.org\/{rel}","templated":true}]}}