{"id":7062,"date":"2020-07-28T08:37:31","date_gmt":"2020-07-28T08:37:31","guid":{"rendered":"https:\/\/dohiku.eu\/shop\/nezaraden\u00e9\/nit-na-telo-stitok-fialova\/"},"modified":"2024-02-11T10:39:39","modified_gmt":"2024-02-11T10:39:39","slug":"tielkova-nit-chvostikova-fialova-nip-06","status":"publish","type":"product","link":"https:\/\/dohiku.eu\/sk\/shop\/viazacie-materialy\/nite-lametky-a-drotiky\/tielkove-nite-chvostikove\/tielkova-nit-chvostikova-fialova-nip-06\/","title":{"rendered":"Tielkov\u00e1 ni\u0165 &#8211; chvostikov\u00e1, Fialov\u00e1 NIP 06"},"content":{"rendered":"<p style=\"margin-top:0px;margin-bottom:.8rem;color:#777777;font-family:'Open Sans', sans-serif;font-size:15px;\">Ve\u013emi efektn\u00e1 tielkov\u00e1 &#8211; chvostikov\u00e1 ni\u0165. Pou\u017eitie tejto nite odpor\u00fa\u010dame hlavne na tielko mu\u0161ky a to na chvost\u00edky (Tip), napr\u00edklad zn\u00e1me vzory ako Red Tag, Yellow Tag, Soldier Palmer, poto\u010dn\u00edky, n\u00e1letov\u00fd hmyz a pod. Odpor\u00fa\u010dame aj na \u010dasti tielok ako &#8222;sp\u00fa\u0161\u0165a\u010d z\u00e1beru&#8220;.<\/p>\n<p style=\"margin-top:0px;margin-bottom:0px;color:#777777;font-family:'Open Sans', sans-serif;font-size:15px;\">1 cievka &#8211; 12 m.<\/p>\n","protected":false},"excerpt":{"rendered":"<p>Ve\u013emi efektn\u00e1 tielkov\u00e1 &#8211; chvostikov\u00e1 ni\u0165. Pou\u017eitie tejto nite odpor\u00fa\u010dame hlavne na tielko mu\u0161ky a to na chvost\u00edky (Tip), napr\u00edklad zn\u00e1me vzory ako Red Tag, Yellow Tag, Soldier Palmer, poto\u010dn\u00edky, n\u00e1letov\u00fd hmyz a pod. Odpor\u00fa\u010dame aj na \u010dasti tielok ako<span class=\"excerpt-hellip\"> [\u2026]<\/span><\/p>\n","protected":false},"featured_media":6561,"comment_status":"closed","ping_status":"closed","template":"","meta":[],"product_brand":[],"product_cat":[511,506,578,525],"product_tag":[],"class_list":{"0":"post-7062","1":"product","2":"type-product","3":"status-publish","4":"has-post-thumbnail","6":"product_cat-haciky","7":"product_cat-nezaradene","8":"product_cat-tielkove-nite-chvostikove","9":"product_cat-viazacie-materialy","11":"first","12":"instock","13":"taxable","14":"shipping-taxable","15":"purchasable","16":"product-type-simple"},"yoast_head":"<!-- This site is optimized with the Yoast SEO plugin v27.5 - https:\/\/yoast.com\/product\/yoast-seo-wordpress\/ -->\n<title>Tielkov\u00e1 ni\u0165 - chvostikov\u00e1, Fialov\u00e1 NIP 06 - DOHIKU<\/title>\n<meta name=\"robots\" content=\"index, follow, max-snippet:-1, max-image-preview:large, max-video-preview:-1\" \/>\n<link rel=\"canonical\" href=\"https:\/\/dohiku.eu\/sk\/shop\/viazacie-materialy\/nite-lametky-a-drotiky\/tielkove-nite-chvostikove\/tielkova-nit-chvostikova-fialova-nip-06\/\" \/>\n<meta property=\"og:locale\" content=\"sk_SK\" \/>\n<meta property=\"og:type\" content=\"article\" \/>\n<meta property=\"og:title\" content=\"Tielkov\u00e1 ni\u0165 - chvostikov\u00e1, Fialov\u00e1 NIP 06 - DOHIKU\" \/>\n<meta property=\"og:description\" content=\"Ve\u013emi efektn\u00e1 tielkov\u00e1 &#8211; chvostikov\u00e1 ni\u0165. Pou\u017eitie tejto nite odpor\u00fa\u010dame hlavne na tielko mu\u0161ky a to na chvost\u00edky (Tip), napr\u00edklad zn\u00e1me vzory ako Red Tag, Yellow Tag, Soldier Palmer, poto\u010dn\u00edky, n\u00e1letov\u00fd hmyz a pod. Odpor\u00fa\u010dame aj na \u010dasti tielok ako [\u2026]\" \/>\n<meta property=\"og:url\" content=\"https:\/\/dohiku.eu\/sk\/shop\/viazacie-materialy\/nite-lametky-a-drotiky\/tielkove-nite-chvostikove\/tielkova-nit-chvostikova-fialova-nip-06\/\" \/>\n<meta property=\"og:site_name\" content=\"DOHIKU\" \/>\n<meta property=\"article:modified_time\" content=\"2024-02-11T10:39:39+00:00\" \/>\n<meta property=\"og:image\" content=\"https:\/\/dohiku.eu\/wp-content\/uploads\/2020\/07\/2313-Body-thread-Tag-Purple.jpg\" \/>\n\t<meta property=\"og:image:width\" content=\"689\" \/>\n\t<meta property=\"og:image:height\" content=\"800\" \/>\n\t<meta property=\"og:image:type\" content=\"image\/jpeg\" \/>\n<meta name=\"twitter:card\" content=\"summary_large_image\" \/>\n<script type=\"application\/ld+json\" class=\"yoast-schema-graph\">{\"@context\":\"https:\\\/\\\/schema.org\",\"@graph\":[{\"@type\":\"WebPage\",\"@id\":\"https:\\\/\\\/dohiku.eu\\\/sk\\\/shop\\\/viazacie-materialy\\\/nite-lametky-a-drotiky\\\/tielkove-nite-chvostikove\\\/tielkova-nit-chvostikova-fialova-nip-06\\\/\",\"url\":\"https:\\\/\\\/dohiku.eu\\\/sk\\\/shop\\\/viazacie-materialy\\\/nite-lametky-a-drotiky\\\/tielkove-nite-chvostikove\\\/tielkova-nit-chvostikova-fialova-nip-06\\\/\",\"name\":\"Tielkov\u00e1 ni\u0165 - chvostikov\u00e1, Fialov\u00e1 NIP 06 - DOHIKU\",\"isPartOf\":{\"@id\":\"https:\\\/\\\/dohiku.eu\\\/sk\\\/#website\"},\"primaryImageOfPage\":{\"@id\":\"https:\\\/\\\/dohiku.eu\\\/sk\\\/shop\\\/viazacie-materialy\\\/nite-lametky-a-drotiky\\\/tielkove-nite-chvostikove\\\/tielkova-nit-chvostikova-fialova-nip-06\\\/#primaryimage\"},\"image\":{\"@id\":\"https:\\\/\\\/dohiku.eu\\\/sk\\\/shop\\\/viazacie-materialy\\\/nite-lametky-a-drotiky\\\/tielkove-nite-chvostikove\\\/tielkova-nit-chvostikova-fialova-nip-06\\\/#primaryimage\"},\"thumbnailUrl\":\"https:\\\/\\\/dohiku.eu\\\/wp-content\\\/uploads\\\/2020\\\/07\\\/2313-Body-thread-Tag-Purple.jpg\",\"datePublished\":\"2020-07-28T08:37:31+00:00\",\"dateModified\":\"2024-02-11T10:39:39+00:00\",\"breadcrumb\":{\"@id\":\"https:\\\/\\\/dohiku.eu\\\/sk\\\/shop\\\/viazacie-materialy\\\/nite-lametky-a-drotiky\\\/tielkove-nite-chvostikove\\\/tielkova-nit-chvostikova-fialova-nip-06\\\/#breadcrumb\"},\"inLanguage\":\"sk-SK\",\"potentialAction\":[{\"@type\":\"ReadAction\",\"target\":[\"https:\\\/\\\/dohiku.eu\\\/sk\\\/shop\\\/viazacie-materialy\\\/nite-lametky-a-drotiky\\\/tielkove-nite-chvostikove\\\/tielkova-nit-chvostikova-fialova-nip-06\\\/\"]}]},{\"@type\":\"ImageObject\",\"inLanguage\":\"sk-SK\",\"@id\":\"https:\\\/\\\/dohiku.eu\\\/sk\\\/shop\\\/viazacie-materialy\\\/nite-lametky-a-drotiky\\\/tielkove-nite-chvostikove\\\/tielkova-nit-chvostikova-fialova-nip-06\\\/#primaryimage\",\"url\":\"https:\\\/\\\/dohiku.eu\\\/wp-content\\\/uploads\\\/2020\\\/07\\\/2313-Body-thread-Tag-Purple.jpg\",\"contentUrl\":\"https:\\\/\\\/dohiku.eu\\\/wp-content\\\/uploads\\\/2020\\\/07\\\/2313-Body-thread-Tag-Purple.jpg\",\"width\":689,\"height\":800},{\"@type\":\"BreadcrumbList\",\"@id\":\"https:\\\/\\\/dohiku.eu\\\/sk\\\/shop\\\/viazacie-materialy\\\/nite-lametky-a-drotiky\\\/tielkove-nite-chvostikove\\\/tielkova-nit-chvostikova-fialova-nip-06\\\/#breadcrumb\",\"itemListElement\":[{\"@type\":\"ListItem\",\"position\":1,\"name\":\"Home\",\"item\":\"https:\\\/\\\/dohiku.eu\\\/sk\\\/\"},{\"@type\":\"ListItem\",\"position\":2,\"name\":\"PRODUCTS\",\"item\":\"https:\\\/\\\/dohiku.eu\\\/sk\\\/products\\\/\"},{\"@type\":\"ListItem\",\"position\":3,\"name\":\"Tielkov\u00e1 ni\u0165 &#8211; chvostikov\u00e1, Fialov\u00e1 NIP 06\"}]},{\"@type\":\"WebSite\",\"@id\":\"https:\\\/\\\/dohiku.eu\\\/sk\\\/#website\",\"url\":\"https:\\\/\\\/dohiku.eu\\\/sk\\\/\",\"name\":\"DOHIKU\",\"description\":\"H\u00e1\u010diky DOHIKU s\u00fa vyroben\u00e9 z vysoko uhl\u00edkovej ocele, ktor\u00e1 je kalen\u00e1 a pop\u00fa\u0161\u0165an\u00e1 pod\u013ea presn\u00e9ho receptu.\",\"publisher\":{\"@id\":\"https:\\\/\\\/dohiku.eu\\\/sk\\\/#organization\"},\"potentialAction\":[{\"@type\":\"SearchAction\",\"target\":{\"@type\":\"EntryPoint\",\"urlTemplate\":\"https:\\\/\\\/dohiku.eu\\\/sk\\\/?s={search_term_string}\"},\"query-input\":{\"@type\":\"PropertyValueSpecification\",\"valueRequired\":true,\"valueName\":\"search_term_string\"}}],\"inLanguage\":\"sk-SK\"},{\"@type\":\"Organization\",\"@id\":\"https:\\\/\\\/dohiku.eu\\\/sk\\\/#organization\",\"name\":\"DOHIKU s.r.o.\",\"url\":\"https:\\\/\\\/dohiku.eu\\\/sk\\\/\",\"logo\":{\"@type\":\"ImageObject\",\"inLanguage\":\"sk-SK\",\"@id\":\"https:\\\/\\\/dohiku.eu\\\/sk\\\/#\\\/schema\\\/logo\\\/image\\\/\",\"url\":\"https:\\\/\\\/dohiku.eu\\\/wp-content\\\/uploads\\\/2024\\\/01\\\/cropped-dohiku.png\",\"contentUrl\":\"https:\\\/\\\/dohiku.eu\\\/wp-content\\\/uploads\\\/2024\\\/01\\\/cropped-dohiku.png\",\"width\":137,\"height\":87,\"caption\":\"DOHIKU s.r.o.\"},\"image\":{\"@id\":\"https:\\\/\\\/dohiku.eu\\\/sk\\\/#\\\/schema\\\/logo\\\/image\\\/\"}}]}<\/script>\n<!-- \/ Yoast SEO plugin. -->","yoast_head_json":{"title":"Tielkov\u00e1 ni\u0165 - chvostikov\u00e1, Fialov\u00e1 NIP 06 - DOHIKU","robots":{"index":"index","follow":"follow","max-snippet":"max-snippet:-1","max-image-preview":"max-image-preview:large","max-video-preview":"max-video-preview:-1"},"canonical":"https:\/\/dohiku.eu\/sk\/shop\/viazacie-materialy\/nite-lametky-a-drotiky\/tielkove-nite-chvostikove\/tielkova-nit-chvostikova-fialova-nip-06\/","og_locale":"sk_SK","og_type":"article","og_title":"Tielkov\u00e1 ni\u0165 - chvostikov\u00e1, Fialov\u00e1 NIP 06 - DOHIKU","og_description":"Ve\u013emi efektn\u00e1 tielkov\u00e1 &#8211; chvostikov\u00e1 ni\u0165. Pou\u017eitie tejto nite odpor\u00fa\u010dame hlavne na tielko mu\u0161ky a to na chvost\u00edky (Tip), napr\u00edklad zn\u00e1me vzory ako Red Tag, Yellow Tag, Soldier Palmer, poto\u010dn\u00edky, n\u00e1letov\u00fd hmyz a pod. Odpor\u00fa\u010dame aj na \u010dasti tielok ako [\u2026]","og_url":"https:\/\/dohiku.eu\/sk\/shop\/viazacie-materialy\/nite-lametky-a-drotiky\/tielkove-nite-chvostikove\/tielkova-nit-chvostikova-fialova-nip-06\/","og_site_name":"DOHIKU","article_modified_time":"2024-02-11T10:39:39+00:00","og_image":[{"width":689,"height":800,"url":"https:\/\/dohiku.eu\/wp-content\/uploads\/2020\/07\/2313-Body-thread-Tag-Purple.jpg","type":"image\/jpeg"}],"twitter_card":"summary_large_image","schema":{"@context":"https:\/\/schema.org","@graph":[{"@type":"WebPage","@id":"https:\/\/dohiku.eu\/sk\/shop\/viazacie-materialy\/nite-lametky-a-drotiky\/tielkove-nite-chvostikove\/tielkova-nit-chvostikova-fialova-nip-06\/","url":"https:\/\/dohiku.eu\/sk\/shop\/viazacie-materialy\/nite-lametky-a-drotiky\/tielkove-nite-chvostikove\/tielkova-nit-chvostikova-fialova-nip-06\/","name":"Tielkov\u00e1 ni\u0165 - chvostikov\u00e1, Fialov\u00e1 NIP 06 - DOHIKU","isPartOf":{"@id":"https:\/\/dohiku.eu\/sk\/#website"},"primaryImageOfPage":{"@id":"https:\/\/dohiku.eu\/sk\/shop\/viazacie-materialy\/nite-lametky-a-drotiky\/tielkove-nite-chvostikove\/tielkova-nit-chvostikova-fialova-nip-06\/#primaryimage"},"image":{"@id":"https:\/\/dohiku.eu\/sk\/shop\/viazacie-materialy\/nite-lametky-a-drotiky\/tielkove-nite-chvostikove\/tielkova-nit-chvostikova-fialova-nip-06\/#primaryimage"},"thumbnailUrl":"https:\/\/dohiku.eu\/wp-content\/uploads\/2020\/07\/2313-Body-thread-Tag-Purple.jpg","datePublished":"2020-07-28T08:37:31+00:00","dateModified":"2024-02-11T10:39:39+00:00","breadcrumb":{"@id":"https:\/\/dohiku.eu\/sk\/shop\/viazacie-materialy\/nite-lametky-a-drotiky\/tielkove-nite-chvostikove\/tielkova-nit-chvostikova-fialova-nip-06\/#breadcrumb"},"inLanguage":"sk-SK","potentialAction":[{"@type":"ReadAction","target":["https:\/\/dohiku.eu\/sk\/shop\/viazacie-materialy\/nite-lametky-a-drotiky\/tielkove-nite-chvostikove\/tielkova-nit-chvostikova-fialova-nip-06\/"]}]},{"@type":"ImageObject","inLanguage":"sk-SK","@id":"https:\/\/dohiku.eu\/sk\/shop\/viazacie-materialy\/nite-lametky-a-drotiky\/tielkove-nite-chvostikove\/tielkova-nit-chvostikova-fialova-nip-06\/#primaryimage","url":"https:\/\/dohiku.eu\/wp-content\/uploads\/2020\/07\/2313-Body-thread-Tag-Purple.jpg","contentUrl":"https:\/\/dohiku.eu\/wp-content\/uploads\/2020\/07\/2313-Body-thread-Tag-Purple.jpg","width":689,"height":800},{"@type":"BreadcrumbList","@id":"https:\/\/dohiku.eu\/sk\/shop\/viazacie-materialy\/nite-lametky-a-drotiky\/tielkove-nite-chvostikove\/tielkova-nit-chvostikova-fialova-nip-06\/#breadcrumb","itemListElement":[{"@type":"ListItem","position":1,"name":"Home","item":"https:\/\/dohiku.eu\/sk\/"},{"@type":"ListItem","position":2,"name":"PRODUCTS","item":"https:\/\/dohiku.eu\/sk\/products\/"},{"@type":"ListItem","position":3,"name":"Tielkov\u00e1 ni\u0165 &#8211; chvostikov\u00e1, Fialov\u00e1 NIP 06"}]},{"@type":"WebSite","@id":"https:\/\/dohiku.eu\/sk\/#website","url":"https:\/\/dohiku.eu\/sk\/","name":"DOHIKU","description":"H\u00e1\u010diky DOHIKU s\u00fa vyroben\u00e9 z vysoko uhl\u00edkovej ocele, ktor\u00e1 je kalen\u00e1 a pop\u00fa\u0161\u0165an\u00e1 pod\u013ea presn\u00e9ho receptu.","publisher":{"@id":"https:\/\/dohiku.eu\/sk\/#organization"},"potentialAction":[{"@type":"SearchAction","target":{"@type":"EntryPoint","urlTemplate":"https:\/\/dohiku.eu\/sk\/?s={search_term_string}"},"query-input":{"@type":"PropertyValueSpecification","valueRequired":true,"valueName":"search_term_string"}}],"inLanguage":"sk-SK"},{"@type":"Organization","@id":"https:\/\/dohiku.eu\/sk\/#organization","name":"DOHIKU s.r.o.","url":"https:\/\/dohiku.eu\/sk\/","logo":{"@type":"ImageObject","inLanguage":"sk-SK","@id":"https:\/\/dohiku.eu\/sk\/#\/schema\/logo\/image\/","url":"https:\/\/dohiku.eu\/wp-content\/uploads\/2024\/01\/cropped-dohiku.png","contentUrl":"https:\/\/dohiku.eu\/wp-content\/uploads\/2024\/01\/cropped-dohiku.png","width":137,"height":87,"caption":"DOHIKU s.r.o."},"image":{"@id":"https:\/\/dohiku.eu\/sk\/#\/schema\/logo\/image\/"}}]}},"_links":{"self":[{"href":"https:\/\/dohiku.eu\/sk\/wp-json\/wp\/v2\/product\/7062","targetHints":{"allow":["GET"]}}],"collection":[{"href":"https:\/\/dohiku.eu\/sk\/wp-json\/wp\/v2\/product"}],"about":[{"href":"https:\/\/dohiku.eu\/sk\/wp-json\/wp\/v2\/types\/product"}],"replies":[{"embeddable":true,"href":"https:\/\/dohiku.eu\/sk\/wp-json\/wp\/v2\/comments?post=7062"}],"wp:featuredmedia":[{"embeddable":true,"href":"https:\/\/dohiku.eu\/sk\/wp-json\/wp\/v2\/media\/6561"}],"wp:attachment":[{"href":"https:\/\/dohiku.eu\/sk\/wp-json\/wp\/v2\/media?parent=7062"}],"wp:term":[{"taxonomy":"product_brand","embeddable":true,"href":"https:\/\/dohiku.eu\/sk\/wp-json\/wp\/v2\/product_brand?post=7062"},{"taxonomy":"product_cat","embeddable":true,"href":"https:\/\/dohiku.eu\/sk\/wp-json\/wp\/v2\/product_cat?post=7062"},{"taxonomy":"product_tag","embeddable":true,"href":"https:\/\/dohiku.eu\/sk\/wp-json\/wp\/v2\/product_tag?post=7062"}],"curies":[{"name":"wp","href":"https:\/\/api.w.org\/{rel}","templated":true}]}}