{"id":7047,"date":"2021-05-26T13:10:08","date_gmt":"2021-05-26T13:10:08","guid":{"rendered":"https:\/\/dohiku.eu\/shop\/nezaraden\u00e9\/hookbobbin\/"},"modified":"2025-03-25T10:20:03","modified_gmt":"2025-03-25T10:20:03","slug":"bobina-s-dabingovymi-hacikmi","status":"publish","type":"product","link":"https:\/\/dohiku.eu\/sk\/shop\/viazacie-pomocky\/bobbins-sk\/bobina-s-dabingovymi-hacikmi\/","title":{"rendered":"HookBobbin"},"content":{"rendered":"<p>HookBobbin je patentovan\u00e1 bobina s nastavite\u013enou brzdou\u00a0cievky s dvoma v\u00fdsuvn\u00fdmi h\u00e1\u010dikmi, ktor\u00fd umo\u017e\u0148uje r\u00fdchle a \u013eahk\u00e9 navinutie dabingu a peria namiesto twistra.<\/p>\n<p>Pozri video:<\/p>\n<p><span style=\"color:#d0121a;\"><a href=\"https:\/\/www.youtube.com\/watch?v=5cQ74M2180w\"><span style=\"color:#d0121a;\">HookBobbin<\/span><\/a><\/span><\/p><\/p>\n","protected":false},"excerpt":{"rendered":"<p class=\"MsoNormal\">HookBobbin je patentovan\u00fd dr\u017eiak na cievku s nastavite\u013en\u00fdm nap\u00e4t\u00edm a dvoma v\u00fdsuvn\u00fdmi h\u00e1\u010dikmi, ktor\u00e9 umo\u017e\u0148uj\u00fa r\u00fdchle a jednoduch\u00e9 nav\u00edjanie dabingu okolo hriade\u013ea h\u00e1\u010dika bez potreby dabingov\u00e9ho twistra. Umo\u017e\u0148uje tie\u017e jednoduch\u00fa mont\u00e1\u017e pera CDC bez ak\u00e9hoko\u013evek in\u00e9ho zariadenia.<\/p>\n<\/p>\n<p class=\"MsoNormal\">HookBobbin je vybaven\u00fd vymenite\u013en\u00fdm hrotom z nehrdzavej\u00facej ocele a keramiky, ktor\u00fd e\u0161te viac zni\u017euje odieranie nite.<\/p>\n<p class=\"MsoNormal\">Pozrite si video:  <\/p>\n<p class=\"MsoNormal\"><span style=\"color:#d0121a;\"><a href=\"https:\/\/www.youtube.com\/watch?v=5cQ74M2180w\"><span style=\"color:#d0121a;\">HookBobbin<\/span><\/a><\/span><\/p><\/p>\n","protected":false},"featured_media":6590,"comment_status":"closed","ping_status":"closed","template":"","meta":[],"product_brand":[],"product_cat":[511,517,523],"product_tag":[],"class_list":{"0":"post-7047","1":"product","2":"type-product","3":"status-publish","4":"has-post-thumbnail","6":"product_cat-haciky","7":"product_cat-viazacie-pomocky","8":"product_cat-bobbins-sk","10":"first","11":"instock","12":"sale","13":"taxable","14":"shipping-taxable","15":"purchasable","16":"product-type-simple"},"yoast_head":"<!-- This site is optimized with the Yoast SEO plugin v27.4 - https:\/\/yoast.com\/product\/yoast-seo-wordpress\/ -->\n<title>HookBobbin - DOHIKU<\/title>\n<meta name=\"robots\" content=\"index, follow, max-snippet:-1, max-image-preview:large, max-video-preview:-1\" \/>\n<link rel=\"canonical\" href=\"https:\/\/dohiku.eu\/sk\/shop\/viazacie-pomocky\/bobbins-sk\/bobina-s-dabingovymi-hacikmi\/\" \/>\n<meta property=\"og:locale\" content=\"sk_SK\" \/>\n<meta property=\"og:type\" content=\"article\" \/>\n<meta property=\"og:title\" content=\"HookBobbin - DOHIKU\" \/>\n<meta property=\"og:description\" content=\"HookBobbin je patentovan\u00fd dr\u017eiak na cievku s nastavite\u013en\u00fdm nap\u00e4t\u00edm a dvoma v\u00fdsuvn\u00fdmi h\u00e1\u010dikmi, ktor\u00e9 umo\u017e\u0148uj\u00fa r\u00fdchle a jednoduch\u00e9 nav\u00edjanie dabingu okolo hriade\u013ea h\u00e1\u010dika bez potreby dabingov\u00e9ho twistra. Umo\u017e\u0148uje tie\u017e jednoduch\u00fa mont\u00e1\u017e pera CDC bez ak\u00e9hoko\u013evek in\u00e9ho zariadenia. HookBobbin je vybaven\u00fd vymenite\u013en\u00fdm hrotom z nehrdzavej\u00facej ocele a keramiky, ktor\u00fd e\u0161te viac zni\u017euje odieranie nite. Pozrite si video:  HookBobbin\" \/>\n<meta property=\"og:url\" content=\"https:\/\/dohiku.eu\/sk\/shop\/viazacie-pomocky\/bobbins-sk\/bobina-s-dabingovymi-hacikmi\/\" \/>\n<meta property=\"og:site_name\" content=\"DOHIKU\" \/>\n<meta property=\"article:modified_time\" content=\"2025-03-25T10:20:03+00:00\" \/>\n<meta property=\"og:image\" content=\"https:\/\/dohiku.eu\/wp-content\/uploads\/2021\/05\/2408-HookBobbin.jpg\" \/>\n\t<meta property=\"og:image:width\" content=\"800\" \/>\n\t<meta property=\"og:image:height\" content=\"409\" \/>\n\t<meta property=\"og:image:type\" content=\"image\/jpeg\" \/>\n<meta name=\"twitter:card\" content=\"summary_large_image\" \/>\n<script type=\"application\/ld+json\" class=\"yoast-schema-graph\">{\"@context\":\"https:\\\/\\\/schema.org\",\"@graph\":[{\"@type\":\"WebPage\",\"@id\":\"https:\\\/\\\/dohiku.eu\\\/sk\\\/shop\\\/viazacie-pomocky\\\/bobbins-sk\\\/bobina-s-dabingovymi-hacikmi\\\/\",\"url\":\"https:\\\/\\\/dohiku.eu\\\/sk\\\/shop\\\/viazacie-pomocky\\\/bobbins-sk\\\/bobina-s-dabingovymi-hacikmi\\\/\",\"name\":\"HookBobbin - DOHIKU\",\"isPartOf\":{\"@id\":\"https:\\\/\\\/dohiku.eu\\\/sk\\\/#website\"},\"primaryImageOfPage\":{\"@id\":\"https:\\\/\\\/dohiku.eu\\\/sk\\\/shop\\\/viazacie-pomocky\\\/bobbins-sk\\\/bobina-s-dabingovymi-hacikmi\\\/#primaryimage\"},\"image\":{\"@id\":\"https:\\\/\\\/dohiku.eu\\\/sk\\\/shop\\\/viazacie-pomocky\\\/bobbins-sk\\\/bobina-s-dabingovymi-hacikmi\\\/#primaryimage\"},\"thumbnailUrl\":\"https:\\\/\\\/dohiku.eu\\\/wp-content\\\/uploads\\\/2021\\\/05\\\/2408-HookBobbin.jpg\",\"datePublished\":\"2021-05-26T13:10:08+00:00\",\"dateModified\":\"2025-03-25T10:20:03+00:00\",\"breadcrumb\":{\"@id\":\"https:\\\/\\\/dohiku.eu\\\/sk\\\/shop\\\/viazacie-pomocky\\\/bobbins-sk\\\/bobina-s-dabingovymi-hacikmi\\\/#breadcrumb\"},\"inLanguage\":\"sk-SK\",\"potentialAction\":[{\"@type\":\"ReadAction\",\"target\":[\"https:\\\/\\\/dohiku.eu\\\/sk\\\/shop\\\/viazacie-pomocky\\\/bobbins-sk\\\/bobina-s-dabingovymi-hacikmi\\\/\"]}]},{\"@type\":\"ImageObject\",\"inLanguage\":\"sk-SK\",\"@id\":\"https:\\\/\\\/dohiku.eu\\\/sk\\\/shop\\\/viazacie-pomocky\\\/bobbins-sk\\\/bobina-s-dabingovymi-hacikmi\\\/#primaryimage\",\"url\":\"https:\\\/\\\/dohiku.eu\\\/wp-content\\\/uploads\\\/2021\\\/05\\\/2408-HookBobbin.jpg\",\"contentUrl\":\"https:\\\/\\\/dohiku.eu\\\/wp-content\\\/uploads\\\/2021\\\/05\\\/2408-HookBobbin.jpg\",\"width\":800,\"height\":409},{\"@type\":\"BreadcrumbList\",\"@id\":\"https:\\\/\\\/dohiku.eu\\\/sk\\\/shop\\\/viazacie-pomocky\\\/bobbins-sk\\\/bobina-s-dabingovymi-hacikmi\\\/#breadcrumb\",\"itemListElement\":[{\"@type\":\"ListItem\",\"position\":1,\"name\":\"Home\",\"item\":\"https:\\\/\\\/dohiku.eu\\\/sk\\\/\"},{\"@type\":\"ListItem\",\"position\":2,\"name\":\"PRODUCTS\",\"item\":\"https:\\\/\\\/dohiku.eu\\\/sk\\\/products\\\/\"},{\"@type\":\"ListItem\",\"position\":3,\"name\":\"HookBobbin\"}]},{\"@type\":\"WebSite\",\"@id\":\"https:\\\/\\\/dohiku.eu\\\/sk\\\/#website\",\"url\":\"https:\\\/\\\/dohiku.eu\\\/sk\\\/\",\"name\":\"DOHIKU\",\"description\":\"H\u00e1\u010diky DOHIKU s\u00fa vyroben\u00e9 z vysoko uhl\u00edkovej ocele, ktor\u00e1 je kalen\u00e1 a pop\u00fa\u0161\u0165an\u00e1 pod\u013ea presn\u00e9ho receptu.\",\"publisher\":{\"@id\":\"https:\\\/\\\/dohiku.eu\\\/sk\\\/#organization\"},\"potentialAction\":[{\"@type\":\"SearchAction\",\"target\":{\"@type\":\"EntryPoint\",\"urlTemplate\":\"https:\\\/\\\/dohiku.eu\\\/sk\\\/?s={search_term_string}\"},\"query-input\":{\"@type\":\"PropertyValueSpecification\",\"valueRequired\":true,\"valueName\":\"search_term_string\"}}],\"inLanguage\":\"sk-SK\"},{\"@type\":\"Organization\",\"@id\":\"https:\\\/\\\/dohiku.eu\\\/sk\\\/#organization\",\"name\":\"DOHIKU s.r.o.\",\"url\":\"https:\\\/\\\/dohiku.eu\\\/sk\\\/\",\"logo\":{\"@type\":\"ImageObject\",\"inLanguage\":\"sk-SK\",\"@id\":\"https:\\\/\\\/dohiku.eu\\\/sk\\\/#\\\/schema\\\/logo\\\/image\\\/\",\"url\":\"https:\\\/\\\/dohiku.eu\\\/wp-content\\\/uploads\\\/2024\\\/01\\\/cropped-dohiku.png\",\"contentUrl\":\"https:\\\/\\\/dohiku.eu\\\/wp-content\\\/uploads\\\/2024\\\/01\\\/cropped-dohiku.png\",\"width\":137,\"height\":87,\"caption\":\"DOHIKU s.r.o.\"},\"image\":{\"@id\":\"https:\\\/\\\/dohiku.eu\\\/sk\\\/#\\\/schema\\\/logo\\\/image\\\/\"}}]}<\/script>\n<!-- \/ Yoast SEO plugin. -->","yoast_head_json":{"title":"HookBobbin - DOHIKU","robots":{"index":"index","follow":"follow","max-snippet":"max-snippet:-1","max-image-preview":"max-image-preview:large","max-video-preview":"max-video-preview:-1"},"canonical":"https:\/\/dohiku.eu\/sk\/shop\/viazacie-pomocky\/bobbins-sk\/bobina-s-dabingovymi-hacikmi\/","og_locale":"sk_SK","og_type":"article","og_title":"HookBobbin - DOHIKU","og_description":"HookBobbin je patentovan\u00fd dr\u017eiak na cievku s nastavite\u013en\u00fdm nap\u00e4t\u00edm a dvoma v\u00fdsuvn\u00fdmi h\u00e1\u010dikmi, ktor\u00e9 umo\u017e\u0148uj\u00fa r\u00fdchle a jednoduch\u00e9 nav\u00edjanie dabingu okolo hriade\u013ea h\u00e1\u010dika bez potreby dabingov\u00e9ho twistra. Umo\u017e\u0148uje tie\u017e jednoduch\u00fa mont\u00e1\u017e pera CDC bez ak\u00e9hoko\u013evek in\u00e9ho zariadenia. HookBobbin je vybaven\u00fd vymenite\u013en\u00fdm hrotom z nehrdzavej\u00facej ocele a keramiky, ktor\u00fd e\u0161te viac zni\u017euje odieranie nite. Pozrite si video:  HookBobbin","og_url":"https:\/\/dohiku.eu\/sk\/shop\/viazacie-pomocky\/bobbins-sk\/bobina-s-dabingovymi-hacikmi\/","og_site_name":"DOHIKU","article_modified_time":"2025-03-25T10:20:03+00:00","og_image":[{"width":800,"height":409,"url":"https:\/\/dohiku.eu\/wp-content\/uploads\/2021\/05\/2408-HookBobbin.jpg","type":"image\/jpeg"}],"twitter_card":"summary_large_image","schema":{"@context":"https:\/\/schema.org","@graph":[{"@type":"WebPage","@id":"https:\/\/dohiku.eu\/sk\/shop\/viazacie-pomocky\/bobbins-sk\/bobina-s-dabingovymi-hacikmi\/","url":"https:\/\/dohiku.eu\/sk\/shop\/viazacie-pomocky\/bobbins-sk\/bobina-s-dabingovymi-hacikmi\/","name":"HookBobbin - DOHIKU","isPartOf":{"@id":"https:\/\/dohiku.eu\/sk\/#website"},"primaryImageOfPage":{"@id":"https:\/\/dohiku.eu\/sk\/shop\/viazacie-pomocky\/bobbins-sk\/bobina-s-dabingovymi-hacikmi\/#primaryimage"},"image":{"@id":"https:\/\/dohiku.eu\/sk\/shop\/viazacie-pomocky\/bobbins-sk\/bobina-s-dabingovymi-hacikmi\/#primaryimage"},"thumbnailUrl":"https:\/\/dohiku.eu\/wp-content\/uploads\/2021\/05\/2408-HookBobbin.jpg","datePublished":"2021-05-26T13:10:08+00:00","dateModified":"2025-03-25T10:20:03+00:00","breadcrumb":{"@id":"https:\/\/dohiku.eu\/sk\/shop\/viazacie-pomocky\/bobbins-sk\/bobina-s-dabingovymi-hacikmi\/#breadcrumb"},"inLanguage":"sk-SK","potentialAction":[{"@type":"ReadAction","target":["https:\/\/dohiku.eu\/sk\/shop\/viazacie-pomocky\/bobbins-sk\/bobina-s-dabingovymi-hacikmi\/"]}]},{"@type":"ImageObject","inLanguage":"sk-SK","@id":"https:\/\/dohiku.eu\/sk\/shop\/viazacie-pomocky\/bobbins-sk\/bobina-s-dabingovymi-hacikmi\/#primaryimage","url":"https:\/\/dohiku.eu\/wp-content\/uploads\/2021\/05\/2408-HookBobbin.jpg","contentUrl":"https:\/\/dohiku.eu\/wp-content\/uploads\/2021\/05\/2408-HookBobbin.jpg","width":800,"height":409},{"@type":"BreadcrumbList","@id":"https:\/\/dohiku.eu\/sk\/shop\/viazacie-pomocky\/bobbins-sk\/bobina-s-dabingovymi-hacikmi\/#breadcrumb","itemListElement":[{"@type":"ListItem","position":1,"name":"Home","item":"https:\/\/dohiku.eu\/sk\/"},{"@type":"ListItem","position":2,"name":"PRODUCTS","item":"https:\/\/dohiku.eu\/sk\/products\/"},{"@type":"ListItem","position":3,"name":"HookBobbin"}]},{"@type":"WebSite","@id":"https:\/\/dohiku.eu\/sk\/#website","url":"https:\/\/dohiku.eu\/sk\/","name":"DOHIKU","description":"H\u00e1\u010diky DOHIKU s\u00fa vyroben\u00e9 z vysoko uhl\u00edkovej ocele, ktor\u00e1 je kalen\u00e1 a pop\u00fa\u0161\u0165an\u00e1 pod\u013ea presn\u00e9ho receptu.","publisher":{"@id":"https:\/\/dohiku.eu\/sk\/#organization"},"potentialAction":[{"@type":"SearchAction","target":{"@type":"EntryPoint","urlTemplate":"https:\/\/dohiku.eu\/sk\/?s={search_term_string}"},"query-input":{"@type":"PropertyValueSpecification","valueRequired":true,"valueName":"search_term_string"}}],"inLanguage":"sk-SK"},{"@type":"Organization","@id":"https:\/\/dohiku.eu\/sk\/#organization","name":"DOHIKU s.r.o.","url":"https:\/\/dohiku.eu\/sk\/","logo":{"@type":"ImageObject","inLanguage":"sk-SK","@id":"https:\/\/dohiku.eu\/sk\/#\/schema\/logo\/image\/","url":"https:\/\/dohiku.eu\/wp-content\/uploads\/2024\/01\/cropped-dohiku.png","contentUrl":"https:\/\/dohiku.eu\/wp-content\/uploads\/2024\/01\/cropped-dohiku.png","width":137,"height":87,"caption":"DOHIKU s.r.o."},"image":{"@id":"https:\/\/dohiku.eu\/sk\/#\/schema\/logo\/image\/"}}]}},"_links":{"self":[{"href":"https:\/\/dohiku.eu\/sk\/wp-json\/wp\/v2\/product\/7047","targetHints":{"allow":["GET"]}}],"collection":[{"href":"https:\/\/dohiku.eu\/sk\/wp-json\/wp\/v2\/product"}],"about":[{"href":"https:\/\/dohiku.eu\/sk\/wp-json\/wp\/v2\/types\/product"}],"replies":[{"embeddable":true,"href":"https:\/\/dohiku.eu\/sk\/wp-json\/wp\/v2\/comments?post=7047"}],"wp:featuredmedia":[{"embeddable":true,"href":"https:\/\/dohiku.eu\/sk\/wp-json\/wp\/v2\/media\/6590"}],"wp:attachment":[{"href":"https:\/\/dohiku.eu\/sk\/wp-json\/wp\/v2\/media?parent=7047"}],"wp:term":[{"taxonomy":"product_brand","embeddable":true,"href":"https:\/\/dohiku.eu\/sk\/wp-json\/wp\/v2\/product_brand?post=7047"},{"taxonomy":"product_cat","embeddable":true,"href":"https:\/\/dohiku.eu\/sk\/wp-json\/wp\/v2\/product_cat?post=7047"},{"taxonomy":"product_tag","embeddable":true,"href":"https:\/\/dohiku.eu\/sk\/wp-json\/wp\/v2\/product_tag?post=7047"}],"curies":[{"name":"wp","href":"https:\/\/api.w.org\/{rel}","templated":true}]}}