{"id":7046,"date":"2021-06-01T10:34:13","date_gmt":"2021-06-01T10:34:13","guid":{"rendered":"https:\/\/dohiku.eu\/shop\/nezaraden\u00e9\/fluo-hair-hot-orange\/"},"modified":"2024-02-12T17:35:13","modified_gmt":"2024-02-12T17:35:13","slug":"fluo-vlas-hot-oranzovy","status":"publish","type":"product","link":"https:\/\/dohiku.eu\/sk\/shop\/haciky\/fluo-vlas-hot-oranzovy\/","title":{"rendered":"Fluo Hair &#8211; Hot Orange"},"content":{"rendered":"<p style=\"margin-top:0px;margin-bottom:.8rem;color:#777777;font-family:'Open Sans', sans-serif;font-size:15px;\">Vynikaj\u00faci materi\u00e1l dubibingov\u00fd fluo vlas. D\u013e\u017eka vlasu je cca 5,0 cm a skvele sa hod\u00ed ako s\u00fa\u010das\u0165 tielok str\u00edmrov a luriek.<\/p>\n<p style=\"margin-top:0px;margin-bottom:0px;color:#777777;font-family:'Open Sans', sans-serif;font-size:15px;\">Doporu\u010dujeme tento materi\u00e1l pou\u017ei\u0165 aj ako sp\u00fa\u0161\u0165a\u010d z\u00e1beru. Pri fantastick\u00fdch mu\u0161k\u00e1ch napr\u00edklad na chvost\u00edky.<\/p>\n","protected":false},"excerpt":{"rendered":"<p>V\u00fdnimo\u010dn\u00e9 ch\u013apky vo ve\u013emi jasn\u00fdch, fluorescen\u010dn\u00fdch farb\u00e1ch reaguj\u00fa na UV zlo\u017eku sveteln\u00e9ho \u017eiarenia (aj pri slabom slne\u010dnom svetle sa v h\u013abke &#8222;rozsvieti&#8220;). Vlasy s\u00fa dlh\u00e9 a\u017e 50 mm.<\/p>\n","protected":false},"featured_media":6602,"comment_status":"closed","ping_status":"closed","template":"","meta":[],"product_brand":[],"product_cat":[511,525],"product_tag":[],"class_list":{"0":"post-7046","1":"product","2":"type-product","3":"status-publish","4":"has-post-thumbnail","6":"product_cat-haciky","7":"product_cat-viazacie-materialy","9":"first","10":"instock","11":"taxable","12":"shipping-taxable","13":"purchasable","14":"product-type-simple"},"yoast_head":"<!-- This site is optimized with the Yoast SEO plugin v27.5 - https:\/\/yoast.com\/product\/yoast-seo-wordpress\/ -->\n<title>Fluo Hair - Hot Orange - DOHIKU<\/title>\n<meta name=\"robots\" content=\"index, follow, max-snippet:-1, max-image-preview:large, max-video-preview:-1\" \/>\n<link rel=\"canonical\" href=\"https:\/\/dohiku.eu\/sk\/shop\/haciky\/fluo-vlas-hot-oranzovy\/\" \/>\n<meta property=\"og:locale\" content=\"sk_SK\" \/>\n<meta property=\"og:type\" content=\"article\" \/>\n<meta property=\"og:title\" content=\"Fluo Hair - Hot Orange - DOHIKU\" \/>\n<meta property=\"og:description\" content=\"V\u00fdnimo\u010dn\u00e9 ch\u013apky vo ve\u013emi jasn\u00fdch, fluorescen\u010dn\u00fdch farb\u00e1ch reaguj\u00fa na UV zlo\u017eku sveteln\u00e9ho \u017eiarenia (aj pri slabom slne\u010dnom svetle sa v h\u013abke &quot;rozsvieti&quot;). Vlasy s\u00fa dlh\u00e9 a\u017e 50 mm.\" \/>\n<meta property=\"og:url\" content=\"https:\/\/dohiku.eu\/sk\/shop\/haciky\/fluo-vlas-hot-oranzovy\/\" \/>\n<meta property=\"og:site_name\" content=\"DOHIKU\" \/>\n<meta property=\"article:modified_time\" content=\"2024-02-12T17:35:13+00:00\" \/>\n<meta property=\"og:image\" content=\"https:\/\/dohiku.eu\/wp-content\/uploads\/2021\/06\/2423-Fluo-Hair-Hot-Orange.jpg\" \/>\n\t<meta property=\"og:image:width\" content=\"800\" \/>\n\t<meta property=\"og:image:height\" content=\"640\" \/>\n\t<meta property=\"og:image:type\" content=\"image\/jpeg\" \/>\n<meta name=\"twitter:card\" content=\"summary_large_image\" \/>\n<script type=\"application\/ld+json\" class=\"yoast-schema-graph\">{\"@context\":\"https:\\\/\\\/schema.org\",\"@graph\":[{\"@type\":\"WebPage\",\"@id\":\"https:\\\/\\\/dohiku.eu\\\/sk\\\/shop\\\/haciky\\\/fluo-vlas-hot-oranzovy\\\/\",\"url\":\"https:\\\/\\\/dohiku.eu\\\/sk\\\/shop\\\/haciky\\\/fluo-vlas-hot-oranzovy\\\/\",\"name\":\"Fluo Hair - Hot Orange - DOHIKU\",\"isPartOf\":{\"@id\":\"https:\\\/\\\/dohiku.eu\\\/sk\\\/#website\"},\"primaryImageOfPage\":{\"@id\":\"https:\\\/\\\/dohiku.eu\\\/sk\\\/shop\\\/haciky\\\/fluo-vlas-hot-oranzovy\\\/#primaryimage\"},\"image\":{\"@id\":\"https:\\\/\\\/dohiku.eu\\\/sk\\\/shop\\\/haciky\\\/fluo-vlas-hot-oranzovy\\\/#primaryimage\"},\"thumbnailUrl\":\"https:\\\/\\\/dohiku.eu\\\/wp-content\\\/uploads\\\/2021\\\/06\\\/2423-Fluo-Hair-Hot-Orange.jpg\",\"datePublished\":\"2021-06-01T10:34:13+00:00\",\"dateModified\":\"2024-02-12T17:35:13+00:00\",\"breadcrumb\":{\"@id\":\"https:\\\/\\\/dohiku.eu\\\/sk\\\/shop\\\/haciky\\\/fluo-vlas-hot-oranzovy\\\/#breadcrumb\"},\"inLanguage\":\"sk-SK\",\"potentialAction\":[{\"@type\":\"ReadAction\",\"target\":[\"https:\\\/\\\/dohiku.eu\\\/sk\\\/shop\\\/haciky\\\/fluo-vlas-hot-oranzovy\\\/\"]}]},{\"@type\":\"ImageObject\",\"inLanguage\":\"sk-SK\",\"@id\":\"https:\\\/\\\/dohiku.eu\\\/sk\\\/shop\\\/haciky\\\/fluo-vlas-hot-oranzovy\\\/#primaryimage\",\"url\":\"https:\\\/\\\/dohiku.eu\\\/wp-content\\\/uploads\\\/2021\\\/06\\\/2423-Fluo-Hair-Hot-Orange.jpg\",\"contentUrl\":\"https:\\\/\\\/dohiku.eu\\\/wp-content\\\/uploads\\\/2021\\\/06\\\/2423-Fluo-Hair-Hot-Orange.jpg\",\"width\":800,\"height\":640},{\"@type\":\"BreadcrumbList\",\"@id\":\"https:\\\/\\\/dohiku.eu\\\/sk\\\/shop\\\/haciky\\\/fluo-vlas-hot-oranzovy\\\/#breadcrumb\",\"itemListElement\":[{\"@type\":\"ListItem\",\"position\":1,\"name\":\"Home\",\"item\":\"https:\\\/\\\/dohiku.eu\\\/sk\\\/\"},{\"@type\":\"ListItem\",\"position\":2,\"name\":\"PRODUCTS\",\"item\":\"https:\\\/\\\/dohiku.eu\\\/sk\\\/products\\\/\"},{\"@type\":\"ListItem\",\"position\":3,\"name\":\"Fluo Hair &#8211; Hot Orange\"}]},{\"@type\":\"WebSite\",\"@id\":\"https:\\\/\\\/dohiku.eu\\\/sk\\\/#website\",\"url\":\"https:\\\/\\\/dohiku.eu\\\/sk\\\/\",\"name\":\"DOHIKU\",\"description\":\"H\u00e1\u010diky DOHIKU s\u00fa vyroben\u00e9 z vysoko uhl\u00edkovej ocele, ktor\u00e1 je kalen\u00e1 a pop\u00fa\u0161\u0165an\u00e1 pod\u013ea presn\u00e9ho receptu.\",\"publisher\":{\"@id\":\"https:\\\/\\\/dohiku.eu\\\/sk\\\/#organization\"},\"potentialAction\":[{\"@type\":\"SearchAction\",\"target\":{\"@type\":\"EntryPoint\",\"urlTemplate\":\"https:\\\/\\\/dohiku.eu\\\/sk\\\/?s={search_term_string}\"},\"query-input\":{\"@type\":\"PropertyValueSpecification\",\"valueRequired\":true,\"valueName\":\"search_term_string\"}}],\"inLanguage\":\"sk-SK\"},{\"@type\":\"Organization\",\"@id\":\"https:\\\/\\\/dohiku.eu\\\/sk\\\/#organization\",\"name\":\"DOHIKU s.r.o.\",\"url\":\"https:\\\/\\\/dohiku.eu\\\/sk\\\/\",\"logo\":{\"@type\":\"ImageObject\",\"inLanguage\":\"sk-SK\",\"@id\":\"https:\\\/\\\/dohiku.eu\\\/sk\\\/#\\\/schema\\\/logo\\\/image\\\/\",\"url\":\"https:\\\/\\\/dohiku.eu\\\/wp-content\\\/uploads\\\/2024\\\/01\\\/cropped-dohiku.png\",\"contentUrl\":\"https:\\\/\\\/dohiku.eu\\\/wp-content\\\/uploads\\\/2024\\\/01\\\/cropped-dohiku.png\",\"width\":137,\"height\":87,\"caption\":\"DOHIKU s.r.o.\"},\"image\":{\"@id\":\"https:\\\/\\\/dohiku.eu\\\/sk\\\/#\\\/schema\\\/logo\\\/image\\\/\"}}]}<\/script>\n<!-- \/ Yoast SEO plugin. -->","yoast_head_json":{"title":"Fluo Hair - Hot Orange - DOHIKU","robots":{"index":"index","follow":"follow","max-snippet":"max-snippet:-1","max-image-preview":"max-image-preview:large","max-video-preview":"max-video-preview:-1"},"canonical":"https:\/\/dohiku.eu\/sk\/shop\/haciky\/fluo-vlas-hot-oranzovy\/","og_locale":"sk_SK","og_type":"article","og_title":"Fluo Hair - Hot Orange - DOHIKU","og_description":"V\u00fdnimo\u010dn\u00e9 ch\u013apky vo ve\u013emi jasn\u00fdch, fluorescen\u010dn\u00fdch farb\u00e1ch reaguj\u00fa na UV zlo\u017eku sveteln\u00e9ho \u017eiarenia (aj pri slabom slne\u010dnom svetle sa v h\u013abke \"rozsvieti\"). Vlasy s\u00fa dlh\u00e9 a\u017e 50 mm.","og_url":"https:\/\/dohiku.eu\/sk\/shop\/haciky\/fluo-vlas-hot-oranzovy\/","og_site_name":"DOHIKU","article_modified_time":"2024-02-12T17:35:13+00:00","og_image":[{"width":800,"height":640,"url":"https:\/\/dohiku.eu\/wp-content\/uploads\/2021\/06\/2423-Fluo-Hair-Hot-Orange.jpg","type":"image\/jpeg"}],"twitter_card":"summary_large_image","schema":{"@context":"https:\/\/schema.org","@graph":[{"@type":"WebPage","@id":"https:\/\/dohiku.eu\/sk\/shop\/haciky\/fluo-vlas-hot-oranzovy\/","url":"https:\/\/dohiku.eu\/sk\/shop\/haciky\/fluo-vlas-hot-oranzovy\/","name":"Fluo Hair - Hot Orange - DOHIKU","isPartOf":{"@id":"https:\/\/dohiku.eu\/sk\/#website"},"primaryImageOfPage":{"@id":"https:\/\/dohiku.eu\/sk\/shop\/haciky\/fluo-vlas-hot-oranzovy\/#primaryimage"},"image":{"@id":"https:\/\/dohiku.eu\/sk\/shop\/haciky\/fluo-vlas-hot-oranzovy\/#primaryimage"},"thumbnailUrl":"https:\/\/dohiku.eu\/wp-content\/uploads\/2021\/06\/2423-Fluo-Hair-Hot-Orange.jpg","datePublished":"2021-06-01T10:34:13+00:00","dateModified":"2024-02-12T17:35:13+00:00","breadcrumb":{"@id":"https:\/\/dohiku.eu\/sk\/shop\/haciky\/fluo-vlas-hot-oranzovy\/#breadcrumb"},"inLanguage":"sk-SK","potentialAction":[{"@type":"ReadAction","target":["https:\/\/dohiku.eu\/sk\/shop\/haciky\/fluo-vlas-hot-oranzovy\/"]}]},{"@type":"ImageObject","inLanguage":"sk-SK","@id":"https:\/\/dohiku.eu\/sk\/shop\/haciky\/fluo-vlas-hot-oranzovy\/#primaryimage","url":"https:\/\/dohiku.eu\/wp-content\/uploads\/2021\/06\/2423-Fluo-Hair-Hot-Orange.jpg","contentUrl":"https:\/\/dohiku.eu\/wp-content\/uploads\/2021\/06\/2423-Fluo-Hair-Hot-Orange.jpg","width":800,"height":640},{"@type":"BreadcrumbList","@id":"https:\/\/dohiku.eu\/sk\/shop\/haciky\/fluo-vlas-hot-oranzovy\/#breadcrumb","itemListElement":[{"@type":"ListItem","position":1,"name":"Home","item":"https:\/\/dohiku.eu\/sk\/"},{"@type":"ListItem","position":2,"name":"PRODUCTS","item":"https:\/\/dohiku.eu\/sk\/products\/"},{"@type":"ListItem","position":3,"name":"Fluo Hair &#8211; Hot Orange"}]},{"@type":"WebSite","@id":"https:\/\/dohiku.eu\/sk\/#website","url":"https:\/\/dohiku.eu\/sk\/","name":"DOHIKU","description":"H\u00e1\u010diky DOHIKU s\u00fa vyroben\u00e9 z vysoko uhl\u00edkovej ocele, ktor\u00e1 je kalen\u00e1 a pop\u00fa\u0161\u0165an\u00e1 pod\u013ea presn\u00e9ho receptu.","publisher":{"@id":"https:\/\/dohiku.eu\/sk\/#organization"},"potentialAction":[{"@type":"SearchAction","target":{"@type":"EntryPoint","urlTemplate":"https:\/\/dohiku.eu\/sk\/?s={search_term_string}"},"query-input":{"@type":"PropertyValueSpecification","valueRequired":true,"valueName":"search_term_string"}}],"inLanguage":"sk-SK"},{"@type":"Organization","@id":"https:\/\/dohiku.eu\/sk\/#organization","name":"DOHIKU s.r.o.","url":"https:\/\/dohiku.eu\/sk\/","logo":{"@type":"ImageObject","inLanguage":"sk-SK","@id":"https:\/\/dohiku.eu\/sk\/#\/schema\/logo\/image\/","url":"https:\/\/dohiku.eu\/wp-content\/uploads\/2024\/01\/cropped-dohiku.png","contentUrl":"https:\/\/dohiku.eu\/wp-content\/uploads\/2024\/01\/cropped-dohiku.png","width":137,"height":87,"caption":"DOHIKU s.r.o."},"image":{"@id":"https:\/\/dohiku.eu\/sk\/#\/schema\/logo\/image\/"}}]}},"_links":{"self":[{"href":"https:\/\/dohiku.eu\/sk\/wp-json\/wp\/v2\/product\/7046","targetHints":{"allow":["GET"]}}],"collection":[{"href":"https:\/\/dohiku.eu\/sk\/wp-json\/wp\/v2\/product"}],"about":[{"href":"https:\/\/dohiku.eu\/sk\/wp-json\/wp\/v2\/types\/product"}],"replies":[{"embeddable":true,"href":"https:\/\/dohiku.eu\/sk\/wp-json\/wp\/v2\/comments?post=7046"}],"wp:featuredmedia":[{"embeddable":true,"href":"https:\/\/dohiku.eu\/sk\/wp-json\/wp\/v2\/media\/6602"}],"wp:attachment":[{"href":"https:\/\/dohiku.eu\/sk\/wp-json\/wp\/v2\/media?parent=7046"}],"wp:term":[{"taxonomy":"product_brand","embeddable":true,"href":"https:\/\/dohiku.eu\/sk\/wp-json\/wp\/v2\/product_brand?post=7046"},{"taxonomy":"product_cat","embeddable":true,"href":"https:\/\/dohiku.eu\/sk\/wp-json\/wp\/v2\/product_cat?post=7046"},{"taxonomy":"product_tag","embeddable":true,"href":"https:\/\/dohiku.eu\/sk\/wp-json\/wp\/v2\/product_tag?post=7046"}],"curies":[{"name":"wp","href":"https:\/\/api.w.org\/{rel}","templated":true}]}}