{"id":7035,"date":"2021-06-10T11:07:08","date_gmt":"2021-06-10T11:07:08","guid":{"rendered":"https:\/\/dohiku.eu\/shop\/nezaraden\u00e9\/brusenie-hakov\/"},"modified":"2025-04-11T09:41:55","modified_gmt":"2025-04-11T09:41:55","slug":"bruska-na-haciky-2","status":"publish","type":"product","link":"https:\/\/dohiku.eu\/sk\/shop\/haciky\/bruska-na-haciky-2\/","title":{"rendered":"Br\u00fasenie h\u00e1kov"},"content":{"rendered":"<div id=\"product-description-short-709\" class=\"rte-content\" style=\"color:#777777;font-family:'Open Sans', sans-serif;font-size:15px;\">\n<p style=\"margin-top:0px;margin-bottom:0px;\"><span>Absolutne nevyhnutn\u00e1 pom\u00f4cka pre mu\u0161k\u00e1ra. Br\u00faska je vhodn\u00e1 na trval\u00e9 udr\u017eiavanie ostr\u00fdch hrotov h\u00e1\u010dikov. Br\u00fasku pou\u017e\u00edvajte \u00a0tam, kde je kamenist\u00e9 dno rieky. Pri love pstruhov doch\u00e1dza \u010dasto k zatupeniu h\u00e1\u010dika. Sta\u010d\u00ed preto prebr\u00fasi\u0165 h\u00e1\u010dik a efekt lovu sa ur\u010dite zv\u00fd\u0161i.<\/span><\/p>\n<\/div>\n<div class=\"product-actions\" style=\"color:#777777;font-family:'Open Sans', sans-serif;font-size:15px;\">\n<form action=\"https:\/\/www.flydk.sk\/kosik\" method=\"post\" id=\"add-to-cart-or-refresh\">\n<div class=\"product-variants\"><\/div>\n<div class=\"product-add-to-cart pt-3\" style=\"padding-top:1rem;\">\n<div class=\"row extra-small-gutters product-quantity\" style=\"margin-right:-.3rem;margin-left:-.3rem;\">\n<div class=\"col col-12 col-sm-auto\" style=\"width:auto;padding-right:.3rem;padding-left:.3rem;max-width:100%;margin-bottom:.8rem;\">\n<div class=\"qty\" style=\"width:80px;height:52px;\">\n<div class=\"input-group bootstrap-touchspin\" style=\"width:80px;height:52px;\"><\/div>\n<\/div>\n<\/div>\n<\/div>\n<\/div>\n<\/form>\n<\/div>\n","protected":false},"excerpt":{"rendered":"<p><span style=\"color:rgb(119,119,119);font-family:Karla, sans-serif;font-size:15px;\">Ostri\u010d h\u00e1\u010dikov. V\u010faka mal\u00fdm rozmerom ho m\u00f4\u017eete pripn\u00fa\u0165 na vestu a ma\u0165 ho v\u017edy po ruke.<\/span><\/p>\n","protected":false},"featured_media":6610,"comment_status":"closed","ping_status":"closed","template":"","meta":[],"product_brand":[],"product_cat":[511,535],"product_tag":[],"class_list":{"0":"post-7035","1":"product","2":"type-product","3":"status-publish","4":"has-post-thumbnail","6":"product_cat-haciky","7":"product_cat-prislusenstvo","9":"first","10":"instock","11":"taxable","12":"shipping-taxable","13":"purchasable","14":"product-type-simple"},"yoast_head":"<!-- This site is optimized with the Yoast SEO plugin v27.4 - https:\/\/yoast.com\/product\/yoast-seo-wordpress\/ -->\n<title>Br\u00fasenie h\u00e1kov - DOHIKU<\/title>\n<meta name=\"robots\" content=\"index, follow, max-snippet:-1, max-image-preview:large, max-video-preview:-1\" \/>\n<link rel=\"canonical\" href=\"https:\/\/dohiku.eu\/sk\/shop\/haciky\/bruska-na-haciky-2\/\" \/>\n<meta property=\"og:locale\" content=\"sk_SK\" \/>\n<meta property=\"og:type\" content=\"article\" \/>\n<meta property=\"og:title\" content=\"Br\u00fasenie h\u00e1kov - DOHIKU\" \/>\n<meta property=\"og:description\" content=\"Ostri\u010d h\u00e1\u010dikov. V\u010faka mal\u00fdm rozmerom ho m\u00f4\u017eete pripn\u00fa\u0165 na vestu a ma\u0165 ho v\u017edy po ruke.\" \/>\n<meta property=\"og:url\" content=\"https:\/\/dohiku.eu\/sk\/shop\/haciky\/bruska-na-haciky-2\/\" \/>\n<meta property=\"og:site_name\" content=\"DOHIKU\" \/>\n<meta property=\"article:modified_time\" content=\"2025-04-11T09:41:55+00:00\" \/>\n<meta property=\"og:image\" content=\"https:\/\/dohiku.eu\/wp-content\/uploads\/2021\/06\/2467-Hook-hone-scaled.jpg\" \/>\n\t<meta property=\"og:image:width\" content=\"800\" \/>\n\t<meta property=\"og:image:height\" content=\"370\" \/>\n\t<meta property=\"og:image:type\" content=\"image\/jpeg\" \/>\n<meta name=\"twitter:card\" content=\"summary_large_image\" \/>\n<script type=\"application\/ld+json\" class=\"yoast-schema-graph\">{\"@context\":\"https:\\\/\\\/schema.org\",\"@graph\":[{\"@type\":\"WebPage\",\"@id\":\"https:\\\/\\\/dohiku.eu\\\/sk\\\/shop\\\/haciky\\\/bruska-na-haciky-2\\\/\",\"url\":\"https:\\\/\\\/dohiku.eu\\\/sk\\\/shop\\\/haciky\\\/bruska-na-haciky-2\\\/\",\"name\":\"Br\u00fasenie h\u00e1kov - DOHIKU\",\"isPartOf\":{\"@id\":\"https:\\\/\\\/dohiku.eu\\\/sk\\\/#website\"},\"primaryImageOfPage\":{\"@id\":\"https:\\\/\\\/dohiku.eu\\\/sk\\\/shop\\\/haciky\\\/bruska-na-haciky-2\\\/#primaryimage\"},\"image\":{\"@id\":\"https:\\\/\\\/dohiku.eu\\\/sk\\\/shop\\\/haciky\\\/bruska-na-haciky-2\\\/#primaryimage\"},\"thumbnailUrl\":\"https:\\\/\\\/dohiku.eu\\\/wp-content\\\/uploads\\\/2021\\\/06\\\/2467-Hook-hone-scaled.jpg\",\"datePublished\":\"2021-06-10T11:07:08+00:00\",\"dateModified\":\"2025-04-11T09:41:55+00:00\",\"breadcrumb\":{\"@id\":\"https:\\\/\\\/dohiku.eu\\\/sk\\\/shop\\\/haciky\\\/bruska-na-haciky-2\\\/#breadcrumb\"},\"inLanguage\":\"sk-SK\",\"potentialAction\":[{\"@type\":\"ReadAction\",\"target\":[\"https:\\\/\\\/dohiku.eu\\\/sk\\\/shop\\\/haciky\\\/bruska-na-haciky-2\\\/\"]}]},{\"@type\":\"ImageObject\",\"inLanguage\":\"sk-SK\",\"@id\":\"https:\\\/\\\/dohiku.eu\\\/sk\\\/shop\\\/haciky\\\/bruska-na-haciky-2\\\/#primaryimage\",\"url\":\"https:\\\/\\\/dohiku.eu\\\/wp-content\\\/uploads\\\/2021\\\/06\\\/2467-Hook-hone-scaled.jpg\",\"contentUrl\":\"https:\\\/\\\/dohiku.eu\\\/wp-content\\\/uploads\\\/2021\\\/06\\\/2467-Hook-hone-scaled.jpg\",\"width\":800,\"height\":370},{\"@type\":\"BreadcrumbList\",\"@id\":\"https:\\\/\\\/dohiku.eu\\\/sk\\\/shop\\\/haciky\\\/bruska-na-haciky-2\\\/#breadcrumb\",\"itemListElement\":[{\"@type\":\"ListItem\",\"position\":1,\"name\":\"Home\",\"item\":\"https:\\\/\\\/dohiku.eu\\\/sk\\\/\"},{\"@type\":\"ListItem\",\"position\":2,\"name\":\"PRODUCTS\",\"item\":\"https:\\\/\\\/dohiku.eu\\\/sk\\\/products\\\/\"},{\"@type\":\"ListItem\",\"position\":3,\"name\":\"Br\u00fasenie h\u00e1kov\"}]},{\"@type\":\"WebSite\",\"@id\":\"https:\\\/\\\/dohiku.eu\\\/sk\\\/#website\",\"url\":\"https:\\\/\\\/dohiku.eu\\\/sk\\\/\",\"name\":\"DOHIKU\",\"description\":\"H\u00e1\u010diky DOHIKU s\u00fa vyroben\u00e9 z vysoko uhl\u00edkovej ocele, ktor\u00e1 je kalen\u00e1 a pop\u00fa\u0161\u0165an\u00e1 pod\u013ea presn\u00e9ho receptu.\",\"publisher\":{\"@id\":\"https:\\\/\\\/dohiku.eu\\\/sk\\\/#organization\"},\"potentialAction\":[{\"@type\":\"SearchAction\",\"target\":{\"@type\":\"EntryPoint\",\"urlTemplate\":\"https:\\\/\\\/dohiku.eu\\\/sk\\\/?s={search_term_string}\"},\"query-input\":{\"@type\":\"PropertyValueSpecification\",\"valueRequired\":true,\"valueName\":\"search_term_string\"}}],\"inLanguage\":\"sk-SK\"},{\"@type\":\"Organization\",\"@id\":\"https:\\\/\\\/dohiku.eu\\\/sk\\\/#organization\",\"name\":\"DOHIKU s.r.o.\",\"url\":\"https:\\\/\\\/dohiku.eu\\\/sk\\\/\",\"logo\":{\"@type\":\"ImageObject\",\"inLanguage\":\"sk-SK\",\"@id\":\"https:\\\/\\\/dohiku.eu\\\/sk\\\/#\\\/schema\\\/logo\\\/image\\\/\",\"url\":\"https:\\\/\\\/dohiku.eu\\\/wp-content\\\/uploads\\\/2024\\\/01\\\/cropped-dohiku.png\",\"contentUrl\":\"https:\\\/\\\/dohiku.eu\\\/wp-content\\\/uploads\\\/2024\\\/01\\\/cropped-dohiku.png\",\"width\":137,\"height\":87,\"caption\":\"DOHIKU s.r.o.\"},\"image\":{\"@id\":\"https:\\\/\\\/dohiku.eu\\\/sk\\\/#\\\/schema\\\/logo\\\/image\\\/\"}}]}<\/script>\n<!-- \/ Yoast SEO plugin. -->","yoast_head_json":{"title":"Br\u00fasenie h\u00e1kov - DOHIKU","robots":{"index":"index","follow":"follow","max-snippet":"max-snippet:-1","max-image-preview":"max-image-preview:large","max-video-preview":"max-video-preview:-1"},"canonical":"https:\/\/dohiku.eu\/sk\/shop\/haciky\/bruska-na-haciky-2\/","og_locale":"sk_SK","og_type":"article","og_title":"Br\u00fasenie h\u00e1kov - DOHIKU","og_description":"Ostri\u010d h\u00e1\u010dikov. V\u010faka mal\u00fdm rozmerom ho m\u00f4\u017eete pripn\u00fa\u0165 na vestu a ma\u0165 ho v\u017edy po ruke.","og_url":"https:\/\/dohiku.eu\/sk\/shop\/haciky\/bruska-na-haciky-2\/","og_site_name":"DOHIKU","article_modified_time":"2025-04-11T09:41:55+00:00","og_image":[{"width":800,"height":370,"url":"https:\/\/dohiku.eu\/wp-content\/uploads\/2021\/06\/2467-Hook-hone-scaled.jpg","type":"image\/jpeg"}],"twitter_card":"summary_large_image","schema":{"@context":"https:\/\/schema.org","@graph":[{"@type":"WebPage","@id":"https:\/\/dohiku.eu\/sk\/shop\/haciky\/bruska-na-haciky-2\/","url":"https:\/\/dohiku.eu\/sk\/shop\/haciky\/bruska-na-haciky-2\/","name":"Br\u00fasenie h\u00e1kov - DOHIKU","isPartOf":{"@id":"https:\/\/dohiku.eu\/sk\/#website"},"primaryImageOfPage":{"@id":"https:\/\/dohiku.eu\/sk\/shop\/haciky\/bruska-na-haciky-2\/#primaryimage"},"image":{"@id":"https:\/\/dohiku.eu\/sk\/shop\/haciky\/bruska-na-haciky-2\/#primaryimage"},"thumbnailUrl":"https:\/\/dohiku.eu\/wp-content\/uploads\/2021\/06\/2467-Hook-hone-scaled.jpg","datePublished":"2021-06-10T11:07:08+00:00","dateModified":"2025-04-11T09:41:55+00:00","breadcrumb":{"@id":"https:\/\/dohiku.eu\/sk\/shop\/haciky\/bruska-na-haciky-2\/#breadcrumb"},"inLanguage":"sk-SK","potentialAction":[{"@type":"ReadAction","target":["https:\/\/dohiku.eu\/sk\/shop\/haciky\/bruska-na-haciky-2\/"]}]},{"@type":"ImageObject","inLanguage":"sk-SK","@id":"https:\/\/dohiku.eu\/sk\/shop\/haciky\/bruska-na-haciky-2\/#primaryimage","url":"https:\/\/dohiku.eu\/wp-content\/uploads\/2021\/06\/2467-Hook-hone-scaled.jpg","contentUrl":"https:\/\/dohiku.eu\/wp-content\/uploads\/2021\/06\/2467-Hook-hone-scaled.jpg","width":800,"height":370},{"@type":"BreadcrumbList","@id":"https:\/\/dohiku.eu\/sk\/shop\/haciky\/bruska-na-haciky-2\/#breadcrumb","itemListElement":[{"@type":"ListItem","position":1,"name":"Home","item":"https:\/\/dohiku.eu\/sk\/"},{"@type":"ListItem","position":2,"name":"PRODUCTS","item":"https:\/\/dohiku.eu\/sk\/products\/"},{"@type":"ListItem","position":3,"name":"Br\u00fasenie h\u00e1kov"}]},{"@type":"WebSite","@id":"https:\/\/dohiku.eu\/sk\/#website","url":"https:\/\/dohiku.eu\/sk\/","name":"DOHIKU","description":"H\u00e1\u010diky DOHIKU s\u00fa vyroben\u00e9 z vysoko uhl\u00edkovej ocele, ktor\u00e1 je kalen\u00e1 a pop\u00fa\u0161\u0165an\u00e1 pod\u013ea presn\u00e9ho receptu.","publisher":{"@id":"https:\/\/dohiku.eu\/sk\/#organization"},"potentialAction":[{"@type":"SearchAction","target":{"@type":"EntryPoint","urlTemplate":"https:\/\/dohiku.eu\/sk\/?s={search_term_string}"},"query-input":{"@type":"PropertyValueSpecification","valueRequired":true,"valueName":"search_term_string"}}],"inLanguage":"sk-SK"},{"@type":"Organization","@id":"https:\/\/dohiku.eu\/sk\/#organization","name":"DOHIKU s.r.o.","url":"https:\/\/dohiku.eu\/sk\/","logo":{"@type":"ImageObject","inLanguage":"sk-SK","@id":"https:\/\/dohiku.eu\/sk\/#\/schema\/logo\/image\/","url":"https:\/\/dohiku.eu\/wp-content\/uploads\/2024\/01\/cropped-dohiku.png","contentUrl":"https:\/\/dohiku.eu\/wp-content\/uploads\/2024\/01\/cropped-dohiku.png","width":137,"height":87,"caption":"DOHIKU s.r.o."},"image":{"@id":"https:\/\/dohiku.eu\/sk\/#\/schema\/logo\/image\/"}}]}},"_links":{"self":[{"href":"https:\/\/dohiku.eu\/sk\/wp-json\/wp\/v2\/product\/7035","targetHints":{"allow":["GET"]}}],"collection":[{"href":"https:\/\/dohiku.eu\/sk\/wp-json\/wp\/v2\/product"}],"about":[{"href":"https:\/\/dohiku.eu\/sk\/wp-json\/wp\/v2\/types\/product"}],"replies":[{"embeddable":true,"href":"https:\/\/dohiku.eu\/sk\/wp-json\/wp\/v2\/comments?post=7035"}],"wp:featuredmedia":[{"embeddable":true,"href":"https:\/\/dohiku.eu\/sk\/wp-json\/wp\/v2\/media\/6610"}],"wp:attachment":[{"href":"https:\/\/dohiku.eu\/sk\/wp-json\/wp\/v2\/media?parent=7035"}],"wp:term":[{"taxonomy":"product_brand","embeddable":true,"href":"https:\/\/dohiku.eu\/sk\/wp-json\/wp\/v2\/product_brand?post=7035"},{"taxonomy":"product_cat","embeddable":true,"href":"https:\/\/dohiku.eu\/sk\/wp-json\/wp\/v2\/product_cat?post=7035"},{"taxonomy":"product_tag","embeddable":true,"href":"https:\/\/dohiku.eu\/sk\/wp-json\/wp\/v2\/product_tag?post=7035"}],"curies":[{"name":"wp","href":"https:\/\/api.w.org\/{rel}","templated":true}]}}