{"id":7033,"date":"2021-07-27T10:50:03","date_gmt":"2021-07-27T10:50:03","guid":{"rendered":"https:\/\/dohiku.eu\/shop\/nezaraden\u00e9\/dubbing-kapok-stredne-olivovy-dka-02\/"},"modified":"2024-02-12T17:30:07","modified_gmt":"2024-02-12T17:30:07","slug":"kapok-dubbing-medium-olive-dka-02","status":"publish","type":"product","link":"https:\/\/dohiku.eu\/sk\/shop\/viazacie-materialy\/dubbing-sk\/kapok-dubbing\/kapok-dubbing-medium-olive-dka-02\/","title":{"rendered":"Dubbing kapok &#8211; stredne olivov\u00fd, DKA 02"},"content":{"rendered":"<p><span style=\"color:#777777;font-family:'Open Sans', sans-serif;font-size:15px;\">Kapok\u00a0Dabing pova\u017eujeme za najlep\u0161\u00ed dabing pre such\u00e9 mu\u0161ky. Pre t\u00fdch, ktor\u00ed nevedia, kapok poch\u00e1dza z \u00c1zie a tento materi\u00e1l je ve\u013emi podobn\u00fd bavlne. Vl\u00e1kna s\u00fa ve\u013emi jemn\u00e9 a daj\u00fa sa ve\u013emi \u013eahko dubbova\u0165 na viazacej nite. \u0160peci\u00e1lna \u0161trukt\u00fara t\u00fdchto vl\u00e1kien je navy\u0161e jedine\u010dn\u00e1 a nezadr\u017eiavaj\u00fa vodu. Z tohto d\u00f4vodu sa kapok mnoho rokov pou\u017e\u00edval na z\u00e1chrann\u00e9 vesty!<\/span><\/p>\n","protected":false},"excerpt":{"rendered":"<div id=\"product-description-short-1596\" class=\"rte-content\" style=\"color:#777777;font-family:Karla, sans-serif;font-size:15px;\">\n<p style=\"margin-top:0px;margin-bottom:0px;\">Kapok Dubbing: Pova\u017eujeme ich za jeden z najlep\u0161\u00edch dubbingov\u00fdch materi\u00e1lov pre such\u00e9 mu\u0161ky. Kapok je ve\u013emi podobn\u00fd bavlne, ale je ove\u013ea \u013eah\u0161\u00ed ako bavlna. Kapok m\u00e1 vl\u00e1kna, ktor\u00e9 s\u00fa ve\u013emi jemn\u00e9, r\u00fdchloschn\u00face, \u013eahk\u00e9 a ve\u013emi \u013eahko sa dabluj\u00fa na viazaciu ni\u0165. Navy\u0161e \u0161peci\u00e1lna \u0161trukt\u00fara t\u00fdchto vl\u00e1kien je jedine\u010dn\u00e1 a nezadr\u017eiava vodu.<\/p>\n<\/p><\/div>\n<div class=\"product-actions\" style=\"color:#777777;font-family:Karla, sans-serif;font-size:15px;\">\n<form action=\"https:\/\/www.dohiku.eu\/cart\" method=\"post\" id=\"add-to-cart-or-refresh\">\n<div class=\"product-variants\"><\/div>\n<div class=\"product-add-to-cart pt-3\" style=\"padding-top:1rem;\">\n<div class=\"row extra-small-gutters product-quantity\" style=\"margin-right:-.3rem;margin-left:-.3rem;\">\n<div class=\"col col-12 col-sm-auto\" style=\"width:auto;padding-right:.3rem;padding-left:.3rem;max-width:100%;margin-bottom:.8rem;\">\n<div class=\"qty\" style=\"width:80px;height:52px;\">\n<div class=\"input-group bootstrap-touchspin\" style=\"width:80px;height:52px;\"><\/div>\n<\/p><\/div>\n<\/p><\/div>\n<\/p><\/div>\n<\/p><\/div>\n<\/p><\/form>\n<\/div>\n","protected":false},"featured_media":6623,"comment_status":"closed","ping_status":"closed","template":"","meta":[],"product_brand":[],"product_cat":[526,511,570],"product_tag":[],"class_list":{"0":"post-7033","1":"product","2":"type-product","3":"status-publish","4":"has-post-thumbnail","6":"product_cat-dubbing-sk","7":"product_cat-haciky","8":"product_cat-kapok-dubbing","10":"first","11":"instock","12":"taxable","13":"shipping-taxable","14":"purchasable","15":"product-type-simple"},"yoast_head":"<!-- This site is optimized with the Yoast SEO plugin v27.4 - https:\/\/yoast.com\/product\/yoast-seo-wordpress\/ -->\n<title>Dubbing kapok - stredne olivov\u00fd, DKA 02 - DOHIKU<\/title>\n<meta name=\"robots\" content=\"index, follow, max-snippet:-1, max-image-preview:large, max-video-preview:-1\" \/>\n<link rel=\"canonical\" href=\"https:\/\/dohiku.eu\/sk\/shop\/viazacie-materialy\/dubbing-sk\/kapok-dubbing\/kapok-dubbing-medium-olive-dka-02\/\" \/>\n<meta property=\"og:locale\" content=\"sk_SK\" \/>\n<meta property=\"og:type\" content=\"article\" \/>\n<meta property=\"og:title\" content=\"Dubbing kapok - stredne olivov\u00fd, DKA 02 - DOHIKU\" \/>\n<meta property=\"og:description\" content=\"Kapok Dubbing: Pova\u017eujeme ich za jeden z najlep\u0161\u00edch dubbingov\u00fdch materi\u00e1lov pre such\u00e9 mu\u0161ky. Kapok je ve\u013emi podobn\u00fd bavlne, ale je ove\u013ea \u013eah\u0161\u00ed ako bavlna. Kapok m\u00e1 vl\u00e1kna, ktor\u00e9 s\u00fa ve\u013emi jemn\u00e9, r\u00fdchloschn\u00face, \u013eahk\u00e9 a ve\u013emi \u013eahko sa dabluj\u00fa na viazaciu ni\u0165. Navy\u0161e \u0161peci\u00e1lna \u0161trukt\u00fara t\u00fdchto vl\u00e1kien je jedine\u010dn\u00e1 a nezadr\u017eiava vodu.\" \/>\n<meta property=\"og:url\" content=\"https:\/\/dohiku.eu\/sk\/shop\/viazacie-materialy\/dubbing-sk\/kapok-dubbing\/kapok-dubbing-medium-olive-dka-02\/\" \/>\n<meta property=\"og:site_name\" content=\"DOHIKU\" \/>\n<meta property=\"article:modified_time\" content=\"2024-02-12T17:30:07+00:00\" \/>\n<meta property=\"og:image\" content=\"https:\/\/dohiku.eu\/wp-content\/uploads\/2021\/07\/2492-Kapok-Dubbing-Medium-Olive-DKA-02.jpg\" \/>\n\t<meta property=\"og:image:width\" content=\"600\" \/>\n\t<meta property=\"og:image:height\" content=\"400\" \/>\n\t<meta property=\"og:image:type\" content=\"image\/jpeg\" \/>\n<meta name=\"twitter:card\" content=\"summary_large_image\" \/>\n<script type=\"application\/ld+json\" class=\"yoast-schema-graph\">{\"@context\":\"https:\\\/\\\/schema.org\",\"@graph\":[{\"@type\":\"WebPage\",\"@id\":\"https:\\\/\\\/dohiku.eu\\\/sk\\\/shop\\\/viazacie-materialy\\\/dubbing-sk\\\/kapok-dubbing\\\/kapok-dubbing-medium-olive-dka-02\\\/\",\"url\":\"https:\\\/\\\/dohiku.eu\\\/sk\\\/shop\\\/viazacie-materialy\\\/dubbing-sk\\\/kapok-dubbing\\\/kapok-dubbing-medium-olive-dka-02\\\/\",\"name\":\"Dubbing kapok - stredne olivov\u00fd, DKA 02 - DOHIKU\",\"isPartOf\":{\"@id\":\"https:\\\/\\\/dohiku.eu\\\/sk\\\/#website\"},\"primaryImageOfPage\":{\"@id\":\"https:\\\/\\\/dohiku.eu\\\/sk\\\/shop\\\/viazacie-materialy\\\/dubbing-sk\\\/kapok-dubbing\\\/kapok-dubbing-medium-olive-dka-02\\\/#primaryimage\"},\"image\":{\"@id\":\"https:\\\/\\\/dohiku.eu\\\/sk\\\/shop\\\/viazacie-materialy\\\/dubbing-sk\\\/kapok-dubbing\\\/kapok-dubbing-medium-olive-dka-02\\\/#primaryimage\"},\"thumbnailUrl\":\"https:\\\/\\\/dohiku.eu\\\/wp-content\\\/uploads\\\/2021\\\/07\\\/2492-Kapok-Dubbing-Medium-Olive-DKA-02.jpg\",\"datePublished\":\"2021-07-27T10:50:03+00:00\",\"dateModified\":\"2024-02-12T17:30:07+00:00\",\"breadcrumb\":{\"@id\":\"https:\\\/\\\/dohiku.eu\\\/sk\\\/shop\\\/viazacie-materialy\\\/dubbing-sk\\\/kapok-dubbing\\\/kapok-dubbing-medium-olive-dka-02\\\/#breadcrumb\"},\"inLanguage\":\"sk-SK\",\"potentialAction\":[{\"@type\":\"ReadAction\",\"target\":[\"https:\\\/\\\/dohiku.eu\\\/sk\\\/shop\\\/viazacie-materialy\\\/dubbing-sk\\\/kapok-dubbing\\\/kapok-dubbing-medium-olive-dka-02\\\/\"]}]},{\"@type\":\"ImageObject\",\"inLanguage\":\"sk-SK\",\"@id\":\"https:\\\/\\\/dohiku.eu\\\/sk\\\/shop\\\/viazacie-materialy\\\/dubbing-sk\\\/kapok-dubbing\\\/kapok-dubbing-medium-olive-dka-02\\\/#primaryimage\",\"url\":\"https:\\\/\\\/dohiku.eu\\\/wp-content\\\/uploads\\\/2021\\\/07\\\/2492-Kapok-Dubbing-Medium-Olive-DKA-02.jpg\",\"contentUrl\":\"https:\\\/\\\/dohiku.eu\\\/wp-content\\\/uploads\\\/2021\\\/07\\\/2492-Kapok-Dubbing-Medium-Olive-DKA-02.jpg\",\"width\":600,\"height\":400},{\"@type\":\"BreadcrumbList\",\"@id\":\"https:\\\/\\\/dohiku.eu\\\/sk\\\/shop\\\/viazacie-materialy\\\/dubbing-sk\\\/kapok-dubbing\\\/kapok-dubbing-medium-olive-dka-02\\\/#breadcrumb\",\"itemListElement\":[{\"@type\":\"ListItem\",\"position\":1,\"name\":\"Home\",\"item\":\"https:\\\/\\\/dohiku.eu\\\/sk\\\/\"},{\"@type\":\"ListItem\",\"position\":2,\"name\":\"PRODUCTS\",\"item\":\"https:\\\/\\\/dohiku.eu\\\/sk\\\/products\\\/\"},{\"@type\":\"ListItem\",\"position\":3,\"name\":\"Dubbing kapok &#8211; stredne olivov\u00fd, DKA 02\"}]},{\"@type\":\"WebSite\",\"@id\":\"https:\\\/\\\/dohiku.eu\\\/sk\\\/#website\",\"url\":\"https:\\\/\\\/dohiku.eu\\\/sk\\\/\",\"name\":\"DOHIKU\",\"description\":\"H\u00e1\u010diky DOHIKU s\u00fa vyroben\u00e9 z vysoko uhl\u00edkovej ocele, ktor\u00e1 je kalen\u00e1 a pop\u00fa\u0161\u0165an\u00e1 pod\u013ea presn\u00e9ho receptu.\",\"publisher\":{\"@id\":\"https:\\\/\\\/dohiku.eu\\\/sk\\\/#organization\"},\"potentialAction\":[{\"@type\":\"SearchAction\",\"target\":{\"@type\":\"EntryPoint\",\"urlTemplate\":\"https:\\\/\\\/dohiku.eu\\\/sk\\\/?s={search_term_string}\"},\"query-input\":{\"@type\":\"PropertyValueSpecification\",\"valueRequired\":true,\"valueName\":\"search_term_string\"}}],\"inLanguage\":\"sk-SK\"},{\"@type\":\"Organization\",\"@id\":\"https:\\\/\\\/dohiku.eu\\\/sk\\\/#organization\",\"name\":\"DOHIKU s.r.o.\",\"url\":\"https:\\\/\\\/dohiku.eu\\\/sk\\\/\",\"logo\":{\"@type\":\"ImageObject\",\"inLanguage\":\"sk-SK\",\"@id\":\"https:\\\/\\\/dohiku.eu\\\/sk\\\/#\\\/schema\\\/logo\\\/image\\\/\",\"url\":\"https:\\\/\\\/dohiku.eu\\\/wp-content\\\/uploads\\\/2024\\\/01\\\/cropped-dohiku.png\",\"contentUrl\":\"https:\\\/\\\/dohiku.eu\\\/wp-content\\\/uploads\\\/2024\\\/01\\\/cropped-dohiku.png\",\"width\":137,\"height\":87,\"caption\":\"DOHIKU s.r.o.\"},\"image\":{\"@id\":\"https:\\\/\\\/dohiku.eu\\\/sk\\\/#\\\/schema\\\/logo\\\/image\\\/\"}}]}<\/script>\n<!-- \/ Yoast SEO plugin. -->","yoast_head_json":{"title":"Dubbing kapok - stredne olivov\u00fd, DKA 02 - DOHIKU","robots":{"index":"index","follow":"follow","max-snippet":"max-snippet:-1","max-image-preview":"max-image-preview:large","max-video-preview":"max-video-preview:-1"},"canonical":"https:\/\/dohiku.eu\/sk\/shop\/viazacie-materialy\/dubbing-sk\/kapok-dubbing\/kapok-dubbing-medium-olive-dka-02\/","og_locale":"sk_SK","og_type":"article","og_title":"Dubbing kapok - stredne olivov\u00fd, DKA 02 - DOHIKU","og_description":"Kapok Dubbing: Pova\u017eujeme ich za jeden z najlep\u0161\u00edch dubbingov\u00fdch materi\u00e1lov pre such\u00e9 mu\u0161ky. Kapok je ve\u013emi podobn\u00fd bavlne, ale je ove\u013ea \u013eah\u0161\u00ed ako bavlna. Kapok m\u00e1 vl\u00e1kna, ktor\u00e9 s\u00fa ve\u013emi jemn\u00e9, r\u00fdchloschn\u00face, \u013eahk\u00e9 a ve\u013emi \u013eahko sa dabluj\u00fa na viazaciu ni\u0165. Navy\u0161e \u0161peci\u00e1lna \u0161trukt\u00fara t\u00fdchto vl\u00e1kien je jedine\u010dn\u00e1 a nezadr\u017eiava vodu.","og_url":"https:\/\/dohiku.eu\/sk\/shop\/viazacie-materialy\/dubbing-sk\/kapok-dubbing\/kapok-dubbing-medium-olive-dka-02\/","og_site_name":"DOHIKU","article_modified_time":"2024-02-12T17:30:07+00:00","og_image":[{"width":600,"height":400,"url":"https:\/\/dohiku.eu\/wp-content\/uploads\/2021\/07\/2492-Kapok-Dubbing-Medium-Olive-DKA-02.jpg","type":"image\/jpeg"}],"twitter_card":"summary_large_image","schema":{"@context":"https:\/\/schema.org","@graph":[{"@type":"WebPage","@id":"https:\/\/dohiku.eu\/sk\/shop\/viazacie-materialy\/dubbing-sk\/kapok-dubbing\/kapok-dubbing-medium-olive-dka-02\/","url":"https:\/\/dohiku.eu\/sk\/shop\/viazacie-materialy\/dubbing-sk\/kapok-dubbing\/kapok-dubbing-medium-olive-dka-02\/","name":"Dubbing kapok - stredne olivov\u00fd, DKA 02 - DOHIKU","isPartOf":{"@id":"https:\/\/dohiku.eu\/sk\/#website"},"primaryImageOfPage":{"@id":"https:\/\/dohiku.eu\/sk\/shop\/viazacie-materialy\/dubbing-sk\/kapok-dubbing\/kapok-dubbing-medium-olive-dka-02\/#primaryimage"},"image":{"@id":"https:\/\/dohiku.eu\/sk\/shop\/viazacie-materialy\/dubbing-sk\/kapok-dubbing\/kapok-dubbing-medium-olive-dka-02\/#primaryimage"},"thumbnailUrl":"https:\/\/dohiku.eu\/wp-content\/uploads\/2021\/07\/2492-Kapok-Dubbing-Medium-Olive-DKA-02.jpg","datePublished":"2021-07-27T10:50:03+00:00","dateModified":"2024-02-12T17:30:07+00:00","breadcrumb":{"@id":"https:\/\/dohiku.eu\/sk\/shop\/viazacie-materialy\/dubbing-sk\/kapok-dubbing\/kapok-dubbing-medium-olive-dka-02\/#breadcrumb"},"inLanguage":"sk-SK","potentialAction":[{"@type":"ReadAction","target":["https:\/\/dohiku.eu\/sk\/shop\/viazacie-materialy\/dubbing-sk\/kapok-dubbing\/kapok-dubbing-medium-olive-dka-02\/"]}]},{"@type":"ImageObject","inLanguage":"sk-SK","@id":"https:\/\/dohiku.eu\/sk\/shop\/viazacie-materialy\/dubbing-sk\/kapok-dubbing\/kapok-dubbing-medium-olive-dka-02\/#primaryimage","url":"https:\/\/dohiku.eu\/wp-content\/uploads\/2021\/07\/2492-Kapok-Dubbing-Medium-Olive-DKA-02.jpg","contentUrl":"https:\/\/dohiku.eu\/wp-content\/uploads\/2021\/07\/2492-Kapok-Dubbing-Medium-Olive-DKA-02.jpg","width":600,"height":400},{"@type":"BreadcrumbList","@id":"https:\/\/dohiku.eu\/sk\/shop\/viazacie-materialy\/dubbing-sk\/kapok-dubbing\/kapok-dubbing-medium-olive-dka-02\/#breadcrumb","itemListElement":[{"@type":"ListItem","position":1,"name":"Home","item":"https:\/\/dohiku.eu\/sk\/"},{"@type":"ListItem","position":2,"name":"PRODUCTS","item":"https:\/\/dohiku.eu\/sk\/products\/"},{"@type":"ListItem","position":3,"name":"Dubbing kapok &#8211; stredne olivov\u00fd, DKA 02"}]},{"@type":"WebSite","@id":"https:\/\/dohiku.eu\/sk\/#website","url":"https:\/\/dohiku.eu\/sk\/","name":"DOHIKU","description":"H\u00e1\u010diky DOHIKU s\u00fa vyroben\u00e9 z vysoko uhl\u00edkovej ocele, ktor\u00e1 je kalen\u00e1 a pop\u00fa\u0161\u0165an\u00e1 pod\u013ea presn\u00e9ho receptu.","publisher":{"@id":"https:\/\/dohiku.eu\/sk\/#organization"},"potentialAction":[{"@type":"SearchAction","target":{"@type":"EntryPoint","urlTemplate":"https:\/\/dohiku.eu\/sk\/?s={search_term_string}"},"query-input":{"@type":"PropertyValueSpecification","valueRequired":true,"valueName":"search_term_string"}}],"inLanguage":"sk-SK"},{"@type":"Organization","@id":"https:\/\/dohiku.eu\/sk\/#organization","name":"DOHIKU s.r.o.","url":"https:\/\/dohiku.eu\/sk\/","logo":{"@type":"ImageObject","inLanguage":"sk-SK","@id":"https:\/\/dohiku.eu\/sk\/#\/schema\/logo\/image\/","url":"https:\/\/dohiku.eu\/wp-content\/uploads\/2024\/01\/cropped-dohiku.png","contentUrl":"https:\/\/dohiku.eu\/wp-content\/uploads\/2024\/01\/cropped-dohiku.png","width":137,"height":87,"caption":"DOHIKU s.r.o."},"image":{"@id":"https:\/\/dohiku.eu\/sk\/#\/schema\/logo\/image\/"}}]}},"_links":{"self":[{"href":"https:\/\/dohiku.eu\/sk\/wp-json\/wp\/v2\/product\/7033","targetHints":{"allow":["GET"]}}],"collection":[{"href":"https:\/\/dohiku.eu\/sk\/wp-json\/wp\/v2\/product"}],"about":[{"href":"https:\/\/dohiku.eu\/sk\/wp-json\/wp\/v2\/types\/product"}],"replies":[{"embeddable":true,"href":"https:\/\/dohiku.eu\/sk\/wp-json\/wp\/v2\/comments?post=7033"}],"wp:featuredmedia":[{"embeddable":true,"href":"https:\/\/dohiku.eu\/sk\/wp-json\/wp\/v2\/media\/6623"}],"wp:attachment":[{"href":"https:\/\/dohiku.eu\/sk\/wp-json\/wp\/v2\/media?parent=7033"}],"wp:term":[{"taxonomy":"product_brand","embeddable":true,"href":"https:\/\/dohiku.eu\/sk\/wp-json\/wp\/v2\/product_brand?post=7033"},{"taxonomy":"product_cat","embeddable":true,"href":"https:\/\/dohiku.eu\/sk\/wp-json\/wp\/v2\/product_cat?post=7033"},{"taxonomy":"product_tag","embeddable":true,"href":"https:\/\/dohiku.eu\/sk\/wp-json\/wp\/v2\/product_tag?post=7033"}],"curies":[{"name":"wp","href":"https:\/\/api.w.org\/{rel}","templated":true}]}}