{"id":7012,"date":"2021-12-11T19:29:52","date_gmt":"2021-12-11T19:29:52","guid":{"rendered":"https:\/\/dohiku.eu\/shop\/nezaraden\u00e9\/fluorokarbon-grandmax-fx-0083-mm\/"},"modified":"2025-10-24T12:00:39","modified_gmt":"2025-10-24T12:00:39","slug":"fluorocarbon-grandmax-fx-0083mm","status":"publish","type":"product","link":"https:\/\/dohiku.eu\/sk\/shop\/nezaradene\/fluorocarbon-grandmax-fx-0083mm\/","title":{"rendered":"Fluorokarb\u00f3n Grandmax FX &#8211; 0,083 mm"},"content":{"rendered":"<p style=\"margin-top:0px;margin-bottom:.8rem;color:#777777;font-family:'Open Sans', sans-serif;font-size:15px;\"><span>1. medzi Fluorocarbonom.<\/span><\/p>\n<p style=\"margin-top:0px;margin-bottom:.8rem;color:#777777;font-family:'Open Sans', sans-serif;font-size:15px;\">GM FX\u00a0 je origin\u00e1lny vysoko v\u00fdkonn\u00fd fluoro karb\u00f3nov\u00fd silon.<\/p>\n<p style=\"margin-top:0px;margin-bottom:0px;color:#777777;font-family:'Open Sans', sans-serif;font-size:15px;\"><span>Grand Max je jedn\u00fdm z najpevnej\u0161\u00edch fluoro karb\u00f3nov\u00a0 na svete.<\/span><br \/><span>Je prakticky nevidite\u013en\u00fd vo vode, \u013eahko sa potop\u00ed bez predch\u00e1dzaj\u00facej \u00fapravy( za\u0165a\u017eenia ) a je asi 3 kr\u00e1t pot\u00e1pavej\u0161\u00ed ako nylon. Odolnos\u0165 proti oderu a nevidite\u013enos\u0165\u00a0 Grand<\/span><span>Maxu<\/span><span>\u00a0zabezpe\u010duje, \u017ee ryby nie s\u00fa\u00a0 vydesen\u00e9 alebo opatrn\u00e9 pri z\u00e1bere na mu\u0161ku.<\/span><\/p>\n","protected":false},"excerpt":{"rendered":"<p><span style=\"color:#777777;font-family:Karla, sans-serif;font-size:15px;\">Grand Max je jedn\u00fdm z najsilnej\u0161\u00edch flu\u00f3rovan\u00fdch uh\u013eovod\u00edkov. Vo vode je prakticky nevidite\u013en\u00fd, bez \u00fapravy sa \u013eahko pot\u00e1pa pribli\u017ene 3-kr\u00e1t r\u00fdchlej\u0161ie ako nylon.<\/span><\/p>\n<p><span style=\"color:#777777;font-size:15px;font-family:'Open Sans', sans-serif;\">Grandmax FX &#8211; 100 metrov &#8211; GMFX 0,083 mm &#8211; <\/span><span style=\"color:#777777;font-size:15px;font-family:'Open Sans', sans-serif;\">1,67<\/span><span style=\"color:#777777;font-size:15px;font-family:'Open Sans', sans-serif;\"> lbs\/0,76 kg<\/span><span style=\"color:#777777;font-family:Karla, sans-serif;font-size:15px;\"><\/span><\/p>\n","protected":false},"featured_media":6690,"comment_status":"closed","ping_status":"closed","template":"","meta":[],"product_brand":[],"product_cat":[14],"product_tag":[],"class_list":{"0":"post-7012","1":"product","2":"type-product","3":"status-publish","4":"has-post-thumbnail","6":"product_cat-uncategorized","8":"first","9":"instock","10":"taxable","11":"shipping-taxable","12":"purchasable","13":"product-type-simple"},"yoast_head":"<!-- This site is optimized with the Yoast SEO plugin v27.4 - https:\/\/yoast.com\/product\/yoast-seo-wordpress\/ -->\n<title>Fluorokarb\u00f3n Grandmax FX - 0,083 mm - DOHIKU<\/title>\n<meta name=\"robots\" content=\"index, follow, max-snippet:-1, max-image-preview:large, max-video-preview:-1\" \/>\n<link rel=\"canonical\" href=\"https:\/\/dohiku.eu\/sk\/shop\/nezaradene\/fluorocarbon-grandmax-fx-0083mm\/\" \/>\n<meta property=\"og:locale\" content=\"sk_SK\" \/>\n<meta property=\"og:type\" content=\"article\" \/>\n<meta property=\"og:title\" content=\"Fluorokarb\u00f3n Grandmax FX - 0,083 mm - DOHIKU\" \/>\n<meta property=\"og:description\" content=\"Grand Max je jedn\u00fdm z najsilnej\u0161\u00edch flu\u00f3rovan\u00fdch uh\u013eovod\u00edkov. Vo vode je prakticky nevidite\u013en\u00fd, bez \u00fapravy sa \u013eahko pot\u00e1pa pribli\u017ene 3-kr\u00e1t r\u00fdchlej\u0161ie ako nylon. Grandmax FX - 100 metrov - GMFX 0,083 mm - 1,67 lbs\/0,76 kg\" \/>\n<meta property=\"og:url\" content=\"https:\/\/dohiku.eu\/sk\/shop\/nezaradene\/fluorocarbon-grandmax-fx-0083mm\/\" \/>\n<meta property=\"og:site_name\" content=\"DOHIKU\" \/>\n<meta property=\"article:modified_time\" content=\"2025-10-24T12:00:39+00:00\" \/>\n<meta property=\"og:image\" content=\"https:\/\/dohiku.eu\/wp-content\/uploads\/2021\/12\/2570-Fluorocarbon-Grandmax-FX-0083mm.jpg\" \/>\n\t<meta property=\"og:image:width\" content=\"634\" \/>\n\t<meta property=\"og:image:height\" content=\"800\" \/>\n\t<meta property=\"og:image:type\" content=\"image\/jpeg\" \/>\n<meta name=\"twitter:card\" content=\"summary_large_image\" \/>\n<script type=\"application\/ld+json\" class=\"yoast-schema-graph\">{\"@context\":\"https:\\\/\\\/schema.org\",\"@graph\":[{\"@type\":\"WebPage\",\"@id\":\"https:\\\/\\\/dohiku.eu\\\/sk\\\/shop\\\/nezaradene\\\/fluorocarbon-grandmax-fx-0083mm\\\/\",\"url\":\"https:\\\/\\\/dohiku.eu\\\/sk\\\/shop\\\/nezaradene\\\/fluorocarbon-grandmax-fx-0083mm\\\/\",\"name\":\"Fluorokarb\u00f3n Grandmax FX - 0,083 mm - DOHIKU\",\"isPartOf\":{\"@id\":\"https:\\\/\\\/dohiku.eu\\\/sk\\\/#website\"},\"primaryImageOfPage\":{\"@id\":\"https:\\\/\\\/dohiku.eu\\\/sk\\\/shop\\\/nezaradene\\\/fluorocarbon-grandmax-fx-0083mm\\\/#primaryimage\"},\"image\":{\"@id\":\"https:\\\/\\\/dohiku.eu\\\/sk\\\/shop\\\/nezaradene\\\/fluorocarbon-grandmax-fx-0083mm\\\/#primaryimage\"},\"thumbnailUrl\":\"https:\\\/\\\/dohiku.eu\\\/wp-content\\\/uploads\\\/2021\\\/12\\\/2570-Fluorocarbon-Grandmax-FX-0083mm.jpg\",\"datePublished\":\"2021-12-11T19:29:52+00:00\",\"dateModified\":\"2025-10-24T12:00:39+00:00\",\"breadcrumb\":{\"@id\":\"https:\\\/\\\/dohiku.eu\\\/sk\\\/shop\\\/nezaradene\\\/fluorocarbon-grandmax-fx-0083mm\\\/#breadcrumb\"},\"inLanguage\":\"sk-SK\",\"potentialAction\":[{\"@type\":\"ReadAction\",\"target\":[\"https:\\\/\\\/dohiku.eu\\\/sk\\\/shop\\\/nezaradene\\\/fluorocarbon-grandmax-fx-0083mm\\\/\"]}]},{\"@type\":\"ImageObject\",\"inLanguage\":\"sk-SK\",\"@id\":\"https:\\\/\\\/dohiku.eu\\\/sk\\\/shop\\\/nezaradene\\\/fluorocarbon-grandmax-fx-0083mm\\\/#primaryimage\",\"url\":\"https:\\\/\\\/dohiku.eu\\\/wp-content\\\/uploads\\\/2021\\\/12\\\/2570-Fluorocarbon-Grandmax-FX-0083mm.jpg\",\"contentUrl\":\"https:\\\/\\\/dohiku.eu\\\/wp-content\\\/uploads\\\/2021\\\/12\\\/2570-Fluorocarbon-Grandmax-FX-0083mm.jpg\",\"width\":634,\"height\":800},{\"@type\":\"BreadcrumbList\",\"@id\":\"https:\\\/\\\/dohiku.eu\\\/sk\\\/shop\\\/nezaradene\\\/fluorocarbon-grandmax-fx-0083mm\\\/#breadcrumb\",\"itemListElement\":[{\"@type\":\"ListItem\",\"position\":1,\"name\":\"Home\",\"item\":\"https:\\\/\\\/dohiku.eu\\\/sk\\\/\"},{\"@type\":\"ListItem\",\"position\":2,\"name\":\"PRODUCTS\",\"item\":\"https:\\\/\\\/dohiku.eu\\\/sk\\\/products\\\/\"},{\"@type\":\"ListItem\",\"position\":3,\"name\":\"Fluorokarb\u00f3n Grandmax FX &#8211; 0,083 mm\"}]},{\"@type\":\"WebSite\",\"@id\":\"https:\\\/\\\/dohiku.eu\\\/sk\\\/#website\",\"url\":\"https:\\\/\\\/dohiku.eu\\\/sk\\\/\",\"name\":\"DOHIKU\",\"description\":\"H\u00e1\u010diky DOHIKU s\u00fa vyroben\u00e9 z vysoko uhl\u00edkovej ocele, ktor\u00e1 je kalen\u00e1 a pop\u00fa\u0161\u0165an\u00e1 pod\u013ea presn\u00e9ho receptu.\",\"publisher\":{\"@id\":\"https:\\\/\\\/dohiku.eu\\\/sk\\\/#organization\"},\"potentialAction\":[{\"@type\":\"SearchAction\",\"target\":{\"@type\":\"EntryPoint\",\"urlTemplate\":\"https:\\\/\\\/dohiku.eu\\\/sk\\\/?s={search_term_string}\"},\"query-input\":{\"@type\":\"PropertyValueSpecification\",\"valueRequired\":true,\"valueName\":\"search_term_string\"}}],\"inLanguage\":\"sk-SK\"},{\"@type\":\"Organization\",\"@id\":\"https:\\\/\\\/dohiku.eu\\\/sk\\\/#organization\",\"name\":\"DOHIKU s.r.o.\",\"url\":\"https:\\\/\\\/dohiku.eu\\\/sk\\\/\",\"logo\":{\"@type\":\"ImageObject\",\"inLanguage\":\"sk-SK\",\"@id\":\"https:\\\/\\\/dohiku.eu\\\/sk\\\/#\\\/schema\\\/logo\\\/image\\\/\",\"url\":\"https:\\\/\\\/dohiku.eu\\\/wp-content\\\/uploads\\\/2024\\\/01\\\/cropped-dohiku.png\",\"contentUrl\":\"https:\\\/\\\/dohiku.eu\\\/wp-content\\\/uploads\\\/2024\\\/01\\\/cropped-dohiku.png\",\"width\":137,\"height\":87,\"caption\":\"DOHIKU s.r.o.\"},\"image\":{\"@id\":\"https:\\\/\\\/dohiku.eu\\\/sk\\\/#\\\/schema\\\/logo\\\/image\\\/\"}}]}<\/script>\n<!-- \/ Yoast SEO plugin. -->","yoast_head_json":{"title":"Fluorokarb\u00f3n Grandmax FX - 0,083 mm - DOHIKU","robots":{"index":"index","follow":"follow","max-snippet":"max-snippet:-1","max-image-preview":"max-image-preview:large","max-video-preview":"max-video-preview:-1"},"canonical":"https:\/\/dohiku.eu\/sk\/shop\/nezaradene\/fluorocarbon-grandmax-fx-0083mm\/","og_locale":"sk_SK","og_type":"article","og_title":"Fluorokarb\u00f3n Grandmax FX - 0,083 mm - DOHIKU","og_description":"Grand Max je jedn\u00fdm z najsilnej\u0161\u00edch flu\u00f3rovan\u00fdch uh\u013eovod\u00edkov. Vo vode je prakticky nevidite\u013en\u00fd, bez \u00fapravy sa \u013eahko pot\u00e1pa pribli\u017ene 3-kr\u00e1t r\u00fdchlej\u0161ie ako nylon. Grandmax FX - 100 metrov - GMFX 0,083 mm - 1,67 lbs\/0,76 kg","og_url":"https:\/\/dohiku.eu\/sk\/shop\/nezaradene\/fluorocarbon-grandmax-fx-0083mm\/","og_site_name":"DOHIKU","article_modified_time":"2025-10-24T12:00:39+00:00","og_image":[{"width":634,"height":800,"url":"https:\/\/dohiku.eu\/wp-content\/uploads\/2021\/12\/2570-Fluorocarbon-Grandmax-FX-0083mm.jpg","type":"image\/jpeg"}],"twitter_card":"summary_large_image","schema":{"@context":"https:\/\/schema.org","@graph":[{"@type":"WebPage","@id":"https:\/\/dohiku.eu\/sk\/shop\/nezaradene\/fluorocarbon-grandmax-fx-0083mm\/","url":"https:\/\/dohiku.eu\/sk\/shop\/nezaradene\/fluorocarbon-grandmax-fx-0083mm\/","name":"Fluorokarb\u00f3n Grandmax FX - 0,083 mm - DOHIKU","isPartOf":{"@id":"https:\/\/dohiku.eu\/sk\/#website"},"primaryImageOfPage":{"@id":"https:\/\/dohiku.eu\/sk\/shop\/nezaradene\/fluorocarbon-grandmax-fx-0083mm\/#primaryimage"},"image":{"@id":"https:\/\/dohiku.eu\/sk\/shop\/nezaradene\/fluorocarbon-grandmax-fx-0083mm\/#primaryimage"},"thumbnailUrl":"https:\/\/dohiku.eu\/wp-content\/uploads\/2021\/12\/2570-Fluorocarbon-Grandmax-FX-0083mm.jpg","datePublished":"2021-12-11T19:29:52+00:00","dateModified":"2025-10-24T12:00:39+00:00","breadcrumb":{"@id":"https:\/\/dohiku.eu\/sk\/shop\/nezaradene\/fluorocarbon-grandmax-fx-0083mm\/#breadcrumb"},"inLanguage":"sk-SK","potentialAction":[{"@type":"ReadAction","target":["https:\/\/dohiku.eu\/sk\/shop\/nezaradene\/fluorocarbon-grandmax-fx-0083mm\/"]}]},{"@type":"ImageObject","inLanguage":"sk-SK","@id":"https:\/\/dohiku.eu\/sk\/shop\/nezaradene\/fluorocarbon-grandmax-fx-0083mm\/#primaryimage","url":"https:\/\/dohiku.eu\/wp-content\/uploads\/2021\/12\/2570-Fluorocarbon-Grandmax-FX-0083mm.jpg","contentUrl":"https:\/\/dohiku.eu\/wp-content\/uploads\/2021\/12\/2570-Fluorocarbon-Grandmax-FX-0083mm.jpg","width":634,"height":800},{"@type":"BreadcrumbList","@id":"https:\/\/dohiku.eu\/sk\/shop\/nezaradene\/fluorocarbon-grandmax-fx-0083mm\/#breadcrumb","itemListElement":[{"@type":"ListItem","position":1,"name":"Home","item":"https:\/\/dohiku.eu\/sk\/"},{"@type":"ListItem","position":2,"name":"PRODUCTS","item":"https:\/\/dohiku.eu\/sk\/products\/"},{"@type":"ListItem","position":3,"name":"Fluorokarb\u00f3n Grandmax FX &#8211; 0,083 mm"}]},{"@type":"WebSite","@id":"https:\/\/dohiku.eu\/sk\/#website","url":"https:\/\/dohiku.eu\/sk\/","name":"DOHIKU","description":"H\u00e1\u010diky DOHIKU s\u00fa vyroben\u00e9 z vysoko uhl\u00edkovej ocele, ktor\u00e1 je kalen\u00e1 a pop\u00fa\u0161\u0165an\u00e1 pod\u013ea presn\u00e9ho receptu.","publisher":{"@id":"https:\/\/dohiku.eu\/sk\/#organization"},"potentialAction":[{"@type":"SearchAction","target":{"@type":"EntryPoint","urlTemplate":"https:\/\/dohiku.eu\/sk\/?s={search_term_string}"},"query-input":{"@type":"PropertyValueSpecification","valueRequired":true,"valueName":"search_term_string"}}],"inLanguage":"sk-SK"},{"@type":"Organization","@id":"https:\/\/dohiku.eu\/sk\/#organization","name":"DOHIKU s.r.o.","url":"https:\/\/dohiku.eu\/sk\/","logo":{"@type":"ImageObject","inLanguage":"sk-SK","@id":"https:\/\/dohiku.eu\/sk\/#\/schema\/logo\/image\/","url":"https:\/\/dohiku.eu\/wp-content\/uploads\/2024\/01\/cropped-dohiku.png","contentUrl":"https:\/\/dohiku.eu\/wp-content\/uploads\/2024\/01\/cropped-dohiku.png","width":137,"height":87,"caption":"DOHIKU s.r.o."},"image":{"@id":"https:\/\/dohiku.eu\/sk\/#\/schema\/logo\/image\/"}}]}},"_links":{"self":[{"href":"https:\/\/dohiku.eu\/sk\/wp-json\/wp\/v2\/product\/7012","targetHints":{"allow":["GET"]}}],"collection":[{"href":"https:\/\/dohiku.eu\/sk\/wp-json\/wp\/v2\/product"}],"about":[{"href":"https:\/\/dohiku.eu\/sk\/wp-json\/wp\/v2\/types\/product"}],"replies":[{"embeddable":true,"href":"https:\/\/dohiku.eu\/sk\/wp-json\/wp\/v2\/comments?post=7012"}],"wp:featuredmedia":[{"embeddable":true,"href":"https:\/\/dohiku.eu\/sk\/wp-json\/wp\/v2\/media\/6690"}],"wp:attachment":[{"href":"https:\/\/dohiku.eu\/sk\/wp-json\/wp\/v2\/media?parent=7012"}],"wp:term":[{"taxonomy":"product_brand","embeddable":true,"href":"https:\/\/dohiku.eu\/sk\/wp-json\/wp\/v2\/product_brand?post=7012"},{"taxonomy":"product_cat","embeddable":true,"href":"https:\/\/dohiku.eu\/sk\/wp-json\/wp\/v2\/product_cat?post=7012"},{"taxonomy":"product_tag","embeddable":true,"href":"https:\/\/dohiku.eu\/sk\/wp-json\/wp\/v2\/product_tag?post=7012"}],"curies":[{"name":"wp","href":"https:\/\/api.w.org\/{rel}","templated":true}]}}