{"id":7001,"date":"2021-11-10T12:11:46","date_gmt":"2021-11-10T12:11:46","guid":{"rendered":"https:\/\/dohiku.eu\/shop\/nezaraden\u00e9\/seaguar-riverge-0128-mm\/"},"modified":"2024-02-12T15:46:04","modified_gmt":"2024-02-12T15:46:04","slug":"seaguar-riverge-0128-mm","status":"publish","type":"product","link":"https:\/\/dohiku.eu\/sk\/shop\/haciky\/seaguar-riverge-0128-mm\/","title":{"rendered":"Seaguar Riverge &#8211; 0,128 mm"},"content":{"rendered":"","protected":false},"excerpt":{"rendered":"<p><span style=\"color:#777777;font-family:Karla, sans-serif;font-size:15px;\">Seaguar Riverge je jedn\u00fdm z najsilnej\u0161\u00edch flu\u00f3rovan\u00fdch uh\u013eovod\u00edkov. Vo vode je prakticky nevidite\u013en\u00fd, bez \u00fapravy sa \u013eahko pot\u00e1pa pribli\u017ene 3-kr\u00e1t r\u00fdchlej\u0161ie ako nylon.<\/span><\/p>\n<p><span style=\"color:#e55656;font-family:Karla, sans-serif;font-size:15px;\">Posledn\u00fdch 5 kusov!<\/span><\/p>\n<p><span style=\"color:#777777;font-family:Karla, sans-serif;font-size:15px;\">0,128 mm<\/span><\/p>\n<p><span style=\"color:#777777;font-family:Karla, sans-serif;font-size:15px;\">3,2 libry<\/span><\/p>\n","protected":false},"featured_media":3857,"comment_status":"closed","ping_status":"closed","template":"","meta":[],"product_brand":[],"product_cat":[511],"product_tag":[],"class_list":{"0":"post-7001","1":"product","2":"type-product","3":"status-publish","4":"has-post-thumbnail","6":"product_cat-haciky","8":"first","9":"instock","10":"taxable","11":"shipping-taxable","12":"purchasable","13":"product-type-simple"},"yoast_head":"<!-- This site is optimized with the Yoast SEO plugin v27.4 - https:\/\/yoast.com\/product\/yoast-seo-wordpress\/ -->\n<title>Seaguar Riverge - 0,128 mm - DOHIKU<\/title>\n<meta name=\"robots\" content=\"index, follow, max-snippet:-1, max-image-preview:large, max-video-preview:-1\" \/>\n<link rel=\"canonical\" href=\"https:\/\/dohiku.eu\/sk\/shop\/haciky\/seaguar-riverge-0128-mm\/\" \/>\n<meta property=\"og:locale\" content=\"sk_SK\" \/>\n<meta property=\"og:type\" content=\"article\" \/>\n<meta property=\"og:title\" content=\"Seaguar Riverge - 0,128 mm - DOHIKU\" \/>\n<meta property=\"og:description\" content=\"Seaguar Riverge je jedn\u00fdm z najsilnej\u0161\u00edch flu\u00f3rovan\u00fdch uh\u013eovod\u00edkov. Vo vode je prakticky nevidite\u013en\u00fd, bez \u00fapravy sa \u013eahko pot\u00e1pa pribli\u017ene 3-kr\u00e1t r\u00fdchlej\u0161ie ako nylon. Posledn\u00fdch 5 kusov! 0,128 mm 3,2 libry\" \/>\n<meta property=\"og:url\" content=\"https:\/\/dohiku.eu\/sk\/shop\/haciky\/seaguar-riverge-0128-mm\/\" \/>\n<meta property=\"og:site_name\" content=\"DOHIKU\" \/>\n<meta property=\"article:modified_time\" content=\"2024-02-12T15:46:04+00:00\" \/>\n<meta property=\"og:image\" content=\"https:\/\/dohiku.eu\/wp-content\/uploads\/2021\/11\/2567-Seaguar-Riverge-0128mm.jpg\" \/>\n\t<meta property=\"og:image:width\" content=\"630\" \/>\n\t<meta property=\"og:image:height\" content=\"800\" \/>\n\t<meta property=\"og:image:type\" content=\"image\/jpeg\" \/>\n<meta name=\"twitter:card\" content=\"summary_large_image\" \/>\n<script type=\"application\/ld+json\" class=\"yoast-schema-graph\">{\"@context\":\"https:\\\/\\\/schema.org\",\"@graph\":[{\"@type\":\"WebPage\",\"@id\":\"https:\\\/\\\/dohiku.eu\\\/sk\\\/shop\\\/haciky\\\/seaguar-riverge-0128-mm\\\/\",\"url\":\"https:\\\/\\\/dohiku.eu\\\/sk\\\/shop\\\/haciky\\\/seaguar-riverge-0128-mm\\\/\",\"name\":\"Seaguar Riverge - 0,128 mm - DOHIKU\",\"isPartOf\":{\"@id\":\"https:\\\/\\\/dohiku.eu\\\/sk\\\/#website\"},\"primaryImageOfPage\":{\"@id\":\"https:\\\/\\\/dohiku.eu\\\/sk\\\/shop\\\/haciky\\\/seaguar-riverge-0128-mm\\\/#primaryimage\"},\"image\":{\"@id\":\"https:\\\/\\\/dohiku.eu\\\/sk\\\/shop\\\/haciky\\\/seaguar-riverge-0128-mm\\\/#primaryimage\"},\"thumbnailUrl\":\"https:\\\/\\\/dohiku.eu\\\/wp-content\\\/uploads\\\/2021\\\/11\\\/2567-Seaguar-Riverge-0128mm.jpg\",\"datePublished\":\"2021-11-10T12:11:46+00:00\",\"dateModified\":\"2024-02-12T15:46:04+00:00\",\"breadcrumb\":{\"@id\":\"https:\\\/\\\/dohiku.eu\\\/sk\\\/shop\\\/haciky\\\/seaguar-riverge-0128-mm\\\/#breadcrumb\"},\"inLanguage\":\"sk-SK\",\"potentialAction\":[{\"@type\":\"ReadAction\",\"target\":[\"https:\\\/\\\/dohiku.eu\\\/sk\\\/shop\\\/haciky\\\/seaguar-riverge-0128-mm\\\/\"]}]},{\"@type\":\"ImageObject\",\"inLanguage\":\"sk-SK\",\"@id\":\"https:\\\/\\\/dohiku.eu\\\/sk\\\/shop\\\/haciky\\\/seaguar-riverge-0128-mm\\\/#primaryimage\",\"url\":\"https:\\\/\\\/dohiku.eu\\\/wp-content\\\/uploads\\\/2021\\\/11\\\/2567-Seaguar-Riverge-0128mm.jpg\",\"contentUrl\":\"https:\\\/\\\/dohiku.eu\\\/wp-content\\\/uploads\\\/2021\\\/11\\\/2567-Seaguar-Riverge-0128mm.jpg\",\"width\":630,\"height\":800,\"caption\":\"Seaguar Riverge - 0,128mm\"},{\"@type\":\"BreadcrumbList\",\"@id\":\"https:\\\/\\\/dohiku.eu\\\/sk\\\/shop\\\/haciky\\\/seaguar-riverge-0128-mm\\\/#breadcrumb\",\"itemListElement\":[{\"@type\":\"ListItem\",\"position\":1,\"name\":\"Home\",\"item\":\"https:\\\/\\\/dohiku.eu\\\/sk\\\/\"},{\"@type\":\"ListItem\",\"position\":2,\"name\":\"PRODUCTS\",\"item\":\"https:\\\/\\\/dohiku.eu\\\/sk\\\/products\\\/\"},{\"@type\":\"ListItem\",\"position\":3,\"name\":\"Seaguar Riverge &#8211; 0,128 mm\"}]},{\"@type\":\"WebSite\",\"@id\":\"https:\\\/\\\/dohiku.eu\\\/sk\\\/#website\",\"url\":\"https:\\\/\\\/dohiku.eu\\\/sk\\\/\",\"name\":\"DOHIKU\",\"description\":\"H\u00e1\u010diky DOHIKU s\u00fa vyroben\u00e9 z vysoko uhl\u00edkovej ocele, ktor\u00e1 je kalen\u00e1 a pop\u00fa\u0161\u0165an\u00e1 pod\u013ea presn\u00e9ho receptu.\",\"publisher\":{\"@id\":\"https:\\\/\\\/dohiku.eu\\\/sk\\\/#organization\"},\"potentialAction\":[{\"@type\":\"SearchAction\",\"target\":{\"@type\":\"EntryPoint\",\"urlTemplate\":\"https:\\\/\\\/dohiku.eu\\\/sk\\\/?s={search_term_string}\"},\"query-input\":{\"@type\":\"PropertyValueSpecification\",\"valueRequired\":true,\"valueName\":\"search_term_string\"}}],\"inLanguage\":\"sk-SK\"},{\"@type\":\"Organization\",\"@id\":\"https:\\\/\\\/dohiku.eu\\\/sk\\\/#organization\",\"name\":\"DOHIKU s.r.o.\",\"url\":\"https:\\\/\\\/dohiku.eu\\\/sk\\\/\",\"logo\":{\"@type\":\"ImageObject\",\"inLanguage\":\"sk-SK\",\"@id\":\"https:\\\/\\\/dohiku.eu\\\/sk\\\/#\\\/schema\\\/logo\\\/image\\\/\",\"url\":\"https:\\\/\\\/dohiku.eu\\\/wp-content\\\/uploads\\\/2024\\\/01\\\/cropped-dohiku.png\",\"contentUrl\":\"https:\\\/\\\/dohiku.eu\\\/wp-content\\\/uploads\\\/2024\\\/01\\\/cropped-dohiku.png\",\"width\":137,\"height\":87,\"caption\":\"DOHIKU s.r.o.\"},\"image\":{\"@id\":\"https:\\\/\\\/dohiku.eu\\\/sk\\\/#\\\/schema\\\/logo\\\/image\\\/\"}}]}<\/script>\n<!-- \/ Yoast SEO plugin. -->","yoast_head_json":{"title":"Seaguar Riverge - 0,128 mm - DOHIKU","robots":{"index":"index","follow":"follow","max-snippet":"max-snippet:-1","max-image-preview":"max-image-preview:large","max-video-preview":"max-video-preview:-1"},"canonical":"https:\/\/dohiku.eu\/sk\/shop\/haciky\/seaguar-riverge-0128-mm\/","og_locale":"sk_SK","og_type":"article","og_title":"Seaguar Riverge - 0,128 mm - DOHIKU","og_description":"Seaguar Riverge je jedn\u00fdm z najsilnej\u0161\u00edch flu\u00f3rovan\u00fdch uh\u013eovod\u00edkov. Vo vode je prakticky nevidite\u013en\u00fd, bez \u00fapravy sa \u013eahko pot\u00e1pa pribli\u017ene 3-kr\u00e1t r\u00fdchlej\u0161ie ako nylon. Posledn\u00fdch 5 kusov! 0,128 mm 3,2 libry","og_url":"https:\/\/dohiku.eu\/sk\/shop\/haciky\/seaguar-riverge-0128-mm\/","og_site_name":"DOHIKU","article_modified_time":"2024-02-12T15:46:04+00:00","og_image":[{"width":630,"height":800,"url":"https:\/\/dohiku.eu\/wp-content\/uploads\/2021\/11\/2567-Seaguar-Riverge-0128mm.jpg","type":"image\/jpeg"}],"twitter_card":"summary_large_image","schema":{"@context":"https:\/\/schema.org","@graph":[{"@type":"WebPage","@id":"https:\/\/dohiku.eu\/sk\/shop\/haciky\/seaguar-riverge-0128-mm\/","url":"https:\/\/dohiku.eu\/sk\/shop\/haciky\/seaguar-riverge-0128-mm\/","name":"Seaguar Riverge - 0,128 mm - DOHIKU","isPartOf":{"@id":"https:\/\/dohiku.eu\/sk\/#website"},"primaryImageOfPage":{"@id":"https:\/\/dohiku.eu\/sk\/shop\/haciky\/seaguar-riverge-0128-mm\/#primaryimage"},"image":{"@id":"https:\/\/dohiku.eu\/sk\/shop\/haciky\/seaguar-riverge-0128-mm\/#primaryimage"},"thumbnailUrl":"https:\/\/dohiku.eu\/wp-content\/uploads\/2021\/11\/2567-Seaguar-Riverge-0128mm.jpg","datePublished":"2021-11-10T12:11:46+00:00","dateModified":"2024-02-12T15:46:04+00:00","breadcrumb":{"@id":"https:\/\/dohiku.eu\/sk\/shop\/haciky\/seaguar-riverge-0128-mm\/#breadcrumb"},"inLanguage":"sk-SK","potentialAction":[{"@type":"ReadAction","target":["https:\/\/dohiku.eu\/sk\/shop\/haciky\/seaguar-riverge-0128-mm\/"]}]},{"@type":"ImageObject","inLanguage":"sk-SK","@id":"https:\/\/dohiku.eu\/sk\/shop\/haciky\/seaguar-riverge-0128-mm\/#primaryimage","url":"https:\/\/dohiku.eu\/wp-content\/uploads\/2021\/11\/2567-Seaguar-Riverge-0128mm.jpg","contentUrl":"https:\/\/dohiku.eu\/wp-content\/uploads\/2021\/11\/2567-Seaguar-Riverge-0128mm.jpg","width":630,"height":800,"caption":"Seaguar Riverge - 0,128mm"},{"@type":"BreadcrumbList","@id":"https:\/\/dohiku.eu\/sk\/shop\/haciky\/seaguar-riverge-0128-mm\/#breadcrumb","itemListElement":[{"@type":"ListItem","position":1,"name":"Home","item":"https:\/\/dohiku.eu\/sk\/"},{"@type":"ListItem","position":2,"name":"PRODUCTS","item":"https:\/\/dohiku.eu\/sk\/products\/"},{"@type":"ListItem","position":3,"name":"Seaguar Riverge &#8211; 0,128 mm"}]},{"@type":"WebSite","@id":"https:\/\/dohiku.eu\/sk\/#website","url":"https:\/\/dohiku.eu\/sk\/","name":"DOHIKU","description":"H\u00e1\u010diky DOHIKU s\u00fa vyroben\u00e9 z vysoko uhl\u00edkovej ocele, ktor\u00e1 je kalen\u00e1 a pop\u00fa\u0161\u0165an\u00e1 pod\u013ea presn\u00e9ho receptu.","publisher":{"@id":"https:\/\/dohiku.eu\/sk\/#organization"},"potentialAction":[{"@type":"SearchAction","target":{"@type":"EntryPoint","urlTemplate":"https:\/\/dohiku.eu\/sk\/?s={search_term_string}"},"query-input":{"@type":"PropertyValueSpecification","valueRequired":true,"valueName":"search_term_string"}}],"inLanguage":"sk-SK"},{"@type":"Organization","@id":"https:\/\/dohiku.eu\/sk\/#organization","name":"DOHIKU s.r.o.","url":"https:\/\/dohiku.eu\/sk\/","logo":{"@type":"ImageObject","inLanguage":"sk-SK","@id":"https:\/\/dohiku.eu\/sk\/#\/schema\/logo\/image\/","url":"https:\/\/dohiku.eu\/wp-content\/uploads\/2024\/01\/cropped-dohiku.png","contentUrl":"https:\/\/dohiku.eu\/wp-content\/uploads\/2024\/01\/cropped-dohiku.png","width":137,"height":87,"caption":"DOHIKU s.r.o."},"image":{"@id":"https:\/\/dohiku.eu\/sk\/#\/schema\/logo\/image\/"}}]}},"_links":{"self":[{"href":"https:\/\/dohiku.eu\/sk\/wp-json\/wp\/v2\/product\/7001","targetHints":{"allow":["GET"]}}],"collection":[{"href":"https:\/\/dohiku.eu\/sk\/wp-json\/wp\/v2\/product"}],"about":[{"href":"https:\/\/dohiku.eu\/sk\/wp-json\/wp\/v2\/types\/product"}],"replies":[{"embeddable":true,"href":"https:\/\/dohiku.eu\/sk\/wp-json\/wp\/v2\/comments?post=7001"}],"wp:featuredmedia":[{"embeddable":true,"href":"https:\/\/dohiku.eu\/sk\/wp-json\/wp\/v2\/media\/3857"}],"wp:attachment":[{"href":"https:\/\/dohiku.eu\/sk\/wp-json\/wp\/v2\/media?parent=7001"}],"wp:term":[{"taxonomy":"product_brand","embeddable":true,"href":"https:\/\/dohiku.eu\/sk\/wp-json\/wp\/v2\/product_brand?post=7001"},{"taxonomy":"product_cat","embeddable":true,"href":"https:\/\/dohiku.eu\/sk\/wp-json\/wp\/v2\/product_cat?post=7001"},{"taxonomy":"product_tag","embeddable":true,"href":"https:\/\/dohiku.eu\/sk\/wp-json\/wp\/v2\/product_tag?post=7001"}],"curies":[{"name":"wp","href":"https:\/\/api.w.org\/{rel}","templated":true}]}}