{"id":6997,"date":"2021-12-19T19:13:37","date_gmt":"2021-12-19T19:13:37","guid":{"rendered":"https:\/\/dohiku.eu\/shop\/nezaraden\u00e9\/plavajuci-indikator-uderu-nymfy-s-kruzkami-na-vlasec-fluo-ruzova\/"},"modified":"2026-03-17T10:58:00","modified_gmt":"2026-03-17T10:58:00","slug":"plavajuci-indikator-uderu-nymfy-s-kruzkami-na-vlasec-fluo-ruzova-indf-02","status":"publish","type":"product","link":"https:\/\/dohiku.eu\/sk\/shop\/muskarske-snury\/muskarske-snury-dohiku\/plavajuci-indikator-uderu-nymfy-s-kruzkami-na-vlasec-fluo-ruzova-indf-02\/","title":{"rendered":"Pl\u00e1vaj\u00faci indik\u00e1tor \u00faderu nymfy s kr\u00fa\u017ekami na vlasec, fluo ru\u017eov\u00e1 INDF 02"},"content":{"rendered":"<p style=\"margin-top: 0px;margin-bottom: .8rem;color: #777777;font-family: 'Open Sans', sans-serif;font-size: 15px\">Plav\u00e1j\u00face indik\u00e1tory s\u00fa vhodn\u00e9 aj pre lov na franc\u00fazsku nymfu.<\/p>\n<p style=\"margin-top: 0px;margin-bottom: .8rem;color: #777777;font-family: 'Open Sans', sans-serif;font-size: 15px\">D\u013e\u017eka: 10\/13 cm<\/p>\n<p style=\"margin-top: 0px;margin-bottom: 0px;color: #777777;font-family: 'Open Sans', sans-serif;font-size: 15px\">Nosnos\u0165: 4,8 kg<\/p>\n","protected":false},"excerpt":{"rendered":"<p style=\"margin-top: 0px;margin-bottom: .8rem;color: #777777;font-family: Karla, sans-serif;font-size: 15px\">Indik\u00e1tor z\u00e1sahu s absorb\u00e9rom z\u00e1sahu r\u00fdb, pl\u00e1vaj\u00faci bez pou\u017eitia plav\u00e1ka! Ide\u00e1lne na lov na nymfu a franc\u00fazsku nymfu.<br \/>\nDva mikrokr\u00fa\u017eky na oboch stran\u00e1ch umo\u017e\u0148uj\u00fa jednoduch\u00fa aplik\u00e1ciu na vodcu.<br \/>\nD\u013a\u017eka: 10\/13 cm<br \/>\nTestovacia pevnos\u0165: 4,8 kg<\/p>\n<div>\n<div dir=\"ltr\">\n<div dir=\"ltr\">\n<div dir=\"ltr\">\n<div dir=\"ltr\">\n<div dir=\"ltr\">\n<div dir=\"ltr\">\n<div dir=\"ltr\"><\/div>\n<\/div>\n<\/div>\n<\/div>\n<\/div>\n<\/div>\n<\/div>\n<\/div>\n","protected":false},"featured_media":6700,"comment_status":"closed","ping_status":"closed","template":"","meta":[],"product_brand":[],"product_cat":[511,556,557,535,555],"product_tag":[],"class_list":{"0":"post-6997","1":"product","2":"type-product","3":"status-publish","4":"has-post-thumbnail","6":"product_cat-haciky","7":"product_cat-muskarske-snury-dohiku","8":"product_cat-muskarske-snury-dohiku-special","9":"product_cat-prislusenstvo","10":"product_cat-silony-navazce-a-indikatory","12":"first","13":"instock","14":"taxable","15":"shipping-taxable","16":"purchasable","17":"product-type-simple"},"yoast_head":"<!-- This site is optimized with the Yoast SEO plugin v27.4 - https:\/\/yoast.com\/product\/yoast-seo-wordpress\/ -->\n<title>Pl\u00e1vaj\u00faci indik\u00e1tor \u00faderu nymfy s kr\u00fa\u017ekami na vlasec, fluo ru\u017eov\u00e1 INDF 02 - DOHIKU<\/title>\n<meta name=\"robots\" content=\"index, follow, max-snippet:-1, max-image-preview:large, max-video-preview:-1\" \/>\n<link rel=\"canonical\" href=\"https:\/\/dohiku.eu\/sk\/shop\/muskarske-snury\/muskarske-snury-dohiku\/plavajuci-indikator-uderu-nymfy-s-kruzkami-na-vlasec-fluo-ruzova-indf-02\/\" \/>\n<meta property=\"og:locale\" content=\"sk_SK\" \/>\n<meta property=\"og:type\" content=\"article\" \/>\n<meta property=\"og:title\" content=\"Pl\u00e1vaj\u00faci indik\u00e1tor \u00faderu nymfy s kr\u00fa\u017ekami na vlasec, fluo ru\u017eov\u00e1 INDF 02 - DOHIKU\" \/>\n<meta property=\"og:description\" content=\"Indik\u00e1tor z\u00e1sahu s absorb\u00e9rom z\u00e1sahu r\u00fdb, pl\u00e1vaj\u00faci bez pou\u017eitia plav\u00e1ka! Ide\u00e1lne na lov na nymfu a franc\u00fazsku nymfu. Dva mikrokr\u00fa\u017eky na oboch stran\u00e1ch umo\u017e\u0148uj\u00fa jednoduch\u00fa aplik\u00e1ciu na vodcu. D\u013a\u017eka: 10\/13 cm Testovacia pevnos\u0165: 4,8 kg\" \/>\n<meta property=\"og:url\" content=\"https:\/\/dohiku.eu\/sk\/shop\/muskarske-snury\/muskarske-snury-dohiku\/plavajuci-indikator-uderu-nymfy-s-kruzkami-na-vlasec-fluo-ruzova-indf-02\/\" \/>\n<meta property=\"og:site_name\" content=\"DOHIKU\" \/>\n<meta property=\"article:modified_time\" content=\"2026-03-17T10:58:00+00:00\" \/>\n<meta property=\"og:image\" content=\"https:\/\/dohiku.eu\/wp-content\/uploads\/2021\/12\/2706-Floating-Nymph-Strike-Indicator-with-Tippet-Rings-Fluo-Pink.jpg\" \/>\n\t<meta property=\"og:image:width\" content=\"800\" \/>\n\t<meta property=\"og:image:height\" content=\"391\" \/>\n\t<meta property=\"og:image:type\" content=\"image\/jpeg\" \/>\n<meta name=\"twitter:card\" content=\"summary_large_image\" \/>\n<meta name=\"twitter:label1\" content=\"Predpokladan\u00fd \u010das \u010d\u00edtania\" \/>\n\t<meta name=\"twitter:data1\" content=\"1 min\u00fata\" \/>\n<script type=\"application\/ld+json\" class=\"yoast-schema-graph\">{\"@context\":\"https:\\\/\\\/schema.org\",\"@graph\":[{\"@type\":\"WebPage\",\"@id\":\"https:\\\/\\\/dohiku.eu\\\/sk\\\/shop\\\/muskarske-snury\\\/muskarske-snury-dohiku\\\/plavajuci-indikator-uderu-nymfy-s-kruzkami-na-vlasec-fluo-ruzova-indf-02\\\/\",\"url\":\"https:\\\/\\\/dohiku.eu\\\/sk\\\/shop\\\/muskarske-snury\\\/muskarske-snury-dohiku\\\/plavajuci-indikator-uderu-nymfy-s-kruzkami-na-vlasec-fluo-ruzova-indf-02\\\/\",\"name\":\"Pl\u00e1vaj\u00faci indik\u00e1tor \u00faderu nymfy s kr\u00fa\u017ekami na vlasec, fluo ru\u017eov\u00e1 INDF 02 - DOHIKU\",\"isPartOf\":{\"@id\":\"https:\\\/\\\/dohiku.eu\\\/sk\\\/#website\"},\"primaryImageOfPage\":{\"@id\":\"https:\\\/\\\/dohiku.eu\\\/sk\\\/shop\\\/muskarske-snury\\\/muskarske-snury-dohiku\\\/plavajuci-indikator-uderu-nymfy-s-kruzkami-na-vlasec-fluo-ruzova-indf-02\\\/#primaryimage\"},\"image\":{\"@id\":\"https:\\\/\\\/dohiku.eu\\\/sk\\\/shop\\\/muskarske-snury\\\/muskarske-snury-dohiku\\\/plavajuci-indikator-uderu-nymfy-s-kruzkami-na-vlasec-fluo-ruzova-indf-02\\\/#primaryimage\"},\"thumbnailUrl\":\"https:\\\/\\\/dohiku.eu\\\/wp-content\\\/uploads\\\/2021\\\/12\\\/2706-Floating-Nymph-Strike-Indicator-with-Tippet-Rings-Fluo-Pink.jpg\",\"datePublished\":\"2021-12-19T19:13:37+00:00\",\"dateModified\":\"2026-03-17T10:58:00+00:00\",\"breadcrumb\":{\"@id\":\"https:\\\/\\\/dohiku.eu\\\/sk\\\/shop\\\/muskarske-snury\\\/muskarske-snury-dohiku\\\/plavajuci-indikator-uderu-nymfy-s-kruzkami-na-vlasec-fluo-ruzova-indf-02\\\/#breadcrumb\"},\"inLanguage\":\"sk-SK\",\"potentialAction\":[{\"@type\":\"ReadAction\",\"target\":[\"https:\\\/\\\/dohiku.eu\\\/sk\\\/shop\\\/muskarske-snury\\\/muskarske-snury-dohiku\\\/plavajuci-indikator-uderu-nymfy-s-kruzkami-na-vlasec-fluo-ruzova-indf-02\\\/\"]}]},{\"@type\":\"ImageObject\",\"inLanguage\":\"sk-SK\",\"@id\":\"https:\\\/\\\/dohiku.eu\\\/sk\\\/shop\\\/muskarske-snury\\\/muskarske-snury-dohiku\\\/plavajuci-indikator-uderu-nymfy-s-kruzkami-na-vlasec-fluo-ruzova-indf-02\\\/#primaryimage\",\"url\":\"https:\\\/\\\/dohiku.eu\\\/wp-content\\\/uploads\\\/2021\\\/12\\\/2706-Floating-Nymph-Strike-Indicator-with-Tippet-Rings-Fluo-Pink.jpg\",\"contentUrl\":\"https:\\\/\\\/dohiku.eu\\\/wp-content\\\/uploads\\\/2021\\\/12\\\/2706-Floating-Nymph-Strike-Indicator-with-Tippet-Rings-Fluo-Pink.jpg\",\"width\":800,\"height\":391},{\"@type\":\"BreadcrumbList\",\"@id\":\"https:\\\/\\\/dohiku.eu\\\/sk\\\/shop\\\/muskarske-snury\\\/muskarske-snury-dohiku\\\/plavajuci-indikator-uderu-nymfy-s-kruzkami-na-vlasec-fluo-ruzova-indf-02\\\/#breadcrumb\",\"itemListElement\":[{\"@type\":\"ListItem\",\"position\":1,\"name\":\"Home\",\"item\":\"https:\\\/\\\/dohiku.eu\\\/sk\\\/\"},{\"@type\":\"ListItem\",\"position\":2,\"name\":\"PRODUCTS\",\"item\":\"https:\\\/\\\/dohiku.eu\\\/sk\\\/products\\\/\"},{\"@type\":\"ListItem\",\"position\":3,\"name\":\"Pl\u00e1vaj\u00faci indik\u00e1tor \u00faderu nymfy s kr\u00fa\u017ekami na vlasec, fluo ru\u017eov\u00e1 INDF 02\"}]},{\"@type\":\"WebSite\",\"@id\":\"https:\\\/\\\/dohiku.eu\\\/sk\\\/#website\",\"url\":\"https:\\\/\\\/dohiku.eu\\\/sk\\\/\",\"name\":\"DOHIKU\",\"description\":\"H\u00e1\u010diky DOHIKU s\u00fa vyroben\u00e9 z vysoko uhl\u00edkovej ocele, ktor\u00e1 je kalen\u00e1 a pop\u00fa\u0161\u0165an\u00e1 pod\u013ea presn\u00e9ho receptu.\",\"publisher\":{\"@id\":\"https:\\\/\\\/dohiku.eu\\\/sk\\\/#organization\"},\"potentialAction\":[{\"@type\":\"SearchAction\",\"target\":{\"@type\":\"EntryPoint\",\"urlTemplate\":\"https:\\\/\\\/dohiku.eu\\\/sk\\\/?s={search_term_string}\"},\"query-input\":{\"@type\":\"PropertyValueSpecification\",\"valueRequired\":true,\"valueName\":\"search_term_string\"}}],\"inLanguage\":\"sk-SK\"},{\"@type\":\"Organization\",\"@id\":\"https:\\\/\\\/dohiku.eu\\\/sk\\\/#organization\",\"name\":\"DOHIKU s.r.o.\",\"url\":\"https:\\\/\\\/dohiku.eu\\\/sk\\\/\",\"logo\":{\"@type\":\"ImageObject\",\"inLanguage\":\"sk-SK\",\"@id\":\"https:\\\/\\\/dohiku.eu\\\/sk\\\/#\\\/schema\\\/logo\\\/image\\\/\",\"url\":\"https:\\\/\\\/dohiku.eu\\\/wp-content\\\/uploads\\\/2024\\\/01\\\/cropped-dohiku.png\",\"contentUrl\":\"https:\\\/\\\/dohiku.eu\\\/wp-content\\\/uploads\\\/2024\\\/01\\\/cropped-dohiku.png\",\"width\":137,\"height\":87,\"caption\":\"DOHIKU s.r.o.\"},\"image\":{\"@id\":\"https:\\\/\\\/dohiku.eu\\\/sk\\\/#\\\/schema\\\/logo\\\/image\\\/\"}}]}<\/script>\n<!-- \/ Yoast SEO plugin. -->","yoast_head_json":{"title":"Pl\u00e1vaj\u00faci indik\u00e1tor \u00faderu nymfy s kr\u00fa\u017ekami na vlasec, fluo ru\u017eov\u00e1 INDF 02 - DOHIKU","robots":{"index":"index","follow":"follow","max-snippet":"max-snippet:-1","max-image-preview":"max-image-preview:large","max-video-preview":"max-video-preview:-1"},"canonical":"https:\/\/dohiku.eu\/sk\/shop\/muskarske-snury\/muskarske-snury-dohiku\/plavajuci-indikator-uderu-nymfy-s-kruzkami-na-vlasec-fluo-ruzova-indf-02\/","og_locale":"sk_SK","og_type":"article","og_title":"Pl\u00e1vaj\u00faci indik\u00e1tor \u00faderu nymfy s kr\u00fa\u017ekami na vlasec, fluo ru\u017eov\u00e1 INDF 02 - DOHIKU","og_description":"Indik\u00e1tor z\u00e1sahu s absorb\u00e9rom z\u00e1sahu r\u00fdb, pl\u00e1vaj\u00faci bez pou\u017eitia plav\u00e1ka! Ide\u00e1lne na lov na nymfu a franc\u00fazsku nymfu. Dva mikrokr\u00fa\u017eky na oboch stran\u00e1ch umo\u017e\u0148uj\u00fa jednoduch\u00fa aplik\u00e1ciu na vodcu. D\u013a\u017eka: 10\/13 cm Testovacia pevnos\u0165: 4,8 kg","og_url":"https:\/\/dohiku.eu\/sk\/shop\/muskarske-snury\/muskarske-snury-dohiku\/plavajuci-indikator-uderu-nymfy-s-kruzkami-na-vlasec-fluo-ruzova-indf-02\/","og_site_name":"DOHIKU","article_modified_time":"2026-03-17T10:58:00+00:00","og_image":[{"width":800,"height":391,"url":"https:\/\/dohiku.eu\/wp-content\/uploads\/2021\/12\/2706-Floating-Nymph-Strike-Indicator-with-Tippet-Rings-Fluo-Pink.jpg","type":"image\/jpeg"}],"twitter_card":"summary_large_image","twitter_misc":{"Predpokladan\u00fd \u010das \u010d\u00edtania":"1 min\u00fata"},"schema":{"@context":"https:\/\/schema.org","@graph":[{"@type":"WebPage","@id":"https:\/\/dohiku.eu\/sk\/shop\/muskarske-snury\/muskarske-snury-dohiku\/plavajuci-indikator-uderu-nymfy-s-kruzkami-na-vlasec-fluo-ruzova-indf-02\/","url":"https:\/\/dohiku.eu\/sk\/shop\/muskarske-snury\/muskarske-snury-dohiku\/plavajuci-indikator-uderu-nymfy-s-kruzkami-na-vlasec-fluo-ruzova-indf-02\/","name":"Pl\u00e1vaj\u00faci indik\u00e1tor \u00faderu nymfy s kr\u00fa\u017ekami na vlasec, fluo ru\u017eov\u00e1 INDF 02 - DOHIKU","isPartOf":{"@id":"https:\/\/dohiku.eu\/sk\/#website"},"primaryImageOfPage":{"@id":"https:\/\/dohiku.eu\/sk\/shop\/muskarske-snury\/muskarske-snury-dohiku\/plavajuci-indikator-uderu-nymfy-s-kruzkami-na-vlasec-fluo-ruzova-indf-02\/#primaryimage"},"image":{"@id":"https:\/\/dohiku.eu\/sk\/shop\/muskarske-snury\/muskarske-snury-dohiku\/plavajuci-indikator-uderu-nymfy-s-kruzkami-na-vlasec-fluo-ruzova-indf-02\/#primaryimage"},"thumbnailUrl":"https:\/\/dohiku.eu\/wp-content\/uploads\/2021\/12\/2706-Floating-Nymph-Strike-Indicator-with-Tippet-Rings-Fluo-Pink.jpg","datePublished":"2021-12-19T19:13:37+00:00","dateModified":"2026-03-17T10:58:00+00:00","breadcrumb":{"@id":"https:\/\/dohiku.eu\/sk\/shop\/muskarske-snury\/muskarske-snury-dohiku\/plavajuci-indikator-uderu-nymfy-s-kruzkami-na-vlasec-fluo-ruzova-indf-02\/#breadcrumb"},"inLanguage":"sk-SK","potentialAction":[{"@type":"ReadAction","target":["https:\/\/dohiku.eu\/sk\/shop\/muskarske-snury\/muskarske-snury-dohiku\/plavajuci-indikator-uderu-nymfy-s-kruzkami-na-vlasec-fluo-ruzova-indf-02\/"]}]},{"@type":"ImageObject","inLanguage":"sk-SK","@id":"https:\/\/dohiku.eu\/sk\/shop\/muskarske-snury\/muskarske-snury-dohiku\/plavajuci-indikator-uderu-nymfy-s-kruzkami-na-vlasec-fluo-ruzova-indf-02\/#primaryimage","url":"https:\/\/dohiku.eu\/wp-content\/uploads\/2021\/12\/2706-Floating-Nymph-Strike-Indicator-with-Tippet-Rings-Fluo-Pink.jpg","contentUrl":"https:\/\/dohiku.eu\/wp-content\/uploads\/2021\/12\/2706-Floating-Nymph-Strike-Indicator-with-Tippet-Rings-Fluo-Pink.jpg","width":800,"height":391},{"@type":"BreadcrumbList","@id":"https:\/\/dohiku.eu\/sk\/shop\/muskarske-snury\/muskarske-snury-dohiku\/plavajuci-indikator-uderu-nymfy-s-kruzkami-na-vlasec-fluo-ruzova-indf-02\/#breadcrumb","itemListElement":[{"@type":"ListItem","position":1,"name":"Home","item":"https:\/\/dohiku.eu\/sk\/"},{"@type":"ListItem","position":2,"name":"PRODUCTS","item":"https:\/\/dohiku.eu\/sk\/products\/"},{"@type":"ListItem","position":3,"name":"Pl\u00e1vaj\u00faci indik\u00e1tor \u00faderu nymfy s kr\u00fa\u017ekami na vlasec, fluo ru\u017eov\u00e1 INDF 02"}]},{"@type":"WebSite","@id":"https:\/\/dohiku.eu\/sk\/#website","url":"https:\/\/dohiku.eu\/sk\/","name":"DOHIKU","description":"H\u00e1\u010diky DOHIKU s\u00fa vyroben\u00e9 z vysoko uhl\u00edkovej ocele, ktor\u00e1 je kalen\u00e1 a pop\u00fa\u0161\u0165an\u00e1 pod\u013ea presn\u00e9ho receptu.","publisher":{"@id":"https:\/\/dohiku.eu\/sk\/#organization"},"potentialAction":[{"@type":"SearchAction","target":{"@type":"EntryPoint","urlTemplate":"https:\/\/dohiku.eu\/sk\/?s={search_term_string}"},"query-input":{"@type":"PropertyValueSpecification","valueRequired":true,"valueName":"search_term_string"}}],"inLanguage":"sk-SK"},{"@type":"Organization","@id":"https:\/\/dohiku.eu\/sk\/#organization","name":"DOHIKU s.r.o.","url":"https:\/\/dohiku.eu\/sk\/","logo":{"@type":"ImageObject","inLanguage":"sk-SK","@id":"https:\/\/dohiku.eu\/sk\/#\/schema\/logo\/image\/","url":"https:\/\/dohiku.eu\/wp-content\/uploads\/2024\/01\/cropped-dohiku.png","contentUrl":"https:\/\/dohiku.eu\/wp-content\/uploads\/2024\/01\/cropped-dohiku.png","width":137,"height":87,"caption":"DOHIKU s.r.o."},"image":{"@id":"https:\/\/dohiku.eu\/sk\/#\/schema\/logo\/image\/"}}]}},"_links":{"self":[{"href":"https:\/\/dohiku.eu\/sk\/wp-json\/wp\/v2\/product\/6997","targetHints":{"allow":["GET"]}}],"collection":[{"href":"https:\/\/dohiku.eu\/sk\/wp-json\/wp\/v2\/product"}],"about":[{"href":"https:\/\/dohiku.eu\/sk\/wp-json\/wp\/v2\/types\/product"}],"replies":[{"embeddable":true,"href":"https:\/\/dohiku.eu\/sk\/wp-json\/wp\/v2\/comments?post=6997"}],"wp:featuredmedia":[{"embeddable":true,"href":"https:\/\/dohiku.eu\/sk\/wp-json\/wp\/v2\/media\/6700"}],"wp:attachment":[{"href":"https:\/\/dohiku.eu\/sk\/wp-json\/wp\/v2\/media?parent=6997"}],"wp:term":[{"taxonomy":"product_brand","embeddable":true,"href":"https:\/\/dohiku.eu\/sk\/wp-json\/wp\/v2\/product_brand?post=6997"},{"taxonomy":"product_cat","embeddable":true,"href":"https:\/\/dohiku.eu\/sk\/wp-json\/wp\/v2\/product_cat?post=6997"},{"taxonomy":"product_tag","embeddable":true,"href":"https:\/\/dohiku.eu\/sk\/wp-json\/wp\/v2\/product_tag?post=6997"}],"curies":[{"name":"wp","href":"https:\/\/api.w.org\/{rel}","templated":true}]}}