{"id":6980,"date":"2022-05-24T12:57:56","date_gmt":"2022-05-24T12:57:56","guid":{"rendered":"https:\/\/dohiku.eu\/shop\/nezaraden\u00e9\/plochy-farebny-drot-stredny-ruzovy-ndfm-06\/"},"modified":"2024-08-27T11:05:06","modified_gmt":"2024-08-27T11:05:06","slug":"kruzkovaci-drotik-plochy-medium-ndfm-06","status":"publish","type":"product","link":"https:\/\/dohiku.eu\/sk\/shop\/viazacie-materialy\/nite-lametky-a-drotiky\/kruzkovaci-drotik\/kruzkovaci-drotik-plochy-medium-ndfm-06\/","title":{"rendered":"Kr\u00fa\u017ekovac\u00ed dr\u00f4tik, ploch\u00fd &#8211; Medium, NDFM 06"},"content":{"rendered":"<p style=\"margin-top:0px;margin-bottom:.8rem;color:#777777;font-family:Karla, sans-serif;font-size:15px;\"><span style=\"color:#222222;font-family:Arial, Helvetica, sans-serif;font-size:small;\">Tento v\u00fdnimo\u010dn\u00fd produkt umo\u017e\u0148uje \u00faplne nov\u00e9 mo\u017enosti viazania mu\u0161iek. Hlavnou v\u00fdhodou oproti be\u017en\u00e9mu okr\u00fahlemu dr\u00f4tu je povrch s ve\u013emi \u00fa\u010dinn\u00fdm odrazom a tie\u017e o nie\u010do v\u00e4\u010d\u0161ia pevnos\u0165. Ke\u010f sa pou\u017e\u00edva pri kr\u00fa\u017ekovan\u00ed v tele, menej sa zarez\u00e1va do dubbingu, \u010do e\u0161te viac zvy\u0161uje efekt rebrovania. Ploch\u00fd dr\u00f4t teda kombinuje efekt pozl\u00e1tka a pevnos\u0165 dr\u00f4tu! Pon\u00fakame celkom 6 variantov, ka\u017ed\u00fd v mnoh\u00fdch farb\u00e1ch &#8211; tak\u017ee ho mo\u017eno pou\u017ei\u0165 na viazanie v\u0161etk\u00fdch typov mu\u0161iek od mikron\u00fdmf po naozaj ve\u013ek\u00e9 str\u00edmre alebo lososov\u00e9 a morsk\u00e9 mu\u0161ky.<\/span><br style=\"color:#222222;font-family:Arial, Helvetica, sans-serif;font-size:small;\"><span style=\"color:#222222;font-family:Arial, Helvetica, sans-serif;font-size:small;\">Univerz\u00e1lna ve\u013ekos\u0165 pre v\u00e4\u010d\u0161inu mal\u00fdch a ve\u013ek\u00fdch vzorov, ako s\u00fa nymfy, jazern\u00e9 mu\u0161ky, str\u00edmre at\u010f.<\/span><\/p>\n","protected":false},"excerpt":{"rendered":"<p style=\"margin-top:0px;margin-bottom:.8rem;color:#777777;font-family:Karla, sans-serif;font-size:15px;\">Stredn\u00e9<\/p>\n<p style=\"margin-top:0px;margin-bottom:.8rem;color:#777777;font-family:Karla, sans-serif;font-size:15px;\">1 cievka: 17 yardov \/ 16 m<\/p>\n","protected":false},"featured_media":6728,"comment_status":"closed","ping_status":"closed","template":"","meta":[],"product_brand":[],"product_cat":[511,547,538,525],"product_tag":[],"class_list":{"0":"post-6980","1":"product","2":"type-product","3":"status-publish","4":"has-post-thumbnail","6":"product_cat-haciky","7":"product_cat-kruzkovaci-drotik","8":"product_cat-nite-lametky-a-drotiky","9":"product_cat-viazacie-materialy","11":"first","12":"instock","13":"taxable","14":"shipping-taxable","15":"purchasable","16":"product-type-simple"},"yoast_head":"<!-- This site is optimized with the Yoast SEO plugin v27.5 - https:\/\/yoast.com\/product\/yoast-seo-wordpress\/ -->\n<title>Kr\u00fa\u017ekovac\u00ed dr\u00f4tik, ploch\u00fd - Medium, NDFM 06 - DOHIKU<\/title>\n<meta name=\"robots\" content=\"index, follow, max-snippet:-1, max-image-preview:large, max-video-preview:-1\" \/>\n<link rel=\"canonical\" href=\"https:\/\/dohiku.eu\/sk\/shop\/viazacie-materialy\/nite-lametky-a-drotiky\/kruzkovaci-drotik\/kruzkovaci-drotik-plochy-medium-ndfm-06\/\" \/>\n<meta property=\"og:locale\" content=\"sk_SK\" \/>\n<meta property=\"og:type\" content=\"article\" \/>\n<meta property=\"og:title\" content=\"Kr\u00fa\u017ekovac\u00ed dr\u00f4tik, ploch\u00fd - Medium, NDFM 06 - DOHIKU\" \/>\n<meta property=\"og:description\" content=\"Stredn\u00e9 1 cievka: 17 yardov \/ 16 m\" \/>\n<meta property=\"og:url\" content=\"https:\/\/dohiku.eu\/sk\/shop\/viazacie-materialy\/nite-lametky-a-drotiky\/kruzkovaci-drotik\/kruzkovaci-drotik-plochy-medium-ndfm-06\/\" \/>\n<meta property=\"og:site_name\" content=\"DOHIKU\" \/>\n<meta property=\"article:modified_time\" content=\"2024-08-27T11:05:06+00:00\" \/>\n<meta property=\"og:image\" content=\"https:\/\/dohiku.eu\/wp-content\/uploads\/2022\/05\/2641-Flat-Colour-Wire-Medium-Rose-NDFM-06.jpg\" \/>\n\t<meta property=\"og:image:width\" content=\"622\" \/>\n\t<meta property=\"og:image:height\" content=\"800\" \/>\n\t<meta property=\"og:image:type\" content=\"image\/jpeg\" \/>\n<meta name=\"twitter:card\" content=\"summary_large_image\" \/>\n<meta name=\"twitter:label1\" content=\"Predpokladan\u00fd \u010das \u010d\u00edtania\" \/>\n\t<meta name=\"twitter:data1\" content=\"1 min\u00fata\" \/>\n<script type=\"application\/ld+json\" class=\"yoast-schema-graph\">{\"@context\":\"https:\\\/\\\/schema.org\",\"@graph\":[{\"@type\":\"WebPage\",\"@id\":\"https:\\\/\\\/dohiku.eu\\\/sk\\\/shop\\\/viazacie-materialy\\\/nite-lametky-a-drotiky\\\/kruzkovaci-drotik\\\/kruzkovaci-drotik-plochy-medium-ndfm-06\\\/\",\"url\":\"https:\\\/\\\/dohiku.eu\\\/sk\\\/shop\\\/viazacie-materialy\\\/nite-lametky-a-drotiky\\\/kruzkovaci-drotik\\\/kruzkovaci-drotik-plochy-medium-ndfm-06\\\/\",\"name\":\"Kr\u00fa\u017ekovac\u00ed dr\u00f4tik, ploch\u00fd - Medium, NDFM 06 - DOHIKU\",\"isPartOf\":{\"@id\":\"https:\\\/\\\/dohiku.eu\\\/sk\\\/#website\"},\"primaryImageOfPage\":{\"@id\":\"https:\\\/\\\/dohiku.eu\\\/sk\\\/shop\\\/viazacie-materialy\\\/nite-lametky-a-drotiky\\\/kruzkovaci-drotik\\\/kruzkovaci-drotik-plochy-medium-ndfm-06\\\/#primaryimage\"},\"image\":{\"@id\":\"https:\\\/\\\/dohiku.eu\\\/sk\\\/shop\\\/viazacie-materialy\\\/nite-lametky-a-drotiky\\\/kruzkovaci-drotik\\\/kruzkovaci-drotik-plochy-medium-ndfm-06\\\/#primaryimage\"},\"thumbnailUrl\":\"https:\\\/\\\/dohiku.eu\\\/wp-content\\\/uploads\\\/2022\\\/05\\\/2641-Flat-Colour-Wire-Medium-Rose-NDFM-06.jpg\",\"datePublished\":\"2022-05-24T12:57:56+00:00\",\"dateModified\":\"2024-08-27T11:05:06+00:00\",\"breadcrumb\":{\"@id\":\"https:\\\/\\\/dohiku.eu\\\/sk\\\/shop\\\/viazacie-materialy\\\/nite-lametky-a-drotiky\\\/kruzkovaci-drotik\\\/kruzkovaci-drotik-plochy-medium-ndfm-06\\\/#breadcrumb\"},\"inLanguage\":\"sk-SK\",\"potentialAction\":[{\"@type\":\"ReadAction\",\"target\":[\"https:\\\/\\\/dohiku.eu\\\/sk\\\/shop\\\/viazacie-materialy\\\/nite-lametky-a-drotiky\\\/kruzkovaci-drotik\\\/kruzkovaci-drotik-plochy-medium-ndfm-06\\\/\"]}]},{\"@type\":\"ImageObject\",\"inLanguage\":\"sk-SK\",\"@id\":\"https:\\\/\\\/dohiku.eu\\\/sk\\\/shop\\\/viazacie-materialy\\\/nite-lametky-a-drotiky\\\/kruzkovaci-drotik\\\/kruzkovaci-drotik-plochy-medium-ndfm-06\\\/#primaryimage\",\"url\":\"https:\\\/\\\/dohiku.eu\\\/wp-content\\\/uploads\\\/2022\\\/05\\\/2641-Flat-Colour-Wire-Medium-Rose-NDFM-06.jpg\",\"contentUrl\":\"https:\\\/\\\/dohiku.eu\\\/wp-content\\\/uploads\\\/2022\\\/05\\\/2641-Flat-Colour-Wire-Medium-Rose-NDFM-06.jpg\",\"width\":622,\"height\":800},{\"@type\":\"BreadcrumbList\",\"@id\":\"https:\\\/\\\/dohiku.eu\\\/sk\\\/shop\\\/viazacie-materialy\\\/nite-lametky-a-drotiky\\\/kruzkovaci-drotik\\\/kruzkovaci-drotik-plochy-medium-ndfm-06\\\/#breadcrumb\",\"itemListElement\":[{\"@type\":\"ListItem\",\"position\":1,\"name\":\"Home\",\"item\":\"https:\\\/\\\/dohiku.eu\\\/sk\\\/\"},{\"@type\":\"ListItem\",\"position\":2,\"name\":\"PRODUCTS\",\"item\":\"https:\\\/\\\/dohiku.eu\\\/sk\\\/products\\\/\"},{\"@type\":\"ListItem\",\"position\":3,\"name\":\"Kr\u00fa\u017ekovac\u00ed dr\u00f4tik, ploch\u00fd &#8211; Medium, NDFM 06\"}]},{\"@type\":\"WebSite\",\"@id\":\"https:\\\/\\\/dohiku.eu\\\/sk\\\/#website\",\"url\":\"https:\\\/\\\/dohiku.eu\\\/sk\\\/\",\"name\":\"DOHIKU\",\"description\":\"H\u00e1\u010diky DOHIKU s\u00fa vyroben\u00e9 z vysoko uhl\u00edkovej ocele, ktor\u00e1 je kalen\u00e1 a pop\u00fa\u0161\u0165an\u00e1 pod\u013ea presn\u00e9ho receptu.\",\"publisher\":{\"@id\":\"https:\\\/\\\/dohiku.eu\\\/sk\\\/#organization\"},\"potentialAction\":[{\"@type\":\"SearchAction\",\"target\":{\"@type\":\"EntryPoint\",\"urlTemplate\":\"https:\\\/\\\/dohiku.eu\\\/sk\\\/?s={search_term_string}\"},\"query-input\":{\"@type\":\"PropertyValueSpecification\",\"valueRequired\":true,\"valueName\":\"search_term_string\"}}],\"inLanguage\":\"sk-SK\"},{\"@type\":\"Organization\",\"@id\":\"https:\\\/\\\/dohiku.eu\\\/sk\\\/#organization\",\"name\":\"DOHIKU s.r.o.\",\"url\":\"https:\\\/\\\/dohiku.eu\\\/sk\\\/\",\"logo\":{\"@type\":\"ImageObject\",\"inLanguage\":\"sk-SK\",\"@id\":\"https:\\\/\\\/dohiku.eu\\\/sk\\\/#\\\/schema\\\/logo\\\/image\\\/\",\"url\":\"https:\\\/\\\/dohiku.eu\\\/wp-content\\\/uploads\\\/2024\\\/01\\\/cropped-dohiku.png\",\"contentUrl\":\"https:\\\/\\\/dohiku.eu\\\/wp-content\\\/uploads\\\/2024\\\/01\\\/cropped-dohiku.png\",\"width\":137,\"height\":87,\"caption\":\"DOHIKU s.r.o.\"},\"image\":{\"@id\":\"https:\\\/\\\/dohiku.eu\\\/sk\\\/#\\\/schema\\\/logo\\\/image\\\/\"}}]}<\/script>\n<!-- \/ Yoast SEO plugin. -->","yoast_head_json":{"title":"Kr\u00fa\u017ekovac\u00ed dr\u00f4tik, ploch\u00fd - Medium, NDFM 06 - DOHIKU","robots":{"index":"index","follow":"follow","max-snippet":"max-snippet:-1","max-image-preview":"max-image-preview:large","max-video-preview":"max-video-preview:-1"},"canonical":"https:\/\/dohiku.eu\/sk\/shop\/viazacie-materialy\/nite-lametky-a-drotiky\/kruzkovaci-drotik\/kruzkovaci-drotik-plochy-medium-ndfm-06\/","og_locale":"sk_SK","og_type":"article","og_title":"Kr\u00fa\u017ekovac\u00ed dr\u00f4tik, ploch\u00fd - Medium, NDFM 06 - DOHIKU","og_description":"Stredn\u00e9 1 cievka: 17 yardov \/ 16 m","og_url":"https:\/\/dohiku.eu\/sk\/shop\/viazacie-materialy\/nite-lametky-a-drotiky\/kruzkovaci-drotik\/kruzkovaci-drotik-plochy-medium-ndfm-06\/","og_site_name":"DOHIKU","article_modified_time":"2024-08-27T11:05:06+00:00","og_image":[{"width":622,"height":800,"url":"https:\/\/dohiku.eu\/wp-content\/uploads\/2022\/05\/2641-Flat-Colour-Wire-Medium-Rose-NDFM-06.jpg","type":"image\/jpeg"}],"twitter_card":"summary_large_image","twitter_misc":{"Predpokladan\u00fd \u010das \u010d\u00edtania":"1 min\u00fata"},"schema":{"@context":"https:\/\/schema.org","@graph":[{"@type":"WebPage","@id":"https:\/\/dohiku.eu\/sk\/shop\/viazacie-materialy\/nite-lametky-a-drotiky\/kruzkovaci-drotik\/kruzkovaci-drotik-plochy-medium-ndfm-06\/","url":"https:\/\/dohiku.eu\/sk\/shop\/viazacie-materialy\/nite-lametky-a-drotiky\/kruzkovaci-drotik\/kruzkovaci-drotik-plochy-medium-ndfm-06\/","name":"Kr\u00fa\u017ekovac\u00ed dr\u00f4tik, ploch\u00fd - Medium, NDFM 06 - DOHIKU","isPartOf":{"@id":"https:\/\/dohiku.eu\/sk\/#website"},"primaryImageOfPage":{"@id":"https:\/\/dohiku.eu\/sk\/shop\/viazacie-materialy\/nite-lametky-a-drotiky\/kruzkovaci-drotik\/kruzkovaci-drotik-plochy-medium-ndfm-06\/#primaryimage"},"image":{"@id":"https:\/\/dohiku.eu\/sk\/shop\/viazacie-materialy\/nite-lametky-a-drotiky\/kruzkovaci-drotik\/kruzkovaci-drotik-plochy-medium-ndfm-06\/#primaryimage"},"thumbnailUrl":"https:\/\/dohiku.eu\/wp-content\/uploads\/2022\/05\/2641-Flat-Colour-Wire-Medium-Rose-NDFM-06.jpg","datePublished":"2022-05-24T12:57:56+00:00","dateModified":"2024-08-27T11:05:06+00:00","breadcrumb":{"@id":"https:\/\/dohiku.eu\/sk\/shop\/viazacie-materialy\/nite-lametky-a-drotiky\/kruzkovaci-drotik\/kruzkovaci-drotik-plochy-medium-ndfm-06\/#breadcrumb"},"inLanguage":"sk-SK","potentialAction":[{"@type":"ReadAction","target":["https:\/\/dohiku.eu\/sk\/shop\/viazacie-materialy\/nite-lametky-a-drotiky\/kruzkovaci-drotik\/kruzkovaci-drotik-plochy-medium-ndfm-06\/"]}]},{"@type":"ImageObject","inLanguage":"sk-SK","@id":"https:\/\/dohiku.eu\/sk\/shop\/viazacie-materialy\/nite-lametky-a-drotiky\/kruzkovaci-drotik\/kruzkovaci-drotik-plochy-medium-ndfm-06\/#primaryimage","url":"https:\/\/dohiku.eu\/wp-content\/uploads\/2022\/05\/2641-Flat-Colour-Wire-Medium-Rose-NDFM-06.jpg","contentUrl":"https:\/\/dohiku.eu\/wp-content\/uploads\/2022\/05\/2641-Flat-Colour-Wire-Medium-Rose-NDFM-06.jpg","width":622,"height":800},{"@type":"BreadcrumbList","@id":"https:\/\/dohiku.eu\/sk\/shop\/viazacie-materialy\/nite-lametky-a-drotiky\/kruzkovaci-drotik\/kruzkovaci-drotik-plochy-medium-ndfm-06\/#breadcrumb","itemListElement":[{"@type":"ListItem","position":1,"name":"Home","item":"https:\/\/dohiku.eu\/sk\/"},{"@type":"ListItem","position":2,"name":"PRODUCTS","item":"https:\/\/dohiku.eu\/sk\/products\/"},{"@type":"ListItem","position":3,"name":"Kr\u00fa\u017ekovac\u00ed dr\u00f4tik, ploch\u00fd &#8211; Medium, NDFM 06"}]},{"@type":"WebSite","@id":"https:\/\/dohiku.eu\/sk\/#website","url":"https:\/\/dohiku.eu\/sk\/","name":"DOHIKU","description":"H\u00e1\u010diky DOHIKU s\u00fa vyroben\u00e9 z vysoko uhl\u00edkovej ocele, ktor\u00e1 je kalen\u00e1 a pop\u00fa\u0161\u0165an\u00e1 pod\u013ea presn\u00e9ho receptu.","publisher":{"@id":"https:\/\/dohiku.eu\/sk\/#organization"},"potentialAction":[{"@type":"SearchAction","target":{"@type":"EntryPoint","urlTemplate":"https:\/\/dohiku.eu\/sk\/?s={search_term_string}"},"query-input":{"@type":"PropertyValueSpecification","valueRequired":true,"valueName":"search_term_string"}}],"inLanguage":"sk-SK"},{"@type":"Organization","@id":"https:\/\/dohiku.eu\/sk\/#organization","name":"DOHIKU s.r.o.","url":"https:\/\/dohiku.eu\/sk\/","logo":{"@type":"ImageObject","inLanguage":"sk-SK","@id":"https:\/\/dohiku.eu\/sk\/#\/schema\/logo\/image\/","url":"https:\/\/dohiku.eu\/wp-content\/uploads\/2024\/01\/cropped-dohiku.png","contentUrl":"https:\/\/dohiku.eu\/wp-content\/uploads\/2024\/01\/cropped-dohiku.png","width":137,"height":87,"caption":"DOHIKU s.r.o."},"image":{"@id":"https:\/\/dohiku.eu\/sk\/#\/schema\/logo\/image\/"}}]}},"_links":{"self":[{"href":"https:\/\/dohiku.eu\/sk\/wp-json\/wp\/v2\/product\/6980","targetHints":{"allow":["GET"]}}],"collection":[{"href":"https:\/\/dohiku.eu\/sk\/wp-json\/wp\/v2\/product"}],"about":[{"href":"https:\/\/dohiku.eu\/sk\/wp-json\/wp\/v2\/types\/product"}],"replies":[{"embeddable":true,"href":"https:\/\/dohiku.eu\/sk\/wp-json\/wp\/v2\/comments?post=6980"}],"wp:featuredmedia":[{"embeddable":true,"href":"https:\/\/dohiku.eu\/sk\/wp-json\/wp\/v2\/media\/6728"}],"wp:attachment":[{"href":"https:\/\/dohiku.eu\/sk\/wp-json\/wp\/v2\/media?parent=6980"}],"wp:term":[{"taxonomy":"product_brand","embeddable":true,"href":"https:\/\/dohiku.eu\/sk\/wp-json\/wp\/v2\/product_brand?post=6980"},{"taxonomy":"product_cat","embeddable":true,"href":"https:\/\/dohiku.eu\/sk\/wp-json\/wp\/v2\/product_cat?post=6980"},{"taxonomy":"product_tag","embeddable":true,"href":"https:\/\/dohiku.eu\/sk\/wp-json\/wp\/v2\/product_tag?post=6980"}],"curies":[{"name":"wp","href":"https:\/\/api.w.org\/{rel}","templated":true}]}}